{"id":35110,"date":"2023-08-08T19:08:57","date_gmt":"2023-08-08T17:08:57","guid":{"rendered":"https:\/\/prismagamers.com\/produkt\/postai-2\/"},"modified":"2026-03-05T00:00:42","modified_gmt":"2026-03-04T23:00:42","slug":"postai-2","status":"publish","type":"product","link":"https:\/\/prismagamers.com\/hu\/produkt\/postai-2\/","title":{"rendered":"Postal 2"},"content":{"rendered":"<p>\u00c9lj \u00e1t egy hetet a &#8222;The Dude&#8221;, egy szerencs\u00e9tlen ember \u00e9let\u00e9ben, aki csak a k\u00f6teless\u00e9g\u00e9t pr\u00f3b\u00e1lja teljes\u00edteni. Tejet venni, visszavinni egy k\u00f6nyvet, amit t\u00fal sok\u00e1ig tartottak, autogramot szerezni Gary Colemant\u0151l &#8211; mi baj t\u00f6rt\u00e9nhetne? <\/p>\n<p>T\u00f6rj \u00e1t, alak\u00edtsd \u00e1t \u00e9s t\u00e9pd sz\u00e9t az amerikai karikat\u00far\u00e1kat ebben a szatirikus kalandj\u00e1t\u00e9kban, els\u0151 szem\u00e9ly\u0171 n\u00e9z\u0151pontb\u00f3l. Ismerd meg Crouchot: az \u0151r\u00fclt kabal\u00e1t, l\u00e1togasd meg Dave b\u00e1csit a saj\u00e1t szekt\u00e1s vall\u00e1si t\u00e1bor\u00e1ban, \u00e9s n\u00e9zz szembe a csatorn\u00e1kban bujk\u00e1l\u00f3 t\u00e1libokkal val\u00f3 v\u00e1ratlan tal\u00e1lkoz\u00e1ssal! Er\u0151s\u00f6dj meg, \u00e9s sz\u00e1llj szembe kannib\u00e1l hentessel, korrupt zsarukkal \u00e9s v\u00e9rszomjas elef\u00e1ntokkal. T\u00e1rsaddal, a f\u00e9lv\u00e9r pitbullal, Champ-el egy\u00fctt j\u00e1rj\u00e1tok be a kisz\u00e1m\u00edthatatlan mesters\u00e9ges intelligencia \u00e1ltal ben\u00e9pes\u00edtett ny\u00edlt tereket. Haszn\u00e1lj v\u00e1ltozatos arzen\u00e1lt, az \u00e1s\u00f3t\u00f3l a rak\u00e9tavet\u0151ig.    <\/p>\n<p>Szerezz egy csapat harci kuty\u00e1t! Haszn\u00e1lj macsk\u00e1kat hangtomp\u00edt\u00f3k\u00e9nt! Locsoljatok le \u00e9s \u00f6ntsetek le mindent \u00e9s mindenkit benzinnel! Tudod, hogy erre v\u00e1rt\u00e1l!   <\/p>\n<h2 class=\"bb_tag\">A j\u00e1t\u00e9k jellemz\u0151i:<\/h2>\n<ul class=\"bb_ul\">\n<li>Konfront\u00e1ci\u00f3 kontra passzivit\u00e1s: a POSTAL 2 a lehet\u0151 legbrut\u00e1lisabb<\/li>\n<li>Egy hatalmas, nem line\u00e1ris vil\u00e1g.<\/li>\n<li>Fedezd fel a vil\u00e1got, \u00e9s v\u00e9gezd el a feladatokat, ahogyan j\u00f3nak l\u00e1tod.<\/li>\n<li>K\u00f6lcs\u00f6nhat\u00e1s a k\u00fcl\u00f6nb\u00f6z\u0151 karakterekkel.<\/li>\n<li>T\u00fal\u00e9l\u0151 m\u00f3d: m\u00e9g ha b\u00e9k\u00e9sen akarsz is j\u00e1tszani, akkor is szembe kell n\u00e9zned az \u0151r\u00fclt NPC-kkel!<\/li>\n<li>Az Unreal motoron alapul: K\u00f6nnyen haszn\u00e1lhat\u00f3, m\u00e9gis nagy teljes\u00edtm\u00e9ny\u0171, a k\u00f6z\u00f6ss\u00e9gnek k\u00f6sz\u00f6nhet\u0151en sz\u00e1mos mod el\u00e9rhet\u0151.<\/li>\n<\/ul>\n","protected":false},"excerpt":{"rendered":"<p class=\"ai-optimize-15\">Mer\u00fclj el egy h\u00e9ten \u00e1t a &#8222;Post\u00e1s Haver&#8221; \u00e9let\u00e9ben &#8211; egy h\u00edrhedt figura, aki megpr\u00f3b\u00e1l elv\u00e9gezni n\u00e9h\u00e1ny h\u00e9tk\u00f6znapi munk\u00e1t. Tejv\u00e1s\u00e1rl\u00e1s, egy lej\u00e1rt k\u00f6nyv visszavitele a k\u00f6nyvt\u00e1rba, Gary Coleman autogramj\u00e1nak megszerz\u00e9se &#8211; mi baj t\u00f6rt\u00e9nhetne? <\/p>\n<p class=\"ai-optimize-16\">\ud83c\udf0d Glob\u00e1lis<br \/>\n\u2699\ufe0f Steam<br \/>\n\ud83d\udddd Digit\u00e1lis kulcs<\/p>\n","protected":false},"featured_media":25795,"template":"","meta":{"_acf_changed":false,"site-sidebar-layout":"default","site-content-layout":"default","ast-site-content-layout":"default","site-content-style":"default","site-sidebar-style":"default","ast-global-header-display":"","ast-banner-title-visibility":"","ast-main-header-display":"","ast-hfb-above-header-display":"","ast-hfb-below-header-display":"","ast-hfb-mobile-header-display":"","site-post-title":"","ast-breadcrumbs-content":"","ast-featured-img":"","footer-sml-layout":"","ast-disable-related-posts":"","theme-transparent-header-meta":"default","adv-header-id-meta":"","stick-header-meta":"","header-above-stick-meta":"","header-main-stick-meta":"","header-below-stick-meta":"","astra-migrate-meta-layouts":"default","ast-page-background-enabled":"default","ast-page-background-meta":{"desktop":{"background-color":"var(--ast-global-color-4)","background-image":"","background-repeat":"repeat","background-position":"center center","background-size":"auto","background-attachment":"scroll","background-type":"","background-media":"","overlay-type":"","overlay-color":"","overlay-opacity":"","overlay-gradient":""},"tablet":{"background-color":"","background-image":"","background-repeat":"repeat","background-position":"center center","background-size":"auto","background-attachment":"scroll","background-type":"","background-media":"","overlay-type":"","overlay-color":"","overlay-opacity":"","overlay-gradient":""},"mobile":{"background-color":"","background-image":"","background-repeat":"repeat","background-position":"center center","background-size":"auto","background-attachment":"scroll","background-type":"","background-media":"","overlay-type":"","overlay-color":"","overlay-opacity":"","overlay-gradient":""}},"ast-content-background-meta":{"desktop":{"background-color":"var(--ast-global-color-5)","background-image":"","background-repeat":"repeat","background-position":"center center","background-size":"auto","background-attachment":"scroll","background-type":"","background-media":"","overlay-type":"","overlay-color":"","overlay-opacity":"","overlay-gradient":""},"tablet":{"background-color":"var(--ast-global-color-5)","background-image":"","background-repeat":"repeat","background-position":"center center","background-size":"auto","background-attachment":"scroll","background-type":"","background-media":"","overlay-type":"","overlay-color":"","overlay-opacity":"","overlay-gradient":""},"mobile":{"background-color":"var(--ast-global-color-5)","background-image":"","background-repeat":"repeat","background-position":"center center","background-size":"auto","background-attachment":"scroll","background-type":"","background-media":"","overlay-type":"","overlay-color":"","overlay-opacity":"","overlay-gradient":""}}},"product_brand":[],"product_cat":[371,369,394,363,378,400],"product_tag":[589,542],"class_list":{"0":"post-35110","1":"product","2":"type-product","3":"status-publish","4":"has-post-thumbnail","6":"product_cat-akcio-jatekok","7":"product_cat-csarnokok","8":"product_cat-digitalis-jatekok","9":"product_cat-kaland-jatekok","10":"product_cat-minden-digitalis-jatek","11":"product_cat-olloval-futas","12":"product_tag-may_90","13":"product_tag-pid_04-hu","14":"desktop-align-left","15":"tablet-align-left","16":"mobile-align-left","18":"first","19":"instock","20":"virtual","21":"purchasable","22":"product-type-simple"},"acf":[],"yoast_head":"<!-- This site is optimized with the Yoast SEO Premium plugin v27.4 (Yoast SEO v27.4) - https:\/\/yoast.com\/product\/yoast-seo-premium-wordpress\/ -->\n<title>Postal 2 - Prismagamers.com<\/title>\n<meta name=\"description\" content=\"Mer\u00fclj el egy h\u00e9ten \u00e1t a &quot;Post\u00e1s Haver&quot; \u00e9let\u00e9ben - egy h\u00edrhedt figura, aki megpr\u00f3b\u00e1l elv\u00e9gezni n\u00e9h\u00e1ny h\u00e9tk\u00f6znapi munk\u00e1t. Tejv\u00e1s\u00e1rl\u00e1s, egy lej\u00e1rt k\u00f6nyv visszavitele a k\u00f6nyvt\u00e1rba, Gary Coleman autogramj\u00e1nak megszerz\u00e9se - mi baj t\u00f6rt\u00e9nhetne? \ud83c\udf0d Glob\u00e1lis \u2699\ufe0f Steam \ud83d\udddd Digit\u00e1lis kulcs\" \/>\n<meta name=\"robots\" content=\"index, follow, max-snippet:-1, max-image-preview:large, max-video-preview:-1\" \/>\n<link rel=\"canonical\" href=\"https:\/\/prismagamers.com\/hu\/produkt\/postai-2\/\" \/>\n<meta property=\"og:locale\" content=\"hu_HU\" \/>\n<meta property=\"og:type\" content=\"article\" \/>\n<meta property=\"og:title\" content=\"Postal 2\" \/>\n<meta property=\"og:description\" content=\"Mer\u00fclj el egy h\u00e9ten \u00e1t a &quot;Post\u00e1s Haver&quot; \u00e9let\u00e9ben - egy h\u00edrhedt figura, aki megpr\u00f3b\u00e1l elv\u00e9gezni n\u00e9h\u00e1ny h\u00e9tk\u00f6znapi munk\u00e1t. Tejv\u00e1s\u00e1rl\u00e1s, egy lej\u00e1rt k\u00f6nyv visszavitele a k\u00f6nyvt\u00e1rba, Gary Coleman autogramj\u00e1nak megszerz\u00e9se - mi baj t\u00f6rt\u00e9nhetne? \ud83c\udf0d Glob\u00e1lis \u2699\ufe0f Steam \ud83d\udddd Digit\u00e1lis kulcs\" \/>\n<meta property=\"og:url\" content=\"https:\/\/prismagamers.com\/hu\/produkt\/postai-2\/\" \/>\n<meta property=\"og:site_name\" content=\"Prismagamers.com\" \/>\n<meta property=\"article:publisher\" content=\"https:\/\/www.facebook.com\/prismagamers\" \/>\n<meta property=\"article:modified_time\" content=\"2026-03-04T23:00:42+00:00\" \/>\n<meta property=\"og:image\" content=\"https:\/\/prismagamers.com\/wp-content\/uploads\/2023\/08\/library_600x900_2x.jpg\" \/>\n\t<meta property=\"og:image:width\" content=\"600\" \/>\n\t<meta property=\"og:image:height\" content=\"900\" \/>\n\t<meta property=\"og:image:type\" content=\"image\/jpeg\" \/>\n<meta name=\"twitter:card\" content=\"summary_large_image\" \/>\n<meta name=\"twitter:label1\" content=\"Becs\u00fclt olvas\u00e1si id\u0151\" \/>\n\t<meta name=\"twitter:data1\" content=\"2 perc\" \/>\n<script type=\"application\/ld+json\" class=\"yoast-schema-graph\">{\"@context\":\"https:\\\/\\\/schema.org\",\"@graph\":[{\"@type\":\"WebPage\",\"@id\":\"https:\\\/\\\/prismagamers.com\\\/hu\\\/produkt\\\/postai-2\\\/\",\"url\":\"https:\\\/\\\/prismagamers.com\\\/hu\\\/produkt\\\/postai-2\\\/\",\"name\":\"Postal 2 - Prismagamers.com\",\"isPartOf\":{\"@id\":\"https:\\\/\\\/prismagamers.com\\\/hu\\\/#website\"},\"primaryImageOfPage\":{\"@id\":\"https:\\\/\\\/prismagamers.com\\\/hu\\\/produkt\\\/postai-2\\\/#primaryimage\"},\"image\":{\"@id\":\"https:\\\/\\\/prismagamers.com\\\/hu\\\/produkt\\\/postai-2\\\/#primaryimage\"},\"thumbnailUrl\":\"https:\\\/\\\/prismagamers.com\\\/wp-content\\\/uploads\\\/2023\\\/08\\\/library_600x900_2x.jpg\",\"datePublished\":\"2023-08-08T17:08:57+00:00\",\"dateModified\":\"2026-03-04T23:00:42+00:00\",\"description\":\"Mer\u00fclj el egy h\u00e9ten \u00e1t a \\\"Post\u00e1s Haver\\\" \u00e9let\u00e9ben - egy h\u00edrhedt figura, aki megpr\u00f3b\u00e1l elv\u00e9gezni n\u00e9h\u00e1ny h\u00e9tk\u00f6znapi munk\u00e1t. Tejv\u00e1s\u00e1rl\u00e1s, egy lej\u00e1rt k\u00f6nyv visszavitele a k\u00f6nyvt\u00e1rba, Gary Coleman autogramj\u00e1nak megszerz\u00e9se - mi baj t\u00f6rt\u00e9nhetne? \ud83c\udf0d Glob\u00e1lis \u2699\ufe0f Steam \ud83d\udddd Digit\u00e1lis kulcs\",\"breadcrumb\":{\"@id\":\"https:\\\/\\\/prismagamers.com\\\/hu\\\/produkt\\\/postai-2\\\/#breadcrumb\"},\"inLanguage\":\"hu\",\"potentialAction\":[{\"@type\":\"ReadAction\",\"target\":[\"https:\\\/\\\/prismagamers.com\\\/hu\\\/produkt\\\/postai-2\\\/\"]}]},{\"@type\":\"ImageObject\",\"inLanguage\":\"hu\",\"@id\":\"https:\\\/\\\/prismagamers.com\\\/hu\\\/produkt\\\/postai-2\\\/#primaryimage\",\"url\":\"https:\\\/\\\/prismagamers.com\\\/wp-content\\\/uploads\\\/2023\\\/08\\\/library_600x900_2x.jpg\",\"contentUrl\":\"https:\\\/\\\/prismagamers.com\\\/wp-content\\\/uploads\\\/2023\\\/08\\\/library_600x900_2x.jpg\",\"width\":600,\"height\":900},{\"@type\":\"BreadcrumbList\",\"@id\":\"https:\\\/\\\/prismagamers.com\\\/hu\\\/produkt\\\/postai-2\\\/#breadcrumb\",\"itemListElement\":[{\"@type\":\"ListItem\",\"position\":1,\"name\":\"Strona g\u0142\u00f3wna\",\"item\":\"https:\\\/\\\/prismagamers.com\\\/hu\\\/prismagamers\\\/\"},{\"@type\":\"ListItem\",\"position\":2,\"name\":\"Shop\",\"item\":\"https:\\\/\\\/prismagamers.com\\\/hu\\\/shop\\\/\"},{\"@type\":\"ListItem\",\"position\":3,\"name\":\"Postal 2\"}]},{\"@type\":\"WebSite\",\"@id\":\"https:\\\/\\\/prismagamers.com\\\/hu\\\/#website\",\"url\":\"https:\\\/\\\/prismagamers.com\\\/hu\\\/\",\"name\":\"Prismagamers\",\"description\":\"Sklep z grami PC I Sklep klucze Steam\",\"publisher\":{\"@id\":\"https:\\\/\\\/prismagamers.com\\\/hu\\\/#organization\"},\"potentialAction\":[{\"@type\":\"SearchAction\",\"target\":{\"@type\":\"EntryPoint\",\"urlTemplate\":\"https:\\\/\\\/prismagamers.com\\\/hu\\\/?s={search_term_string}\"},\"query-input\":{\"@type\":\"PropertyValueSpecification\",\"valueRequired\":true,\"valueName\":\"search_term_string\"}}],\"inLanguage\":\"hu\"},{\"@type\":\"Organization\",\"@id\":\"https:\\\/\\\/prismagamers.com\\\/hu\\\/#organization\",\"name\":\"Prismagamers\",\"url\":\"https:\\\/\\\/prismagamers.com\\\/hu\\\/\",\"logo\":{\"@type\":\"ImageObject\",\"inLanguage\":\"hu\",\"@id\":\"https:\\\/\\\/prismagamers.com\\\/hu\\\/#\\\/schema\\\/logo\\\/image\\\/\",\"url\":\"https:\\\/\\\/prismagamers.com\\\/wp-content\\\/uploads\\\/2022\\\/04\\\/cropped-logo-Prismagamers-01-scaled-1.jpg\",\"contentUrl\":\"https:\\\/\\\/prismagamers.com\\\/wp-content\\\/uploads\\\/2022\\\/04\\\/cropped-logo-Prismagamers-01-scaled-1.jpg\",\"width\":512,\"height\":512,\"caption\":\"Prismagamers\"},\"image\":{\"@id\":\"https:\\\/\\\/prismagamers.com\\\/hu\\\/#\\\/schema\\\/logo\\\/image\\\/\"},\"sameAs\":[\"https:\\\/\\\/www.facebook.com\\\/prismagamers\",\"https:\\\/\\\/www.instagram.com\\\/prismagamers_grycyfrowe\\\/\"],\"description\":\"Prismagamers.com to dynamiczny sklep z grami cyfrowymi, stworzony z my\u015bl\u0105 o entuzjastach gier wideo. Nasza strona oferuje szerok\u0105 gam\u0119 gier komputerowych, w tym najnowsze tytu\u0142y, dobrze znane klasyki oraz gry stworzone przez niezale\u017cne studia Ca\u0142y czas d\u0105\u017cymy do rozszerzenia naszej oferty. Do\u0142\u0105cz do nas i sta\u0144 si\u0119 cz\u0119\u015bci\u0105 naszej rosn\u0105cej spo\u0142eczno\u015bci graczy!\",\"email\":\"shop@prismagamers.com\",\"telephone\":\"48795541705\",\"legalName\":\"East Caravan Maksym \u017bukow\",\"foundingDate\":\"2012-05-10\",\"vatID\":\"PL8943038612\",\"taxID\":\"PL8943038612\",\"numberOfEmployees\":{\"@type\":\"QuantitativeValue\",\"minValue\":\"11\",\"maxValue\":\"50\"}}]}<\/script>\n<!-- \/ Yoast SEO Premium plugin. -->","yoast_head_json":{"title":"Postal 2 - Prismagamers.com","description":"Mer\u00fclj el egy h\u00e9ten \u00e1t a \"Post\u00e1s Haver\" \u00e9let\u00e9ben - egy h\u00edrhedt figura, aki megpr\u00f3b\u00e1l elv\u00e9gezni n\u00e9h\u00e1ny h\u00e9tk\u00f6znapi munk\u00e1t. Tejv\u00e1s\u00e1rl\u00e1s, egy lej\u00e1rt k\u00f6nyv visszavitele a k\u00f6nyvt\u00e1rba, Gary Coleman autogramj\u00e1nak megszerz\u00e9se - mi baj t\u00f6rt\u00e9nhetne? \ud83c\udf0d Glob\u00e1lis \u2699\ufe0f Steam \ud83d\udddd Digit\u00e1lis kulcs","robots":{"index":"index","follow":"follow","max-snippet":"max-snippet:-1","max-image-preview":"max-image-preview:large","max-video-preview":"max-video-preview:-1"},"canonical":"https:\/\/prismagamers.com\/hu\/produkt\/postai-2\/","og_locale":"hu_HU","og_type":"article","og_title":"Postal 2","og_description":"Mer\u00fclj el egy h\u00e9ten \u00e1t a \"Post\u00e1s Haver\" \u00e9let\u00e9ben - egy h\u00edrhedt figura, aki megpr\u00f3b\u00e1l elv\u00e9gezni n\u00e9h\u00e1ny h\u00e9tk\u00f6znapi munk\u00e1t. Tejv\u00e1s\u00e1rl\u00e1s, egy lej\u00e1rt k\u00f6nyv visszavitele a k\u00f6nyvt\u00e1rba, Gary Coleman autogramj\u00e1nak megszerz\u00e9se - mi baj t\u00f6rt\u00e9nhetne? \ud83c\udf0d Glob\u00e1lis \u2699\ufe0f Steam \ud83d\udddd Digit\u00e1lis kulcs","og_url":"https:\/\/prismagamers.com\/hu\/produkt\/postai-2\/","og_site_name":"Prismagamers.com","article_publisher":"https:\/\/www.facebook.com\/prismagamers","article_modified_time":"2026-03-04T23:00:42+00:00","og_image":[{"width":600,"height":900,"url":"https:\/\/prismagamers.com\/wp-content\/uploads\/2023\/08\/library_600x900_2x.jpg","type":"image\/jpeg"}],"twitter_card":"summary_large_image","twitter_misc":{"Becs\u00fclt olvas\u00e1si id\u0151":"2 perc"},"schema":{"@context":"https:\/\/schema.org","@graph":[{"@type":"WebPage","@id":"https:\/\/prismagamers.com\/hu\/produkt\/postai-2\/","url":"https:\/\/prismagamers.com\/hu\/produkt\/postai-2\/","name":"Postal 2 - Prismagamers.com","isPartOf":{"@id":"https:\/\/prismagamers.com\/hu\/#website"},"primaryImageOfPage":{"@id":"https:\/\/prismagamers.com\/hu\/produkt\/postai-2\/#primaryimage"},"image":{"@id":"https:\/\/prismagamers.com\/hu\/produkt\/postai-2\/#primaryimage"},"thumbnailUrl":"https:\/\/prismagamers.com\/wp-content\/uploads\/2023\/08\/library_600x900_2x.jpg","datePublished":"2023-08-08T17:08:57+00:00","dateModified":"2026-03-04T23:00:42+00:00","description":"Mer\u00fclj el egy h\u00e9ten \u00e1t a \"Post\u00e1s Haver\" \u00e9let\u00e9ben - egy h\u00edrhedt figura, aki megpr\u00f3b\u00e1l elv\u00e9gezni n\u00e9h\u00e1ny h\u00e9tk\u00f6znapi munk\u00e1t. Tejv\u00e1s\u00e1rl\u00e1s, egy lej\u00e1rt k\u00f6nyv visszavitele a k\u00f6nyvt\u00e1rba, Gary Coleman autogramj\u00e1nak megszerz\u00e9se - mi baj t\u00f6rt\u00e9nhetne? \ud83c\udf0d Glob\u00e1lis \u2699\ufe0f Steam \ud83d\udddd Digit\u00e1lis kulcs","breadcrumb":{"@id":"https:\/\/prismagamers.com\/hu\/produkt\/postai-2\/#breadcrumb"},"inLanguage":"hu","potentialAction":[{"@type":"ReadAction","target":["https:\/\/prismagamers.com\/hu\/produkt\/postai-2\/"]}]},{"@type":"ImageObject","inLanguage":"hu","@id":"https:\/\/prismagamers.com\/hu\/produkt\/postai-2\/#primaryimage","url":"https:\/\/prismagamers.com\/wp-content\/uploads\/2023\/08\/library_600x900_2x.jpg","contentUrl":"https:\/\/prismagamers.com\/wp-content\/uploads\/2023\/08\/library_600x900_2x.jpg","width":600,"height":900},{"@type":"BreadcrumbList","@id":"https:\/\/prismagamers.com\/hu\/produkt\/postai-2\/#breadcrumb","itemListElement":[{"@type":"ListItem","position":1,"name":"Strona g\u0142\u00f3wna","item":"https:\/\/prismagamers.com\/hu\/prismagamers\/"},{"@type":"ListItem","position":2,"name":"Shop","item":"https:\/\/prismagamers.com\/hu\/shop\/"},{"@type":"ListItem","position":3,"name":"Postal 2"}]},{"@type":"WebSite","@id":"https:\/\/prismagamers.com\/hu\/#website","url":"https:\/\/prismagamers.com\/hu\/","name":"Prismagamers","description":"Sklep z grami PC I Sklep klucze Steam","publisher":{"@id":"https:\/\/prismagamers.com\/hu\/#organization"},"potentialAction":[{"@type":"SearchAction","target":{"@type":"EntryPoint","urlTemplate":"https:\/\/prismagamers.com\/hu\/?s={search_term_string}"},"query-input":{"@type":"PropertyValueSpecification","valueRequired":true,"valueName":"search_term_string"}}],"inLanguage":"hu"},{"@type":"Organization","@id":"https:\/\/prismagamers.com\/hu\/#organization","name":"Prismagamers","url":"https:\/\/prismagamers.com\/hu\/","logo":{"@type":"ImageObject","inLanguage":"hu","@id":"https:\/\/prismagamers.com\/hu\/#\/schema\/logo\/image\/","url":"https:\/\/prismagamers.com\/wp-content\/uploads\/2022\/04\/cropped-logo-Prismagamers-01-scaled-1.jpg","contentUrl":"https:\/\/prismagamers.com\/wp-content\/uploads\/2022\/04\/cropped-logo-Prismagamers-01-scaled-1.jpg","width":512,"height":512,"caption":"Prismagamers"},"image":{"@id":"https:\/\/prismagamers.com\/hu\/#\/schema\/logo\/image\/"},"sameAs":["https:\/\/www.facebook.com\/prismagamers","https:\/\/www.instagram.com\/prismagamers_grycyfrowe\/"],"description":"Prismagamers.com to dynamiczny sklep z grami cyfrowymi, stworzony z my\u015bl\u0105 o entuzjastach gier wideo. Nasza strona oferuje szerok\u0105 gam\u0119 gier komputerowych, w tym najnowsze tytu\u0142y, dobrze znane klasyki oraz gry stworzone przez niezale\u017cne studia Ca\u0142y czas d\u0105\u017cymy do rozszerzenia naszej oferty. Do\u0142\u0105cz do nas i sta\u0144 si\u0119 cz\u0119\u015bci\u0105 naszej rosn\u0105cej spo\u0142eczno\u015bci graczy!","email":"shop@prismagamers.com","telephone":"48795541705","legalName":"East Caravan Maksym \u017bukow","foundingDate":"2012-05-10","vatID":"PL8943038612","taxID":"PL8943038612","numberOfEmployees":{"@type":"QuantitativeValue","minValue":"11","maxValue":"50"}}]}},"_links":{"self":[{"href":"https:\/\/prismagamers.com\/hu\/wp-json\/wp\/v2\/product\/35110","targetHints":{"allow":["GET"]}}],"collection":[{"href":"https:\/\/prismagamers.com\/hu\/wp-json\/wp\/v2\/product"}],"about":[{"href":"https:\/\/prismagamers.com\/hu\/wp-json\/wp\/v2\/types\/product"}],"wp:featuredmedia":[{"embeddable":true,"href":"https:\/\/prismagamers.com\/hu\/wp-json\/wp\/v2\/media\/25795"}],"wp:attachment":[{"href":"https:\/\/prismagamers.com\/hu\/wp-json\/wp\/v2\/media?parent=35110"}],"wp:term":[{"taxonomy":"product_brand","embeddable":true,"href":"https:\/\/prismagamers.com\/hu\/wp-json\/wp\/v2\/product_brand?post=35110"},{"taxonomy":"product_cat","embeddable":true,"href":"https:\/\/prismagamers.com\/hu\/wp-json\/wp\/v2\/product_cat?post=35110"},{"taxonomy":"product_tag","embeddable":true,"href":"https:\/\/prismagamers.com\/hu\/wp-json\/wp\/v2\/product_tag?post=35110"}],"curies":[{"name":"wp","href":"https:\/\/api.w.org\/{rel}","templated":true}]}}