{"id":35115,"date":"2025-01-06T15:54:53","date_gmt":"2025-01-06T14:54:53","guid":{"rendered":"https:\/\/prismagamers.com\/produkt\/3d-minigolf\/"},"modified":"2026-03-05T00:00:35","modified_gmt":"2026-03-04T23:00:35","slug":"3d-minigolf","status":"publish","type":"product","link":"https:\/\/prismagamers.com\/hu\/produkt\/3d-minigolf\/","title":{"rendered":"3D MiniGolf"},"content":{"rendered":"<p>Tapasztald meg a virtu\u00e1lis MiniGolfot a sz\u00e1m\u00edt\u00f3g\u00e9peden, \u00e9s saj\u00e1t\u00edtsd el az izgalmas j\u00e1t\u00e9kmenetet a t\u00f6bb mint 54 kih\u00edv\u00e1st jelent\u0151 lyukon, amelyek k\u00f6z\u00fcl 18-at a val\u00f3 vil\u00e1g hivatalos golfp\u00e1ly\u00e1i alapj\u00e1n h\u0171en reproduk\u00e1ltak. H\u00e1rom helysz\u00edn leny\u0171g\u00f6z\u0151 HD min\u0151s\u00e9gben v\u00e1rja az ig\u00e9nyes minigolfrajong\u00f3kat: egy b\u00e1jos z\u00f6ld park, egy kemping a hegyekben \u00e9s egy \u00e1lomszer\u0171 homokos tengerpart. Hozzon l\u00e9tre saj\u00e1t profilt, hogy nyomon k\u00f6vethesse statisztik\u00e1it. A be\u00e9p\u00edtett \u00e9remrendszerrel virtu\u00e1lis d\u00edjakat szerezhetsz a legjobb meccseid\u00e9rt. Pr\u00f3b\u00e1ld meg jav\u00edtani saj\u00e1t rekordjaidat a Challenge \u00e9s a Tournament m\u00f3dban, vagy sz\u00e1llj szembe bar\u00e1taiddal a t\u00f6bbj\u00e1t\u00e9kos m\u00f3dban. \u00c9lvezd az izgalmas m\u00e9rk\u0151z\u00e9seket 2-4 j\u00e1t\u00e9kossal.     <\/p>\n<p><strong>Jellemz\u0151k:<\/strong><\/p>\n<ul>\n<li>3 teljesen k\u00fcl\u00f6nb\u00f6z\u0151 forgat\u00f3k\u00f6nyv (park, kemping, strand)<\/li>\n<li>\u00d6sszesen 54 kih\u00edv\u00e1st jelent\u0151 lyuk<\/li>\n<li>18 hivatalos verseny lyuk<\/li>\n<li>Korszer\u0171 HD grafika<\/li>\n<li>K\u00e9t izgalmas egyj\u00e1t\u00e9kos m\u00f3d: Kih\u00edv\u00f3k \u00e9s Verseny<\/li>\n<li>Helyi t\u00f6bbj\u00e1t\u00e9kos m\u00f3dok 2-4 j\u00e1t\u00e9kos sz\u00e1m\u00e1ra &#8211; t\u00f6bbj\u00e1t\u00e9kos m\u00f3d egy sz\u00e1m\u00edt\u00f3g\u00e9pen, nem online.<\/li>\n<li>\u00c9remrendszer (Achievements)<\/li>\n<li>Profilrendszer az egyes j\u00e1t\u00e9kosok j\u00e1t\u00e9kstatisztik\u00e1ival<\/li>\n<\/ul>\n","protected":false},"excerpt":{"rendered":"<div class=\"flex max-w-full flex-col flex-grow\">\n<div class=\"min-h-8 text-message flex w-full flex-col items-end gap-2 whitespace-normal break-words text-start [.text-message+&amp;]:mt-5\" dir=\"auto\" data-message-author-role=\"assistant\" data-message-id=\"e4d21469-b5cc-4196-95fc-04df40b8a2c4\" data-message-model-slug=\"gpt-4o-mini\">\n<div class=\"flex w-full flex-col gap-1 empty:hidden first:pt-[3px]\">\n<div class=\"markdown prose w-full break-words dark:prose-invert light\">\n<p>Pontos\u00edtsd a pontsz\u00e1mot ezen a sportesem\u00e9nyen a MiniGolf 54 kih\u00edv\u00e1st jelent\u0151 lyuk\u00e1n! A h\u00e1rom k\u00fcl\u00f6nb\u00f6z\u0151 forgat\u00f3k\u00f6nyvvel a MiniGolf szerelmesei k\u00e9t sz\u00f3l\u00f3 m\u00f3dban \u00e9lvezhetik a j\u00e1t\u00e9kot, vagy h\u00e1rom m\u00e1sik j\u00e1t\u00e9kossal versenyezhetnek t\u00f6bbj\u00e1t\u00e9kos m\u00f3dban, egyetlen sz\u00e1m\u00edt\u00f3g\u00e9pen. <\/p>\n<p>\ud83c\udf0d Glob\u00e1lis<br \/>\n\u2699\ufe0f Steam<br \/>\n\ud83d\udddd Digit\u00e1lis kulcs<\/p>\n<\/div>\n<\/div>\n<\/div>\n<\/div>\n","protected":false},"featured_media":33570,"template":"","meta":{"_acf_changed":false,"site-sidebar-layout":"default","site-content-layout":"","ast-site-content-layout":"default","site-content-style":"default","site-sidebar-style":"default","ast-global-header-display":"","ast-banner-title-visibility":"","ast-main-header-display":"","ast-hfb-above-header-display":"","ast-hfb-below-header-display":"","ast-hfb-mobile-header-display":"","site-post-title":"","ast-breadcrumbs-content":"","ast-featured-img":"","footer-sml-layout":"","ast-disable-related-posts":"","theme-transparent-header-meta":"default","adv-header-id-meta":"","stick-header-meta":"","header-above-stick-meta":"","header-main-stick-meta":"","header-below-stick-meta":"","astra-migrate-meta-layouts":"default","ast-page-background-enabled":"default","ast-page-background-meta":{"desktop":{"background-color":"var(--ast-global-color-4)","background-image":"","background-repeat":"repeat","background-position":"center center","background-size":"auto","background-attachment":"scroll","background-type":"","background-media":"","overlay-type":"","overlay-color":"","overlay-opacity":"","overlay-gradient":""},"tablet":{"background-color":"","background-image":"","background-repeat":"repeat","background-position":"center center","background-size":"auto","background-attachment":"scroll","background-type":"","background-media":"","overlay-type":"","overlay-color":"","overlay-opacity":"","overlay-gradient":""},"mobile":{"background-color":"","background-image":"","background-repeat":"repeat","background-position":"center center","background-size":"auto","background-attachment":"scroll","background-type":"","background-media":"","overlay-type":"","overlay-color":"","overlay-opacity":"","overlay-gradient":""}},"ast-content-background-meta":{"desktop":{"background-color":"var(--ast-global-color-5)","background-image":"","background-repeat":"repeat","background-position":"center center","background-size":"auto","background-attachment":"scroll","background-type":"","background-media":"","overlay-type":"","overlay-color":"","overlay-opacity":"","overlay-gradient":""},"tablet":{"background-color":"var(--ast-global-color-5)","background-image":"","background-repeat":"repeat","background-position":"center center","background-size":"auto","background-attachment":"scroll","background-type":"","background-media":"","overlay-type":"","overlay-color":"","overlay-opacity":"","overlay-gradient":""},"mobile":{"background-color":"var(--ast-global-color-5)","background-image":"","background-repeat":"repeat","background-position":"center center","background-size":"auto","background-attachment":"scroll","background-type":"","background-media":"","overlay-type":"","overlay-color":"","overlay-opacity":"","overlay-gradient":""}}},"product_brand":[],"product_cat":[401,369,365,372,367,380,376],"product_tag":[],"class_list":{"0":"post-35115","1":"product","2":"type-product","3":"status-publish","4":"has-post-thumbnail","6":"product_cat-csaladi-jatek","7":"product_cat-csarnokok","8":"product_cat-goz","9":"product_cat-jatekok-szimulatorok","10":"product_cat-pc-jatekok","11":"product_cat-rokaplay-hu","12":"product_cat-sport-jatekok","13":"desktop-align-left","14":"tablet-align-left","15":"mobile-align-left","17":"first","18":"instock","19":"virtual","20":"purchasable","21":"product-type-simple"},"acf":[],"yoast_head":"<!-- This site is optimized with the Yoast SEO Premium plugin v27.4 (Yoast SEO v27.4) - https:\/\/yoast.com\/product\/yoast-seo-premium-wordpress\/ -->\n<title>3D MiniGolf - Prismagamers.com<\/title>\n<meta name=\"description\" content=\"Pontos\u00edtsd a pontsz\u00e1mot ezen a sportesem\u00e9nyen a MiniGolf 54 kih\u00edv\u00e1st jelent\u0151 lyuk\u00e1n! A h\u00e1rom k\u00fcl\u00f6nb\u00f6z\u0151 forgat\u00f3k\u00f6nyvvel a MiniGolf szerelmesei k\u00e9t sz\u00f3l\u00f3 m\u00f3dban \u00e9lvezhetik a j\u00e1t\u00e9kot, vagy h\u00e1rom m\u00e1sik j\u00e1t\u00e9kossal versenyezhetnek t\u00f6bbj\u00e1t\u00e9kos m\u00f3dban, egyetlen sz\u00e1m\u00edt\u00f3g\u00e9pen.  \ud83c\udf0d Glob\u00e1lis \u2699\ufe0f Steam \ud83d\udddd Digit\u00e1lis kulcs\" \/>\n<meta name=\"robots\" content=\"index, follow, max-snippet:-1, max-image-preview:large, max-video-preview:-1\" \/>\n<link rel=\"canonical\" href=\"https:\/\/prismagamers.com\/hu\/produkt\/3d-minigolf\/\" \/>\n<meta property=\"og:locale\" content=\"hu_HU\" \/>\n<meta property=\"og:type\" content=\"article\" \/>\n<meta property=\"og:title\" content=\"3D MiniGolf\" \/>\n<meta property=\"og:description\" content=\"Pontos\u00edtsd a pontsz\u00e1mot ezen a sportesem\u00e9nyen a MiniGolf 54 kih\u00edv\u00e1st jelent\u0151 lyuk\u00e1n! A h\u00e1rom k\u00fcl\u00f6nb\u00f6z\u0151 forgat\u00f3k\u00f6nyvvel a MiniGolf szerelmesei k\u00e9t sz\u00f3l\u00f3 m\u00f3dban \u00e9lvezhetik a j\u00e1t\u00e9kot, vagy h\u00e1rom m\u00e1sik j\u00e1t\u00e9kossal versenyezhetnek t\u00f6bbj\u00e1t\u00e9kos m\u00f3dban, egyetlen sz\u00e1m\u00edt\u00f3g\u00e9pen.  \ud83c\udf0d Glob\u00e1lis \u2699\ufe0f Steam \ud83d\udddd Digit\u00e1lis kulcs\" \/>\n<meta property=\"og:url\" content=\"https:\/\/prismagamers.com\/hu\/produkt\/3d-minigolf\/\" \/>\n<meta property=\"og:site_name\" content=\"Prismagamers.com\" \/>\n<meta property=\"article:publisher\" content=\"https:\/\/www.facebook.com\/prismagamers\" \/>\n<meta property=\"article:modified_time\" content=\"2026-03-04T23:00:35+00:00\" \/>\n<meta property=\"og:image\" content=\"https:\/\/prismagamers.com\/wp-content\/uploads\/2025\/01\/3DMiniGolf-Boxshot-1-scaled-e1736175222241.jpg\" \/>\n\t<meta property=\"og:image:width\" content=\"300\" \/>\n\t<meta property=\"og:image:height\" content=\"450\" \/>\n\t<meta property=\"og:image:type\" content=\"image\/jpeg\" \/>\n<meta name=\"twitter:card\" content=\"summary_large_image\" \/>\n<meta name=\"twitter:label1\" content=\"Becs\u00fclt olvas\u00e1si id\u0151\" \/>\n\t<meta name=\"twitter:data1\" content=\"1 perc\" \/>\n<script type=\"application\/ld+json\" class=\"yoast-schema-graph\">{\"@context\":\"https:\\\/\\\/schema.org\",\"@graph\":[{\"@type\":\"WebPage\",\"@id\":\"https:\\\/\\\/prismagamers.com\\\/hu\\\/produkt\\\/3d-minigolf\\\/\",\"url\":\"https:\\\/\\\/prismagamers.com\\\/hu\\\/produkt\\\/3d-minigolf\\\/\",\"name\":\"3D MiniGolf - Prismagamers.com\",\"isPartOf\":{\"@id\":\"https:\\\/\\\/prismagamers.com\\\/hu\\\/#website\"},\"primaryImageOfPage\":{\"@id\":\"https:\\\/\\\/prismagamers.com\\\/hu\\\/produkt\\\/3d-minigolf\\\/#primaryimage\"},\"image\":{\"@id\":\"https:\\\/\\\/prismagamers.com\\\/hu\\\/produkt\\\/3d-minigolf\\\/#primaryimage\"},\"thumbnailUrl\":\"https:\\\/\\\/prismagamers.com\\\/wp-content\\\/uploads\\\/2025\\\/01\\\/3DMiniGolf-Boxshot-1-scaled-e1736175222241.jpg\",\"datePublished\":\"2025-01-06T14:54:53+00:00\",\"dateModified\":\"2026-03-04T23:00:35+00:00\",\"description\":\"Pontos\u00edtsd a pontsz\u00e1mot ezen a sportesem\u00e9nyen a MiniGolf 54 kih\u00edv\u00e1st jelent\u0151 lyuk\u00e1n! A h\u00e1rom k\u00fcl\u00f6nb\u00f6z\u0151 forgat\u00f3k\u00f6nyvvel a MiniGolf szerelmesei k\u00e9t sz\u00f3l\u00f3 m\u00f3dban \u00e9lvezhetik a j\u00e1t\u00e9kot, vagy h\u00e1rom m\u00e1sik j\u00e1t\u00e9kossal versenyezhetnek t\u00f6bbj\u00e1t\u00e9kos m\u00f3dban, egyetlen sz\u00e1m\u00edt\u00f3g\u00e9pen. \ud83c\udf0d Glob\u00e1lis \u2699\ufe0f Steam \ud83d\udddd Digit\u00e1lis kulcs\",\"breadcrumb\":{\"@id\":\"https:\\\/\\\/prismagamers.com\\\/hu\\\/produkt\\\/3d-minigolf\\\/#breadcrumb\"},\"inLanguage\":\"hu\",\"potentialAction\":[{\"@type\":\"ReadAction\",\"target\":[\"https:\\\/\\\/prismagamers.com\\\/hu\\\/produkt\\\/3d-minigolf\\\/\"]}]},{\"@type\":\"ImageObject\",\"inLanguage\":\"hu\",\"@id\":\"https:\\\/\\\/prismagamers.com\\\/hu\\\/produkt\\\/3d-minigolf\\\/#primaryimage\",\"url\":\"https:\\\/\\\/prismagamers.com\\\/wp-content\\\/uploads\\\/2025\\\/01\\\/3DMiniGolf-Boxshot-1-scaled-e1736175222241.jpg\",\"contentUrl\":\"https:\\\/\\\/prismagamers.com\\\/wp-content\\\/uploads\\\/2025\\\/01\\\/3DMiniGolf-Boxshot-1-scaled-e1736175222241.jpg\",\"width\":300,\"height\":450},{\"@type\":\"BreadcrumbList\",\"@id\":\"https:\\\/\\\/prismagamers.com\\\/hu\\\/produkt\\\/3d-minigolf\\\/#breadcrumb\",\"itemListElement\":[{\"@type\":\"ListItem\",\"position\":1,\"name\":\"Strona g\u0142\u00f3wna\",\"item\":\"https:\\\/\\\/prismagamers.com\\\/hu\\\/prismagamers\\\/\"},{\"@type\":\"ListItem\",\"position\":2,\"name\":\"Shop\",\"item\":\"https:\\\/\\\/prismagamers.com\\\/hu\\\/shop\\\/\"},{\"@type\":\"ListItem\",\"position\":3,\"name\":\"3D MiniGolf\"}]},{\"@type\":\"WebSite\",\"@id\":\"https:\\\/\\\/prismagamers.com\\\/hu\\\/#website\",\"url\":\"https:\\\/\\\/prismagamers.com\\\/hu\\\/\",\"name\":\"Prismagamers\",\"description\":\"Sklep z grami PC I Sklep klucze Steam\",\"publisher\":{\"@id\":\"https:\\\/\\\/prismagamers.com\\\/hu\\\/#organization\"},\"potentialAction\":[{\"@type\":\"SearchAction\",\"target\":{\"@type\":\"EntryPoint\",\"urlTemplate\":\"https:\\\/\\\/prismagamers.com\\\/hu\\\/?s={search_term_string}\"},\"query-input\":{\"@type\":\"PropertyValueSpecification\",\"valueRequired\":true,\"valueName\":\"search_term_string\"}}],\"inLanguage\":\"hu\"},{\"@type\":\"Organization\",\"@id\":\"https:\\\/\\\/prismagamers.com\\\/hu\\\/#organization\",\"name\":\"Prismagamers\",\"url\":\"https:\\\/\\\/prismagamers.com\\\/hu\\\/\",\"logo\":{\"@type\":\"ImageObject\",\"inLanguage\":\"hu\",\"@id\":\"https:\\\/\\\/prismagamers.com\\\/hu\\\/#\\\/schema\\\/logo\\\/image\\\/\",\"url\":\"https:\\\/\\\/prismagamers.com\\\/wp-content\\\/uploads\\\/2022\\\/04\\\/cropped-logo-Prismagamers-01-scaled-1.jpg\",\"contentUrl\":\"https:\\\/\\\/prismagamers.com\\\/wp-content\\\/uploads\\\/2022\\\/04\\\/cropped-logo-Prismagamers-01-scaled-1.jpg\",\"width\":512,\"height\":512,\"caption\":\"Prismagamers\"},\"image\":{\"@id\":\"https:\\\/\\\/prismagamers.com\\\/hu\\\/#\\\/schema\\\/logo\\\/image\\\/\"},\"sameAs\":[\"https:\\\/\\\/www.facebook.com\\\/prismagamers\",\"https:\\\/\\\/www.instagram.com\\\/prismagamers_grycyfrowe\\\/\"],\"description\":\"Prismagamers.com to dynamiczny sklep z grami cyfrowymi, stworzony z my\u015bl\u0105 o entuzjastach gier wideo. Nasza strona oferuje szerok\u0105 gam\u0119 gier komputerowych, w tym najnowsze tytu\u0142y, dobrze znane klasyki oraz gry stworzone przez niezale\u017cne studia Ca\u0142y czas d\u0105\u017cymy do rozszerzenia naszej oferty. Do\u0142\u0105cz do nas i sta\u0144 si\u0119 cz\u0119\u015bci\u0105 naszej rosn\u0105cej spo\u0142eczno\u015bci graczy!\",\"email\":\"shop@prismagamers.com\",\"telephone\":\"48795541705\",\"legalName\":\"East Caravan Maksym \u017bukow\",\"foundingDate\":\"2012-05-10\",\"vatID\":\"PL8943038612\",\"taxID\":\"PL8943038612\",\"numberOfEmployees\":{\"@type\":\"QuantitativeValue\",\"minValue\":\"11\",\"maxValue\":\"50\"}}]}<\/script>\n<!-- \/ Yoast SEO Premium plugin. -->","yoast_head_json":{"title":"3D MiniGolf - Prismagamers.com","description":"Pontos\u00edtsd a pontsz\u00e1mot ezen a sportesem\u00e9nyen a MiniGolf 54 kih\u00edv\u00e1st jelent\u0151 lyuk\u00e1n! A h\u00e1rom k\u00fcl\u00f6nb\u00f6z\u0151 forgat\u00f3k\u00f6nyvvel a MiniGolf szerelmesei k\u00e9t sz\u00f3l\u00f3 m\u00f3dban \u00e9lvezhetik a j\u00e1t\u00e9kot, vagy h\u00e1rom m\u00e1sik j\u00e1t\u00e9kossal versenyezhetnek t\u00f6bbj\u00e1t\u00e9kos m\u00f3dban, egyetlen sz\u00e1m\u00edt\u00f3g\u00e9pen.  \ud83c\udf0d Glob\u00e1lis \u2699\ufe0f Steam \ud83d\udddd Digit\u00e1lis kulcs","robots":{"index":"index","follow":"follow","max-snippet":"max-snippet:-1","max-image-preview":"max-image-preview:large","max-video-preview":"max-video-preview:-1"},"canonical":"https:\/\/prismagamers.com\/hu\/produkt\/3d-minigolf\/","og_locale":"hu_HU","og_type":"article","og_title":"3D MiniGolf","og_description":"Pontos\u00edtsd a pontsz\u00e1mot ezen a sportesem\u00e9nyen a MiniGolf 54 kih\u00edv\u00e1st jelent\u0151 lyuk\u00e1n! A h\u00e1rom k\u00fcl\u00f6nb\u00f6z\u0151 forgat\u00f3k\u00f6nyvvel a MiniGolf szerelmesei k\u00e9t sz\u00f3l\u00f3 m\u00f3dban \u00e9lvezhetik a j\u00e1t\u00e9kot, vagy h\u00e1rom m\u00e1sik j\u00e1t\u00e9kossal versenyezhetnek t\u00f6bbj\u00e1t\u00e9kos m\u00f3dban, egyetlen sz\u00e1m\u00edt\u00f3g\u00e9pen.  \ud83c\udf0d Glob\u00e1lis \u2699\ufe0f Steam \ud83d\udddd Digit\u00e1lis kulcs","og_url":"https:\/\/prismagamers.com\/hu\/produkt\/3d-minigolf\/","og_site_name":"Prismagamers.com","article_publisher":"https:\/\/www.facebook.com\/prismagamers","article_modified_time":"2026-03-04T23:00:35+00:00","og_image":[{"width":300,"height":450,"url":"https:\/\/prismagamers.com\/wp-content\/uploads\/2025\/01\/3DMiniGolf-Boxshot-1-scaled-e1736175222241.jpg","type":"image\/jpeg"}],"twitter_card":"summary_large_image","twitter_misc":{"Becs\u00fclt olvas\u00e1si id\u0151":"1 perc"},"schema":{"@context":"https:\/\/schema.org","@graph":[{"@type":"WebPage","@id":"https:\/\/prismagamers.com\/hu\/produkt\/3d-minigolf\/","url":"https:\/\/prismagamers.com\/hu\/produkt\/3d-minigolf\/","name":"3D MiniGolf - Prismagamers.com","isPartOf":{"@id":"https:\/\/prismagamers.com\/hu\/#website"},"primaryImageOfPage":{"@id":"https:\/\/prismagamers.com\/hu\/produkt\/3d-minigolf\/#primaryimage"},"image":{"@id":"https:\/\/prismagamers.com\/hu\/produkt\/3d-minigolf\/#primaryimage"},"thumbnailUrl":"https:\/\/prismagamers.com\/wp-content\/uploads\/2025\/01\/3DMiniGolf-Boxshot-1-scaled-e1736175222241.jpg","datePublished":"2025-01-06T14:54:53+00:00","dateModified":"2026-03-04T23:00:35+00:00","description":"Pontos\u00edtsd a pontsz\u00e1mot ezen a sportesem\u00e9nyen a MiniGolf 54 kih\u00edv\u00e1st jelent\u0151 lyuk\u00e1n! A h\u00e1rom k\u00fcl\u00f6nb\u00f6z\u0151 forgat\u00f3k\u00f6nyvvel a MiniGolf szerelmesei k\u00e9t sz\u00f3l\u00f3 m\u00f3dban \u00e9lvezhetik a j\u00e1t\u00e9kot, vagy h\u00e1rom m\u00e1sik j\u00e1t\u00e9kossal versenyezhetnek t\u00f6bbj\u00e1t\u00e9kos m\u00f3dban, egyetlen sz\u00e1m\u00edt\u00f3g\u00e9pen. \ud83c\udf0d Glob\u00e1lis \u2699\ufe0f Steam \ud83d\udddd Digit\u00e1lis kulcs","breadcrumb":{"@id":"https:\/\/prismagamers.com\/hu\/produkt\/3d-minigolf\/#breadcrumb"},"inLanguage":"hu","potentialAction":[{"@type":"ReadAction","target":["https:\/\/prismagamers.com\/hu\/produkt\/3d-minigolf\/"]}]},{"@type":"ImageObject","inLanguage":"hu","@id":"https:\/\/prismagamers.com\/hu\/produkt\/3d-minigolf\/#primaryimage","url":"https:\/\/prismagamers.com\/wp-content\/uploads\/2025\/01\/3DMiniGolf-Boxshot-1-scaled-e1736175222241.jpg","contentUrl":"https:\/\/prismagamers.com\/wp-content\/uploads\/2025\/01\/3DMiniGolf-Boxshot-1-scaled-e1736175222241.jpg","width":300,"height":450},{"@type":"BreadcrumbList","@id":"https:\/\/prismagamers.com\/hu\/produkt\/3d-minigolf\/#breadcrumb","itemListElement":[{"@type":"ListItem","position":1,"name":"Strona g\u0142\u00f3wna","item":"https:\/\/prismagamers.com\/hu\/prismagamers\/"},{"@type":"ListItem","position":2,"name":"Shop","item":"https:\/\/prismagamers.com\/hu\/shop\/"},{"@type":"ListItem","position":3,"name":"3D MiniGolf"}]},{"@type":"WebSite","@id":"https:\/\/prismagamers.com\/hu\/#website","url":"https:\/\/prismagamers.com\/hu\/","name":"Prismagamers","description":"Sklep z grami PC I Sklep klucze Steam","publisher":{"@id":"https:\/\/prismagamers.com\/hu\/#organization"},"potentialAction":[{"@type":"SearchAction","target":{"@type":"EntryPoint","urlTemplate":"https:\/\/prismagamers.com\/hu\/?s={search_term_string}"},"query-input":{"@type":"PropertyValueSpecification","valueRequired":true,"valueName":"search_term_string"}}],"inLanguage":"hu"},{"@type":"Organization","@id":"https:\/\/prismagamers.com\/hu\/#organization","name":"Prismagamers","url":"https:\/\/prismagamers.com\/hu\/","logo":{"@type":"ImageObject","inLanguage":"hu","@id":"https:\/\/prismagamers.com\/hu\/#\/schema\/logo\/image\/","url":"https:\/\/prismagamers.com\/wp-content\/uploads\/2022\/04\/cropped-logo-Prismagamers-01-scaled-1.jpg","contentUrl":"https:\/\/prismagamers.com\/wp-content\/uploads\/2022\/04\/cropped-logo-Prismagamers-01-scaled-1.jpg","width":512,"height":512,"caption":"Prismagamers"},"image":{"@id":"https:\/\/prismagamers.com\/hu\/#\/schema\/logo\/image\/"},"sameAs":["https:\/\/www.facebook.com\/prismagamers","https:\/\/www.instagram.com\/prismagamers_grycyfrowe\/"],"description":"Prismagamers.com to dynamiczny sklep z grami cyfrowymi, stworzony z my\u015bl\u0105 o entuzjastach gier wideo. Nasza strona oferuje szerok\u0105 gam\u0119 gier komputerowych, w tym najnowsze tytu\u0142y, dobrze znane klasyki oraz gry stworzone przez niezale\u017cne studia Ca\u0142y czas d\u0105\u017cymy do rozszerzenia naszej oferty. Do\u0142\u0105cz do nas i sta\u0144 si\u0119 cz\u0119\u015bci\u0105 naszej rosn\u0105cej spo\u0142eczno\u015bci graczy!","email":"shop@prismagamers.com","telephone":"48795541705","legalName":"East Caravan Maksym \u017bukow","foundingDate":"2012-05-10","vatID":"PL8943038612","taxID":"PL8943038612","numberOfEmployees":{"@type":"QuantitativeValue","minValue":"11","maxValue":"50"}}]}},"_links":{"self":[{"href":"https:\/\/prismagamers.com\/hu\/wp-json\/wp\/v2\/product\/35115","targetHints":{"allow":["GET"]}}],"collection":[{"href":"https:\/\/prismagamers.com\/hu\/wp-json\/wp\/v2\/product"}],"about":[{"href":"https:\/\/prismagamers.com\/hu\/wp-json\/wp\/v2\/types\/product"}],"wp:featuredmedia":[{"embeddable":true,"href":"https:\/\/prismagamers.com\/hu\/wp-json\/wp\/v2\/media\/33570"}],"wp:attachment":[{"href":"https:\/\/prismagamers.com\/hu\/wp-json\/wp\/v2\/media?parent=35115"}],"wp:term":[{"taxonomy":"product_brand","embeddable":true,"href":"https:\/\/prismagamers.com\/hu\/wp-json\/wp\/v2\/product_brand?post=35115"},{"taxonomy":"product_cat","embeddable":true,"href":"https:\/\/prismagamers.com\/hu\/wp-json\/wp\/v2\/product_cat?post=35115"},{"taxonomy":"product_tag","embeddable":true,"href":"https:\/\/prismagamers.com\/hu\/wp-json\/wp\/v2\/product_tag?post=35115"}],"curies":[{"name":"wp","href":"https:\/\/api.w.org\/{rel}","templated":true}]}}