{"id":35124,"date":"2024-03-12T18:09:18","date_gmt":"2024-03-12T17:09:18","guid":{"rendered":"https:\/\/prismagamers.com\/produkt\/daydream-elfelejtett-banat\/"},"modified":"2026-04-21T01:56:06","modified_gmt":"2026-04-20T23:56:06","slug":"daydream-elfelejtett-banat","status":"publish","type":"product","link":"https:\/\/prismagamers.com\/hu\/produkt\/daydream-elfelejtett-banat\/","title":{"rendered":"Daydream: Elfelejtett b\u00e1nat"},"content":{"rendered":"<p>Mer\u00fclj\u00f6n el egy olyan szem\u00e9ly leny\u0171g\u00f6z\u0151 t\u00f6rt\u00e9net\u00e9ben, aki egy aranyos mack\u00f3 k\u00eds\u00e9ret\u00e9ben k\u00e9pzeli mag\u00e1t apr\u00f3 gyermeknek. Oldj meg bonyolult rejtv\u00e9nyeket, ker\u00fcld el a f\u00e9lelmetes sz\u00f6rnyeket \u00e9s ker\u00fcld ki a fenyeget\u0151 csapd\u00e1kat, hogy visszanyerd a bels\u0151 b\u00e9k\u00e9det. <\/p>\n<p><img decoding=\"async\" class=\"aligncenter\" src=\"https:\/\/cdn.cloudflare.steamstatic.com\/steam\/apps\/1542110\/extras\/3.gif?t=1694599603\"><\/p>\n<p>Utazz a lebeg\u0151 kast\u00e9lyok, sziklabarlangok, mesebeli erd\u0151k \u00e9s hatalmas s\u00edks\u00e1gok misztikus vil\u00e1g\u00e1ban. Engedd, hogy mag\u00e1val ragadjon Daydream rendk\u00edv\u00fcli f\u00f6ldje, fedezd fel a kitart\u00e1son kereszt\u00fcl t\u00f6rt\u00e9n\u0151 \u00e1talakul\u00e1s erej\u00e9t \u00e9s az elfogad\u00e1sban rejl\u0151 finom sz\u00e9ps\u00e9get. <\/p>\n<p><img decoding=\"async\" class=\"aligncenter\" src=\"https:\/\/cdn.cloudflare.steamstatic.com\/steam\/apps\/1542110\/extras\/5.gif?t=1694599603\"><\/p>\n<div class=\"flex-1 overflow-hidden\">\n<div class=\"react-scroll-to-bottom--css-phpke-79elbk h-full\">\n<div class=\"react-scroll-to-bottom--css-phpke-1n7m0yu\">\n<div class=\"flex flex-col text-sm pb-9\">\n<div class=\"w-full text-token-text-primary\" data-testid=\"conversation-turn-15\">\n<div class=\"px-4 py-2 justify-center text-base md:gap-6 m-auto\">\n<div class=\"flex flex-1 text-base mx-auto gap-3 md:px-5 lg:px-1 xl:px-5 md:max-w-3xl lg:max-w-[40rem] xl:max-w-[48rem] group final-completion\">\n<div class=\"relative flex w-full flex-col agent-turn\">\n<div class=\"flex-col gap-1 md:gap-3\">\n<div class=\"flex flex-grow flex-col max-w-full\">\n<div class=\"min-h-[20px] text-message flex flex-col items-start gap-3 whitespace-pre-wrap break-words [.text-message+&amp;]:mt-5 overflow-x-auto\" data-message-author-role=\"assistant\" data-message-id=\"bc878fd6-e503-407c-ae2f-77b1aa9bf899\">\n<div class=\"markdown prose w-full break-words dark:prose-invert light\">\n<p><strong>F\u0151bb jellemz\u0151k:<\/strong><\/p>\n<ul>\n<li>Mer\u00fclj\u00f6n el egy szenved\u00e9lyes t\u00f6rt\u00e9netben, fedezze fel a cselekm\u00e9ny titkait \u00e9s var\u00e1zs\u00e1t;<\/li>\n<li>Ismerkedj meg olyan felejthetetlen karakterekkel, mint a bar\u00e1ts\u00e1gos fiatal Griffin \u00e9s h\u0171s\u00e9ges t\u00e1rsa, a mack\u00f3 Birly;<\/li>\n<li>Ir\u00e1ny\u00edts egy im\u00e1dnival\u00f3 mack\u00f3t, amely t\u00e1mogat t\u00e9ged a nehezen el\u00e9rhet\u0151 helyek el\u00e9r\u00e9s\u00e9ben;<\/li>\n<li>Utazzon el egy var\u00e1zslatos dallamokkal \u00e9s ig\u00e9z\u0151 zen\u00e9vel teli, rendk\u00edv\u00fcli vil\u00e1gba;<\/li>\n<li>Tapasztald meg a kih\u00edv\u00e1st jelent\u0151, \u00e9rdekes rejtv\u00e9nyek \u00e9s az izgalmas akci\u00f3 finom kombin\u00e1ci\u00f3j\u00e1t, amely lek\u00f6t.<\/li>\n<\/ul>\n<\/div>\n<\/div>\n<\/div>\n<div class=\"mt-1 flex justify-start gap-3 empty:hidden\"><\/div>\n<\/div>\n<\/div>\n<\/div>\n<\/div>\n<\/div>\n<\/div>\n<\/div>\n<\/div>\n<\/div>\n","protected":false},"excerpt":{"rendered":"<p class=\"ai-optimize-17\">Ebben a rejtv\u00e9nyekkel teli platformj\u00e1t\u00e9kban mozg\u00f3 utaz\u00e1sra indulsz az elme sz\u00fcrre\u00e1lis vil\u00e1g\u00e1ban. Vedd \u00e1t a fiatal Griffin \u00e9s h\u0171s\u00e9ges t\u00e1rsa, Birly, a medve szerep\u00e9t. V\u00e1gj \u00e1t a kih\u00edv\u00e1sokon, ker\u00fcld el a csapd\u00e1kat \u00e9s gy\u0151zd le az ellens\u00e9get, hogy seg\u00edts Griffinnek.  <\/p>\n<p class=\"ai-optimize-18\">\ud83c\udf0d Glob\u00e1lis<br \/>\n\u2699\ufe0f Steam<br \/>\n\ud83d\udddd Digit\u00e1lis kulcs<\/p>\n","protected":false},"featured_media":30820,"template":"","meta":{"_acf_changed":false,"site-sidebar-layout":"default","site-content-layout":"","ast-site-content-layout":"default","site-content-style":"default","site-sidebar-style":"default","ast-global-header-display":"","ast-banner-title-visibility":"","ast-main-header-display":"","ast-hfb-above-header-display":"","ast-hfb-below-header-display":"","ast-hfb-mobile-header-display":"","site-post-title":"","ast-breadcrumbs-content":"","ast-featured-img":"","footer-sml-layout":"","ast-disable-related-posts":"","theme-transparent-header-meta":"default","adv-header-id-meta":"","stick-header-meta":"","header-above-stick-meta":"","header-main-stick-meta":"","header-below-stick-meta":"","astra-migrate-meta-layouts":"default","ast-page-background-enabled":"default","ast-page-background-meta":{"desktop":{"background-color":"var(--ast-global-color-4)","background-image":"","background-repeat":"repeat","background-position":"center center","background-size":"auto","background-attachment":"scroll","background-type":"","background-media":"","overlay-type":"","overlay-color":"","overlay-opacity":"","overlay-gradient":""},"tablet":{"background-color":"","background-image":"","background-repeat":"repeat","background-position":"center center","background-size":"auto","background-attachment":"scroll","background-type":"","background-media":"","overlay-type":"","overlay-color":"","overlay-opacity":"","overlay-gradient":""},"mobile":{"background-color":"","background-image":"","background-repeat":"repeat","background-position":"center center","background-size":"auto","background-attachment":"scroll","background-type":"","background-media":"","overlay-type":"","overlay-color":"","overlay-opacity":"","overlay-gradient":""}},"ast-content-background-meta":{"desktop":{"background-color":"var(--ast-global-color-5)","background-image":"","background-repeat":"repeat","background-position":"center center","background-size":"auto","background-attachment":"scroll","background-type":"","background-media":"","overlay-type":"","overlay-color":"","overlay-opacity":"","overlay-gradient":""},"tablet":{"background-color":"var(--ast-global-color-5)","background-image":"","background-repeat":"repeat","background-position":"center center","background-size":"auto","background-attachment":"scroll","background-type":"","background-media":"","overlay-type":"","overlay-color":"","overlay-opacity":"","overlay-gradient":""},"mobile":{"background-color":"var(--ast-global-color-5)","background-image":"","background-repeat":"repeat","background-position":"center center","background-size":"auto","background-attachment":"scroll","background-type":"","background-media":"","overlay-type":"","overlay-color":"","overlay-opacity":"","overlay-gradient":""}}},"product_brand":[],"product_cat":[371,365,363,367,425,478],"product_tag":[],"class_list":{"0":"post-35124","1":"product","2":"type-product","3":"status-publish","4":"has-post-thumbnail","6":"product_cat-akcio-jatekok","7":"product_cat-goz","8":"product_cat-kaland-jatekok","9":"product_cat-pc-jatekok","10":"product_cat-platform-jatekok","11":"product_cat-ravenage-games","12":"desktop-align-left","13":"tablet-align-left","14":"mobile-align-left","16":"first","17":"instock","18":"virtual","19":"purchasable","20":"product-type-simple"},"acf":[],"yoast_head":"<!-- This site is optimized with the Yoast SEO Premium plugin v27.4 (Yoast SEO v27.4) - https:\/\/yoast.com\/product\/yoast-seo-premium-wordpress\/ -->\n<title>Daydream: Elfelejtett b\u00e1nat - Prismagamers.com<\/title>\n<meta name=\"description\" content=\"Ebben a rejtv\u00e9nyekkel teli platformj\u00e1t\u00e9kban mozg\u00f3 utaz\u00e1sra indulsz az elme sz\u00fcrre\u00e1lis vil\u00e1g\u00e1ban. Vedd \u00e1t a fiatal Griffin \u00e9s h\u0171s\u00e9ges t\u00e1rsa, Birly, a medve szerep\u00e9t. V\u00e1gj \u00e1t a kih\u00edv\u00e1sokon, ker\u00fcld el a csapd\u00e1kat \u00e9s gy\u0151zd le az ellens\u00e9get, hogy seg\u00edts Griffinnek.  \ud83c\udf0d Glob\u00e1lis \u2699\ufe0f Steam \ud83d\udddd Digit\u00e1lis kulcs\" \/>\n<meta name=\"robots\" content=\"index, follow, max-snippet:-1, max-image-preview:large, max-video-preview:-1\" \/>\n<link rel=\"canonical\" href=\"https:\/\/prismagamers.com\/hu\/produkt\/daydream-elfelejtett-banat\/\" \/>\n<meta property=\"og:locale\" content=\"hu_HU\" \/>\n<meta property=\"og:type\" content=\"article\" \/>\n<meta property=\"og:title\" content=\"Daydream: Elfelejtett b\u00e1nat\" \/>\n<meta property=\"og:description\" content=\"Ebben a rejtv\u00e9nyekkel teli platformj\u00e1t\u00e9kban mozg\u00f3 utaz\u00e1sra indulsz az elme sz\u00fcrre\u00e1lis vil\u00e1g\u00e1ban. Vedd \u00e1t a fiatal Griffin \u00e9s h\u0171s\u00e9ges t\u00e1rsa, Birly, a medve szerep\u00e9t. V\u00e1gj \u00e1t a kih\u00edv\u00e1sokon, ker\u00fcld el a csapd\u00e1kat \u00e9s gy\u0151zd le az ellens\u00e9get, hogy seg\u00edts Griffinnek.  \ud83c\udf0d Glob\u00e1lis \u2699\ufe0f Steam \ud83d\udddd Digit\u00e1lis kulcs\" \/>\n<meta property=\"og:url\" content=\"https:\/\/prismagamers.com\/hu\/produkt\/daydream-elfelejtett-banat\/\" \/>\n<meta property=\"og:site_name\" content=\"Prismagamers.com\" \/>\n<meta property=\"article:publisher\" content=\"https:\/\/www.facebook.com\/prismagamers\" \/>\n<meta property=\"article:modified_time\" content=\"2026-04-20T23:56:06+00:00\" \/>\n<meta property=\"og:image\" content=\"https:\/\/prismagamers.com\/wp-content\/uploads\/2024\/03\/library_600x900_2x-7-e1710263226511.jpg\" \/>\n\t<meta property=\"og:image:width\" content=\"300\" \/>\n\t<meta property=\"og:image:height\" content=\"450\" \/>\n\t<meta property=\"og:image:type\" content=\"image\/jpeg\" \/>\n<meta name=\"twitter:card\" content=\"summary_large_image\" \/>\n<meta name=\"twitter:label1\" content=\"Becs\u00fclt olvas\u00e1si id\u0151\" \/>\n\t<meta name=\"twitter:data1\" content=\"1 perc\" \/>\n<script type=\"application\/ld+json\" class=\"yoast-schema-graph\">{\"@context\":\"https:\\\/\\\/schema.org\",\"@graph\":[{\"@type\":\"WebPage\",\"@id\":\"https:\\\/\\\/prismagamers.com\\\/hu\\\/produkt\\\/daydream-elfelejtett-banat\\\/\",\"url\":\"https:\\\/\\\/prismagamers.com\\\/hu\\\/produkt\\\/daydream-elfelejtett-banat\\\/\",\"name\":\"Daydream: Elfelejtett b\u00e1nat - Prismagamers.com\",\"isPartOf\":{\"@id\":\"https:\\\/\\\/prismagamers.com\\\/hu\\\/#website\"},\"primaryImageOfPage\":{\"@id\":\"https:\\\/\\\/prismagamers.com\\\/hu\\\/produkt\\\/daydream-elfelejtett-banat\\\/#primaryimage\"},\"image\":{\"@id\":\"https:\\\/\\\/prismagamers.com\\\/hu\\\/produkt\\\/daydream-elfelejtett-banat\\\/#primaryimage\"},\"thumbnailUrl\":\"https:\\\/\\\/prismagamers.com\\\/wp-content\\\/uploads\\\/2024\\\/03\\\/library_600x900_2x-7-e1710263226511.jpg\",\"datePublished\":\"2024-03-12T17:09:18+00:00\",\"dateModified\":\"2026-04-20T23:56:06+00:00\",\"description\":\"Ebben a rejtv\u00e9nyekkel teli platformj\u00e1t\u00e9kban mozg\u00f3 utaz\u00e1sra indulsz az elme sz\u00fcrre\u00e1lis vil\u00e1g\u00e1ban. Vedd \u00e1t a fiatal Griffin \u00e9s h\u0171s\u00e9ges t\u00e1rsa, Birly, a medve szerep\u00e9t. V\u00e1gj \u00e1t a kih\u00edv\u00e1sokon, ker\u00fcld el a csapd\u00e1kat \u00e9s gy\u0151zd le az ellens\u00e9get, hogy seg\u00edts Griffinnek. \ud83c\udf0d Glob\u00e1lis \u2699\ufe0f Steam \ud83d\udddd Digit\u00e1lis kulcs\",\"breadcrumb\":{\"@id\":\"https:\\\/\\\/prismagamers.com\\\/hu\\\/produkt\\\/daydream-elfelejtett-banat\\\/#breadcrumb\"},\"inLanguage\":\"hu\",\"potentialAction\":[{\"@type\":\"ReadAction\",\"target\":[\"https:\\\/\\\/prismagamers.com\\\/hu\\\/produkt\\\/daydream-elfelejtett-banat\\\/\"]}]},{\"@type\":\"ImageObject\",\"inLanguage\":\"hu\",\"@id\":\"https:\\\/\\\/prismagamers.com\\\/hu\\\/produkt\\\/daydream-elfelejtett-banat\\\/#primaryimage\",\"url\":\"https:\\\/\\\/prismagamers.com\\\/wp-content\\\/uploads\\\/2024\\\/03\\\/library_600x900_2x-7-e1710263226511.jpg\",\"contentUrl\":\"https:\\\/\\\/prismagamers.com\\\/wp-content\\\/uploads\\\/2024\\\/03\\\/library_600x900_2x-7-e1710263226511.jpg\",\"width\":300,\"height\":450},{\"@type\":\"BreadcrumbList\",\"@id\":\"https:\\\/\\\/prismagamers.com\\\/hu\\\/produkt\\\/daydream-elfelejtett-banat\\\/#breadcrumb\",\"itemListElement\":[{\"@type\":\"ListItem\",\"position\":1,\"name\":\"Strona g\u0142\u00f3wna\",\"item\":\"https:\\\/\\\/prismagamers.com\\\/hu\\\/prismagamers\\\/\"},{\"@type\":\"ListItem\",\"position\":2,\"name\":\"Shop\",\"item\":\"https:\\\/\\\/prismagamers.com\\\/hu\\\/shop\\\/\"},{\"@type\":\"ListItem\",\"position\":3,\"name\":\"Daydream: Elfelejtett b\u00e1nat\"}]},{\"@type\":\"WebSite\",\"@id\":\"https:\\\/\\\/prismagamers.com\\\/hu\\\/#website\",\"url\":\"https:\\\/\\\/prismagamers.com\\\/hu\\\/\",\"name\":\"Prismagamers\",\"description\":\"Sklep z grami PC I Sklep klucze Steam\",\"publisher\":{\"@id\":\"https:\\\/\\\/prismagamers.com\\\/hu\\\/#organization\"},\"potentialAction\":[{\"@type\":\"SearchAction\",\"target\":{\"@type\":\"EntryPoint\",\"urlTemplate\":\"https:\\\/\\\/prismagamers.com\\\/hu\\\/?s={search_term_string}\"},\"query-input\":{\"@type\":\"PropertyValueSpecification\",\"valueRequired\":true,\"valueName\":\"search_term_string\"}}],\"inLanguage\":\"hu\"},{\"@type\":\"Organization\",\"@id\":\"https:\\\/\\\/prismagamers.com\\\/hu\\\/#organization\",\"name\":\"Prismagamers\",\"url\":\"https:\\\/\\\/prismagamers.com\\\/hu\\\/\",\"logo\":{\"@type\":\"ImageObject\",\"inLanguage\":\"hu\",\"@id\":\"https:\\\/\\\/prismagamers.com\\\/hu\\\/#\\\/schema\\\/logo\\\/image\\\/\",\"url\":\"https:\\\/\\\/prismagamers.com\\\/wp-content\\\/uploads\\\/2022\\\/04\\\/cropped-logo-Prismagamers-01-scaled-1.jpg\",\"contentUrl\":\"https:\\\/\\\/prismagamers.com\\\/wp-content\\\/uploads\\\/2022\\\/04\\\/cropped-logo-Prismagamers-01-scaled-1.jpg\",\"width\":512,\"height\":512,\"caption\":\"Prismagamers\"},\"image\":{\"@id\":\"https:\\\/\\\/prismagamers.com\\\/hu\\\/#\\\/schema\\\/logo\\\/image\\\/\"},\"sameAs\":[\"https:\\\/\\\/www.facebook.com\\\/prismagamers\",\"https:\\\/\\\/www.instagram.com\\\/prismagamers_grycyfrowe\\\/\"],\"description\":\"Prismagamers.com to dynamiczny sklep z grami cyfrowymi, stworzony z my\u015bl\u0105 o entuzjastach gier wideo. Nasza strona oferuje szerok\u0105 gam\u0119 gier komputerowych, w tym najnowsze tytu\u0142y, dobrze znane klasyki oraz gry stworzone przez niezale\u017cne studia Ca\u0142y czas d\u0105\u017cymy do rozszerzenia naszej oferty. Do\u0142\u0105cz do nas i sta\u0144 si\u0119 cz\u0119\u015bci\u0105 naszej rosn\u0105cej spo\u0142eczno\u015bci graczy!\",\"email\":\"shop@prismagamers.com\",\"telephone\":\"48795541705\",\"legalName\":\"East Caravan Maksym \u017bukow\",\"foundingDate\":\"2012-05-10\",\"vatID\":\"PL8943038612\",\"taxID\":\"PL8943038612\",\"numberOfEmployees\":{\"@type\":\"QuantitativeValue\",\"minValue\":\"11\",\"maxValue\":\"50\"}}]}<\/script>\n<!-- \/ Yoast SEO Premium plugin. -->","yoast_head_json":{"title":"Daydream: Elfelejtett b\u00e1nat - Prismagamers.com","description":"Ebben a rejtv\u00e9nyekkel teli platformj\u00e1t\u00e9kban mozg\u00f3 utaz\u00e1sra indulsz az elme sz\u00fcrre\u00e1lis vil\u00e1g\u00e1ban. Vedd \u00e1t a fiatal Griffin \u00e9s h\u0171s\u00e9ges t\u00e1rsa, Birly, a medve szerep\u00e9t. V\u00e1gj \u00e1t a kih\u00edv\u00e1sokon, ker\u00fcld el a csapd\u00e1kat \u00e9s gy\u0151zd le az ellens\u00e9get, hogy seg\u00edts Griffinnek.  \ud83c\udf0d Glob\u00e1lis \u2699\ufe0f Steam \ud83d\udddd Digit\u00e1lis kulcs","robots":{"index":"index","follow":"follow","max-snippet":"max-snippet:-1","max-image-preview":"max-image-preview:large","max-video-preview":"max-video-preview:-1"},"canonical":"https:\/\/prismagamers.com\/hu\/produkt\/daydream-elfelejtett-banat\/","og_locale":"hu_HU","og_type":"article","og_title":"Daydream: Elfelejtett b\u00e1nat","og_description":"Ebben a rejtv\u00e9nyekkel teli platformj\u00e1t\u00e9kban mozg\u00f3 utaz\u00e1sra indulsz az elme sz\u00fcrre\u00e1lis vil\u00e1g\u00e1ban. Vedd \u00e1t a fiatal Griffin \u00e9s h\u0171s\u00e9ges t\u00e1rsa, Birly, a medve szerep\u00e9t. V\u00e1gj \u00e1t a kih\u00edv\u00e1sokon, ker\u00fcld el a csapd\u00e1kat \u00e9s gy\u0151zd le az ellens\u00e9get, hogy seg\u00edts Griffinnek.  \ud83c\udf0d Glob\u00e1lis \u2699\ufe0f Steam \ud83d\udddd Digit\u00e1lis kulcs","og_url":"https:\/\/prismagamers.com\/hu\/produkt\/daydream-elfelejtett-banat\/","og_site_name":"Prismagamers.com","article_publisher":"https:\/\/www.facebook.com\/prismagamers","article_modified_time":"2026-04-20T23:56:06+00:00","og_image":[{"width":300,"height":450,"url":"https:\/\/prismagamers.com\/wp-content\/uploads\/2024\/03\/library_600x900_2x-7-e1710263226511.jpg","type":"image\/jpeg"}],"twitter_card":"summary_large_image","twitter_misc":{"Becs\u00fclt olvas\u00e1si id\u0151":"1 perc"},"schema":{"@context":"https:\/\/schema.org","@graph":[{"@type":"WebPage","@id":"https:\/\/prismagamers.com\/hu\/produkt\/daydream-elfelejtett-banat\/","url":"https:\/\/prismagamers.com\/hu\/produkt\/daydream-elfelejtett-banat\/","name":"Daydream: Elfelejtett b\u00e1nat - Prismagamers.com","isPartOf":{"@id":"https:\/\/prismagamers.com\/hu\/#website"},"primaryImageOfPage":{"@id":"https:\/\/prismagamers.com\/hu\/produkt\/daydream-elfelejtett-banat\/#primaryimage"},"image":{"@id":"https:\/\/prismagamers.com\/hu\/produkt\/daydream-elfelejtett-banat\/#primaryimage"},"thumbnailUrl":"https:\/\/prismagamers.com\/wp-content\/uploads\/2024\/03\/library_600x900_2x-7-e1710263226511.jpg","datePublished":"2024-03-12T17:09:18+00:00","dateModified":"2026-04-20T23:56:06+00:00","description":"Ebben a rejtv\u00e9nyekkel teli platformj\u00e1t\u00e9kban mozg\u00f3 utaz\u00e1sra indulsz az elme sz\u00fcrre\u00e1lis vil\u00e1g\u00e1ban. Vedd \u00e1t a fiatal Griffin \u00e9s h\u0171s\u00e9ges t\u00e1rsa, Birly, a medve szerep\u00e9t. V\u00e1gj \u00e1t a kih\u00edv\u00e1sokon, ker\u00fcld el a csapd\u00e1kat \u00e9s gy\u0151zd le az ellens\u00e9get, hogy seg\u00edts Griffinnek. \ud83c\udf0d Glob\u00e1lis \u2699\ufe0f Steam \ud83d\udddd Digit\u00e1lis kulcs","breadcrumb":{"@id":"https:\/\/prismagamers.com\/hu\/produkt\/daydream-elfelejtett-banat\/#breadcrumb"},"inLanguage":"hu","potentialAction":[{"@type":"ReadAction","target":["https:\/\/prismagamers.com\/hu\/produkt\/daydream-elfelejtett-banat\/"]}]},{"@type":"ImageObject","inLanguage":"hu","@id":"https:\/\/prismagamers.com\/hu\/produkt\/daydream-elfelejtett-banat\/#primaryimage","url":"https:\/\/prismagamers.com\/wp-content\/uploads\/2024\/03\/library_600x900_2x-7-e1710263226511.jpg","contentUrl":"https:\/\/prismagamers.com\/wp-content\/uploads\/2024\/03\/library_600x900_2x-7-e1710263226511.jpg","width":300,"height":450},{"@type":"BreadcrumbList","@id":"https:\/\/prismagamers.com\/hu\/produkt\/daydream-elfelejtett-banat\/#breadcrumb","itemListElement":[{"@type":"ListItem","position":1,"name":"Strona g\u0142\u00f3wna","item":"https:\/\/prismagamers.com\/hu\/prismagamers\/"},{"@type":"ListItem","position":2,"name":"Shop","item":"https:\/\/prismagamers.com\/hu\/shop\/"},{"@type":"ListItem","position":3,"name":"Daydream: Elfelejtett b\u00e1nat"}]},{"@type":"WebSite","@id":"https:\/\/prismagamers.com\/hu\/#website","url":"https:\/\/prismagamers.com\/hu\/","name":"Prismagamers","description":"Sklep z grami PC I Sklep klucze Steam","publisher":{"@id":"https:\/\/prismagamers.com\/hu\/#organization"},"potentialAction":[{"@type":"SearchAction","target":{"@type":"EntryPoint","urlTemplate":"https:\/\/prismagamers.com\/hu\/?s={search_term_string}"},"query-input":{"@type":"PropertyValueSpecification","valueRequired":true,"valueName":"search_term_string"}}],"inLanguage":"hu"},{"@type":"Organization","@id":"https:\/\/prismagamers.com\/hu\/#organization","name":"Prismagamers","url":"https:\/\/prismagamers.com\/hu\/","logo":{"@type":"ImageObject","inLanguage":"hu","@id":"https:\/\/prismagamers.com\/hu\/#\/schema\/logo\/image\/","url":"https:\/\/prismagamers.com\/wp-content\/uploads\/2022\/04\/cropped-logo-Prismagamers-01-scaled-1.jpg","contentUrl":"https:\/\/prismagamers.com\/wp-content\/uploads\/2022\/04\/cropped-logo-Prismagamers-01-scaled-1.jpg","width":512,"height":512,"caption":"Prismagamers"},"image":{"@id":"https:\/\/prismagamers.com\/hu\/#\/schema\/logo\/image\/"},"sameAs":["https:\/\/www.facebook.com\/prismagamers","https:\/\/www.instagram.com\/prismagamers_grycyfrowe\/"],"description":"Prismagamers.com to dynamiczny sklep z grami cyfrowymi, stworzony z my\u015bl\u0105 o entuzjastach gier wideo. Nasza strona oferuje szerok\u0105 gam\u0119 gier komputerowych, w tym najnowsze tytu\u0142y, dobrze znane klasyki oraz gry stworzone przez niezale\u017cne studia Ca\u0142y czas d\u0105\u017cymy do rozszerzenia naszej oferty. Do\u0142\u0105cz do nas i sta\u0144 si\u0119 cz\u0119\u015bci\u0105 naszej rosn\u0105cej spo\u0142eczno\u015bci graczy!","email":"shop@prismagamers.com","telephone":"48795541705","legalName":"East Caravan Maksym \u017bukow","foundingDate":"2012-05-10","vatID":"PL8943038612","taxID":"PL8943038612","numberOfEmployees":{"@type":"QuantitativeValue","minValue":"11","maxValue":"50"}}]}},"_links":{"self":[{"href":"https:\/\/prismagamers.com\/hu\/wp-json\/wp\/v2\/product\/35124","targetHints":{"allow":["GET"]}}],"collection":[{"href":"https:\/\/prismagamers.com\/hu\/wp-json\/wp\/v2\/product"}],"about":[{"href":"https:\/\/prismagamers.com\/hu\/wp-json\/wp\/v2\/types\/product"}],"wp:featuredmedia":[{"embeddable":true,"href":"https:\/\/prismagamers.com\/hu\/wp-json\/wp\/v2\/media\/30820"}],"wp:attachment":[{"href":"https:\/\/prismagamers.com\/hu\/wp-json\/wp\/v2\/media?parent=35124"}],"wp:term":[{"taxonomy":"product_brand","embeddable":true,"href":"https:\/\/prismagamers.com\/hu\/wp-json\/wp\/v2\/product_brand?post=35124"},{"taxonomy":"product_cat","embeddable":true,"href":"https:\/\/prismagamers.com\/hu\/wp-json\/wp\/v2\/product_cat?post=35124"},{"taxonomy":"product_tag","embeddable":true,"href":"https:\/\/prismagamers.com\/hu\/wp-json\/wp\/v2\/product_tag?post=35124"}],"curies":[{"name":"wp","href":"https:\/\/api.w.org\/{rel}","templated":true}]}}