{"id":35125,"date":"2023-04-24T14:08:13","date_gmt":"2023-04-24T12:08:13","guid":{"rendered":"https:\/\/prismagamers.com\/produkt\/masterplan-tycoon-pc-2\/"},"modified":"2026-04-18T01:51:55","modified_gmt":"2026-04-17T23:51:55","slug":"masterplan-tycoon-pc-2","status":"publish","type":"product","link":"https:\/\/prismagamers.com\/hu\/produkt\/masterplan-tycoon-pc-2\/","title":{"rendered":"Masterplan Tycoon"},"content":{"rendered":"<p>A Masterplan Tycoon egy minimalista er\u0151forr\u00e1s-gazd\u00e1lkod\u00e1si szimul\u00e1tor. Ebben a j\u00e1t\u00e9kban minden egyszer\u0171 \u00e9s k\u00f6vetkezetes. Az \u00e1gak az \u00e9p\u00fcletek. A csapok az \u0151ket \u00f6sszek\u00f6t\u0151 pontok. A csatlakoz\u00f3k az \u00e9p\u00fcletek k\u00f6z\u00f6tti utak.    <\/p>\n<p>Az \u00d6n feladata ebben a j\u00e1t\u00e9kban az, hogy a rendelkez\u00e9sre \u00e1ll\u00f3 helyet \u00fagy kezelje, hogy a term\u00e9kek eljussanak a rendeltet\u00e9si hely\u00fckre. A Masterplan Tycoon minden elemet \u00e1br\u00e1zol, ami azt jelenti, hogy az er\u0151forr\u00e1sok \u00e1raml\u00e1s\u00e1ra fogsz koncentr\u00e1lni, \u00e9s semmi sem vonja el a figyelmedet a kitermel\u00e9si folyamatr\u00f3l. <\/p>\n","protected":false},"excerpt":{"rendered":"<p class=\"ai-optimize-28\">\u00dcdv\u00f6z\u00f6lj\u00fck az er\u0151forr\u00e1s-menedzsment j\u00e1t\u00e9kban, ahol a kreativit\u00e1sod \u00e9s logisztikai k\u00e9pess\u00e9geid pr\u00f3b\u00e1ra vannak t\u00e9ve! Ebben a szimul\u00e1ci\u00f3ban egym\u00e1shoz kapcsol\u00f3d\u00f3 term\u00e9kl\u00e1ncokat \u00e9p\u00edtesz, \u00e9s \u00faj k\u00fcldet\u00e9seket nyitsz meg, k\u00fcl\u00f6nb\u00f6z\u0151 feladatokat teljes\u00edtve, hogy a lehet\u0151 legnagyobb rendszert hozd l\u00e9tre. <\/p>\n<p class=\"ai-optimize-29\"><img decoding=\"async\" class=\"emoji\" role=\"img\" draggable=\"false\" src=\"https:\/\/s.w.org\/images\/core\/emoji\/14.0.0\/svg\/1f30d.svg\" alt=\"\ud83c\udf0d\">  Global<br \/>\n<img decoding=\"async\" class=\"emoji\" role=\"img\" draggable=\"false\" src=\"https:\/\/s.w.org\/images\/core\/emoji\/14.0.0\/svg\/2699.svg\" alt=\"\u2699\ufe0f\"> Steam<br \/>\n<img decoding=\"async\" class=\"emoji\" role=\"img\" draggable=\"false\" src=\"https:\/\/s.w.org\/images\/core\/emoji\/14.0.0\/svg\/1f5dd.svg\" alt=\"\ud83d\udddd\"> Digit\u00e1lis kulcs<\/p>\n","protected":false},"featured_media":25185,"template":"","meta":{"_acf_changed":false,"site-sidebar-layout":"default","site-content-layout":"default","ast-site-content-layout":"default","site-content-style":"default","site-sidebar-style":"default","ast-global-header-display":"","ast-banner-title-visibility":"","ast-main-header-display":"","ast-hfb-above-header-display":"","ast-hfb-below-header-display":"","ast-hfb-mobile-header-display":"","site-post-title":"","ast-breadcrumbs-content":"","ast-featured-img":"","footer-sml-layout":"","ast-disable-related-posts":"","theme-transparent-header-meta":"default","adv-header-id-meta":"","stick-header-meta":"","header-above-stick-meta":"","header-main-stick-meta":"","header-below-stick-meta":"","astra-migrate-meta-layouts":"default","ast-page-background-enabled":"default","ast-page-background-meta":{"desktop":{"background-color":"var(--ast-global-color-4)","background-image":"","background-repeat":"repeat","background-position":"center center","background-size":"auto","background-attachment":"scroll","background-type":"","background-media":"","overlay-type":"","overlay-color":"","overlay-opacity":"","overlay-gradient":""},"tablet":{"background-color":"","background-image":"","background-repeat":"repeat","background-position":"center center","background-size":"auto","background-attachment":"scroll","background-type":"","background-media":"","overlay-type":"","overlay-color":"","overlay-opacity":"","overlay-gradient":""},"mobile":{"background-color":"","background-image":"","background-repeat":"repeat","background-position":"center center","background-size":"auto","background-attachment":"scroll","background-type":"","background-media":"","overlay-type":"","overlay-color":"","overlay-opacity":"","overlay-gradient":""}},"ast-content-background-meta":{"desktop":{"background-color":"var(--ast-global-color-5)","background-image":"","background-repeat":"repeat","background-position":"center center","background-size":"auto","background-attachment":"scroll","background-type":"","background-media":"","overlay-type":"","overlay-color":"","overlay-opacity":"","overlay-gradient":""},"tablet":{"background-color":"var(--ast-global-color-5)","background-image":"","background-repeat":"repeat","background-position":"center center","background-size":"auto","background-attachment":"scroll","background-type":"","background-media":"","overlay-type":"","overlay-color":"","overlay-opacity":"","overlay-gradient":""},"mobile":{"background-color":"var(--ast-global-color-5)","background-image":"","background-repeat":"repeat","background-position":"center center","background-size":"auto","background-attachment":"scroll","background-type":"","background-media":"","overlay-type":"","overlay-color":"","overlay-opacity":"","overlay-gradient":""}}},"product_brand":[],"product_cat":[369,394,365,372,378,367,478,386],"product_tag":[],"class_list":{"0":"post-35125","1":"product","2":"type-product","3":"status-publish","4":"has-post-thumbnail","6":"product_cat-csarnokok","7":"product_cat-digitalis-jatekok","8":"product_cat-goz","9":"product_cat-jatekok-szimulatorok","10":"product_cat-minden-digitalis-jatek","11":"product_cat-pc-jatekok","12":"product_cat-ravenage-games","13":"product_cat-strategiai-jatekok","14":"desktop-align-left","15":"tablet-align-left","16":"mobile-align-left","18":"first","19":"instock","20":"virtual","21":"purchasable","22":"product-type-simple"},"acf":[],"yoast_head":"<!-- This site is optimized with the Yoast SEO Premium plugin v27.4 (Yoast SEO v27.4) - https:\/\/yoast.com\/product\/yoast-seo-premium-wordpress\/ -->\n<title>Masterplan Tycoon - Prismagamers.com<\/title>\n<meta name=\"description\" content=\"\u00dcdv\u00f6z\u00f6lj\u00fck az er\u0151forr\u00e1s-menedzsment j\u00e1t\u00e9kban, ahol a kreativit\u00e1sod \u00e9s logisztikai k\u00e9pess\u00e9geid pr\u00f3b\u00e1ra vannak t\u00e9ve! Ebben a szimul\u00e1ci\u00f3ban egym\u00e1shoz kapcsol\u00f3d\u00f3 term\u00e9kl\u00e1ncokat \u00e9p\u00edtesz, \u00e9s \u00faj k\u00fcldet\u00e9seket nyitsz meg, k\u00fcl\u00f6nb\u00f6z\u0151 feladatokat teljes\u00edtve, hogy a lehet\u0151 legnagyobb rendszert hozd l\u00e9tre.  Global Steam Digit\u00e1lis kulcs\" \/>\n<meta name=\"robots\" content=\"index, follow, max-snippet:-1, max-image-preview:large, max-video-preview:-1\" \/>\n<link rel=\"canonical\" href=\"https:\/\/prismagamers.com\/hu\/produkt\/masterplan-tycoon-pc-2\/\" \/>\n<meta property=\"og:locale\" content=\"hu_HU\" \/>\n<meta property=\"og:type\" content=\"article\" \/>\n<meta property=\"og:title\" content=\"Masterplan Tycoon\" \/>\n<meta property=\"og:description\" content=\"\u00dcdv\u00f6z\u00f6lj\u00fck az er\u0151forr\u00e1s-menedzsment j\u00e1t\u00e9kban, ahol a kreativit\u00e1sod \u00e9s logisztikai k\u00e9pess\u00e9geid pr\u00f3b\u00e1ra vannak t\u00e9ve! Ebben a szimul\u00e1ci\u00f3ban egym\u00e1shoz kapcsol\u00f3d\u00f3 term\u00e9kl\u00e1ncokat \u00e9p\u00edtesz, \u00e9s \u00faj k\u00fcldet\u00e9seket nyitsz meg, k\u00fcl\u00f6nb\u00f6z\u0151 feladatokat teljes\u00edtve, hogy a lehet\u0151 legnagyobb rendszert hozd l\u00e9tre.  Global Steam Digit\u00e1lis kulcs\" \/>\n<meta property=\"og:url\" content=\"https:\/\/prismagamers.com\/hu\/produkt\/masterplan-tycoon-pc-2\/\" \/>\n<meta property=\"og:site_name\" content=\"Prismagamers.com\" \/>\n<meta property=\"article:publisher\" content=\"https:\/\/www.facebook.com\/prismagamers\" \/>\n<meta property=\"article:modified_time\" content=\"2026-04-17T23:51:55+00:00\" \/>\n<meta property=\"og:image\" content=\"https:\/\/prismagamers.com\/wp-content\/uploads\/2023\/04\/Masterplan-Tycoon.jpg\" \/>\n\t<meta property=\"og:image:width\" content=\"261\" \/>\n\t<meta property=\"og:image:height\" content=\"350\" \/>\n\t<meta property=\"og:image:type\" content=\"image\/jpeg\" \/>\n<meta name=\"twitter:card\" content=\"summary_large_image\" \/>\n<meta name=\"twitter:label1\" content=\"Becs\u00fclt olvas\u00e1si id\u0151\" \/>\n\t<meta name=\"twitter:data1\" content=\"1 perc\" \/>\n<script type=\"application\/ld+json\" class=\"yoast-schema-graph\">{\"@context\":\"https:\\\/\\\/schema.org\",\"@graph\":[{\"@type\":\"WebPage\",\"@id\":\"https:\\\/\\\/prismagamers.com\\\/hu\\\/produkt\\\/masterplan-tycoon-pc-2\\\/\",\"url\":\"https:\\\/\\\/prismagamers.com\\\/hu\\\/produkt\\\/masterplan-tycoon-pc-2\\\/\",\"name\":\"Masterplan Tycoon - Prismagamers.com\",\"isPartOf\":{\"@id\":\"https:\\\/\\\/prismagamers.com\\\/hu\\\/#website\"},\"primaryImageOfPage\":{\"@id\":\"https:\\\/\\\/prismagamers.com\\\/hu\\\/produkt\\\/masterplan-tycoon-pc-2\\\/#primaryimage\"},\"image\":{\"@id\":\"https:\\\/\\\/prismagamers.com\\\/hu\\\/produkt\\\/masterplan-tycoon-pc-2\\\/#primaryimage\"},\"thumbnailUrl\":\"https:\\\/\\\/prismagamers.com\\\/wp-content\\\/uploads\\\/2023\\\/04\\\/Masterplan-Tycoon.jpg\",\"datePublished\":\"2023-04-24T12:08:13+00:00\",\"dateModified\":\"2026-04-17T23:51:55+00:00\",\"description\":\"\u00dcdv\u00f6z\u00f6lj\u00fck az er\u0151forr\u00e1s-menedzsment j\u00e1t\u00e9kban, ahol a kreativit\u00e1sod \u00e9s logisztikai k\u00e9pess\u00e9geid pr\u00f3b\u00e1ra vannak t\u00e9ve! Ebben a szimul\u00e1ci\u00f3ban egym\u00e1shoz kapcsol\u00f3d\u00f3 term\u00e9kl\u00e1ncokat \u00e9p\u00edtesz, \u00e9s \u00faj k\u00fcldet\u00e9seket nyitsz meg, k\u00fcl\u00f6nb\u00f6z\u0151 feladatokat teljes\u00edtve, hogy a lehet\u0151 legnagyobb rendszert hozd l\u00e9tre. Global Steam Digit\u00e1lis kulcs\",\"breadcrumb\":{\"@id\":\"https:\\\/\\\/prismagamers.com\\\/hu\\\/produkt\\\/masterplan-tycoon-pc-2\\\/#breadcrumb\"},\"inLanguage\":\"hu\",\"potentialAction\":[{\"@type\":\"ReadAction\",\"target\":[\"https:\\\/\\\/prismagamers.com\\\/hu\\\/produkt\\\/masterplan-tycoon-pc-2\\\/\"]}]},{\"@type\":\"ImageObject\",\"inLanguage\":\"hu\",\"@id\":\"https:\\\/\\\/prismagamers.com\\\/hu\\\/produkt\\\/masterplan-tycoon-pc-2\\\/#primaryimage\",\"url\":\"https:\\\/\\\/prismagamers.com\\\/wp-content\\\/uploads\\\/2023\\\/04\\\/Masterplan-Tycoon.jpg\",\"contentUrl\":\"https:\\\/\\\/prismagamers.com\\\/wp-content\\\/uploads\\\/2023\\\/04\\\/Masterplan-Tycoon.jpg\",\"width\":261,\"height\":350},{\"@type\":\"BreadcrumbList\",\"@id\":\"https:\\\/\\\/prismagamers.com\\\/hu\\\/produkt\\\/masterplan-tycoon-pc-2\\\/#breadcrumb\",\"itemListElement\":[{\"@type\":\"ListItem\",\"position\":1,\"name\":\"Strona g\u0142\u00f3wna\",\"item\":\"https:\\\/\\\/prismagamers.com\\\/hu\\\/prismagamers\\\/\"},{\"@type\":\"ListItem\",\"position\":2,\"name\":\"Shop\",\"item\":\"https:\\\/\\\/prismagamers.com\\\/hu\\\/shop\\\/\"},{\"@type\":\"ListItem\",\"position\":3,\"name\":\"Masterplan Tycoon\"}]},{\"@type\":\"WebSite\",\"@id\":\"https:\\\/\\\/prismagamers.com\\\/hu\\\/#website\",\"url\":\"https:\\\/\\\/prismagamers.com\\\/hu\\\/\",\"name\":\"Prismagamers\",\"description\":\"Sklep z grami PC I Sklep klucze Steam\",\"publisher\":{\"@id\":\"https:\\\/\\\/prismagamers.com\\\/hu\\\/#organization\"},\"potentialAction\":[{\"@type\":\"SearchAction\",\"target\":{\"@type\":\"EntryPoint\",\"urlTemplate\":\"https:\\\/\\\/prismagamers.com\\\/hu\\\/?s={search_term_string}\"},\"query-input\":{\"@type\":\"PropertyValueSpecification\",\"valueRequired\":true,\"valueName\":\"search_term_string\"}}],\"inLanguage\":\"hu\"},{\"@type\":\"Organization\",\"@id\":\"https:\\\/\\\/prismagamers.com\\\/hu\\\/#organization\",\"name\":\"Prismagamers\",\"url\":\"https:\\\/\\\/prismagamers.com\\\/hu\\\/\",\"logo\":{\"@type\":\"ImageObject\",\"inLanguage\":\"hu\",\"@id\":\"https:\\\/\\\/prismagamers.com\\\/hu\\\/#\\\/schema\\\/logo\\\/image\\\/\",\"url\":\"https:\\\/\\\/prismagamers.com\\\/wp-content\\\/uploads\\\/2022\\\/04\\\/cropped-logo-Prismagamers-01-scaled-1.jpg\",\"contentUrl\":\"https:\\\/\\\/prismagamers.com\\\/wp-content\\\/uploads\\\/2022\\\/04\\\/cropped-logo-Prismagamers-01-scaled-1.jpg\",\"width\":512,\"height\":512,\"caption\":\"Prismagamers\"},\"image\":{\"@id\":\"https:\\\/\\\/prismagamers.com\\\/hu\\\/#\\\/schema\\\/logo\\\/image\\\/\"},\"sameAs\":[\"https:\\\/\\\/www.facebook.com\\\/prismagamers\",\"https:\\\/\\\/www.instagram.com\\\/prismagamers_grycyfrowe\\\/\"],\"description\":\"Prismagamers.com to dynamiczny sklep z grami cyfrowymi, stworzony z my\u015bl\u0105 o entuzjastach gier wideo. Nasza strona oferuje szerok\u0105 gam\u0119 gier komputerowych, w tym najnowsze tytu\u0142y, dobrze znane klasyki oraz gry stworzone przez niezale\u017cne studia Ca\u0142y czas d\u0105\u017cymy do rozszerzenia naszej oferty. Do\u0142\u0105cz do nas i sta\u0144 si\u0119 cz\u0119\u015bci\u0105 naszej rosn\u0105cej spo\u0142eczno\u015bci graczy!\",\"email\":\"shop@prismagamers.com\",\"telephone\":\"48795541705\",\"legalName\":\"East Caravan Maksym \u017bukow\",\"foundingDate\":\"2012-05-10\",\"vatID\":\"PL8943038612\",\"taxID\":\"PL8943038612\",\"numberOfEmployees\":{\"@type\":\"QuantitativeValue\",\"minValue\":\"11\",\"maxValue\":\"50\"}}]}<\/script>\n<!-- \/ Yoast SEO Premium plugin. -->","yoast_head_json":{"title":"Masterplan Tycoon - Prismagamers.com","description":"\u00dcdv\u00f6z\u00f6lj\u00fck az er\u0151forr\u00e1s-menedzsment j\u00e1t\u00e9kban, ahol a kreativit\u00e1sod \u00e9s logisztikai k\u00e9pess\u00e9geid pr\u00f3b\u00e1ra vannak t\u00e9ve! Ebben a szimul\u00e1ci\u00f3ban egym\u00e1shoz kapcsol\u00f3d\u00f3 term\u00e9kl\u00e1ncokat \u00e9p\u00edtesz, \u00e9s \u00faj k\u00fcldet\u00e9seket nyitsz meg, k\u00fcl\u00f6nb\u00f6z\u0151 feladatokat teljes\u00edtve, hogy a lehet\u0151 legnagyobb rendszert hozd l\u00e9tre.  Global Steam Digit\u00e1lis kulcs","robots":{"index":"index","follow":"follow","max-snippet":"max-snippet:-1","max-image-preview":"max-image-preview:large","max-video-preview":"max-video-preview:-1"},"canonical":"https:\/\/prismagamers.com\/hu\/produkt\/masterplan-tycoon-pc-2\/","og_locale":"hu_HU","og_type":"article","og_title":"Masterplan Tycoon","og_description":"\u00dcdv\u00f6z\u00f6lj\u00fck az er\u0151forr\u00e1s-menedzsment j\u00e1t\u00e9kban, ahol a kreativit\u00e1sod \u00e9s logisztikai k\u00e9pess\u00e9geid pr\u00f3b\u00e1ra vannak t\u00e9ve! Ebben a szimul\u00e1ci\u00f3ban egym\u00e1shoz kapcsol\u00f3d\u00f3 term\u00e9kl\u00e1ncokat \u00e9p\u00edtesz, \u00e9s \u00faj k\u00fcldet\u00e9seket nyitsz meg, k\u00fcl\u00f6nb\u00f6z\u0151 feladatokat teljes\u00edtve, hogy a lehet\u0151 legnagyobb rendszert hozd l\u00e9tre.  Global Steam Digit\u00e1lis kulcs","og_url":"https:\/\/prismagamers.com\/hu\/produkt\/masterplan-tycoon-pc-2\/","og_site_name":"Prismagamers.com","article_publisher":"https:\/\/www.facebook.com\/prismagamers","article_modified_time":"2026-04-17T23:51:55+00:00","og_image":[{"width":261,"height":350,"url":"https:\/\/prismagamers.com\/wp-content\/uploads\/2023\/04\/Masterplan-Tycoon.jpg","type":"image\/jpeg"}],"twitter_card":"summary_large_image","twitter_misc":{"Becs\u00fclt olvas\u00e1si id\u0151":"1 perc"},"schema":{"@context":"https:\/\/schema.org","@graph":[{"@type":"WebPage","@id":"https:\/\/prismagamers.com\/hu\/produkt\/masterplan-tycoon-pc-2\/","url":"https:\/\/prismagamers.com\/hu\/produkt\/masterplan-tycoon-pc-2\/","name":"Masterplan Tycoon - Prismagamers.com","isPartOf":{"@id":"https:\/\/prismagamers.com\/hu\/#website"},"primaryImageOfPage":{"@id":"https:\/\/prismagamers.com\/hu\/produkt\/masterplan-tycoon-pc-2\/#primaryimage"},"image":{"@id":"https:\/\/prismagamers.com\/hu\/produkt\/masterplan-tycoon-pc-2\/#primaryimage"},"thumbnailUrl":"https:\/\/prismagamers.com\/wp-content\/uploads\/2023\/04\/Masterplan-Tycoon.jpg","datePublished":"2023-04-24T12:08:13+00:00","dateModified":"2026-04-17T23:51:55+00:00","description":"\u00dcdv\u00f6z\u00f6lj\u00fck az er\u0151forr\u00e1s-menedzsment j\u00e1t\u00e9kban, ahol a kreativit\u00e1sod \u00e9s logisztikai k\u00e9pess\u00e9geid pr\u00f3b\u00e1ra vannak t\u00e9ve! Ebben a szimul\u00e1ci\u00f3ban egym\u00e1shoz kapcsol\u00f3d\u00f3 term\u00e9kl\u00e1ncokat \u00e9p\u00edtesz, \u00e9s \u00faj k\u00fcldet\u00e9seket nyitsz meg, k\u00fcl\u00f6nb\u00f6z\u0151 feladatokat teljes\u00edtve, hogy a lehet\u0151 legnagyobb rendszert hozd l\u00e9tre. Global Steam Digit\u00e1lis kulcs","breadcrumb":{"@id":"https:\/\/prismagamers.com\/hu\/produkt\/masterplan-tycoon-pc-2\/#breadcrumb"},"inLanguage":"hu","potentialAction":[{"@type":"ReadAction","target":["https:\/\/prismagamers.com\/hu\/produkt\/masterplan-tycoon-pc-2\/"]}]},{"@type":"ImageObject","inLanguage":"hu","@id":"https:\/\/prismagamers.com\/hu\/produkt\/masterplan-tycoon-pc-2\/#primaryimage","url":"https:\/\/prismagamers.com\/wp-content\/uploads\/2023\/04\/Masterplan-Tycoon.jpg","contentUrl":"https:\/\/prismagamers.com\/wp-content\/uploads\/2023\/04\/Masterplan-Tycoon.jpg","width":261,"height":350},{"@type":"BreadcrumbList","@id":"https:\/\/prismagamers.com\/hu\/produkt\/masterplan-tycoon-pc-2\/#breadcrumb","itemListElement":[{"@type":"ListItem","position":1,"name":"Strona g\u0142\u00f3wna","item":"https:\/\/prismagamers.com\/hu\/prismagamers\/"},{"@type":"ListItem","position":2,"name":"Shop","item":"https:\/\/prismagamers.com\/hu\/shop\/"},{"@type":"ListItem","position":3,"name":"Masterplan Tycoon"}]},{"@type":"WebSite","@id":"https:\/\/prismagamers.com\/hu\/#website","url":"https:\/\/prismagamers.com\/hu\/","name":"Prismagamers","description":"Sklep z grami PC I Sklep klucze Steam","publisher":{"@id":"https:\/\/prismagamers.com\/hu\/#organization"},"potentialAction":[{"@type":"SearchAction","target":{"@type":"EntryPoint","urlTemplate":"https:\/\/prismagamers.com\/hu\/?s={search_term_string}"},"query-input":{"@type":"PropertyValueSpecification","valueRequired":true,"valueName":"search_term_string"}}],"inLanguage":"hu"},{"@type":"Organization","@id":"https:\/\/prismagamers.com\/hu\/#organization","name":"Prismagamers","url":"https:\/\/prismagamers.com\/hu\/","logo":{"@type":"ImageObject","inLanguage":"hu","@id":"https:\/\/prismagamers.com\/hu\/#\/schema\/logo\/image\/","url":"https:\/\/prismagamers.com\/wp-content\/uploads\/2022\/04\/cropped-logo-Prismagamers-01-scaled-1.jpg","contentUrl":"https:\/\/prismagamers.com\/wp-content\/uploads\/2022\/04\/cropped-logo-Prismagamers-01-scaled-1.jpg","width":512,"height":512,"caption":"Prismagamers"},"image":{"@id":"https:\/\/prismagamers.com\/hu\/#\/schema\/logo\/image\/"},"sameAs":["https:\/\/www.facebook.com\/prismagamers","https:\/\/www.instagram.com\/prismagamers_grycyfrowe\/"],"description":"Prismagamers.com to dynamiczny sklep z grami cyfrowymi, stworzony z my\u015bl\u0105 o entuzjastach gier wideo. Nasza strona oferuje szerok\u0105 gam\u0119 gier komputerowych, w tym najnowsze tytu\u0142y, dobrze znane klasyki oraz gry stworzone przez niezale\u017cne studia Ca\u0142y czas d\u0105\u017cymy do rozszerzenia naszej oferty. Do\u0142\u0105cz do nas i sta\u0144 si\u0119 cz\u0119\u015bci\u0105 naszej rosn\u0105cej spo\u0142eczno\u015bci graczy!","email":"shop@prismagamers.com","telephone":"48795541705","legalName":"East Caravan Maksym \u017bukow","foundingDate":"2012-05-10","vatID":"PL8943038612","taxID":"PL8943038612","numberOfEmployees":{"@type":"QuantitativeValue","minValue":"11","maxValue":"50"}}]}},"_links":{"self":[{"href":"https:\/\/prismagamers.com\/hu\/wp-json\/wp\/v2\/product\/35125","targetHints":{"allow":["GET"]}}],"collection":[{"href":"https:\/\/prismagamers.com\/hu\/wp-json\/wp\/v2\/product"}],"about":[{"href":"https:\/\/prismagamers.com\/hu\/wp-json\/wp\/v2\/types\/product"}],"wp:featuredmedia":[{"embeddable":true,"href":"https:\/\/prismagamers.com\/hu\/wp-json\/wp\/v2\/media\/25185"}],"wp:attachment":[{"href":"https:\/\/prismagamers.com\/hu\/wp-json\/wp\/v2\/media?parent=35125"}],"wp:term":[{"taxonomy":"product_brand","embeddable":true,"href":"https:\/\/prismagamers.com\/hu\/wp-json\/wp\/v2\/product_brand?post=35125"},{"taxonomy":"product_cat","embeddable":true,"href":"https:\/\/prismagamers.com\/hu\/wp-json\/wp\/v2\/product_cat?post=35125"},{"taxonomy":"product_tag","embeddable":true,"href":"https:\/\/prismagamers.com\/hu\/wp-json\/wp\/v2\/product_tag?post=35125"}],"curies":[{"name":"wp","href":"https:\/\/api.w.org\/{rel}","templated":true}]}}