{"id":35128,"date":"2023-05-03T12:06:30","date_gmt":"2023-05-03T10:06:30","guid":{"rendered":"https:\/\/prismagamers.com\/produkt\/skabma-snowfall-pc-2\/"},"modified":"2026-03-05T00:00:48","modified_gmt":"2026-03-04T23:00:48","slug":"skabma-snowfall-pc-2","status":"publish","type":"product","link":"https:\/\/prismagamers.com\/hu\/produkt\/skabma-snowfall-pc-2\/","title":{"rendered":"Sk\u00e1bma &#8211; Snowfall"},"content":{"rendered":"<div class=\"flex-1 overflow-hidden\">\n<div class=\"react-scroll-to-bottom--css-nkzux-79elbk h-full\">\n<div class=\"react-scroll-to-bottom--css-nkzux-1n7m0yu\">\n<div class=\"flex flex-col text-sm pb-9\">\n<div class=\"w-full text-token-text-primary\" dir=\"auto\" data-testid=\"conversation-turn-65\" data-scroll-anchor=\"true\">\n<div class=\"py-2 px-3 text-base md:px-4 m-auto md:px-5 lg:px-1 xl:px-5\">\n<div class=\"mx-auto flex flex-1 gap-3 text-base juice:gap-4 juice:md:gap-6 md:max-w-3xl lg:max-w-[40rem] xl:max-w-[48rem]\">\n<div class=\"relative flex w-full min-w-0 flex-col agent-turn\">\n<div class=\"flex-col gap-1 md:gap-3\">\n<div class=\"flex flex-grow flex-col max-w-full\">\n<div class=\"min-h-[20px] text-message flex flex-col items-start whitespace-pre-wrap break-words [.text-message+&amp;]:mt-5 juice:w-full juice:items-end overflow-x-auto gap-3\" dir=\"auto\" data-message-author-role=\"assistant\" data-message-id=\"312dc1bb-883d-42cf-9eac-e8054dd3bb87\">\n<div class=\"markdown prose w-full break-words dark:prose-invert light\">\n<p>A &#8222;Sk\u00e1bma &#8211; H\u00f3es\u00e9s&#8221; az \u0151shonos sza\u00e1mi kult\u00fara \u00e9s t\u00f6rt\u00e9netek rendk\u00edv\u00fcli bemutat\u00e1sa, amelyek eddig m\u00e9g soha nem l\u00e1ttak napvil\u00e1got. Fedezze fel az \u00e9szaki sz\u00e9ps\u00e9get egy olyan vil\u00e1gban, ahol a r\u00e9gi \u00e9szaki mes\u00e9k a t\u00e1bort\u0171z mellett elevenednek meg! Haszn\u00e1ld az okoss\u00e1godat, hogy megoldd a k\u00f6rnyezeti rejtv\u00e9nyeket \u00e9s lek\u00fczdd a platformos kih\u00edv\u00e1sokat ebben a narrat\u00edv, h\u00e1ts\u00f3 n\u00e9zet\u0171 kalandban.  <\/p>\n<p>Ments\u00e9tek meg az otthonotokat!<\/p>\n<p>Egy szaami falu mindennapi \u00e9lete felborul, miut\u00e1n baleset t\u00f6rt\u00e9nik a k\u00f6zeli k\u00e1tr\u00e1nyb\u00e1ny\u00e1ban. Egy k\u00fcl\u00f6n\u00f6s betegs\u00e9g kezd terjedni a k\u00f6rny\u00e9ken, amely a f\u00f6ldt\u0151l kezdve az emberekig \u00e9s az \u00e1llatokig mindent megfert\u0151z. <\/p>\n<p>\u00c1ilu, egy fiatal sza\u00e1mi p\u00e1sztor szerep\u00e9t j\u00e1tszod, aki egy elsz\u00f6k\u00f6tt r\u00e9nszarvast keres. A n\u00f6vekv\u0151 k\u00e1osz rejt\u00e9lye akkor kezd kibogoz\u00f3dni, amikor \u00c1ilu r\u00e1tal\u00e1l egy \u0151si, elvar\u00e1zsolt dobra, a Goavddisra. A fert\u0151z\u00f6ttek sz\u00e1m\u00e1ra fogyt\u00e1n az id\u0151, de a dobban m\u00e9g mindig ott l\u00fcktet a szaami gy\u00f3gy\u00edt\u00f3k, a noaidik \u0151si tud\u00e1sa.  <\/p>\n<p>Ami elveszett, az mindig visszanyerhet\u0151! Tal\u00e1ld meg a n\u00e9gy Szellemembert, \u00e9s kapcsol\u00f3dj \u00fajra a term\u00e9szethez, hogy megtal\u00e1ld betegs\u00e9ged forr\u00e1s\u00e1t. Itt az ideje, hogy egy \u00faj korszak \u00faj Noaidij\u00e1v\u00e1 v\u00e1lj!  <\/p>\n<\/div>\n<\/div>\n<\/div>\n<\/div>\n<\/div>\n<\/div>\n<\/div>\n<\/div>\n<\/div>\n<\/div>\n<\/div>\n<\/div>\n","protected":false},"excerpt":{"rendered":"<p class=\"ai-optimize-22\">A term\u00e9szet ritmusa vesz\u00e9lyben van! Te vagy \u00c1ilu, egy fiatal szamii f\u00e9rfi, akinek h\u00e9tk\u00f6znapi r\u00e9nszarvasp\u00e1sztorkod\u00e1ssal t\u00f6lt\u00f6tt napja kalandba torkollik. Ismerd meg a noaid\u00e1k gy\u00f3gy\u00edt\u00f3inak, a szamiknak a r\u00e9gi szok\u00e1sait. Haszn\u00e1ld fel a noaidi dob \u00e9s az Ismer\u0151s Szellemek erej\u00e9t, hogy felvehesd a harcot a f\u00f6ld\u00f6n terjed\u0151 k\u00e1osz ellen!   <\/p>\n<p class=\"ai-optimize-23\"><img decoding=\"async\" class=\"emoji\" role=\"img\" draggable=\"false\" src=\"https:\/\/s.w.org\/images\/core\/emoji\/14.0.0\/svg\/1f30d.svg\" alt=\"\ud83c\udf0d\">  Global<br \/>\n<img decoding=\"async\" class=\"emoji\" role=\"img\" draggable=\"false\" src=\"https:\/\/s.w.org\/images\/core\/emoji\/14.0.0\/svg\/2699.svg\" alt=\"\u2699\ufe0f\"> Steam<br \/>\n<img decoding=\"async\" class=\"emoji\" role=\"img\" draggable=\"false\" src=\"https:\/\/s.w.org\/images\/core\/emoji\/14.0.0\/svg\/1f5dd.svg\" alt=\"\ud83d\udddd\"> Digit\u00e1lis kulcs<\/p>\n","protected":false},"featured_media":25266,"template":"","meta":{"_acf_changed":false,"site-sidebar-layout":"default","site-content-layout":"default","ast-site-content-layout":"default","site-content-style":"default","site-sidebar-style":"default","ast-global-header-display":"","ast-banner-title-visibility":"","ast-main-header-display":"","ast-hfb-above-header-display":"","ast-hfb-below-header-display":"","ast-hfb-mobile-header-display":"","site-post-title":"","ast-breadcrumbs-content":"","ast-featured-img":"","footer-sml-layout":"","ast-disable-related-posts":"","theme-transparent-header-meta":"default","adv-header-id-meta":"","stick-header-meta":"","header-above-stick-meta":"","header-main-stick-meta":"","header-below-stick-meta":"","astra-migrate-meta-layouts":"default","ast-page-background-enabled":"default","ast-page-background-meta":{"desktop":{"background-color":"var(--ast-global-color-4)","background-image":"","background-repeat":"repeat","background-position":"center center","background-size":"auto","background-attachment":"scroll","background-type":"","background-media":"","overlay-type":"","overlay-color":"","overlay-opacity":"","overlay-gradient":""},"tablet":{"background-color":"","background-image":"","background-repeat":"repeat","background-position":"center center","background-size":"auto","background-attachment":"scroll","background-type":"","background-media":"","overlay-type":"","overlay-color":"","overlay-opacity":"","overlay-gradient":""},"mobile":{"background-color":"","background-image":"","background-repeat":"repeat","background-position":"center center","background-size":"auto","background-attachment":"scroll","background-type":"","background-media":"","overlay-type":"","overlay-color":"","overlay-opacity":"","overlay-gradient":""}},"ast-content-background-meta":{"desktop":{"background-color":"var(--ast-global-color-5)","background-image":"","background-repeat":"repeat","background-position":"center center","background-size":"auto","background-attachment":"scroll","background-type":"","background-media":"","overlay-type":"","overlay-color":"","overlay-opacity":"","overlay-gradient":""},"tablet":{"background-color":"var(--ast-global-color-5)","background-image":"","background-repeat":"repeat","background-position":"center center","background-size":"auto","background-attachment":"scroll","background-type":"","background-media":"","overlay-type":"","overlay-color":"","overlay-opacity":"","overlay-gradient":""},"mobile":{"background-color":"var(--ast-global-color-5)","background-image":"","background-repeat":"repeat","background-position":"center center","background-size":"auto","background-attachment":"scroll","background-type":"","background-media":"","overlay-type":"","overlay-color":"","overlay-opacity":"","overlay-gradient":""}}},"product_brand":[],"product_cat":[371,369,394,365,392,363,378,367,590],"product_tag":[582,542],"class_list":{"0":"post-35128","1":"product","2":"type-product","3":"status-publish","4":"has-post-thumbnail","6":"product_cat-akcio-jatekok","7":"product_cat-csarnokok","8":"product_cat-digitalis-jatekok","9":"product_cat-goz","10":"product_cat-india","11":"product_cat-kaland-jatekok","12":"product_cat-minden-digitalis-jatek","13":"product_cat-pc-jatekok","14":"product_cat-pid-jatekok","15":"product_tag-may_85","16":"product_tag-pid_04-hu","17":"desktop-align-left","18":"tablet-align-left","19":"mobile-align-left","21":"first","22":"instock","23":"virtual","24":"purchasable","25":"product-type-simple"},"acf":[],"yoast_head":"<!-- This site is optimized with the Yoast SEO Premium plugin v27.4 (Yoast SEO v27.4) - https:\/\/yoast.com\/product\/yoast-seo-premium-wordpress\/ -->\n<title>Sk\u00e1bma - Snowfall - Prismagamers.com<\/title>\n<meta name=\"description\" content=\"A term\u00e9szet ritmusa vesz\u00e9lyben van! Te vagy \u00c1ilu, egy fiatal szamii f\u00e9rfi, akinek h\u00e9tk\u00f6znapi r\u00e9nszarvasp\u00e1sztorkod\u00e1ssal t\u00f6lt\u00f6tt napja kalandba torkollik. Ismerd meg a noaid\u00e1k gy\u00f3gy\u00edt\u00f3inak, a szamiknak a r\u00e9gi szok\u00e1sait. Haszn\u00e1ld fel a noaidi dob \u00e9s az Ismer\u0151s Szellemek erej\u00e9t, hogy felvehesd a harcot a f\u00f6ld\u00f6n terjed\u0151 k\u00e1osz ellen!   Global Steam Digit\u00e1lis kulcs\" \/>\n<meta name=\"robots\" content=\"index, follow, max-snippet:-1, max-image-preview:large, max-video-preview:-1\" \/>\n<link rel=\"canonical\" href=\"https:\/\/prismagamers.com\/hu\/produkt\/skabma-snowfall-pc-2\/\" \/>\n<meta property=\"og:locale\" content=\"hu_HU\" \/>\n<meta property=\"og:type\" content=\"article\" \/>\n<meta property=\"og:title\" content=\"Sk\u00e1bma - Snowfall\" \/>\n<meta property=\"og:description\" content=\"A term\u00e9szet ritmusa vesz\u00e9lyben van! Te vagy \u00c1ilu, egy fiatal szamii f\u00e9rfi, akinek h\u00e9tk\u00f6znapi r\u00e9nszarvasp\u00e1sztorkod\u00e1ssal t\u00f6lt\u00f6tt napja kalandba torkollik. Ismerd meg a noaid\u00e1k gy\u00f3gy\u00edt\u00f3inak, a szamiknak a r\u00e9gi szok\u00e1sait. Haszn\u00e1ld fel a noaidi dob \u00e9s az Ismer\u0151s Szellemek erej\u00e9t, hogy felvehesd a harcot a f\u00f6ld\u00f6n terjed\u0151 k\u00e1osz ellen!   Global Steam Digit\u00e1lis kulcs\" \/>\n<meta property=\"og:url\" content=\"https:\/\/prismagamers.com\/hu\/produkt\/skabma-snowfall-pc-2\/\" \/>\n<meta property=\"og:site_name\" content=\"Prismagamers.com\" \/>\n<meta property=\"article:publisher\" content=\"https:\/\/www.facebook.com\/prismagamers\" \/>\n<meta property=\"article:modified_time\" content=\"2026-03-04T23:00:48+00:00\" \/>\n<meta property=\"og:image\" content=\"https:\/\/prismagamers.com\/wp-content\/uploads\/2023\/05\/library_600x900_2x-5.jpg\" \/>\n\t<meta property=\"og:image:width\" content=\"600\" \/>\n\t<meta property=\"og:image:height\" content=\"900\" \/>\n\t<meta property=\"og:image:type\" content=\"image\/jpeg\" \/>\n<meta name=\"twitter:card\" content=\"summary_large_image\" \/>\n<meta name=\"twitter:label1\" content=\"Becs\u00fclt olvas\u00e1si id\u0151\" \/>\n\t<meta name=\"twitter:data1\" content=\"1 perc\" \/>\n<script type=\"application\/ld+json\" class=\"yoast-schema-graph\">{\"@context\":\"https:\\\/\\\/schema.org\",\"@graph\":[{\"@type\":\"WebPage\",\"@id\":\"https:\\\/\\\/prismagamers.com\\\/hu\\\/produkt\\\/skabma-snowfall-pc-2\\\/\",\"url\":\"https:\\\/\\\/prismagamers.com\\\/hu\\\/produkt\\\/skabma-snowfall-pc-2\\\/\",\"name\":\"Sk\u00e1bma - Snowfall - Prismagamers.com\",\"isPartOf\":{\"@id\":\"https:\\\/\\\/prismagamers.com\\\/hu\\\/#website\"},\"primaryImageOfPage\":{\"@id\":\"https:\\\/\\\/prismagamers.com\\\/hu\\\/produkt\\\/skabma-snowfall-pc-2\\\/#primaryimage\"},\"image\":{\"@id\":\"https:\\\/\\\/prismagamers.com\\\/hu\\\/produkt\\\/skabma-snowfall-pc-2\\\/#primaryimage\"},\"thumbnailUrl\":\"https:\\\/\\\/prismagamers.com\\\/wp-content\\\/uploads\\\/2023\\\/05\\\/library_600x900_2x-5.jpg\",\"datePublished\":\"2023-05-03T10:06:30+00:00\",\"dateModified\":\"2026-03-04T23:00:48+00:00\",\"description\":\"A term\u00e9szet ritmusa vesz\u00e9lyben van! Te vagy \u00c1ilu, egy fiatal szamii f\u00e9rfi, akinek h\u00e9tk\u00f6znapi r\u00e9nszarvasp\u00e1sztorkod\u00e1ssal t\u00f6lt\u00f6tt napja kalandba torkollik. Ismerd meg a noaid\u00e1k gy\u00f3gy\u00edt\u00f3inak, a szamiknak a r\u00e9gi szok\u00e1sait. Haszn\u00e1ld fel a noaidi dob \u00e9s az Ismer\u0151s Szellemek erej\u00e9t, hogy felvehesd a harcot a f\u00f6ld\u00f6n terjed\u0151 k\u00e1osz ellen! Global Steam Digit\u00e1lis kulcs\",\"breadcrumb\":{\"@id\":\"https:\\\/\\\/prismagamers.com\\\/hu\\\/produkt\\\/skabma-snowfall-pc-2\\\/#breadcrumb\"},\"inLanguage\":\"hu\",\"potentialAction\":[{\"@type\":\"ReadAction\",\"target\":[\"https:\\\/\\\/prismagamers.com\\\/hu\\\/produkt\\\/skabma-snowfall-pc-2\\\/\"]}]},{\"@type\":\"ImageObject\",\"inLanguage\":\"hu\",\"@id\":\"https:\\\/\\\/prismagamers.com\\\/hu\\\/produkt\\\/skabma-snowfall-pc-2\\\/#primaryimage\",\"url\":\"https:\\\/\\\/prismagamers.com\\\/wp-content\\\/uploads\\\/2023\\\/05\\\/library_600x900_2x-5.jpg\",\"contentUrl\":\"https:\\\/\\\/prismagamers.com\\\/wp-content\\\/uploads\\\/2023\\\/05\\\/library_600x900_2x-5.jpg\",\"width\":600,\"height\":900},{\"@type\":\"BreadcrumbList\",\"@id\":\"https:\\\/\\\/prismagamers.com\\\/hu\\\/produkt\\\/skabma-snowfall-pc-2\\\/#breadcrumb\",\"itemListElement\":[{\"@type\":\"ListItem\",\"position\":1,\"name\":\"Strona g\u0142\u00f3wna\",\"item\":\"https:\\\/\\\/prismagamers.com\\\/hu\\\/prismagamers\\\/\"},{\"@type\":\"ListItem\",\"position\":2,\"name\":\"Shop\",\"item\":\"https:\\\/\\\/prismagamers.com\\\/hu\\\/shop\\\/\"},{\"@type\":\"ListItem\",\"position\":3,\"name\":\"Sk\u00e1bma &#8211; Snowfall\"}]},{\"@type\":\"WebSite\",\"@id\":\"https:\\\/\\\/prismagamers.com\\\/hu\\\/#website\",\"url\":\"https:\\\/\\\/prismagamers.com\\\/hu\\\/\",\"name\":\"Prismagamers\",\"description\":\"Sklep z grami PC I Sklep klucze Steam\",\"publisher\":{\"@id\":\"https:\\\/\\\/prismagamers.com\\\/hu\\\/#organization\"},\"potentialAction\":[{\"@type\":\"SearchAction\",\"target\":{\"@type\":\"EntryPoint\",\"urlTemplate\":\"https:\\\/\\\/prismagamers.com\\\/hu\\\/?s={search_term_string}\"},\"query-input\":{\"@type\":\"PropertyValueSpecification\",\"valueRequired\":true,\"valueName\":\"search_term_string\"}}],\"inLanguage\":\"hu\"},{\"@type\":\"Organization\",\"@id\":\"https:\\\/\\\/prismagamers.com\\\/hu\\\/#organization\",\"name\":\"Prismagamers\",\"url\":\"https:\\\/\\\/prismagamers.com\\\/hu\\\/\",\"logo\":{\"@type\":\"ImageObject\",\"inLanguage\":\"hu\",\"@id\":\"https:\\\/\\\/prismagamers.com\\\/hu\\\/#\\\/schema\\\/logo\\\/image\\\/\",\"url\":\"https:\\\/\\\/prismagamers.com\\\/wp-content\\\/uploads\\\/2022\\\/04\\\/cropped-logo-Prismagamers-01-scaled-1.jpg\",\"contentUrl\":\"https:\\\/\\\/prismagamers.com\\\/wp-content\\\/uploads\\\/2022\\\/04\\\/cropped-logo-Prismagamers-01-scaled-1.jpg\",\"width\":512,\"height\":512,\"caption\":\"Prismagamers\"},\"image\":{\"@id\":\"https:\\\/\\\/prismagamers.com\\\/hu\\\/#\\\/schema\\\/logo\\\/image\\\/\"},\"sameAs\":[\"https:\\\/\\\/www.facebook.com\\\/prismagamers\",\"https:\\\/\\\/www.instagram.com\\\/prismagamers_grycyfrowe\\\/\"],\"description\":\"Prismagamers.com to dynamiczny sklep z grami cyfrowymi, stworzony z my\u015bl\u0105 o entuzjastach gier wideo. Nasza strona oferuje szerok\u0105 gam\u0119 gier komputerowych, w tym najnowsze tytu\u0142y, dobrze znane klasyki oraz gry stworzone przez niezale\u017cne studia Ca\u0142y czas d\u0105\u017cymy do rozszerzenia naszej oferty. Do\u0142\u0105cz do nas i sta\u0144 si\u0119 cz\u0119\u015bci\u0105 naszej rosn\u0105cej spo\u0142eczno\u015bci graczy!\",\"email\":\"shop@prismagamers.com\",\"telephone\":\"48795541705\",\"legalName\":\"East Caravan Maksym \u017bukow\",\"foundingDate\":\"2012-05-10\",\"vatID\":\"PL8943038612\",\"taxID\":\"PL8943038612\",\"numberOfEmployees\":{\"@type\":\"QuantitativeValue\",\"minValue\":\"11\",\"maxValue\":\"50\"}}]}<\/script>\n<!-- \/ Yoast SEO Premium plugin. -->","yoast_head_json":{"title":"Sk\u00e1bma - Snowfall - Prismagamers.com","description":"A term\u00e9szet ritmusa vesz\u00e9lyben van! Te vagy \u00c1ilu, egy fiatal szamii f\u00e9rfi, akinek h\u00e9tk\u00f6znapi r\u00e9nszarvasp\u00e1sztorkod\u00e1ssal t\u00f6lt\u00f6tt napja kalandba torkollik. Ismerd meg a noaid\u00e1k gy\u00f3gy\u00edt\u00f3inak, a szamiknak a r\u00e9gi szok\u00e1sait. Haszn\u00e1ld fel a noaidi dob \u00e9s az Ismer\u0151s Szellemek erej\u00e9t, hogy felvehesd a harcot a f\u00f6ld\u00f6n terjed\u0151 k\u00e1osz ellen!   Global Steam Digit\u00e1lis kulcs","robots":{"index":"index","follow":"follow","max-snippet":"max-snippet:-1","max-image-preview":"max-image-preview:large","max-video-preview":"max-video-preview:-1"},"canonical":"https:\/\/prismagamers.com\/hu\/produkt\/skabma-snowfall-pc-2\/","og_locale":"hu_HU","og_type":"article","og_title":"Sk\u00e1bma - Snowfall","og_description":"A term\u00e9szet ritmusa vesz\u00e9lyben van! Te vagy \u00c1ilu, egy fiatal szamii f\u00e9rfi, akinek h\u00e9tk\u00f6znapi r\u00e9nszarvasp\u00e1sztorkod\u00e1ssal t\u00f6lt\u00f6tt napja kalandba torkollik. Ismerd meg a noaid\u00e1k gy\u00f3gy\u00edt\u00f3inak, a szamiknak a r\u00e9gi szok\u00e1sait. Haszn\u00e1ld fel a noaidi dob \u00e9s az Ismer\u0151s Szellemek erej\u00e9t, hogy felvehesd a harcot a f\u00f6ld\u00f6n terjed\u0151 k\u00e1osz ellen!   Global Steam Digit\u00e1lis kulcs","og_url":"https:\/\/prismagamers.com\/hu\/produkt\/skabma-snowfall-pc-2\/","og_site_name":"Prismagamers.com","article_publisher":"https:\/\/www.facebook.com\/prismagamers","article_modified_time":"2026-03-04T23:00:48+00:00","og_image":[{"width":600,"height":900,"url":"https:\/\/prismagamers.com\/wp-content\/uploads\/2023\/05\/library_600x900_2x-5.jpg","type":"image\/jpeg"}],"twitter_card":"summary_large_image","twitter_misc":{"Becs\u00fclt olvas\u00e1si id\u0151":"1 perc"},"schema":{"@context":"https:\/\/schema.org","@graph":[{"@type":"WebPage","@id":"https:\/\/prismagamers.com\/hu\/produkt\/skabma-snowfall-pc-2\/","url":"https:\/\/prismagamers.com\/hu\/produkt\/skabma-snowfall-pc-2\/","name":"Sk\u00e1bma - Snowfall - Prismagamers.com","isPartOf":{"@id":"https:\/\/prismagamers.com\/hu\/#website"},"primaryImageOfPage":{"@id":"https:\/\/prismagamers.com\/hu\/produkt\/skabma-snowfall-pc-2\/#primaryimage"},"image":{"@id":"https:\/\/prismagamers.com\/hu\/produkt\/skabma-snowfall-pc-2\/#primaryimage"},"thumbnailUrl":"https:\/\/prismagamers.com\/wp-content\/uploads\/2023\/05\/library_600x900_2x-5.jpg","datePublished":"2023-05-03T10:06:30+00:00","dateModified":"2026-03-04T23:00:48+00:00","description":"A term\u00e9szet ritmusa vesz\u00e9lyben van! Te vagy \u00c1ilu, egy fiatal szamii f\u00e9rfi, akinek h\u00e9tk\u00f6znapi r\u00e9nszarvasp\u00e1sztorkod\u00e1ssal t\u00f6lt\u00f6tt napja kalandba torkollik. Ismerd meg a noaid\u00e1k gy\u00f3gy\u00edt\u00f3inak, a szamiknak a r\u00e9gi szok\u00e1sait. Haszn\u00e1ld fel a noaidi dob \u00e9s az Ismer\u0151s Szellemek erej\u00e9t, hogy felvehesd a harcot a f\u00f6ld\u00f6n terjed\u0151 k\u00e1osz ellen! Global Steam Digit\u00e1lis kulcs","breadcrumb":{"@id":"https:\/\/prismagamers.com\/hu\/produkt\/skabma-snowfall-pc-2\/#breadcrumb"},"inLanguage":"hu","potentialAction":[{"@type":"ReadAction","target":["https:\/\/prismagamers.com\/hu\/produkt\/skabma-snowfall-pc-2\/"]}]},{"@type":"ImageObject","inLanguage":"hu","@id":"https:\/\/prismagamers.com\/hu\/produkt\/skabma-snowfall-pc-2\/#primaryimage","url":"https:\/\/prismagamers.com\/wp-content\/uploads\/2023\/05\/library_600x900_2x-5.jpg","contentUrl":"https:\/\/prismagamers.com\/wp-content\/uploads\/2023\/05\/library_600x900_2x-5.jpg","width":600,"height":900},{"@type":"BreadcrumbList","@id":"https:\/\/prismagamers.com\/hu\/produkt\/skabma-snowfall-pc-2\/#breadcrumb","itemListElement":[{"@type":"ListItem","position":1,"name":"Strona g\u0142\u00f3wna","item":"https:\/\/prismagamers.com\/hu\/prismagamers\/"},{"@type":"ListItem","position":2,"name":"Shop","item":"https:\/\/prismagamers.com\/hu\/shop\/"},{"@type":"ListItem","position":3,"name":"Sk\u00e1bma &#8211; Snowfall"}]},{"@type":"WebSite","@id":"https:\/\/prismagamers.com\/hu\/#website","url":"https:\/\/prismagamers.com\/hu\/","name":"Prismagamers","description":"Sklep z grami PC I Sklep klucze Steam","publisher":{"@id":"https:\/\/prismagamers.com\/hu\/#organization"},"potentialAction":[{"@type":"SearchAction","target":{"@type":"EntryPoint","urlTemplate":"https:\/\/prismagamers.com\/hu\/?s={search_term_string}"},"query-input":{"@type":"PropertyValueSpecification","valueRequired":true,"valueName":"search_term_string"}}],"inLanguage":"hu"},{"@type":"Organization","@id":"https:\/\/prismagamers.com\/hu\/#organization","name":"Prismagamers","url":"https:\/\/prismagamers.com\/hu\/","logo":{"@type":"ImageObject","inLanguage":"hu","@id":"https:\/\/prismagamers.com\/hu\/#\/schema\/logo\/image\/","url":"https:\/\/prismagamers.com\/wp-content\/uploads\/2022\/04\/cropped-logo-Prismagamers-01-scaled-1.jpg","contentUrl":"https:\/\/prismagamers.com\/wp-content\/uploads\/2022\/04\/cropped-logo-Prismagamers-01-scaled-1.jpg","width":512,"height":512,"caption":"Prismagamers"},"image":{"@id":"https:\/\/prismagamers.com\/hu\/#\/schema\/logo\/image\/"},"sameAs":["https:\/\/www.facebook.com\/prismagamers","https:\/\/www.instagram.com\/prismagamers_grycyfrowe\/"],"description":"Prismagamers.com to dynamiczny sklep z grami cyfrowymi, stworzony z my\u015bl\u0105 o entuzjastach gier wideo. Nasza strona oferuje szerok\u0105 gam\u0119 gier komputerowych, w tym najnowsze tytu\u0142y, dobrze znane klasyki oraz gry stworzone przez niezale\u017cne studia Ca\u0142y czas d\u0105\u017cymy do rozszerzenia naszej oferty. Do\u0142\u0105cz do nas i sta\u0144 si\u0119 cz\u0119\u015bci\u0105 naszej rosn\u0105cej spo\u0142eczno\u015bci graczy!","email":"shop@prismagamers.com","telephone":"48795541705","legalName":"East Caravan Maksym \u017bukow","foundingDate":"2012-05-10","vatID":"PL8943038612","taxID":"PL8943038612","numberOfEmployees":{"@type":"QuantitativeValue","minValue":"11","maxValue":"50"}}]}},"_links":{"self":[{"href":"https:\/\/prismagamers.com\/hu\/wp-json\/wp\/v2\/product\/35128","targetHints":{"allow":["GET"]}}],"collection":[{"href":"https:\/\/prismagamers.com\/hu\/wp-json\/wp\/v2\/product"}],"about":[{"href":"https:\/\/prismagamers.com\/hu\/wp-json\/wp\/v2\/types\/product"}],"wp:featuredmedia":[{"embeddable":true,"href":"https:\/\/prismagamers.com\/hu\/wp-json\/wp\/v2\/media\/25266"}],"wp:attachment":[{"href":"https:\/\/prismagamers.com\/hu\/wp-json\/wp\/v2\/media?parent=35128"}],"wp:term":[{"taxonomy":"product_brand","embeddable":true,"href":"https:\/\/prismagamers.com\/hu\/wp-json\/wp\/v2\/product_brand?post=35128"},{"taxonomy":"product_cat","embeddable":true,"href":"https:\/\/prismagamers.com\/hu\/wp-json\/wp\/v2\/product_cat?post=35128"},{"taxonomy":"product_tag","embeddable":true,"href":"https:\/\/prismagamers.com\/hu\/wp-json\/wp\/v2\/product_tag?post=35128"}],"curies":[{"name":"wp","href":"https:\/\/api.w.org\/{rel}","templated":true}]}}