{"id":35178,"date":"2025-02-10T21:48:32","date_gmt":"2025-02-10T20:48:32","guid":{"rendered":"https:\/\/prismagamers.com\/produkt\/lords-of-the-fallen\/"},"modified":"2026-03-05T00:00:56","modified_gmt":"2026-03-04T23:00:56","slug":"lords-of-the-fallen","status":"publish","type":"product","link":"https:\/\/prismagamers.com\/hu\/produkt\/lords-of-the-fallen\/","title":{"rendered":"Lords of the Fallen"},"content":{"rendered":"<h6><strong>Lords of the Fallen \u2013 Epikus Akci\u00f3 RPG J\u00e1t\u00e9k S\u00f6t\u00e9t Fant\u00e1ziavil\u00e1gban<\/strong><\/h6>\n<p><strong>A Lords of the Fallen<\/strong> egy \u00faj epiz\u00f3dja a p\u00f6rg\u0151s akci\u00f3 <strong>RPG <\/strong>j\u00e1t\u00e9knak, amely egy hatalmas, \u00f6sszekapcsolt vil\u00e1gban j\u00e1tsz\u00f3dik, amely t\u00f6bb mint \u00f6tsz\u00f6r nagyobb, mint az eredeti. Mer\u00fclj el a s\u00f6t\u00e9t t\u00f6rt\u00e9netben, fedezd fel a p\u00e1rhuzamos dimenzi\u00f3kat, \u00e9s harcolj hatalmas f\u0151ellenfelekkel az idei \u00e9v egyik legnagyobb kih\u00edv\u00e1st jelent\u0151 akci\u00f3j\u00e1t\u00e9k\u00e1ban. <\/p>\n<p><img decoding=\"async\" class=\"bb_img aligncenter\" src=\"https:\/\/shared.fastly.steamstatic.com\/store_item_assets\/steam\/apps\/1501750\/extras\/1_mainHeader.gif?t=1738853907\"><\/p>\n<h6><strong>A S\u00f6t\u00e9t T\u00f6rt\u00e9net a Bukott Istenekr\u0151l<\/strong><\/h6>\n<p>\u00c9vekkel a d\u00e9moni isten, <strong>Adyr<\/strong>, elnyom\u00f3 uralkod\u00e1sa ut\u00e1n v\u00e9g\u00fcl legy\u0151zt\u00e9k. Azonban az istenek sosem t\u00e1voznak v\u00e9gleg&#8230; Most el\u00e9rkezett az \u0151 \u00fajj\u00e1sz\u00fclet\u00e9s\u00e9nek ideje. L\u00e9pj be a <strong>s\u00f6t\u00e9t keresztes lovag szerep\u00e9be<\/strong>, \u00e9s indulj el egy epikus utaz\u00e1sra az \u00e9l\u0151k \u00e9s holtak f\u00f6ldj\u00e9n, hogy v\u00e9gleg v\u00e9get vess uralm\u00e1nak. A <strong>te d\u00f6nt\u00e9seid fogj\u00e1k meghat\u00e1rozni<\/strong>, hogy a legend\u00e1d t\u00f6rt\u00e9nete a f\u00e9nyr\u0151l sz\u00f3l-e&#8230; vagy a s\u00f6t\u00e9ts\u00e9gr\u0151l.<\/p>\n<p><img decoding=\"async\" class=\"bb_img aligncenter\" src=\"https:\/\/shared.fastly.steamstatic.com\/store_item_assets\/steam\/apps\/1501750\/extras\/2_vastWorld.gif?t=1738853907\"><\/p>\n<h6><strong>Nyitott Vil\u00e1g Tele Titkokkal<\/strong><\/h6>\n<p>Fedezd <strong>fel k\u00e9t p\u00e1rhuzamos vil\u00e1got<\/strong> \u2013 az \u00e9l\u0151k f\u00f6ldj\u00e9t \u00e9s a szellemek k\u00eds\u00e9rtette birodalmat. M\u00edg az emberek vil\u00e1g\u00e1ban vesz\u00e9lyek rejt\u0151znek, addig az \u00e1rnyak birodalm\u00e1ban ki nem mondott borzalom leselkedik. Fedezd fel a titkokat, tal\u00e1lj rejtett \u00f6sv\u00e9nyeket, \u00e9s oldj meg rejt\u00e9lyeket, amelyek elvezetnek a rejtett kincsekhez \u00e9s hatalmas erekly\u00e9khez.  <\/p>\n<p><img decoding=\"async\" class=\"bb_img aligncenter\" src=\"https:\/\/shared.fastly.steamstatic.com\/store_item_assets\/steam\/apps\/1501750\/extras\/3_defineLegend.gif?t=1738853907\"><\/p>\n<h6><strong>Hozd l\u00e9tre a saj\u00e1t h\u0151s\u00f6det!<\/strong><\/h6>\n<p>Alak\u00edtsd a h\u0151s\u00f6det a saj\u00e1t j\u00e1t\u00e9kst\u00edlusodhoz! V\u00e1lassz egyet a <strong>kilenc karakteroszt\u00e1ly k\u00f6z\u00fcl<\/strong>, majd fejleszd a legend\u00e1dat, jav\u00edtva a <strong>k\u00e9pess\u00e9geidet, fegyvereidet, p\u00e1nc\u00e9ljaidat \u00e9s var\u00e1zslataidat<\/strong>. Minden d\u00f6nt\u00e9s sz\u00e1m\u00edt, \u00e9s hat\u00e1ssal van a harci st\u00edlusodra.  <\/p>\n<h6><strong>Izgalmas \u00e9s Kih\u00edv\u00e1st Jelent\u0151 Harcrendszer<\/strong><\/h6>\n<p>Uralkodj a <strong>gyors \u00e9s taktikus harcrendszer felett<\/strong>, amely a precizit\u00e1son \u00e9s a strat\u00e9gi\u00e1n alapul. V\u00e1lassz <strong>a t\u00f6bb sz\u00e1z brut\u00e1lis fegyver k\u00f6z\u00fcl<\/strong>, a kardokt\u00f3l \u00e9s harci b\u00e1rdokt\u00f3l kezdve a titokzatos erekly\u00e9kig. El is dobhatod a fegyvereket, \u00e9s a puszt\u00edt\u00f3 <strong>m\u00e1gi\u00e1ra <\/strong>v\u00e1lthatsz, kihaszn\u00e1lva a s\u00f6t\u00e9t var\u00e1zslatok erej\u00e9t.  <\/p>\n<p><img decoding=\"async\" class=\"bb_img aligncenter\" src=\"https:\/\/shared.fastly.steamstatic.com\/store_item_assets\/steam\/apps\/1501750\/extras\/4_fluidCombat.gif?t=1738853907\"><\/p>\n<h6><strong>Multiplayer m\u00f3d \u2013 Egy\u00fcttm\u0171k\u00f6d\u00e9s vagy PvP<\/p>\n<p><\/strong><\/h6>\n<p>J\u00e1tssz teljes kamp\u00e1nyt egyed\u00fcl, vagy egyes\u00edtsd er\u0151det m\u00e1s j\u00e1t\u00e9kosokkal a<strong> h\u00e1l\u00f3zati kooper\u00e1ci\u00f3s m\u00f3dban<\/strong>. Utazzatok egy\u00fctt, szerezzetek tapasztalatot \u00e9s egyedi t\u00e1rgyakat. De vigy\u00e1zz \u2013 <strong>m\u00e1s j\u00e1t\u00e9kosok bet\u00f6rhetnek <\/strong>a vil\u00e1godba, \u00e9s kih\u00edvhatnak PvP m\u00f3dban!  <\/p>\n<p><img decoding=\"async\" class=\"bb_img aligncenter\" src=\"https:\/\/shared.fastly.steamstatic.com\/store_item_assets\/steam\/apps\/1501750\/extras\/5_onlineMultiplayer.gif?t=1738853907\"><\/p>\n<h5><strong>A L\u00e1mp\u00e1s \u2013 A Vil\u00e1gok Hat\u00e1rainak \u00c1tl\u00e9p\u00e9s\u00e9nek Kulcsa<\/strong><\/h5>\n<p>Haszn\u00e1ld a<strong> s\u00f6t\u00e9t erekly\u00e9t<\/strong>, amely <strong>lehet\u0151v\u00e9 teszi sz\u00e1modra<\/strong>, hogy \u00e1tv\u00e1ndorolj a vil\u00e1gok k\u00f6z\u00f6tt, felfedezd a rejtett helysz\u00edneket \u00e9s manipul\u00e1ld ellens\u00e9geid lelk\u00e9t. Ez egy hatalmas eszk\u00f6z, amely a legnagyobb el\u0151ny\u00f6dd\u00e9 v\u00e1lhat. <\/p>\n<p><img decoding=\"async\" class=\"bb_img aligncenter\" src=\"https:\/\/shared.fastly.steamstatic.com\/store_item_assets\/steam\/apps\/1501750\/extras\/6_ungodlyPower.gif?t=1738853907\"><\/p>\n<h6><strong>T\u00fal\u00e9l\u00e9s a Holtak Kir\u00e1lys\u00e1g\u00e1ban<\/strong><\/h6>\n<p>A hal\u00e1l nem a v\u00e9g \u2013 ez csak egy \u00faj harc kezdete. Ha meghalsz az \u00e9l\u0151k vil\u00e1g\u00e1ban, \u00fa<strong>jj\u00e1sz\u00fcletsz a holtak birodalm\u00e1ban<\/strong>, ahol m\u00e9g vesz\u00e9lyesebb r\u00e9m\u00e1lmok v\u00e1rnak r\u00e1d. T\u00fal\u00e9lj, hogy visszat\u00e9rj az emberek vil\u00e1g\u00e1ba\u2026 vagy maradj \u00f6r\u00f6kre a s\u00f6t\u00e9ts\u00e9gben.  <\/p>\n<p><img decoding=\"async\" class=\"bb_img aligncenter\" src=\"https:\/\/shared.fastly.steamstatic.com\/store_item_assets\/steam\/apps\/1501750\/extras\/7_riseFromDeath.gif?t=1738853907\"><\/p>\n","protected":false},"excerpt":{"rendered":"<p class=\"ai-optimize-28\">L\u00e9pj be a s\u00f6t\u00e9t fantasy vil\u00e1g\u00e1ba a<strong> Lords of the Fallen <\/strong>\u2013 egy \u00faj, akci\u00f3val teli RPG j\u00e1t\u00e9kban. Alak\u00edtsd a legend\u00e1s s\u00f6t\u00e9t keresztes lovagot, \u00e9s indulj egy epikus k\u00fcldet\u00e9sre, hogy v\u00e9gleg legy\u0151zd a d\u00e9moni isten Adyrt. K\u00e9pes leszel t\u00fal\u00e9lni az \u00e9l\u0151k \u00e9s a holtak vil\u00e1g\u00e1ban?  <\/p>\n<p class=\"ai-optimize-29\">\ud83c\udf0d Glob\u00e1lis<br \/>\n\u2699\ufe0f Steam<br \/>\n\ud83d\udddd Digit\u00e1lis kulcs<\/p>\n","protected":false},"featured_media":33875,"template":"","meta":{"_acf_changed":false,"site-sidebar-layout":"default","site-content-layout":"","ast-site-content-layout":"default","site-content-style":"default","site-sidebar-style":"default","ast-global-header-display":"","ast-banner-title-visibility":"","ast-main-header-display":"","ast-hfb-above-header-display":"","ast-hfb-below-header-display":"","ast-hfb-mobile-header-display":"","site-post-title":"","ast-breadcrumbs-content":"","ast-featured-img":"","footer-sml-layout":"","ast-disable-related-posts":"","theme-transparent-header-meta":"default","adv-header-id-meta":"","stick-header-meta":"","header-above-stick-meta":"","header-main-stick-meta":"","header-below-stick-meta":"","astra-migrate-meta-layouts":"default","ast-page-background-enabled":"default","ast-page-background-meta":{"desktop":{"background-color":"var(--ast-global-color-4)","background-image":"","background-repeat":"repeat","background-position":"center center","background-size":"auto","background-attachment":"scroll","background-type":"","background-media":"","overlay-type":"","overlay-color":"","overlay-opacity":"","overlay-gradient":""},"tablet":{"background-color":"","background-image":"","background-repeat":"repeat","background-position":"center center","background-size":"auto","background-attachment":"scroll","background-type":"","background-media":"","overlay-type":"","overlay-color":"","overlay-opacity":"","overlay-gradient":""},"mobile":{"background-color":"","background-image":"","background-repeat":"repeat","background-position":"center center","background-size":"auto","background-attachment":"scroll","background-type":"","background-media":"","overlay-type":"","overlay-color":"","overlay-opacity":"","overlay-gradient":""}},"ast-content-background-meta":{"desktop":{"background-color":"var(--ast-global-color-5)","background-image":"","background-repeat":"repeat","background-position":"center center","background-size":"auto","background-attachment":"scroll","background-type":"","background-media":"","overlay-type":"","overlay-color":"","overlay-opacity":"","overlay-gradient":""},"tablet":{"background-color":"var(--ast-global-color-5)","background-image":"","background-repeat":"repeat","background-position":"center center","background-size":"auto","background-attachment":"scroll","background-type":"","background-media":"","overlay-type":"","overlay-color":"","overlay-opacity":"","overlay-gradient":""},"mobile":{"background-color":"var(--ast-global-color-5)","background-image":"","background-repeat":"repeat","background-position":"center center","background-size":"auto","background-attachment":"scroll","background-type":"","background-media":"","overlay-type":"","overlay-color":"","overlay-opacity":"","overlay-gradient":""}}},"product_brand":[],"product_cat":[371,359,407,369,365,364],"product_tag":[],"class_list":{"0":"post-35178","1":"product","2":"type-product","3":"status-publish","4":"has-post-thumbnail","6":"product_cat-akcio-jatekok","7":"product_cat-bestseller-hu","8":"product_cat-ci-games-hu","9":"product_cat-csarnokok","10":"product_cat-goz","11":"product_cat-rpg-k","12":"desktop-align-left","13":"tablet-align-left","14":"mobile-align-left","16":"first","17":"instock","18":"virtual","19":"purchasable","20":"product-type-simple"},"acf":[],"yoast_head":"<!-- This site is optimized with the Yoast SEO Premium plugin v27.4 (Yoast SEO v27.4) - https:\/\/yoast.com\/product\/yoast-seo-premium-wordpress\/ -->\n<title>Lords of the Fallen - Prismagamers.com<\/title>\n<meta name=\"description\" content=\"L\u00e9pj be a s\u00f6t\u00e9t fantasy vil\u00e1g\u00e1ba a Lords of the Fallen \u2013 egy \u00faj, akci\u00f3val teli RPG j\u00e1t\u00e9kban. Alak\u00edtsd a legend\u00e1s s\u00f6t\u00e9t keresztes lovagot, \u00e9s indulj egy epikus k\u00fcldet\u00e9sre, hogy v\u00e9gleg legy\u0151zd a d\u00e9moni isten Adyrt. K\u00e9pes leszel t\u00fal\u00e9lni az \u00e9l\u0151k \u00e9s a holtak vil\u00e1g\u00e1ban?  \ud83c\udf0d Glob\u00e1lis \u2699\ufe0f Steam \ud83d\udddd Digit\u00e1lis kulcs\" \/>\n<meta name=\"robots\" content=\"index, follow, max-snippet:-1, max-image-preview:large, max-video-preview:-1\" \/>\n<link rel=\"canonical\" href=\"https:\/\/prismagamers.com\/hu\/produkt\/lords-of-the-fallen\/\" \/>\n<meta property=\"og:locale\" content=\"hu_HU\" \/>\n<meta property=\"og:type\" content=\"article\" \/>\n<meta property=\"og:title\" content=\"Lords of the Fallen\" \/>\n<meta property=\"og:description\" content=\"L\u00e9pj be a s\u00f6t\u00e9t fantasy vil\u00e1g\u00e1ba a Lords of the Fallen \u2013 egy \u00faj, akci\u00f3val teli RPG j\u00e1t\u00e9kban. Alak\u00edtsd a legend\u00e1s s\u00f6t\u00e9t keresztes lovagot, \u00e9s indulj egy epikus k\u00fcldet\u00e9sre, hogy v\u00e9gleg legy\u0151zd a d\u00e9moni isten Adyrt. K\u00e9pes leszel t\u00fal\u00e9lni az \u00e9l\u0151k \u00e9s a holtak vil\u00e1g\u00e1ban?  \ud83c\udf0d Glob\u00e1lis \u2699\ufe0f Steam \ud83d\udddd Digit\u00e1lis kulcs\" \/>\n<meta property=\"og:url\" content=\"https:\/\/prismagamers.com\/hu\/produkt\/lords-of-the-fallen\/\" \/>\n<meta property=\"og:site_name\" content=\"Prismagamers.com\" \/>\n<meta property=\"article:publisher\" content=\"https:\/\/www.facebook.com\/prismagamers\" \/>\n<meta property=\"article:modified_time\" content=\"2026-03-04T23:00:56+00:00\" \/>\n<meta property=\"og:image\" content=\"https:\/\/prismagamers.com\/wp-content\/uploads\/2025\/02\/lords-of-the-fallen.jpeg\" \/>\n\t<meta property=\"og:image:width\" content=\"300\" \/>\n\t<meta property=\"og:image:height\" content=\"450\" \/>\n\t<meta property=\"og:image:type\" content=\"image\/jpeg\" \/>\n<meta name=\"twitter:card\" content=\"summary_large_image\" \/>\n<meta name=\"twitter:label1\" content=\"Becs\u00fclt olvas\u00e1si id\u0151\" \/>\n\t<meta name=\"twitter:data1\" content=\"3 perc\" \/>\n<script type=\"application\/ld+json\" class=\"yoast-schema-graph\">{\"@context\":\"https:\\\/\\\/schema.org\",\"@graph\":[{\"@type\":\"WebPage\",\"@id\":\"https:\\\/\\\/prismagamers.com\\\/hu\\\/produkt\\\/lords-of-the-fallen\\\/\",\"url\":\"https:\\\/\\\/prismagamers.com\\\/hu\\\/produkt\\\/lords-of-the-fallen\\\/\",\"name\":\"Lords of the Fallen - Prismagamers.com\",\"isPartOf\":{\"@id\":\"https:\\\/\\\/prismagamers.com\\\/hu\\\/#website\"},\"primaryImageOfPage\":{\"@id\":\"https:\\\/\\\/prismagamers.com\\\/hu\\\/produkt\\\/lords-of-the-fallen\\\/#primaryimage\"},\"image\":{\"@id\":\"https:\\\/\\\/prismagamers.com\\\/hu\\\/produkt\\\/lords-of-the-fallen\\\/#primaryimage\"},\"thumbnailUrl\":\"https:\\\/\\\/prismagamers.com\\\/wp-content\\\/uploads\\\/2025\\\/02\\\/lords-of-the-fallen.jpeg\",\"datePublished\":\"2025-02-10T20:48:32+00:00\",\"dateModified\":\"2026-03-04T23:00:56+00:00\",\"description\":\"L\u00e9pj be a s\u00f6t\u00e9t fantasy vil\u00e1g\u00e1ba a Lords of the Fallen \u2013 egy \u00faj, akci\u00f3val teli RPG j\u00e1t\u00e9kban. Alak\u00edtsd a legend\u00e1s s\u00f6t\u00e9t keresztes lovagot, \u00e9s indulj egy epikus k\u00fcldet\u00e9sre, hogy v\u00e9gleg legy\u0151zd a d\u00e9moni isten Adyrt. K\u00e9pes leszel t\u00fal\u00e9lni az \u00e9l\u0151k \u00e9s a holtak vil\u00e1g\u00e1ban? \ud83c\udf0d Glob\u00e1lis \u2699\ufe0f Steam \ud83d\udddd Digit\u00e1lis kulcs\",\"breadcrumb\":{\"@id\":\"https:\\\/\\\/prismagamers.com\\\/hu\\\/produkt\\\/lords-of-the-fallen\\\/#breadcrumb\"},\"inLanguage\":\"hu\",\"potentialAction\":[{\"@type\":\"ReadAction\",\"target\":[\"https:\\\/\\\/prismagamers.com\\\/hu\\\/produkt\\\/lords-of-the-fallen\\\/\"]}]},{\"@type\":\"ImageObject\",\"inLanguage\":\"hu\",\"@id\":\"https:\\\/\\\/prismagamers.com\\\/hu\\\/produkt\\\/lords-of-the-fallen\\\/#primaryimage\",\"url\":\"https:\\\/\\\/prismagamers.com\\\/wp-content\\\/uploads\\\/2025\\\/02\\\/lords-of-the-fallen.jpeg\",\"contentUrl\":\"https:\\\/\\\/prismagamers.com\\\/wp-content\\\/uploads\\\/2025\\\/02\\\/lords-of-the-fallen.jpeg\",\"width\":300,\"height\":450,\"caption\":\"lords of the fallen boxshot\"},{\"@type\":\"BreadcrumbList\",\"@id\":\"https:\\\/\\\/prismagamers.com\\\/hu\\\/produkt\\\/lords-of-the-fallen\\\/#breadcrumb\",\"itemListElement\":[{\"@type\":\"ListItem\",\"position\":1,\"name\":\"Strona g\u0142\u00f3wna\",\"item\":\"https:\\\/\\\/prismagamers.com\\\/hu\\\/prismagamers\\\/\"},{\"@type\":\"ListItem\",\"position\":2,\"name\":\"Shop\",\"item\":\"https:\\\/\\\/prismagamers.com\\\/hu\\\/shop\\\/\"},{\"@type\":\"ListItem\",\"position\":3,\"name\":\"Lords of the Fallen\"}]},{\"@type\":\"WebSite\",\"@id\":\"https:\\\/\\\/prismagamers.com\\\/hu\\\/#website\",\"url\":\"https:\\\/\\\/prismagamers.com\\\/hu\\\/\",\"name\":\"Prismagamers\",\"description\":\"Sklep z grami PC I Sklep klucze Steam\",\"publisher\":{\"@id\":\"https:\\\/\\\/prismagamers.com\\\/hu\\\/#organization\"},\"potentialAction\":[{\"@type\":\"SearchAction\",\"target\":{\"@type\":\"EntryPoint\",\"urlTemplate\":\"https:\\\/\\\/prismagamers.com\\\/hu\\\/?s={search_term_string}\"},\"query-input\":{\"@type\":\"PropertyValueSpecification\",\"valueRequired\":true,\"valueName\":\"search_term_string\"}}],\"inLanguage\":\"hu\"},{\"@type\":\"Organization\",\"@id\":\"https:\\\/\\\/prismagamers.com\\\/hu\\\/#organization\",\"name\":\"Prismagamers\",\"url\":\"https:\\\/\\\/prismagamers.com\\\/hu\\\/\",\"logo\":{\"@type\":\"ImageObject\",\"inLanguage\":\"hu\",\"@id\":\"https:\\\/\\\/prismagamers.com\\\/hu\\\/#\\\/schema\\\/logo\\\/image\\\/\",\"url\":\"https:\\\/\\\/prismagamers.com\\\/wp-content\\\/uploads\\\/2022\\\/04\\\/cropped-logo-Prismagamers-01-scaled-1.jpg\",\"contentUrl\":\"https:\\\/\\\/prismagamers.com\\\/wp-content\\\/uploads\\\/2022\\\/04\\\/cropped-logo-Prismagamers-01-scaled-1.jpg\",\"width\":512,\"height\":512,\"caption\":\"Prismagamers\"},\"image\":{\"@id\":\"https:\\\/\\\/prismagamers.com\\\/hu\\\/#\\\/schema\\\/logo\\\/image\\\/\"},\"sameAs\":[\"https:\\\/\\\/www.facebook.com\\\/prismagamers\",\"https:\\\/\\\/www.instagram.com\\\/prismagamers_grycyfrowe\\\/\"],\"description\":\"Prismagamers.com to dynamiczny sklep z grami cyfrowymi, stworzony z my\u015bl\u0105 o entuzjastach gier wideo. Nasza strona oferuje szerok\u0105 gam\u0119 gier komputerowych, w tym najnowsze tytu\u0142y, dobrze znane klasyki oraz gry stworzone przez niezale\u017cne studia Ca\u0142y czas d\u0105\u017cymy do rozszerzenia naszej oferty. Do\u0142\u0105cz do nas i sta\u0144 si\u0119 cz\u0119\u015bci\u0105 naszej rosn\u0105cej spo\u0142eczno\u015bci graczy!\",\"email\":\"shop@prismagamers.com\",\"telephone\":\"48795541705\",\"legalName\":\"East Caravan Maksym \u017bukow\",\"foundingDate\":\"2012-05-10\",\"vatID\":\"PL8943038612\",\"taxID\":\"PL8943038612\",\"numberOfEmployees\":{\"@type\":\"QuantitativeValue\",\"minValue\":\"11\",\"maxValue\":\"50\"}}]}<\/script>\n<!-- \/ Yoast SEO Premium plugin. -->","yoast_head_json":{"title":"Lords of the Fallen - Prismagamers.com","description":"L\u00e9pj be a s\u00f6t\u00e9t fantasy vil\u00e1g\u00e1ba a Lords of the Fallen \u2013 egy \u00faj, akci\u00f3val teli RPG j\u00e1t\u00e9kban. Alak\u00edtsd a legend\u00e1s s\u00f6t\u00e9t keresztes lovagot, \u00e9s indulj egy epikus k\u00fcldet\u00e9sre, hogy v\u00e9gleg legy\u0151zd a d\u00e9moni isten Adyrt. K\u00e9pes leszel t\u00fal\u00e9lni az \u00e9l\u0151k \u00e9s a holtak vil\u00e1g\u00e1ban?  \ud83c\udf0d Glob\u00e1lis \u2699\ufe0f Steam \ud83d\udddd Digit\u00e1lis kulcs","robots":{"index":"index","follow":"follow","max-snippet":"max-snippet:-1","max-image-preview":"max-image-preview:large","max-video-preview":"max-video-preview:-1"},"canonical":"https:\/\/prismagamers.com\/hu\/produkt\/lords-of-the-fallen\/","og_locale":"hu_HU","og_type":"article","og_title":"Lords of the Fallen","og_description":"L\u00e9pj be a s\u00f6t\u00e9t fantasy vil\u00e1g\u00e1ba a Lords of the Fallen \u2013 egy \u00faj, akci\u00f3val teli RPG j\u00e1t\u00e9kban. Alak\u00edtsd a legend\u00e1s s\u00f6t\u00e9t keresztes lovagot, \u00e9s indulj egy epikus k\u00fcldet\u00e9sre, hogy v\u00e9gleg legy\u0151zd a d\u00e9moni isten Adyrt. K\u00e9pes leszel t\u00fal\u00e9lni az \u00e9l\u0151k \u00e9s a holtak vil\u00e1g\u00e1ban?  \ud83c\udf0d Glob\u00e1lis \u2699\ufe0f Steam \ud83d\udddd Digit\u00e1lis kulcs","og_url":"https:\/\/prismagamers.com\/hu\/produkt\/lords-of-the-fallen\/","og_site_name":"Prismagamers.com","article_publisher":"https:\/\/www.facebook.com\/prismagamers","article_modified_time":"2026-03-04T23:00:56+00:00","og_image":[{"width":300,"height":450,"url":"https:\/\/prismagamers.com\/wp-content\/uploads\/2025\/02\/lords-of-the-fallen.jpeg","type":"image\/jpeg"}],"twitter_card":"summary_large_image","twitter_misc":{"Becs\u00fclt olvas\u00e1si id\u0151":"3 perc"},"schema":{"@context":"https:\/\/schema.org","@graph":[{"@type":"WebPage","@id":"https:\/\/prismagamers.com\/hu\/produkt\/lords-of-the-fallen\/","url":"https:\/\/prismagamers.com\/hu\/produkt\/lords-of-the-fallen\/","name":"Lords of the Fallen - Prismagamers.com","isPartOf":{"@id":"https:\/\/prismagamers.com\/hu\/#website"},"primaryImageOfPage":{"@id":"https:\/\/prismagamers.com\/hu\/produkt\/lords-of-the-fallen\/#primaryimage"},"image":{"@id":"https:\/\/prismagamers.com\/hu\/produkt\/lords-of-the-fallen\/#primaryimage"},"thumbnailUrl":"https:\/\/prismagamers.com\/wp-content\/uploads\/2025\/02\/lords-of-the-fallen.jpeg","datePublished":"2025-02-10T20:48:32+00:00","dateModified":"2026-03-04T23:00:56+00:00","description":"L\u00e9pj be a s\u00f6t\u00e9t fantasy vil\u00e1g\u00e1ba a Lords of the Fallen \u2013 egy \u00faj, akci\u00f3val teli RPG j\u00e1t\u00e9kban. Alak\u00edtsd a legend\u00e1s s\u00f6t\u00e9t keresztes lovagot, \u00e9s indulj egy epikus k\u00fcldet\u00e9sre, hogy v\u00e9gleg legy\u0151zd a d\u00e9moni isten Adyrt. K\u00e9pes leszel t\u00fal\u00e9lni az \u00e9l\u0151k \u00e9s a holtak vil\u00e1g\u00e1ban? \ud83c\udf0d Glob\u00e1lis \u2699\ufe0f Steam \ud83d\udddd Digit\u00e1lis kulcs","breadcrumb":{"@id":"https:\/\/prismagamers.com\/hu\/produkt\/lords-of-the-fallen\/#breadcrumb"},"inLanguage":"hu","potentialAction":[{"@type":"ReadAction","target":["https:\/\/prismagamers.com\/hu\/produkt\/lords-of-the-fallen\/"]}]},{"@type":"ImageObject","inLanguage":"hu","@id":"https:\/\/prismagamers.com\/hu\/produkt\/lords-of-the-fallen\/#primaryimage","url":"https:\/\/prismagamers.com\/wp-content\/uploads\/2025\/02\/lords-of-the-fallen.jpeg","contentUrl":"https:\/\/prismagamers.com\/wp-content\/uploads\/2025\/02\/lords-of-the-fallen.jpeg","width":300,"height":450,"caption":"lords of the fallen boxshot"},{"@type":"BreadcrumbList","@id":"https:\/\/prismagamers.com\/hu\/produkt\/lords-of-the-fallen\/#breadcrumb","itemListElement":[{"@type":"ListItem","position":1,"name":"Strona g\u0142\u00f3wna","item":"https:\/\/prismagamers.com\/hu\/prismagamers\/"},{"@type":"ListItem","position":2,"name":"Shop","item":"https:\/\/prismagamers.com\/hu\/shop\/"},{"@type":"ListItem","position":3,"name":"Lords of the Fallen"}]},{"@type":"WebSite","@id":"https:\/\/prismagamers.com\/hu\/#website","url":"https:\/\/prismagamers.com\/hu\/","name":"Prismagamers","description":"Sklep z grami PC I Sklep klucze Steam","publisher":{"@id":"https:\/\/prismagamers.com\/hu\/#organization"},"potentialAction":[{"@type":"SearchAction","target":{"@type":"EntryPoint","urlTemplate":"https:\/\/prismagamers.com\/hu\/?s={search_term_string}"},"query-input":{"@type":"PropertyValueSpecification","valueRequired":true,"valueName":"search_term_string"}}],"inLanguage":"hu"},{"@type":"Organization","@id":"https:\/\/prismagamers.com\/hu\/#organization","name":"Prismagamers","url":"https:\/\/prismagamers.com\/hu\/","logo":{"@type":"ImageObject","inLanguage":"hu","@id":"https:\/\/prismagamers.com\/hu\/#\/schema\/logo\/image\/","url":"https:\/\/prismagamers.com\/wp-content\/uploads\/2022\/04\/cropped-logo-Prismagamers-01-scaled-1.jpg","contentUrl":"https:\/\/prismagamers.com\/wp-content\/uploads\/2022\/04\/cropped-logo-Prismagamers-01-scaled-1.jpg","width":512,"height":512,"caption":"Prismagamers"},"image":{"@id":"https:\/\/prismagamers.com\/hu\/#\/schema\/logo\/image\/"},"sameAs":["https:\/\/www.facebook.com\/prismagamers","https:\/\/www.instagram.com\/prismagamers_grycyfrowe\/"],"description":"Prismagamers.com to dynamiczny sklep z grami cyfrowymi, stworzony z my\u015bl\u0105 o entuzjastach gier wideo. Nasza strona oferuje szerok\u0105 gam\u0119 gier komputerowych, w tym najnowsze tytu\u0142y, dobrze znane klasyki oraz gry stworzone przez niezale\u017cne studia Ca\u0142y czas d\u0105\u017cymy do rozszerzenia naszej oferty. Do\u0142\u0105cz do nas i sta\u0144 si\u0119 cz\u0119\u015bci\u0105 naszej rosn\u0105cej spo\u0142eczno\u015bci graczy!","email":"shop@prismagamers.com","telephone":"48795541705","legalName":"East Caravan Maksym \u017bukow","foundingDate":"2012-05-10","vatID":"PL8943038612","taxID":"PL8943038612","numberOfEmployees":{"@type":"QuantitativeValue","minValue":"11","maxValue":"50"}}]}},"_links":{"self":[{"href":"https:\/\/prismagamers.com\/hu\/wp-json\/wp\/v2\/product\/35178","targetHints":{"allow":["GET"]}}],"collection":[{"href":"https:\/\/prismagamers.com\/hu\/wp-json\/wp\/v2\/product"}],"about":[{"href":"https:\/\/prismagamers.com\/hu\/wp-json\/wp\/v2\/types\/product"}],"wp:featuredmedia":[{"embeddable":true,"href":"https:\/\/prismagamers.com\/hu\/wp-json\/wp\/v2\/media\/33875"}],"wp:attachment":[{"href":"https:\/\/prismagamers.com\/hu\/wp-json\/wp\/v2\/media?parent=35178"}],"wp:term":[{"taxonomy":"product_brand","embeddable":true,"href":"https:\/\/prismagamers.com\/hu\/wp-json\/wp\/v2\/product_brand?post=35178"},{"taxonomy":"product_cat","embeddable":true,"href":"https:\/\/prismagamers.com\/hu\/wp-json\/wp\/v2\/product_cat?post=35178"},{"taxonomy":"product_tag","embeddable":true,"href":"https:\/\/prismagamers.com\/hu\/wp-json\/wp\/v2\/product_tag?post=35178"}],"curies":[{"name":"wp","href":"https:\/\/api.w.org\/{rel}","templated":true}]}}