{"id":35182,"date":"2025-01-29T23:30:17","date_gmt":"2025-01-29T22:30:17","guid":{"rendered":"https:\/\/prismagamers.com\/produkt\/tails-of-iron-2-whiskers-of-winter\/"},"modified":"2026-03-05T00:00:54","modified_gmt":"2026-03-04T23:00:54","slug":"tails-of-iron-2-whiskers-of-winter","status":"publish","type":"product","link":"https:\/\/prismagamers.com\/hu\/produkt\/tails-of-iron-2-whiskers-of-winter\/","title":{"rendered":"Tails of Iron 2: Whiskers of Winter"},"content":{"rendered":"<p>Miut\u00e1n a Gryzoni\u00e1k \u00e9s a B\u00e9k\u00e1k k\u00f6z\u00f6tti nagy h\u00e1bor\u00fa v\u00e9get \u00e9rt, a D\u00e9li Patk\u00e1nyok elkezdik \u00fajj\u00e1\u00e9p\u00edteni \u00e9let\u00fcket, m\u00edg \u00c9szakon egy \u0151si gonosz \u00e9bred: sz\u00e1rnyak, amik olyan feket\u00e9ek, mint a hal\u00e1l, \u00e9les, mint a borotva, \u00e9s egy v\u00e9rszomj, amelynek kiel\u00e9g\u00edthetetlen \u00e9hs\u00e9ge csak a bossz\u00fav\u00e1gyukkal vetekedhet.<\/p>\n<p>L\u00e9pj be Arlo szerep\u00e9be, a Fiatal Hagyom\u00e1ny\u0151rz\u0151, aki a Hegyi Ter\u00fclet Korm\u00e1nyz\u00f3j\u00e1nak \u00f6r\u00f6k\u00f6se, \u00e9s v\u00e1ndorolj a v\u00e9gtelen, havas \u00c9szaki f\u00f6ldeken egy epikus k\u00fcldet\u00e9s sor\u00e1n, amelynek c\u00e9lja a S\u00f6t\u00e9t Sz\u00e1rnyak v\u00e9gs\u0151 legy\u0151z\u00e9se. Vad\u00e1szz \u00f3ri\u00e1si sz\u00f6rnyekre, egyes\u00edtsd a h\u00e1bor\u00fas kl\u00e1nokat, fejleszd a telep\u00fcl\u00e9sedet, \u00e9s fedezd fel a v\u00e9r \u00e9s a korona ijeszt\u0151 titk\u00e1t&#8230; <\/p>\n<p>A h\u0151s\u00f6k ideje lej\u00e1rt. A kir\u00e1lys\u00e1gnak egy \u00c9szaki harcosra van sz\u00fcks\u00e9ge, aki olyan hidegen megfagyasztja a v\u00e9rt az erekben, mint a h\u00f3, ami ezeket a f\u00f6ldeket bor\u00edtja. Tal\u00e1n \u00e9ppen te vagy az, Patk\u00e1ny&#8230; aki vasb\u00f3l kov\u00e1csol\u00f3dott.  <\/p>\n<p>\u00cdgy kezd\u0151dik egy \u00faj t\u00f6rt\u00e9net.<\/p>\n<p>Fedezd fel a hatalmas, t\u00e9li kir\u00e1lys\u00e1got teljes narr\u00e1ci\u00f3val, amelyet az RPG legenda, Doug Cockle mes\u00e9l el. K\u00e9sz\u00fclj fel egy epikus kalandra a Ratdom \u00e9szaki f\u00f6ldjein; egy hatalmas, j\u00e9ggel bor\u00edtott vil\u00e1gban, amely a tot\u00e1lis h\u00e1bor\u00fa kit\u00f6r\u00e9s\u00e9nek sz\u00e9l\u00e9n \u00e1ll. <\/p>\n<p><img decoding=\"async\" class=\"bb_img aligncenter\" src=\"https:\/\/shared.fastly.steamstatic.com\/store_item_assets\/steam\/apps\/2473480\/extras\/toi2_steamBanner_ExploreAVastWintryKingdom.gif?t=1738133334\"><\/p>\n<p>Hajts le \u00f3ri\u00e1si sz\u00f6rnyeket, c\u00e9lozd meg \u00e9s gy\u0151zd le a legend\u00e1s l\u00e9nyeket, amelyek ezeken a f\u00f6ldeken \u00e9lnek, hogy \u00e9rt\u00e9kes nyersanyagokat szerezz, amelyek sz\u00fcks\u00e9gesek a hal\u00e1los felszerel\u00e9s elk\u00e9sz\u00edt\u00e9s\u00e9hez. Ne feledd, hogy ezek az \u00f3ri\u00e1si teremtm\u00e9nyek nem adj\u00e1k meg magukat harc n\u00e9lk\u00fcl&#8230; f\u0151leg egy ilyen harcban. <\/p>\n<p><img decoding=\"async\" class=\"bb_img aligncenter\" src=\"https:\/\/shared.fastly.steamstatic.com\/store_item_assets\/steam\/apps\/2473480\/extras\/toi2_steamBanner_HuntDownGreatBeasts.gif?t=1738133334\"><\/p>\n<p>V\u00e1lj a brut\u00e1lis j\u00e1t\u00e9k mesterek\u00e9v\u00e9, saj\u00e1t\u00edtsd el a dinamikus, kih\u00edv\u00e1st jelent\u0151 j\u00e1t\u00e9kmenet szab\u00e1lyait, hogy t\u00fal\u00e9lj az \u00c9szaki f\u00f6ldek vesz\u00e9lyes t\u00e1jain. Ker\u00fcld el a t\u00e1mad\u00e1sokat \u00fcgyes kit\u00e9r\u00e9sekkel, p\u00e1ros\u00edts \u00fct\u00e9sek millim\u00e1sodpercek alatt, \u00e9s hajts v\u00e9gre h\u00e1tborzongat\u00f3 kiv\u00e9gz\u00e9seket. <\/p>\n<p><img decoding=\"async\" class=\"bb_img aligncenter\" src=\"https:\/\/shared.fastly.steamstatic.com\/store_item_assets\/steam\/apps\/2473480\/extras\/toi2_steamBanner_MasterBrutalCombat.gif?t=1738133334\"><\/p>\n<p>Szem\u00e9lyre szabhatod t\u00e1mad\u00e1saidat, k\u00e9sz\u00edts er\u0151teljes fegyverarzen\u00e1lt, amely fejleszt\u00e9si lehet\u0151s\u00e9gekkel rendelkezik, \u00e9s k\u00e9szen \u00e1llsz a harcra b\u00e1rmikor. T\u00e1madj vill\u00e1mgyorsan d\u00e1rd\u00e1val, c\u00e9lbal\u0151j \u00edjjal, vagy k\u00fczdj karmokkal \u00e9s egy hatalmas buzog\u00e1nnyal. Szerezd meg a taktikai el\u0151nyt \u00faj, hal\u00e1los csapd\u00e1kkal.  <\/p>\n<p><img decoding=\"async\" class=\"bb_img aligncenter\" src=\"https:\/\/shared.fastly.steamstatic.com\/store_item_assets\/steam\/apps\/2473480\/extras\/toi2_steamBanner_ChooseYourArsenal.gif?t=1738133334\"><\/p>\n<p>Fejleszd a telep\u00fcl\u00e9sedet mint a Pustk\u00f3s\u00e1g Korm\u00e1nyz\u00f3ja, \u00e9p\u00edts \u00e9s moderniz\u00e1ld a telep\u00fcl\u00e9sedet a kem\u00e9ny munk\u00e1val szerzett arany\u00e9rt. Nyisd meg a hozz\u00e1f\u00e9r\u00e9st er\u0151sebb \u00e1rukhoz a Kov\u00e1csm\u0171helyb\u0151l, \u00ednycsikland\u00f3bb \u00e9tkez\u00e9sekhez a Konyh\u00e1b\u00f3l, valamint a fejlettebb csapd\u00e1k sz\u00e9les v\u00e1laszt\u00e9k\u00e1hoz. <\/p>\n<p><img decoding=\"async\" class=\"bb_img aligncenter\" src=\"https:\/\/shared.fastly.steamstatic.com\/store_item_assets\/steam\/apps\/2473480\/extras\/toi2_steamBanner_UgradeYourSettlement.gif?t=1738133334\"><\/p>\n<p>Fedezd fel az eg\u00e9szen \u00faj var\u00e1zslatokat, \u00e9s nyisd meg a puszt\u00edt\u00f3 elemi hatalmakat: elektromoss\u00e1got, m\u00e9rget, t\u00fczet \u00e9s jeget az \u00faj var\u00e1zslatrendszerben. Ezeket az er\u0151teljes ter\u00fcleti hatalmakat maguk az istenek adt\u00e1k neked, \u00e9s k\u00e9pesek gyorsan megv\u00e1ltoztatni minden \u00f6sszecsap\u00e1s kimenetel\u00e9t. <\/p>\n<p><img decoding=\"async\" class=\"bb_img aligncenter\" src=\"https:\/\/shared.fastly.steamstatic.com\/store_item_assets\/steam\/apps\/2473480\/extras\/Elementa.gif?t=1738133334\"><\/p>\n<p>Funkci\u00f3k:<\/p>\n<ul>\n<li>Fedezd fel a v\u00e9gtelen \u00e9s \u00e1rul\u00f3 kir\u00e1lys\u00e1got, amelyet a h\u00f3 ural.<\/li>\n<li>V\u00e1lj a besti\u00e1lis soulslike j\u00e1t\u00e9kmenet mesterek\u00e9v\u00e9, \u00fcgyes kit\u00e9r\u00e9sekkel, \u00fct\u00e9sek p\u00e1ros\u00edt\u00e1s\u00e1val \u00e9s h\u00e1tborzongat\u00f3 kiv\u00e9gz\u00e9sekkel.<\/li>\n<li>Ismerd meg a leny\u0171g\u00f6z\u0151 t\u00f6rt\u00e9netet, amelyet a legend\u00e1s Doug Cockle mes\u00e9l el.<\/li>\n<li>T\u00fal\u00e9lj a szenved\u00e9lyes harcokat a f\u0151ellens\u00e9gekkel \u2013 a S\u00f6t\u00e9t Sz\u00e1rnyak t\u00e1bornokaival.<\/li>\n<li>Hajts le \u00f3ri\u00e1si sz\u00f6rnyeket, hogy \u00e9rt\u00e9kes nyersanyagokat szerezz, amelyek lehet\u0151v\u00e9 teszik hal\u00e1los felszerel\u00e9s k\u00e9sz\u00edt\u00e9s\u00e9t.<\/li>\n<li>Szem\u00e9lyre szabhatod t\u00e1mad\u00e1si st\u00edlusodat a sz\u00e9les v\u00e1laszt\u00e9k\u00fa fegyverek seg\u00edts\u00e9g\u00e9vel, amelyek fejleszthet\u0151k.<\/li>\n<li>Szem\u00e9lyre szabhatod megjelen\u00e9sedet a gazdag, k\u00fcl\u00f6nf\u00e9le p\u00e1nc\u00e9lszett gy\u0171jtem\u00e9ny seg\u00edts\u00e9g\u00e9vel, amelyek egyedi tulajdons\u00e1gokkal rendelkeznek.<\/li>\n<li>A sz\u00e1mos \u00e9szaki frakci\u00f3 k\u00f6z\u00f6tt sok k\u00fcl\u00f6nleges t\u00e1rsra is r\u00e1tal\u00e1lsz.<\/li>\n<li>\u00c9p\u00edtsd \u00e9s fejleszd saj\u00e1t telep\u00fcl\u00e9sedet, hogy \u00faj recepteket, csapd\u00e1kat \u00e9s egy\u00e9b dolgokat oldhass fel.<\/li>\n<li>Fejezd be a kieg\u00e9sz\u00edt\u0151 vad\u00e1szati k\u00fcldet\u00e9seket, hogy extra aranyat szerezz.<\/li>\n<li>V\u00e1lassz a h\u00e1rom neh\u00e9zs\u00e9gi szint k\u00f6z\u00fcl, \u00e9s b\u00e1rmikor m\u00f3dos\u00edthatod a j\u00e1t\u00e9k sor\u00e1n.<\/li>\n<\/ul>\n","protected":false},"excerpt":{"rendered":"<p class=\"ai-optimize-26\">L\u00e9pj be a j\u00e9ggel bor\u00edtott vil\u00e1gba a Tails of Iron 2-ben, az epikus action-RPG folytat\u00e1s\u00e1ban. Alak\u00edtsd Arlo szerep\u00e9t, a Pustk\u00f3s\u00e1g Korm\u00e1nyz\u00f3j\u00e1t, \u00e9s v\u00e1ndorolj a kegyetlen \u00e9szaki f\u00f6ldeken, amelyek tele vannak vad sz\u00f6rnyekkel \u00e9s k\u00f6ny\u00f6rtelen bandit\u00e1kkal. Indulj egy vesz\u00e9lyekkel teli kalandra, hogy szemben\u00e9zz egy \u0151si, v\u00e9rszomjas gonosszal, \u00e9s vissza\u00e1ll\u00edtsd a rendet a kir\u00e1lys\u00e1gban.  <\/p>\n<p class=\"ai-optimize-27\">\ud83c\udf0d Glob\u00e1lis<br \/>\n\u2699\ufe0f Steam<br \/>\n\ud83d\udddd Digit\u00e1lis kulcs<\/p>\n","protected":false},"featured_media":33756,"template":"","meta":{"_acf_changed":false,"site-sidebar-layout":"default","site-content-layout":"","ast-site-content-layout":"default","site-content-style":"default","site-sidebar-style":"default","ast-global-header-display":"","ast-banner-title-visibility":"","ast-main-header-display":"","ast-hfb-above-header-display":"","ast-hfb-below-header-display":"","ast-hfb-mobile-header-display":"","site-post-title":"","ast-breadcrumbs-content":"","ast-featured-img":"","footer-sml-layout":"","ast-disable-related-posts":"","theme-transparent-header-meta":"default","adv-header-id-meta":"","stick-header-meta":"","header-above-stick-meta":"","header-main-stick-meta":"","header-below-stick-meta":"","astra-migrate-meta-layouts":"default","ast-page-background-enabled":"default","ast-page-background-meta":{"desktop":{"background-color":"var(--ast-global-color-4)","background-image":"","background-repeat":"repeat","background-position":"center center","background-size":"auto","background-attachment":"scroll","background-type":"","background-media":"","overlay-type":"","overlay-color":"","overlay-opacity":"","overlay-gradient":""},"tablet":{"background-color":"","background-image":"","background-repeat":"repeat","background-position":"center center","background-size":"auto","background-attachment":"scroll","background-type":"","background-media":"","overlay-type":"","overlay-color":"","overlay-opacity":"","overlay-gradient":""},"mobile":{"background-color":"","background-image":"","background-repeat":"repeat","background-position":"center center","background-size":"auto","background-attachment":"scroll","background-type":"","background-media":"","overlay-type":"","overlay-color":"","overlay-opacity":"","overlay-gradient":""}},"ast-content-background-meta":{"desktop":{"background-color":"var(--ast-global-color-5)","background-image":"","background-repeat":"repeat","background-position":"center center","background-size":"auto","background-attachment":"scroll","background-type":"","background-media":"","overlay-type":"","overlay-color":"","overlay-opacity":"","overlay-gradient":""},"tablet":{"background-color":"var(--ast-global-color-5)","background-image":"","background-repeat":"repeat","background-position":"center center","background-size":"auto","background-attachment":"scroll","background-type":"","background-media":"","overlay-type":"","overlay-color":"","overlay-opacity":"","overlay-gradient":""},"mobile":{"background-color":"var(--ast-global-color-5)","background-image":"","background-repeat":"repeat","background-position":"center center","background-size":"auto","background-attachment":"scroll","background-type":"","background-media":"","overlay-type":"","overlay-color":"","overlay-opacity":"","overlay-gradient":""}}},"product_brand":[],"product_cat":[371,407,369,365,363,364],"product_tag":[],"class_list":{"0":"post-35182","1":"product","2":"type-product","3":"status-publish","4":"has-post-thumbnail","6":"product_cat-akcio-jatekok","7":"product_cat-ci-games-hu","8":"product_cat-csarnokok","9":"product_cat-goz","10":"product_cat-kaland-jatekok","11":"product_cat-rpg-k","12":"desktop-align-left","13":"tablet-align-left","14":"mobile-align-left","16":"first","17":"instock","18":"virtual","19":"purchasable","20":"product-type-simple"},"acf":[],"yoast_head":"<!-- This site is optimized with the Yoast SEO Premium plugin v27.4 (Yoast SEO v27.4) - https:\/\/yoast.com\/product\/yoast-seo-premium-wordpress\/ -->\n<title>Tails of Iron 2: Whiskers of Winter - Prismagamers.com<\/title>\n<meta name=\"description\" content=\"L\u00e9pj be a j\u00e9ggel bor\u00edtott vil\u00e1gba a Tails of Iron 2-ben, az epikus action-RPG folytat\u00e1s\u00e1ban. Alak\u00edtsd Arlo szerep\u00e9t, a Pustk\u00f3s\u00e1g Korm\u00e1nyz\u00f3j\u00e1t, \u00e9s v\u00e1ndorolj a kegyetlen \u00e9szaki f\u00f6ldeken, amelyek tele vannak vad sz\u00f6rnyekkel \u00e9s k\u00f6ny\u00f6rtelen bandit\u00e1kkal. Indulj egy vesz\u00e9lyekkel teli kalandra, hogy szemben\u00e9zz egy \u0151si, v\u00e9rszomjas gonosszal, \u00e9s vissza\u00e1ll\u00edtsd a rendet a kir\u00e1lys\u00e1gban.  \ud83c\udf0d Glob\u00e1lis \u2699\ufe0f Steam \ud83d\udddd Digit\u00e1lis kulcs\" \/>\n<meta name=\"robots\" content=\"index, follow, max-snippet:-1, max-image-preview:large, max-video-preview:-1\" \/>\n<link rel=\"canonical\" href=\"https:\/\/prismagamers.com\/hu\/produkt\/tails-of-iron-2-whiskers-of-winter\/\" \/>\n<meta property=\"og:locale\" content=\"hu_HU\" \/>\n<meta property=\"og:type\" content=\"article\" \/>\n<meta property=\"og:title\" content=\"Tails of Iron 2: Whiskers of Winter\" \/>\n<meta property=\"og:description\" content=\"L\u00e9pj be a j\u00e9ggel bor\u00edtott vil\u00e1gba a Tails of Iron 2-ben, az epikus action-RPG folytat\u00e1s\u00e1ban. Alak\u00edtsd Arlo szerep\u00e9t, a Pustk\u00f3s\u00e1g Korm\u00e1nyz\u00f3j\u00e1t, \u00e9s v\u00e1ndorolj a kegyetlen \u00e9szaki f\u00f6ldeken, amelyek tele vannak vad sz\u00f6rnyekkel \u00e9s k\u00f6ny\u00f6rtelen bandit\u00e1kkal. Indulj egy vesz\u00e9lyekkel teli kalandra, hogy szemben\u00e9zz egy \u0151si, v\u00e9rszomjas gonosszal, \u00e9s vissza\u00e1ll\u00edtsd a rendet a kir\u00e1lys\u00e1gban.  \ud83c\udf0d Glob\u00e1lis \u2699\ufe0f Steam \ud83d\udddd Digit\u00e1lis kulcs\" \/>\n<meta property=\"og:url\" content=\"https:\/\/prismagamers.com\/hu\/produkt\/tails-of-iron-2-whiskers-of-winter\/\" \/>\n<meta property=\"og:site_name\" content=\"Prismagamers.com\" \/>\n<meta property=\"article:publisher\" content=\"https:\/\/www.facebook.com\/prismagamers\" \/>\n<meta property=\"article:modified_time\" content=\"2026-03-04T23:00:54+00:00\" \/>\n<meta property=\"og:image\" content=\"https:\/\/prismagamers.com\/wp-content\/uploads\/2025\/01\/library_600x900_2x-9-e1738190279578.jpg\" \/>\n\t<meta property=\"og:image:width\" content=\"300\" \/>\n\t<meta property=\"og:image:height\" content=\"450\" \/>\n\t<meta property=\"og:image:type\" content=\"image\/jpeg\" \/>\n<meta name=\"twitter:card\" content=\"summary_large_image\" \/>\n<meta name=\"twitter:label1\" content=\"Becs\u00fclt olvas\u00e1si id\u0151\" \/>\n\t<meta name=\"twitter:data1\" content=\"4 perc\" \/>\n<script type=\"application\/ld+json\" class=\"yoast-schema-graph\">{\"@context\":\"https:\\\/\\\/schema.org\",\"@graph\":[{\"@type\":\"WebPage\",\"@id\":\"https:\\\/\\\/prismagamers.com\\\/hu\\\/produkt\\\/tails-of-iron-2-whiskers-of-winter\\\/\",\"url\":\"https:\\\/\\\/prismagamers.com\\\/hu\\\/produkt\\\/tails-of-iron-2-whiskers-of-winter\\\/\",\"name\":\"Tails of Iron 2: Whiskers of Winter - Prismagamers.com\",\"isPartOf\":{\"@id\":\"https:\\\/\\\/prismagamers.com\\\/hu\\\/#website\"},\"primaryImageOfPage\":{\"@id\":\"https:\\\/\\\/prismagamers.com\\\/hu\\\/produkt\\\/tails-of-iron-2-whiskers-of-winter\\\/#primaryimage\"},\"image\":{\"@id\":\"https:\\\/\\\/prismagamers.com\\\/hu\\\/produkt\\\/tails-of-iron-2-whiskers-of-winter\\\/#primaryimage\"},\"thumbnailUrl\":\"https:\\\/\\\/prismagamers.com\\\/wp-content\\\/uploads\\\/2025\\\/01\\\/library_600x900_2x-9-e1738190279578.jpg\",\"datePublished\":\"2025-01-29T22:30:17+00:00\",\"dateModified\":\"2026-03-04T23:00:54+00:00\",\"description\":\"L\u00e9pj be a j\u00e9ggel bor\u00edtott vil\u00e1gba a Tails of Iron 2-ben, az epikus action-RPG folytat\u00e1s\u00e1ban. Alak\u00edtsd Arlo szerep\u00e9t, a Pustk\u00f3s\u00e1g Korm\u00e1nyz\u00f3j\u00e1t, \u00e9s v\u00e1ndorolj a kegyetlen \u00e9szaki f\u00f6ldeken, amelyek tele vannak vad sz\u00f6rnyekkel \u00e9s k\u00f6ny\u00f6rtelen bandit\u00e1kkal. Indulj egy vesz\u00e9lyekkel teli kalandra, hogy szemben\u00e9zz egy \u0151si, v\u00e9rszomjas gonosszal, \u00e9s vissza\u00e1ll\u00edtsd a rendet a kir\u00e1lys\u00e1gban. \ud83c\udf0d Glob\u00e1lis \u2699\ufe0f Steam \ud83d\udddd Digit\u00e1lis kulcs\",\"breadcrumb\":{\"@id\":\"https:\\\/\\\/prismagamers.com\\\/hu\\\/produkt\\\/tails-of-iron-2-whiskers-of-winter\\\/#breadcrumb\"},\"inLanguage\":\"hu\",\"potentialAction\":[{\"@type\":\"ReadAction\",\"target\":[\"https:\\\/\\\/prismagamers.com\\\/hu\\\/produkt\\\/tails-of-iron-2-whiskers-of-winter\\\/\"]}]},{\"@type\":\"ImageObject\",\"inLanguage\":\"hu\",\"@id\":\"https:\\\/\\\/prismagamers.com\\\/hu\\\/produkt\\\/tails-of-iron-2-whiskers-of-winter\\\/#primaryimage\",\"url\":\"https:\\\/\\\/prismagamers.com\\\/wp-content\\\/uploads\\\/2025\\\/01\\\/library_600x900_2x-9-e1738190279578.jpg\",\"contentUrl\":\"https:\\\/\\\/prismagamers.com\\\/wp-content\\\/uploads\\\/2025\\\/01\\\/library_600x900_2x-9-e1738190279578.jpg\",\"width\":300,\"height\":450,\"caption\":\"Tails of Iron 2: Whiskers of Winter boxshot\"},{\"@type\":\"BreadcrumbList\",\"@id\":\"https:\\\/\\\/prismagamers.com\\\/hu\\\/produkt\\\/tails-of-iron-2-whiskers-of-winter\\\/#breadcrumb\",\"itemListElement\":[{\"@type\":\"ListItem\",\"position\":1,\"name\":\"Strona g\u0142\u00f3wna\",\"item\":\"https:\\\/\\\/prismagamers.com\\\/hu\\\/prismagamers\\\/\"},{\"@type\":\"ListItem\",\"position\":2,\"name\":\"Shop\",\"item\":\"https:\\\/\\\/prismagamers.com\\\/hu\\\/shop\\\/\"},{\"@type\":\"ListItem\",\"position\":3,\"name\":\"Tails of Iron 2: Whiskers of Winter\"}]},{\"@type\":\"WebSite\",\"@id\":\"https:\\\/\\\/prismagamers.com\\\/hu\\\/#website\",\"url\":\"https:\\\/\\\/prismagamers.com\\\/hu\\\/\",\"name\":\"Prismagamers\",\"description\":\"Sklep z grami PC I Sklep klucze Steam\",\"publisher\":{\"@id\":\"https:\\\/\\\/prismagamers.com\\\/hu\\\/#organization\"},\"potentialAction\":[{\"@type\":\"SearchAction\",\"target\":{\"@type\":\"EntryPoint\",\"urlTemplate\":\"https:\\\/\\\/prismagamers.com\\\/hu\\\/?s={search_term_string}\"},\"query-input\":{\"@type\":\"PropertyValueSpecification\",\"valueRequired\":true,\"valueName\":\"search_term_string\"}}],\"inLanguage\":\"hu\"},{\"@type\":\"Organization\",\"@id\":\"https:\\\/\\\/prismagamers.com\\\/hu\\\/#organization\",\"name\":\"Prismagamers\",\"url\":\"https:\\\/\\\/prismagamers.com\\\/hu\\\/\",\"logo\":{\"@type\":\"ImageObject\",\"inLanguage\":\"hu\",\"@id\":\"https:\\\/\\\/prismagamers.com\\\/hu\\\/#\\\/schema\\\/logo\\\/image\\\/\",\"url\":\"https:\\\/\\\/prismagamers.com\\\/wp-content\\\/uploads\\\/2022\\\/04\\\/cropped-logo-Prismagamers-01-scaled-1.jpg\",\"contentUrl\":\"https:\\\/\\\/prismagamers.com\\\/wp-content\\\/uploads\\\/2022\\\/04\\\/cropped-logo-Prismagamers-01-scaled-1.jpg\",\"width\":512,\"height\":512,\"caption\":\"Prismagamers\"},\"image\":{\"@id\":\"https:\\\/\\\/prismagamers.com\\\/hu\\\/#\\\/schema\\\/logo\\\/image\\\/\"},\"sameAs\":[\"https:\\\/\\\/www.facebook.com\\\/prismagamers\",\"https:\\\/\\\/www.instagram.com\\\/prismagamers_grycyfrowe\\\/\"],\"description\":\"Prismagamers.com to dynamiczny sklep z grami cyfrowymi, stworzony z my\u015bl\u0105 o entuzjastach gier wideo. Nasza strona oferuje szerok\u0105 gam\u0119 gier komputerowych, w tym najnowsze tytu\u0142y, dobrze znane klasyki oraz gry stworzone przez niezale\u017cne studia Ca\u0142y czas d\u0105\u017cymy do rozszerzenia naszej oferty. Do\u0142\u0105cz do nas i sta\u0144 si\u0119 cz\u0119\u015bci\u0105 naszej rosn\u0105cej spo\u0142eczno\u015bci graczy!\",\"email\":\"shop@prismagamers.com\",\"telephone\":\"48795541705\",\"legalName\":\"East Caravan Maksym \u017bukow\",\"foundingDate\":\"2012-05-10\",\"vatID\":\"PL8943038612\",\"taxID\":\"PL8943038612\",\"numberOfEmployees\":{\"@type\":\"QuantitativeValue\",\"minValue\":\"11\",\"maxValue\":\"50\"}}]}<\/script>\n<!-- \/ Yoast SEO Premium plugin. -->","yoast_head_json":{"title":"Tails of Iron 2: Whiskers of Winter - Prismagamers.com","description":"L\u00e9pj be a j\u00e9ggel bor\u00edtott vil\u00e1gba a Tails of Iron 2-ben, az epikus action-RPG folytat\u00e1s\u00e1ban. Alak\u00edtsd Arlo szerep\u00e9t, a Pustk\u00f3s\u00e1g Korm\u00e1nyz\u00f3j\u00e1t, \u00e9s v\u00e1ndorolj a kegyetlen \u00e9szaki f\u00f6ldeken, amelyek tele vannak vad sz\u00f6rnyekkel \u00e9s k\u00f6ny\u00f6rtelen bandit\u00e1kkal. Indulj egy vesz\u00e9lyekkel teli kalandra, hogy szemben\u00e9zz egy \u0151si, v\u00e9rszomjas gonosszal, \u00e9s vissza\u00e1ll\u00edtsd a rendet a kir\u00e1lys\u00e1gban.  \ud83c\udf0d Glob\u00e1lis \u2699\ufe0f Steam \ud83d\udddd Digit\u00e1lis kulcs","robots":{"index":"index","follow":"follow","max-snippet":"max-snippet:-1","max-image-preview":"max-image-preview:large","max-video-preview":"max-video-preview:-1"},"canonical":"https:\/\/prismagamers.com\/hu\/produkt\/tails-of-iron-2-whiskers-of-winter\/","og_locale":"hu_HU","og_type":"article","og_title":"Tails of Iron 2: Whiskers of Winter","og_description":"L\u00e9pj be a j\u00e9ggel bor\u00edtott vil\u00e1gba a Tails of Iron 2-ben, az epikus action-RPG folytat\u00e1s\u00e1ban. Alak\u00edtsd Arlo szerep\u00e9t, a Pustk\u00f3s\u00e1g Korm\u00e1nyz\u00f3j\u00e1t, \u00e9s v\u00e1ndorolj a kegyetlen \u00e9szaki f\u00f6ldeken, amelyek tele vannak vad sz\u00f6rnyekkel \u00e9s k\u00f6ny\u00f6rtelen bandit\u00e1kkal. Indulj egy vesz\u00e9lyekkel teli kalandra, hogy szemben\u00e9zz egy \u0151si, v\u00e9rszomjas gonosszal, \u00e9s vissza\u00e1ll\u00edtsd a rendet a kir\u00e1lys\u00e1gban.  \ud83c\udf0d Glob\u00e1lis \u2699\ufe0f Steam \ud83d\udddd Digit\u00e1lis kulcs","og_url":"https:\/\/prismagamers.com\/hu\/produkt\/tails-of-iron-2-whiskers-of-winter\/","og_site_name":"Prismagamers.com","article_publisher":"https:\/\/www.facebook.com\/prismagamers","article_modified_time":"2026-03-04T23:00:54+00:00","og_image":[{"width":300,"height":450,"url":"https:\/\/prismagamers.com\/wp-content\/uploads\/2025\/01\/library_600x900_2x-9-e1738190279578.jpg","type":"image\/jpeg"}],"twitter_card":"summary_large_image","twitter_misc":{"Becs\u00fclt olvas\u00e1si id\u0151":"4 perc"},"schema":{"@context":"https:\/\/schema.org","@graph":[{"@type":"WebPage","@id":"https:\/\/prismagamers.com\/hu\/produkt\/tails-of-iron-2-whiskers-of-winter\/","url":"https:\/\/prismagamers.com\/hu\/produkt\/tails-of-iron-2-whiskers-of-winter\/","name":"Tails of Iron 2: Whiskers of Winter - Prismagamers.com","isPartOf":{"@id":"https:\/\/prismagamers.com\/hu\/#website"},"primaryImageOfPage":{"@id":"https:\/\/prismagamers.com\/hu\/produkt\/tails-of-iron-2-whiskers-of-winter\/#primaryimage"},"image":{"@id":"https:\/\/prismagamers.com\/hu\/produkt\/tails-of-iron-2-whiskers-of-winter\/#primaryimage"},"thumbnailUrl":"https:\/\/prismagamers.com\/wp-content\/uploads\/2025\/01\/library_600x900_2x-9-e1738190279578.jpg","datePublished":"2025-01-29T22:30:17+00:00","dateModified":"2026-03-04T23:00:54+00:00","description":"L\u00e9pj be a j\u00e9ggel bor\u00edtott vil\u00e1gba a Tails of Iron 2-ben, az epikus action-RPG folytat\u00e1s\u00e1ban. Alak\u00edtsd Arlo szerep\u00e9t, a Pustk\u00f3s\u00e1g Korm\u00e1nyz\u00f3j\u00e1t, \u00e9s v\u00e1ndorolj a kegyetlen \u00e9szaki f\u00f6ldeken, amelyek tele vannak vad sz\u00f6rnyekkel \u00e9s k\u00f6ny\u00f6rtelen bandit\u00e1kkal. Indulj egy vesz\u00e9lyekkel teli kalandra, hogy szemben\u00e9zz egy \u0151si, v\u00e9rszomjas gonosszal, \u00e9s vissza\u00e1ll\u00edtsd a rendet a kir\u00e1lys\u00e1gban. \ud83c\udf0d Glob\u00e1lis \u2699\ufe0f Steam \ud83d\udddd Digit\u00e1lis kulcs","breadcrumb":{"@id":"https:\/\/prismagamers.com\/hu\/produkt\/tails-of-iron-2-whiskers-of-winter\/#breadcrumb"},"inLanguage":"hu","potentialAction":[{"@type":"ReadAction","target":["https:\/\/prismagamers.com\/hu\/produkt\/tails-of-iron-2-whiskers-of-winter\/"]}]},{"@type":"ImageObject","inLanguage":"hu","@id":"https:\/\/prismagamers.com\/hu\/produkt\/tails-of-iron-2-whiskers-of-winter\/#primaryimage","url":"https:\/\/prismagamers.com\/wp-content\/uploads\/2025\/01\/library_600x900_2x-9-e1738190279578.jpg","contentUrl":"https:\/\/prismagamers.com\/wp-content\/uploads\/2025\/01\/library_600x900_2x-9-e1738190279578.jpg","width":300,"height":450,"caption":"Tails of Iron 2: Whiskers of Winter boxshot"},{"@type":"BreadcrumbList","@id":"https:\/\/prismagamers.com\/hu\/produkt\/tails-of-iron-2-whiskers-of-winter\/#breadcrumb","itemListElement":[{"@type":"ListItem","position":1,"name":"Strona g\u0142\u00f3wna","item":"https:\/\/prismagamers.com\/hu\/prismagamers\/"},{"@type":"ListItem","position":2,"name":"Shop","item":"https:\/\/prismagamers.com\/hu\/shop\/"},{"@type":"ListItem","position":3,"name":"Tails of Iron 2: Whiskers of Winter"}]},{"@type":"WebSite","@id":"https:\/\/prismagamers.com\/hu\/#website","url":"https:\/\/prismagamers.com\/hu\/","name":"Prismagamers","description":"Sklep z grami PC I Sklep klucze Steam","publisher":{"@id":"https:\/\/prismagamers.com\/hu\/#organization"},"potentialAction":[{"@type":"SearchAction","target":{"@type":"EntryPoint","urlTemplate":"https:\/\/prismagamers.com\/hu\/?s={search_term_string}"},"query-input":{"@type":"PropertyValueSpecification","valueRequired":true,"valueName":"search_term_string"}}],"inLanguage":"hu"},{"@type":"Organization","@id":"https:\/\/prismagamers.com\/hu\/#organization","name":"Prismagamers","url":"https:\/\/prismagamers.com\/hu\/","logo":{"@type":"ImageObject","inLanguage":"hu","@id":"https:\/\/prismagamers.com\/hu\/#\/schema\/logo\/image\/","url":"https:\/\/prismagamers.com\/wp-content\/uploads\/2022\/04\/cropped-logo-Prismagamers-01-scaled-1.jpg","contentUrl":"https:\/\/prismagamers.com\/wp-content\/uploads\/2022\/04\/cropped-logo-Prismagamers-01-scaled-1.jpg","width":512,"height":512,"caption":"Prismagamers"},"image":{"@id":"https:\/\/prismagamers.com\/hu\/#\/schema\/logo\/image\/"},"sameAs":["https:\/\/www.facebook.com\/prismagamers","https:\/\/www.instagram.com\/prismagamers_grycyfrowe\/"],"description":"Prismagamers.com to dynamiczny sklep z grami cyfrowymi, stworzony z my\u015bl\u0105 o entuzjastach gier wideo. Nasza strona oferuje szerok\u0105 gam\u0119 gier komputerowych, w tym najnowsze tytu\u0142y, dobrze znane klasyki oraz gry stworzone przez niezale\u017cne studia Ca\u0142y czas d\u0105\u017cymy do rozszerzenia naszej oferty. Do\u0142\u0105cz do nas i sta\u0144 si\u0119 cz\u0119\u015bci\u0105 naszej rosn\u0105cej spo\u0142eczno\u015bci graczy!","email":"shop@prismagamers.com","telephone":"48795541705","legalName":"East Caravan Maksym \u017bukow","foundingDate":"2012-05-10","vatID":"PL8943038612","taxID":"PL8943038612","numberOfEmployees":{"@type":"QuantitativeValue","minValue":"11","maxValue":"50"}}]}},"_links":{"self":[{"href":"https:\/\/prismagamers.com\/hu\/wp-json\/wp\/v2\/product\/35182","targetHints":{"allow":["GET"]}}],"collection":[{"href":"https:\/\/prismagamers.com\/hu\/wp-json\/wp\/v2\/product"}],"about":[{"href":"https:\/\/prismagamers.com\/hu\/wp-json\/wp\/v2\/types\/product"}],"wp:featuredmedia":[{"embeddable":true,"href":"https:\/\/prismagamers.com\/hu\/wp-json\/wp\/v2\/media\/33756"}],"wp:attachment":[{"href":"https:\/\/prismagamers.com\/hu\/wp-json\/wp\/v2\/media?parent=35182"}],"wp:term":[{"taxonomy":"product_brand","embeddable":true,"href":"https:\/\/prismagamers.com\/hu\/wp-json\/wp\/v2\/product_brand?post=35182"},{"taxonomy":"product_cat","embeddable":true,"href":"https:\/\/prismagamers.com\/hu\/wp-json\/wp\/v2\/product_cat?post=35182"},{"taxonomy":"product_tag","embeddable":true,"href":"https:\/\/prismagamers.com\/hu\/wp-json\/wp\/v2\/product_tag?post=35182"}],"curies":[{"name":"wp","href":"https:\/\/api.w.org\/{rel}","templated":true}]}}