{"id":35186,"date":"2024-12-13T17:06:58","date_gmt":"2024-12-13T16:06:58","guid":{"rendered":"https:\/\/prismagamers.com\/produkt\/sniper-ghost-warrior-2\/"},"modified":"2026-01-02T00:36:05","modified_gmt":"2026-01-01T23:36:05","slug":"sniper-ghost-warrior-2","status":"publish","type":"product","link":"https:\/\/prismagamers.com\/hu\/produkt\/sniper-ghost-warrior-2\/","title":{"rendered":"Sniper Ghost Warrior 2"},"content":{"rendered":"<p>A Sniper: Ghost Warrior 2 az egyetlen t\u00f6bbplatformos, els\u0151 szem\u00e9ly\u0171 l\u00f6v\u00f6ld\u00f6z\u0151s j\u00e1t\u00e9k, amely kifejezetten a mesterl\u00f6v\u00e9sz \u00e9lm\u00e9nyei k\u00f6r\u00e9 \u00e9p\u00fclt, \u00e9s \u00faj, izgalmas szintre emeli el\u0151dj\u00e9nek precizit\u00e1s\u00e1t. A j\u00e1t\u00e9k v\u00e1ltozatos mesterl\u00f6v\u00e9sz kih\u00edv\u00e1sokat, tov\u00e1bbfejlesztett mesters\u00e9ges intelligenci\u00e1t \u00e9s az izgalmas \u201eegy l\u00f6v\u00e9s, egy gyilkoss\u00e1g\u201d szab\u00e1lyt k\u00edn\u00e1l, amely az els\u0151 r\u00e9szt bestsellerr\u00e9 tette, 3 milli\u00f3 eladott p\u00e9ld\u00e1nnyal vil\u00e1gszerte.<\/p>\n<p>F\u0151bb jellemz\u0151k:<\/p>\n<ul>\n<li><strong>Trigger Motion Sense rendszer<\/strong>: egy innov\u00e1ci\u00f3, amelyben a j\u00e1t\u00e9kos \u00e1ltal a kontrollerrel v\u00e9gzett \u00e9rintkez\u00e9s hat\u00e1ssal van a k\u00e9perny\u0151n t\u00f6rt\u00e9n\u0151 l\u00f6v\u00e9s v\u00e9grehajt\u00e1s\u00e1ra. Mint egy val\u00f3di l\u00f6v\u00f6ld\u00f6z\u00e9sn\u00e9l, a j\u00e1t\u00e9kban a pontosabb l\u00f6v\u00e9sekhez folyamatosan nyomva kell tartani a ravaszt. Ha hirtelen megh\u00fazod a ravaszt, a l\u00f6v\u00e9s elt\u00e9veszti a c\u00e9lt, \u00e9s az ellens\u00e9g riasztva lesz.  <\/li>\n<li><strong>Realistikus ballisztika<\/strong>: A Sniper sorozat egyik jellegzetes tulajdons\u00e1ga a l\u00f6v\u00e9sek dinamik\u00e1j\u00e1nak realizmusa. A sz\u00e9l sebess\u00e9ge, t\u00e1vols\u00e1g, gravit\u00e1ci\u00f3 \u00e9s a l\u00f6ved\u00e9k es\u00e9se kulcsszerepet j\u00e1tszanak a l\u00f6v\u00e9s v\u00e9grehajt\u00e1s\u00e1ban. <\/li>\n<li><strong>Fejlettebb l\u00f6v\u00e9si mechanik\u00e1k:<\/strong> A l\u00e9gz\u00e9stechnik\u00e1k \u00e9s a pulzus kontroll\u00e1l\u00e1sa ugyanannyira fontosak, mint a c\u00e9lz\u00e1si id\u0151 kisz\u00e1m\u00edt\u00e1sa. A mesterl\u00f6v\u00e9sznek mindent \u00f6ssze kell hangolnia, hogy el\u00e9rje a t\u00f6k\u00e9letes \u201eegy l\u00f6v\u00e9s, egy gyilkoss\u00e1g\u201d eredm\u00e9nyt. <\/li>\n<li><strong>Fejlettebb ellens\u00e9ges mesters\u00e9ges intelligencia:<\/strong> Az AI rendszert teljesen \u00fajra\u00e9p\u00edtett\u00e9k. Az ellens\u00e9gek flanking mozdulatokat hajtanak v\u00e9gre \u00e9s front\u00e1lis t\u00e1mad\u00e1sokat ind\u00edtanak, megpr\u00f3b\u00e1lva a j\u00e1t\u00e9kost k\u00f6zelharcba vonni, ahol a mesterl\u00f6v\u00e9sz puska kev\u00e9sb\u00e9 hat\u00e9kony. <\/li>\n<li><strong>\u00daj, c\u00e9lt\u00e1bl\u00e1kkal gazdag\u00edtott k\u00f6rnyezetek:<\/strong> A Sniper Ghost Warrior 2 \u00faj v\u00e1rosi helysz\u00edneket, mint p\u00e9ld\u00e1ul Szarajev\u00f3t, valamint vesz\u00e9lyes hegyvid\u00e9ki ter\u00fcleteket vezet be, k\u00f6zt\u00fck s\u0171r\u0171 dzsungeleket.<\/li>\n<li><strong>K\u00fcl\u00f6nb\u00f6z\u0151 neh\u00e9zs\u00e9gi szintek:<\/strong> A sz\u00e9les k\u00f6z\u00f6ns\u00e9g sz\u00e1m\u00e1ra h\u00e1rom neh\u00e9zs\u00e9gi szint ker\u00fclt bevezet\u00e9sre, amelyek megv\u00e1ltoztatj\u00e1k a j\u00e1t\u00e9k jelleg\u00e9t. A j\u00e1t\u00e9kosok v\u00e1laszthatnak, hogyan szeretn\u00e9nek j\u00e1tszani: mint v\u00e9gs\u0151 ragadoz\u00f3, vagy pr\u00f3b\u00e1ra tehetik k\u00e9pess\u00e9geiket szak\u00e9rt\u0151 szinten. <\/li>\n<li><strong>Bullet-Cam<\/strong>: A kedvenc funkci\u00f3 visszat\u00e9r, jutalmazva a t\u00f6k\u00e9letes l\u00f6v\u00e9seket, \u00e9s teljesen \u00faj perspekt\u00edv\u00e1b\u00f3l mutatva meg a csatat\u00e9ret. N\u00e9zd meg, hogyan hat a l\u00f6ved\u00e9k igazi ereje az ellens\u00e9gre 1000 m\u00e9terr\u0151l vagy m\u00e9g nagyobb t\u00e1vols\u00e1gr\u00f3l! <\/li>\n<li><strong>L\u00f6ved\u00e9k penetr\u00e1ci\u00f3<\/strong>: A rejt\u0151zk\u00f6d\u00e9s nem felt\u00e9tlen\u00fcl jelent v\u00e9delmet. A Sniper: Ghost Warrior 2-ben a l\u00f6ved\u00e9kek a val\u00f3s\u00e1g szerint viselkednek, lehet\u0151v\u00e9 t\u00e9ve az ellens\u00e9gek elimin\u00e1l\u00e1s\u00e1t k\u00fcl\u00f6nb\u00f6z\u0151 fedez\u00e9kek m\u00f6g\u00fcl. Pr\u00f3b\u00e1lhatsz egy sorba \u00e1ll\u00edtani ellens\u00e9geket, \u00e9s egyetlen l\u00f6v\u00e9ssel megsemmis\u00edteni az eg\u00e9sz csapatot.  <\/li>\n<li><strong>B\u0151v\u00edtett mesterl\u00f6v\u00e9sz puska lista<\/strong>: Pr\u00f3b\u00e1ld ki a leg\u00fajabb mesterl\u00f6v\u00e9sz pusk\u00e1kat, amelyek mindegyike gondosan meg van mint\u00e1zva, hogy h\u0171en szimul\u00e1lja a modern fegyvereket, amelyek a mai csatatereken tal\u00e1lhat\u00f3ak.<\/li>\n<li><strong>\u00daj felszerel\u00e9s:<\/strong> Uralkodj az \u00e9jjelen a h\u0151- \u00e9s \u00e9jjell\u00e1t\u00f3 optik\u00e1k, valamint k\u00e9t er\u0151teljes t\u00e1vcs\u0151 bevezet\u00e9s\u00e9vel, amelyek elengedhetetlenek az ellens\u00e9g lokaliz\u00e1l\u00e1s\u00e1hoz, m\u00e9g miel\u0151tt \u0151 \u00e9szrevenne t\u00e9ged.<\/li>\n<\/ul>\n","protected":false},"excerpt":{"rendered":"<p class=\"ai-optimize-26\">A Sniper: Ghost Warrior 2 izgalmas \u00faj szintre emeli el\u0151dje precizit\u00e1s\u00e1t!<\/p>\n<p class=\"ai-optimize-27\">\ud83c\udf0d Glob\u00e1lis<br \/>\n\u2699\ufe0f Steam<br \/>\n\ud83d\udddd Digit\u00e1lis kulcs<\/p>\n","protected":false},"featured_media":33370,"template":"","meta":{"_acf_changed":false,"site-sidebar-layout":"default","site-content-layout":"","ast-site-content-layout":"default","site-content-style":"default","site-sidebar-style":"default","ast-global-header-display":"","ast-banner-title-visibility":"","ast-main-header-display":"","ast-hfb-above-header-display":"","ast-hfb-below-header-display":"","ast-hfb-mobile-header-display":"","site-post-title":"","ast-breadcrumbs-content":"","ast-featured-img":"","footer-sml-layout":"","ast-disable-related-posts":"","theme-transparent-header-meta":"default","adv-header-id-meta":"","stick-header-meta":"","header-above-stick-meta":"","header-main-stick-meta":"","header-below-stick-meta":"","astra-migrate-meta-layouts":"default","ast-page-background-enabled":"default","ast-page-background-meta":{"desktop":{"background-color":"var(--ast-global-color-4)","background-image":"","background-repeat":"repeat","background-position":"center center","background-size":"auto","background-attachment":"scroll","background-type":"","background-media":"","overlay-type":"","overlay-color":"","overlay-opacity":"","overlay-gradient":""},"tablet":{"background-color":"","background-image":"","background-repeat":"repeat","background-position":"center center","background-size":"auto","background-attachment":"scroll","background-type":"","background-media":"","overlay-type":"","overlay-color":"","overlay-opacity":"","overlay-gradient":""},"mobile":{"background-color":"","background-image":"","background-repeat":"repeat","background-position":"center center","background-size":"auto","background-attachment":"scroll","background-type":"","background-media":"","overlay-type":"","overlay-color":"","overlay-opacity":"","overlay-gradient":""}},"ast-content-background-meta":{"desktop":{"background-color":"var(--ast-global-color-5)","background-image":"","background-repeat":"repeat","background-position":"center center","background-size":"auto","background-attachment":"scroll","background-type":"","background-media":"","overlay-type":"","overlay-color":"","overlay-opacity":"","overlay-gradient":""},"tablet":{"background-color":"var(--ast-global-color-5)","background-image":"","background-repeat":"repeat","background-position":"center center","background-size":"auto","background-attachment":"scroll","background-type":"","background-media":"","overlay-type":"","overlay-color":"","overlay-opacity":"","overlay-gradient":""},"mobile":{"background-color":"var(--ast-global-color-5)","background-image":"","background-repeat":"repeat","background-position":"center center","background-size":"auto","background-attachment":"scroll","background-type":"","background-media":"","overlay-type":"","overlay-color":"","overlay-opacity":"","overlay-gradient":""}}},"product_brand":[],"product_cat":[371,407,365],"product_tag":[],"class_list":{"0":"post-35186","1":"product","2":"type-product","3":"status-publish","4":"has-post-thumbnail","6":"product_cat-akcio-jatekok","7":"product_cat-ci-games-hu","8":"product_cat-goz","9":"desktop-align-left","10":"tablet-align-left","11":"mobile-align-left","13":"first","14":"instock","15":"virtual","16":"purchasable","17":"product-type-simple"},"acf":[],"yoast_head":"<!-- This site is optimized with the Yoast SEO Premium plugin v27.5 (Yoast SEO v27.5) - https:\/\/yoast.com\/product\/yoast-seo-premium-wordpress\/ -->\n<title>Sniper Ghost Warrior 2 - Prismagamers.com<\/title>\n<meta name=\"description\" content=\"A Sniper: Ghost Warrior 2 izgalmas \u00faj szintre emeli el\u0151dje precizit\u00e1s\u00e1t! \ud83c\udf0d Glob\u00e1lis \u2699\ufe0f Steam \ud83d\udddd Digit\u00e1lis kulcs\" \/>\n<meta name=\"robots\" content=\"index, follow, max-snippet:-1, max-image-preview:large, max-video-preview:-1\" \/>\n<link rel=\"canonical\" href=\"https:\/\/prismagamers.com\/hu\/produkt\/sniper-ghost-warrior-2\/\" \/>\n<meta property=\"og:locale\" content=\"hu_HU\" \/>\n<meta property=\"og:type\" content=\"article\" \/>\n<meta property=\"og:title\" content=\"Sniper Ghost Warrior 2\" \/>\n<meta property=\"og:description\" content=\"A Sniper: Ghost Warrior 2 izgalmas \u00faj szintre emeli el\u0151dje precizit\u00e1s\u00e1t! \ud83c\udf0d Glob\u00e1lis \u2699\ufe0f Steam \ud83d\udddd Digit\u00e1lis kulcs\" \/>\n<meta property=\"og:url\" content=\"https:\/\/prismagamers.com\/hu\/produkt\/sniper-ghost-warrior-2\/\" \/>\n<meta property=\"og:site_name\" content=\"Prismagamers.com\" \/>\n<meta property=\"article:publisher\" content=\"https:\/\/www.facebook.com\/prismagamers\" \/>\n<meta property=\"article:modified_time\" content=\"2026-01-01T23:36:05+00:00\" \/>\n<meta property=\"og:image\" content=\"https:\/\/prismagamers.com\/wp-content\/uploads\/2024\/12\/Sniper-Ghost-Warrior-21-e1734105806861.jpg\" \/>\n\t<meta property=\"og:image:width\" content=\"300\" \/>\n\t<meta property=\"og:image:height\" content=\"450\" \/>\n\t<meta property=\"og:image:type\" content=\"image\/jpeg\" \/>\n<meta name=\"twitter:card\" content=\"summary_large_image\" \/>\n<meta name=\"twitter:label1\" content=\"Becs\u00fclt olvas\u00e1si id\u0151\" \/>\n\t<meta name=\"twitter:data1\" content=\"3 perc\" \/>\n<script type=\"application\/ld+json\" class=\"yoast-schema-graph\">{\"@context\":\"https:\\\/\\\/schema.org\",\"@graph\":[{\"@type\":\"WebPage\",\"@id\":\"https:\\\/\\\/prismagamers.com\\\/hu\\\/produkt\\\/sniper-ghost-warrior-2\\\/\",\"url\":\"https:\\\/\\\/prismagamers.com\\\/hu\\\/produkt\\\/sniper-ghost-warrior-2\\\/\",\"name\":\"Sniper Ghost Warrior 2 - Prismagamers.com\",\"isPartOf\":{\"@id\":\"https:\\\/\\\/prismagamers.com\\\/hu\\\/#website\"},\"primaryImageOfPage\":{\"@id\":\"https:\\\/\\\/prismagamers.com\\\/hu\\\/produkt\\\/sniper-ghost-warrior-2\\\/#primaryimage\"},\"image\":{\"@id\":\"https:\\\/\\\/prismagamers.com\\\/hu\\\/produkt\\\/sniper-ghost-warrior-2\\\/#primaryimage\"},\"thumbnailUrl\":\"https:\\\/\\\/prismagamers.com\\\/wp-content\\\/uploads\\\/2024\\\/12\\\/Sniper-Ghost-Warrior-21-e1734105806861.jpg\",\"datePublished\":\"2024-12-13T16:06:58+00:00\",\"dateModified\":\"2026-01-01T23:36:05+00:00\",\"description\":\"A Sniper: Ghost Warrior 2 izgalmas \u00faj szintre emeli el\u0151dje precizit\u00e1s\u00e1t! \ud83c\udf0d Glob\u00e1lis \u2699\ufe0f Steam \ud83d\udddd Digit\u00e1lis kulcs\",\"breadcrumb\":{\"@id\":\"https:\\\/\\\/prismagamers.com\\\/hu\\\/produkt\\\/sniper-ghost-warrior-2\\\/#breadcrumb\"},\"inLanguage\":\"hu\",\"potentialAction\":[{\"@type\":\"ReadAction\",\"target\":[\"https:\\\/\\\/prismagamers.com\\\/hu\\\/produkt\\\/sniper-ghost-warrior-2\\\/\"]}]},{\"@type\":\"ImageObject\",\"inLanguage\":\"hu\",\"@id\":\"https:\\\/\\\/prismagamers.com\\\/hu\\\/produkt\\\/sniper-ghost-warrior-2\\\/#primaryimage\",\"url\":\"https:\\\/\\\/prismagamers.com\\\/wp-content\\\/uploads\\\/2024\\\/12\\\/Sniper-Ghost-Warrior-21-e1734105806861.jpg\",\"contentUrl\":\"https:\\\/\\\/prismagamers.com\\\/wp-content\\\/uploads\\\/2024\\\/12\\\/Sniper-Ghost-Warrior-21-e1734105806861.jpg\",\"width\":300,\"height\":450,\"caption\":\"Sniper Ghost Warrior 2 boxshot\"},{\"@type\":\"BreadcrumbList\",\"@id\":\"https:\\\/\\\/prismagamers.com\\\/hu\\\/produkt\\\/sniper-ghost-warrior-2\\\/#breadcrumb\",\"itemListElement\":[{\"@type\":\"ListItem\",\"position\":1,\"name\":\"Strona g\u0142\u00f3wna\",\"item\":\"https:\\\/\\\/prismagamers.com\\\/hu\\\/prismagamers\\\/\"},{\"@type\":\"ListItem\",\"position\":2,\"name\":\"Shop\",\"item\":\"https:\\\/\\\/prismagamers.com\\\/hu\\\/shop\\\/\"},{\"@type\":\"ListItem\",\"position\":3,\"name\":\"Sniper Ghost Warrior 2\"}]},{\"@type\":\"WebSite\",\"@id\":\"https:\\\/\\\/prismagamers.com\\\/hu\\\/#website\",\"url\":\"https:\\\/\\\/prismagamers.com\\\/hu\\\/\",\"name\":\"Prismagamers\",\"description\":\"Sklep z grami PC I Sklep klucze Steam\",\"publisher\":{\"@id\":\"https:\\\/\\\/prismagamers.com\\\/hu\\\/#organization\"},\"potentialAction\":[{\"@type\":\"SearchAction\",\"target\":{\"@type\":\"EntryPoint\",\"urlTemplate\":\"https:\\\/\\\/prismagamers.com\\\/hu\\\/?s={search_term_string}\"},\"query-input\":{\"@type\":\"PropertyValueSpecification\",\"valueRequired\":true,\"valueName\":\"search_term_string\"}}],\"inLanguage\":\"hu\"},{\"@type\":\"Organization\",\"@id\":\"https:\\\/\\\/prismagamers.com\\\/hu\\\/#organization\",\"name\":\"Prismagamers\",\"url\":\"https:\\\/\\\/prismagamers.com\\\/hu\\\/\",\"logo\":{\"@type\":\"ImageObject\",\"inLanguage\":\"hu\",\"@id\":\"https:\\\/\\\/prismagamers.com\\\/hu\\\/#\\\/schema\\\/logo\\\/image\\\/\",\"url\":\"https:\\\/\\\/prismagamers.com\\\/wp-content\\\/uploads\\\/2022\\\/04\\\/cropped-logo-Prismagamers-01-scaled-1.jpg\",\"contentUrl\":\"https:\\\/\\\/prismagamers.com\\\/wp-content\\\/uploads\\\/2022\\\/04\\\/cropped-logo-Prismagamers-01-scaled-1.jpg\",\"width\":512,\"height\":512,\"caption\":\"Prismagamers\"},\"image\":{\"@id\":\"https:\\\/\\\/prismagamers.com\\\/hu\\\/#\\\/schema\\\/logo\\\/image\\\/\"},\"sameAs\":[\"https:\\\/\\\/www.facebook.com\\\/prismagamers\",\"https:\\\/\\\/www.instagram.com\\\/prismagamers_grycyfrowe\\\/\"],\"description\":\"Prismagamers.com to dynamiczny sklep z grami cyfrowymi, stworzony z my\u015bl\u0105 o entuzjastach gier wideo. Nasza strona oferuje szerok\u0105 gam\u0119 gier komputerowych, w tym najnowsze tytu\u0142y, dobrze znane klasyki oraz gry stworzone przez niezale\u017cne studia Ca\u0142y czas d\u0105\u017cymy do rozszerzenia naszej oferty. Do\u0142\u0105cz do nas i sta\u0144 si\u0119 cz\u0119\u015bci\u0105 naszej rosn\u0105cej spo\u0142eczno\u015bci graczy!\",\"email\":\"shop@prismagamers.com\",\"telephone\":\"48795541705\",\"legalName\":\"East Caravan Maksym \u017bukow\",\"foundingDate\":\"2012-05-10\",\"vatID\":\"PL8943038612\",\"taxID\":\"PL8943038612\",\"numberOfEmployees\":{\"@type\":\"QuantitativeValue\",\"minValue\":\"11\",\"maxValue\":\"50\"}}]}<\/script>\n<!-- \/ Yoast SEO Premium plugin. -->","yoast_head_json":{"title":"Sniper Ghost Warrior 2 - Prismagamers.com","description":"A Sniper: Ghost Warrior 2 izgalmas \u00faj szintre emeli el\u0151dje precizit\u00e1s\u00e1t! \ud83c\udf0d Glob\u00e1lis \u2699\ufe0f Steam \ud83d\udddd Digit\u00e1lis kulcs","robots":{"index":"index","follow":"follow","max-snippet":"max-snippet:-1","max-image-preview":"max-image-preview:large","max-video-preview":"max-video-preview:-1"},"canonical":"https:\/\/prismagamers.com\/hu\/produkt\/sniper-ghost-warrior-2\/","og_locale":"hu_HU","og_type":"article","og_title":"Sniper Ghost Warrior 2","og_description":"A Sniper: Ghost Warrior 2 izgalmas \u00faj szintre emeli el\u0151dje precizit\u00e1s\u00e1t! \ud83c\udf0d Glob\u00e1lis \u2699\ufe0f Steam \ud83d\udddd Digit\u00e1lis kulcs","og_url":"https:\/\/prismagamers.com\/hu\/produkt\/sniper-ghost-warrior-2\/","og_site_name":"Prismagamers.com","article_publisher":"https:\/\/www.facebook.com\/prismagamers","article_modified_time":"2026-01-01T23:36:05+00:00","og_image":[{"width":300,"height":450,"url":"https:\/\/prismagamers.com\/wp-content\/uploads\/2024\/12\/Sniper-Ghost-Warrior-21-e1734105806861.jpg","type":"image\/jpeg"}],"twitter_card":"summary_large_image","twitter_misc":{"Becs\u00fclt olvas\u00e1si id\u0151":"3 perc"},"schema":{"@context":"https:\/\/schema.org","@graph":[{"@type":"WebPage","@id":"https:\/\/prismagamers.com\/hu\/produkt\/sniper-ghost-warrior-2\/","url":"https:\/\/prismagamers.com\/hu\/produkt\/sniper-ghost-warrior-2\/","name":"Sniper Ghost Warrior 2 - Prismagamers.com","isPartOf":{"@id":"https:\/\/prismagamers.com\/hu\/#website"},"primaryImageOfPage":{"@id":"https:\/\/prismagamers.com\/hu\/produkt\/sniper-ghost-warrior-2\/#primaryimage"},"image":{"@id":"https:\/\/prismagamers.com\/hu\/produkt\/sniper-ghost-warrior-2\/#primaryimage"},"thumbnailUrl":"https:\/\/prismagamers.com\/wp-content\/uploads\/2024\/12\/Sniper-Ghost-Warrior-21-e1734105806861.jpg","datePublished":"2024-12-13T16:06:58+00:00","dateModified":"2026-01-01T23:36:05+00:00","description":"A Sniper: Ghost Warrior 2 izgalmas \u00faj szintre emeli el\u0151dje precizit\u00e1s\u00e1t! \ud83c\udf0d Glob\u00e1lis \u2699\ufe0f Steam \ud83d\udddd Digit\u00e1lis kulcs","breadcrumb":{"@id":"https:\/\/prismagamers.com\/hu\/produkt\/sniper-ghost-warrior-2\/#breadcrumb"},"inLanguage":"hu","potentialAction":[{"@type":"ReadAction","target":["https:\/\/prismagamers.com\/hu\/produkt\/sniper-ghost-warrior-2\/"]}]},{"@type":"ImageObject","inLanguage":"hu","@id":"https:\/\/prismagamers.com\/hu\/produkt\/sniper-ghost-warrior-2\/#primaryimage","url":"https:\/\/prismagamers.com\/wp-content\/uploads\/2024\/12\/Sniper-Ghost-Warrior-21-e1734105806861.jpg","contentUrl":"https:\/\/prismagamers.com\/wp-content\/uploads\/2024\/12\/Sniper-Ghost-Warrior-21-e1734105806861.jpg","width":300,"height":450,"caption":"Sniper Ghost Warrior 2 boxshot"},{"@type":"BreadcrumbList","@id":"https:\/\/prismagamers.com\/hu\/produkt\/sniper-ghost-warrior-2\/#breadcrumb","itemListElement":[{"@type":"ListItem","position":1,"name":"Strona g\u0142\u00f3wna","item":"https:\/\/prismagamers.com\/hu\/prismagamers\/"},{"@type":"ListItem","position":2,"name":"Shop","item":"https:\/\/prismagamers.com\/hu\/shop\/"},{"@type":"ListItem","position":3,"name":"Sniper Ghost Warrior 2"}]},{"@type":"WebSite","@id":"https:\/\/prismagamers.com\/hu\/#website","url":"https:\/\/prismagamers.com\/hu\/","name":"Prismagamers","description":"Sklep z grami PC I Sklep klucze Steam","publisher":{"@id":"https:\/\/prismagamers.com\/hu\/#organization"},"potentialAction":[{"@type":"SearchAction","target":{"@type":"EntryPoint","urlTemplate":"https:\/\/prismagamers.com\/hu\/?s={search_term_string}"},"query-input":{"@type":"PropertyValueSpecification","valueRequired":true,"valueName":"search_term_string"}}],"inLanguage":"hu"},{"@type":"Organization","@id":"https:\/\/prismagamers.com\/hu\/#organization","name":"Prismagamers","url":"https:\/\/prismagamers.com\/hu\/","logo":{"@type":"ImageObject","inLanguage":"hu","@id":"https:\/\/prismagamers.com\/hu\/#\/schema\/logo\/image\/","url":"https:\/\/prismagamers.com\/wp-content\/uploads\/2022\/04\/cropped-logo-Prismagamers-01-scaled-1.jpg","contentUrl":"https:\/\/prismagamers.com\/wp-content\/uploads\/2022\/04\/cropped-logo-Prismagamers-01-scaled-1.jpg","width":512,"height":512,"caption":"Prismagamers"},"image":{"@id":"https:\/\/prismagamers.com\/hu\/#\/schema\/logo\/image\/"},"sameAs":["https:\/\/www.facebook.com\/prismagamers","https:\/\/www.instagram.com\/prismagamers_grycyfrowe\/"],"description":"Prismagamers.com to dynamiczny sklep z grami cyfrowymi, stworzony z my\u015bl\u0105 o entuzjastach gier wideo. Nasza strona oferuje szerok\u0105 gam\u0119 gier komputerowych, w tym najnowsze tytu\u0142y, dobrze znane klasyki oraz gry stworzone przez niezale\u017cne studia Ca\u0142y czas d\u0105\u017cymy do rozszerzenia naszej oferty. Do\u0142\u0105cz do nas i sta\u0144 si\u0119 cz\u0119\u015bci\u0105 naszej rosn\u0105cej spo\u0142eczno\u015bci graczy!","email":"shop@prismagamers.com","telephone":"48795541705","legalName":"East Caravan Maksym \u017bukow","foundingDate":"2012-05-10","vatID":"PL8943038612","taxID":"PL8943038612","numberOfEmployees":{"@type":"QuantitativeValue","minValue":"11","maxValue":"50"}}]}},"_links":{"self":[{"href":"https:\/\/prismagamers.com\/hu\/wp-json\/wp\/v2\/product\/35186","targetHints":{"allow":["GET"]}}],"collection":[{"href":"https:\/\/prismagamers.com\/hu\/wp-json\/wp\/v2\/product"}],"about":[{"href":"https:\/\/prismagamers.com\/hu\/wp-json\/wp\/v2\/types\/product"}],"wp:featuredmedia":[{"embeddable":true,"href":"https:\/\/prismagamers.com\/hu\/wp-json\/wp\/v2\/media\/33370"}],"wp:attachment":[{"href":"https:\/\/prismagamers.com\/hu\/wp-json\/wp\/v2\/media?parent=35186"}],"wp:term":[{"taxonomy":"product_brand","embeddable":true,"href":"https:\/\/prismagamers.com\/hu\/wp-json\/wp\/v2\/product_brand?post=35186"},{"taxonomy":"product_cat","embeddable":true,"href":"https:\/\/prismagamers.com\/hu\/wp-json\/wp\/v2\/product_cat?post=35186"},{"taxonomy":"product_tag","embeddable":true,"href":"https:\/\/prismagamers.com\/hu\/wp-json\/wp\/v2\/product_tag?post=35186"}],"curies":[{"name":"wp","href":"https:\/\/api.w.org\/{rel}","templated":true}]}}