{"id":35189,"date":"2024-12-13T16:36:46","date_gmt":"2024-12-13T15:36:46","guid":{"rendered":"https:\/\/prismagamers.com\/produkt\/sniper-ghost-warrior-2-siberian-strike\/"},"modified":"2026-03-05T00:00:38","modified_gmt":"2026-03-04T23:00:38","slug":"sniper-ghost-warrior-2-siberian-strike","status":"publish","type":"product","link":"https:\/\/prismagamers.com\/hu\/produkt\/sniper-ghost-warrior-2-siberian-strike\/","title":{"rendered":"Sniper Ghost Warrior 2 : Siberian Strike"},"content":{"rendered":"<p>A Sniper Ghost Warrior 2: Siberian Strike egy elszigetelt szib\u00e9riai helysz\u00ednen j\u00e1tsz\u00f3dik, amely nyitottabb vil\u00e1g\u00e9lm\u00e9nyt k\u00edn\u00e1l a k\u00fcldet\u00e9sek megold\u00e1s\u00e1ra. A j\u00e1t\u00e9kosok nem lesznek k\u00e9zen fogva vezetve, \u00e9s az egyetlen m\u00f3dja annak, hogy megtal\u00e1lj\u00e1k az utat az \u00faj helysz\u00ednen, az a t\u00e9rk\u00e9p haszn\u00e1lata. <\/p>\n<p>A t\u00e1voli, elhagyatott szib\u00e9riai Birsovik v\u00e1ros\u00e1ban Oroszorsz\u00e1g korm\u00e1nya egy titkos katonai l\u00e9tes\u00edtm\u00e9nyt hozott l\u00e9tre, amely fegyverfejleszt\u00e9ssel \u00e9s kutat\u00e1ssal foglalkozik. Az amerikai h\u00edrszerz\u00e9s megtudja, hogy az objektum nemr\u00e9giben t\u00f6megpuszt\u00edt\u00f3 fegyverekkel kapcsolatos kutat\u00e1sra v\u00e1ltott. M. Diaz CIA \u00fcgyn\u00f6k\u00f6t k\u00fcldik, hogy \u00e1lnevet haszn\u00e1lva laborat\u00f3riumi dolgoz\u00f3k\u00e9nt be\u00e9p\u00fclj\u00f6n, \u00e9s felfedezze az igazs\u00e1got. Amikor t\u00f6bb\u00e9 nem k\u00fcld jelent\u00e9seket, gyorsan ment\u0151akci\u00f3t szerveznek.   <\/p>\n<p>A j\u00e1t\u00e9kos Cole \u201eSandman\u201d Anderson szerep\u00e9t \u00f6lti mag\u00e1ra, aki a k\u00fcl\u00f6nleges er\u0151k mesterl\u00f6v\u00e9sze, jelenleg a Task 121 egys\u00e9g tagja \u2013 egy csapat, amelyet az\u00e9rt hoztak l\u00e9tre, hogy megakad\u00e1lyozza a katonai zsarnokok hatalmaskod\u00e1s\u00e1t, akik t\u00f6megpuszt\u00edt\u00f3 fegyverek megszerz\u00e9s\u00e9re t\u00f6rekednek az \u00c1zsiai \u00e9s Csendes-\u00f3ce\u00e1ni r\u00e9gi\u00f3ban. Anderson feladata, hogy lokaliz\u00e1lja Diaz GPS jel\u00e9t, \u00e9rt\u00e9kelje a helyzetet a helysz\u00ednen, \u00e9s begy\u0171jtse az \u00f6sszes inform\u00e1ci\u00f3t, amit csak siker\u00fcl megszereznie. <\/p>\n<p><strong>A Sniper Ghost Warrior 2 alapverzi\u00f3ja sz\u00fcks\u00e9ges. <\/strong><\/p>\n","protected":false},"excerpt":{"rendered":"<p class=\"ai-optimize-24\">A Sniper Ghost Warrior 2: Siberian Strike egy akci\u00f3j\u00e1t\u00e9k, amelyben a k\u00fcl\u00f6nleges er\u0151k mesterl\u00f6v\u00e9sz\u00e9v\u00e9 v\u00e1lsz, Cole \u201eSandman\u201d Anderson szerep\u00e9ben. A feladatod, hogy lokaliz\u00e1ld a elt\u0171nt CIA \u00fcgyn\u00f6k\u00f6t egy elhagyatott szib\u00e9riai v\u00e1rosban, ahol orosz tud\u00f3sok vesz\u00e9lyes kutat\u00e1sokat v\u00e9geznek t\u00f6megpuszt\u00edt\u00f3 fegyverekkel kapcsolatban. A j\u00e1t\u00e9k nyitott vil\u00e1got k\u00edn\u00e1l, ahol a siker kulcsa a taktika \u00e9s a pontos c\u00e9lpontok elt\u00e1vol\u00edt\u00e1sa.<\/p>\n<p class=\"ai-optimize-25\">\ud83c\udf0d Glob\u00e1lis<br \/>\n\u2699\ufe0f Steam<br \/>\n\ud83d\udddd Digit\u00e1lis kulcs<\/p>\n","protected":false},"featured_media":33361,"template":"","meta":{"_acf_changed":false,"site-sidebar-layout":"default","site-content-layout":"","ast-site-content-layout":"default","site-content-style":"default","site-sidebar-style":"default","ast-global-header-display":"","ast-banner-title-visibility":"","ast-main-header-display":"","ast-hfb-above-header-display":"","ast-hfb-below-header-display":"","ast-hfb-mobile-header-display":"","site-post-title":"","ast-breadcrumbs-content":"","ast-featured-img":"","footer-sml-layout":"","ast-disable-related-posts":"","theme-transparent-header-meta":"default","adv-header-id-meta":"","stick-header-meta":"","header-above-stick-meta":"","header-main-stick-meta":"","header-below-stick-meta":"","astra-migrate-meta-layouts":"default","ast-page-background-enabled":"default","ast-page-background-meta":{"desktop":{"background-color":"var(--ast-global-color-4)","background-image":"","background-repeat":"repeat","background-position":"center center","background-size":"auto","background-attachment":"scroll","background-type":"","background-media":"","overlay-type":"","overlay-color":"","overlay-opacity":"","overlay-gradient":""},"tablet":{"background-color":"","background-image":"","background-repeat":"repeat","background-position":"center center","background-size":"auto","background-attachment":"scroll","background-type":"","background-media":"","overlay-type":"","overlay-color":"","overlay-opacity":"","overlay-gradient":""},"mobile":{"background-color":"","background-image":"","background-repeat":"repeat","background-position":"center center","background-size":"auto","background-attachment":"scroll","background-type":"","background-media":"","overlay-type":"","overlay-color":"","overlay-opacity":"","overlay-gradient":""}},"ast-content-background-meta":{"desktop":{"background-color":"var(--ast-global-color-5)","background-image":"","background-repeat":"repeat","background-position":"center center","background-size":"auto","background-attachment":"scroll","background-type":"","background-media":"","overlay-type":"","overlay-color":"","overlay-opacity":"","overlay-gradient":""},"tablet":{"background-color":"var(--ast-global-color-5)","background-image":"","background-repeat":"repeat","background-position":"center center","background-size":"auto","background-attachment":"scroll","background-type":"","background-media":"","overlay-type":"","overlay-color":"","overlay-opacity":"","overlay-gradient":""},"mobile":{"background-color":"var(--ast-global-color-5)","background-image":"","background-repeat":"repeat","background-position":"center center","background-size":"auto","background-attachment":"scroll","background-type":"","background-media":"","overlay-type":"","overlay-color":"","overlay-opacity":"","overlay-gradient":""}}},"product_brand":[],"product_cat":[371,407,369,365],"product_tag":[],"class_list":{"0":"post-35189","1":"product","2":"type-product","3":"status-publish","4":"has-post-thumbnail","6":"product_cat-akcio-jatekok","7":"product_cat-ci-games-hu","8":"product_cat-csarnokok","9":"product_cat-goz","10":"desktop-align-left","11":"tablet-align-left","12":"mobile-align-left","14":"first","15":"instock","16":"virtual","17":"purchasable","18":"product-type-simple"},"acf":[],"yoast_head":"<!-- This site is optimized with the Yoast SEO Premium plugin v27.5 (Yoast SEO v27.5) - https:\/\/yoast.com\/product\/yoast-seo-premium-wordpress\/ -->\n<title>Sniper Ghost Warrior 2 : Siberian Strike - Prismagamers.com<\/title>\n<meta name=\"description\" content=\"A Sniper Ghost Warrior 2: Siberian Strike egy akci\u00f3j\u00e1t\u00e9k, amelyben a k\u00fcl\u00f6nleges er\u0151k mesterl\u00f6v\u00e9sz\u00e9v\u00e9 v\u00e1lsz, Cole \u201eSandman\u201d Anderson szerep\u00e9ben. A feladatod, hogy lokaliz\u00e1ld a elt\u0171nt CIA \u00fcgyn\u00f6k\u00f6t egy elhagyatott szib\u00e9riai v\u00e1rosban, ahol orosz tud\u00f3sok vesz\u00e9lyes kutat\u00e1sokat v\u00e9geznek t\u00f6megpuszt\u00edt\u00f3 fegyverekkel kapcsolatban. A j\u00e1t\u00e9k nyitott vil\u00e1got k\u00edn\u00e1l, ahol a siker kulcsa a taktika \u00e9s a pontos c\u00e9lpontok elt\u00e1vol\u00edt\u00e1sa.  \ud83c\udf0d Glob\u00e1lis \u2699\ufe0f Steam \ud83d\udddd Digit\u00e1lis kulcs\" \/>\n<meta name=\"robots\" content=\"index, follow, max-snippet:-1, max-image-preview:large, max-video-preview:-1\" \/>\n<link rel=\"canonical\" href=\"https:\/\/prismagamers.com\/hu\/produkt\/sniper-ghost-warrior-2-siberian-strike\/\" \/>\n<meta property=\"og:locale\" content=\"hu_HU\" \/>\n<meta property=\"og:type\" content=\"article\" \/>\n<meta property=\"og:title\" content=\"Sniper Ghost Warrior 2 : Siberian Strike\" \/>\n<meta property=\"og:description\" content=\"A Sniper Ghost Warrior 2: Siberian Strike egy akci\u00f3j\u00e1t\u00e9k, amelyben a k\u00fcl\u00f6nleges er\u0151k mesterl\u00f6v\u00e9sz\u00e9v\u00e9 v\u00e1lsz, Cole \u201eSandman\u201d Anderson szerep\u00e9ben. A feladatod, hogy lokaliz\u00e1ld a elt\u0171nt CIA \u00fcgyn\u00f6k\u00f6t egy elhagyatott szib\u00e9riai v\u00e1rosban, ahol orosz tud\u00f3sok vesz\u00e9lyes kutat\u00e1sokat v\u00e9geznek t\u00f6megpuszt\u00edt\u00f3 fegyverekkel kapcsolatban. A j\u00e1t\u00e9k nyitott vil\u00e1got k\u00edn\u00e1l, ahol a siker kulcsa a taktika \u00e9s a pontos c\u00e9lpontok elt\u00e1vol\u00edt\u00e1sa.  \ud83c\udf0d Glob\u00e1lis \u2699\ufe0f Steam \ud83d\udddd Digit\u00e1lis kulcs\" \/>\n<meta property=\"og:url\" content=\"https:\/\/prismagamers.com\/hu\/produkt\/sniper-ghost-warrior-2-siberian-strike\/\" \/>\n<meta property=\"og:site_name\" content=\"Prismagamers.com\" \/>\n<meta property=\"article:publisher\" content=\"https:\/\/www.facebook.com\/prismagamers\" \/>\n<meta property=\"article:modified_time\" content=\"2026-03-04T23:00:38+00:00\" \/>\n<meta property=\"og:image\" content=\"https:\/\/prismagamers.com\/wp-content\/uploads\/2024\/12\/Sniper-Ghost-Warrior-2-Siberian-Strike1-e1734103866946.jpeg\" \/>\n\t<meta property=\"og:image:width\" content=\"300\" \/>\n\t<meta property=\"og:image:height\" content=\"450\" \/>\n\t<meta property=\"og:image:type\" content=\"image\/jpeg\" \/>\n<meta name=\"twitter:card\" content=\"summary_large_image\" \/>\n<meta name=\"twitter:label1\" content=\"Becs\u00fclt olvas\u00e1si id\u0151\" \/>\n\t<meta name=\"twitter:data1\" content=\"1 perc\" \/>\n<script type=\"application\/ld+json\" class=\"yoast-schema-graph\">{\"@context\":\"https:\\\/\\\/schema.org\",\"@graph\":[{\"@type\":\"WebPage\",\"@id\":\"https:\\\/\\\/prismagamers.com\\\/hu\\\/produkt\\\/sniper-ghost-warrior-2-siberian-strike\\\/\",\"url\":\"https:\\\/\\\/prismagamers.com\\\/hu\\\/produkt\\\/sniper-ghost-warrior-2-siberian-strike\\\/\",\"name\":\"Sniper Ghost Warrior 2 : Siberian Strike - Prismagamers.com\",\"isPartOf\":{\"@id\":\"https:\\\/\\\/prismagamers.com\\\/hu\\\/#website\"},\"primaryImageOfPage\":{\"@id\":\"https:\\\/\\\/prismagamers.com\\\/hu\\\/produkt\\\/sniper-ghost-warrior-2-siberian-strike\\\/#primaryimage\"},\"image\":{\"@id\":\"https:\\\/\\\/prismagamers.com\\\/hu\\\/produkt\\\/sniper-ghost-warrior-2-siberian-strike\\\/#primaryimage\"},\"thumbnailUrl\":\"https:\\\/\\\/prismagamers.com\\\/wp-content\\\/uploads\\\/2024\\\/12\\\/Sniper-Ghost-Warrior-2-Siberian-Strike1-e1734103866946.jpeg\",\"datePublished\":\"2024-12-13T15:36:46+00:00\",\"dateModified\":\"2026-03-04T23:00:38+00:00\",\"description\":\"A Sniper Ghost Warrior 2: Siberian Strike egy akci\u00f3j\u00e1t\u00e9k, amelyben a k\u00fcl\u00f6nleges er\u0151k mesterl\u00f6v\u00e9sz\u00e9v\u00e9 v\u00e1lsz, Cole \u201eSandman\u201d Anderson szerep\u00e9ben. A feladatod, hogy lokaliz\u00e1ld a elt\u0171nt CIA \u00fcgyn\u00f6k\u00f6t egy elhagyatott szib\u00e9riai v\u00e1rosban, ahol orosz tud\u00f3sok vesz\u00e9lyes kutat\u00e1sokat v\u00e9geznek t\u00f6megpuszt\u00edt\u00f3 fegyverekkel kapcsolatban. A j\u00e1t\u00e9k nyitott vil\u00e1got k\u00edn\u00e1l, ahol a siker kulcsa a taktika \u00e9s a pontos c\u00e9lpontok elt\u00e1vol\u00edt\u00e1sa. \ud83c\udf0d Glob\u00e1lis \u2699\ufe0f Steam \ud83d\udddd Digit\u00e1lis kulcs\",\"breadcrumb\":{\"@id\":\"https:\\\/\\\/prismagamers.com\\\/hu\\\/produkt\\\/sniper-ghost-warrior-2-siberian-strike\\\/#breadcrumb\"},\"inLanguage\":\"hu\",\"potentialAction\":[{\"@type\":\"ReadAction\",\"target\":[\"https:\\\/\\\/prismagamers.com\\\/hu\\\/produkt\\\/sniper-ghost-warrior-2-siberian-strike\\\/\"]}]},{\"@type\":\"ImageObject\",\"inLanguage\":\"hu\",\"@id\":\"https:\\\/\\\/prismagamers.com\\\/hu\\\/produkt\\\/sniper-ghost-warrior-2-siberian-strike\\\/#primaryimage\",\"url\":\"https:\\\/\\\/prismagamers.com\\\/wp-content\\\/uploads\\\/2024\\\/12\\\/Sniper-Ghost-Warrior-2-Siberian-Strike1-e1734103866946.jpeg\",\"contentUrl\":\"https:\\\/\\\/prismagamers.com\\\/wp-content\\\/uploads\\\/2024\\\/12\\\/Sniper-Ghost-Warrior-2-Siberian-Strike1-e1734103866946.jpeg\",\"width\":300,\"height\":450},{\"@type\":\"BreadcrumbList\",\"@id\":\"https:\\\/\\\/prismagamers.com\\\/hu\\\/produkt\\\/sniper-ghost-warrior-2-siberian-strike\\\/#breadcrumb\",\"itemListElement\":[{\"@type\":\"ListItem\",\"position\":1,\"name\":\"Strona g\u0142\u00f3wna\",\"item\":\"https:\\\/\\\/prismagamers.com\\\/hu\\\/prismagamers\\\/\"},{\"@type\":\"ListItem\",\"position\":2,\"name\":\"Shop\",\"item\":\"https:\\\/\\\/prismagamers.com\\\/hu\\\/shop\\\/\"},{\"@type\":\"ListItem\",\"position\":3,\"name\":\"Sniper Ghost Warrior 2 : Siberian Strike\"}]},{\"@type\":\"WebSite\",\"@id\":\"https:\\\/\\\/prismagamers.com\\\/hu\\\/#website\",\"url\":\"https:\\\/\\\/prismagamers.com\\\/hu\\\/\",\"name\":\"Prismagamers\",\"description\":\"Sklep z grami PC I Sklep klucze Steam\",\"publisher\":{\"@id\":\"https:\\\/\\\/prismagamers.com\\\/hu\\\/#organization\"},\"potentialAction\":[{\"@type\":\"SearchAction\",\"target\":{\"@type\":\"EntryPoint\",\"urlTemplate\":\"https:\\\/\\\/prismagamers.com\\\/hu\\\/?s={search_term_string}\"},\"query-input\":{\"@type\":\"PropertyValueSpecification\",\"valueRequired\":true,\"valueName\":\"search_term_string\"}}],\"inLanguage\":\"hu\"},{\"@type\":\"Organization\",\"@id\":\"https:\\\/\\\/prismagamers.com\\\/hu\\\/#organization\",\"name\":\"Prismagamers\",\"url\":\"https:\\\/\\\/prismagamers.com\\\/hu\\\/\",\"logo\":{\"@type\":\"ImageObject\",\"inLanguage\":\"hu\",\"@id\":\"https:\\\/\\\/prismagamers.com\\\/hu\\\/#\\\/schema\\\/logo\\\/image\\\/\",\"url\":\"https:\\\/\\\/prismagamers.com\\\/wp-content\\\/uploads\\\/2022\\\/04\\\/cropped-logo-Prismagamers-01-scaled-1.jpg\",\"contentUrl\":\"https:\\\/\\\/prismagamers.com\\\/wp-content\\\/uploads\\\/2022\\\/04\\\/cropped-logo-Prismagamers-01-scaled-1.jpg\",\"width\":512,\"height\":512,\"caption\":\"Prismagamers\"},\"image\":{\"@id\":\"https:\\\/\\\/prismagamers.com\\\/hu\\\/#\\\/schema\\\/logo\\\/image\\\/\"},\"sameAs\":[\"https:\\\/\\\/www.facebook.com\\\/prismagamers\",\"https:\\\/\\\/www.instagram.com\\\/prismagamers_grycyfrowe\\\/\"],\"description\":\"Prismagamers.com to dynamiczny sklep z grami cyfrowymi, stworzony z my\u015bl\u0105 o entuzjastach gier wideo. Nasza strona oferuje szerok\u0105 gam\u0119 gier komputerowych, w tym najnowsze tytu\u0142y, dobrze znane klasyki oraz gry stworzone przez niezale\u017cne studia Ca\u0142y czas d\u0105\u017cymy do rozszerzenia naszej oferty. Do\u0142\u0105cz do nas i sta\u0144 si\u0119 cz\u0119\u015bci\u0105 naszej rosn\u0105cej spo\u0142eczno\u015bci graczy!\",\"email\":\"shop@prismagamers.com\",\"telephone\":\"48795541705\",\"legalName\":\"East Caravan Maksym \u017bukow\",\"foundingDate\":\"2012-05-10\",\"vatID\":\"PL8943038612\",\"taxID\":\"PL8943038612\",\"numberOfEmployees\":{\"@type\":\"QuantitativeValue\",\"minValue\":\"11\",\"maxValue\":\"50\"}}]}<\/script>\n<!-- \/ Yoast SEO Premium plugin. -->","yoast_head_json":{"title":"Sniper Ghost Warrior 2 : Siberian Strike - Prismagamers.com","description":"A Sniper Ghost Warrior 2: Siberian Strike egy akci\u00f3j\u00e1t\u00e9k, amelyben a k\u00fcl\u00f6nleges er\u0151k mesterl\u00f6v\u00e9sz\u00e9v\u00e9 v\u00e1lsz, Cole \u201eSandman\u201d Anderson szerep\u00e9ben. A feladatod, hogy lokaliz\u00e1ld a elt\u0171nt CIA \u00fcgyn\u00f6k\u00f6t egy elhagyatott szib\u00e9riai v\u00e1rosban, ahol orosz tud\u00f3sok vesz\u00e9lyes kutat\u00e1sokat v\u00e9geznek t\u00f6megpuszt\u00edt\u00f3 fegyverekkel kapcsolatban. A j\u00e1t\u00e9k nyitott vil\u00e1got k\u00edn\u00e1l, ahol a siker kulcsa a taktika \u00e9s a pontos c\u00e9lpontok elt\u00e1vol\u00edt\u00e1sa.  \ud83c\udf0d Glob\u00e1lis \u2699\ufe0f Steam \ud83d\udddd Digit\u00e1lis kulcs","robots":{"index":"index","follow":"follow","max-snippet":"max-snippet:-1","max-image-preview":"max-image-preview:large","max-video-preview":"max-video-preview:-1"},"canonical":"https:\/\/prismagamers.com\/hu\/produkt\/sniper-ghost-warrior-2-siberian-strike\/","og_locale":"hu_HU","og_type":"article","og_title":"Sniper Ghost Warrior 2 : Siberian Strike","og_description":"A Sniper Ghost Warrior 2: Siberian Strike egy akci\u00f3j\u00e1t\u00e9k, amelyben a k\u00fcl\u00f6nleges er\u0151k mesterl\u00f6v\u00e9sz\u00e9v\u00e9 v\u00e1lsz, Cole \u201eSandman\u201d Anderson szerep\u00e9ben. A feladatod, hogy lokaliz\u00e1ld a elt\u0171nt CIA \u00fcgyn\u00f6k\u00f6t egy elhagyatott szib\u00e9riai v\u00e1rosban, ahol orosz tud\u00f3sok vesz\u00e9lyes kutat\u00e1sokat v\u00e9geznek t\u00f6megpuszt\u00edt\u00f3 fegyverekkel kapcsolatban. A j\u00e1t\u00e9k nyitott vil\u00e1got k\u00edn\u00e1l, ahol a siker kulcsa a taktika \u00e9s a pontos c\u00e9lpontok elt\u00e1vol\u00edt\u00e1sa.  \ud83c\udf0d Glob\u00e1lis \u2699\ufe0f Steam \ud83d\udddd Digit\u00e1lis kulcs","og_url":"https:\/\/prismagamers.com\/hu\/produkt\/sniper-ghost-warrior-2-siberian-strike\/","og_site_name":"Prismagamers.com","article_publisher":"https:\/\/www.facebook.com\/prismagamers","article_modified_time":"2026-03-04T23:00:38+00:00","og_image":[{"width":300,"height":450,"url":"https:\/\/prismagamers.com\/wp-content\/uploads\/2024\/12\/Sniper-Ghost-Warrior-2-Siberian-Strike1-e1734103866946.jpeg","type":"image\/jpeg"}],"twitter_card":"summary_large_image","twitter_misc":{"Becs\u00fclt olvas\u00e1si id\u0151":"1 perc"},"schema":{"@context":"https:\/\/schema.org","@graph":[{"@type":"WebPage","@id":"https:\/\/prismagamers.com\/hu\/produkt\/sniper-ghost-warrior-2-siberian-strike\/","url":"https:\/\/prismagamers.com\/hu\/produkt\/sniper-ghost-warrior-2-siberian-strike\/","name":"Sniper Ghost Warrior 2 : Siberian Strike - Prismagamers.com","isPartOf":{"@id":"https:\/\/prismagamers.com\/hu\/#website"},"primaryImageOfPage":{"@id":"https:\/\/prismagamers.com\/hu\/produkt\/sniper-ghost-warrior-2-siberian-strike\/#primaryimage"},"image":{"@id":"https:\/\/prismagamers.com\/hu\/produkt\/sniper-ghost-warrior-2-siberian-strike\/#primaryimage"},"thumbnailUrl":"https:\/\/prismagamers.com\/wp-content\/uploads\/2024\/12\/Sniper-Ghost-Warrior-2-Siberian-Strike1-e1734103866946.jpeg","datePublished":"2024-12-13T15:36:46+00:00","dateModified":"2026-03-04T23:00:38+00:00","description":"A Sniper Ghost Warrior 2: Siberian Strike egy akci\u00f3j\u00e1t\u00e9k, amelyben a k\u00fcl\u00f6nleges er\u0151k mesterl\u00f6v\u00e9sz\u00e9v\u00e9 v\u00e1lsz, Cole \u201eSandman\u201d Anderson szerep\u00e9ben. A feladatod, hogy lokaliz\u00e1ld a elt\u0171nt CIA \u00fcgyn\u00f6k\u00f6t egy elhagyatott szib\u00e9riai v\u00e1rosban, ahol orosz tud\u00f3sok vesz\u00e9lyes kutat\u00e1sokat v\u00e9geznek t\u00f6megpuszt\u00edt\u00f3 fegyverekkel kapcsolatban. A j\u00e1t\u00e9k nyitott vil\u00e1got k\u00edn\u00e1l, ahol a siker kulcsa a taktika \u00e9s a pontos c\u00e9lpontok elt\u00e1vol\u00edt\u00e1sa. \ud83c\udf0d Glob\u00e1lis \u2699\ufe0f Steam \ud83d\udddd Digit\u00e1lis kulcs","breadcrumb":{"@id":"https:\/\/prismagamers.com\/hu\/produkt\/sniper-ghost-warrior-2-siberian-strike\/#breadcrumb"},"inLanguage":"hu","potentialAction":[{"@type":"ReadAction","target":["https:\/\/prismagamers.com\/hu\/produkt\/sniper-ghost-warrior-2-siberian-strike\/"]}]},{"@type":"ImageObject","inLanguage":"hu","@id":"https:\/\/prismagamers.com\/hu\/produkt\/sniper-ghost-warrior-2-siberian-strike\/#primaryimage","url":"https:\/\/prismagamers.com\/wp-content\/uploads\/2024\/12\/Sniper-Ghost-Warrior-2-Siberian-Strike1-e1734103866946.jpeg","contentUrl":"https:\/\/prismagamers.com\/wp-content\/uploads\/2024\/12\/Sniper-Ghost-Warrior-2-Siberian-Strike1-e1734103866946.jpeg","width":300,"height":450},{"@type":"BreadcrumbList","@id":"https:\/\/prismagamers.com\/hu\/produkt\/sniper-ghost-warrior-2-siberian-strike\/#breadcrumb","itemListElement":[{"@type":"ListItem","position":1,"name":"Strona g\u0142\u00f3wna","item":"https:\/\/prismagamers.com\/hu\/prismagamers\/"},{"@type":"ListItem","position":2,"name":"Shop","item":"https:\/\/prismagamers.com\/hu\/shop\/"},{"@type":"ListItem","position":3,"name":"Sniper Ghost Warrior 2 : Siberian Strike"}]},{"@type":"WebSite","@id":"https:\/\/prismagamers.com\/hu\/#website","url":"https:\/\/prismagamers.com\/hu\/","name":"Prismagamers","description":"Sklep z grami PC I Sklep klucze Steam","publisher":{"@id":"https:\/\/prismagamers.com\/hu\/#organization"},"potentialAction":[{"@type":"SearchAction","target":{"@type":"EntryPoint","urlTemplate":"https:\/\/prismagamers.com\/hu\/?s={search_term_string}"},"query-input":{"@type":"PropertyValueSpecification","valueRequired":true,"valueName":"search_term_string"}}],"inLanguage":"hu"},{"@type":"Organization","@id":"https:\/\/prismagamers.com\/hu\/#organization","name":"Prismagamers","url":"https:\/\/prismagamers.com\/hu\/","logo":{"@type":"ImageObject","inLanguage":"hu","@id":"https:\/\/prismagamers.com\/hu\/#\/schema\/logo\/image\/","url":"https:\/\/prismagamers.com\/wp-content\/uploads\/2022\/04\/cropped-logo-Prismagamers-01-scaled-1.jpg","contentUrl":"https:\/\/prismagamers.com\/wp-content\/uploads\/2022\/04\/cropped-logo-Prismagamers-01-scaled-1.jpg","width":512,"height":512,"caption":"Prismagamers"},"image":{"@id":"https:\/\/prismagamers.com\/hu\/#\/schema\/logo\/image\/"},"sameAs":["https:\/\/www.facebook.com\/prismagamers","https:\/\/www.instagram.com\/prismagamers_grycyfrowe\/"],"description":"Prismagamers.com to dynamiczny sklep z grami cyfrowymi, stworzony z my\u015bl\u0105 o entuzjastach gier wideo. Nasza strona oferuje szerok\u0105 gam\u0119 gier komputerowych, w tym najnowsze tytu\u0142y, dobrze znane klasyki oraz gry stworzone przez niezale\u017cne studia Ca\u0142y czas d\u0105\u017cymy do rozszerzenia naszej oferty. Do\u0142\u0105cz do nas i sta\u0144 si\u0119 cz\u0119\u015bci\u0105 naszej rosn\u0105cej spo\u0142eczno\u015bci graczy!","email":"shop@prismagamers.com","telephone":"48795541705","legalName":"East Caravan Maksym \u017bukow","foundingDate":"2012-05-10","vatID":"PL8943038612","taxID":"PL8943038612","numberOfEmployees":{"@type":"QuantitativeValue","minValue":"11","maxValue":"50"}}]}},"_links":{"self":[{"href":"https:\/\/prismagamers.com\/hu\/wp-json\/wp\/v2\/product\/35189","targetHints":{"allow":["GET"]}}],"collection":[{"href":"https:\/\/prismagamers.com\/hu\/wp-json\/wp\/v2\/product"}],"about":[{"href":"https:\/\/prismagamers.com\/hu\/wp-json\/wp\/v2\/types\/product"}],"wp:featuredmedia":[{"embeddable":true,"href":"https:\/\/prismagamers.com\/hu\/wp-json\/wp\/v2\/media\/33361"}],"wp:attachment":[{"href":"https:\/\/prismagamers.com\/hu\/wp-json\/wp\/v2\/media?parent=35189"}],"wp:term":[{"taxonomy":"product_brand","embeddable":true,"href":"https:\/\/prismagamers.com\/hu\/wp-json\/wp\/v2\/product_brand?post=35189"},{"taxonomy":"product_cat","embeddable":true,"href":"https:\/\/prismagamers.com\/hu\/wp-json\/wp\/v2\/product_cat?post=35189"},{"taxonomy":"product_tag","embeddable":true,"href":"https:\/\/prismagamers.com\/hu\/wp-json\/wp\/v2\/product_tag?post=35189"}],"curies":[{"name":"wp","href":"https:\/\/api.w.org\/{rel}","templated":true}]}}