{"id":35191,"date":"2024-12-13T16:01:44","date_gmt":"2024-12-13T15:01:44","guid":{"rendered":"https:\/\/prismagamers.com\/produkt\/sniper-ghost-warrior-contracts\/"},"modified":"2026-03-04T01:23:42","modified_gmt":"2026-03-04T00:23:42","slug":"sniper-ghost-warrior-contracts","status":"publish","type":"product","link":"https:\/\/prismagamers.com\/hu\/produkt\/sniper-ghost-warrior-contracts\/","title":{"rendered":"Sniper Ghost Warrior Contracts"},"content":{"rendered":"<div class=\"flex-shrink-0 flex flex-col relative items-end\">\n<div>\n<div class=\"pt-0\">\n<div class=\"gizmo-bot-avatar flex h-8 w-8 items-center justify-center overflow-hidden rounded-full\">\n<div class=\"relative p-1 rounded-sm flex items-center justify-center bg-token-main-surface-primary text-token-text-primary h-8 w-8\"><\/div>\n<\/div>\n<\/div>\n<\/div>\n<\/div>\n<div class=\"group\/conversation-turn relative flex w-full min-w-0 flex-col agent-turn\">\n<div class=\"flex-col gap-1 md:gap-3\">\n<div class=\"flex max-w-full flex-col flex-grow\">\n<div class=\"min-h-8 text-message flex w-full flex-col items-end gap-2 whitespace-normal break-words text-start [.text-message+&amp;]:mt-5\" dir=\"auto\" data-message-author-role=\"assistant\" data-message-id=\"30ae62e5-779e-4694-84a5-78f75af6c2d2\" data-message-model-slug=\"gpt-4o\">\n<div class=\"flex w-full flex-col gap-1 empty:hidden first:pt-[3px]\">\n<div class=\"markdown prose w-full break-words dark:prose-invert light\">\n<p>V\u00e1llalj szerz\u0151d\u00e9seket vil\u00e1gos c\u00e9lokkal, fix javadalmaz\u00e1ssal \u00e9s tov\u00e1bbi kih\u00edv\u00e1sokkal, amelyek a pontos, strat\u00e9giai megk\u00f6zel\u00edt\u00e9st jutalmazz\u00e1k a mesterl\u00f6v\u00e9sz k\u00fcldet\u00e9sek sor\u00e1n.<\/p>\n<p>L\u00e9pj be egy b\u00e9rgyilkos szerep\u00e9be, aki sz\u00e1mos m\u00f3don kell, hogy elimin\u00e1lja a c\u00e9lpontokat, mik\u00f6zben elker\u00fcli a t\u00f6bbi mesterl\u00f6v\u00e9szt, akik k\u00e9szen \u00e1llnak t\u00f6nkretenni a terveidet.<\/p>\n<h3>F\u0151bb jellemz\u0151k:<\/h3>\n<ul>\n<li><strong>Nyitott szerz\u0151d\u00e9sek<\/strong> \u2013 T\u00e9rj vissza a k\u00fcldet\u00e9sekhez, hogy fejleszd k\u00e9pess\u00e9geidet, szerezz p\u00e9nzt a fejleszt\u00e9sekhez, \u00e9s \u00faj m\u00f3dokon elimin\u00e1ld a c\u00e9lpontokat.<\/li>\n<li><strong>\u00daj c\u00e9loz\u00e1si rendszer<\/strong> \u2013 Dinamikus \u00e9s re\u00e1lis rendszer, amely kiv\u00e9teles \u00e9lm\u00e9nyt ny\u00fajt a mesterl\u00f6v\u00e9sz fegyver kezel\u00e9s\u00e9ben.<\/li>\n<li><strong>Kiterjesztett val\u00f3s\u00e1g maszk\u00e1ja<\/strong> \u2013 Fejleszd a felszerel\u00e9st, szkennelj k\u00f6rnyezetet \u00e9s fedezd fel az ellens\u00e9gek gyenge pontjait.<\/li>\n<li><strong>Fejlett k\u00fcty\u00fck<\/strong> \u2013 Haszn\u00e1lj dr\u00f3nokat, mesterl\u00f6v\u00e9sz tornyokat \u00e9s g\u00e1zgr\u00e1n\u00e1tokat, hogy rejtve v\u00e9gezd el a k\u00fcldet\u00e9seket, \u00e9s kihaszn\u00e1lhasd a taktikai megk\u00f6zel\u00edt\u00e9seket.<\/li>\n<li><strong>A nyers szib\u00e9riai vadon<\/strong> \u2013 T\u00fal\u00e9l\u00e9s a kih\u00edv\u00e1st jelent\u0151 k\u00f6r\u00fclm\u00e9nyek k\u00f6z\u00f6tt, mint a havas hegyek, s\u0171r\u0171 erd\u0151k \u00e9s rejtett b\u00e1zisok a hegyvonul\u00e1sokon.<\/li>\n<\/ul>\n<\/div>\n<\/div>\n<\/div>\n<\/div>\n<div class=\"mb-2 flex gap-3 empty:hidden -ml-2\">\n<div class=\"items-center justify-start rounded-xl p-1 flex\"><\/div>\n<\/div>\n<\/div>\n<\/div>\n","protected":false},"excerpt":{"rendered":"<p class=\"ai-optimize-24\">Legy\u00e9l mesterl\u00f6v\u00e9sz a valaha volt legrealisztikusabb j\u00e1t\u00e9kban, amely a precizit\u00e1st, a taktik\u00e1t \u00e9s a lopakod\u00e1st \u00f6tv\u00f6zi a hatalmas, r\u00e9szletes t\u00e9rk\u00e9peken zajl\u00f3 izgalmas kamp\u00e1ny sor\u00e1n.<\/p>\n<p class=\"ai-optimize-25\">\ud83c\udf0d Glob\u00e1lis<br \/>\n\u2699\ufe0f Steam<br \/>\n\ud83d\udddd Digit\u00e1lis kulcs<\/p>\n","protected":false},"featured_media":33352,"template":"","meta":{"_acf_changed":false,"site-sidebar-layout":"default","site-content-layout":"","ast-site-content-layout":"default","site-content-style":"default","site-sidebar-style":"default","ast-global-header-display":"","ast-banner-title-visibility":"","ast-main-header-display":"","ast-hfb-above-header-display":"","ast-hfb-below-header-display":"","ast-hfb-mobile-header-display":"","site-post-title":"","ast-breadcrumbs-content":"","ast-featured-img":"","footer-sml-layout":"","ast-disable-related-posts":"","theme-transparent-header-meta":"default","adv-header-id-meta":"","stick-header-meta":"","header-above-stick-meta":"","header-main-stick-meta":"","header-below-stick-meta":"","astra-migrate-meta-layouts":"default","ast-page-background-enabled":"default","ast-page-background-meta":{"desktop":{"background-color":"var(--ast-global-color-4)","background-image":"","background-repeat":"repeat","background-position":"center center","background-size":"auto","background-attachment":"scroll","background-type":"","background-media":"","overlay-type":"","overlay-color":"","overlay-opacity":"","overlay-gradient":""},"tablet":{"background-color":"","background-image":"","background-repeat":"repeat","background-position":"center center","background-size":"auto","background-attachment":"scroll","background-type":"","background-media":"","overlay-type":"","overlay-color":"","overlay-opacity":"","overlay-gradient":""},"mobile":{"background-color":"","background-image":"","background-repeat":"repeat","background-position":"center center","background-size":"auto","background-attachment":"scroll","background-type":"","background-media":"","overlay-type":"","overlay-color":"","overlay-opacity":"","overlay-gradient":""}},"ast-content-background-meta":{"desktop":{"background-color":"var(--ast-global-color-5)","background-image":"","background-repeat":"repeat","background-position":"center center","background-size":"auto","background-attachment":"scroll","background-type":"","background-media":"","overlay-type":"","overlay-color":"","overlay-opacity":"","overlay-gradient":""},"tablet":{"background-color":"var(--ast-global-color-5)","background-image":"","background-repeat":"repeat","background-position":"center center","background-size":"auto","background-attachment":"scroll","background-type":"","background-media":"","overlay-type":"","overlay-color":"","overlay-opacity":"","overlay-gradient":""},"mobile":{"background-color":"var(--ast-global-color-5)","background-image":"","background-repeat":"repeat","background-position":"center center","background-size":"auto","background-attachment":"scroll","background-type":"","background-media":"","overlay-type":"","overlay-color":"","overlay-opacity":"","overlay-gradient":""}}},"product_brand":[],"product_cat":[371,407,369,365,396],"product_tag":[],"class_list":{"0":"post-35191","1":"product","2":"type-product","3":"status-publish","4":"has-post-thumbnail","6":"product_cat-akcio-jatekok","7":"product_cat-ci-games-hu","8":"product_cat-csarnokok","9":"product_cat-goz","10":"product_cat-lovoldozos-jatekok-a-steamen","11":"desktop-align-left","12":"tablet-align-left","13":"mobile-align-left","15":"first","16":"instock","17":"virtual","18":"purchasable","19":"product-type-simple"},"acf":[],"yoast_head":"<!-- This site is optimized with the Yoast SEO Premium plugin v27.4 (Yoast SEO v27.4) - https:\/\/yoast.com\/product\/yoast-seo-premium-wordpress\/ -->\n<title>Sniper Ghost Warrior Contracts - Prismagamers.com<\/title>\n<meta name=\"description\" content=\"Legy\u00e9l mesterl\u00f6v\u00e9sz a valaha volt legrealisztikusabb j\u00e1t\u00e9kban, amely a precizit\u00e1st, a taktik\u00e1t \u00e9s a lopakod\u00e1st \u00f6tv\u00f6zi a hatalmas, r\u00e9szletes t\u00e9rk\u00e9peken zajl\u00f3 izgalmas kamp\u00e1ny sor\u00e1n. \ud83c\udf0d Glob\u00e1lis \u2699\ufe0f Steam \ud83d\udddd Digit\u00e1lis kulcs\" \/>\n<meta name=\"robots\" content=\"index, follow, max-snippet:-1, max-image-preview:large, max-video-preview:-1\" \/>\n<link rel=\"canonical\" href=\"https:\/\/prismagamers.com\/hu\/produkt\/sniper-ghost-warrior-contracts\/\" \/>\n<meta property=\"og:locale\" content=\"hu_HU\" \/>\n<meta property=\"og:type\" content=\"article\" \/>\n<meta property=\"og:title\" content=\"Sniper Ghost Warrior Contracts\" \/>\n<meta property=\"og:description\" content=\"Legy\u00e9l mesterl\u00f6v\u00e9sz a valaha volt legrealisztikusabb j\u00e1t\u00e9kban, amely a precizit\u00e1st, a taktik\u00e1t \u00e9s a lopakod\u00e1st \u00f6tv\u00f6zi a hatalmas, r\u00e9szletes t\u00e9rk\u00e9peken zajl\u00f3 izgalmas kamp\u00e1ny sor\u00e1n. \ud83c\udf0d Glob\u00e1lis \u2699\ufe0f Steam \ud83d\udddd Digit\u00e1lis kulcs\" \/>\n<meta property=\"og:url\" content=\"https:\/\/prismagamers.com\/hu\/produkt\/sniper-ghost-warrior-contracts\/\" \/>\n<meta property=\"og:site_name\" content=\"Prismagamers.com\" \/>\n<meta property=\"article:publisher\" content=\"https:\/\/www.facebook.com\/prismagamers\" \/>\n<meta property=\"article:modified_time\" content=\"2026-03-04T00:23:42+00:00\" \/>\n<meta property=\"og:image\" content=\"https:\/\/prismagamers.com\/wp-content\/uploads\/2024\/12\/Sniper-Ghost-Warrior-Contracts1-e1734101763225.jpeg\" \/>\n\t<meta property=\"og:image:width\" content=\"300\" \/>\n\t<meta property=\"og:image:height\" content=\"450\" \/>\n\t<meta property=\"og:image:type\" content=\"image\/jpeg\" \/>\n<meta name=\"twitter:card\" content=\"summary_large_image\" \/>\n<meta name=\"twitter:label1\" content=\"Becs\u00fclt olvas\u00e1si id\u0151\" \/>\n\t<meta name=\"twitter:data1\" content=\"1 perc\" \/>\n<script type=\"application\/ld+json\" class=\"yoast-schema-graph\">{\"@context\":\"https:\\\/\\\/schema.org\",\"@graph\":[{\"@type\":\"WebPage\",\"@id\":\"https:\\\/\\\/prismagamers.com\\\/hu\\\/produkt\\\/sniper-ghost-warrior-contracts\\\/\",\"url\":\"https:\\\/\\\/prismagamers.com\\\/hu\\\/produkt\\\/sniper-ghost-warrior-contracts\\\/\",\"name\":\"Sniper Ghost Warrior Contracts - Prismagamers.com\",\"isPartOf\":{\"@id\":\"https:\\\/\\\/prismagamers.com\\\/hu\\\/#website\"},\"primaryImageOfPage\":{\"@id\":\"https:\\\/\\\/prismagamers.com\\\/hu\\\/produkt\\\/sniper-ghost-warrior-contracts\\\/#primaryimage\"},\"image\":{\"@id\":\"https:\\\/\\\/prismagamers.com\\\/hu\\\/produkt\\\/sniper-ghost-warrior-contracts\\\/#primaryimage\"},\"thumbnailUrl\":\"https:\\\/\\\/prismagamers.com\\\/wp-content\\\/uploads\\\/2024\\\/12\\\/Sniper-Ghost-Warrior-Contracts1-e1734101763225.jpeg\",\"datePublished\":\"2024-12-13T15:01:44+00:00\",\"dateModified\":\"2026-03-04T00:23:42+00:00\",\"description\":\"Legy\u00e9l mesterl\u00f6v\u00e9sz a valaha volt legrealisztikusabb j\u00e1t\u00e9kban, amely a precizit\u00e1st, a taktik\u00e1t \u00e9s a lopakod\u00e1st \u00f6tv\u00f6zi a hatalmas, r\u00e9szletes t\u00e9rk\u00e9peken zajl\u00f3 izgalmas kamp\u00e1ny sor\u00e1n. \ud83c\udf0d Glob\u00e1lis \u2699\ufe0f Steam \ud83d\udddd Digit\u00e1lis kulcs\",\"breadcrumb\":{\"@id\":\"https:\\\/\\\/prismagamers.com\\\/hu\\\/produkt\\\/sniper-ghost-warrior-contracts\\\/#breadcrumb\"},\"inLanguage\":\"hu\",\"potentialAction\":[{\"@type\":\"ReadAction\",\"target\":[\"https:\\\/\\\/prismagamers.com\\\/hu\\\/produkt\\\/sniper-ghost-warrior-contracts\\\/\"]}]},{\"@type\":\"ImageObject\",\"inLanguage\":\"hu\",\"@id\":\"https:\\\/\\\/prismagamers.com\\\/hu\\\/produkt\\\/sniper-ghost-warrior-contracts\\\/#primaryimage\",\"url\":\"https:\\\/\\\/prismagamers.com\\\/wp-content\\\/uploads\\\/2024\\\/12\\\/Sniper-Ghost-Warrior-Contracts1-e1734101763225.jpeg\",\"contentUrl\":\"https:\\\/\\\/prismagamers.com\\\/wp-content\\\/uploads\\\/2024\\\/12\\\/Sniper-Ghost-Warrior-Contracts1-e1734101763225.jpeg\",\"width\":300,\"height\":450},{\"@type\":\"BreadcrumbList\",\"@id\":\"https:\\\/\\\/prismagamers.com\\\/hu\\\/produkt\\\/sniper-ghost-warrior-contracts\\\/#breadcrumb\",\"itemListElement\":[{\"@type\":\"ListItem\",\"position\":1,\"name\":\"Strona g\u0142\u00f3wna\",\"item\":\"https:\\\/\\\/prismagamers.com\\\/hu\\\/prismagamers\\\/\"},{\"@type\":\"ListItem\",\"position\":2,\"name\":\"Shop\",\"item\":\"https:\\\/\\\/prismagamers.com\\\/hu\\\/shop\\\/\"},{\"@type\":\"ListItem\",\"position\":3,\"name\":\"Sniper Ghost Warrior Contracts\"}]},{\"@type\":\"WebSite\",\"@id\":\"https:\\\/\\\/prismagamers.com\\\/hu\\\/#website\",\"url\":\"https:\\\/\\\/prismagamers.com\\\/hu\\\/\",\"name\":\"Prismagamers\",\"description\":\"Sklep z grami PC I Sklep klucze Steam\",\"publisher\":{\"@id\":\"https:\\\/\\\/prismagamers.com\\\/hu\\\/#organization\"},\"potentialAction\":[{\"@type\":\"SearchAction\",\"target\":{\"@type\":\"EntryPoint\",\"urlTemplate\":\"https:\\\/\\\/prismagamers.com\\\/hu\\\/?s={search_term_string}\"},\"query-input\":{\"@type\":\"PropertyValueSpecification\",\"valueRequired\":true,\"valueName\":\"search_term_string\"}}],\"inLanguage\":\"hu\"},{\"@type\":\"Organization\",\"@id\":\"https:\\\/\\\/prismagamers.com\\\/hu\\\/#organization\",\"name\":\"Prismagamers\",\"url\":\"https:\\\/\\\/prismagamers.com\\\/hu\\\/\",\"logo\":{\"@type\":\"ImageObject\",\"inLanguage\":\"hu\",\"@id\":\"https:\\\/\\\/prismagamers.com\\\/hu\\\/#\\\/schema\\\/logo\\\/image\\\/\",\"url\":\"https:\\\/\\\/prismagamers.com\\\/wp-content\\\/uploads\\\/2022\\\/04\\\/cropped-logo-Prismagamers-01-scaled-1.jpg\",\"contentUrl\":\"https:\\\/\\\/prismagamers.com\\\/wp-content\\\/uploads\\\/2022\\\/04\\\/cropped-logo-Prismagamers-01-scaled-1.jpg\",\"width\":512,\"height\":512,\"caption\":\"Prismagamers\"},\"image\":{\"@id\":\"https:\\\/\\\/prismagamers.com\\\/hu\\\/#\\\/schema\\\/logo\\\/image\\\/\"},\"sameAs\":[\"https:\\\/\\\/www.facebook.com\\\/prismagamers\",\"https:\\\/\\\/www.instagram.com\\\/prismagamers_grycyfrowe\\\/\"],\"description\":\"Prismagamers.com to dynamiczny sklep z grami cyfrowymi, stworzony z my\u015bl\u0105 o entuzjastach gier wideo. Nasza strona oferuje szerok\u0105 gam\u0119 gier komputerowych, w tym najnowsze tytu\u0142y, dobrze znane klasyki oraz gry stworzone przez niezale\u017cne studia Ca\u0142y czas d\u0105\u017cymy do rozszerzenia naszej oferty. Do\u0142\u0105cz do nas i sta\u0144 si\u0119 cz\u0119\u015bci\u0105 naszej rosn\u0105cej spo\u0142eczno\u015bci graczy!\",\"email\":\"shop@prismagamers.com\",\"telephone\":\"48795541705\",\"legalName\":\"East Caravan Maksym \u017bukow\",\"foundingDate\":\"2012-05-10\",\"vatID\":\"PL8943038612\",\"taxID\":\"PL8943038612\",\"numberOfEmployees\":{\"@type\":\"QuantitativeValue\",\"minValue\":\"11\",\"maxValue\":\"50\"}}]}<\/script>\n<!-- \/ Yoast SEO Premium plugin. -->","yoast_head_json":{"title":"Sniper Ghost Warrior Contracts - Prismagamers.com","description":"Legy\u00e9l mesterl\u00f6v\u00e9sz a valaha volt legrealisztikusabb j\u00e1t\u00e9kban, amely a precizit\u00e1st, a taktik\u00e1t \u00e9s a lopakod\u00e1st \u00f6tv\u00f6zi a hatalmas, r\u00e9szletes t\u00e9rk\u00e9peken zajl\u00f3 izgalmas kamp\u00e1ny sor\u00e1n. \ud83c\udf0d Glob\u00e1lis \u2699\ufe0f Steam \ud83d\udddd Digit\u00e1lis kulcs","robots":{"index":"index","follow":"follow","max-snippet":"max-snippet:-1","max-image-preview":"max-image-preview:large","max-video-preview":"max-video-preview:-1"},"canonical":"https:\/\/prismagamers.com\/hu\/produkt\/sniper-ghost-warrior-contracts\/","og_locale":"hu_HU","og_type":"article","og_title":"Sniper Ghost Warrior Contracts","og_description":"Legy\u00e9l mesterl\u00f6v\u00e9sz a valaha volt legrealisztikusabb j\u00e1t\u00e9kban, amely a precizit\u00e1st, a taktik\u00e1t \u00e9s a lopakod\u00e1st \u00f6tv\u00f6zi a hatalmas, r\u00e9szletes t\u00e9rk\u00e9peken zajl\u00f3 izgalmas kamp\u00e1ny sor\u00e1n. \ud83c\udf0d Glob\u00e1lis \u2699\ufe0f Steam \ud83d\udddd Digit\u00e1lis kulcs","og_url":"https:\/\/prismagamers.com\/hu\/produkt\/sniper-ghost-warrior-contracts\/","og_site_name":"Prismagamers.com","article_publisher":"https:\/\/www.facebook.com\/prismagamers","article_modified_time":"2026-03-04T00:23:42+00:00","og_image":[{"width":300,"height":450,"url":"https:\/\/prismagamers.com\/wp-content\/uploads\/2024\/12\/Sniper-Ghost-Warrior-Contracts1-e1734101763225.jpeg","type":"image\/jpeg"}],"twitter_card":"summary_large_image","twitter_misc":{"Becs\u00fclt olvas\u00e1si id\u0151":"1 perc"},"schema":{"@context":"https:\/\/schema.org","@graph":[{"@type":"WebPage","@id":"https:\/\/prismagamers.com\/hu\/produkt\/sniper-ghost-warrior-contracts\/","url":"https:\/\/prismagamers.com\/hu\/produkt\/sniper-ghost-warrior-contracts\/","name":"Sniper Ghost Warrior Contracts - Prismagamers.com","isPartOf":{"@id":"https:\/\/prismagamers.com\/hu\/#website"},"primaryImageOfPage":{"@id":"https:\/\/prismagamers.com\/hu\/produkt\/sniper-ghost-warrior-contracts\/#primaryimage"},"image":{"@id":"https:\/\/prismagamers.com\/hu\/produkt\/sniper-ghost-warrior-contracts\/#primaryimage"},"thumbnailUrl":"https:\/\/prismagamers.com\/wp-content\/uploads\/2024\/12\/Sniper-Ghost-Warrior-Contracts1-e1734101763225.jpeg","datePublished":"2024-12-13T15:01:44+00:00","dateModified":"2026-03-04T00:23:42+00:00","description":"Legy\u00e9l mesterl\u00f6v\u00e9sz a valaha volt legrealisztikusabb j\u00e1t\u00e9kban, amely a precizit\u00e1st, a taktik\u00e1t \u00e9s a lopakod\u00e1st \u00f6tv\u00f6zi a hatalmas, r\u00e9szletes t\u00e9rk\u00e9peken zajl\u00f3 izgalmas kamp\u00e1ny sor\u00e1n. \ud83c\udf0d Glob\u00e1lis \u2699\ufe0f Steam \ud83d\udddd Digit\u00e1lis kulcs","breadcrumb":{"@id":"https:\/\/prismagamers.com\/hu\/produkt\/sniper-ghost-warrior-contracts\/#breadcrumb"},"inLanguage":"hu","potentialAction":[{"@type":"ReadAction","target":["https:\/\/prismagamers.com\/hu\/produkt\/sniper-ghost-warrior-contracts\/"]}]},{"@type":"ImageObject","inLanguage":"hu","@id":"https:\/\/prismagamers.com\/hu\/produkt\/sniper-ghost-warrior-contracts\/#primaryimage","url":"https:\/\/prismagamers.com\/wp-content\/uploads\/2024\/12\/Sniper-Ghost-Warrior-Contracts1-e1734101763225.jpeg","contentUrl":"https:\/\/prismagamers.com\/wp-content\/uploads\/2024\/12\/Sniper-Ghost-Warrior-Contracts1-e1734101763225.jpeg","width":300,"height":450},{"@type":"BreadcrumbList","@id":"https:\/\/prismagamers.com\/hu\/produkt\/sniper-ghost-warrior-contracts\/#breadcrumb","itemListElement":[{"@type":"ListItem","position":1,"name":"Strona g\u0142\u00f3wna","item":"https:\/\/prismagamers.com\/hu\/prismagamers\/"},{"@type":"ListItem","position":2,"name":"Shop","item":"https:\/\/prismagamers.com\/hu\/shop\/"},{"@type":"ListItem","position":3,"name":"Sniper Ghost Warrior Contracts"}]},{"@type":"WebSite","@id":"https:\/\/prismagamers.com\/hu\/#website","url":"https:\/\/prismagamers.com\/hu\/","name":"Prismagamers","description":"Sklep z grami PC I Sklep klucze Steam","publisher":{"@id":"https:\/\/prismagamers.com\/hu\/#organization"},"potentialAction":[{"@type":"SearchAction","target":{"@type":"EntryPoint","urlTemplate":"https:\/\/prismagamers.com\/hu\/?s={search_term_string}"},"query-input":{"@type":"PropertyValueSpecification","valueRequired":true,"valueName":"search_term_string"}}],"inLanguage":"hu"},{"@type":"Organization","@id":"https:\/\/prismagamers.com\/hu\/#organization","name":"Prismagamers","url":"https:\/\/prismagamers.com\/hu\/","logo":{"@type":"ImageObject","inLanguage":"hu","@id":"https:\/\/prismagamers.com\/hu\/#\/schema\/logo\/image\/","url":"https:\/\/prismagamers.com\/wp-content\/uploads\/2022\/04\/cropped-logo-Prismagamers-01-scaled-1.jpg","contentUrl":"https:\/\/prismagamers.com\/wp-content\/uploads\/2022\/04\/cropped-logo-Prismagamers-01-scaled-1.jpg","width":512,"height":512,"caption":"Prismagamers"},"image":{"@id":"https:\/\/prismagamers.com\/hu\/#\/schema\/logo\/image\/"},"sameAs":["https:\/\/www.facebook.com\/prismagamers","https:\/\/www.instagram.com\/prismagamers_grycyfrowe\/"],"description":"Prismagamers.com to dynamiczny sklep z grami cyfrowymi, stworzony z my\u015bl\u0105 o entuzjastach gier wideo. Nasza strona oferuje szerok\u0105 gam\u0119 gier komputerowych, w tym najnowsze tytu\u0142y, dobrze znane klasyki oraz gry stworzone przez niezale\u017cne studia Ca\u0142y czas d\u0105\u017cymy do rozszerzenia naszej oferty. Do\u0142\u0105cz do nas i sta\u0144 si\u0119 cz\u0119\u015bci\u0105 naszej rosn\u0105cej spo\u0142eczno\u015bci graczy!","email":"shop@prismagamers.com","telephone":"48795541705","legalName":"East Caravan Maksym \u017bukow","foundingDate":"2012-05-10","vatID":"PL8943038612","taxID":"PL8943038612","numberOfEmployees":{"@type":"QuantitativeValue","minValue":"11","maxValue":"50"}}]}},"_links":{"self":[{"href":"https:\/\/prismagamers.com\/hu\/wp-json\/wp\/v2\/product\/35191","targetHints":{"allow":["GET"]}}],"collection":[{"href":"https:\/\/prismagamers.com\/hu\/wp-json\/wp\/v2\/product"}],"about":[{"href":"https:\/\/prismagamers.com\/hu\/wp-json\/wp\/v2\/types\/product"}],"wp:featuredmedia":[{"embeddable":true,"href":"https:\/\/prismagamers.com\/hu\/wp-json\/wp\/v2\/media\/33352"}],"wp:attachment":[{"href":"https:\/\/prismagamers.com\/hu\/wp-json\/wp\/v2\/media?parent=35191"}],"wp:term":[{"taxonomy":"product_brand","embeddable":true,"href":"https:\/\/prismagamers.com\/hu\/wp-json\/wp\/v2\/product_brand?post=35191"},{"taxonomy":"product_cat","embeddable":true,"href":"https:\/\/prismagamers.com\/hu\/wp-json\/wp\/v2\/product_cat?post=35191"},{"taxonomy":"product_tag","embeddable":true,"href":"https:\/\/prismagamers.com\/hu\/wp-json\/wp\/v2\/product_tag?post=35191"}],"curies":[{"name":"wp","href":"https:\/\/api.w.org\/{rel}","templated":true}]}}