{"id":35192,"date":"2024-12-13T11:58:56","date_gmt":"2024-12-13T10:58:56","guid":{"rendered":"https:\/\/prismagamers.com\/produkt\/sniper-ghost-warrior-3\/"},"modified":"2026-03-05T00:00:48","modified_gmt":"2026-03-04T23:00:48","slug":"sniper-ghost-warrior-3","status":"publish","type":"product","link":"https:\/\/prismagamers.com\/hu\/produkt\/sniper-ghost-warrior-3\/","title":{"rendered":"Sniper Ghost Warrior 3"},"content":{"rendered":"<p>L\u00e9pj be az ellens\u00e9g vonalai m\u00f6g\u00e9 a legjobb modern h\u00e1bor\u00fas l\u00f6v\u00f6ld\u00f6z\u0151s j\u00e1t\u00e9kban, \u00e9s v\u00e1llald a kih\u00edv\u00e1st egy nyitott, ellens\u00e9ges vil\u00e1gban. V\u00e1laszd meg saj\u00e1t utadat, hogy teljes\u00edtsd a k\u00fcldet\u00e9seket \u00e9s uralkodj a k\u00e1oszon. <\/p>\n<p><strong>L\u00e9gy mesterl\u00f6v\u00e9sz<\/strong>: pontosan elimin\u00e1ld a c\u00e9lpontokat t\u00e1volr\u00f3l, figyelembe v\u00e9ve a magass\u00e1gk\u00fcl\u00f6nbs\u00e9get, a szelet, a testhelyzetet, a fegyvert \u00e9s a l\u0151szert.<\/p>\n<p><strong>L\u00e9gy szellem<\/strong>: halkan elimin\u00e1ld az ellens\u00e9geket a fejlett k\u00e9mked\u00e9si rendszer seg\u00edts\u00e9g\u00e9vel, kihaszn\u00e1lva a dr\u00f3nokat \u00e9s a f\u00fcgg\u0151leges navig\u00e1ci\u00f3t.<\/p>\n<p><strong>L\u00e9gy harcos<\/strong>: igaz\u00edtsd a fegyverarzen\u00e1lodat a k\u00fcldet\u00e9shez, v\u00e1lasztva a rohampusk\u00e1k, s\u00f6r\u00e9tes pusk\u00e1k, robban\u00f3anyagok \u00e9s m\u00e1s harci eszk\u00f6z\u00f6k k\u00f6z\u00fcl.<\/p>\n<p><strong>L\u00e9gy egyszerre minden<\/strong>: l\u00e9pj be egy amerikai katona szerep\u00e9be az ellens\u00e9g vonalai m\u00f6g\u00f6tt Gr\u00fazi\u00e1ban, ahol meg kell akad\u00e1lyoznod, hogy a katonai korm\u00e1nyz\u00f3k k\u00e1oszba tasz\u00edts\u00e1k az orsz\u00e1got.<\/p>\n<p>Fedezd fel a hatalmas nyitott vil\u00e1got dinamikus id\u0151j\u00e1r\u00e1ssal \u00e9s nappali-\u00e9jszakai ciklussal, amelyek hat\u00e1ssal vannak a tetteidre. A Sniper Ghost Warrior 3 egy t\u00f6rt\u00e9net a testv\u00e9ris\u00e9gr\u0151l, hitr\u0151l \u00e9s \u00e1rul\u00e1sr\u00f3l, egy polg\u00e1rh\u00e1bor\u00fas h\u00e1tt\u00e9rben. <\/p>\n","protected":false},"excerpt":{"rendered":"<div class=\"flex max-w-full flex-col flex-grow\">\n<div class=\"min-h-8 text-message flex w-full flex-col items-end gap-2 whitespace-normal break-words text-start [.text-message+&amp;]:mt-5\" dir=\"auto\" data-message-author-role=\"assistant\" data-message-id=\"b6142117-fe78-4fc3-a491-3839144bb5de\" data-message-model-slug=\"gpt-4o\">\n<div class=\"flex w-full flex-col gap-1 empty:hidden first:pt-[3px]\">\n<div class=\"markdown prose w-full break-words dark:prose-invert light\">\n<p class=\"ai-optimize-23\">L\u00e9pj \u00e1t a frontvonalon amerikai katonak\u00e9nt Gr\u00fazi\u00e1ban, k\u00f6zel az orosz hat\u00e1rhoz, \u00e9s n\u00e9zz szembe a kih\u00edv\u00e1sokkal egy nyitott, ellens\u00e9ges vil\u00e1gban. V\u00e1laszd meg saj\u00e1t strat\u00e9gi\u00e1dat \u00e9s teljes\u00edtsd a k\u00fcldet\u00e9seket a legjobb modern h\u00e1bor\u00fas l\u00f6v\u00f6ld\u00f6z\u0151s j\u00e1t\u00e9kban. <\/p>\n<\/div>\n<\/div>\n<\/div>\n<\/div>\n<div class=\"mb-2 flex gap-3 empty:hidden -ml-2\">\n<div class=\"items-center justify-start rounded-xl p-1 flex\">\n<div class=\"flex items-center\">\ud83c\udf0d Global<\/div>\n<div class=\"flex items-center\">\u2699\ufe0f Steam<\/div>\n<div class=\"flex items-center\">\ud83d\udddd Digital key<\/div>\n<\/div>\n<\/div>\n","protected":false},"featured_media":33316,"template":"","meta":{"_acf_changed":false,"site-sidebar-layout":"default","site-content-layout":"","ast-site-content-layout":"default","site-content-style":"default","site-sidebar-style":"default","ast-global-header-display":"","ast-banner-title-visibility":"","ast-main-header-display":"","ast-hfb-above-header-display":"","ast-hfb-below-header-display":"","ast-hfb-mobile-header-display":"","site-post-title":"","ast-breadcrumbs-content":"","ast-featured-img":"","footer-sml-layout":"","ast-disable-related-posts":"","theme-transparent-header-meta":"default","adv-header-id-meta":"","stick-header-meta":"","header-above-stick-meta":"","header-main-stick-meta":"","header-below-stick-meta":"","astra-migrate-meta-layouts":"default","ast-page-background-enabled":"default","ast-page-background-meta":{"desktop":{"background-color":"var(--ast-global-color-4)","background-image":"","background-repeat":"repeat","background-position":"center center","background-size":"auto","background-attachment":"scroll","background-type":"","background-media":"","overlay-type":"","overlay-color":"","overlay-opacity":"","overlay-gradient":""},"tablet":{"background-color":"","background-image":"","background-repeat":"repeat","background-position":"center center","background-size":"auto","background-attachment":"scroll","background-type":"","background-media":"","overlay-type":"","overlay-color":"","overlay-opacity":"","overlay-gradient":""},"mobile":{"background-color":"","background-image":"","background-repeat":"repeat","background-position":"center center","background-size":"auto","background-attachment":"scroll","background-type":"","background-media":"","overlay-type":"","overlay-color":"","overlay-opacity":"","overlay-gradient":""}},"ast-content-background-meta":{"desktop":{"background-color":"var(--ast-global-color-5)","background-image":"","background-repeat":"repeat","background-position":"center center","background-size":"auto","background-attachment":"scroll","background-type":"","background-media":"","overlay-type":"","overlay-color":"","overlay-opacity":"","overlay-gradient":""},"tablet":{"background-color":"var(--ast-global-color-5)","background-image":"","background-repeat":"repeat","background-position":"center center","background-size":"auto","background-attachment":"scroll","background-type":"","background-media":"","overlay-type":"","overlay-color":"","overlay-opacity":"","overlay-gradient":""},"mobile":{"background-color":"var(--ast-global-color-5)","background-image":"","background-repeat":"repeat","background-position":"center center","background-size":"auto","background-attachment":"scroll","background-type":"","background-media":"","overlay-type":"","overlay-color":"","overlay-opacity":"","overlay-gradient":""}}},"product_brand":[],"product_cat":[371,407,369,365],"product_tag":[],"class_list":{"0":"post-35192","1":"product","2":"type-product","3":"status-publish","4":"has-post-thumbnail","6":"product_cat-akcio-jatekok","7":"product_cat-ci-games-hu","8":"product_cat-csarnokok","9":"product_cat-goz","10":"desktop-align-left","11":"tablet-align-left","12":"mobile-align-left","14":"first","15":"instock","16":"virtual","17":"purchasable","18":"product-type-simple"},"acf":[],"yoast_head":"<!-- This site is optimized with the Yoast SEO Premium plugin v27.5 (Yoast SEO v27.5) - https:\/\/yoast.com\/product\/yoast-seo-premium-wordpress\/ -->\n<title>Sniper Ghost Warrior 3 - Prismagamers.com<\/title>\n<meta name=\"description\" content=\"L\u00e9pj \u00e1t a frontvonalon amerikai katonak\u00e9nt Gr\u00fazi\u00e1ban, k\u00f6zel az orosz hat\u00e1rhoz, \u00e9s n\u00e9zz szembe a kih\u00edv\u00e1sokkal egy nyitott, ellens\u00e9ges vil\u00e1gban. V\u00e1laszd meg saj\u00e1t strat\u00e9gi\u00e1dat \u00e9s teljes\u00edtsd a k\u00fcldet\u00e9seket a legjobb modern h\u00e1bor\u00fas l\u00f6v\u00f6ld\u00f6z\u0151s j\u00e1t\u00e9kban.     \ud83c\udf0d Global \u2699\ufe0f Steam \ud83d\udddd Digital key\" \/>\n<meta name=\"robots\" content=\"index, follow, max-snippet:-1, max-image-preview:large, max-video-preview:-1\" \/>\n<link rel=\"canonical\" href=\"https:\/\/prismagamers.com\/hu\/produkt\/sniper-ghost-warrior-3\/\" \/>\n<meta property=\"og:locale\" content=\"hu_HU\" \/>\n<meta property=\"og:type\" content=\"article\" \/>\n<meta property=\"og:title\" content=\"Sniper Ghost Warrior 3\" \/>\n<meta property=\"og:description\" content=\"L\u00e9pj \u00e1t a frontvonalon amerikai katonak\u00e9nt Gr\u00fazi\u00e1ban, k\u00f6zel az orosz hat\u00e1rhoz, \u00e9s n\u00e9zz szembe a kih\u00edv\u00e1sokkal egy nyitott, ellens\u00e9ges vil\u00e1gban. V\u00e1laszd meg saj\u00e1t strat\u00e9gi\u00e1dat \u00e9s teljes\u00edtsd a k\u00fcldet\u00e9seket a legjobb modern h\u00e1bor\u00fas l\u00f6v\u00f6ld\u00f6z\u0151s j\u00e1t\u00e9kban.     \ud83c\udf0d Global \u2699\ufe0f Steam \ud83d\udddd Digital key\" \/>\n<meta property=\"og:url\" content=\"https:\/\/prismagamers.com\/hu\/produkt\/sniper-ghost-warrior-3\/\" \/>\n<meta property=\"og:site_name\" content=\"Prismagamers.com\" \/>\n<meta property=\"article:publisher\" content=\"https:\/\/www.facebook.com\/prismagamers\" \/>\n<meta property=\"article:modified_time\" content=\"2026-03-04T23:00:48+00:00\" \/>\n<meta property=\"og:image\" content=\"https:\/\/prismagamers.com\/wp-content\/uploads\/2024\/12\/Sniper-Ghost-Warrior-31-e1734087159281.jpg\" \/>\n\t<meta property=\"og:image:width\" content=\"300\" \/>\n\t<meta property=\"og:image:height\" content=\"450\" \/>\n\t<meta property=\"og:image:type\" content=\"image\/jpeg\" \/>\n<meta name=\"twitter:card\" content=\"summary_large_image\" \/>\n<meta name=\"twitter:label1\" content=\"Becs\u00fclt olvas\u00e1si id\u0151\" \/>\n\t<meta name=\"twitter:data1\" content=\"1 perc\" \/>\n<script type=\"application\/ld+json\" class=\"yoast-schema-graph\">{\"@context\":\"https:\\\/\\\/schema.org\",\"@graph\":[{\"@type\":\"WebPage\",\"@id\":\"https:\\\/\\\/prismagamers.com\\\/hu\\\/produkt\\\/sniper-ghost-warrior-3\\\/\",\"url\":\"https:\\\/\\\/prismagamers.com\\\/hu\\\/produkt\\\/sniper-ghost-warrior-3\\\/\",\"name\":\"Sniper Ghost Warrior 3 - Prismagamers.com\",\"isPartOf\":{\"@id\":\"https:\\\/\\\/prismagamers.com\\\/hu\\\/#website\"},\"primaryImageOfPage\":{\"@id\":\"https:\\\/\\\/prismagamers.com\\\/hu\\\/produkt\\\/sniper-ghost-warrior-3\\\/#primaryimage\"},\"image\":{\"@id\":\"https:\\\/\\\/prismagamers.com\\\/hu\\\/produkt\\\/sniper-ghost-warrior-3\\\/#primaryimage\"},\"thumbnailUrl\":\"https:\\\/\\\/prismagamers.com\\\/wp-content\\\/uploads\\\/2024\\\/12\\\/Sniper-Ghost-Warrior-31-e1734087159281.jpg\",\"datePublished\":\"2024-12-13T10:58:56+00:00\",\"dateModified\":\"2026-03-04T23:00:48+00:00\",\"description\":\"L\u00e9pj \u00e1t a frontvonalon amerikai katonak\u00e9nt Gr\u00fazi\u00e1ban, k\u00f6zel az orosz hat\u00e1rhoz, \u00e9s n\u00e9zz szembe a kih\u00edv\u00e1sokkal egy nyitott, ellens\u00e9ges vil\u00e1gban. V\u00e1laszd meg saj\u00e1t strat\u00e9gi\u00e1dat \u00e9s teljes\u00edtsd a k\u00fcldet\u00e9seket a legjobb modern h\u00e1bor\u00fas l\u00f6v\u00f6ld\u00f6z\u0151s j\u00e1t\u00e9kban. \ud83c\udf0d Global \u2699\ufe0f Steam \ud83d\udddd Digital key\",\"breadcrumb\":{\"@id\":\"https:\\\/\\\/prismagamers.com\\\/hu\\\/produkt\\\/sniper-ghost-warrior-3\\\/#breadcrumb\"},\"inLanguage\":\"hu\",\"potentialAction\":[{\"@type\":\"ReadAction\",\"target\":[\"https:\\\/\\\/prismagamers.com\\\/hu\\\/produkt\\\/sniper-ghost-warrior-3\\\/\"]}]},{\"@type\":\"ImageObject\",\"inLanguage\":\"hu\",\"@id\":\"https:\\\/\\\/prismagamers.com\\\/hu\\\/produkt\\\/sniper-ghost-warrior-3\\\/#primaryimage\",\"url\":\"https:\\\/\\\/prismagamers.com\\\/wp-content\\\/uploads\\\/2024\\\/12\\\/Sniper-Ghost-Warrior-31-e1734087159281.jpg\",\"contentUrl\":\"https:\\\/\\\/prismagamers.com\\\/wp-content\\\/uploads\\\/2024\\\/12\\\/Sniper-Ghost-Warrior-31-e1734087159281.jpg\",\"width\":300,\"height\":450},{\"@type\":\"BreadcrumbList\",\"@id\":\"https:\\\/\\\/prismagamers.com\\\/hu\\\/produkt\\\/sniper-ghost-warrior-3\\\/#breadcrumb\",\"itemListElement\":[{\"@type\":\"ListItem\",\"position\":1,\"name\":\"Strona g\u0142\u00f3wna\",\"item\":\"https:\\\/\\\/prismagamers.com\\\/hu\\\/prismagamers\\\/\"},{\"@type\":\"ListItem\",\"position\":2,\"name\":\"Shop\",\"item\":\"https:\\\/\\\/prismagamers.com\\\/hu\\\/shop\\\/\"},{\"@type\":\"ListItem\",\"position\":3,\"name\":\"Sniper Ghost Warrior 3\"}]},{\"@type\":\"WebSite\",\"@id\":\"https:\\\/\\\/prismagamers.com\\\/hu\\\/#website\",\"url\":\"https:\\\/\\\/prismagamers.com\\\/hu\\\/\",\"name\":\"Prismagamers\",\"description\":\"Sklep z grami PC I Sklep klucze Steam\",\"publisher\":{\"@id\":\"https:\\\/\\\/prismagamers.com\\\/hu\\\/#organization\"},\"potentialAction\":[{\"@type\":\"SearchAction\",\"target\":{\"@type\":\"EntryPoint\",\"urlTemplate\":\"https:\\\/\\\/prismagamers.com\\\/hu\\\/?s={search_term_string}\"},\"query-input\":{\"@type\":\"PropertyValueSpecification\",\"valueRequired\":true,\"valueName\":\"search_term_string\"}}],\"inLanguage\":\"hu\"},{\"@type\":\"Organization\",\"@id\":\"https:\\\/\\\/prismagamers.com\\\/hu\\\/#organization\",\"name\":\"Prismagamers\",\"url\":\"https:\\\/\\\/prismagamers.com\\\/hu\\\/\",\"logo\":{\"@type\":\"ImageObject\",\"inLanguage\":\"hu\",\"@id\":\"https:\\\/\\\/prismagamers.com\\\/hu\\\/#\\\/schema\\\/logo\\\/image\\\/\",\"url\":\"https:\\\/\\\/prismagamers.com\\\/wp-content\\\/uploads\\\/2022\\\/04\\\/cropped-logo-Prismagamers-01-scaled-1.jpg\",\"contentUrl\":\"https:\\\/\\\/prismagamers.com\\\/wp-content\\\/uploads\\\/2022\\\/04\\\/cropped-logo-Prismagamers-01-scaled-1.jpg\",\"width\":512,\"height\":512,\"caption\":\"Prismagamers\"},\"image\":{\"@id\":\"https:\\\/\\\/prismagamers.com\\\/hu\\\/#\\\/schema\\\/logo\\\/image\\\/\"},\"sameAs\":[\"https:\\\/\\\/www.facebook.com\\\/prismagamers\",\"https:\\\/\\\/www.instagram.com\\\/prismagamers_grycyfrowe\\\/\"],\"description\":\"Prismagamers.com to dynamiczny sklep z grami cyfrowymi, stworzony z my\u015bl\u0105 o entuzjastach gier wideo. Nasza strona oferuje szerok\u0105 gam\u0119 gier komputerowych, w tym najnowsze tytu\u0142y, dobrze znane klasyki oraz gry stworzone przez niezale\u017cne studia Ca\u0142y czas d\u0105\u017cymy do rozszerzenia naszej oferty. Do\u0142\u0105cz do nas i sta\u0144 si\u0119 cz\u0119\u015bci\u0105 naszej rosn\u0105cej spo\u0142eczno\u015bci graczy!\",\"email\":\"shop@prismagamers.com\",\"telephone\":\"48795541705\",\"legalName\":\"East Caravan Maksym \u017bukow\",\"foundingDate\":\"2012-05-10\",\"vatID\":\"PL8943038612\",\"taxID\":\"PL8943038612\",\"numberOfEmployees\":{\"@type\":\"QuantitativeValue\",\"minValue\":\"11\",\"maxValue\":\"50\"}}]}<\/script>\n<!-- \/ Yoast SEO Premium plugin. -->","yoast_head_json":{"title":"Sniper Ghost Warrior 3 - Prismagamers.com","description":"L\u00e9pj \u00e1t a frontvonalon amerikai katonak\u00e9nt Gr\u00fazi\u00e1ban, k\u00f6zel az orosz hat\u00e1rhoz, \u00e9s n\u00e9zz szembe a kih\u00edv\u00e1sokkal egy nyitott, ellens\u00e9ges vil\u00e1gban. V\u00e1laszd meg saj\u00e1t strat\u00e9gi\u00e1dat \u00e9s teljes\u00edtsd a k\u00fcldet\u00e9seket a legjobb modern h\u00e1bor\u00fas l\u00f6v\u00f6ld\u00f6z\u0151s j\u00e1t\u00e9kban.     \ud83c\udf0d Global \u2699\ufe0f Steam \ud83d\udddd Digital key","robots":{"index":"index","follow":"follow","max-snippet":"max-snippet:-1","max-image-preview":"max-image-preview:large","max-video-preview":"max-video-preview:-1"},"canonical":"https:\/\/prismagamers.com\/hu\/produkt\/sniper-ghost-warrior-3\/","og_locale":"hu_HU","og_type":"article","og_title":"Sniper Ghost Warrior 3","og_description":"L\u00e9pj \u00e1t a frontvonalon amerikai katonak\u00e9nt Gr\u00fazi\u00e1ban, k\u00f6zel az orosz hat\u00e1rhoz, \u00e9s n\u00e9zz szembe a kih\u00edv\u00e1sokkal egy nyitott, ellens\u00e9ges vil\u00e1gban. V\u00e1laszd meg saj\u00e1t strat\u00e9gi\u00e1dat \u00e9s teljes\u00edtsd a k\u00fcldet\u00e9seket a legjobb modern h\u00e1bor\u00fas l\u00f6v\u00f6ld\u00f6z\u0151s j\u00e1t\u00e9kban.     \ud83c\udf0d Global \u2699\ufe0f Steam \ud83d\udddd Digital key","og_url":"https:\/\/prismagamers.com\/hu\/produkt\/sniper-ghost-warrior-3\/","og_site_name":"Prismagamers.com","article_publisher":"https:\/\/www.facebook.com\/prismagamers","article_modified_time":"2026-03-04T23:00:48+00:00","og_image":[{"width":300,"height":450,"url":"https:\/\/prismagamers.com\/wp-content\/uploads\/2024\/12\/Sniper-Ghost-Warrior-31-e1734087159281.jpg","type":"image\/jpeg"}],"twitter_card":"summary_large_image","twitter_misc":{"Becs\u00fclt olvas\u00e1si id\u0151":"1 perc"},"schema":{"@context":"https:\/\/schema.org","@graph":[{"@type":"WebPage","@id":"https:\/\/prismagamers.com\/hu\/produkt\/sniper-ghost-warrior-3\/","url":"https:\/\/prismagamers.com\/hu\/produkt\/sniper-ghost-warrior-3\/","name":"Sniper Ghost Warrior 3 - Prismagamers.com","isPartOf":{"@id":"https:\/\/prismagamers.com\/hu\/#website"},"primaryImageOfPage":{"@id":"https:\/\/prismagamers.com\/hu\/produkt\/sniper-ghost-warrior-3\/#primaryimage"},"image":{"@id":"https:\/\/prismagamers.com\/hu\/produkt\/sniper-ghost-warrior-3\/#primaryimage"},"thumbnailUrl":"https:\/\/prismagamers.com\/wp-content\/uploads\/2024\/12\/Sniper-Ghost-Warrior-31-e1734087159281.jpg","datePublished":"2024-12-13T10:58:56+00:00","dateModified":"2026-03-04T23:00:48+00:00","description":"L\u00e9pj \u00e1t a frontvonalon amerikai katonak\u00e9nt Gr\u00fazi\u00e1ban, k\u00f6zel az orosz hat\u00e1rhoz, \u00e9s n\u00e9zz szembe a kih\u00edv\u00e1sokkal egy nyitott, ellens\u00e9ges vil\u00e1gban. V\u00e1laszd meg saj\u00e1t strat\u00e9gi\u00e1dat \u00e9s teljes\u00edtsd a k\u00fcldet\u00e9seket a legjobb modern h\u00e1bor\u00fas l\u00f6v\u00f6ld\u00f6z\u0151s j\u00e1t\u00e9kban. \ud83c\udf0d Global \u2699\ufe0f Steam \ud83d\udddd Digital key","breadcrumb":{"@id":"https:\/\/prismagamers.com\/hu\/produkt\/sniper-ghost-warrior-3\/#breadcrumb"},"inLanguage":"hu","potentialAction":[{"@type":"ReadAction","target":["https:\/\/prismagamers.com\/hu\/produkt\/sniper-ghost-warrior-3\/"]}]},{"@type":"ImageObject","inLanguage":"hu","@id":"https:\/\/prismagamers.com\/hu\/produkt\/sniper-ghost-warrior-3\/#primaryimage","url":"https:\/\/prismagamers.com\/wp-content\/uploads\/2024\/12\/Sniper-Ghost-Warrior-31-e1734087159281.jpg","contentUrl":"https:\/\/prismagamers.com\/wp-content\/uploads\/2024\/12\/Sniper-Ghost-Warrior-31-e1734087159281.jpg","width":300,"height":450},{"@type":"BreadcrumbList","@id":"https:\/\/prismagamers.com\/hu\/produkt\/sniper-ghost-warrior-3\/#breadcrumb","itemListElement":[{"@type":"ListItem","position":1,"name":"Strona g\u0142\u00f3wna","item":"https:\/\/prismagamers.com\/hu\/prismagamers\/"},{"@type":"ListItem","position":2,"name":"Shop","item":"https:\/\/prismagamers.com\/hu\/shop\/"},{"@type":"ListItem","position":3,"name":"Sniper Ghost Warrior 3"}]},{"@type":"WebSite","@id":"https:\/\/prismagamers.com\/hu\/#website","url":"https:\/\/prismagamers.com\/hu\/","name":"Prismagamers","description":"Sklep z grami PC I Sklep klucze Steam","publisher":{"@id":"https:\/\/prismagamers.com\/hu\/#organization"},"potentialAction":[{"@type":"SearchAction","target":{"@type":"EntryPoint","urlTemplate":"https:\/\/prismagamers.com\/hu\/?s={search_term_string}"},"query-input":{"@type":"PropertyValueSpecification","valueRequired":true,"valueName":"search_term_string"}}],"inLanguage":"hu"},{"@type":"Organization","@id":"https:\/\/prismagamers.com\/hu\/#organization","name":"Prismagamers","url":"https:\/\/prismagamers.com\/hu\/","logo":{"@type":"ImageObject","inLanguage":"hu","@id":"https:\/\/prismagamers.com\/hu\/#\/schema\/logo\/image\/","url":"https:\/\/prismagamers.com\/wp-content\/uploads\/2022\/04\/cropped-logo-Prismagamers-01-scaled-1.jpg","contentUrl":"https:\/\/prismagamers.com\/wp-content\/uploads\/2022\/04\/cropped-logo-Prismagamers-01-scaled-1.jpg","width":512,"height":512,"caption":"Prismagamers"},"image":{"@id":"https:\/\/prismagamers.com\/hu\/#\/schema\/logo\/image\/"},"sameAs":["https:\/\/www.facebook.com\/prismagamers","https:\/\/www.instagram.com\/prismagamers_grycyfrowe\/"],"description":"Prismagamers.com to dynamiczny sklep z grami cyfrowymi, stworzony z my\u015bl\u0105 o entuzjastach gier wideo. Nasza strona oferuje szerok\u0105 gam\u0119 gier komputerowych, w tym najnowsze tytu\u0142y, dobrze znane klasyki oraz gry stworzone przez niezale\u017cne studia Ca\u0142y czas d\u0105\u017cymy do rozszerzenia naszej oferty. Do\u0142\u0105cz do nas i sta\u0144 si\u0119 cz\u0119\u015bci\u0105 naszej rosn\u0105cej spo\u0142eczno\u015bci graczy!","email":"shop@prismagamers.com","telephone":"48795541705","legalName":"East Caravan Maksym \u017bukow","foundingDate":"2012-05-10","vatID":"PL8943038612","taxID":"PL8943038612","numberOfEmployees":{"@type":"QuantitativeValue","minValue":"11","maxValue":"50"}}]}},"_links":{"self":[{"href":"https:\/\/prismagamers.com\/hu\/wp-json\/wp\/v2\/product\/35192","targetHints":{"allow":["GET"]}}],"collection":[{"href":"https:\/\/prismagamers.com\/hu\/wp-json\/wp\/v2\/product"}],"about":[{"href":"https:\/\/prismagamers.com\/hu\/wp-json\/wp\/v2\/types\/product"}],"wp:featuredmedia":[{"embeddable":true,"href":"https:\/\/prismagamers.com\/hu\/wp-json\/wp\/v2\/media\/33316"}],"wp:attachment":[{"href":"https:\/\/prismagamers.com\/hu\/wp-json\/wp\/v2\/media?parent=35192"}],"wp:term":[{"taxonomy":"product_brand","embeddable":true,"href":"https:\/\/prismagamers.com\/hu\/wp-json\/wp\/v2\/product_brand?post=35192"},{"taxonomy":"product_cat","embeddable":true,"href":"https:\/\/prismagamers.com\/hu\/wp-json\/wp\/v2\/product_cat?post=35192"},{"taxonomy":"product_tag","embeddable":true,"href":"https:\/\/prismagamers.com\/hu\/wp-json\/wp\/v2\/product_tag?post=35192"}],"curies":[{"name":"wp","href":"https:\/\/api.w.org\/{rel}","templated":true}]}}