{"id":35195,"date":"2024-12-12T19:18:34","date_gmt":"2024-12-12T18:18:34","guid":{"rendered":"https:\/\/prismagamers.com\/produkt\/sniper-ghost-warrior-contracts-2-deluxe-arsenal-edition\/"},"modified":"2026-03-04T01:23:44","modified_gmt":"2026-03-04T00:23:44","slug":"sniper-ghost-warrior-contracts-2-deluxe-arsenal-edition","status":"publish","type":"product","link":"https:\/\/prismagamers.com\/hu\/produkt\/sniper-ghost-warrior-contracts-2-deluxe-arsenal-edition\/","title":{"rendered":"Sniper Ghost Warrior Contracts 2 &#8211; Deluxe Arsenal Edition"},"content":{"rendered":"<p><strong>A Sniper Ghost Warrior Contracts 2: Deluxe Arsenal Edition<\/strong> a legnagyobb kih\u00edv\u00e1s vil\u00e1g\u00e1ba rep\u00edti a j\u00e1t\u00e9kosokat a neves sorozat t\u00f6rt\u00e9net\u00e9ben. Izgalmas kamp\u00e1nyt k\u00edn\u00e1l a modern K\u00f6zel-Keleten, \u00e9s bevezeti a t\u00f6bb mint 1000 m\u00e9teres t\u00e1vols\u00e1gokon t\u00f6rt\u00e9n\u0151 l\u00f6v\u00f6ld\u00f6z\u00e9st. Ez az ed\u00edci\u00f3 m\u00e9g t\u00f6bb lehet\u0151s\u00e9get k\u00edn\u00e1l a kieg\u00e9sz\u00edt\u0151 tartalom r\u00e9v\u00e9n. <\/p>\n<h3>Deluxe Arsenal Edition tartalom:<\/h3>\n<ul>\n<li><strong>Sniper Ghost Warrior Contracts 2<\/strong> \u2013 teljes verzi\u00f3.<\/li>\n<li><strong>ZXR .45 ACP <\/strong>\u2013 az egyetlen hangtomp\u00edt\u00f3s g\u00e9ppisztoly, amely nagy kaliber\u0171 l\u00f6ved\u00e9keket l\u0151, t\u00f6k\u00e9letes a prec\u00edzi\u00f3s akci\u00f3khoz.<\/li>\n<li><strong>Kings Arms sz\u00f3r\u00f3<\/strong> \u2013 kompakt s\u00f6r\u00e9tes pusk\u00e1t, amelyet m\u00e1sodlagos fegyverk\u00e9nt is haszn\u00e1lhatsz.<\/li>\n<li><strong>Giovanni Mk12 Auto <\/strong>\u2013 az egyetlen hangtomp\u00edt\u00f3s s\u00f6r\u00e9tes puska a j\u00e1t\u00e9kban, t\u00f6k\u00e9letes a csendes elimin\u00e1l\u00e1shoz.<\/li>\n<li><strong>Prescot SR-9 <\/strong>\u2013 a legjobb hangtomp\u00edt\u00f3val rendelkez\u0151 pisztoly, p\u00f3tolhatatlan a r\u00f6vid t\u00e1v\u00fa<\/li>\n<li><strong>Egyedi fegyver skinek:<\/strong>\n<ul>\n<li>\u201eT\u0171z \u00e9s j\u00e9g\u201d<\/li>\n<li>\u201eFest\u00e9kfolt\u201d<\/li>\n<li>\u201eKerek form\u00e1k\u201d<\/li>\n<li>\u201eS\u00f6t\u00e9t \u00e1tok\u201d<\/li>\n<li>\u201eGraffiti\u201d<\/li>\n<li>\u201eS\u00f6t\u00e9t \u00e9g\u201d<\/li>\n<\/ul>\n<\/li>\n<\/ul>\n<p>Minden skint alkalmazhatsz b\u00e1rmelyik fegyverre a j\u00e1t\u00e9kban, \u00edgy testre szabhatod a fegyverarzen\u00e1lodat saj\u00e1t st\u00edlusod szerint. A Deluxe Arsenal Edition k\u00f6telez\u0151 darab a taktikai precizit\u00e1s \u00e9s a v\u00e1ltozatos arzen\u00e1l rajong\u00f3i sz\u00e1m\u00e1ra. <\/p>\n<p><strong><a href=\"https:\/\/prismagamers.com\/hu\/produkt\/sniper-ghost-warrior-3\/\">A Sniper Ghost Warrior 3<\/a> alapverzi\u00f3ja sz\u00fcks\u00e9ges.<\/strong><\/p>\n<p>&nbsp;<\/p>\n","protected":false},"excerpt":{"rendered":"<div class=\"flex max-w-full flex-col flex-grow\">\n<div class=\"min-h-8 text-message flex w-full flex-col items-end gap-2 whitespace-normal break-words text-start [.text-message+&amp;]:mt-5\" dir=\"auto\" data-message-author-role=\"assistant\" data-message-id=\"2b99f542-ba9b-4ecb-92a7-2d4aebbc7ac0\" data-message-model-slug=\"gpt-4o\">\n<div class=\"flex w-full flex-col gap-1 empty:hidden first:pt-[3px]\">\n<div class=\"markdown prose w-full break-words dark:prose-invert light\">\n<p>A Sniper Ghost Warrior Contracts 2: Deluxe Arsenal Edition extr\u00e9m l\u00f6v\u00f6ld\u00f6z\u00e9st k\u00edn\u00e1l t\u00f6bb mint 1000 m\u00e9teres t\u00e1vols\u00e1gokon, izgalmas kamp\u00e1nyt a K\u00f6zel-Keleten, valamint kieg\u00e9sz\u00edt\u0151 tartalmat, amely gazdag\u00edtja a j\u00e1t\u00e9kos fegyverarzen\u00e1lj\u00e1t.<\/p>\n<\/div>\n<\/div>\n<\/div>\n<\/div>\n<div class=\"mb-2 flex gap-3 empty:hidden -ml-2\">\n<div class=\"items-center justify-start rounded-xl p-1 flex\">\n<div class=\"flex items-center\">\ud83c\udf0d Glob\u00e1lis<br \/>\n\u2699\ufe0f Steam<br \/>\n\ud83d\udddd Digit\u00e1lis kulcs<\/div>\n<\/div>\n<\/div>\n","protected":false},"featured_media":33299,"template":"","meta":{"_acf_changed":false,"site-sidebar-layout":"default","site-content-layout":"","ast-site-content-layout":"default","site-content-style":"default","site-sidebar-style":"default","ast-global-header-display":"","ast-banner-title-visibility":"","ast-main-header-display":"","ast-hfb-above-header-display":"","ast-hfb-below-header-display":"","ast-hfb-mobile-header-display":"","site-post-title":"","ast-breadcrumbs-content":"","ast-featured-img":"","footer-sml-layout":"","ast-disable-related-posts":"","theme-transparent-header-meta":"default","adv-header-id-meta":"","stick-header-meta":"","header-above-stick-meta":"","header-main-stick-meta":"","header-below-stick-meta":"","astra-migrate-meta-layouts":"default","ast-page-background-enabled":"default","ast-page-background-meta":{"desktop":{"background-color":"var(--ast-global-color-4)","background-image":"","background-repeat":"repeat","background-position":"center center","background-size":"auto","background-attachment":"scroll","background-type":"","background-media":"","overlay-type":"","overlay-color":"","overlay-opacity":"","overlay-gradient":""},"tablet":{"background-color":"","background-image":"","background-repeat":"repeat","background-position":"center center","background-size":"auto","background-attachment":"scroll","background-type":"","background-media":"","overlay-type":"","overlay-color":"","overlay-opacity":"","overlay-gradient":""},"mobile":{"background-color":"","background-image":"","background-repeat":"repeat","background-position":"center center","background-size":"auto","background-attachment":"scroll","background-type":"","background-media":"","overlay-type":"","overlay-color":"","overlay-opacity":"","overlay-gradient":""}},"ast-content-background-meta":{"desktop":{"background-color":"var(--ast-global-color-5)","background-image":"","background-repeat":"repeat","background-position":"center center","background-size":"auto","background-attachment":"scroll","background-type":"","background-media":"","overlay-type":"","overlay-color":"","overlay-opacity":"","overlay-gradient":""},"tablet":{"background-color":"var(--ast-global-color-5)","background-image":"","background-repeat":"repeat","background-position":"center center","background-size":"auto","background-attachment":"scroll","background-type":"","background-media":"","overlay-type":"","overlay-color":"","overlay-opacity":"","overlay-gradient":""},"mobile":{"background-color":"var(--ast-global-color-5)","background-image":"","background-repeat":"repeat","background-position":"center center","background-size":"auto","background-attachment":"scroll","background-type":"","background-media":"","overlay-type":"","overlay-color":"","overlay-opacity":"","overlay-gradient":""}}},"product_brand":[],"product_cat":[407,369,365],"product_tag":[],"class_list":{"0":"post-35195","1":"product","2":"type-product","3":"status-publish","4":"has-post-thumbnail","6":"product_cat-ci-games-hu","7":"product_cat-csarnokok","8":"product_cat-goz","9":"desktop-align-left","10":"tablet-align-left","11":"mobile-align-left","13":"first","14":"instock","15":"virtual","16":"purchasable","17":"product-type-simple"},"acf":[],"yoast_head":"<!-- This site is optimized with the Yoast SEO Premium plugin v27.5 (Yoast SEO v27.5) - https:\/\/yoast.com\/product\/yoast-seo-premium-wordpress\/ -->\n<title>Sniper Ghost Warrior Contracts 2 - Deluxe Arsenal Edition - Prismagamers.com<\/title>\n<meta name=\"description\" content=\"A Sniper Ghost Warrior Contracts 2: Deluxe Arsenal Edition extr\u00e9m l\u00f6v\u00f6ld\u00f6z\u00e9st k\u00edn\u00e1l t\u00f6bb mint 1000 m\u00e9teres t\u00e1vols\u00e1gokon, izgalmas kamp\u00e1nyt a K\u00f6zel-Keleten, valamint kieg\u00e9sz\u00edt\u0151 tartalmat, amely gazdag\u00edtja a j\u00e1t\u00e9kos fegyverarzen\u00e1lj\u00e1t.    \ud83c\udf0d Glob\u00e1lis \u2699\ufe0f Steam \ud83d\udddd Digit\u00e1lis kulcs\" \/>\n<meta name=\"robots\" content=\"index, follow, max-snippet:-1, max-image-preview:large, max-video-preview:-1\" \/>\n<link rel=\"canonical\" href=\"https:\/\/prismagamers.com\/hu\/produkt\/sniper-ghost-warrior-contracts-2-deluxe-arsenal-edition\/\" \/>\n<meta property=\"og:locale\" content=\"hu_HU\" \/>\n<meta property=\"og:type\" content=\"article\" \/>\n<meta property=\"og:title\" content=\"Sniper Ghost Warrior Contracts 2 - Deluxe Arsenal Edition\" \/>\n<meta property=\"og:description\" content=\"A Sniper Ghost Warrior Contracts 2: Deluxe Arsenal Edition extr\u00e9m l\u00f6v\u00f6ld\u00f6z\u00e9st k\u00edn\u00e1l t\u00f6bb mint 1000 m\u00e9teres t\u00e1vols\u00e1gokon, izgalmas kamp\u00e1nyt a K\u00f6zel-Keleten, valamint kieg\u00e9sz\u00edt\u0151 tartalmat, amely gazdag\u00edtja a j\u00e1t\u00e9kos fegyverarzen\u00e1lj\u00e1t.    \ud83c\udf0d Glob\u00e1lis \u2699\ufe0f Steam \ud83d\udddd Digit\u00e1lis kulcs\" \/>\n<meta property=\"og:url\" content=\"https:\/\/prismagamers.com\/hu\/produkt\/sniper-ghost-warrior-contracts-2-deluxe-arsenal-edition\/\" \/>\n<meta property=\"og:site_name\" content=\"Prismagamers.com\" \/>\n<meta property=\"article:publisher\" content=\"https:\/\/www.facebook.com\/prismagamers\" \/>\n<meta property=\"article:modified_time\" content=\"2026-03-04T00:23:44+00:00\" \/>\n<meta property=\"og:image\" content=\"https:\/\/prismagamers.com\/wp-content\/uploads\/2024\/12\/Sniper-Ghost-Warrior-Contracts-2-Deluxe-Arsenal-Edition1-e1734083190941.jpg\" \/>\n\t<meta property=\"og:image:width\" content=\"300\" \/>\n\t<meta property=\"og:image:height\" content=\"450\" \/>\n\t<meta property=\"og:image:type\" content=\"image\/jpeg\" \/>\n<meta name=\"twitter:card\" content=\"summary_large_image\" \/>\n<meta name=\"twitter:label1\" content=\"Becs\u00fclt olvas\u00e1si id\u0151\" \/>\n\t<meta name=\"twitter:data1\" content=\"1 perc\" \/>\n<script type=\"application\/ld+json\" class=\"yoast-schema-graph\">{\"@context\":\"https:\\\/\\\/schema.org\",\"@graph\":[{\"@type\":\"WebPage\",\"@id\":\"https:\\\/\\\/prismagamers.com\\\/hu\\\/produkt\\\/sniper-ghost-warrior-contracts-2-deluxe-arsenal-edition\\\/\",\"url\":\"https:\\\/\\\/prismagamers.com\\\/hu\\\/produkt\\\/sniper-ghost-warrior-contracts-2-deluxe-arsenal-edition\\\/\",\"name\":\"Sniper Ghost Warrior Contracts 2 - Deluxe Arsenal Edition - Prismagamers.com\",\"isPartOf\":{\"@id\":\"https:\\\/\\\/prismagamers.com\\\/hu\\\/#website\"},\"primaryImageOfPage\":{\"@id\":\"https:\\\/\\\/prismagamers.com\\\/hu\\\/produkt\\\/sniper-ghost-warrior-contracts-2-deluxe-arsenal-edition\\\/#primaryimage\"},\"image\":{\"@id\":\"https:\\\/\\\/prismagamers.com\\\/hu\\\/produkt\\\/sniper-ghost-warrior-contracts-2-deluxe-arsenal-edition\\\/#primaryimage\"},\"thumbnailUrl\":\"https:\\\/\\\/prismagamers.com\\\/wp-content\\\/uploads\\\/2024\\\/12\\\/Sniper-Ghost-Warrior-Contracts-2-Deluxe-Arsenal-Edition1-e1734083190941.jpg\",\"datePublished\":\"2024-12-12T18:18:34+00:00\",\"dateModified\":\"2026-03-04T00:23:44+00:00\",\"description\":\"A Sniper Ghost Warrior Contracts 2: Deluxe Arsenal Edition extr\u00e9m l\u00f6v\u00f6ld\u00f6z\u00e9st k\u00edn\u00e1l t\u00f6bb mint 1000 m\u00e9teres t\u00e1vols\u00e1gokon, izgalmas kamp\u00e1nyt a K\u00f6zel-Keleten, valamint kieg\u00e9sz\u00edt\u0151 tartalmat, amely gazdag\u00edtja a j\u00e1t\u00e9kos fegyverarzen\u00e1lj\u00e1t. \ud83c\udf0d Glob\u00e1lis \u2699\ufe0f Steam \ud83d\udddd Digit\u00e1lis kulcs\",\"breadcrumb\":{\"@id\":\"https:\\\/\\\/prismagamers.com\\\/hu\\\/produkt\\\/sniper-ghost-warrior-contracts-2-deluxe-arsenal-edition\\\/#breadcrumb\"},\"inLanguage\":\"hu\",\"potentialAction\":[{\"@type\":\"ReadAction\",\"target\":[\"https:\\\/\\\/prismagamers.com\\\/hu\\\/produkt\\\/sniper-ghost-warrior-contracts-2-deluxe-arsenal-edition\\\/\"]}]},{\"@type\":\"ImageObject\",\"inLanguage\":\"hu\",\"@id\":\"https:\\\/\\\/prismagamers.com\\\/hu\\\/produkt\\\/sniper-ghost-warrior-contracts-2-deluxe-arsenal-edition\\\/#primaryimage\",\"url\":\"https:\\\/\\\/prismagamers.com\\\/wp-content\\\/uploads\\\/2024\\\/12\\\/Sniper-Ghost-Warrior-Contracts-2-Deluxe-Arsenal-Edition1-e1734083190941.jpg\",\"contentUrl\":\"https:\\\/\\\/prismagamers.com\\\/wp-content\\\/uploads\\\/2024\\\/12\\\/Sniper-Ghost-Warrior-Contracts-2-Deluxe-Arsenal-Edition1-e1734083190941.jpg\",\"width\":300,\"height\":450},{\"@type\":\"BreadcrumbList\",\"@id\":\"https:\\\/\\\/prismagamers.com\\\/hu\\\/produkt\\\/sniper-ghost-warrior-contracts-2-deluxe-arsenal-edition\\\/#breadcrumb\",\"itemListElement\":[{\"@type\":\"ListItem\",\"position\":1,\"name\":\"Strona g\u0142\u00f3wna\",\"item\":\"https:\\\/\\\/prismagamers.com\\\/hu\\\/prismagamers\\\/\"},{\"@type\":\"ListItem\",\"position\":2,\"name\":\"Shop\",\"item\":\"https:\\\/\\\/prismagamers.com\\\/hu\\\/shop\\\/\"},{\"@type\":\"ListItem\",\"position\":3,\"name\":\"Sniper Ghost Warrior Contracts 2 &#8211; Deluxe Arsenal Edition\"}]},{\"@type\":\"WebSite\",\"@id\":\"https:\\\/\\\/prismagamers.com\\\/hu\\\/#website\",\"url\":\"https:\\\/\\\/prismagamers.com\\\/hu\\\/\",\"name\":\"Prismagamers\",\"description\":\"Sklep z grami PC I Sklep klucze Steam\",\"publisher\":{\"@id\":\"https:\\\/\\\/prismagamers.com\\\/hu\\\/#organization\"},\"potentialAction\":[{\"@type\":\"SearchAction\",\"target\":{\"@type\":\"EntryPoint\",\"urlTemplate\":\"https:\\\/\\\/prismagamers.com\\\/hu\\\/?s={search_term_string}\"},\"query-input\":{\"@type\":\"PropertyValueSpecification\",\"valueRequired\":true,\"valueName\":\"search_term_string\"}}],\"inLanguage\":\"hu\"},{\"@type\":\"Organization\",\"@id\":\"https:\\\/\\\/prismagamers.com\\\/hu\\\/#organization\",\"name\":\"Prismagamers\",\"url\":\"https:\\\/\\\/prismagamers.com\\\/hu\\\/\",\"logo\":{\"@type\":\"ImageObject\",\"inLanguage\":\"hu\",\"@id\":\"https:\\\/\\\/prismagamers.com\\\/hu\\\/#\\\/schema\\\/logo\\\/image\\\/\",\"url\":\"https:\\\/\\\/prismagamers.com\\\/wp-content\\\/uploads\\\/2022\\\/04\\\/cropped-logo-Prismagamers-01-scaled-1.jpg\",\"contentUrl\":\"https:\\\/\\\/prismagamers.com\\\/wp-content\\\/uploads\\\/2022\\\/04\\\/cropped-logo-Prismagamers-01-scaled-1.jpg\",\"width\":512,\"height\":512,\"caption\":\"Prismagamers\"},\"image\":{\"@id\":\"https:\\\/\\\/prismagamers.com\\\/hu\\\/#\\\/schema\\\/logo\\\/image\\\/\"},\"sameAs\":[\"https:\\\/\\\/www.facebook.com\\\/prismagamers\",\"https:\\\/\\\/www.instagram.com\\\/prismagamers_grycyfrowe\\\/\"],\"description\":\"Prismagamers.com to dynamiczny sklep z grami cyfrowymi, stworzony z my\u015bl\u0105 o entuzjastach gier wideo. Nasza strona oferuje szerok\u0105 gam\u0119 gier komputerowych, w tym najnowsze tytu\u0142y, dobrze znane klasyki oraz gry stworzone przez niezale\u017cne studia Ca\u0142y czas d\u0105\u017cymy do rozszerzenia naszej oferty. Do\u0142\u0105cz do nas i sta\u0144 si\u0119 cz\u0119\u015bci\u0105 naszej rosn\u0105cej spo\u0142eczno\u015bci graczy!\",\"email\":\"shop@prismagamers.com\",\"telephone\":\"48795541705\",\"legalName\":\"East Caravan Maksym \u017bukow\",\"foundingDate\":\"2012-05-10\",\"vatID\":\"PL8943038612\",\"taxID\":\"PL8943038612\",\"numberOfEmployees\":{\"@type\":\"QuantitativeValue\",\"minValue\":\"11\",\"maxValue\":\"50\"}}]}<\/script>\n<!-- \/ Yoast SEO Premium plugin. -->","yoast_head_json":{"title":"Sniper Ghost Warrior Contracts 2 - Deluxe Arsenal Edition - Prismagamers.com","description":"A Sniper Ghost Warrior Contracts 2: Deluxe Arsenal Edition extr\u00e9m l\u00f6v\u00f6ld\u00f6z\u00e9st k\u00edn\u00e1l t\u00f6bb mint 1000 m\u00e9teres t\u00e1vols\u00e1gokon, izgalmas kamp\u00e1nyt a K\u00f6zel-Keleten, valamint kieg\u00e9sz\u00edt\u0151 tartalmat, amely gazdag\u00edtja a j\u00e1t\u00e9kos fegyverarzen\u00e1lj\u00e1t.    \ud83c\udf0d Glob\u00e1lis \u2699\ufe0f Steam \ud83d\udddd Digit\u00e1lis kulcs","robots":{"index":"index","follow":"follow","max-snippet":"max-snippet:-1","max-image-preview":"max-image-preview:large","max-video-preview":"max-video-preview:-1"},"canonical":"https:\/\/prismagamers.com\/hu\/produkt\/sniper-ghost-warrior-contracts-2-deluxe-arsenal-edition\/","og_locale":"hu_HU","og_type":"article","og_title":"Sniper Ghost Warrior Contracts 2 - Deluxe Arsenal Edition","og_description":"A Sniper Ghost Warrior Contracts 2: Deluxe Arsenal Edition extr\u00e9m l\u00f6v\u00f6ld\u00f6z\u00e9st k\u00edn\u00e1l t\u00f6bb mint 1000 m\u00e9teres t\u00e1vols\u00e1gokon, izgalmas kamp\u00e1nyt a K\u00f6zel-Keleten, valamint kieg\u00e9sz\u00edt\u0151 tartalmat, amely gazdag\u00edtja a j\u00e1t\u00e9kos fegyverarzen\u00e1lj\u00e1t.    \ud83c\udf0d Glob\u00e1lis \u2699\ufe0f Steam \ud83d\udddd Digit\u00e1lis kulcs","og_url":"https:\/\/prismagamers.com\/hu\/produkt\/sniper-ghost-warrior-contracts-2-deluxe-arsenal-edition\/","og_site_name":"Prismagamers.com","article_publisher":"https:\/\/www.facebook.com\/prismagamers","article_modified_time":"2026-03-04T00:23:44+00:00","og_image":[{"width":300,"height":450,"url":"https:\/\/prismagamers.com\/wp-content\/uploads\/2024\/12\/Sniper-Ghost-Warrior-Contracts-2-Deluxe-Arsenal-Edition1-e1734083190941.jpg","type":"image\/jpeg"}],"twitter_card":"summary_large_image","twitter_misc":{"Becs\u00fclt olvas\u00e1si id\u0151":"1 perc"},"schema":{"@context":"https:\/\/schema.org","@graph":[{"@type":"WebPage","@id":"https:\/\/prismagamers.com\/hu\/produkt\/sniper-ghost-warrior-contracts-2-deluxe-arsenal-edition\/","url":"https:\/\/prismagamers.com\/hu\/produkt\/sniper-ghost-warrior-contracts-2-deluxe-arsenal-edition\/","name":"Sniper Ghost Warrior Contracts 2 - Deluxe Arsenal Edition - Prismagamers.com","isPartOf":{"@id":"https:\/\/prismagamers.com\/hu\/#website"},"primaryImageOfPage":{"@id":"https:\/\/prismagamers.com\/hu\/produkt\/sniper-ghost-warrior-contracts-2-deluxe-arsenal-edition\/#primaryimage"},"image":{"@id":"https:\/\/prismagamers.com\/hu\/produkt\/sniper-ghost-warrior-contracts-2-deluxe-arsenal-edition\/#primaryimage"},"thumbnailUrl":"https:\/\/prismagamers.com\/wp-content\/uploads\/2024\/12\/Sniper-Ghost-Warrior-Contracts-2-Deluxe-Arsenal-Edition1-e1734083190941.jpg","datePublished":"2024-12-12T18:18:34+00:00","dateModified":"2026-03-04T00:23:44+00:00","description":"A Sniper Ghost Warrior Contracts 2: Deluxe Arsenal Edition extr\u00e9m l\u00f6v\u00f6ld\u00f6z\u00e9st k\u00edn\u00e1l t\u00f6bb mint 1000 m\u00e9teres t\u00e1vols\u00e1gokon, izgalmas kamp\u00e1nyt a K\u00f6zel-Keleten, valamint kieg\u00e9sz\u00edt\u0151 tartalmat, amely gazdag\u00edtja a j\u00e1t\u00e9kos fegyverarzen\u00e1lj\u00e1t. \ud83c\udf0d Glob\u00e1lis \u2699\ufe0f Steam \ud83d\udddd Digit\u00e1lis kulcs","breadcrumb":{"@id":"https:\/\/prismagamers.com\/hu\/produkt\/sniper-ghost-warrior-contracts-2-deluxe-arsenal-edition\/#breadcrumb"},"inLanguage":"hu","potentialAction":[{"@type":"ReadAction","target":["https:\/\/prismagamers.com\/hu\/produkt\/sniper-ghost-warrior-contracts-2-deluxe-arsenal-edition\/"]}]},{"@type":"ImageObject","inLanguage":"hu","@id":"https:\/\/prismagamers.com\/hu\/produkt\/sniper-ghost-warrior-contracts-2-deluxe-arsenal-edition\/#primaryimage","url":"https:\/\/prismagamers.com\/wp-content\/uploads\/2024\/12\/Sniper-Ghost-Warrior-Contracts-2-Deluxe-Arsenal-Edition1-e1734083190941.jpg","contentUrl":"https:\/\/prismagamers.com\/wp-content\/uploads\/2024\/12\/Sniper-Ghost-Warrior-Contracts-2-Deluxe-Arsenal-Edition1-e1734083190941.jpg","width":300,"height":450},{"@type":"BreadcrumbList","@id":"https:\/\/prismagamers.com\/hu\/produkt\/sniper-ghost-warrior-contracts-2-deluxe-arsenal-edition\/#breadcrumb","itemListElement":[{"@type":"ListItem","position":1,"name":"Strona g\u0142\u00f3wna","item":"https:\/\/prismagamers.com\/hu\/prismagamers\/"},{"@type":"ListItem","position":2,"name":"Shop","item":"https:\/\/prismagamers.com\/hu\/shop\/"},{"@type":"ListItem","position":3,"name":"Sniper Ghost Warrior Contracts 2 &#8211; Deluxe Arsenal Edition"}]},{"@type":"WebSite","@id":"https:\/\/prismagamers.com\/hu\/#website","url":"https:\/\/prismagamers.com\/hu\/","name":"Prismagamers","description":"Sklep z grami PC I Sklep klucze Steam","publisher":{"@id":"https:\/\/prismagamers.com\/hu\/#organization"},"potentialAction":[{"@type":"SearchAction","target":{"@type":"EntryPoint","urlTemplate":"https:\/\/prismagamers.com\/hu\/?s={search_term_string}"},"query-input":{"@type":"PropertyValueSpecification","valueRequired":true,"valueName":"search_term_string"}}],"inLanguage":"hu"},{"@type":"Organization","@id":"https:\/\/prismagamers.com\/hu\/#organization","name":"Prismagamers","url":"https:\/\/prismagamers.com\/hu\/","logo":{"@type":"ImageObject","inLanguage":"hu","@id":"https:\/\/prismagamers.com\/hu\/#\/schema\/logo\/image\/","url":"https:\/\/prismagamers.com\/wp-content\/uploads\/2022\/04\/cropped-logo-Prismagamers-01-scaled-1.jpg","contentUrl":"https:\/\/prismagamers.com\/wp-content\/uploads\/2022\/04\/cropped-logo-Prismagamers-01-scaled-1.jpg","width":512,"height":512,"caption":"Prismagamers"},"image":{"@id":"https:\/\/prismagamers.com\/hu\/#\/schema\/logo\/image\/"},"sameAs":["https:\/\/www.facebook.com\/prismagamers","https:\/\/www.instagram.com\/prismagamers_grycyfrowe\/"],"description":"Prismagamers.com to dynamiczny sklep z grami cyfrowymi, stworzony z my\u015bl\u0105 o entuzjastach gier wideo. Nasza strona oferuje szerok\u0105 gam\u0119 gier komputerowych, w tym najnowsze tytu\u0142y, dobrze znane klasyki oraz gry stworzone przez niezale\u017cne studia Ca\u0142y czas d\u0105\u017cymy do rozszerzenia naszej oferty. Do\u0142\u0105cz do nas i sta\u0144 si\u0119 cz\u0119\u015bci\u0105 naszej rosn\u0105cej spo\u0142eczno\u015bci graczy!","email":"shop@prismagamers.com","telephone":"48795541705","legalName":"East Caravan Maksym \u017bukow","foundingDate":"2012-05-10","vatID":"PL8943038612","taxID":"PL8943038612","numberOfEmployees":{"@type":"QuantitativeValue","minValue":"11","maxValue":"50"}}]}},"_links":{"self":[{"href":"https:\/\/prismagamers.com\/hu\/wp-json\/wp\/v2\/product\/35195","targetHints":{"allow":["GET"]}}],"collection":[{"href":"https:\/\/prismagamers.com\/hu\/wp-json\/wp\/v2\/product"}],"about":[{"href":"https:\/\/prismagamers.com\/hu\/wp-json\/wp\/v2\/types\/product"}],"wp:featuredmedia":[{"embeddable":true,"href":"https:\/\/prismagamers.com\/hu\/wp-json\/wp\/v2\/media\/33299"}],"wp:attachment":[{"href":"https:\/\/prismagamers.com\/hu\/wp-json\/wp\/v2\/media?parent=35195"}],"wp:term":[{"taxonomy":"product_brand","embeddable":true,"href":"https:\/\/prismagamers.com\/hu\/wp-json\/wp\/v2\/product_brand?post=35195"},{"taxonomy":"product_cat","embeddable":true,"href":"https:\/\/prismagamers.com\/hu\/wp-json\/wp\/v2\/product_cat?post=35195"},{"taxonomy":"product_tag","embeddable":true,"href":"https:\/\/prismagamers.com\/hu\/wp-json\/wp\/v2\/product_tag?post=35195"}],"curies":[{"name":"wp","href":"https:\/\/api.w.org\/{rel}","templated":true}]}}