{"id":35196,"date":"2024-09-25T12:20:47","date_gmt":"2024-09-25T10:20:47","guid":{"rendered":"https:\/\/prismagamers.com\/produkt\/beyond-galaxyland\/"},"modified":"2026-03-05T00:00:46","modified_gmt":"2026-03-04T23:00:46","slug":"beyond-galaxyland","status":"publish","type":"product","link":"https:\/\/prismagamers.com\/hu\/produkt\/beyond-galaxyland\/","title":{"rendered":"Beyond Galaxyland"},"content":{"rendered":"<p><strong>A Beyond Galaxyland <\/strong>egy 2.5D intergalaktikus RPG j\u00e1t\u00e9k, amely a klasszikus sci-fi filmekb\u0151l mer\u00edt inspir\u00e1ci\u00f3t. L\u00e9pj be Doug szerep\u00e9be, egy gimnazist\u00e1ba, aki v\u00e1ratlanul a \u201eGalaxyland\u201d nev\u0171 egyed\u00fcl\u00e1ll\u00f3 vil\u00e1gba ker\u00fcl, amely a naprendszer egyfajta \u00e1llatkertj\u00e9re hasonl\u00edt. A k\u00fcldet\u00e9se, hogy megmentse a F\u00f6ldet a pusztul\u00e1st\u00f3l.  <\/p>\n<p>K\u00e9sz\u00fclj fel egy felejthetetlen utaz\u00e1sra, mik\u00f6zben felfedezed a pezsg\u0151 dzsungeleket, neonf\u00e9nyes v\u00e1rosokat \u00e9s kiborg kaszin\u00f3kat. Minden bolyg\u00f3 izgalmas karakterekkel, r\u00e9miszt\u0151 ellens\u00e9gekkel \u00e9s sok meglep\u0151 fordulattal v\u00e1r r\u00e1d. <\/p>\n<p>Doug, a b\u00e1tor tengeri malac\u00e1val, aki a Boom Boom pisztollyal harcol, \u00e9s a tudatos robot MartyBot t\u00e1rsas\u00e1g\u00e1ban, egy hatalmas kih\u00edv\u00e1ssal n\u00e9z szembe: meg kell \u00e1ll\u00edtania a &#8222;V\u00e9g&#8221; n\u00e9ven ismert mindenhat\u00f3t, aki az eg\u00e9sz Univerzumot uralni akarja.<\/p>\n<p>Itt az id\u0151 a kalandra!<\/p>\n<p><img decoding=\"async\" class=\"bb_img aligncenter\" src=\"https:\/\/shared.akamai.steamstatic.com\/store_item_assets\/steam\/apps\/1543710\/extras\/01_bgl_steamBanner_ABNTotCSCC_iteration.gif?t=1727193831\"><\/p>\n","protected":false},"excerpt":{"rendered":"<p>Sz\u00e1rnyalj a csillagok fel\u00e9 a retro-futurisztikus RPG kalandj\u00e1t\u00e9kban, <strong>a Beyond Galaxyland<\/strong>-ben! Csatlakozz Doug-hoz \u00e9s b\u00e1tor tengeri malac\u00e1hoz, Boom Boom-hoz, aki felfegyverkezve v\u00e1g neki az izgalmas bolyg\u00f3k\u00f6zi utaz\u00e1snak, hogy megmentse a F\u00f6ldet. Fedezz fel v\u00e1ltozatos vil\u00e1gokat, n\u00e9zz szembe a vesz\u00e9lyekkel \u00e9s fedezd fel a vil\u00e1g\u0171r titkait egy kalandban, amely tele van izgalommal \u00e9s meglepet\u00e9sekkel! <\/p>\n<p>&nbsp;<\/p>\n","protected":false},"featured_media":32796,"template":"","meta":{"_acf_changed":false,"site-sidebar-layout":"default","site-content-layout":"","ast-site-content-layout":"default","site-content-style":"default","site-sidebar-style":"default","ast-global-header-display":"","ast-banner-title-visibility":"","ast-main-header-display":"","ast-hfb-above-header-display":"","ast-hfb-below-header-display":"","ast-hfb-mobile-header-display":"","site-post-title":"","ast-breadcrumbs-content":"","ast-featured-img":"","footer-sml-layout":"","ast-disable-related-posts":"","theme-transparent-header-meta":"default","adv-header-id-meta":"","stick-header-meta":"","header-above-stick-meta":"","header-main-stick-meta":"","header-below-stick-meta":"","astra-migrate-meta-layouts":"default","ast-page-background-enabled":"default","ast-page-background-meta":{"desktop":{"background-color":"var(--ast-global-color-4)","background-image":"","background-repeat":"repeat","background-position":"center center","background-size":"auto","background-attachment":"scroll","background-type":"","background-media":"","overlay-type":"","overlay-color":"","overlay-opacity":"","overlay-gradient":""},"tablet":{"background-color":"","background-image":"","background-repeat":"repeat","background-position":"center center","background-size":"auto","background-attachment":"scroll","background-type":"","background-media":"","overlay-type":"","overlay-color":"","overlay-opacity":"","overlay-gradient":""},"mobile":{"background-color":"","background-image":"","background-repeat":"repeat","background-position":"center center","background-size":"auto","background-attachment":"scroll","background-type":"","background-media":"","overlay-type":"","overlay-color":"","overlay-opacity":"","overlay-gradient":""}},"ast-content-background-meta":{"desktop":{"background-color":"var(--ast-global-color-5)","background-image":"","background-repeat":"repeat","background-position":"center center","background-size":"auto","background-attachment":"scroll","background-type":"","background-media":"","overlay-type":"","overlay-color":"","overlay-opacity":"","overlay-gradient":""},"tablet":{"background-color":"var(--ast-global-color-5)","background-image":"","background-repeat":"repeat","background-position":"center center","background-size":"auto","background-attachment":"scroll","background-type":"","background-media":"","overlay-type":"","overlay-color":"","overlay-opacity":"","overlay-gradient":""},"mobile":{"background-color":"var(--ast-global-color-5)","background-image":"","background-repeat":"repeat","background-position":"center center","background-size":"auto","background-attachment":"scroll","background-type":"","background-media":"","overlay-type":"","overlay-color":"","overlay-opacity":"","overlay-gradient":""}}},"product_brand":[],"product_cat":[407,369,365,363,364],"product_tag":[370],"class_list":{"0":"post-35196","1":"product","2":"type-product","3":"status-publish","4":"has-post-thumbnail","6":"product_cat-ci-games-hu","7":"product_cat-csarnokok","8":"product_cat-goz","9":"product_cat-kaland-jatekok","10":"product_cat-rpg-k","11":"product_tag-pid-tel","12":"desktop-align-left","13":"tablet-align-left","14":"mobile-align-left","16":"first","17":"instock","18":"virtual","19":"purchasable","20":"product-type-simple"},"acf":[],"yoast_head":"<!-- This site is optimized with the Yoast SEO Premium plugin v27.4 (Yoast SEO v27.4) - https:\/\/yoast.com\/product\/yoast-seo-premium-wordpress\/ -->\n<title>Beyond Galaxyland - Prismagamers.com<\/title>\n<meta name=\"description\" content=\"Sz\u00e1rnyalj a csillagok fel\u00e9 a retro-futurisztikus RPG kalandj\u00e1t\u00e9kban, a Beyond Galaxyland-ben! Csatlakozz Doug-hoz \u00e9s b\u00e1tor tengeri malac\u00e1hoz, Boom Boom-hoz, aki felfegyverkezve v\u00e1g neki az izgalmas bolyg\u00f3k\u00f6zi utaz\u00e1snak, hogy megmentse a F\u00f6ldet. Fedezz fel v\u00e1ltozatos vil\u00e1gokat, n\u00e9zz szembe a vesz\u00e9lyekkel \u00e9s fedezd fel a vil\u00e1g\u0171r titkait egy kalandban, amely tele van izgalommal \u00e9s meglepet\u00e9sekkel!  &nbsp;\" \/>\n<meta name=\"robots\" content=\"index, follow, max-snippet:-1, max-image-preview:large, max-video-preview:-1\" \/>\n<link rel=\"canonical\" href=\"https:\/\/prismagamers.com\/hu\/produkt\/beyond-galaxyland\/\" \/>\n<meta property=\"og:locale\" content=\"hu_HU\" \/>\n<meta property=\"og:type\" content=\"article\" \/>\n<meta property=\"og:title\" content=\"Beyond Galaxyland\" \/>\n<meta property=\"og:description\" content=\"Sz\u00e1rnyalj a csillagok fel\u00e9 a retro-futurisztikus RPG kalandj\u00e1t\u00e9kban, a Beyond Galaxyland-ben! Csatlakozz Doug-hoz \u00e9s b\u00e1tor tengeri malac\u00e1hoz, Boom Boom-hoz, aki felfegyverkezve v\u00e1g neki az izgalmas bolyg\u00f3k\u00f6zi utaz\u00e1snak, hogy megmentse a F\u00f6ldet. Fedezz fel v\u00e1ltozatos vil\u00e1gokat, n\u00e9zz szembe a vesz\u00e9lyekkel \u00e9s fedezd fel a vil\u00e1g\u0171r titkait egy kalandban, amely tele van izgalommal \u00e9s meglepet\u00e9sekkel!  &nbsp;\" \/>\n<meta property=\"og:url\" content=\"https:\/\/prismagamers.com\/hu\/produkt\/beyond-galaxyland\/\" \/>\n<meta property=\"og:site_name\" content=\"Prismagamers.com\" \/>\n<meta property=\"article:publisher\" content=\"https:\/\/www.facebook.com\/prismagamers\" \/>\n<meta property=\"article:modified_time\" content=\"2026-03-04T23:00:46+00:00\" \/>\n<meta property=\"og:image\" content=\"https:\/\/prismagamers.com\/wp-content\/uploads\/2024\/09\/library_600x900_2x-3-e1727259588735.jpg\" \/>\n\t<meta property=\"og:image:width\" content=\"300\" \/>\n\t<meta property=\"og:image:height\" content=\"450\" \/>\n\t<meta property=\"og:image:type\" content=\"image\/jpeg\" \/>\n<meta name=\"twitter:card\" content=\"summary_large_image\" \/>\n<meta name=\"twitter:label1\" content=\"Becs\u00fclt olvas\u00e1si id\u0151\" \/>\n\t<meta name=\"twitter:data1\" content=\"1 perc\" \/>\n<script type=\"application\/ld+json\" class=\"yoast-schema-graph\">{\"@context\":\"https:\\\/\\\/schema.org\",\"@graph\":[{\"@type\":\"WebPage\",\"@id\":\"https:\\\/\\\/prismagamers.com\\\/hu\\\/produkt\\\/beyond-galaxyland\\\/\",\"url\":\"https:\\\/\\\/prismagamers.com\\\/hu\\\/produkt\\\/beyond-galaxyland\\\/\",\"name\":\"Beyond Galaxyland - Prismagamers.com\",\"isPartOf\":{\"@id\":\"https:\\\/\\\/prismagamers.com\\\/hu\\\/#website\"},\"primaryImageOfPage\":{\"@id\":\"https:\\\/\\\/prismagamers.com\\\/hu\\\/produkt\\\/beyond-galaxyland\\\/#primaryimage\"},\"image\":{\"@id\":\"https:\\\/\\\/prismagamers.com\\\/hu\\\/produkt\\\/beyond-galaxyland\\\/#primaryimage\"},\"thumbnailUrl\":\"https:\\\/\\\/prismagamers.com\\\/wp-content\\\/uploads\\\/2024\\\/09\\\/library_600x900_2x-3-e1727259588735.jpg\",\"datePublished\":\"2024-09-25T10:20:47+00:00\",\"dateModified\":\"2026-03-04T23:00:46+00:00\",\"description\":\"Sz\u00e1rnyalj a csillagok fel\u00e9 a retro-futurisztikus RPG kalandj\u00e1t\u00e9kban, a Beyond Galaxyland-ben! Csatlakozz Doug-hoz \u00e9s b\u00e1tor tengeri malac\u00e1hoz, Boom Boom-hoz, aki felfegyverkezve v\u00e1g neki az izgalmas bolyg\u00f3k\u00f6zi utaz\u00e1snak, hogy megmentse a F\u00f6ldet. Fedezz fel v\u00e1ltozatos vil\u00e1gokat, n\u00e9zz szembe a vesz\u00e9lyekkel \u00e9s fedezd fel a vil\u00e1g\u0171r titkait egy kalandban, amely tele van izgalommal \u00e9s meglepet\u00e9sekkel! &nbsp;\",\"breadcrumb\":{\"@id\":\"https:\\\/\\\/prismagamers.com\\\/hu\\\/produkt\\\/beyond-galaxyland\\\/#breadcrumb\"},\"inLanguage\":\"hu\",\"potentialAction\":[{\"@type\":\"ReadAction\",\"target\":[\"https:\\\/\\\/prismagamers.com\\\/hu\\\/produkt\\\/beyond-galaxyland\\\/\"]}]},{\"@type\":\"ImageObject\",\"inLanguage\":\"hu\",\"@id\":\"https:\\\/\\\/prismagamers.com\\\/hu\\\/produkt\\\/beyond-galaxyland\\\/#primaryimage\",\"url\":\"https:\\\/\\\/prismagamers.com\\\/wp-content\\\/uploads\\\/2024\\\/09\\\/library_600x900_2x-3-e1727259588735.jpg\",\"contentUrl\":\"https:\\\/\\\/prismagamers.com\\\/wp-content\\\/uploads\\\/2024\\\/09\\\/library_600x900_2x-3-e1727259588735.jpg\",\"width\":300,\"height\":450},{\"@type\":\"BreadcrumbList\",\"@id\":\"https:\\\/\\\/prismagamers.com\\\/hu\\\/produkt\\\/beyond-galaxyland\\\/#breadcrumb\",\"itemListElement\":[{\"@type\":\"ListItem\",\"position\":1,\"name\":\"Strona g\u0142\u00f3wna\",\"item\":\"https:\\\/\\\/prismagamers.com\\\/hu\\\/prismagamers\\\/\"},{\"@type\":\"ListItem\",\"position\":2,\"name\":\"Shop\",\"item\":\"https:\\\/\\\/prismagamers.com\\\/hu\\\/shop\\\/\"},{\"@type\":\"ListItem\",\"position\":3,\"name\":\"Beyond Galaxyland\"}]},{\"@type\":\"WebSite\",\"@id\":\"https:\\\/\\\/prismagamers.com\\\/hu\\\/#website\",\"url\":\"https:\\\/\\\/prismagamers.com\\\/hu\\\/\",\"name\":\"Prismagamers\",\"description\":\"Sklep z grami PC I Sklep klucze Steam\",\"publisher\":{\"@id\":\"https:\\\/\\\/prismagamers.com\\\/hu\\\/#organization\"},\"potentialAction\":[{\"@type\":\"SearchAction\",\"target\":{\"@type\":\"EntryPoint\",\"urlTemplate\":\"https:\\\/\\\/prismagamers.com\\\/hu\\\/?s={search_term_string}\"},\"query-input\":{\"@type\":\"PropertyValueSpecification\",\"valueRequired\":true,\"valueName\":\"search_term_string\"}}],\"inLanguage\":\"hu\"},{\"@type\":\"Organization\",\"@id\":\"https:\\\/\\\/prismagamers.com\\\/hu\\\/#organization\",\"name\":\"Prismagamers\",\"url\":\"https:\\\/\\\/prismagamers.com\\\/hu\\\/\",\"logo\":{\"@type\":\"ImageObject\",\"inLanguage\":\"hu\",\"@id\":\"https:\\\/\\\/prismagamers.com\\\/hu\\\/#\\\/schema\\\/logo\\\/image\\\/\",\"url\":\"https:\\\/\\\/prismagamers.com\\\/wp-content\\\/uploads\\\/2022\\\/04\\\/cropped-logo-Prismagamers-01-scaled-1.jpg\",\"contentUrl\":\"https:\\\/\\\/prismagamers.com\\\/wp-content\\\/uploads\\\/2022\\\/04\\\/cropped-logo-Prismagamers-01-scaled-1.jpg\",\"width\":512,\"height\":512,\"caption\":\"Prismagamers\"},\"image\":{\"@id\":\"https:\\\/\\\/prismagamers.com\\\/hu\\\/#\\\/schema\\\/logo\\\/image\\\/\"},\"sameAs\":[\"https:\\\/\\\/www.facebook.com\\\/prismagamers\",\"https:\\\/\\\/www.instagram.com\\\/prismagamers_grycyfrowe\\\/\"],\"description\":\"Prismagamers.com to dynamiczny sklep z grami cyfrowymi, stworzony z my\u015bl\u0105 o entuzjastach gier wideo. Nasza strona oferuje szerok\u0105 gam\u0119 gier komputerowych, w tym najnowsze tytu\u0142y, dobrze znane klasyki oraz gry stworzone przez niezale\u017cne studia Ca\u0142y czas d\u0105\u017cymy do rozszerzenia naszej oferty. Do\u0142\u0105cz do nas i sta\u0144 si\u0119 cz\u0119\u015bci\u0105 naszej rosn\u0105cej spo\u0142eczno\u015bci graczy!\",\"email\":\"shop@prismagamers.com\",\"telephone\":\"48795541705\",\"legalName\":\"East Caravan Maksym \u017bukow\",\"foundingDate\":\"2012-05-10\",\"vatID\":\"PL8943038612\",\"taxID\":\"PL8943038612\",\"numberOfEmployees\":{\"@type\":\"QuantitativeValue\",\"minValue\":\"11\",\"maxValue\":\"50\"}}]}<\/script>\n<!-- \/ Yoast SEO Premium plugin. -->","yoast_head_json":{"title":"Beyond Galaxyland - Prismagamers.com","description":"Sz\u00e1rnyalj a csillagok fel\u00e9 a retro-futurisztikus RPG kalandj\u00e1t\u00e9kban, a Beyond Galaxyland-ben! Csatlakozz Doug-hoz \u00e9s b\u00e1tor tengeri malac\u00e1hoz, Boom Boom-hoz, aki felfegyverkezve v\u00e1g neki az izgalmas bolyg\u00f3k\u00f6zi utaz\u00e1snak, hogy megmentse a F\u00f6ldet. Fedezz fel v\u00e1ltozatos vil\u00e1gokat, n\u00e9zz szembe a vesz\u00e9lyekkel \u00e9s fedezd fel a vil\u00e1g\u0171r titkait egy kalandban, amely tele van izgalommal \u00e9s meglepet\u00e9sekkel!  &nbsp;","robots":{"index":"index","follow":"follow","max-snippet":"max-snippet:-1","max-image-preview":"max-image-preview:large","max-video-preview":"max-video-preview:-1"},"canonical":"https:\/\/prismagamers.com\/hu\/produkt\/beyond-galaxyland\/","og_locale":"hu_HU","og_type":"article","og_title":"Beyond Galaxyland","og_description":"Sz\u00e1rnyalj a csillagok fel\u00e9 a retro-futurisztikus RPG kalandj\u00e1t\u00e9kban, a Beyond Galaxyland-ben! Csatlakozz Doug-hoz \u00e9s b\u00e1tor tengeri malac\u00e1hoz, Boom Boom-hoz, aki felfegyverkezve v\u00e1g neki az izgalmas bolyg\u00f3k\u00f6zi utaz\u00e1snak, hogy megmentse a F\u00f6ldet. Fedezz fel v\u00e1ltozatos vil\u00e1gokat, n\u00e9zz szembe a vesz\u00e9lyekkel \u00e9s fedezd fel a vil\u00e1g\u0171r titkait egy kalandban, amely tele van izgalommal \u00e9s meglepet\u00e9sekkel!  &nbsp;","og_url":"https:\/\/prismagamers.com\/hu\/produkt\/beyond-galaxyland\/","og_site_name":"Prismagamers.com","article_publisher":"https:\/\/www.facebook.com\/prismagamers","article_modified_time":"2026-03-04T23:00:46+00:00","og_image":[{"width":300,"height":450,"url":"https:\/\/prismagamers.com\/wp-content\/uploads\/2024\/09\/library_600x900_2x-3-e1727259588735.jpg","type":"image\/jpeg"}],"twitter_card":"summary_large_image","twitter_misc":{"Becs\u00fclt olvas\u00e1si id\u0151":"1 perc"},"schema":{"@context":"https:\/\/schema.org","@graph":[{"@type":"WebPage","@id":"https:\/\/prismagamers.com\/hu\/produkt\/beyond-galaxyland\/","url":"https:\/\/prismagamers.com\/hu\/produkt\/beyond-galaxyland\/","name":"Beyond Galaxyland - Prismagamers.com","isPartOf":{"@id":"https:\/\/prismagamers.com\/hu\/#website"},"primaryImageOfPage":{"@id":"https:\/\/prismagamers.com\/hu\/produkt\/beyond-galaxyland\/#primaryimage"},"image":{"@id":"https:\/\/prismagamers.com\/hu\/produkt\/beyond-galaxyland\/#primaryimage"},"thumbnailUrl":"https:\/\/prismagamers.com\/wp-content\/uploads\/2024\/09\/library_600x900_2x-3-e1727259588735.jpg","datePublished":"2024-09-25T10:20:47+00:00","dateModified":"2026-03-04T23:00:46+00:00","description":"Sz\u00e1rnyalj a csillagok fel\u00e9 a retro-futurisztikus RPG kalandj\u00e1t\u00e9kban, a Beyond Galaxyland-ben! Csatlakozz Doug-hoz \u00e9s b\u00e1tor tengeri malac\u00e1hoz, Boom Boom-hoz, aki felfegyverkezve v\u00e1g neki az izgalmas bolyg\u00f3k\u00f6zi utaz\u00e1snak, hogy megmentse a F\u00f6ldet. Fedezz fel v\u00e1ltozatos vil\u00e1gokat, n\u00e9zz szembe a vesz\u00e9lyekkel \u00e9s fedezd fel a vil\u00e1g\u0171r titkait egy kalandban, amely tele van izgalommal \u00e9s meglepet\u00e9sekkel! &nbsp;","breadcrumb":{"@id":"https:\/\/prismagamers.com\/hu\/produkt\/beyond-galaxyland\/#breadcrumb"},"inLanguage":"hu","potentialAction":[{"@type":"ReadAction","target":["https:\/\/prismagamers.com\/hu\/produkt\/beyond-galaxyland\/"]}]},{"@type":"ImageObject","inLanguage":"hu","@id":"https:\/\/prismagamers.com\/hu\/produkt\/beyond-galaxyland\/#primaryimage","url":"https:\/\/prismagamers.com\/wp-content\/uploads\/2024\/09\/library_600x900_2x-3-e1727259588735.jpg","contentUrl":"https:\/\/prismagamers.com\/wp-content\/uploads\/2024\/09\/library_600x900_2x-3-e1727259588735.jpg","width":300,"height":450},{"@type":"BreadcrumbList","@id":"https:\/\/prismagamers.com\/hu\/produkt\/beyond-galaxyland\/#breadcrumb","itemListElement":[{"@type":"ListItem","position":1,"name":"Strona g\u0142\u00f3wna","item":"https:\/\/prismagamers.com\/hu\/prismagamers\/"},{"@type":"ListItem","position":2,"name":"Shop","item":"https:\/\/prismagamers.com\/hu\/shop\/"},{"@type":"ListItem","position":3,"name":"Beyond Galaxyland"}]},{"@type":"WebSite","@id":"https:\/\/prismagamers.com\/hu\/#website","url":"https:\/\/prismagamers.com\/hu\/","name":"Prismagamers","description":"Sklep z grami PC I Sklep klucze Steam","publisher":{"@id":"https:\/\/prismagamers.com\/hu\/#organization"},"potentialAction":[{"@type":"SearchAction","target":{"@type":"EntryPoint","urlTemplate":"https:\/\/prismagamers.com\/hu\/?s={search_term_string}"},"query-input":{"@type":"PropertyValueSpecification","valueRequired":true,"valueName":"search_term_string"}}],"inLanguage":"hu"},{"@type":"Organization","@id":"https:\/\/prismagamers.com\/hu\/#organization","name":"Prismagamers","url":"https:\/\/prismagamers.com\/hu\/","logo":{"@type":"ImageObject","inLanguage":"hu","@id":"https:\/\/prismagamers.com\/hu\/#\/schema\/logo\/image\/","url":"https:\/\/prismagamers.com\/wp-content\/uploads\/2022\/04\/cropped-logo-Prismagamers-01-scaled-1.jpg","contentUrl":"https:\/\/prismagamers.com\/wp-content\/uploads\/2022\/04\/cropped-logo-Prismagamers-01-scaled-1.jpg","width":512,"height":512,"caption":"Prismagamers"},"image":{"@id":"https:\/\/prismagamers.com\/hu\/#\/schema\/logo\/image\/"},"sameAs":["https:\/\/www.facebook.com\/prismagamers","https:\/\/www.instagram.com\/prismagamers_grycyfrowe\/"],"description":"Prismagamers.com to dynamiczny sklep z grami cyfrowymi, stworzony z my\u015bl\u0105 o entuzjastach gier wideo. Nasza strona oferuje szerok\u0105 gam\u0119 gier komputerowych, w tym najnowsze tytu\u0142y, dobrze znane klasyki oraz gry stworzone przez niezale\u017cne studia Ca\u0142y czas d\u0105\u017cymy do rozszerzenia naszej oferty. Do\u0142\u0105cz do nas i sta\u0144 si\u0119 cz\u0119\u015bci\u0105 naszej rosn\u0105cej spo\u0142eczno\u015bci graczy!","email":"shop@prismagamers.com","telephone":"48795541705","legalName":"East Caravan Maksym \u017bukow","foundingDate":"2012-05-10","vatID":"PL8943038612","taxID":"PL8943038612","numberOfEmployees":{"@type":"QuantitativeValue","minValue":"11","maxValue":"50"}}]}},"_links":{"self":[{"href":"https:\/\/prismagamers.com\/hu\/wp-json\/wp\/v2\/product\/35196","targetHints":{"allow":["GET"]}}],"collection":[{"href":"https:\/\/prismagamers.com\/hu\/wp-json\/wp\/v2\/product"}],"about":[{"href":"https:\/\/prismagamers.com\/hu\/wp-json\/wp\/v2\/types\/product"}],"wp:featuredmedia":[{"embeddable":true,"href":"https:\/\/prismagamers.com\/hu\/wp-json\/wp\/v2\/media\/32796"}],"wp:attachment":[{"href":"https:\/\/prismagamers.com\/hu\/wp-json\/wp\/v2\/media?parent=35196"}],"wp:term":[{"taxonomy":"product_brand","embeddable":true,"href":"https:\/\/prismagamers.com\/hu\/wp-json\/wp\/v2\/product_brand?post=35196"},{"taxonomy":"product_cat","embeddable":true,"href":"https:\/\/prismagamers.com\/hu\/wp-json\/wp\/v2\/product_cat?post=35196"},{"taxonomy":"product_tag","embeddable":true,"href":"https:\/\/prismagamers.com\/hu\/wp-json\/wp\/v2\/product_tag?post=35196"}],"curies":[{"name":"wp","href":"https:\/\/api.w.org\/{rel}","templated":true}]}}