{"id":35257,"date":"2025-03-27T19:23:18","date_gmt":"2025-03-27T18:23:18","guid":{"rendered":"https:\/\/prismagamers.com\/produkt\/order-13-2\/"},"modified":"2025-12-01T00:15:25","modified_gmt":"2025-11-30T23:15:25","slug":"order-13-2","status":"publish","type":"product","link":"https:\/\/prismagamers.com\/hu\/produkt\/order-13-2\/","title":{"rendered":"ORDER 13"},"content":{"rendered":"<p class=\"\" data-start=\"147\" data-end=\"242\"><strong data-start=\"147\" data-end=\"242\">\u00c9ld t\u00fal az \u00e1rny\u00e9kban, \u00e9s teljes\u00edtsd a megrendel\u00e9seket egy rakt\u00e1rszimul\u00e1toros pszichol\u00f3giai horrorj\u00e1t\u00e9kban.<\/strong><\/p>\n<p class=\"\" data-start=\"244\" data-end=\"465\">L\u00e9pj egy elhagyatott logisztikai k\u00f6zpont mag\u00e1nyos dolgoz\u00f3j\u00e1nak szerep\u00e9be, akinek feladata a rendel\u00e9sek \u00f6sszegy\u0171jt\u00e9se, <strong data-start=\"339\" data-end=\"398\">a csomagok becsomagol\u00e1sa \u00e9s id\u0151ben t\u00f6rt\u00e9n\u0151 felad\u00e1sa<\/strong>. Egyszer\u0171nek hangzik&#8230; am\u00edg meg nem hallod a suttog\u00e1sokat a s\u00f6t\u00e9tben. <\/p>\n<p class=\"\" data-start=\"467\" data-end=\"868\">Fegyvered mind\u00f6ssze egy <strong data-start=\"487\" data-end=\"498\">zsebl\u00e1mpa<\/strong>, n\u00e9h\u00e1ny alapvet\u0151 e<strong data-start=\"535\" data-end=\"552\">szk\u00f6z \u00e9s h\u0171s\u00e9ges macsk\u00e1d<\/strong> t\u00e1rsas\u00e1ga. \u00cdgy kell \u00e1tv\u00e1gnod a k\u00eds\u00e9rteties <strong data-start=\"599\" data-end=\"624\">rakt\u00e1r s\u00f6t\u00e9t folyos\u00f3in<\/strong>, ahol minden sarkon valami nyugtalan\u00edt\u00f3 rejt\u0151zhet. Minden m\u0171szak elej\u00e9n ellen\u0151rizd <strong data-start=\"713\" data-end=\"731\">a megrendel\u00e9sek list\u00e1j\u00e1t<\/strong>, majd indulj el begy\u0171jteni a sz\u00fcks\u00e9ges t\u00e1rgyakat. Az id\u0151 ellened dolgozik \u2013 min\u00e9l tov\u00e1bb maradsz a rakt\u00e1rban, ann\u00e1l nagyobb lesz a vesz\u00e9ly.  <\/p>\n<p data-start=\"467\" data-end=\"868\"><img decoding=\"async\" class=\"bb_img aligncenter\" src=\"https:\/\/shared.fastly.steamstatic.com\/store_item_assets\/steam\/apps\/2259310\/extras\/O13_GIF_sim_small.gif?t=1741784383\"><\/p>\n<p class=\"\" data-start=\"870\" data-end=\"1206\">Id\u0151vel egyre <strong data-start=\"891\" data-end=\"940\">m\u00e9lyebb \u00e9s nyugtalan\u00edt\u00f3bb r\u00e9szeit nyitod meg a rakt\u00e1rnak<\/strong>, mik\u00f6zben felfeded a hely s\u00f6t\u00e9t titkait, ahov\u00e1 csapd\u00e1ba est\u00e9l. De nemcsak a saj\u00e1t \u00e9leted forog kock\u00e1n \u2013 <strong data-start=\"1037\" data-end=\"1075\">a macsk\u00e1d is r\u00e1d van utalva.<\/strong> Fektess be a felszerel\u00e9s fejleszt\u00e9s\u00e9be, n\u00f6veld a hat\u00e9konys\u00e1godat, \u00e9s mindenekel\u0151tt gondoskodj arr\u00f3l, hogy h\u0171s\u00e9ges <strong data-start=\"1153\" data-end=\"1205\">cicat\u00e1rsad biztons\u00e1gban legyen<\/strong>.  <\/p>\n<p data-start=\"870\" data-end=\"1206\"><img decoding=\"async\" class=\"bb_img aligncenter\" src=\"https:\/\/shared.fastly.steamstatic.com\/store_item_assets\/steam\/apps\/2259310\/extras\/O13_GIF_horror_5_small.gif?t=1741784383\"><\/p>\n","protected":false},"excerpt":{"rendered":"<p>Egy s\u00f6t\u00e9t rakt\u00e1rban \u00e9bredsz. Egyetlen feladatod van: csomagold \u00f6ssze a megrendel\u00e9seket, miel\u0151tt el\u00e9r az, ami a s\u00f6t\u00e9tben \u00f3l\u00e1lkodik. Dolgozz gyorsan, maradj \u00e9ber, \u00e9s v\u00e9dd meg a macsk\u00e1dat. \u0150 az egyetlen, aki m\u00e9g megmaradt neked.   <\/p>\n<p>\ud83c\udf0d Glob\u00e1lis<br \/>\n\u2699\ufe0f Steam<br \/>\n\ud83d\udddd Digit\u00e1lis kulcs<\/p>\n","protected":false},"featured_media":35250,"template":"","meta":{"_acf_changed":false,"site-sidebar-layout":"default","site-content-layout":"","ast-site-content-layout":"default","site-content-style":"default","site-sidebar-style":"default","ast-global-header-display":"","ast-banner-title-visibility":"","ast-main-header-display":"","ast-hfb-above-header-display":"","ast-hfb-below-header-display":"","ast-hfb-mobile-header-display":"","site-post-title":"","ast-breadcrumbs-content":"","ast-featured-img":"","footer-sml-layout":"","ast-disable-related-posts":"","theme-transparent-header-meta":"default","adv-header-id-meta":"","stick-header-meta":"","header-above-stick-meta":"","header-main-stick-meta":"","header-below-stick-meta":"","astra-migrate-meta-layouts":"default","ast-page-background-enabled":"default","ast-page-background-meta":{"desktop":{"background-color":"var(--ast-global-color-4)","background-image":"","background-repeat":"repeat","background-position":"center center","background-size":"auto","background-attachment":"scroll","background-type":"","background-media":"","overlay-type":"","overlay-color":"","overlay-opacity":"","overlay-gradient":""},"tablet":{"background-color":"","background-image":"","background-repeat":"repeat","background-position":"center center","background-size":"auto","background-attachment":"scroll","background-type":"","background-media":"","overlay-type":"","overlay-color":"","overlay-opacity":"","overlay-gradient":""},"mobile":{"background-color":"","background-image":"","background-repeat":"repeat","background-position":"center center","background-size":"auto","background-attachment":"scroll","background-type":"","background-media":"","overlay-type":"","overlay-color":"","overlay-opacity":"","overlay-gradient":""}},"ast-content-background-meta":{"desktop":{"background-color":"var(--ast-global-color-5)","background-image":"","background-repeat":"repeat","background-position":"center center","background-size":"auto","background-attachment":"scroll","background-type":"","background-media":"","overlay-type":"","overlay-color":"","overlay-opacity":"","overlay-gradient":""},"tablet":{"background-color":"var(--ast-global-color-5)","background-image":"","background-repeat":"repeat","background-position":"center center","background-size":"auto","background-attachment":"scroll","background-type":"","background-media":"","overlay-type":"","overlay-color":"","overlay-opacity":"","overlay-gradient":""},"mobile":{"background-color":"var(--ast-global-color-5)","background-image":"","background-repeat":"repeat","background-position":"center center","background-size":"auto","background-attachment":"scroll","background-type":"","background-media":"","overlay-type":"","overlay-color":"","overlay-opacity":"","overlay-gradient":""}}},"product_brand":[],"product_cat":[365,385,372],"product_tag":[],"class_list":{"0":"post-35257","1":"product","2":"type-product","3":"status-publish","4":"has-post-thumbnail","6":"product_cat-goz","7":"product_cat-horror-hu","8":"product_cat-jatekok-szimulatorok","9":"desktop-align-left","10":"tablet-align-left","11":"mobile-align-left","13":"first","14":"instock","15":"virtual","16":"purchasable","17":"product-type-simple"},"acf":[],"yoast_head":"<!-- This site is optimized with the Yoast SEO Premium plugin v27.4 (Yoast SEO v27.4) - https:\/\/yoast.com\/product\/yoast-seo-premium-wordpress\/ -->\n<title>ORDER 13 - Prismagamers.com<\/title>\n<meta name=\"description\" content=\"Egy s\u00f6t\u00e9t rakt\u00e1rban \u00e9bredsz. Egyetlen feladatod van: csomagold \u00f6ssze a megrendel\u00e9seket, miel\u0151tt el\u00e9r az, ami a s\u00f6t\u00e9tben \u00f3l\u00e1lkodik. Dolgozz gyorsan, maradj \u00e9ber, \u00e9s v\u00e9dd meg a macsk\u00e1dat. \u0150 az egyetlen, aki m\u00e9g megmaradt neked.   \ud83c\udf0d Glob\u00e1lis \u2699\ufe0f Steam \ud83d\udddd Digit\u00e1lis kulcs\" \/>\n<meta name=\"robots\" content=\"index, follow, max-snippet:-1, max-image-preview:large, max-video-preview:-1\" \/>\n<link rel=\"canonical\" href=\"https:\/\/prismagamers.com\/hu\/produkt\/order-13-2\/\" \/>\n<meta property=\"og:locale\" content=\"hu_HU\" \/>\n<meta property=\"og:type\" content=\"article\" \/>\n<meta property=\"og:title\" content=\"ORDER 13\" \/>\n<meta property=\"og:description\" content=\"Egy s\u00f6t\u00e9t rakt\u00e1rban \u00e9bredsz. Egyetlen feladatod van: csomagold \u00f6ssze a megrendel\u00e9seket, miel\u0151tt el\u00e9r az, ami a s\u00f6t\u00e9tben \u00f3l\u00e1lkodik. Dolgozz gyorsan, maradj \u00e9ber, \u00e9s v\u00e9dd meg a macsk\u00e1dat. \u0150 az egyetlen, aki m\u00e9g megmaradt neked.   \ud83c\udf0d Glob\u00e1lis \u2699\ufe0f Steam \ud83d\udddd Digit\u00e1lis kulcs\" \/>\n<meta property=\"og:url\" content=\"https:\/\/prismagamers.com\/hu\/produkt\/order-13-2\/\" \/>\n<meta property=\"og:site_name\" content=\"Prismagamers.com\" \/>\n<meta property=\"article:publisher\" content=\"https:\/\/www.facebook.com\/prismagamers\" \/>\n<meta property=\"article:modified_time\" content=\"2025-11-30T23:15:25+00:00\" \/>\n<meta property=\"og:image\" content=\"https:\/\/prismagamers.com\/wp-content\/uploads\/2025\/03\/library_600x900_2x-14-e1743099760662.jpg\" \/>\n\t<meta property=\"og:image:width\" content=\"600\" \/>\n\t<meta property=\"og:image:height\" content=\"900\" \/>\n\t<meta property=\"og:image:type\" content=\"image\/jpeg\" \/>\n<meta name=\"twitter:card\" content=\"summary_large_image\" \/>\n<meta name=\"twitter:label1\" content=\"Becs\u00fclt olvas\u00e1si id\u0151\" \/>\n\t<meta name=\"twitter:data1\" content=\"1 perc\" \/>\n<script type=\"application\/ld+json\" class=\"yoast-schema-graph\">{\"@context\":\"https:\\\/\\\/schema.org\",\"@graph\":[{\"@type\":\"WebPage\",\"@id\":\"https:\\\/\\\/prismagamers.com\\\/hu\\\/produkt\\\/order-13-2\\\/\",\"url\":\"https:\\\/\\\/prismagamers.com\\\/hu\\\/produkt\\\/order-13-2\\\/\",\"name\":\"ORDER 13 - Prismagamers.com\",\"isPartOf\":{\"@id\":\"https:\\\/\\\/prismagamers.com\\\/hu\\\/#website\"},\"primaryImageOfPage\":{\"@id\":\"https:\\\/\\\/prismagamers.com\\\/hu\\\/produkt\\\/order-13-2\\\/#primaryimage\"},\"image\":{\"@id\":\"https:\\\/\\\/prismagamers.com\\\/hu\\\/produkt\\\/order-13-2\\\/#primaryimage\"},\"thumbnailUrl\":\"https:\\\/\\\/prismagamers.com\\\/wp-content\\\/uploads\\\/2025\\\/03\\\/library_600x900_2x-14-e1743099760662.jpg\",\"datePublished\":\"2025-03-27T18:23:18+00:00\",\"dateModified\":\"2025-11-30T23:15:25+00:00\",\"description\":\"Egy s\u00f6t\u00e9t rakt\u00e1rban \u00e9bredsz. Egyetlen feladatod van: csomagold \u00f6ssze a megrendel\u00e9seket, miel\u0151tt el\u00e9r az, ami a s\u00f6t\u00e9tben \u00f3l\u00e1lkodik. Dolgozz gyorsan, maradj \u00e9ber, \u00e9s v\u00e9dd meg a macsk\u00e1dat. \u0150 az egyetlen, aki m\u00e9g megmaradt neked. \ud83c\udf0d Glob\u00e1lis \u2699\ufe0f Steam \ud83d\udddd Digit\u00e1lis kulcs\",\"breadcrumb\":{\"@id\":\"https:\\\/\\\/prismagamers.com\\\/hu\\\/produkt\\\/order-13-2\\\/#breadcrumb\"},\"inLanguage\":\"hu\",\"potentialAction\":[{\"@type\":\"ReadAction\",\"target\":[\"https:\\\/\\\/prismagamers.com\\\/hu\\\/produkt\\\/order-13-2\\\/\"]}]},{\"@type\":\"ImageObject\",\"inLanguage\":\"hu\",\"@id\":\"https:\\\/\\\/prismagamers.com\\\/hu\\\/produkt\\\/order-13-2\\\/#primaryimage\",\"url\":\"https:\\\/\\\/prismagamers.com\\\/wp-content\\\/uploads\\\/2025\\\/03\\\/library_600x900_2x-14-e1743099760662.jpg\",\"contentUrl\":\"https:\\\/\\\/prismagamers.com\\\/wp-content\\\/uploads\\\/2025\\\/03\\\/library_600x900_2x-14-e1743099760662.jpg\",\"width\":600,\"height\":900,\"caption\":\"order 13 cover\"},{\"@type\":\"BreadcrumbList\",\"@id\":\"https:\\\/\\\/prismagamers.com\\\/hu\\\/produkt\\\/order-13-2\\\/#breadcrumb\",\"itemListElement\":[{\"@type\":\"ListItem\",\"position\":1,\"name\":\"Strona g\u0142\u00f3wna\",\"item\":\"https:\\\/\\\/prismagamers.com\\\/hu\\\/prismagamers\\\/\"},{\"@type\":\"ListItem\",\"position\":2,\"name\":\"Shop\",\"item\":\"https:\\\/\\\/prismagamers.com\\\/hu\\\/shop\\\/\"},{\"@type\":\"ListItem\",\"position\":3,\"name\":\"ORDER 13\"}]},{\"@type\":\"WebSite\",\"@id\":\"https:\\\/\\\/prismagamers.com\\\/hu\\\/#website\",\"url\":\"https:\\\/\\\/prismagamers.com\\\/hu\\\/\",\"name\":\"Prismagamers\",\"description\":\"Sklep z grami PC I Sklep klucze Steam\",\"publisher\":{\"@id\":\"https:\\\/\\\/prismagamers.com\\\/hu\\\/#organization\"},\"potentialAction\":[{\"@type\":\"SearchAction\",\"target\":{\"@type\":\"EntryPoint\",\"urlTemplate\":\"https:\\\/\\\/prismagamers.com\\\/hu\\\/?s={search_term_string}\"},\"query-input\":{\"@type\":\"PropertyValueSpecification\",\"valueRequired\":true,\"valueName\":\"search_term_string\"}}],\"inLanguage\":\"hu\"},{\"@type\":\"Organization\",\"@id\":\"https:\\\/\\\/prismagamers.com\\\/hu\\\/#organization\",\"name\":\"Prismagamers\",\"url\":\"https:\\\/\\\/prismagamers.com\\\/hu\\\/\",\"logo\":{\"@type\":\"ImageObject\",\"inLanguage\":\"hu\",\"@id\":\"https:\\\/\\\/prismagamers.com\\\/hu\\\/#\\\/schema\\\/logo\\\/image\\\/\",\"url\":\"https:\\\/\\\/prismagamers.com\\\/wp-content\\\/uploads\\\/2022\\\/04\\\/cropped-logo-Prismagamers-01-scaled-1.jpg\",\"contentUrl\":\"https:\\\/\\\/prismagamers.com\\\/wp-content\\\/uploads\\\/2022\\\/04\\\/cropped-logo-Prismagamers-01-scaled-1.jpg\",\"width\":512,\"height\":512,\"caption\":\"Prismagamers\"},\"image\":{\"@id\":\"https:\\\/\\\/prismagamers.com\\\/hu\\\/#\\\/schema\\\/logo\\\/image\\\/\"},\"sameAs\":[\"https:\\\/\\\/www.facebook.com\\\/prismagamers\",\"https:\\\/\\\/www.instagram.com\\\/prismagamers_grycyfrowe\\\/\"],\"description\":\"Prismagamers.com to dynamiczny sklep z grami cyfrowymi, stworzony z my\u015bl\u0105 o entuzjastach gier wideo. Nasza strona oferuje szerok\u0105 gam\u0119 gier komputerowych, w tym najnowsze tytu\u0142y, dobrze znane klasyki oraz gry stworzone przez niezale\u017cne studia Ca\u0142y czas d\u0105\u017cymy do rozszerzenia naszej oferty. Do\u0142\u0105cz do nas i sta\u0144 si\u0119 cz\u0119\u015bci\u0105 naszej rosn\u0105cej spo\u0142eczno\u015bci graczy!\",\"email\":\"shop@prismagamers.com\",\"telephone\":\"48795541705\",\"legalName\":\"East Caravan Maksym \u017bukow\",\"foundingDate\":\"2012-05-10\",\"vatID\":\"PL8943038612\",\"taxID\":\"PL8943038612\",\"numberOfEmployees\":{\"@type\":\"QuantitativeValue\",\"minValue\":\"11\",\"maxValue\":\"50\"}}]}<\/script>\n<!-- \/ Yoast SEO Premium plugin. -->","yoast_head_json":{"title":"ORDER 13 - Prismagamers.com","description":"Egy s\u00f6t\u00e9t rakt\u00e1rban \u00e9bredsz. Egyetlen feladatod van: csomagold \u00f6ssze a megrendel\u00e9seket, miel\u0151tt el\u00e9r az, ami a s\u00f6t\u00e9tben \u00f3l\u00e1lkodik. Dolgozz gyorsan, maradj \u00e9ber, \u00e9s v\u00e9dd meg a macsk\u00e1dat. \u0150 az egyetlen, aki m\u00e9g megmaradt neked.   \ud83c\udf0d Glob\u00e1lis \u2699\ufe0f Steam \ud83d\udddd Digit\u00e1lis kulcs","robots":{"index":"index","follow":"follow","max-snippet":"max-snippet:-1","max-image-preview":"max-image-preview:large","max-video-preview":"max-video-preview:-1"},"canonical":"https:\/\/prismagamers.com\/hu\/produkt\/order-13-2\/","og_locale":"hu_HU","og_type":"article","og_title":"ORDER 13","og_description":"Egy s\u00f6t\u00e9t rakt\u00e1rban \u00e9bredsz. Egyetlen feladatod van: csomagold \u00f6ssze a megrendel\u00e9seket, miel\u0151tt el\u00e9r az, ami a s\u00f6t\u00e9tben \u00f3l\u00e1lkodik. Dolgozz gyorsan, maradj \u00e9ber, \u00e9s v\u00e9dd meg a macsk\u00e1dat. \u0150 az egyetlen, aki m\u00e9g megmaradt neked.   \ud83c\udf0d Glob\u00e1lis \u2699\ufe0f Steam \ud83d\udddd Digit\u00e1lis kulcs","og_url":"https:\/\/prismagamers.com\/hu\/produkt\/order-13-2\/","og_site_name":"Prismagamers.com","article_publisher":"https:\/\/www.facebook.com\/prismagamers","article_modified_time":"2025-11-30T23:15:25+00:00","og_image":[{"width":600,"height":900,"url":"https:\/\/prismagamers.com\/wp-content\/uploads\/2025\/03\/library_600x900_2x-14-e1743099760662.jpg","type":"image\/jpeg"}],"twitter_card":"summary_large_image","twitter_misc":{"Becs\u00fclt olvas\u00e1si id\u0151":"1 perc"},"schema":{"@context":"https:\/\/schema.org","@graph":[{"@type":"WebPage","@id":"https:\/\/prismagamers.com\/hu\/produkt\/order-13-2\/","url":"https:\/\/prismagamers.com\/hu\/produkt\/order-13-2\/","name":"ORDER 13 - Prismagamers.com","isPartOf":{"@id":"https:\/\/prismagamers.com\/hu\/#website"},"primaryImageOfPage":{"@id":"https:\/\/prismagamers.com\/hu\/produkt\/order-13-2\/#primaryimage"},"image":{"@id":"https:\/\/prismagamers.com\/hu\/produkt\/order-13-2\/#primaryimage"},"thumbnailUrl":"https:\/\/prismagamers.com\/wp-content\/uploads\/2025\/03\/library_600x900_2x-14-e1743099760662.jpg","datePublished":"2025-03-27T18:23:18+00:00","dateModified":"2025-11-30T23:15:25+00:00","description":"Egy s\u00f6t\u00e9t rakt\u00e1rban \u00e9bredsz. Egyetlen feladatod van: csomagold \u00f6ssze a megrendel\u00e9seket, miel\u0151tt el\u00e9r az, ami a s\u00f6t\u00e9tben \u00f3l\u00e1lkodik. Dolgozz gyorsan, maradj \u00e9ber, \u00e9s v\u00e9dd meg a macsk\u00e1dat. \u0150 az egyetlen, aki m\u00e9g megmaradt neked. \ud83c\udf0d Glob\u00e1lis \u2699\ufe0f Steam \ud83d\udddd Digit\u00e1lis kulcs","breadcrumb":{"@id":"https:\/\/prismagamers.com\/hu\/produkt\/order-13-2\/#breadcrumb"},"inLanguage":"hu","potentialAction":[{"@type":"ReadAction","target":["https:\/\/prismagamers.com\/hu\/produkt\/order-13-2\/"]}]},{"@type":"ImageObject","inLanguage":"hu","@id":"https:\/\/prismagamers.com\/hu\/produkt\/order-13-2\/#primaryimage","url":"https:\/\/prismagamers.com\/wp-content\/uploads\/2025\/03\/library_600x900_2x-14-e1743099760662.jpg","contentUrl":"https:\/\/prismagamers.com\/wp-content\/uploads\/2025\/03\/library_600x900_2x-14-e1743099760662.jpg","width":600,"height":900,"caption":"order 13 cover"},{"@type":"BreadcrumbList","@id":"https:\/\/prismagamers.com\/hu\/produkt\/order-13-2\/#breadcrumb","itemListElement":[{"@type":"ListItem","position":1,"name":"Strona g\u0142\u00f3wna","item":"https:\/\/prismagamers.com\/hu\/prismagamers\/"},{"@type":"ListItem","position":2,"name":"Shop","item":"https:\/\/prismagamers.com\/hu\/shop\/"},{"@type":"ListItem","position":3,"name":"ORDER 13"}]},{"@type":"WebSite","@id":"https:\/\/prismagamers.com\/hu\/#website","url":"https:\/\/prismagamers.com\/hu\/","name":"Prismagamers","description":"Sklep z grami PC I Sklep klucze Steam","publisher":{"@id":"https:\/\/prismagamers.com\/hu\/#organization"},"potentialAction":[{"@type":"SearchAction","target":{"@type":"EntryPoint","urlTemplate":"https:\/\/prismagamers.com\/hu\/?s={search_term_string}"},"query-input":{"@type":"PropertyValueSpecification","valueRequired":true,"valueName":"search_term_string"}}],"inLanguage":"hu"},{"@type":"Organization","@id":"https:\/\/prismagamers.com\/hu\/#organization","name":"Prismagamers","url":"https:\/\/prismagamers.com\/hu\/","logo":{"@type":"ImageObject","inLanguage":"hu","@id":"https:\/\/prismagamers.com\/hu\/#\/schema\/logo\/image\/","url":"https:\/\/prismagamers.com\/wp-content\/uploads\/2022\/04\/cropped-logo-Prismagamers-01-scaled-1.jpg","contentUrl":"https:\/\/prismagamers.com\/wp-content\/uploads\/2022\/04\/cropped-logo-Prismagamers-01-scaled-1.jpg","width":512,"height":512,"caption":"Prismagamers"},"image":{"@id":"https:\/\/prismagamers.com\/hu\/#\/schema\/logo\/image\/"},"sameAs":["https:\/\/www.facebook.com\/prismagamers","https:\/\/www.instagram.com\/prismagamers_grycyfrowe\/"],"description":"Prismagamers.com to dynamiczny sklep z grami cyfrowymi, stworzony z my\u015bl\u0105 o entuzjastach gier wideo. Nasza strona oferuje szerok\u0105 gam\u0119 gier komputerowych, w tym najnowsze tytu\u0142y, dobrze znane klasyki oraz gry stworzone przez niezale\u017cne studia Ca\u0142y czas d\u0105\u017cymy do rozszerzenia naszej oferty. Do\u0142\u0105cz do nas i sta\u0144 si\u0119 cz\u0119\u015bci\u0105 naszej rosn\u0105cej spo\u0142eczno\u015bci graczy!","email":"shop@prismagamers.com","telephone":"48795541705","legalName":"East Caravan Maksym \u017bukow","foundingDate":"2012-05-10","vatID":"PL8943038612","taxID":"PL8943038612","numberOfEmployees":{"@type":"QuantitativeValue","minValue":"11","maxValue":"50"}}]}},"_links":{"self":[{"href":"https:\/\/prismagamers.com\/hu\/wp-json\/wp\/v2\/product\/35257","targetHints":{"allow":["GET"]}}],"collection":[{"href":"https:\/\/prismagamers.com\/hu\/wp-json\/wp\/v2\/product"}],"about":[{"href":"https:\/\/prismagamers.com\/hu\/wp-json\/wp\/v2\/types\/product"}],"wp:featuredmedia":[{"embeddable":true,"href":"https:\/\/prismagamers.com\/hu\/wp-json\/wp\/v2\/media\/35250"}],"wp:attachment":[{"href":"https:\/\/prismagamers.com\/hu\/wp-json\/wp\/v2\/media?parent=35257"}],"wp:term":[{"taxonomy":"product_brand","embeddable":true,"href":"https:\/\/prismagamers.com\/hu\/wp-json\/wp\/v2\/product_brand?post=35257"},{"taxonomy":"product_cat","embeddable":true,"href":"https:\/\/prismagamers.com\/hu\/wp-json\/wp\/v2\/product_cat?post=35257"},{"taxonomy":"product_tag","embeddable":true,"href":"https:\/\/prismagamers.com\/hu\/wp-json\/wp\/v2\/product_tag?post=35257"}],"curies":[{"name":"wp","href":"https:\/\/api.w.org\/{rel}","templated":true}]}}