{"id":35348,"date":"2025-04-01T17:27:07","date_gmt":"2025-04-01T15:27:07","guid":{"rendered":"https:\/\/prismagamers.com\/produkt\/blackshard-2\/"},"modified":"2025-04-10T01:00:23","modified_gmt":"2025-04-09T23:00:23","slug":"blackshard-2","status":"publish","type":"product","link":"https:\/\/prismagamers.com\/hu\/produkt\/blackshard-2\/","title":{"rendered":"BLACKSHARD"},"content":{"rendered":"<p class=\"\" data-start=\"0\" data-end=\"205\">A <strong data-start=\"0\" data-end=\"14\">BLACKSHARD<\/strong> egy felfedez\u0151 j\u00e1t\u00e9k els\u0151 szem\u00e9ly\u0171 perspekt\u00edv\u00e1b\u00f3l. Barangold be a k\u00fcl\u00f6n\u00f6s megastrukt\u00far\u00e1t, a Labirintust, hogy felfedezd a titkait. A Labirintusban tan\u00fas\u00edtott viselked\u00e9sed hat\u00e1rozza meg utaz\u00e1sod kimenetel\u00e9t.  <\/p>\n<p data-start=\"0\" data-end=\"205\"><img decoding=\"async\" class=\"bb_img aligncenter\" src=\"https:\/\/shared.fastly.steamstatic.com\/store_item_assets\/steam\/apps\/3223390\/extras\/4.png?t=1741096859\"><\/p>\n<p class=\"\" data-start=\"207\" data-end=\"474\">A <strong data-start=\"207\" data-end=\"221\">BLACKSHARD<\/strong> egy vizu\u00e1lis \u00e9s narrat\u00edv \u00e9lm\u00e9ny, egy \u00e1lomutaz\u00e1s ismeretlen hat\u00e1rtereken kereszt\u00fcl. K\u00fcl\u00f6n\u00f6s helyeken, v\u00e9gtelen folyos\u00f3kon \u00e9s irre\u00e1lis \u00e9p\u00edtm\u00e9nyeken fogsz \u00e1tkelni, \u00e9vsz\u00e1zadok \u00f3ta elfeledett, titokzatos alakokkal tal\u00e1lkozol&#8230;.. <\/p>\n<p class=\"\" data-start=\"476\" data-end=\"504\"><strong data-start=\"476\" data-end=\"504\">Melyik utat v\u00e1lasztod?<\/strong><\/p>\n<p class=\"\" data-start=\"506\" data-end=\"584\">Fedezz fel egy egyed\u00fcl\u00e1ll\u00f3, f\u00e9lig nyitott vil\u00e1got. Tal\u00e1ld meg a saj\u00e1t utadat a labirintusban. <\/p>\n<p class=\"\" data-start=\"586\" data-end=\"696\">Fedezd fel azoknak az eml\u00e9kfoszl\u00e1nyait, akik m\u00e1r j\u00e1rtak itt el\u0151tted. Fogadd el a dolgok rendj\u00e9t, vagy v\u00e1lassz egy m\u00e1sik utat. <\/p>\n<p class=\"\" data-start=\"698\" data-end=\"802\">K\u00f6lcs\u00f6nhat\u00e1s a k\u00f6rnyezettel. Alak\u00edtsd \u00e1t a labirintust \u00e9rthetetlen er\u0151kkel, vagy \u0151rizd meg hideg komplexit\u00e1s\u00e1t. <\/p>\n<p data-start=\"698\" data-end=\"802\"><img decoding=\"async\" class=\"bb_img aligncenter\" src=\"https:\/\/shared.fastly.steamstatic.com\/store_item_assets\/steam\/apps\/3223390\/extras\/5.png?t=1741096859\"><\/p>\n<p class=\"\" data-start=\"804\" data-end=\"857\"><strong data-start=\"804\" data-end=\"857\">Vigy\u00e1zz. Nem ilyen utaz\u00e1sra sz\u00fclettetek. <\/strong><\/p>\n<p class=\"\" data-start=\"859\" data-end=\"906\">&#8222;Olyan id\u0151pontra v\u00e1rtam, amelyet nem lehet meghat\u00e1rozni.<\/p>\n<p class=\"\" data-start=\"908\" data-end=\"1024\">A labirintus unalmas, steril \u00e9s rendezett t\u00e9r. Az id\u0151 \u00e9s a kauzalit\u00e1s megtestes\u00edt\u0151je. A sors zsarnoks\u00e1g\u00e1nak el\u0151h\u00edrn\u00f6ke.  <\/p>\n<p class=\"\" data-start=\"1026\" data-end=\"1148\">J\u00e1tszottam a szerepemet. Vigy\u00e1ztam a Labirintusra. Ellen\u00e1lltam a suttog\u00e1soknak. Nem avatkoztam k\u00f6zbe. Nem sz\u00e1moltam meg az elrontott sz\u00e1mokat.    <\/p>\n<p class=\"\" data-start=\"1150\" data-end=\"1178\">De a Jel \u00edg\u00e9ri. Felaj\u00e1nlja.&#8221; <\/p>\n<p data-start=\"1150\" data-end=\"1178\"><img decoding=\"async\" class=\"bb_img aligncenter\" src=\"https:\/\/shared.fastly.steamstatic.com\/store_item_assets\/steam\/apps\/3223390\/extras\/2.png?t=1741096859\"><\/p>\n","protected":false},"excerpt":{"rendered":"<p>A <strong data-start=\"0\" data-end=\"14\" data-is-only-node=\"\">BLACKSHARD<\/strong> egy felfedez\u0151 j\u00e1t\u00e9k els\u0151 szem\u00e9ly\u0171 perspekt\u00edv\u00e1b\u00f3l. Barangold be a k\u00fcl\u00f6n\u00f6s megastrukt\u00far\u00e1t, a Labirintust, hogy felfedezd a titkait&#8230;.. A Labirintusban tan\u00fas\u00edtott viselked\u00e9sed hat\u00e1rozza meg utaz\u00e1sod kimenetel\u00e9t. Melyik utat v\u00e1lasztod majd?   <\/p>\n<p>\ud83c\udf0d Glob\u00e1lis<br \/>\n\u2699\ufe0f Steam<br \/>\n\ud83d\udddd Digit\u00e1lis kulcs<\/p>\n","protected":false},"featured_media":35864,"template":"","meta":{"_acf_changed":false,"site-sidebar-layout":"default","site-content-layout":"","ast-site-content-layout":"default","site-content-style":"default","site-sidebar-style":"default","ast-global-header-display":"","ast-banner-title-visibility":"","ast-main-header-display":"","ast-hfb-above-header-display":"","ast-hfb-below-header-display":"","ast-hfb-mobile-header-display":"","site-post-title":"","ast-breadcrumbs-content":"","ast-featured-img":"","footer-sml-layout":"","ast-disable-related-posts":"","theme-transparent-header-meta":"default","adv-header-id-meta":"","stick-header-meta":"","header-above-stick-meta":"","header-main-stick-meta":"","header-below-stick-meta":"","astra-migrate-meta-layouts":"default","ast-page-background-enabled":"default","ast-page-background-meta":{"desktop":{"background-color":"var(--ast-global-color-4)","background-image":"","background-repeat":"repeat","background-position":"center center","background-size":"auto","background-attachment":"scroll","background-type":"","background-media":"","overlay-type":"","overlay-color":"","overlay-opacity":"","overlay-gradient":""},"tablet":{"background-color":"","background-image":"","background-repeat":"repeat","background-position":"center center","background-size":"auto","background-attachment":"scroll","background-type":"","background-media":"","overlay-type":"","overlay-color":"","overlay-opacity":"","overlay-gradient":""},"mobile":{"background-color":"","background-image":"","background-repeat":"repeat","background-position":"center center","background-size":"auto","background-attachment":"scroll","background-type":"","background-media":"","overlay-type":"","overlay-color":"","overlay-opacity":"","overlay-gradient":""}},"ast-content-background-meta":{"desktop":{"background-color":"var(--ast-global-color-5)","background-image":"","background-repeat":"repeat","background-position":"center center","background-size":"auto","background-attachment":"scroll","background-type":"","background-media":"","overlay-type":"","overlay-color":"","overlay-opacity":"","overlay-gradient":""},"tablet":{"background-color":"var(--ast-global-color-5)","background-image":"","background-repeat":"repeat","background-position":"center center","background-size":"auto","background-attachment":"scroll","background-type":"","background-media":"","overlay-type":"","overlay-color":"","overlay-opacity":"","overlay-gradient":""},"mobile":{"background-color":"var(--ast-global-color-5)","background-image":"","background-repeat":"repeat","background-position":"center center","background-size":"auto","background-attachment":"scroll","background-type":"","background-media":"","overlay-type":"","overlay-color":"","overlay-opacity":"","overlay-gradient":""}}},"product_brand":[],"product_cat":[363,425,479],"product_tag":[],"class_list":{"0":"post-35348","1":"product","2":"type-product","3":"status-publish","4":"has-post-thumbnail","6":"product_cat-kaland-jatekok","7":"product_cat-platform-jatekok","8":"product_cat-redlock-studio-hu","9":"desktop-align-left","10":"tablet-align-left","11":"mobile-align-left","13":"first","14":"instock","15":"virtual","16":"purchasable","17":"product-type-simple"},"acf":[],"yoast_head":"<!-- This site is optimized with the Yoast SEO Premium plugin v27.5 (Yoast SEO v27.5) - https:\/\/yoast.com\/product\/yoast-seo-premium-wordpress\/ -->\n<title>BLACKSHARD - Prismagamers.com<\/title>\n<meta name=\"description\" content=\"A BLACKSHARD egy felfedez\u0151 j\u00e1t\u00e9k els\u0151 szem\u00e9ly\u0171 perspekt\u00edv\u00e1b\u00f3l. Barangold be a k\u00fcl\u00f6n\u00f6s megastrukt\u00far\u00e1t, a Labirintust, hogy felfedezd a titkait..... A Labirintusban tan\u00fas\u00edtott viselked\u00e9sed hat\u00e1rozza meg utaz\u00e1sod kimenetel\u00e9t. Melyik utat v\u00e1lasztod majd?   \ud83c\udf0d Glob\u00e1lis \u2699\ufe0f Steam \ud83d\udddd Digit\u00e1lis kulcs\" \/>\n<meta name=\"robots\" content=\"index, follow, max-snippet:-1, max-image-preview:large, max-video-preview:-1\" \/>\n<link rel=\"canonical\" href=\"https:\/\/prismagamers.com\/hu\/produkt\/blackshard-2\/\" \/>\n<meta property=\"og:locale\" content=\"hu_HU\" \/>\n<meta property=\"og:type\" content=\"article\" \/>\n<meta property=\"og:title\" content=\"BLACKSHARD\" \/>\n<meta property=\"og:description\" content=\"A BLACKSHARD egy felfedez\u0151 j\u00e1t\u00e9k els\u0151 szem\u00e9ly\u0171 perspekt\u00edv\u00e1b\u00f3l. Barangold be a k\u00fcl\u00f6n\u00f6s megastrukt\u00far\u00e1t, a Labirintust, hogy felfedezd a titkait..... A Labirintusban tan\u00fas\u00edtott viselked\u00e9sed hat\u00e1rozza meg utaz\u00e1sod kimenetel\u00e9t. Melyik utat v\u00e1lasztod majd?   \ud83c\udf0d Glob\u00e1lis \u2699\ufe0f Steam \ud83d\udddd Digit\u00e1lis kulcs\" \/>\n<meta property=\"og:url\" content=\"https:\/\/prismagamers.com\/hu\/produkt\/blackshard-2\/\" \/>\n<meta property=\"og:site_name\" content=\"Prismagamers.com\" \/>\n<meta property=\"article:publisher\" content=\"https:\/\/www.facebook.com\/prismagamers\" \/>\n<meta property=\"article:modified_time\" content=\"2025-04-09T23:00:23+00:00\" \/>\n<meta property=\"og:image\" content=\"https:\/\/shared.fastly.steamstatic.com\/store_item_assets\/steam\/apps\/3223390\/extras\/4.png?t=1741096859\" \/>\n<meta name=\"twitter:card\" content=\"summary_large_image\" \/>\n<meta name=\"twitter:label1\" content=\"Becs\u00fclt olvas\u00e1si id\u0151\" \/>\n\t<meta name=\"twitter:data1\" content=\"1 perc\" \/>\n<script type=\"application\/ld+json\" class=\"yoast-schema-graph\">{\"@context\":\"https:\\\/\\\/schema.org\",\"@graph\":[{\"@type\":\"WebPage\",\"@id\":\"https:\\\/\\\/prismagamers.com\\\/hu\\\/produkt\\\/blackshard-2\\\/\",\"url\":\"https:\\\/\\\/prismagamers.com\\\/hu\\\/produkt\\\/blackshard-2\\\/\",\"name\":\"BLACKSHARD - Prismagamers.com\",\"isPartOf\":{\"@id\":\"https:\\\/\\\/prismagamers.com\\\/hu\\\/#website\"},\"primaryImageOfPage\":{\"@id\":\"https:\\\/\\\/prismagamers.com\\\/hu\\\/produkt\\\/blackshard-2\\\/#primaryimage\"},\"image\":{\"@id\":\"https:\\\/\\\/prismagamers.com\\\/hu\\\/produkt\\\/blackshard-2\\\/#primaryimage\"},\"thumbnailUrl\":\"https:\\\/\\\/prismagamers.com\\\/wp-content\\\/uploads\\\/2025\\\/04\\\/library_600x900_2x-24.jpg\",\"datePublished\":\"2025-04-01T15:27:07+00:00\",\"dateModified\":\"2025-04-09T23:00:23+00:00\",\"description\":\"A BLACKSHARD egy felfedez\u0151 j\u00e1t\u00e9k els\u0151 szem\u00e9ly\u0171 perspekt\u00edv\u00e1b\u00f3l. Barangold be a k\u00fcl\u00f6n\u00f6s megastrukt\u00far\u00e1t, a Labirintust, hogy felfedezd a titkait..... A Labirintusban tan\u00fas\u00edtott viselked\u00e9sed hat\u00e1rozza meg utaz\u00e1sod kimenetel\u00e9t. Melyik utat v\u00e1lasztod majd? \ud83c\udf0d Glob\u00e1lis \u2699\ufe0f Steam \ud83d\udddd Digit\u00e1lis kulcs\",\"breadcrumb\":{\"@id\":\"https:\\\/\\\/prismagamers.com\\\/hu\\\/produkt\\\/blackshard-2\\\/#breadcrumb\"},\"inLanguage\":\"hu\",\"potentialAction\":[{\"@type\":\"ReadAction\",\"target\":[\"https:\\\/\\\/prismagamers.com\\\/hu\\\/produkt\\\/blackshard-2\\\/\"]}]},{\"@type\":\"ImageObject\",\"inLanguage\":\"hu\",\"@id\":\"https:\\\/\\\/prismagamers.com\\\/hu\\\/produkt\\\/blackshard-2\\\/#primaryimage\",\"url\":\"https:\\\/\\\/prismagamers.com\\\/wp-content\\\/uploads\\\/2025\\\/04\\\/library_600x900_2x-24.jpg\",\"contentUrl\":\"https:\\\/\\\/prismagamers.com\\\/wp-content\\\/uploads\\\/2025\\\/04\\\/library_600x900_2x-24.jpg\",\"width\":600,\"height\":900},{\"@type\":\"BreadcrumbList\",\"@id\":\"https:\\\/\\\/prismagamers.com\\\/hu\\\/produkt\\\/blackshard-2\\\/#breadcrumb\",\"itemListElement\":[{\"@type\":\"ListItem\",\"position\":1,\"name\":\"Strona g\u0142\u00f3wna\",\"item\":\"https:\\\/\\\/prismagamers.com\\\/hu\\\/prismagamers\\\/\"},{\"@type\":\"ListItem\",\"position\":2,\"name\":\"Shop\",\"item\":\"https:\\\/\\\/prismagamers.com\\\/hu\\\/shop\\\/\"},{\"@type\":\"ListItem\",\"position\":3,\"name\":\"BLACKSHARD\"}]},{\"@type\":\"WebSite\",\"@id\":\"https:\\\/\\\/prismagamers.com\\\/hu\\\/#website\",\"url\":\"https:\\\/\\\/prismagamers.com\\\/hu\\\/\",\"name\":\"Prismagamers\",\"description\":\"Sklep z grami PC I Sklep klucze Steam\",\"publisher\":{\"@id\":\"https:\\\/\\\/prismagamers.com\\\/hu\\\/#organization\"},\"potentialAction\":[{\"@type\":\"SearchAction\",\"target\":{\"@type\":\"EntryPoint\",\"urlTemplate\":\"https:\\\/\\\/prismagamers.com\\\/hu\\\/?s={search_term_string}\"},\"query-input\":{\"@type\":\"PropertyValueSpecification\",\"valueRequired\":true,\"valueName\":\"search_term_string\"}}],\"inLanguage\":\"hu\"},{\"@type\":\"Organization\",\"@id\":\"https:\\\/\\\/prismagamers.com\\\/hu\\\/#organization\",\"name\":\"Prismagamers\",\"url\":\"https:\\\/\\\/prismagamers.com\\\/hu\\\/\",\"logo\":{\"@type\":\"ImageObject\",\"inLanguage\":\"hu\",\"@id\":\"https:\\\/\\\/prismagamers.com\\\/hu\\\/#\\\/schema\\\/logo\\\/image\\\/\",\"url\":\"https:\\\/\\\/prismagamers.com\\\/wp-content\\\/uploads\\\/2022\\\/04\\\/cropped-logo-Prismagamers-01-scaled-1.jpg\",\"contentUrl\":\"https:\\\/\\\/prismagamers.com\\\/wp-content\\\/uploads\\\/2022\\\/04\\\/cropped-logo-Prismagamers-01-scaled-1.jpg\",\"width\":512,\"height\":512,\"caption\":\"Prismagamers\"},\"image\":{\"@id\":\"https:\\\/\\\/prismagamers.com\\\/hu\\\/#\\\/schema\\\/logo\\\/image\\\/\"},\"sameAs\":[\"https:\\\/\\\/www.facebook.com\\\/prismagamers\",\"https:\\\/\\\/www.instagram.com\\\/prismagamers_grycyfrowe\\\/\"],\"description\":\"Prismagamers.com to dynamiczny sklep z grami cyfrowymi, stworzony z my\u015bl\u0105 o entuzjastach gier wideo. Nasza strona oferuje szerok\u0105 gam\u0119 gier komputerowych, w tym najnowsze tytu\u0142y, dobrze znane klasyki oraz gry stworzone przez niezale\u017cne studia Ca\u0142y czas d\u0105\u017cymy do rozszerzenia naszej oferty. Do\u0142\u0105cz do nas i sta\u0144 si\u0119 cz\u0119\u015bci\u0105 naszej rosn\u0105cej spo\u0142eczno\u015bci graczy!\",\"email\":\"shop@prismagamers.com\",\"telephone\":\"48795541705\",\"legalName\":\"East Caravan Maksym \u017bukow\",\"foundingDate\":\"2012-05-10\",\"vatID\":\"PL8943038612\",\"taxID\":\"PL8943038612\",\"numberOfEmployees\":{\"@type\":\"QuantitativeValue\",\"minValue\":\"11\",\"maxValue\":\"50\"}}]}<\/script>\n<!-- \/ Yoast SEO Premium plugin. -->","yoast_head_json":{"title":"BLACKSHARD - Prismagamers.com","description":"A BLACKSHARD egy felfedez\u0151 j\u00e1t\u00e9k els\u0151 szem\u00e9ly\u0171 perspekt\u00edv\u00e1b\u00f3l. Barangold be a k\u00fcl\u00f6n\u00f6s megastrukt\u00far\u00e1t, a Labirintust, hogy felfedezd a titkait..... A Labirintusban tan\u00fas\u00edtott viselked\u00e9sed hat\u00e1rozza meg utaz\u00e1sod kimenetel\u00e9t. Melyik utat v\u00e1lasztod majd?   \ud83c\udf0d Glob\u00e1lis \u2699\ufe0f Steam \ud83d\udddd Digit\u00e1lis kulcs","robots":{"index":"index","follow":"follow","max-snippet":"max-snippet:-1","max-image-preview":"max-image-preview:large","max-video-preview":"max-video-preview:-1"},"canonical":"https:\/\/prismagamers.com\/hu\/produkt\/blackshard-2\/","og_locale":"hu_HU","og_type":"article","og_title":"BLACKSHARD","og_description":"A BLACKSHARD egy felfedez\u0151 j\u00e1t\u00e9k els\u0151 szem\u00e9ly\u0171 perspekt\u00edv\u00e1b\u00f3l. Barangold be a k\u00fcl\u00f6n\u00f6s megastrukt\u00far\u00e1t, a Labirintust, hogy felfedezd a titkait..... A Labirintusban tan\u00fas\u00edtott viselked\u00e9sed hat\u00e1rozza meg utaz\u00e1sod kimenetel\u00e9t. Melyik utat v\u00e1lasztod majd?   \ud83c\udf0d Glob\u00e1lis \u2699\ufe0f Steam \ud83d\udddd Digit\u00e1lis kulcs","og_url":"https:\/\/prismagamers.com\/hu\/produkt\/blackshard-2\/","og_site_name":"Prismagamers.com","article_publisher":"https:\/\/www.facebook.com\/prismagamers","article_modified_time":"2025-04-09T23:00:23+00:00","og_image":[{"url":"https:\/\/shared.fastly.steamstatic.com\/store_item_assets\/steam\/apps\/3223390\/extras\/4.png?t=1741096859","type":"","width":"","height":""}],"twitter_card":"summary_large_image","twitter_misc":{"Becs\u00fclt olvas\u00e1si id\u0151":"1 perc"},"schema":{"@context":"https:\/\/schema.org","@graph":[{"@type":"WebPage","@id":"https:\/\/prismagamers.com\/hu\/produkt\/blackshard-2\/","url":"https:\/\/prismagamers.com\/hu\/produkt\/blackshard-2\/","name":"BLACKSHARD - Prismagamers.com","isPartOf":{"@id":"https:\/\/prismagamers.com\/hu\/#website"},"primaryImageOfPage":{"@id":"https:\/\/prismagamers.com\/hu\/produkt\/blackshard-2\/#primaryimage"},"image":{"@id":"https:\/\/prismagamers.com\/hu\/produkt\/blackshard-2\/#primaryimage"},"thumbnailUrl":"https:\/\/prismagamers.com\/wp-content\/uploads\/2025\/04\/library_600x900_2x-24.jpg","datePublished":"2025-04-01T15:27:07+00:00","dateModified":"2025-04-09T23:00:23+00:00","description":"A BLACKSHARD egy felfedez\u0151 j\u00e1t\u00e9k els\u0151 szem\u00e9ly\u0171 perspekt\u00edv\u00e1b\u00f3l. Barangold be a k\u00fcl\u00f6n\u00f6s megastrukt\u00far\u00e1t, a Labirintust, hogy felfedezd a titkait..... A Labirintusban tan\u00fas\u00edtott viselked\u00e9sed hat\u00e1rozza meg utaz\u00e1sod kimenetel\u00e9t. Melyik utat v\u00e1lasztod majd? \ud83c\udf0d Glob\u00e1lis \u2699\ufe0f Steam \ud83d\udddd Digit\u00e1lis kulcs","breadcrumb":{"@id":"https:\/\/prismagamers.com\/hu\/produkt\/blackshard-2\/#breadcrumb"},"inLanguage":"hu","potentialAction":[{"@type":"ReadAction","target":["https:\/\/prismagamers.com\/hu\/produkt\/blackshard-2\/"]}]},{"@type":"ImageObject","inLanguage":"hu","@id":"https:\/\/prismagamers.com\/hu\/produkt\/blackshard-2\/#primaryimage","url":"https:\/\/prismagamers.com\/wp-content\/uploads\/2025\/04\/library_600x900_2x-24.jpg","contentUrl":"https:\/\/prismagamers.com\/wp-content\/uploads\/2025\/04\/library_600x900_2x-24.jpg","width":600,"height":900},{"@type":"BreadcrumbList","@id":"https:\/\/prismagamers.com\/hu\/produkt\/blackshard-2\/#breadcrumb","itemListElement":[{"@type":"ListItem","position":1,"name":"Strona g\u0142\u00f3wna","item":"https:\/\/prismagamers.com\/hu\/prismagamers\/"},{"@type":"ListItem","position":2,"name":"Shop","item":"https:\/\/prismagamers.com\/hu\/shop\/"},{"@type":"ListItem","position":3,"name":"BLACKSHARD"}]},{"@type":"WebSite","@id":"https:\/\/prismagamers.com\/hu\/#website","url":"https:\/\/prismagamers.com\/hu\/","name":"Prismagamers","description":"Sklep z grami PC I Sklep klucze Steam","publisher":{"@id":"https:\/\/prismagamers.com\/hu\/#organization"},"potentialAction":[{"@type":"SearchAction","target":{"@type":"EntryPoint","urlTemplate":"https:\/\/prismagamers.com\/hu\/?s={search_term_string}"},"query-input":{"@type":"PropertyValueSpecification","valueRequired":true,"valueName":"search_term_string"}}],"inLanguage":"hu"},{"@type":"Organization","@id":"https:\/\/prismagamers.com\/hu\/#organization","name":"Prismagamers","url":"https:\/\/prismagamers.com\/hu\/","logo":{"@type":"ImageObject","inLanguage":"hu","@id":"https:\/\/prismagamers.com\/hu\/#\/schema\/logo\/image\/","url":"https:\/\/prismagamers.com\/wp-content\/uploads\/2022\/04\/cropped-logo-Prismagamers-01-scaled-1.jpg","contentUrl":"https:\/\/prismagamers.com\/wp-content\/uploads\/2022\/04\/cropped-logo-Prismagamers-01-scaled-1.jpg","width":512,"height":512,"caption":"Prismagamers"},"image":{"@id":"https:\/\/prismagamers.com\/hu\/#\/schema\/logo\/image\/"},"sameAs":["https:\/\/www.facebook.com\/prismagamers","https:\/\/www.instagram.com\/prismagamers_grycyfrowe\/"],"description":"Prismagamers.com to dynamiczny sklep z grami cyfrowymi, stworzony z my\u015bl\u0105 o entuzjastach gier wideo. Nasza strona oferuje szerok\u0105 gam\u0119 gier komputerowych, w tym najnowsze tytu\u0142y, dobrze znane klasyki oraz gry stworzone przez niezale\u017cne studia Ca\u0142y czas d\u0105\u017cymy do rozszerzenia naszej oferty. Do\u0142\u0105cz do nas i sta\u0144 si\u0119 cz\u0119\u015bci\u0105 naszej rosn\u0105cej spo\u0142eczno\u015bci graczy!","email":"shop@prismagamers.com","telephone":"48795541705","legalName":"East Caravan Maksym \u017bukow","foundingDate":"2012-05-10","vatID":"PL8943038612","taxID":"PL8943038612","numberOfEmployees":{"@type":"QuantitativeValue","minValue":"11","maxValue":"50"}}]}},"_links":{"self":[{"href":"https:\/\/prismagamers.com\/hu\/wp-json\/wp\/v2\/product\/35348","targetHints":{"allow":["GET"]}}],"collection":[{"href":"https:\/\/prismagamers.com\/hu\/wp-json\/wp\/v2\/product"}],"about":[{"href":"https:\/\/prismagamers.com\/hu\/wp-json\/wp\/v2\/types\/product"}],"wp:featuredmedia":[{"embeddable":true,"href":"https:\/\/prismagamers.com\/hu\/wp-json\/wp\/v2\/media\/35864"}],"wp:attachment":[{"href":"https:\/\/prismagamers.com\/hu\/wp-json\/wp\/v2\/media?parent=35348"}],"wp:term":[{"taxonomy":"product_brand","embeddable":true,"href":"https:\/\/prismagamers.com\/hu\/wp-json\/wp\/v2\/product_brand?post=35348"},{"taxonomy":"product_cat","embeddable":true,"href":"https:\/\/prismagamers.com\/hu\/wp-json\/wp\/v2\/product_cat?post=35348"},{"taxonomy":"product_tag","embeddable":true,"href":"https:\/\/prismagamers.com\/hu\/wp-json\/wp\/v2\/product_tag?post=35348"}],"curies":[{"name":"wp","href":"https:\/\/api.w.org\/{rel}","templated":true}]}}