{"id":35372,"date":"2025-03-17T19:29:52","date_gmt":"2025-03-17T18:29:52","guid":{"rendered":"https:\/\/prismagamers.com\/produkt\/kao-a-kenguru-a-vulkan-rejtelye-2005-os-ujrakiadas\/"},"modified":"2026-03-05T00:00:34","modified_gmt":"2026-03-04T23:00:34","slug":"kao-a-kenguru-a-vulkan-rejtelye-2005-os-ujrakiadas","status":"publish","type":"product","link":"https:\/\/prismagamers.com\/hu\/produkt\/kao-a-kenguru-a-vulkan-rejtelye-2005-os-ujrakiadas\/","title":{"rendered":"Kao the Kangaroo: Mystery of the Volcano (2005 re-release)"},"content":{"rendered":"<p data-start=\"0\" data-end=\"255\"><strong data-start=\"0\" data-end=\"39\">A Kao the Kangaroo: Mystery of the Volcano<\/strong> egy epikus 3D-s platformj\u00e1t\u00e9k-sorozat harmadik r\u00e9sze, amelyben a j\u00e1t\u00e9kos a b\u00e1tor Kao-t ir\u00e1ny\u00edtja, aki \u00fatnak indul, hogy megmentse haz\u00e1j\u00e1t egy kit\u00f6r\u0151 vulk\u00e1nt\u00f3l. Seg\u00edts neki a sikerben!<\/p>\n<p data-start=\"257\" data-end=\"315\">A vulk\u00e1n rejt\u00e9lye KAO, a kenguru kalandjainak harmadik r\u00e9sze.<\/p>\n<p data-start=\"317\" data-end=\"463\">Csatlakozz ehhez az energikus zs\u00e1koshoz, aki kih\u00edv\u00e1sokkal teli k\u00fcldet\u00e9seken ugr\u00e1l kereszt\u00fcl, mik\u00f6zben a j\u00e1t\u00e9k egyedi vil\u00e1g\u00e1nak lak\u00f3ival l\u00e9p kapcsolatba.<\/p>\n<p data-start=\"465\" data-end=\"1071\">A j\u00e1t\u00e9k egy hatalmas \u00e9s g\u00f6rd\u00fcl\u00e9keny j\u00e1t\u00e9kvil\u00e1got k\u00edn\u00e1l, amely nagy mozg\u00e1sszabads\u00e1got biztos\u00edt a j\u00e1t\u00e9kosoknak, \u00e9s lehet\u0151s\u00e9get ad arra, hogy visszat\u00e9rjenek a kor\u00e1bban megl\u00e1togatott helysz\u00ednekre, \u00e9s befejezetlen feladatokat teljes\u00edtsenek. A v\u00e1ltozatos j\u00e1t\u00e9kmenet biztos\u00edtja, hogy a KAO vil\u00e1g\u00e1ban soha nem lesznek unalmas pillanatok. Ak\u00e1r dzsungelgy\u00f6kereken ereszkedsz le, ak\u00e1r ejt\u0151erny\u0151vel ugrassz az ismeretlenbe, ak\u00e1r rep\u00fcl\u0151g\u00e9pet vezetsz \u00e9s l\u00e9gi csat\u00e1kat v\u00edvsz, vagy egy KAO egyik bar\u00e1tja \u00e1ltal \u00e9p\u00edtett virtu\u00e1lis val\u00f3s\u00e1g szimul\u00e1toron sz\u00e1guldozol, a <strong data-start=\"972\" data-end=\"1011\">Kao the Kangaroo: Secret of the Volcano<\/strong> teljesen \u00faj \u00e9s extr\u00e9m magass\u00e1gokba emeli a kalandj\u00e1t\u00e9kokat.<\/p>\n<p data-start=\"1073\" data-end=\"1090\"><strong data-start=\"1073\" data-end=\"1090\">F\u0151bb jellemz\u0151k:<\/strong><\/p>\n<ul data-start=\"1091\" data-end=\"1685\">\n<li data-start=\"1091\" data-end=\"1155\">Harmadik r\u00e9sze a 3D platform j\u00e1t\u00e9k sorozat <strong data-start=\"1135\" data-end=\"1155\">Kao a Kenguru<\/strong><\/li>\n<li data-start=\"1156\" data-end=\"1247\">Ugorj \u00e1t kih\u00edv\u00e1st jelent\u0151 k\u00fcldet\u00e9seken a j\u00e1t\u00e9kvil\u00e1g egyedi lak\u00f3ival val\u00f3 interakci\u00f3 r\u00e9v\u00e9n<\/li>\n<li data-start=\"1248\" data-end=\"1352\">Fedezd fel a k\u00fcl\u00f6nb\u00f6z\u0151 leny\u0171g\u00f6z\u0151 k\u00f6rnyezeteket, bele\u00e9rtve a buja erd\u0151ket, az alattomos hegyeket \u00e9s az \u0151si romokat.<\/li>\n<li data-start=\"1353\" data-end=\"1496\">Hatalmas, g\u00f6rd\u00fcl\u00e9keny j\u00e1t\u00e9kvil\u00e1g, nagy mozg\u00e1sszabads\u00e1ggal \u00e9s azzal a lehet\u0151s\u00e9ggel, hogy visszat\u00e9rhetsz a m\u00e1r megl\u00e1togatott helyekre, \u00e9s befejezetlen feladatokat teljes\u00edthetsz.<\/li>\n<li data-start=\"1497\" data-end=\"1685\">V\u00e1ltozatos j\u00e1t\u00e9kmenet t\u00f6bbf\u00e9le platformmechanik\u00e1val, mint p\u00e9ld\u00e1ul a dzsungel gy\u00f6kerein val\u00f3 lecs\u00fasz\u00e1s, ejt\u0151erny\u0151z\u00e9s, rep\u00fcl\u0151g\u00e9p vezet\u00e9se \u00e9s virtu\u00e1lis val\u00f3s\u00e1g versenyz\u00e9s.<\/li>\n<\/ul>\n<p data-start=\"1687\" data-end=\"1779\" data-is-last-node=\"\" data-is-only-node=\"\">Gazdag\u00edtsd a kalandot \u00e9s seg\u00edts Ka\u00f3nak megmenteni a vil\u00e1got ebben az izgalmas platformj\u00e1t\u00e9kban!<\/p>\n","protected":false},"excerpt":{"rendered":"<p class=\"ai-optimize-26\"><strong data-start=\"0\" data-end=\"39\" data-is-only-node=\"\">A Kao the Kangaroo: Mystery of the Volcano<\/strong> a harmadik r\u00e9sze a <strong data-start=\"94\" data-end=\"114\">Kao the Kangaroo<\/strong> c\u00edm\u0171 epikus 3D-s platformj\u00e1t\u00e9k-sorozatnak, amelyben a j\u00e1t\u00e9kos a b\u00e1tor <strong data-start=\"94\" data-end=\"114\">Kao-t<\/strong> ir\u00e1ny\u00edtja, aki \u00fatnak indul, hogy megmentse haz\u00e1j\u00e1t egy kit\u00f6r\u0151 vulk\u00e1nt\u00f3l. Seg\u00edts neki a sikerben!<\/p>\n<p class=\"ai-optimize-27\">\ud83c\udf0d Glob\u00e1lis<br \/>\n\u2699\ufe0f Steam<br \/>\n\ud83d\udddd Digit\u00e1lis kulcs<\/p>\n","protected":false},"featured_media":35011,"template":"","meta":{"_acf_changed":false,"site-sidebar-layout":"default","site-content-layout":"","ast-site-content-layout":"default","site-content-style":"default","site-sidebar-style":"default","ast-global-header-display":"","ast-banner-title-visibility":"","ast-main-header-display":"","ast-hfb-above-header-display":"","ast-hfb-below-header-display":"","ast-hfb-mobile-header-display":"","site-post-title":"","ast-breadcrumbs-content":"","ast-featured-img":"","footer-sml-layout":"","ast-disable-related-posts":"","theme-transparent-header-meta":"default","adv-header-id-meta":"","stick-header-meta":"","header-above-stick-meta":"","header-main-stick-meta":"","header-below-stick-meta":"","astra-migrate-meta-layouts":"set","ast-page-background-enabled":"default","ast-page-background-meta":{"desktop":{"background-color":"var(--ast-global-color-4)","background-image":"","background-repeat":"repeat","background-position":"center center","background-size":"auto","background-attachment":"scroll","background-type":"","background-media":"","overlay-type":"","overlay-color":"","overlay-opacity":"","overlay-gradient":""},"tablet":{"background-color":"","background-image":"","background-repeat":"repeat","background-position":"center center","background-size":"auto","background-attachment":"scroll","background-type":"","background-media":"","overlay-type":"","overlay-color":"","overlay-opacity":"","overlay-gradient":""},"mobile":{"background-color":"","background-image":"","background-repeat":"repeat","background-position":"center center","background-size":"auto","background-attachment":"scroll","background-type":"","background-media":"","overlay-type":"","overlay-color":"","overlay-opacity":"","overlay-gradient":""}},"ast-content-background-meta":{"desktop":{"background-color":"var(--ast-global-color-5)","background-image":"","background-repeat":"repeat","background-position":"center center","background-size":"auto","background-attachment":"scroll","background-type":"","background-media":"","overlay-type":"","overlay-color":"","overlay-opacity":"","overlay-gradient":""},"tablet":{"background-color":"var(--ast-global-color-5)","background-image":"","background-repeat":"repeat","background-position":"center center","background-size":"auto","background-attachment":"scroll","background-type":"","background-media":"","overlay-type":"","overlay-color":"","overlay-opacity":"","overlay-gradient":""},"mobile":{"background-color":"var(--ast-global-color-5)","background-image":"","background-repeat":"repeat","background-position":"center center","background-size":"auto","background-attachment":"scroll","background-type":"","background-media":"","overlay-type":"","overlay-color":"","overlay-opacity":"","overlay-gradient":""}}},"product_brand":[],"product_cat":[371,369,365,363,588],"product_tag":[],"class_list":{"0":"post-35372","1":"product","2":"type-product","3":"status-publish","4":"has-post-thumbnail","6":"product_cat-akcio-jatekok","7":"product_cat-csarnokok","8":"product_cat-goz","9":"product_cat-kaland-jatekok","10":"product_cat-tate-multimedia-hu","11":"desktop-align-left","12":"tablet-align-left","13":"mobile-align-left","15":"first","16":"instock","17":"virtual","18":"purchasable","19":"product-type-simple"},"acf":[],"yoast_head":"<!-- This site is optimized with the Yoast SEO Premium plugin v27.5 (Yoast SEO v27.5) - https:\/\/yoast.com\/product\/yoast-seo-premium-wordpress\/ -->\n<title>Kao the Kangaroo: Mystery of the Volcano (2005 re-release) - Prismagamers.com<\/title>\n<meta name=\"description\" content=\"A Kao the Kangaroo: Mystery of the Volcano a harmadik r\u00e9sze a Kao the Kangaroo c\u00edm\u0171 epikus 3D-s platformj\u00e1t\u00e9k-sorozatnak, amelyben a j\u00e1t\u00e9kos a b\u00e1tor Kao-t ir\u00e1ny\u00edtja, aki \u00fatnak indul, hogy megmentse haz\u00e1j\u00e1t egy kit\u00f6r\u0151 vulk\u00e1nt\u00f3l. Seg\u00edts neki a sikerben! \ud83c\udf0d Glob\u00e1lis \u2699\ufe0f Steam \ud83d\udddd Digit\u00e1lis kulcs\" \/>\n<meta name=\"robots\" content=\"index, follow, max-snippet:-1, max-image-preview:large, max-video-preview:-1\" \/>\n<link rel=\"canonical\" href=\"https:\/\/prismagamers.com\/hu\/produkt\/kao-a-kenguru-a-vulkan-rejtelye-2005-os-ujrakiadas\/\" \/>\n<meta property=\"og:locale\" content=\"hu_HU\" \/>\n<meta property=\"og:type\" content=\"article\" \/>\n<meta property=\"og:title\" content=\"Kao the Kangaroo: Mystery of the Volcano (2005 re-release)\" \/>\n<meta property=\"og:description\" content=\"A Kao the Kangaroo: Mystery of the Volcano a harmadik r\u00e9sze a Kao the Kangaroo c\u00edm\u0171 epikus 3D-s platformj\u00e1t\u00e9k-sorozatnak, amelyben a j\u00e1t\u00e9kos a b\u00e1tor Kao-t ir\u00e1ny\u00edtja, aki \u00fatnak indul, hogy megmentse haz\u00e1j\u00e1t egy kit\u00f6r\u0151 vulk\u00e1nt\u00f3l. Seg\u00edts neki a sikerben! \ud83c\udf0d Glob\u00e1lis \u2699\ufe0f Steam \ud83d\udddd Digit\u00e1lis kulcs\" \/>\n<meta property=\"og:url\" content=\"https:\/\/prismagamers.com\/hu\/produkt\/kao-a-kenguru-a-vulkan-rejtelye-2005-os-ujrakiadas\/\" \/>\n<meta property=\"og:site_name\" content=\"Prismagamers.com\" \/>\n<meta property=\"article:publisher\" content=\"https:\/\/www.facebook.com\/prismagamers\" \/>\n<meta property=\"article:modified_time\" content=\"2026-03-04T23:00:34+00:00\" \/>\n<meta property=\"og:image\" content=\"https:\/\/prismagamers.com\/wp-content\/uploads\/2025\/03\/library_600x900_2x-10-e1742236181378.jpg\" \/>\n\t<meta property=\"og:image:width\" content=\"600\" \/>\n\t<meta property=\"og:image:height\" content=\"900\" \/>\n\t<meta property=\"og:image:type\" content=\"image\/jpeg\" \/>\n<meta name=\"twitter:card\" content=\"summary_large_image\" \/>\n<meta name=\"twitter:label1\" content=\"Becs\u00fclt olvas\u00e1si id\u0151\" \/>\n\t<meta name=\"twitter:data1\" content=\"2 perc\" \/>\n<script type=\"application\/ld+json\" class=\"yoast-schema-graph\">{\"@context\":\"https:\\\/\\\/schema.org\",\"@graph\":[{\"@type\":\"WebPage\",\"@id\":\"https:\\\/\\\/prismagamers.com\\\/hu\\\/produkt\\\/kao-a-kenguru-a-vulkan-rejtelye-2005-os-ujrakiadas\\\/\",\"url\":\"https:\\\/\\\/prismagamers.com\\\/hu\\\/produkt\\\/kao-a-kenguru-a-vulkan-rejtelye-2005-os-ujrakiadas\\\/\",\"name\":\"Kao the Kangaroo: Mystery of the Volcano (2005 re-release) - Prismagamers.com\",\"isPartOf\":{\"@id\":\"https:\\\/\\\/prismagamers.com\\\/hu\\\/#website\"},\"primaryImageOfPage\":{\"@id\":\"https:\\\/\\\/prismagamers.com\\\/hu\\\/produkt\\\/kao-a-kenguru-a-vulkan-rejtelye-2005-os-ujrakiadas\\\/#primaryimage\"},\"image\":{\"@id\":\"https:\\\/\\\/prismagamers.com\\\/hu\\\/produkt\\\/kao-a-kenguru-a-vulkan-rejtelye-2005-os-ujrakiadas\\\/#primaryimage\"},\"thumbnailUrl\":\"https:\\\/\\\/prismagamers.com\\\/wp-content\\\/uploads\\\/2025\\\/03\\\/library_600x900_2x-10-e1742236181378.jpg\",\"datePublished\":\"2025-03-17T18:29:52+00:00\",\"dateModified\":\"2026-03-04T23:00:34+00:00\",\"description\":\"A Kao the Kangaroo: Mystery of the Volcano a harmadik r\u00e9sze a Kao the Kangaroo c\u00edm\u0171 epikus 3D-s platformj\u00e1t\u00e9k-sorozatnak, amelyben a j\u00e1t\u00e9kos a b\u00e1tor Kao-t ir\u00e1ny\u00edtja, aki \u00fatnak indul, hogy megmentse haz\u00e1j\u00e1t egy kit\u00f6r\u0151 vulk\u00e1nt\u00f3l. Seg\u00edts neki a sikerben! \ud83c\udf0d Glob\u00e1lis \u2699\ufe0f Steam \ud83d\udddd Digit\u00e1lis kulcs\",\"breadcrumb\":{\"@id\":\"https:\\\/\\\/prismagamers.com\\\/hu\\\/produkt\\\/kao-a-kenguru-a-vulkan-rejtelye-2005-os-ujrakiadas\\\/#breadcrumb\"},\"inLanguage\":\"hu\",\"potentialAction\":[{\"@type\":\"ReadAction\",\"target\":[\"https:\\\/\\\/prismagamers.com\\\/hu\\\/produkt\\\/kao-a-kenguru-a-vulkan-rejtelye-2005-os-ujrakiadas\\\/\"]}]},{\"@type\":\"ImageObject\",\"inLanguage\":\"hu\",\"@id\":\"https:\\\/\\\/prismagamers.com\\\/hu\\\/produkt\\\/kao-a-kenguru-a-vulkan-rejtelye-2005-os-ujrakiadas\\\/#primaryimage\",\"url\":\"https:\\\/\\\/prismagamers.com\\\/wp-content\\\/uploads\\\/2025\\\/03\\\/library_600x900_2x-10-e1742236181378.jpg\",\"contentUrl\":\"https:\\\/\\\/prismagamers.com\\\/wp-content\\\/uploads\\\/2025\\\/03\\\/library_600x900_2x-10-e1742236181378.jpg\",\"width\":600,\"height\":900,\"caption\":\"Kao a kenguru: A vulk\u00e1n rejt\u00e9lye boxshot\"},{\"@type\":\"BreadcrumbList\",\"@id\":\"https:\\\/\\\/prismagamers.com\\\/hu\\\/produkt\\\/kao-a-kenguru-a-vulkan-rejtelye-2005-os-ujrakiadas\\\/#breadcrumb\",\"itemListElement\":[{\"@type\":\"ListItem\",\"position\":1,\"name\":\"Strona g\u0142\u00f3wna\",\"item\":\"https:\\\/\\\/prismagamers.com\\\/hu\\\/prismagamers\\\/\"},{\"@type\":\"ListItem\",\"position\":2,\"name\":\"Shop\",\"item\":\"https:\\\/\\\/prismagamers.com\\\/hu\\\/shop\\\/\"},{\"@type\":\"ListItem\",\"position\":3,\"name\":\"Kao the Kangaroo: Mystery of the Volcano (2005 re-release)\"}]},{\"@type\":\"WebSite\",\"@id\":\"https:\\\/\\\/prismagamers.com\\\/hu\\\/#website\",\"url\":\"https:\\\/\\\/prismagamers.com\\\/hu\\\/\",\"name\":\"Prismagamers\",\"description\":\"Sklep z grami PC I Sklep klucze Steam\",\"publisher\":{\"@id\":\"https:\\\/\\\/prismagamers.com\\\/hu\\\/#organization\"},\"potentialAction\":[{\"@type\":\"SearchAction\",\"target\":{\"@type\":\"EntryPoint\",\"urlTemplate\":\"https:\\\/\\\/prismagamers.com\\\/hu\\\/?s={search_term_string}\"},\"query-input\":{\"@type\":\"PropertyValueSpecification\",\"valueRequired\":true,\"valueName\":\"search_term_string\"}}],\"inLanguage\":\"hu\"},{\"@type\":\"Organization\",\"@id\":\"https:\\\/\\\/prismagamers.com\\\/hu\\\/#organization\",\"name\":\"Prismagamers\",\"url\":\"https:\\\/\\\/prismagamers.com\\\/hu\\\/\",\"logo\":{\"@type\":\"ImageObject\",\"inLanguage\":\"hu\",\"@id\":\"https:\\\/\\\/prismagamers.com\\\/hu\\\/#\\\/schema\\\/logo\\\/image\\\/\",\"url\":\"https:\\\/\\\/prismagamers.com\\\/wp-content\\\/uploads\\\/2022\\\/04\\\/cropped-logo-Prismagamers-01-scaled-1.jpg\",\"contentUrl\":\"https:\\\/\\\/prismagamers.com\\\/wp-content\\\/uploads\\\/2022\\\/04\\\/cropped-logo-Prismagamers-01-scaled-1.jpg\",\"width\":512,\"height\":512,\"caption\":\"Prismagamers\"},\"image\":{\"@id\":\"https:\\\/\\\/prismagamers.com\\\/hu\\\/#\\\/schema\\\/logo\\\/image\\\/\"},\"sameAs\":[\"https:\\\/\\\/www.facebook.com\\\/prismagamers\",\"https:\\\/\\\/www.instagram.com\\\/prismagamers_grycyfrowe\\\/\"],\"description\":\"Prismagamers.com to dynamiczny sklep z grami cyfrowymi, stworzony z my\u015bl\u0105 o entuzjastach gier wideo. Nasza strona oferuje szerok\u0105 gam\u0119 gier komputerowych, w tym najnowsze tytu\u0142y, dobrze znane klasyki oraz gry stworzone przez niezale\u017cne studia Ca\u0142y czas d\u0105\u017cymy do rozszerzenia naszej oferty. Do\u0142\u0105cz do nas i sta\u0144 si\u0119 cz\u0119\u015bci\u0105 naszej rosn\u0105cej spo\u0142eczno\u015bci graczy!\",\"email\":\"shop@prismagamers.com\",\"telephone\":\"48795541705\",\"legalName\":\"East Caravan Maksym \u017bukow\",\"foundingDate\":\"2012-05-10\",\"vatID\":\"PL8943038612\",\"taxID\":\"PL8943038612\",\"numberOfEmployees\":{\"@type\":\"QuantitativeValue\",\"minValue\":\"11\",\"maxValue\":\"50\"}}]}<\/script>\n<!-- \/ Yoast SEO Premium plugin. -->","yoast_head_json":{"title":"Kao the Kangaroo: Mystery of the Volcano (2005 re-release) - Prismagamers.com","description":"A Kao the Kangaroo: Mystery of the Volcano a harmadik r\u00e9sze a Kao the Kangaroo c\u00edm\u0171 epikus 3D-s platformj\u00e1t\u00e9k-sorozatnak, amelyben a j\u00e1t\u00e9kos a b\u00e1tor Kao-t ir\u00e1ny\u00edtja, aki \u00fatnak indul, hogy megmentse haz\u00e1j\u00e1t egy kit\u00f6r\u0151 vulk\u00e1nt\u00f3l. Seg\u00edts neki a sikerben! \ud83c\udf0d Glob\u00e1lis \u2699\ufe0f Steam \ud83d\udddd Digit\u00e1lis kulcs","robots":{"index":"index","follow":"follow","max-snippet":"max-snippet:-1","max-image-preview":"max-image-preview:large","max-video-preview":"max-video-preview:-1"},"canonical":"https:\/\/prismagamers.com\/hu\/produkt\/kao-a-kenguru-a-vulkan-rejtelye-2005-os-ujrakiadas\/","og_locale":"hu_HU","og_type":"article","og_title":"Kao the Kangaroo: Mystery of the Volcano (2005 re-release)","og_description":"A Kao the Kangaroo: Mystery of the Volcano a harmadik r\u00e9sze a Kao the Kangaroo c\u00edm\u0171 epikus 3D-s platformj\u00e1t\u00e9k-sorozatnak, amelyben a j\u00e1t\u00e9kos a b\u00e1tor Kao-t ir\u00e1ny\u00edtja, aki \u00fatnak indul, hogy megmentse haz\u00e1j\u00e1t egy kit\u00f6r\u0151 vulk\u00e1nt\u00f3l. Seg\u00edts neki a sikerben! \ud83c\udf0d Glob\u00e1lis \u2699\ufe0f Steam \ud83d\udddd Digit\u00e1lis kulcs","og_url":"https:\/\/prismagamers.com\/hu\/produkt\/kao-a-kenguru-a-vulkan-rejtelye-2005-os-ujrakiadas\/","og_site_name":"Prismagamers.com","article_publisher":"https:\/\/www.facebook.com\/prismagamers","article_modified_time":"2026-03-04T23:00:34+00:00","og_image":[{"width":600,"height":900,"url":"https:\/\/prismagamers.com\/wp-content\/uploads\/2025\/03\/library_600x900_2x-10-e1742236181378.jpg","type":"image\/jpeg"}],"twitter_card":"summary_large_image","twitter_misc":{"Becs\u00fclt olvas\u00e1si id\u0151":"2 perc"},"schema":{"@context":"https:\/\/schema.org","@graph":[{"@type":"WebPage","@id":"https:\/\/prismagamers.com\/hu\/produkt\/kao-a-kenguru-a-vulkan-rejtelye-2005-os-ujrakiadas\/","url":"https:\/\/prismagamers.com\/hu\/produkt\/kao-a-kenguru-a-vulkan-rejtelye-2005-os-ujrakiadas\/","name":"Kao the Kangaroo: Mystery of the Volcano (2005 re-release) - Prismagamers.com","isPartOf":{"@id":"https:\/\/prismagamers.com\/hu\/#website"},"primaryImageOfPage":{"@id":"https:\/\/prismagamers.com\/hu\/produkt\/kao-a-kenguru-a-vulkan-rejtelye-2005-os-ujrakiadas\/#primaryimage"},"image":{"@id":"https:\/\/prismagamers.com\/hu\/produkt\/kao-a-kenguru-a-vulkan-rejtelye-2005-os-ujrakiadas\/#primaryimage"},"thumbnailUrl":"https:\/\/prismagamers.com\/wp-content\/uploads\/2025\/03\/library_600x900_2x-10-e1742236181378.jpg","datePublished":"2025-03-17T18:29:52+00:00","dateModified":"2026-03-04T23:00:34+00:00","description":"A Kao the Kangaroo: Mystery of the Volcano a harmadik r\u00e9sze a Kao the Kangaroo c\u00edm\u0171 epikus 3D-s platformj\u00e1t\u00e9k-sorozatnak, amelyben a j\u00e1t\u00e9kos a b\u00e1tor Kao-t ir\u00e1ny\u00edtja, aki \u00fatnak indul, hogy megmentse haz\u00e1j\u00e1t egy kit\u00f6r\u0151 vulk\u00e1nt\u00f3l. Seg\u00edts neki a sikerben! \ud83c\udf0d Glob\u00e1lis \u2699\ufe0f Steam \ud83d\udddd Digit\u00e1lis kulcs","breadcrumb":{"@id":"https:\/\/prismagamers.com\/hu\/produkt\/kao-a-kenguru-a-vulkan-rejtelye-2005-os-ujrakiadas\/#breadcrumb"},"inLanguage":"hu","potentialAction":[{"@type":"ReadAction","target":["https:\/\/prismagamers.com\/hu\/produkt\/kao-a-kenguru-a-vulkan-rejtelye-2005-os-ujrakiadas\/"]}]},{"@type":"ImageObject","inLanguage":"hu","@id":"https:\/\/prismagamers.com\/hu\/produkt\/kao-a-kenguru-a-vulkan-rejtelye-2005-os-ujrakiadas\/#primaryimage","url":"https:\/\/prismagamers.com\/wp-content\/uploads\/2025\/03\/library_600x900_2x-10-e1742236181378.jpg","contentUrl":"https:\/\/prismagamers.com\/wp-content\/uploads\/2025\/03\/library_600x900_2x-10-e1742236181378.jpg","width":600,"height":900,"caption":"Kao a kenguru: A vulk\u00e1n rejt\u00e9lye boxshot"},{"@type":"BreadcrumbList","@id":"https:\/\/prismagamers.com\/hu\/produkt\/kao-a-kenguru-a-vulkan-rejtelye-2005-os-ujrakiadas\/#breadcrumb","itemListElement":[{"@type":"ListItem","position":1,"name":"Strona g\u0142\u00f3wna","item":"https:\/\/prismagamers.com\/hu\/prismagamers\/"},{"@type":"ListItem","position":2,"name":"Shop","item":"https:\/\/prismagamers.com\/hu\/shop\/"},{"@type":"ListItem","position":3,"name":"Kao the Kangaroo: Mystery of the Volcano (2005 re-release)"}]},{"@type":"WebSite","@id":"https:\/\/prismagamers.com\/hu\/#website","url":"https:\/\/prismagamers.com\/hu\/","name":"Prismagamers","description":"Sklep z grami PC I Sklep klucze Steam","publisher":{"@id":"https:\/\/prismagamers.com\/hu\/#organization"},"potentialAction":[{"@type":"SearchAction","target":{"@type":"EntryPoint","urlTemplate":"https:\/\/prismagamers.com\/hu\/?s={search_term_string}"},"query-input":{"@type":"PropertyValueSpecification","valueRequired":true,"valueName":"search_term_string"}}],"inLanguage":"hu"},{"@type":"Organization","@id":"https:\/\/prismagamers.com\/hu\/#organization","name":"Prismagamers","url":"https:\/\/prismagamers.com\/hu\/","logo":{"@type":"ImageObject","inLanguage":"hu","@id":"https:\/\/prismagamers.com\/hu\/#\/schema\/logo\/image\/","url":"https:\/\/prismagamers.com\/wp-content\/uploads\/2022\/04\/cropped-logo-Prismagamers-01-scaled-1.jpg","contentUrl":"https:\/\/prismagamers.com\/wp-content\/uploads\/2022\/04\/cropped-logo-Prismagamers-01-scaled-1.jpg","width":512,"height":512,"caption":"Prismagamers"},"image":{"@id":"https:\/\/prismagamers.com\/hu\/#\/schema\/logo\/image\/"},"sameAs":["https:\/\/www.facebook.com\/prismagamers","https:\/\/www.instagram.com\/prismagamers_grycyfrowe\/"],"description":"Prismagamers.com to dynamiczny sklep z grami cyfrowymi, stworzony z my\u015bl\u0105 o entuzjastach gier wideo. Nasza strona oferuje szerok\u0105 gam\u0119 gier komputerowych, w tym najnowsze tytu\u0142y, dobrze znane klasyki oraz gry stworzone przez niezale\u017cne studia Ca\u0142y czas d\u0105\u017cymy do rozszerzenia naszej oferty. Do\u0142\u0105cz do nas i sta\u0144 si\u0119 cz\u0119\u015bci\u0105 naszej rosn\u0105cej spo\u0142eczno\u015bci graczy!","email":"shop@prismagamers.com","telephone":"48795541705","legalName":"East Caravan Maksym \u017bukow","foundingDate":"2012-05-10","vatID":"PL8943038612","taxID":"PL8943038612","numberOfEmployees":{"@type":"QuantitativeValue","minValue":"11","maxValue":"50"}}]}},"_links":{"self":[{"href":"https:\/\/prismagamers.com\/hu\/wp-json\/wp\/v2\/product\/35372","targetHints":{"allow":["GET"]}}],"collection":[{"href":"https:\/\/prismagamers.com\/hu\/wp-json\/wp\/v2\/product"}],"about":[{"href":"https:\/\/prismagamers.com\/hu\/wp-json\/wp\/v2\/types\/product"}],"wp:featuredmedia":[{"embeddable":true,"href":"https:\/\/prismagamers.com\/hu\/wp-json\/wp\/v2\/media\/35011"}],"wp:attachment":[{"href":"https:\/\/prismagamers.com\/hu\/wp-json\/wp\/v2\/media?parent=35372"}],"wp:term":[{"taxonomy":"product_brand","embeddable":true,"href":"https:\/\/prismagamers.com\/hu\/wp-json\/wp\/v2\/product_brand?post=35372"},{"taxonomy":"product_cat","embeddable":true,"href":"https:\/\/prismagamers.com\/hu\/wp-json\/wp\/v2\/product_cat?post=35372"},{"taxonomy":"product_tag","embeddable":true,"href":"https:\/\/prismagamers.com\/hu\/wp-json\/wp\/v2\/product_tag?post=35372"}],"curies":[{"name":"wp","href":"https:\/\/api.w.org\/{rel}","templated":true}]}}