{"id":35373,"date":"2025-03-03T21:20:02","date_gmt":"2025-03-03T20:20:02","guid":{"rendered":"https:\/\/prismagamers.com\/produkt\/farming-simulator-22-premium-kiadas\/"},"modified":"2025-08-26T14:32:54","modified_gmt":"2025-08-26T12:32:54","slug":"farming-simulator-22-premium-edition","status":"publish","type":"product","link":"https:\/\/prismagamers.com\/hu\/produkt\/farming-simulator-22-premium-edition\/","title":{"rendered":"Farming Simulator 22 &#8211; Premium Edition"},"content":{"rendered":"<p>Pr\u00e9mium tartalom: j\u00e1t\u00e9k + 7 csomag + 2 extr\u00e1k<\/p>\n<p>A Farming Simulator 22 pr\u00e9mium kiad\u00e1sa egy \u00e1lomnyi mez\u0151gazdas\u00e1gi finoms\u00e1got tartalmaz &#8211; hat t\u00e9rk\u00e9pet \u00e9s egy gigantikus, t\u00f6bb sz\u00e1z realisztikus g\u00e9pb\u0151l \u00e1ll\u00f3 flott\u00e1t!<\/p>\n<p>A t\u00f6bbsz\u00f6r\u00f6sen d\u00edjnyertes alapj\u00e1t\u00e9k, valamint a h\u00e9t tartalmi csomag \u00e9s k\u00e9t kieg\u00e9sz\u00edt\u0151 lehet\u0151v\u00e9 teszi, hogy az \u00fajonnan \u00e9rkez\u0151k \u00e9s a mez\u0151kre visszat\u00e9r\u0151k gyakorlatilag v\u00e9gtelen mennyis\u00e9g\u0171 csal\u00e1dbar\u00e1t, kooperat\u00edv \u00e9s verseng\u0151 gazd\u00e1lkod\u00e1si sz\u00f3rakoz\u00e1st tapasztaljanak meg.<\/p>\n<p>\u00daj: Pr\u00e9mium b\u0151v\u00edt\u00e9s term\u00e9nyekkel, t\u00e9rk\u00e9pekkel \u00e9s g\u00e9pekkel b\u0151v\u00fcl a j\u00e1t\u00e9k<\/p>\n<p>A k\u00fcl\u00f6n is kaphat\u00f3 Premium Expansion kieg\u00e9sz\u00edt\u0151 ennek a kiad\u00e1snak a r\u00e9sze, \u00e9s megh\u00edv\u00e1st jelent Zielonk\u00e1ba, egy \u00faj k\u00f6z\u00e9p-eur\u00f3pai ter\u00fcletre, amely t\u00f6k\u00e9letesen alkalmas a z\u00f6lds\u00e9gtermeszt\u00e9sre: s\u00e1rgar\u00e9pa, pasztern\u00e1k \u00e9s v\u00f6r\u00f6sr\u00e9pa termeszt\u00e9s\u00e9re, amelynek el\u00e9rhet\u0151s\u00e9ge kib\u0151v\u00edti a 20 el\u00e9rhet\u0151 n\u00f6v\u00e9ny \u00e9s feldolgoz\u00f3\u00fczem list\u00e1j\u00e1t.<\/p>\n<p>A pr\u00e9mium b\u0151v\u00edtm\u00e9ny eddig nem l\u00e1tott r\u00e9szletess\u00e9g\u0171, 35 j\u00e1rm\u0171vet \u00e9s munkag\u00e9pet k\u00edn\u00e1l. A Dewulf, Gorenc, Agrio \u00e9s WIFO m\u00e1rk\u00e1k el\u0151sz\u00f6r jelennek meg a sorozatban, \u00e9s \u00faj g\u00e9pekkel b\u0151v\u00fcl a BEDNAR, a Fiat, a GRIMME, a Kverneland, a SaMASZ \u00e9s m\u00e1sok.<\/p>\n<p>A b\u00e9rletek tartalma 1. \u00e9s 2. \u00e9v!<\/p>\n<p>A Farming Simulator 22 ezen kiad\u00e1sa a k\u00f6vetkez\u0151 csomagokat is tartalmazza: Antonio Carraro csomag, Kubota csomag, Vermeer csomag, G\u00f6weil csomag, Hay &amp; Forage csomag \u00e9s k\u00e9t tov\u00e1bbi, egyel\u0151re ismeretlen csomag. Tartalmazza tov\u00e1bb\u00e1 az erd\u00e9szetr\u0151l sz\u00f3l\u00f3 Platinum Expansion csomagot, amelyben deb\u00fct\u00e1l a Volvo m\u00e1rka, valamint sz\u00e1mos m\u00e1s m\u00e1rka, \u00faj j\u00e1t\u00e9kmechanizmusok \u00e9s egy \u00faj t\u00e9rk\u00e9p.<\/p>\n","protected":false},"excerpt":{"rendered":"<p>A Farming Simulator 22 pr\u00e9mium kiad\u00e1sa egy \u00e1lomnyi mez\u0151gazdas\u00e1gi finoms\u00e1got tartalmaz &#8211; hat t\u00e9rk\u00e9pet \u00e9s egy gigantikus, t\u00f6bb sz\u00e1z realisztikus g\u00e9pb\u0151l \u00e1ll\u00f3 flott\u00e1t!<\/p>\n<p>\ud83c\udf0d Glob\u00e1lis<br \/>\n\u2699\ufe0f Steam<br \/>\n\ud83d\udddd Digit\u00e1lis kulcs<\/p>\n","protected":false},"featured_media":35374,"template":"","meta":{"_acf_changed":false,"site-sidebar-layout":"default","site-content-layout":"","ast-site-content-layout":"default","site-content-style":"default","site-sidebar-style":"default","ast-global-header-display":"","ast-banner-title-visibility":"","ast-main-header-display":"","ast-hfb-above-header-display":"","ast-hfb-below-header-display":"","ast-hfb-mobile-header-display":"","site-post-title":"","ast-breadcrumbs-content":"","ast-featured-img":"","footer-sml-layout":"","ast-disable-related-posts":"","theme-transparent-header-meta":"default","adv-header-id-meta":"","stick-header-meta":"","header-above-stick-meta":"","header-main-stick-meta":"","header-below-stick-meta":"","astra-migrate-meta-layouts":"set","ast-page-background-enabled":"default","ast-page-background-meta":{"desktop":{"background-color":"var(--ast-global-color-4)","background-image":"","background-repeat":"repeat","background-position":"center center","background-size":"auto","background-attachment":"scroll","background-type":"","background-media":"","overlay-type":"","overlay-color":"","overlay-opacity":"","overlay-gradient":""},"tablet":{"background-color":"","background-image":"","background-repeat":"repeat","background-position":"center center","background-size":"auto","background-attachment":"scroll","background-type":"","background-media":"","overlay-type":"","overlay-color":"","overlay-opacity":"","overlay-gradient":""},"mobile":{"background-color":"","background-image":"","background-repeat":"repeat","background-position":"center center","background-size":"auto","background-attachment":"scroll","background-type":"","background-media":"","overlay-type":"","overlay-color":"","overlay-opacity":"","overlay-gradient":""}},"ast-content-background-meta":{"desktop":{"background-color":"var(--ast-global-color-5)","background-image":"","background-repeat":"repeat","background-position":"center center","background-size":"auto","background-attachment":"scroll","background-type":"","background-media":"","overlay-type":"","overlay-color":"","overlay-opacity":"","overlay-gradient":""},"tablet":{"background-color":"var(--ast-global-color-5)","background-image":"","background-repeat":"repeat","background-position":"center center","background-size":"auto","background-attachment":"scroll","background-type":"","background-media":"","overlay-type":"","overlay-color":"","overlay-opacity":"","overlay-gradient":""},"mobile":{"background-color":"var(--ast-global-color-5)","background-image":"","background-repeat":"repeat","background-position":"center center","background-size":"auto","background-attachment":"scroll","background-type":"","background-media":"","overlay-type":"","overlay-color":"","overlay-opacity":"","overlay-gradient":""}}},"product_brand":[],"product_cat":[451,365,372],"product_tag":[],"class_list":{"0":"post-35373","1":"product","2":"type-product","3":"status-publish","4":"has-post-thumbnail","6":"product_cat-giants-software-gmbh-hu","7":"product_cat-goz","8":"product_cat-jatekok-szimulatorok","9":"desktop-align-left","10":"tablet-align-left","11":"mobile-align-left","13":"first","14":"instock","15":"virtual","16":"purchasable","17":"product-type-simple"},"acf":[],"yoast_head":"<!-- This site is optimized with the Yoast SEO Premium plugin v27.4 (Yoast SEO v27.4) - https:\/\/yoast.com\/product\/yoast-seo-premium-wordpress\/ -->\n<title>Farming Simulator 22 - Premium Edition - Prismagamers.com<\/title>\n<meta name=\"description\" content=\"A Farming Simulator 22 pr\u00e9mium kiad\u00e1sa egy \u00e1lomnyi mez\u0151gazdas\u00e1gi finoms\u00e1got tartalmaz - hat t\u00e9rk\u00e9pet \u00e9s egy gigantikus, t\u00f6bb sz\u00e1z realisztikus g\u00e9pb\u0151l \u00e1ll\u00f3 flott\u00e1t!  \ud83c\udf0d Glob\u00e1lis \u2699\ufe0f Steam \ud83d\udddd Digit\u00e1lis kulcs\" \/>\n<meta name=\"robots\" content=\"index, follow, max-snippet:-1, max-image-preview:large, max-video-preview:-1\" \/>\n<link rel=\"canonical\" href=\"https:\/\/prismagamers.com\/hu\/produkt\/farming-simulator-22-premium-edition\/\" \/>\n<meta property=\"og:locale\" content=\"hu_HU\" \/>\n<meta property=\"og:type\" content=\"article\" \/>\n<meta property=\"og:title\" content=\"Farming Simulator 22 - Premium Edition\" \/>\n<meta property=\"og:description\" content=\"A Farming Simulator 22 pr\u00e9mium kiad\u00e1sa egy \u00e1lomnyi mez\u0151gazdas\u00e1gi finoms\u00e1got tartalmaz - hat t\u00e9rk\u00e9pet \u00e9s egy gigantikus, t\u00f6bb sz\u00e1z realisztikus g\u00e9pb\u0151l \u00e1ll\u00f3 flott\u00e1t!  \ud83c\udf0d Glob\u00e1lis \u2699\ufe0f Steam \ud83d\udddd Digit\u00e1lis kulcs\" \/>\n<meta property=\"og:url\" content=\"https:\/\/prismagamers.com\/hu\/produkt\/farming-simulator-22-premium-edition\/\" \/>\n<meta property=\"og:site_name\" content=\"Prismagamers.com\" \/>\n<meta property=\"article:publisher\" content=\"https:\/\/www.facebook.com\/prismagamers\" \/>\n<meta property=\"article:modified_time\" content=\"2025-08-26T12:32:54+00:00\" \/>\n<meta property=\"og:image\" content=\"https:\/\/prismagamers.com\/wp-content\/uploads\/2025\/03\/Farming-Simulator-22-Premium-Edition-1-e1741032913758.jpg\" \/>\n\t<meta property=\"og:image:width\" content=\"300\" \/>\n\t<meta property=\"og:image:height\" content=\"450\" \/>\n\t<meta property=\"og:image:type\" content=\"image\/jpeg\" \/>\n<meta name=\"twitter:card\" content=\"summary_large_image\" \/>\n<meta name=\"twitter:label1\" content=\"Becs\u00fclt olvas\u00e1si id\u0151\" \/>\n\t<meta name=\"twitter:data1\" content=\"2 perc\" \/>\n<script type=\"application\/ld+json\" class=\"yoast-schema-graph\">{\"@context\":\"https:\\\/\\\/schema.org\",\"@graph\":[{\"@type\":\"WebPage\",\"@id\":\"https:\\\/\\\/prismagamers.com\\\/hu\\\/produkt\\\/farming-simulator-22-premium-edition\\\/\",\"url\":\"https:\\\/\\\/prismagamers.com\\\/hu\\\/produkt\\\/farming-simulator-22-premium-edition\\\/\",\"name\":\"Farming Simulator 22 - Premium Edition - Prismagamers.com\",\"isPartOf\":{\"@id\":\"https:\\\/\\\/prismagamers.com\\\/hu\\\/#website\"},\"primaryImageOfPage\":{\"@id\":\"https:\\\/\\\/prismagamers.com\\\/hu\\\/produkt\\\/farming-simulator-22-premium-edition\\\/#primaryimage\"},\"image\":{\"@id\":\"https:\\\/\\\/prismagamers.com\\\/hu\\\/produkt\\\/farming-simulator-22-premium-edition\\\/#primaryimage\"},\"thumbnailUrl\":\"https:\\\/\\\/prismagamers.com\\\/wp-content\\\/uploads\\\/2025\\\/03\\\/Farming-Simulator-22-Premium-Edition-1-e1741032913758.jpg\",\"datePublished\":\"2025-03-03T20:20:02+00:00\",\"dateModified\":\"2025-08-26T12:32:54+00:00\",\"description\":\"A Farming Simulator 22 pr\u00e9mium kiad\u00e1sa egy \u00e1lomnyi mez\u0151gazdas\u00e1gi finoms\u00e1got tartalmaz - hat t\u00e9rk\u00e9pet \u00e9s egy gigantikus, t\u00f6bb sz\u00e1z realisztikus g\u00e9pb\u0151l \u00e1ll\u00f3 flott\u00e1t! \ud83c\udf0d Glob\u00e1lis \u2699\ufe0f Steam \ud83d\udddd Digit\u00e1lis kulcs\",\"breadcrumb\":{\"@id\":\"https:\\\/\\\/prismagamers.com\\\/hu\\\/produkt\\\/farming-simulator-22-premium-edition\\\/#breadcrumb\"},\"inLanguage\":\"hu\",\"potentialAction\":[{\"@type\":\"ReadAction\",\"target\":[\"https:\\\/\\\/prismagamers.com\\\/hu\\\/produkt\\\/farming-simulator-22-premium-edition\\\/\"]}]},{\"@type\":\"ImageObject\",\"inLanguage\":\"hu\",\"@id\":\"https:\\\/\\\/prismagamers.com\\\/hu\\\/produkt\\\/farming-simulator-22-premium-edition\\\/#primaryimage\",\"url\":\"https:\\\/\\\/prismagamers.com\\\/wp-content\\\/uploads\\\/2025\\\/03\\\/Farming-Simulator-22-Premium-Edition-1-e1741032913758.jpg\",\"contentUrl\":\"https:\\\/\\\/prismagamers.com\\\/wp-content\\\/uploads\\\/2025\\\/03\\\/Farming-Simulator-22-Premium-Edition-1-e1741032913758.jpg\",\"width\":300,\"height\":450,\"caption\":\"Farming Simulator 22 - Premium Edition 1 bor\u00edt\u00f3\"},{\"@type\":\"BreadcrumbList\",\"@id\":\"https:\\\/\\\/prismagamers.com\\\/hu\\\/produkt\\\/farming-simulator-22-premium-edition\\\/#breadcrumb\",\"itemListElement\":[{\"@type\":\"ListItem\",\"position\":1,\"name\":\"Strona g\u0142\u00f3wna\",\"item\":\"https:\\\/\\\/prismagamers.com\\\/hu\\\/prismagamers\\\/\"},{\"@type\":\"ListItem\",\"position\":2,\"name\":\"Shop\",\"item\":\"https:\\\/\\\/prismagamers.com\\\/hu\\\/shop\\\/\"},{\"@type\":\"ListItem\",\"position\":3,\"name\":\"Farming Simulator 22 &#8211; Premium Edition\"}]},{\"@type\":\"WebSite\",\"@id\":\"https:\\\/\\\/prismagamers.com\\\/hu\\\/#website\",\"url\":\"https:\\\/\\\/prismagamers.com\\\/hu\\\/\",\"name\":\"Prismagamers\",\"description\":\"Sklep z grami PC I Sklep klucze Steam\",\"publisher\":{\"@id\":\"https:\\\/\\\/prismagamers.com\\\/hu\\\/#organization\"},\"potentialAction\":[{\"@type\":\"SearchAction\",\"target\":{\"@type\":\"EntryPoint\",\"urlTemplate\":\"https:\\\/\\\/prismagamers.com\\\/hu\\\/?s={search_term_string}\"},\"query-input\":{\"@type\":\"PropertyValueSpecification\",\"valueRequired\":true,\"valueName\":\"search_term_string\"}}],\"inLanguage\":\"hu\"},{\"@type\":\"Organization\",\"@id\":\"https:\\\/\\\/prismagamers.com\\\/hu\\\/#organization\",\"name\":\"Prismagamers\",\"url\":\"https:\\\/\\\/prismagamers.com\\\/hu\\\/\",\"logo\":{\"@type\":\"ImageObject\",\"inLanguage\":\"hu\",\"@id\":\"https:\\\/\\\/prismagamers.com\\\/hu\\\/#\\\/schema\\\/logo\\\/image\\\/\",\"url\":\"https:\\\/\\\/prismagamers.com\\\/wp-content\\\/uploads\\\/2022\\\/04\\\/cropped-logo-Prismagamers-01-scaled-1.jpg\",\"contentUrl\":\"https:\\\/\\\/prismagamers.com\\\/wp-content\\\/uploads\\\/2022\\\/04\\\/cropped-logo-Prismagamers-01-scaled-1.jpg\",\"width\":512,\"height\":512,\"caption\":\"Prismagamers\"},\"image\":{\"@id\":\"https:\\\/\\\/prismagamers.com\\\/hu\\\/#\\\/schema\\\/logo\\\/image\\\/\"},\"sameAs\":[\"https:\\\/\\\/www.facebook.com\\\/prismagamers\",\"https:\\\/\\\/www.instagram.com\\\/prismagamers_grycyfrowe\\\/\"],\"description\":\"Prismagamers.com to dynamiczny sklep z grami cyfrowymi, stworzony z my\u015bl\u0105 o entuzjastach gier wideo. Nasza strona oferuje szerok\u0105 gam\u0119 gier komputerowych, w tym najnowsze tytu\u0142y, dobrze znane klasyki oraz gry stworzone przez niezale\u017cne studia Ca\u0142y czas d\u0105\u017cymy do rozszerzenia naszej oferty. Do\u0142\u0105cz do nas i sta\u0144 si\u0119 cz\u0119\u015bci\u0105 naszej rosn\u0105cej spo\u0142eczno\u015bci graczy!\",\"email\":\"shop@prismagamers.com\",\"telephone\":\"48795541705\",\"legalName\":\"East Caravan Maksym \u017bukow\",\"foundingDate\":\"2012-05-10\",\"vatID\":\"PL8943038612\",\"taxID\":\"PL8943038612\",\"numberOfEmployees\":{\"@type\":\"QuantitativeValue\",\"minValue\":\"11\",\"maxValue\":\"50\"}}]}<\/script>\n<!-- \/ Yoast SEO Premium plugin. -->","yoast_head_json":{"title":"Farming Simulator 22 - Premium Edition - Prismagamers.com","description":"A Farming Simulator 22 pr\u00e9mium kiad\u00e1sa egy \u00e1lomnyi mez\u0151gazdas\u00e1gi finoms\u00e1got tartalmaz - hat t\u00e9rk\u00e9pet \u00e9s egy gigantikus, t\u00f6bb sz\u00e1z realisztikus g\u00e9pb\u0151l \u00e1ll\u00f3 flott\u00e1t!  \ud83c\udf0d Glob\u00e1lis \u2699\ufe0f Steam \ud83d\udddd Digit\u00e1lis kulcs","robots":{"index":"index","follow":"follow","max-snippet":"max-snippet:-1","max-image-preview":"max-image-preview:large","max-video-preview":"max-video-preview:-1"},"canonical":"https:\/\/prismagamers.com\/hu\/produkt\/farming-simulator-22-premium-edition\/","og_locale":"hu_HU","og_type":"article","og_title":"Farming Simulator 22 - Premium Edition","og_description":"A Farming Simulator 22 pr\u00e9mium kiad\u00e1sa egy \u00e1lomnyi mez\u0151gazdas\u00e1gi finoms\u00e1got tartalmaz - hat t\u00e9rk\u00e9pet \u00e9s egy gigantikus, t\u00f6bb sz\u00e1z realisztikus g\u00e9pb\u0151l \u00e1ll\u00f3 flott\u00e1t!  \ud83c\udf0d Glob\u00e1lis \u2699\ufe0f Steam \ud83d\udddd Digit\u00e1lis kulcs","og_url":"https:\/\/prismagamers.com\/hu\/produkt\/farming-simulator-22-premium-edition\/","og_site_name":"Prismagamers.com","article_publisher":"https:\/\/www.facebook.com\/prismagamers","article_modified_time":"2025-08-26T12:32:54+00:00","og_image":[{"width":300,"height":450,"url":"https:\/\/prismagamers.com\/wp-content\/uploads\/2025\/03\/Farming-Simulator-22-Premium-Edition-1-e1741032913758.jpg","type":"image\/jpeg"}],"twitter_card":"summary_large_image","twitter_misc":{"Becs\u00fclt olvas\u00e1si id\u0151":"2 perc"},"schema":{"@context":"https:\/\/schema.org","@graph":[{"@type":"WebPage","@id":"https:\/\/prismagamers.com\/hu\/produkt\/farming-simulator-22-premium-edition\/","url":"https:\/\/prismagamers.com\/hu\/produkt\/farming-simulator-22-premium-edition\/","name":"Farming Simulator 22 - Premium Edition - Prismagamers.com","isPartOf":{"@id":"https:\/\/prismagamers.com\/hu\/#website"},"primaryImageOfPage":{"@id":"https:\/\/prismagamers.com\/hu\/produkt\/farming-simulator-22-premium-edition\/#primaryimage"},"image":{"@id":"https:\/\/prismagamers.com\/hu\/produkt\/farming-simulator-22-premium-edition\/#primaryimage"},"thumbnailUrl":"https:\/\/prismagamers.com\/wp-content\/uploads\/2025\/03\/Farming-Simulator-22-Premium-Edition-1-e1741032913758.jpg","datePublished":"2025-03-03T20:20:02+00:00","dateModified":"2025-08-26T12:32:54+00:00","description":"A Farming Simulator 22 pr\u00e9mium kiad\u00e1sa egy \u00e1lomnyi mez\u0151gazdas\u00e1gi finoms\u00e1got tartalmaz - hat t\u00e9rk\u00e9pet \u00e9s egy gigantikus, t\u00f6bb sz\u00e1z realisztikus g\u00e9pb\u0151l \u00e1ll\u00f3 flott\u00e1t! \ud83c\udf0d Glob\u00e1lis \u2699\ufe0f Steam \ud83d\udddd Digit\u00e1lis kulcs","breadcrumb":{"@id":"https:\/\/prismagamers.com\/hu\/produkt\/farming-simulator-22-premium-edition\/#breadcrumb"},"inLanguage":"hu","potentialAction":[{"@type":"ReadAction","target":["https:\/\/prismagamers.com\/hu\/produkt\/farming-simulator-22-premium-edition\/"]}]},{"@type":"ImageObject","inLanguage":"hu","@id":"https:\/\/prismagamers.com\/hu\/produkt\/farming-simulator-22-premium-edition\/#primaryimage","url":"https:\/\/prismagamers.com\/wp-content\/uploads\/2025\/03\/Farming-Simulator-22-Premium-Edition-1-e1741032913758.jpg","contentUrl":"https:\/\/prismagamers.com\/wp-content\/uploads\/2025\/03\/Farming-Simulator-22-Premium-Edition-1-e1741032913758.jpg","width":300,"height":450,"caption":"Farming Simulator 22 - Premium Edition 1 bor\u00edt\u00f3"},{"@type":"BreadcrumbList","@id":"https:\/\/prismagamers.com\/hu\/produkt\/farming-simulator-22-premium-edition\/#breadcrumb","itemListElement":[{"@type":"ListItem","position":1,"name":"Strona g\u0142\u00f3wna","item":"https:\/\/prismagamers.com\/hu\/prismagamers\/"},{"@type":"ListItem","position":2,"name":"Shop","item":"https:\/\/prismagamers.com\/hu\/shop\/"},{"@type":"ListItem","position":3,"name":"Farming Simulator 22 &#8211; Premium Edition"}]},{"@type":"WebSite","@id":"https:\/\/prismagamers.com\/hu\/#website","url":"https:\/\/prismagamers.com\/hu\/","name":"Prismagamers","description":"Sklep z grami PC I Sklep klucze Steam","publisher":{"@id":"https:\/\/prismagamers.com\/hu\/#organization"},"potentialAction":[{"@type":"SearchAction","target":{"@type":"EntryPoint","urlTemplate":"https:\/\/prismagamers.com\/hu\/?s={search_term_string}"},"query-input":{"@type":"PropertyValueSpecification","valueRequired":true,"valueName":"search_term_string"}}],"inLanguage":"hu"},{"@type":"Organization","@id":"https:\/\/prismagamers.com\/hu\/#organization","name":"Prismagamers","url":"https:\/\/prismagamers.com\/hu\/","logo":{"@type":"ImageObject","inLanguage":"hu","@id":"https:\/\/prismagamers.com\/hu\/#\/schema\/logo\/image\/","url":"https:\/\/prismagamers.com\/wp-content\/uploads\/2022\/04\/cropped-logo-Prismagamers-01-scaled-1.jpg","contentUrl":"https:\/\/prismagamers.com\/wp-content\/uploads\/2022\/04\/cropped-logo-Prismagamers-01-scaled-1.jpg","width":512,"height":512,"caption":"Prismagamers"},"image":{"@id":"https:\/\/prismagamers.com\/hu\/#\/schema\/logo\/image\/"},"sameAs":["https:\/\/www.facebook.com\/prismagamers","https:\/\/www.instagram.com\/prismagamers_grycyfrowe\/"],"description":"Prismagamers.com to dynamiczny sklep z grami cyfrowymi, stworzony z my\u015bl\u0105 o entuzjastach gier wideo. Nasza strona oferuje szerok\u0105 gam\u0119 gier komputerowych, w tym najnowsze tytu\u0142y, dobrze znane klasyki oraz gry stworzone przez niezale\u017cne studia Ca\u0142y czas d\u0105\u017cymy do rozszerzenia naszej oferty. Do\u0142\u0105cz do nas i sta\u0144 si\u0119 cz\u0119\u015bci\u0105 naszej rosn\u0105cej spo\u0142eczno\u015bci graczy!","email":"shop@prismagamers.com","telephone":"48795541705","legalName":"East Caravan Maksym \u017bukow","foundingDate":"2012-05-10","vatID":"PL8943038612","taxID":"PL8943038612","numberOfEmployees":{"@type":"QuantitativeValue","minValue":"11","maxValue":"50"}}]}},"_links":{"self":[{"href":"https:\/\/prismagamers.com\/hu\/wp-json\/wp\/v2\/product\/35373","targetHints":{"allow":["GET"]}}],"collection":[{"href":"https:\/\/prismagamers.com\/hu\/wp-json\/wp\/v2\/product"}],"about":[{"href":"https:\/\/prismagamers.com\/hu\/wp-json\/wp\/v2\/types\/product"}],"wp:featuredmedia":[{"embeddable":true,"href":"https:\/\/prismagamers.com\/hu\/wp-json\/wp\/v2\/media\/35374"}],"wp:attachment":[{"href":"https:\/\/prismagamers.com\/hu\/wp-json\/wp\/v2\/media?parent=35373"}],"wp:term":[{"taxonomy":"product_brand","embeddable":true,"href":"https:\/\/prismagamers.com\/hu\/wp-json\/wp\/v2\/product_brand?post=35373"},{"taxonomy":"product_cat","embeddable":true,"href":"https:\/\/prismagamers.com\/hu\/wp-json\/wp\/v2\/product_cat?post=35373"},{"taxonomy":"product_tag","embeddable":true,"href":"https:\/\/prismagamers.com\/hu\/wp-json\/wp\/v2\/product_tag?post=35373"}],"curies":[{"name":"wp","href":"https:\/\/api.w.org\/{rel}","templated":true}]}}