{"id":35380,"date":"2025-02-28T21:07:42","date_gmt":"2025-02-28T20:07:42","guid":{"rendered":"https:\/\/prismagamers.com\/produkt\/warhammer-40000-rogue-trader-3\/"},"modified":"2026-01-02T00:36:11","modified_gmt":"2026-01-01T23:36:11","slug":"warhammer-40000-rogue-trader-3","status":"publish","type":"product","link":"https:\/\/prismagamers.com\/hu\/produkt\/warhammer-40000-rogue-trader-3\/","title":{"rendered":"Warhammer 40,000: Rogue Trader"},"content":{"rendered":"<p class=\"bb_paragraph\"><img decoding=\"async\" class=\"bb_img\" src=\"https:\/\/shared.cloudflare.steamstatic.com\/store_item_assets\/steam\/apps\/2186680\/extras\/Title_banner_616x104_Polish_1.png?t=1740646849\"><\/p>\n<p class=\"bb_paragraph\"><img decoding=\"async\" class=\"bb_img\" src=\"https:\/\/shared.cloudflare.steamstatic.com\/store_item_assets\/steam\/apps\/2186680\/extras\/Explore_the_Koronus_Expanse.gif?t=1740646849\"><\/p>\n<p class=\"bb_paragraph\">Indulj kalandra a saj\u00e1t \u00f3ri\u00e1shaj\u00f3d fed\u00e9lzet\u00e9n, \u00e9s utazz a Coronus szektor t\u00f6bb rendszere k\u00f6z\u00f6tt &#8211; az \u0171r egy rosszul felt\u00e9rk\u00e9pezett \u00e9s rendk\u00edv\u00fcl vesz\u00e9lyes r\u00e9gi\u00f3j\u00e1ban. B\u00e1r ez a ter\u00fclet a Birodalom peremvid\u00e9k\u00e9nek sz\u00e1m\u00edt, hatalmas v\u00e1kuumteret foglal mag\u00e1ba, tele vesz\u00e9lyes l\u00e9nyekkel \u00e9s rendk\u00edv\u00fcli j\u00f6vedelmi \u00e9s felfedez\u00e9si lehet\u0151s\u00e9gekkel. <\/p>\n<p class=\"bb_paragraph\"><img decoding=\"async\" class=\"bb_img\" src=\"https:\/\/shared.cloudflare.steamstatic.com\/store_item_assets\/steam\/apps\/2186680\/extras\/Title_banner_616x104_Polish_2.png?t=1740646849\"><\/p>\n<p class=\"bb_paragraph\"><img decoding=\"async\" class=\"bb_img\" src=\"https:\/\/shared.cloudflare.steamstatic.com\/store_item_assets\/steam\/apps\/2186680\/extras\/Gather_your_crew.gif?t=1740646849\"><\/p>\n<p class=\"bb_paragraph\">A rongyos keresked\u0151k nem utaznak egyed\u00fcl. \u00c1ll\u00edtsd \u00f6ssze k\u00eds\u00e9retedet t\u00f6rv\u00e9nytisztel\u0151 h\u0151s\u00f6kb\u0151l, elferd\u00fclt pszionikusokb\u00f3l \u00e9s kegyetlen xen\u00f3kb\u00f3l. Mindannyian k\u00e9szen \u00e1llnak arra, hogy k\u00f6vessenek t\u00e9ged a csillagok k\u00f6z\u00f6tt uralkod\u00f3 s\u00f6t\u00e9ts\u00e9gbe. Tan\u00e1csot adnak neked, seg\u00edtenek a harcban, \u00e9s m\u00e9g magasabb szintre emelik a k\u00e9pess\u00e9geidet. Te viszont a szem\u00e9lyes \u00fatjukon vezeted majd \u0151ket, \u00f6r\u00f6kre megv\u00e1ltoztatva a sorsukat.    <\/p>\n<p class=\"bb_paragraph\"><img decoding=\"async\" class=\"bb_img\" src=\"https:\/\/shared.cloudflare.steamstatic.com\/store_item_assets\/steam\/apps\/2186680\/extras\/Title_banner_616x104_Polish_3.png?t=1740646849\"><\/p>\n<p class=\"bb_paragraph\"><img decoding=\"async\" class=\"bb_img\" src=\"https:\/\/shared.cloudflare.steamstatic.com\/store_item_assets\/steam\/apps\/2186680\/extras\/Your_decisions_matter.gif?t=1740646849\"><\/p>\n<p class=\"bb_paragraph\">A k\u00fcldet\u00e9sek sor\u00e1n kegyelmet vagy megvet\u00e9st mutathatsz beosztottjaidnak, h\u0171s\u00e9ges maradhatsz az Isten-Imper\u00e1torhoz vagy sz\u00f6vetkezhetsz az emberis\u00e9g ellens\u00e9geivel &#8211; minden d\u00f6nt\u00e9sed \u00e9s cselekedeted, m\u00e9g a karakteralkot\u00e1s sor\u00e1n hozottak is, megv\u00e1ltoztatj\u00e1k a j\u00e1t\u00e9k vil\u00e1g\u00e1t \u00e9s lak\u00f3it.<\/p>\n<p class=\"bb_paragraph\"><img decoding=\"async\" class=\"bb_img\" src=\"https:\/\/shared.cloudflare.steamstatic.com\/store_item_assets\/steam\/apps\/2186680\/extras\/Title_banner_616x104_Polish_4.png?t=1740646849\"><\/p>\n<p class=\"bb_paragraph\"><img decoding=\"async\" class=\"bb_img\" src=\"https:\/\/shared.cloudflare.steamstatic.com\/store_item_assets\/steam\/apps\/2186680\/extras\/Plan_your_actions_carefully.gif?t=1740646849\"><\/p>\n<p class=\"bb_paragraph\">Gyilkold meg az emberis\u00e9g ellens\u00e9geit a kiterjedt, fordul\u00f3alap\u00fa, taktikai harcok sor\u00e1n izometrikus n\u00e9zetben. Haszn\u00e1ld ki a fedez\u00e9ket, a k\u00f6rnyezetet \u00e9s helyezkedj \u00fagy, hogy el\u0151nyre tegy\u00e9l szert az ellenfeleddel szemben. Ha ez nem el\u00e9g, haszn\u00e1ld t\u00e1rsaid er\u0151teljes k\u00e9pess\u00e9geit, hogy a te javadra billentsd a m\u00e9rleget, \u00e9s a legnehezebb helyzetekben is gy\u0151zz. J\u00e1t\u00e9kunk a klasszikus Rogue Trader szab\u00e1lyk\u00f6nyvet haszn\u00e1lja fel, \u00edgy rengeteg lehet\u0151s\u00e9get biztos\u00edt sz\u00e1modra, amelyeket kihaszn\u00e1lhatsz.   <\/p>\n","protected":false},"excerpt":{"rendered":"<div class=\"game_description_snippet\">A Warhammer 40,000: Rogue Trader c\u00edm\u0171 j\u00e1t\u00e9kot a Games Workshop c\u00e9ggel szoros egy\u00fcttm\u0171k\u00f6d\u00e9sben fejlesztett\u00e9k ki. Ez egy klasszikus, kiterjedt t\u00f6rt\u00e9nettel rendelkez\u0151 RPG c\u00edm az Owlcat Games-t\u0151l, a kritikusok \u00e1ltal elismert Pathfinder: Wrath of the Righteous alkot\u00f3it\u00f3l. <\/div>\n<div class=\"glance_ctn_responsive_left\">\n<div id=\"userReviews\" class=\"user_reviews\">\n<div class=\"user_reviews_summary_row\" data-tooltip-html=\"92% z 757 recenzji u\u017cytkownik\u00f3w z ostatnich 30 dni by\u0142o pozytywnych.\">\ud83c\udf0d Glob\u00e1lis<br \/>\n\u2699\ufe0f Steam<br \/>\n\ud83d\udddd Digit\u00e1lis kulcs<\/div>\n<\/div>\n<\/div>\n","protected":false},"featured_media":35381,"template":"","meta":{"_acf_changed":false,"site-sidebar-layout":"default","site-content-layout":"","ast-site-content-layout":"default","site-content-style":"default","site-sidebar-style":"default","ast-global-header-display":"","ast-banner-title-visibility":"","ast-main-header-display":"","ast-hfb-above-header-display":"","ast-hfb-below-header-display":"","ast-hfb-mobile-header-display":"","site-post-title":"","ast-breadcrumbs-content":"","ast-featured-img":"","footer-sml-layout":"","ast-disable-related-posts":"","theme-transparent-header-meta":"default","adv-header-id-meta":"","stick-header-meta":"","header-above-stick-meta":"","header-main-stick-meta":"","header-below-stick-meta":"","astra-migrate-meta-layouts":"default","ast-page-background-enabled":"default","ast-page-background-meta":{"desktop":{"background-color":"var(--ast-global-color-4)","background-image":"","background-repeat":"repeat","background-position":"center center","background-size":"auto","background-attachment":"scroll","background-type":"","background-media":"","overlay-type":"","overlay-color":"","overlay-opacity":"","overlay-gradient":""},"tablet":{"background-color":"","background-image":"","background-repeat":"repeat","background-position":"center center","background-size":"auto","background-attachment":"scroll","background-type":"","background-media":"","overlay-type":"","overlay-color":"","overlay-opacity":"","overlay-gradient":""},"mobile":{"background-color":"","background-image":"","background-repeat":"repeat","background-position":"center center","background-size":"auto","background-attachment":"scroll","background-type":"","background-media":"","overlay-type":"","overlay-color":"","overlay-opacity":"","overlay-gradient":""}},"ast-content-background-meta":{"desktop":{"background-color":"var(--ast-global-color-5)","background-image":"","background-repeat":"repeat","background-position":"center center","background-size":"auto","background-attachment":"scroll","background-type":"","background-media":"","overlay-type":"","overlay-color":"","overlay-opacity":"","overlay-gradient":""},"tablet":{"background-color":"var(--ast-global-color-5)","background-image":"","background-repeat":"repeat","background-position":"center center","background-size":"auto","background-attachment":"scroll","background-type":"","background-media":"","overlay-type":"","overlay-color":"","overlay-opacity":"","overlay-gradient":""},"mobile":{"background-color":"var(--ast-global-color-5)","background-image":"","background-repeat":"repeat","background-position":"center center","background-size":"auto","background-attachment":"scroll","background-type":"","background-media":"","overlay-type":"","overlay-color":"","overlay-opacity":"","overlay-gradient":""}}},"product_brand":[],"product_cat":[371,365,363,366],"product_tag":[592,542],"class_list":{"0":"post-35380","1":"product","2":"type-product","3":"status-publish","4":"has-post-thumbnail","6":"product_cat-akcio-jatekok","7":"product_cat-goz","8":"product_cat-kaland-jatekok","9":"product_cat-meta-publishing-hu","10":"product_tag-may_55","11":"product_tag-pid_04-hu","12":"desktop-align-left","13":"tablet-align-left","14":"mobile-align-left","16":"first","17":"instock","18":"virtual","19":"purchasable","20":"product-type-simple"},"acf":[],"yoast_head":"<!-- This site is optimized with the Yoast SEO Premium plugin v27.5 (Yoast SEO v27.5) - https:\/\/yoast.com\/product\/yoast-seo-premium-wordpress\/ -->\n<title>Warhammer 40,000: Rogue Trader - Prismagamers.com<\/title>\n<meta name=\"description\" content=\"A Warhammer 40,000: Rogue Trader c\u00edm\u0171 j\u00e1t\u00e9kot a Games Workshop c\u00e9ggel szoros egy\u00fcttm\u0171k\u00f6d\u00e9sben fejlesztett\u00e9k ki. Ez egy klasszikus, kiterjedt t\u00f6rt\u00e9nettel rendelkez\u0151 RPG c\u00edm az Owlcat Games-t\u0151l, a kritikusok \u00e1ltal elismert Pathfinder: Wrath of the Righteous alkot\u00f3it\u00f3l.  \ud83c\udf0d Glob\u00e1lis \u2699\ufe0f Steam \ud83d\udddd Digit\u00e1lis kulcs\" \/>\n<meta name=\"robots\" content=\"index, follow, max-snippet:-1, max-image-preview:large, max-video-preview:-1\" \/>\n<link rel=\"canonical\" href=\"https:\/\/prismagamers.com\/hu\/produkt\/warhammer-40000-rogue-trader-3\/\" \/>\n<meta property=\"og:locale\" content=\"hu_HU\" \/>\n<meta property=\"og:type\" content=\"article\" \/>\n<meta property=\"og:title\" content=\"Warhammer 40,000: Rogue Trader\" \/>\n<meta property=\"og:description\" content=\"A Warhammer 40,000: Rogue Trader c\u00edm\u0171 j\u00e1t\u00e9kot a Games Workshop c\u00e9ggel szoros egy\u00fcttm\u0171k\u00f6d\u00e9sben fejlesztett\u00e9k ki. Ez egy klasszikus, kiterjedt t\u00f6rt\u00e9nettel rendelkez\u0151 RPG c\u00edm az Owlcat Games-t\u0151l, a kritikusok \u00e1ltal elismert Pathfinder: Wrath of the Righteous alkot\u00f3it\u00f3l.  \ud83c\udf0d Glob\u00e1lis \u2699\ufe0f Steam \ud83d\udddd Digit\u00e1lis kulcs\" \/>\n<meta property=\"og:url\" content=\"https:\/\/prismagamers.com\/hu\/produkt\/warhammer-40000-rogue-trader-3\/\" \/>\n<meta property=\"og:site_name\" content=\"Prismagamers.com\" \/>\n<meta property=\"article:publisher\" content=\"https:\/\/www.facebook.com\/prismagamers\" \/>\n<meta property=\"article:modified_time\" content=\"2026-01-01T23:36:11+00:00\" \/>\n<meta property=\"og:image\" content=\"https:\/\/prismagamers.com\/wp-content\/uploads\/2025\/02\/Warhammer-40000-Rogue-Trader1-e1740772962144.jpg\" \/>\n\t<meta property=\"og:image:width\" content=\"300\" \/>\n\t<meta property=\"og:image:height\" content=\"450\" \/>\n\t<meta property=\"og:image:type\" content=\"image\/jpeg\" \/>\n<meta name=\"twitter:card\" content=\"summary_large_image\" \/>\n<meta name=\"twitter:label1\" content=\"Becs\u00fclt olvas\u00e1si id\u0151\" \/>\n\t<meta name=\"twitter:data1\" content=\"2 perc\" \/>\n<script type=\"application\/ld+json\" class=\"yoast-schema-graph\">{\"@context\":\"https:\\\/\\\/schema.org\",\"@graph\":[{\"@type\":\"WebPage\",\"@id\":\"https:\\\/\\\/prismagamers.com\\\/hu\\\/produkt\\\/warhammer-40000-rogue-trader-3\\\/\",\"url\":\"https:\\\/\\\/prismagamers.com\\\/hu\\\/produkt\\\/warhammer-40000-rogue-trader-3\\\/\",\"name\":\"Warhammer 40,000: Rogue Trader - Prismagamers.com\",\"isPartOf\":{\"@id\":\"https:\\\/\\\/prismagamers.com\\\/hu\\\/#website\"},\"primaryImageOfPage\":{\"@id\":\"https:\\\/\\\/prismagamers.com\\\/hu\\\/produkt\\\/warhammer-40000-rogue-trader-3\\\/#primaryimage\"},\"image\":{\"@id\":\"https:\\\/\\\/prismagamers.com\\\/hu\\\/produkt\\\/warhammer-40000-rogue-trader-3\\\/#primaryimage\"},\"thumbnailUrl\":\"https:\\\/\\\/prismagamers.com\\\/wp-content\\\/uploads\\\/2025\\\/02\\\/Warhammer-40000-Rogue-Trader1-e1740772962144.jpg\",\"datePublished\":\"2025-02-28T20:07:42+00:00\",\"dateModified\":\"2026-01-01T23:36:11+00:00\",\"description\":\"A Warhammer 40,000: Rogue Trader c\u00edm\u0171 j\u00e1t\u00e9kot a Games Workshop c\u00e9ggel szoros egy\u00fcttm\u0171k\u00f6d\u00e9sben fejlesztett\u00e9k ki. Ez egy klasszikus, kiterjedt t\u00f6rt\u00e9nettel rendelkez\u0151 RPG c\u00edm az Owlcat Games-t\u0151l, a kritikusok \u00e1ltal elismert Pathfinder: Wrath of the Righteous alkot\u00f3it\u00f3l. \ud83c\udf0d Glob\u00e1lis \u2699\ufe0f Steam \ud83d\udddd Digit\u00e1lis kulcs\",\"breadcrumb\":{\"@id\":\"https:\\\/\\\/prismagamers.com\\\/hu\\\/produkt\\\/warhammer-40000-rogue-trader-3\\\/#breadcrumb\"},\"inLanguage\":\"hu\",\"potentialAction\":[{\"@type\":\"ReadAction\",\"target\":[\"https:\\\/\\\/prismagamers.com\\\/hu\\\/produkt\\\/warhammer-40000-rogue-trader-3\\\/\"]}]},{\"@type\":\"ImageObject\",\"inLanguage\":\"hu\",\"@id\":\"https:\\\/\\\/prismagamers.com\\\/hu\\\/produkt\\\/warhammer-40000-rogue-trader-3\\\/#primaryimage\",\"url\":\"https:\\\/\\\/prismagamers.com\\\/wp-content\\\/uploads\\\/2025\\\/02\\\/Warhammer-40000-Rogue-Trader1-e1740772962144.jpg\",\"contentUrl\":\"https:\\\/\\\/prismagamers.com\\\/wp-content\\\/uploads\\\/2025\\\/02\\\/Warhammer-40000-Rogue-Trader1-e1740772962144.jpg\",\"width\":300,\"height\":450,\"caption\":\"Warhammer 40,000 Rogue Trader1 bor\u00edt\u00f3\"},{\"@type\":\"BreadcrumbList\",\"@id\":\"https:\\\/\\\/prismagamers.com\\\/hu\\\/produkt\\\/warhammer-40000-rogue-trader-3\\\/#breadcrumb\",\"itemListElement\":[{\"@type\":\"ListItem\",\"position\":1,\"name\":\"Strona g\u0142\u00f3wna\",\"item\":\"https:\\\/\\\/prismagamers.com\\\/hu\\\/prismagamers\\\/\"},{\"@type\":\"ListItem\",\"position\":2,\"name\":\"Shop\",\"item\":\"https:\\\/\\\/prismagamers.com\\\/hu\\\/shop\\\/\"},{\"@type\":\"ListItem\",\"position\":3,\"name\":\"Warhammer 40,000: Rogue Trader\"}]},{\"@type\":\"WebSite\",\"@id\":\"https:\\\/\\\/prismagamers.com\\\/hu\\\/#website\",\"url\":\"https:\\\/\\\/prismagamers.com\\\/hu\\\/\",\"name\":\"Prismagamers\",\"description\":\"Sklep z grami PC I Sklep klucze Steam\",\"publisher\":{\"@id\":\"https:\\\/\\\/prismagamers.com\\\/hu\\\/#organization\"},\"potentialAction\":[{\"@type\":\"SearchAction\",\"target\":{\"@type\":\"EntryPoint\",\"urlTemplate\":\"https:\\\/\\\/prismagamers.com\\\/hu\\\/?s={search_term_string}\"},\"query-input\":{\"@type\":\"PropertyValueSpecification\",\"valueRequired\":true,\"valueName\":\"search_term_string\"}}],\"inLanguage\":\"hu\"},{\"@type\":\"Organization\",\"@id\":\"https:\\\/\\\/prismagamers.com\\\/hu\\\/#organization\",\"name\":\"Prismagamers\",\"url\":\"https:\\\/\\\/prismagamers.com\\\/hu\\\/\",\"logo\":{\"@type\":\"ImageObject\",\"inLanguage\":\"hu\",\"@id\":\"https:\\\/\\\/prismagamers.com\\\/hu\\\/#\\\/schema\\\/logo\\\/image\\\/\",\"url\":\"https:\\\/\\\/prismagamers.com\\\/wp-content\\\/uploads\\\/2022\\\/04\\\/cropped-logo-Prismagamers-01-scaled-1.jpg\",\"contentUrl\":\"https:\\\/\\\/prismagamers.com\\\/wp-content\\\/uploads\\\/2022\\\/04\\\/cropped-logo-Prismagamers-01-scaled-1.jpg\",\"width\":512,\"height\":512,\"caption\":\"Prismagamers\"},\"image\":{\"@id\":\"https:\\\/\\\/prismagamers.com\\\/hu\\\/#\\\/schema\\\/logo\\\/image\\\/\"},\"sameAs\":[\"https:\\\/\\\/www.facebook.com\\\/prismagamers\",\"https:\\\/\\\/www.instagram.com\\\/prismagamers_grycyfrowe\\\/\"],\"description\":\"Prismagamers.com to dynamiczny sklep z grami cyfrowymi, stworzony z my\u015bl\u0105 o entuzjastach gier wideo. Nasza strona oferuje szerok\u0105 gam\u0119 gier komputerowych, w tym najnowsze tytu\u0142y, dobrze znane klasyki oraz gry stworzone przez niezale\u017cne studia Ca\u0142y czas d\u0105\u017cymy do rozszerzenia naszej oferty. Do\u0142\u0105cz do nas i sta\u0144 si\u0119 cz\u0119\u015bci\u0105 naszej rosn\u0105cej spo\u0142eczno\u015bci graczy!\",\"email\":\"shop@prismagamers.com\",\"telephone\":\"48795541705\",\"legalName\":\"East Caravan Maksym \u017bukow\",\"foundingDate\":\"2012-05-10\",\"vatID\":\"PL8943038612\",\"taxID\":\"PL8943038612\",\"numberOfEmployees\":{\"@type\":\"QuantitativeValue\",\"minValue\":\"11\",\"maxValue\":\"50\"}}]}<\/script>\n<!-- \/ Yoast SEO Premium plugin. -->","yoast_head_json":{"title":"Warhammer 40,000: Rogue Trader - Prismagamers.com","description":"A Warhammer 40,000: Rogue Trader c\u00edm\u0171 j\u00e1t\u00e9kot a Games Workshop c\u00e9ggel szoros egy\u00fcttm\u0171k\u00f6d\u00e9sben fejlesztett\u00e9k ki. Ez egy klasszikus, kiterjedt t\u00f6rt\u00e9nettel rendelkez\u0151 RPG c\u00edm az Owlcat Games-t\u0151l, a kritikusok \u00e1ltal elismert Pathfinder: Wrath of the Righteous alkot\u00f3it\u00f3l.  \ud83c\udf0d Glob\u00e1lis \u2699\ufe0f Steam \ud83d\udddd Digit\u00e1lis kulcs","robots":{"index":"index","follow":"follow","max-snippet":"max-snippet:-1","max-image-preview":"max-image-preview:large","max-video-preview":"max-video-preview:-1"},"canonical":"https:\/\/prismagamers.com\/hu\/produkt\/warhammer-40000-rogue-trader-3\/","og_locale":"hu_HU","og_type":"article","og_title":"Warhammer 40,000: Rogue Trader","og_description":"A Warhammer 40,000: Rogue Trader c\u00edm\u0171 j\u00e1t\u00e9kot a Games Workshop c\u00e9ggel szoros egy\u00fcttm\u0171k\u00f6d\u00e9sben fejlesztett\u00e9k ki. Ez egy klasszikus, kiterjedt t\u00f6rt\u00e9nettel rendelkez\u0151 RPG c\u00edm az Owlcat Games-t\u0151l, a kritikusok \u00e1ltal elismert Pathfinder: Wrath of the Righteous alkot\u00f3it\u00f3l.  \ud83c\udf0d Glob\u00e1lis \u2699\ufe0f Steam \ud83d\udddd Digit\u00e1lis kulcs","og_url":"https:\/\/prismagamers.com\/hu\/produkt\/warhammer-40000-rogue-trader-3\/","og_site_name":"Prismagamers.com","article_publisher":"https:\/\/www.facebook.com\/prismagamers","article_modified_time":"2026-01-01T23:36:11+00:00","og_image":[{"width":300,"height":450,"url":"https:\/\/prismagamers.com\/wp-content\/uploads\/2025\/02\/Warhammer-40000-Rogue-Trader1-e1740772962144.jpg","type":"image\/jpeg"}],"twitter_card":"summary_large_image","twitter_misc":{"Becs\u00fclt olvas\u00e1si id\u0151":"2 perc"},"schema":{"@context":"https:\/\/schema.org","@graph":[{"@type":"WebPage","@id":"https:\/\/prismagamers.com\/hu\/produkt\/warhammer-40000-rogue-trader-3\/","url":"https:\/\/prismagamers.com\/hu\/produkt\/warhammer-40000-rogue-trader-3\/","name":"Warhammer 40,000: Rogue Trader - Prismagamers.com","isPartOf":{"@id":"https:\/\/prismagamers.com\/hu\/#website"},"primaryImageOfPage":{"@id":"https:\/\/prismagamers.com\/hu\/produkt\/warhammer-40000-rogue-trader-3\/#primaryimage"},"image":{"@id":"https:\/\/prismagamers.com\/hu\/produkt\/warhammer-40000-rogue-trader-3\/#primaryimage"},"thumbnailUrl":"https:\/\/prismagamers.com\/wp-content\/uploads\/2025\/02\/Warhammer-40000-Rogue-Trader1-e1740772962144.jpg","datePublished":"2025-02-28T20:07:42+00:00","dateModified":"2026-01-01T23:36:11+00:00","description":"A Warhammer 40,000: Rogue Trader c\u00edm\u0171 j\u00e1t\u00e9kot a Games Workshop c\u00e9ggel szoros egy\u00fcttm\u0171k\u00f6d\u00e9sben fejlesztett\u00e9k ki. Ez egy klasszikus, kiterjedt t\u00f6rt\u00e9nettel rendelkez\u0151 RPG c\u00edm az Owlcat Games-t\u0151l, a kritikusok \u00e1ltal elismert Pathfinder: Wrath of the Righteous alkot\u00f3it\u00f3l. \ud83c\udf0d Glob\u00e1lis \u2699\ufe0f Steam \ud83d\udddd Digit\u00e1lis kulcs","breadcrumb":{"@id":"https:\/\/prismagamers.com\/hu\/produkt\/warhammer-40000-rogue-trader-3\/#breadcrumb"},"inLanguage":"hu","potentialAction":[{"@type":"ReadAction","target":["https:\/\/prismagamers.com\/hu\/produkt\/warhammer-40000-rogue-trader-3\/"]}]},{"@type":"ImageObject","inLanguage":"hu","@id":"https:\/\/prismagamers.com\/hu\/produkt\/warhammer-40000-rogue-trader-3\/#primaryimage","url":"https:\/\/prismagamers.com\/wp-content\/uploads\/2025\/02\/Warhammer-40000-Rogue-Trader1-e1740772962144.jpg","contentUrl":"https:\/\/prismagamers.com\/wp-content\/uploads\/2025\/02\/Warhammer-40000-Rogue-Trader1-e1740772962144.jpg","width":300,"height":450,"caption":"Warhammer 40,000 Rogue Trader1 bor\u00edt\u00f3"},{"@type":"BreadcrumbList","@id":"https:\/\/prismagamers.com\/hu\/produkt\/warhammer-40000-rogue-trader-3\/#breadcrumb","itemListElement":[{"@type":"ListItem","position":1,"name":"Strona g\u0142\u00f3wna","item":"https:\/\/prismagamers.com\/hu\/prismagamers\/"},{"@type":"ListItem","position":2,"name":"Shop","item":"https:\/\/prismagamers.com\/hu\/shop\/"},{"@type":"ListItem","position":3,"name":"Warhammer 40,000: Rogue Trader"}]},{"@type":"WebSite","@id":"https:\/\/prismagamers.com\/hu\/#website","url":"https:\/\/prismagamers.com\/hu\/","name":"Prismagamers","description":"Sklep z grami PC I Sklep klucze Steam","publisher":{"@id":"https:\/\/prismagamers.com\/hu\/#organization"},"potentialAction":[{"@type":"SearchAction","target":{"@type":"EntryPoint","urlTemplate":"https:\/\/prismagamers.com\/hu\/?s={search_term_string}"},"query-input":{"@type":"PropertyValueSpecification","valueRequired":true,"valueName":"search_term_string"}}],"inLanguage":"hu"},{"@type":"Organization","@id":"https:\/\/prismagamers.com\/hu\/#organization","name":"Prismagamers","url":"https:\/\/prismagamers.com\/hu\/","logo":{"@type":"ImageObject","inLanguage":"hu","@id":"https:\/\/prismagamers.com\/hu\/#\/schema\/logo\/image\/","url":"https:\/\/prismagamers.com\/wp-content\/uploads\/2022\/04\/cropped-logo-Prismagamers-01-scaled-1.jpg","contentUrl":"https:\/\/prismagamers.com\/wp-content\/uploads\/2022\/04\/cropped-logo-Prismagamers-01-scaled-1.jpg","width":512,"height":512,"caption":"Prismagamers"},"image":{"@id":"https:\/\/prismagamers.com\/hu\/#\/schema\/logo\/image\/"},"sameAs":["https:\/\/www.facebook.com\/prismagamers","https:\/\/www.instagram.com\/prismagamers_grycyfrowe\/"],"description":"Prismagamers.com to dynamiczny sklep z grami cyfrowymi, stworzony z my\u015bl\u0105 o entuzjastach gier wideo. Nasza strona oferuje szerok\u0105 gam\u0119 gier komputerowych, w tym najnowsze tytu\u0142y, dobrze znane klasyki oraz gry stworzone przez niezale\u017cne studia Ca\u0142y czas d\u0105\u017cymy do rozszerzenia naszej oferty. Do\u0142\u0105cz do nas i sta\u0144 si\u0119 cz\u0119\u015bci\u0105 naszej rosn\u0105cej spo\u0142eczno\u015bci graczy!","email":"shop@prismagamers.com","telephone":"48795541705","legalName":"East Caravan Maksym \u017bukow","foundingDate":"2012-05-10","vatID":"PL8943038612","taxID":"PL8943038612","numberOfEmployees":{"@type":"QuantitativeValue","minValue":"11","maxValue":"50"}}]}},"_links":{"self":[{"href":"https:\/\/prismagamers.com\/hu\/wp-json\/wp\/v2\/product\/35380","targetHints":{"allow":["GET"]}}],"collection":[{"href":"https:\/\/prismagamers.com\/hu\/wp-json\/wp\/v2\/product"}],"about":[{"href":"https:\/\/prismagamers.com\/hu\/wp-json\/wp\/v2\/types\/product"}],"wp:featuredmedia":[{"embeddable":true,"href":"https:\/\/prismagamers.com\/hu\/wp-json\/wp\/v2\/media\/35381"}],"wp:attachment":[{"href":"https:\/\/prismagamers.com\/hu\/wp-json\/wp\/v2\/media?parent=35380"}],"wp:term":[{"taxonomy":"product_brand","embeddable":true,"href":"https:\/\/prismagamers.com\/hu\/wp-json\/wp\/v2\/product_brand?post=35380"},{"taxonomy":"product_cat","embeddable":true,"href":"https:\/\/prismagamers.com\/hu\/wp-json\/wp\/v2\/product_cat?post=35380"},{"taxonomy":"product_tag","embeddable":true,"href":"https:\/\/prismagamers.com\/hu\/wp-json\/wp\/v2\/product_tag?post=35380"}],"curies":[{"name":"wp","href":"https:\/\/api.w.org\/{rel}","templated":true}]}}