{"id":35384,"date":"2025-02-28T21:35:35","date_gmt":"2025-02-28T20:35:35","guid":{"rendered":"https:\/\/prismagamers.com\/produkt\/warhammer-40000-rogue-trader-voidfarer-edition-2\/"},"modified":"2026-04-18T01:52:02","modified_gmt":"2026-04-17T23:52:02","slug":"warhammer-40000-rogue-trader-voidfarer-edition-2","status":"publish","type":"product","link":"https:\/\/prismagamers.com\/hu\/produkt\/warhammer-40000-rogue-trader-voidfarer-edition-2\/","title":{"rendered":"Warhammer 40,000: Rogue Trader &#8211; Voidfarer Edition"},"content":{"rendered":"<p data-start=\"0\" data-end=\"131\">A <strong data-start=\"0\" data-end=\"53\">Warhammer 40,000: Rogue Trader &#8211; Voidfarer Edition<\/strong> az igazi rajong\u00f3k sz\u00e1m\u00e1ra a v\u00e9gs\u0151 \u00e9lm\u00e9ny! Ebben a kiad\u00e1sban a k\u00f6vetkez\u0151ket tal\u00e1lja:<\/p>\n<p data-start=\"133\" data-end=\"432\">\ud83d\udd39 <strong data-start=\"136\" data-end=\"174\">J\u00e1tssz Warhammer 40,000: Rogue Trader<\/strong><br data-start=\"174\" data-end=\"177\">\ud83d\udd39 <strong data-start=\"180\" data-end=\"203\">Season Pass<\/strong><br data-start=\"203\" data-end=\"206\">Szerezz hozz\u00e1f\u00e9r\u00e9st a <strong data-start=\"224\" data-end=\"240\">Void Shadows<\/strong> \u00e9s <strong data-start=\"243\" data-end=\"261\">Lex Imperialis<\/strong> j\u00e1t\u00e9kokhoz &#8211; k\u00e9t hatalmas, t\u00f6rt\u00e9netk\u00f6zpont\u00fa, tov\u00e1bbi tartalmakkal teli b\u0151v\u00edtm\u00e9nyhez, amelyek a tervek szerint 2024-ben jelennek meg. Mindegyik DLC k\u00f6r\u00fclbel\u00fcl <strong data-start=\"406\" data-end=\"419\">15 \u00f3r\u00e1nyi j\u00e1t\u00e9k<\/strong> id\u0151t k\u00edn\u00e1l. <\/p>\n<p data-start=\"434\" data-end=\"569\">\ud83c\udfa8 <strong data-start=\"437\" data-end=\"456\">Digit\u00e1lis m\u0171v\u00e9szeti k\u00f6nyv<\/strong><br data-start=\"456\" data-end=\"459\">Csod\u00e1lja meg a Coronus Expanse sz\u00e9ps\u00e9g\u00e9t egy m\u0171v\u00e9szeti k\u00f6nyvben, amelyet tehets\u00e9ges m\u0171v\u00e9szeink \u00e9s tervez\u0151ink k\u00e9sz\u00edtettek!<\/p>\n<p data-start=\"571\" data-end=\"787\">\ud83c\udfb5 <strong data-start=\"574\" data-end=\"603\">Digit\u00e1lis hangs\u00e1v<\/strong><br data-start=\"603\" data-end=\"606\">\u00c9ld \u00e1t \u00fajra minden pillanat\u00e1t a Rogue Trader epikus hangs\u00e1vj\u00e1val, amelyet egy tehets\u00e9ges alkot\u00f3csapat kompon\u00e1lt. A dalok a legmagasabb min\u0151s\u00e9gben, <strong data-start=\"766\" data-end=\"774\">FLAC<\/strong> \u00e9s <strong data-start=\"777\" data-end=\"784\">MP3<\/strong> form\u00e1tumban is el\u00e9rhet\u0151ek. <\/p>\n<p data-start=\"789\" data-end=\"904\">\ud83d\udda5\ufe0f <strong data-start=\"793\" data-end=\"809\">Wallpaper Pack<\/strong><br data-start=\"809\" data-end=\"812\">Szerezz nagyszer\u0171 grafik\u00e1t a j\u00e1t\u00e9kb\u00f3l h\u00e1tt\u00e9rk\u00e9pnek t\u00f6k\u00e9letes form\u00e1tumban PC-re, Macre vagy telefonra.<\/p>\n<p data-start=\"906\" data-end=\"1585\">\u2694\ufe0f <strong data-start=\"909\" data-end=\"931\">J\u00e1t\u00e9kbeli t\u00e1rgyak:<\/strong><br data-start=\"931\" data-end=\"934\">\u2b50 <strong data-start=\"936\" data-end=\"967\">Egyedi Rogue Trader&#8217;s Throne<\/strong> &#8211; adj a haj\u00f3d h\u00eddj\u00e1nak m\u00e9g tekint\u00e9lyesebb k\u00fcls\u0151t!<br data-start=\"1035\" data-end=\"1038\">\u2b50 <strong data-start=\"1040\" data-end=\"1067\">Firestorm-oszt\u00e1ly\u00fa fregatt<\/strong> &#8211; egy alternat\u00edv voidship m\u00e1s indul\u00f3 felszerel\u00e9ssel \u00e9s egyedi megjelen\u00e9ssel!<br data-start=\"1146\" data-end=\"1149\" data-is-only-node=\"\">\u2b50 <strong data-start=\"1151\" data-end=\"1170\">Cherub kabala\u00e1llat<\/strong> &#8211; v\u00e1ltoztasd meg h\u0171s\u00e9ges t\u00e1rsad kin\u00e9zet\u00e9t a klasszikus Servo Skullr\u00f3l egy Cherubra!<br data-start=\"1252\" data-end=\"1255\">\u2b50 <strong data-start=\"1257\" data-end=\"1280\">Blast Wave shotgun<\/strong> &#8211; \u00fcsd vissza az ellens\u00e9get m\u00e9g akkor is, ha elv\u00e9ted!<br data-start=\"1326\" data-end=\"1329\">\u2b50 <strong data-start=\"1331\" data-end=\"1376\">&#8222;Wrath of Saint Drusus&#8221; l\u00e1ncos kard<\/strong> &#8211; elt\u00e1vol\u00edtja a ter\u00fcleti t\u00e1mad\u00e1sokat, de megsemmis\u00edt\u0151 k\u00f6zelharci sebz\u00e9st okoz!<br data-start=\"1449\" data-end=\"1452\">\u2b50 <strong data-start=\"1454\" data-end=\"1482\">\u00d6r\u00f6k\u00f6lt autopisztoly<\/strong> &#8211; a von Valancius csal\u00e1d \u0151si fegyvere, amely eg\u00e9szen \u00faj szintre emeli a l\u00f6v\u00e9szked\u00e9si k\u00e9pess\u00e9geket!<\/p>\n<p data-start=\"1587\" data-end=\"1731\" data-is-last-node=\"\" data-is-only-node=\"\">K\u00e9sz\u00fclj vesz\u00e9lyes utaz\u00e1sokra a Warhammer 40,000 zord univerzum\u00e1ban, \u00e9s bizony\u00edtsd be, hogy meg\u00e9rdemled, hogy igazi Rogue Trader-nek nevezzenek! \ud83d\ude80\ud83d\udd25 <\/p>\n","protected":false},"excerpt":{"rendered":"<p class=\"ai-optimize-26 ai-optimize-introduction\" data-start=\"0\" data-end=\"131\">A <strong data-start=\"0\" data-end=\"53\">Warhammer 40,000: Rogue Trader &#8211; Voidfarer Edition<\/strong> az igazi rajong\u00f3k sz\u00e1m\u00e1ra a v\u00e9gs\u0151 \u00e9lm\u00e9ny!<\/p>\n<p class=\"ai-optimize-27\" data-start=\"0\" data-end=\"131\">\ud83c\udf0d Glob\u00e1lis<br \/>\n\u2699\ufe0f Steam<br \/>\n\ud83d\udddd Digit\u00e1lis kulcs<\/p>\n","protected":false},"featured_media":37972,"template":"","meta":{"_acf_changed":false,"site-sidebar-layout":"default","site-content-layout":"","ast-site-content-layout":"default","site-content-style":"default","site-sidebar-style":"default","ast-global-header-display":"","ast-banner-title-visibility":"","ast-main-header-display":"","ast-hfb-above-header-display":"","ast-hfb-below-header-display":"","ast-hfb-mobile-header-display":"","site-post-title":"","ast-breadcrumbs-content":"","ast-featured-img":"","footer-sml-layout":"","ast-disable-related-posts":"","theme-transparent-header-meta":"default","adv-header-id-meta":"","stick-header-meta":"","header-above-stick-meta":"","header-main-stick-meta":"","header-below-stick-meta":"","astra-migrate-meta-layouts":"default","ast-page-background-enabled":"default","ast-page-background-meta":{"desktop":{"background-color":"var(--ast-global-color-4)","background-image":"","background-repeat":"repeat","background-position":"center center","background-size":"auto","background-attachment":"scroll","background-type":"","background-media":"","overlay-type":"","overlay-color":"","overlay-opacity":"","overlay-gradient":""},"tablet":{"background-color":"","background-image":"","background-repeat":"repeat","background-position":"center center","background-size":"auto","background-attachment":"scroll","background-type":"","background-media":"","overlay-type":"","overlay-color":"","overlay-opacity":"","overlay-gradient":""},"mobile":{"background-color":"","background-image":"","background-repeat":"repeat","background-position":"center center","background-size":"auto","background-attachment":"scroll","background-type":"","background-media":"","overlay-type":"","overlay-color":"","overlay-opacity":"","overlay-gradient":""}},"ast-content-background-meta":{"desktop":{"background-color":"var(--ast-global-color-5)","background-image":"","background-repeat":"repeat","background-position":"center center","background-size":"auto","background-attachment":"scroll","background-type":"","background-media":"","overlay-type":"","overlay-color":"","overlay-opacity":"","overlay-gradient":""},"tablet":{"background-color":"var(--ast-global-color-5)","background-image":"","background-repeat":"repeat","background-position":"center center","background-size":"auto","background-attachment":"scroll","background-type":"","background-media":"","overlay-type":"","overlay-color":"","overlay-opacity":"","overlay-gradient":""},"mobile":{"background-color":"var(--ast-global-color-5)","background-image":"","background-repeat":"repeat","background-position":"center center","background-size":"auto","background-attachment":"scroll","background-type":"","background-media":"","overlay-type":"","overlay-color":"","overlay-opacity":"","overlay-gradient":""}}},"product_brand":[],"product_cat":[369,365,363,366,364,335,386],"product_tag":[592,542],"class_list":{"0":"post-35384","1":"product","2":"type-product","3":"status-publish","4":"has-post-thumbnail","6":"product_cat-csarnokok","7":"product_cat-goz","8":"product_cat-kaland-jatekok","9":"product_cat-meta-publishing-hu","10":"product_cat-rpg-k","11":"product_cat-wyprzedaz","12":"product_cat-strategiai-jatekok","13":"product_tag-may_55","14":"product_tag-pid_04-hu","15":"desktop-align-left","16":"tablet-align-left","17":"mobile-align-left","19":"first","20":"instock","21":"virtual","22":"purchasable","23":"product-type-simple"},"acf":[],"yoast_head":"<!-- This site is optimized with the Yoast SEO Premium plugin v27.4 (Yoast SEO v27.4) - https:\/\/yoast.com\/product\/yoast-seo-premium-wordpress\/ -->\n<title>Warhammer 40,000: Rogue Trader - Voidfarer Edition - Prismagamers.com<\/title>\n<meta name=\"description\" content=\"A Warhammer 40,000: Rogue Trader - Voidfarer Edition az igazi rajong\u00f3k sz\u00e1m\u00e1ra a v\u00e9gs\u0151 \u00e9lm\u00e9ny! \ud83c\udf0d Glob\u00e1lis \u2699\ufe0f Steam \ud83d\udddd Digit\u00e1lis kulcs\" \/>\n<meta name=\"robots\" content=\"index, follow, max-snippet:-1, max-image-preview:large, max-video-preview:-1\" \/>\n<link rel=\"canonical\" href=\"https:\/\/prismagamers.com\/hu\/produkt\/warhammer-40000-rogue-trader-voidfarer-edition-2\/\" \/>\n<meta property=\"og:locale\" content=\"hu_HU\" \/>\n<meta property=\"og:type\" content=\"article\" \/>\n<meta property=\"og:title\" content=\"Warhammer 40,000: Rogue Trader - Voidfarer Edition\" \/>\n<meta property=\"og:description\" content=\"A Warhammer 40,000: Rogue Trader - Voidfarer Edition az igazi rajong\u00f3k sz\u00e1m\u00e1ra a v\u00e9gs\u0151 \u00e9lm\u00e9ny! \ud83c\udf0d Glob\u00e1lis \u2699\ufe0f Steam \ud83d\udddd Digit\u00e1lis kulcs\" \/>\n<meta property=\"og:url\" content=\"https:\/\/prismagamers.com\/hu\/produkt\/warhammer-40000-rogue-trader-voidfarer-edition-2\/\" \/>\n<meta property=\"og:site_name\" content=\"Prismagamers.com\" \/>\n<meta property=\"article:publisher\" content=\"https:\/\/www.facebook.com\/prismagamers\" \/>\n<meta property=\"article:modified_time\" content=\"2026-04-17T23:52:02+00:00\" \/>\n<meta property=\"og:image\" content=\"https:\/\/prismagamers.com\/wp-content\/uploads\/2025\/02\/Warhammer-40000_Rogue-Trader-\u2013-Voidfarer-Edition.jpeg\" \/>\n\t<meta property=\"og:image:width\" content=\"600\" \/>\n\t<meta property=\"og:image:height\" content=\"900\" \/>\n\t<meta property=\"og:image:type\" content=\"image\/jpeg\" \/>\n<meta name=\"twitter:card\" content=\"summary_large_image\" \/>\n<meta name=\"twitter:label1\" content=\"Becs\u00fclt olvas\u00e1si id\u0151\" \/>\n\t<meta name=\"twitter:data1\" content=\"2 perc\" \/>\n<script type=\"application\/ld+json\" class=\"yoast-schema-graph\">{\"@context\":\"https:\\\/\\\/schema.org\",\"@graph\":[{\"@type\":\"WebPage\",\"@id\":\"https:\\\/\\\/prismagamers.com\\\/hu\\\/produkt\\\/warhammer-40000-rogue-trader-voidfarer-edition-2\\\/\",\"url\":\"https:\\\/\\\/prismagamers.com\\\/hu\\\/produkt\\\/warhammer-40000-rogue-trader-voidfarer-edition-2\\\/\",\"name\":\"Warhammer 40,000: Rogue Trader - Voidfarer Edition - Prismagamers.com\",\"isPartOf\":{\"@id\":\"https:\\\/\\\/prismagamers.com\\\/hu\\\/#website\"},\"primaryImageOfPage\":{\"@id\":\"https:\\\/\\\/prismagamers.com\\\/hu\\\/produkt\\\/warhammer-40000-rogue-trader-voidfarer-edition-2\\\/#primaryimage\"},\"image\":{\"@id\":\"https:\\\/\\\/prismagamers.com\\\/hu\\\/produkt\\\/warhammer-40000-rogue-trader-voidfarer-edition-2\\\/#primaryimage\"},\"thumbnailUrl\":\"https:\\\/\\\/prismagamers.com\\\/wp-content\\\/uploads\\\/2025\\\/02\\\/Warhammer-40000_Rogue-Trader-\u2013-Voidfarer-Edition.jpeg\",\"datePublished\":\"2025-02-28T20:35:35+00:00\",\"dateModified\":\"2026-04-17T23:52:02+00:00\",\"description\":\"A Warhammer 40,000: Rogue Trader - Voidfarer Edition az igazi rajong\u00f3k sz\u00e1m\u00e1ra a v\u00e9gs\u0151 \u00e9lm\u00e9ny! \ud83c\udf0d Glob\u00e1lis \u2699\ufe0f Steam \ud83d\udddd Digit\u00e1lis kulcs\",\"breadcrumb\":{\"@id\":\"https:\\\/\\\/prismagamers.com\\\/hu\\\/produkt\\\/warhammer-40000-rogue-trader-voidfarer-edition-2\\\/#breadcrumb\"},\"inLanguage\":\"hu\",\"potentialAction\":[{\"@type\":\"ReadAction\",\"target\":[\"https:\\\/\\\/prismagamers.com\\\/hu\\\/produkt\\\/warhammer-40000-rogue-trader-voidfarer-edition-2\\\/\"]}]},{\"@type\":\"ImageObject\",\"inLanguage\":\"hu\",\"@id\":\"https:\\\/\\\/prismagamers.com\\\/hu\\\/produkt\\\/warhammer-40000-rogue-trader-voidfarer-edition-2\\\/#primaryimage\",\"url\":\"https:\\\/\\\/prismagamers.com\\\/wp-content\\\/uploads\\\/2025\\\/02\\\/Warhammer-40000_Rogue-Trader-\u2013-Voidfarer-Edition.jpeg\",\"contentUrl\":\"https:\\\/\\\/prismagamers.com\\\/wp-content\\\/uploads\\\/2025\\\/02\\\/Warhammer-40000_Rogue-Trader-\u2013-Voidfarer-Edition.jpeg\",\"width\":600,\"height\":900},{\"@type\":\"BreadcrumbList\",\"@id\":\"https:\\\/\\\/prismagamers.com\\\/hu\\\/produkt\\\/warhammer-40000-rogue-trader-voidfarer-edition-2\\\/#breadcrumb\",\"itemListElement\":[{\"@type\":\"ListItem\",\"position\":1,\"name\":\"Strona g\u0142\u00f3wna\",\"item\":\"https:\\\/\\\/prismagamers.com\\\/hu\\\/prismagamers\\\/\"},{\"@type\":\"ListItem\",\"position\":2,\"name\":\"Shop\",\"item\":\"https:\\\/\\\/prismagamers.com\\\/hu\\\/shop\\\/\"},{\"@type\":\"ListItem\",\"position\":3,\"name\":\"Warhammer 40,000: Rogue Trader &#8211; Voidfarer Edition\"}]},{\"@type\":\"WebSite\",\"@id\":\"https:\\\/\\\/prismagamers.com\\\/hu\\\/#website\",\"url\":\"https:\\\/\\\/prismagamers.com\\\/hu\\\/\",\"name\":\"Prismagamers\",\"description\":\"Sklep z grami PC I Sklep klucze Steam\",\"publisher\":{\"@id\":\"https:\\\/\\\/prismagamers.com\\\/hu\\\/#organization\"},\"potentialAction\":[{\"@type\":\"SearchAction\",\"target\":{\"@type\":\"EntryPoint\",\"urlTemplate\":\"https:\\\/\\\/prismagamers.com\\\/hu\\\/?s={search_term_string}\"},\"query-input\":{\"@type\":\"PropertyValueSpecification\",\"valueRequired\":true,\"valueName\":\"search_term_string\"}}],\"inLanguage\":\"hu\"},{\"@type\":\"Organization\",\"@id\":\"https:\\\/\\\/prismagamers.com\\\/hu\\\/#organization\",\"name\":\"Prismagamers\",\"url\":\"https:\\\/\\\/prismagamers.com\\\/hu\\\/\",\"logo\":{\"@type\":\"ImageObject\",\"inLanguage\":\"hu\",\"@id\":\"https:\\\/\\\/prismagamers.com\\\/hu\\\/#\\\/schema\\\/logo\\\/image\\\/\",\"url\":\"https:\\\/\\\/prismagamers.com\\\/wp-content\\\/uploads\\\/2022\\\/04\\\/cropped-logo-Prismagamers-01-scaled-1.jpg\",\"contentUrl\":\"https:\\\/\\\/prismagamers.com\\\/wp-content\\\/uploads\\\/2022\\\/04\\\/cropped-logo-Prismagamers-01-scaled-1.jpg\",\"width\":512,\"height\":512,\"caption\":\"Prismagamers\"},\"image\":{\"@id\":\"https:\\\/\\\/prismagamers.com\\\/hu\\\/#\\\/schema\\\/logo\\\/image\\\/\"},\"sameAs\":[\"https:\\\/\\\/www.facebook.com\\\/prismagamers\",\"https:\\\/\\\/www.instagram.com\\\/prismagamers_grycyfrowe\\\/\"],\"description\":\"Prismagamers.com to dynamiczny sklep z grami cyfrowymi, stworzony z my\u015bl\u0105 o entuzjastach gier wideo. Nasza strona oferuje szerok\u0105 gam\u0119 gier komputerowych, w tym najnowsze tytu\u0142y, dobrze znane klasyki oraz gry stworzone przez niezale\u017cne studia Ca\u0142y czas d\u0105\u017cymy do rozszerzenia naszej oferty. Do\u0142\u0105cz do nas i sta\u0144 si\u0119 cz\u0119\u015bci\u0105 naszej rosn\u0105cej spo\u0142eczno\u015bci graczy!\",\"email\":\"shop@prismagamers.com\",\"telephone\":\"48795541705\",\"legalName\":\"East Caravan Maksym \u017bukow\",\"foundingDate\":\"2012-05-10\",\"vatID\":\"PL8943038612\",\"taxID\":\"PL8943038612\",\"numberOfEmployees\":{\"@type\":\"QuantitativeValue\",\"minValue\":\"11\",\"maxValue\":\"50\"}}]}<\/script>\n<!-- \/ Yoast SEO Premium plugin. -->","yoast_head_json":{"title":"Warhammer 40,000: Rogue Trader - Voidfarer Edition - Prismagamers.com","description":"A Warhammer 40,000: Rogue Trader - Voidfarer Edition az igazi rajong\u00f3k sz\u00e1m\u00e1ra a v\u00e9gs\u0151 \u00e9lm\u00e9ny! \ud83c\udf0d Glob\u00e1lis \u2699\ufe0f Steam \ud83d\udddd Digit\u00e1lis kulcs","robots":{"index":"index","follow":"follow","max-snippet":"max-snippet:-1","max-image-preview":"max-image-preview:large","max-video-preview":"max-video-preview:-1"},"canonical":"https:\/\/prismagamers.com\/hu\/produkt\/warhammer-40000-rogue-trader-voidfarer-edition-2\/","og_locale":"hu_HU","og_type":"article","og_title":"Warhammer 40,000: Rogue Trader - Voidfarer Edition","og_description":"A Warhammer 40,000: Rogue Trader - Voidfarer Edition az igazi rajong\u00f3k sz\u00e1m\u00e1ra a v\u00e9gs\u0151 \u00e9lm\u00e9ny! \ud83c\udf0d Glob\u00e1lis \u2699\ufe0f Steam \ud83d\udddd Digit\u00e1lis kulcs","og_url":"https:\/\/prismagamers.com\/hu\/produkt\/warhammer-40000-rogue-trader-voidfarer-edition-2\/","og_site_name":"Prismagamers.com","article_publisher":"https:\/\/www.facebook.com\/prismagamers","article_modified_time":"2026-04-17T23:52:02+00:00","og_image":[{"width":600,"height":900,"url":"https:\/\/prismagamers.com\/wp-content\/uploads\/2025\/02\/Warhammer-40000_Rogue-Trader-\u2013-Voidfarer-Edition.jpeg","type":"image\/jpeg"}],"twitter_card":"summary_large_image","twitter_misc":{"Becs\u00fclt olvas\u00e1si id\u0151":"2 perc"},"schema":{"@context":"https:\/\/schema.org","@graph":[{"@type":"WebPage","@id":"https:\/\/prismagamers.com\/hu\/produkt\/warhammer-40000-rogue-trader-voidfarer-edition-2\/","url":"https:\/\/prismagamers.com\/hu\/produkt\/warhammer-40000-rogue-trader-voidfarer-edition-2\/","name":"Warhammer 40,000: Rogue Trader - Voidfarer Edition - Prismagamers.com","isPartOf":{"@id":"https:\/\/prismagamers.com\/hu\/#website"},"primaryImageOfPage":{"@id":"https:\/\/prismagamers.com\/hu\/produkt\/warhammer-40000-rogue-trader-voidfarer-edition-2\/#primaryimage"},"image":{"@id":"https:\/\/prismagamers.com\/hu\/produkt\/warhammer-40000-rogue-trader-voidfarer-edition-2\/#primaryimage"},"thumbnailUrl":"https:\/\/prismagamers.com\/wp-content\/uploads\/2025\/02\/Warhammer-40000_Rogue-Trader-\u2013-Voidfarer-Edition.jpeg","datePublished":"2025-02-28T20:35:35+00:00","dateModified":"2026-04-17T23:52:02+00:00","description":"A Warhammer 40,000: Rogue Trader - Voidfarer Edition az igazi rajong\u00f3k sz\u00e1m\u00e1ra a v\u00e9gs\u0151 \u00e9lm\u00e9ny! \ud83c\udf0d Glob\u00e1lis \u2699\ufe0f Steam \ud83d\udddd Digit\u00e1lis kulcs","breadcrumb":{"@id":"https:\/\/prismagamers.com\/hu\/produkt\/warhammer-40000-rogue-trader-voidfarer-edition-2\/#breadcrumb"},"inLanguage":"hu","potentialAction":[{"@type":"ReadAction","target":["https:\/\/prismagamers.com\/hu\/produkt\/warhammer-40000-rogue-trader-voidfarer-edition-2\/"]}]},{"@type":"ImageObject","inLanguage":"hu","@id":"https:\/\/prismagamers.com\/hu\/produkt\/warhammer-40000-rogue-trader-voidfarer-edition-2\/#primaryimage","url":"https:\/\/prismagamers.com\/wp-content\/uploads\/2025\/02\/Warhammer-40000_Rogue-Trader-\u2013-Voidfarer-Edition.jpeg","contentUrl":"https:\/\/prismagamers.com\/wp-content\/uploads\/2025\/02\/Warhammer-40000_Rogue-Trader-\u2013-Voidfarer-Edition.jpeg","width":600,"height":900},{"@type":"BreadcrumbList","@id":"https:\/\/prismagamers.com\/hu\/produkt\/warhammer-40000-rogue-trader-voidfarer-edition-2\/#breadcrumb","itemListElement":[{"@type":"ListItem","position":1,"name":"Strona g\u0142\u00f3wna","item":"https:\/\/prismagamers.com\/hu\/prismagamers\/"},{"@type":"ListItem","position":2,"name":"Shop","item":"https:\/\/prismagamers.com\/hu\/shop\/"},{"@type":"ListItem","position":3,"name":"Warhammer 40,000: Rogue Trader &#8211; Voidfarer Edition"}]},{"@type":"WebSite","@id":"https:\/\/prismagamers.com\/hu\/#website","url":"https:\/\/prismagamers.com\/hu\/","name":"Prismagamers","description":"Sklep z grami PC I Sklep klucze Steam","publisher":{"@id":"https:\/\/prismagamers.com\/hu\/#organization"},"potentialAction":[{"@type":"SearchAction","target":{"@type":"EntryPoint","urlTemplate":"https:\/\/prismagamers.com\/hu\/?s={search_term_string}"},"query-input":{"@type":"PropertyValueSpecification","valueRequired":true,"valueName":"search_term_string"}}],"inLanguage":"hu"},{"@type":"Organization","@id":"https:\/\/prismagamers.com\/hu\/#organization","name":"Prismagamers","url":"https:\/\/prismagamers.com\/hu\/","logo":{"@type":"ImageObject","inLanguage":"hu","@id":"https:\/\/prismagamers.com\/hu\/#\/schema\/logo\/image\/","url":"https:\/\/prismagamers.com\/wp-content\/uploads\/2022\/04\/cropped-logo-Prismagamers-01-scaled-1.jpg","contentUrl":"https:\/\/prismagamers.com\/wp-content\/uploads\/2022\/04\/cropped-logo-Prismagamers-01-scaled-1.jpg","width":512,"height":512,"caption":"Prismagamers"},"image":{"@id":"https:\/\/prismagamers.com\/hu\/#\/schema\/logo\/image\/"},"sameAs":["https:\/\/www.facebook.com\/prismagamers","https:\/\/www.instagram.com\/prismagamers_grycyfrowe\/"],"description":"Prismagamers.com to dynamiczny sklep z grami cyfrowymi, stworzony z my\u015bl\u0105 o entuzjastach gier wideo. Nasza strona oferuje szerok\u0105 gam\u0119 gier komputerowych, w tym najnowsze tytu\u0142y, dobrze znane klasyki oraz gry stworzone przez niezale\u017cne studia Ca\u0142y czas d\u0105\u017cymy do rozszerzenia naszej oferty. Do\u0142\u0105cz do nas i sta\u0144 si\u0119 cz\u0119\u015bci\u0105 naszej rosn\u0105cej spo\u0142eczno\u015bci graczy!","email":"shop@prismagamers.com","telephone":"48795541705","legalName":"East Caravan Maksym \u017bukow","foundingDate":"2012-05-10","vatID":"PL8943038612","taxID":"PL8943038612","numberOfEmployees":{"@type":"QuantitativeValue","minValue":"11","maxValue":"50"}}]}},"_links":{"self":[{"href":"https:\/\/prismagamers.com\/hu\/wp-json\/wp\/v2\/product\/35384","targetHints":{"allow":["GET"]}}],"collection":[{"href":"https:\/\/prismagamers.com\/hu\/wp-json\/wp\/v2\/product"}],"about":[{"href":"https:\/\/prismagamers.com\/hu\/wp-json\/wp\/v2\/types\/product"}],"wp:featuredmedia":[{"embeddable":true,"href":"https:\/\/prismagamers.com\/hu\/wp-json\/wp\/v2\/media\/37972"}],"wp:attachment":[{"href":"https:\/\/prismagamers.com\/hu\/wp-json\/wp\/v2\/media?parent=35384"}],"wp:term":[{"taxonomy":"product_brand","embeddable":true,"href":"https:\/\/prismagamers.com\/hu\/wp-json\/wp\/v2\/product_brand?post=35384"},{"taxonomy":"product_cat","embeddable":true,"href":"https:\/\/prismagamers.com\/hu\/wp-json\/wp\/v2\/product_cat?post=35384"},{"taxonomy":"product_tag","embeddable":true,"href":"https:\/\/prismagamers.com\/hu\/wp-json\/wp\/v2\/product_tag?post=35384"}],"curies":[{"name":"wp","href":"https:\/\/api.w.org\/{rel}","templated":true}]}}