{"id":35388,"date":"2025-02-25T15:15:38","date_gmt":"2025-02-25T14:15:38","guid":{"rendered":"https:\/\/prismagamers.com\/produkt\/daemonologie\/"},"modified":"2025-02-25T15:15:38","modified_gmt":"2025-02-25T14:15:38","slug":"daemonologie","status":"publish","type":"product","link":"https:\/\/prismagamers.com\/hu\/produkt\/daemonologie\/","title":{"rendered":"Daemonologie"},"content":{"rendered":"<p data-start=\"50\" data-end=\"449\"><strong data-start=\"50\" data-end=\"110\">Daemonologie &#8211; Witchcraft Folk Horror in a Scottish Village<\/strong><br data-start=\"110\" data-end=\"113\">A Daemonologie egy r\u00f6vid n\u00e9pi horror j\u00e1t\u00e9k, amelyet a 17. sz\u00e1zadi sk\u00f3t boszork\u00e1nyperek ihlettek. A j\u00e1t\u00e9kot az elismert <strong data-start=\"266\" data-end=\"293\">Symphony of Seven Souls<\/strong> c\u00edm\u0171 j\u00e1t\u00e9k szerz\u0151je k\u00e9sz\u00edtette. Vedd \u00e1t egy boszork\u00e1nyvad\u00e1sz szerep\u00e9t, akit egy kis sk\u00f3t faluba k\u00fcldenek, hogy megszabaduljon egy boszork\u00e1nyt\u00f3l, aki \u00e1ll\u00edt\u00f3lag fenyegeti a helyi lakosokat.  <\/p>\n<p data-start=\"451\" data-end=\"852\"><strong data-start=\"451\" data-end=\"479\">A Daemonology j\u00e1t\u00e9kmenete<\/strong><br data-start=\"479\" data-end=\"482\">A j\u00e1t\u00e9k sor\u00e1n a gyan\u00fas falusiak ut\u00e1n nyomozol, hogy megpr\u00f3b\u00e1ld kider\u00edteni az igazs\u00e1got a hazugs\u00e1gaik m\u00f6g\u00f6tt. Ha a besz\u00e9lget\u0151partnerek nem egy\u00fcttm\u0171k\u00f6d\u0151ek, akkor fejlettebb meggy\u0151z\u00e9si technik\u00e1kat is bevethetsz. A j\u00e1t\u00e9k nem vezet k\u00e9zen fogva, minden d\u00f6nt\u00e9sed d\u00f6nt\u0151 fontoss\u00e1g\u00fav\u00e1 teszi a tov\u00e1bbi fejlem\u00e9nyek szempontj\u00e1b\u00f3l.  <\/p>\n<p data-start=\"854\" data-end=\"1134\"><strong data-start=\"854\" data-end=\"888\">R\u00e9m\u00e1lmok \u00e9s time-lapse anim\u00e1ci\u00f3k<\/strong><br data-start=\"888\" data-end=\"891\">Minden nap v\u00e9g\u00e9n pr\u00f3f\u00e9tai r\u00e9m\u00e1lmokat fogsz \u00e1t\u00e9lni, amelyeket hangulatos time-lapse anim\u00e1ci\u00f3kban \u00e1br\u00e1zoltak. B\u00e1r teljes jelent\u00e9s\u00fck nem lesz vil\u00e1gos, rejtett igazs\u00e1gfoszl\u00e1nyokat t\u00e1rnak fel, amelyek seg\u00edtenek megoldani a rejt\u00e9lyt. <\/p>\n<p data-start=\"1136\" data-end=\"1165\"><strong data-start=\"1136\" data-end=\"1162\">Daemonologie j\u00e1t\u00e9k jellemz\u0151i<\/strong>:<\/p>\n<ul data-start=\"1166\" data-end=\"1648\">\n<li data-start=\"1166\" data-end=\"1244\"><strong data-start=\"1168\" data-end=\"1206\">K\u00e9zzel k\u00e9sz\u00edtett pixelgrafika<\/strong>, amely egyedi, s\u00f6t\u00e9t hangulatot teremt.<\/li>\n<li data-start=\"1245\" data-end=\"1317\"><strong data-start=\"1247\" data-end=\"1279\">Eredeti hangs\u00e1v<\/strong>, amely hangs\u00falyozza a titokzatos hangulatot.<\/li>\n<li data-start=\"1318\" data-end=\"1473\"><strong data-start=\"1320\" data-end=\"1360\">R\u00f6vid, egym\u00e1sba fon\u00f3d\u00f3 t\u00f6rt\u00e9netek<\/strong>, amelyek m\u00e1r egy j\u00e1t\u00e9k ut\u00e1n befejez\u00e9st k\u00edn\u00e1lnak, de a cselekm\u00e9ny teljes k\u00e9p\u00e9t csak t\u00f6bb j\u00e1t\u00e9k ut\u00e1n ismerheted meg.<\/li>\n<li data-start=\"1474\" data-end=\"1565\"><strong data-start=\"1476\" data-end=\"1507\">K\u00eds\u00e9rteties stop-motion anim\u00e1ci\u00f3k<\/strong>, amelyek a pr\u00f3f\u00e9tai r\u00e9m\u00e1lmok vil\u00e1g\u00e1ba viszik a j\u00e1t\u00e9kost.<\/li>\n<li data-start=\"1566\" data-end=\"1648\"><strong data-start=\"1568\" data-end=\"1594\">A j\u00e1t\u00e9k kib\u0151v\u00edtett v\u00e1ltozata<\/strong>, amelyet eredetileg a <strong data-start=\"1630\" data-end=\"1647\">HPS1 Jam 2020<\/strong> sor\u00e1n fejlesztettek ki.<\/li>\n<\/ul>\n<p data-start=\"1650\" data-end=\"1840\">A Daemonologie egy j\u00e1t\u00e9k az indie j\u00e1t\u00e9kok, a horrorfilmek \u00e9s a var\u00e1zslatokr\u00f3l \u00e9s rejt\u00e9lyes esem\u00e9nyekr\u0151l sz\u00f3l\u00f3 t\u00f6rt\u00e9netek kedvel\u0151inek. Tapasztald meg az egyed\u00fcl\u00e1ll\u00f3 \u00e9lm\u00e9nyt a s\u00f6t\u00e9t rejtv\u00e9nyek \u00e9s nyugtalan\u00edt\u00f3 l\u00e1tom\u00e1sok vil\u00e1g\u00e1ban. <\/p>\n","protected":false},"excerpt":{"rendered":"<p>A Daemonologie egy <strong data-start=\"139\" data-end=\"164\">r\u00f6vid n\u00e9pi horror<\/strong>, amely a <strong data-start=\"205\" data-end=\"235\">sk\u00f3t boszork\u00e1nyperek<\/strong> s\u00f6t\u00e9t vil\u00e1g\u00e1ba kalauzol el. Vedd \u00e1t <strong data-start=\"254\" data-end=\"273\">egy boszork\u00e1nyvad\u00e1sz<\/strong> szerep\u00e9t, akit egy kis faluba k\u00fcldenek, hogy kider\u00edtse, ki a lakosok k\u00f6z\u00fcl a felel\u0151s a k\u00f6rny\u00e9kre fenyeget\u0151 boszork\u00e1nys\u00e1g\u00e9rt. <\/p>\n<p>\ud83c\udf0d Glob\u00e1lis<br \/>\n\u2699\ufe0f Steam<br \/>\n\ud83d\udddd Digit\u00e1lis kulcs<\/p>\n","protected":false},"featured_media":34145,"template":"","meta":{"_acf_changed":false,"site-sidebar-layout":"default","site-content-layout":"","ast-site-content-layout":"default","site-content-style":"default","site-sidebar-style":"default","ast-global-header-display":"","ast-banner-title-visibility":"","ast-main-header-display":"","ast-hfb-above-header-display":"","ast-hfb-below-header-display":"","ast-hfb-mobile-header-display":"","site-post-title":"","ast-breadcrumbs-content":"","ast-featured-img":"","footer-sml-layout":"","ast-disable-related-posts":"","theme-transparent-header-meta":"default","adv-header-id-meta":"","stick-header-meta":"","header-above-stick-meta":"","header-main-stick-meta":"","header-below-stick-meta":"","astra-migrate-meta-layouts":"default","ast-page-background-enabled":"default","ast-page-background-meta":{"desktop":{"background-color":"var(--ast-global-color-4)","background-image":"","background-repeat":"repeat","background-position":"center center","background-size":"auto","background-attachment":"scroll","background-type":"","background-media":"","overlay-type":"","overlay-color":"","overlay-opacity":"","overlay-gradient":""},"tablet":{"background-color":"","background-image":"","background-repeat":"repeat","background-position":"center center","background-size":"auto","background-attachment":"scroll","background-type":"","background-media":"","overlay-type":"","overlay-color":"","overlay-opacity":"","overlay-gradient":""},"mobile":{"background-color":"","background-image":"","background-repeat":"repeat","background-position":"center center","background-size":"auto","background-attachment":"scroll","background-type":"","background-media":"","overlay-type":"","overlay-color":"","overlay-opacity":"","overlay-gradient":""}},"ast-content-background-meta":{"desktop":{"background-color":"var(--ast-global-color-5)","background-image":"","background-repeat":"repeat","background-position":"center center","background-size":"auto","background-attachment":"scroll","background-type":"","background-media":"","overlay-type":"","overlay-color":"","overlay-opacity":"","overlay-gradient":""},"tablet":{"background-color":"var(--ast-global-color-5)","background-image":"","background-repeat":"repeat","background-position":"center center","background-size":"auto","background-attachment":"scroll","background-type":"","background-media":"","overlay-type":"","overlay-color":"","overlay-opacity":"","overlay-gradient":""},"mobile":{"background-color":"var(--ast-global-color-5)","background-image":"","background-repeat":"repeat","background-position":"center center","background-size":"auto","background-attachment":"scroll","background-type":"","background-media":"","overlay-type":"","overlay-color":"","overlay-opacity":"","overlay-gradient":""}}},"product_brand":[],"product_cat":[365,385],"product_tag":[],"class_list":{"0":"post-35388","1":"product","2":"type-product","3":"status-publish","4":"has-post-thumbnail","6":"product_cat-goz","7":"product_cat-horror-hu","8":"desktop-align-left","9":"tablet-align-left","10":"mobile-align-left","12":"first","13":"instock","14":"virtual","15":"purchasable","16":"product-type-simple"},"acf":[],"yoast_head":"<!-- This site is optimized with the Yoast SEO Premium plugin v27.5 (Yoast SEO v27.5) - https:\/\/yoast.com\/product\/yoast-seo-premium-wordpress\/ -->\n<title>Daemonologie - Prismagamers.com<\/title>\n<meta name=\"description\" content=\"A Daemonologie egy r\u00f6vid n\u00e9pi horror, amely a sk\u00f3t boszork\u00e1nyperek s\u00f6t\u00e9t vil\u00e1g\u00e1ba kalauzol el. Vedd \u00e1t egy boszork\u00e1nyvad\u00e1sz szerep\u00e9t, akit egy kis faluba k\u00fcldenek, hogy kider\u00edtse, ki a lakosok k\u00f6z\u00fcl a felel\u0151s a k\u00f6rny\u00e9kre fenyeget\u0151 boszork\u00e1nys\u00e1g\u00e9rt.  \ud83c\udf0d Glob\u00e1lis \u2699\ufe0f Steam \ud83d\udddd Digit\u00e1lis kulcs\" \/>\n<meta name=\"robots\" content=\"index, follow, max-snippet:-1, max-image-preview:large, max-video-preview:-1\" \/>\n<link rel=\"canonical\" href=\"https:\/\/prismagamers.com\/hu\/produkt\/daemonologie\/\" \/>\n<meta property=\"og:locale\" content=\"hu_HU\" \/>\n<meta property=\"og:type\" content=\"article\" \/>\n<meta property=\"og:title\" content=\"Daemonologie\" \/>\n<meta property=\"og:description\" content=\"A Daemonologie egy r\u00f6vid n\u00e9pi horror, amely a sk\u00f3t boszork\u00e1nyperek s\u00f6t\u00e9t vil\u00e1g\u00e1ba kalauzol el. Vedd \u00e1t egy boszork\u00e1nyvad\u00e1sz szerep\u00e9t, akit egy kis faluba k\u00fcldenek, hogy kider\u00edtse, ki a lakosok k\u00f6z\u00fcl a felel\u0151s a k\u00f6rny\u00e9kre fenyeget\u0151 boszork\u00e1nys\u00e1g\u00e9rt.  \ud83c\udf0d Glob\u00e1lis \u2699\ufe0f Steam \ud83d\udddd Digit\u00e1lis kulcs\" \/>\n<meta property=\"og:url\" content=\"https:\/\/prismagamers.com\/hu\/produkt\/daemonologie\/\" \/>\n<meta property=\"og:site_name\" content=\"Prismagamers.com\" \/>\n<meta property=\"article:publisher\" content=\"https:\/\/www.facebook.com\/prismagamers\" \/>\n<meta property=\"og:image\" content=\"https:\/\/prismagamers.com\/wp-content\/uploads\/2025\/02\/library_600x900_2x-9-e1740492882817.jpg\" \/>\n\t<meta property=\"og:image:width\" content=\"600\" \/>\n\t<meta property=\"og:image:height\" content=\"900\" \/>\n\t<meta property=\"og:image:type\" content=\"image\/jpeg\" \/>\n<meta name=\"twitter:card\" content=\"summary_large_image\" \/>\n<meta name=\"twitter:label1\" content=\"Becs\u00fclt olvas\u00e1si id\u0151\" \/>\n\t<meta name=\"twitter:data1\" content=\"2 perc\" \/>\n<script type=\"application\/ld+json\" class=\"yoast-schema-graph\">{\"@context\":\"https:\\\/\\\/schema.org\",\"@graph\":[{\"@type\":\"WebPage\",\"@id\":\"https:\\\/\\\/prismagamers.com\\\/hu\\\/produkt\\\/daemonologie\\\/\",\"url\":\"https:\\\/\\\/prismagamers.com\\\/hu\\\/produkt\\\/daemonologie\\\/\",\"name\":\"Daemonologie - Prismagamers.com\",\"isPartOf\":{\"@id\":\"https:\\\/\\\/prismagamers.com\\\/hu\\\/#website\"},\"primaryImageOfPage\":{\"@id\":\"https:\\\/\\\/prismagamers.com\\\/hu\\\/produkt\\\/daemonologie\\\/#primaryimage\"},\"image\":{\"@id\":\"https:\\\/\\\/prismagamers.com\\\/hu\\\/produkt\\\/daemonologie\\\/#primaryimage\"},\"thumbnailUrl\":\"https:\\\/\\\/prismagamers.com\\\/wp-content\\\/uploads\\\/2025\\\/02\\\/library_600x900_2x-9-e1740492882817.jpg\",\"datePublished\":\"2025-02-25T14:15:38+00:00\",\"description\":\"A Daemonologie egy r\u00f6vid n\u00e9pi horror, amely a sk\u00f3t boszork\u00e1nyperek s\u00f6t\u00e9t vil\u00e1g\u00e1ba kalauzol el. Vedd \u00e1t egy boszork\u00e1nyvad\u00e1sz szerep\u00e9t, akit egy kis faluba k\u00fcldenek, hogy kider\u00edtse, ki a lakosok k\u00f6z\u00fcl a felel\u0151s a k\u00f6rny\u00e9kre fenyeget\u0151 boszork\u00e1nys\u00e1g\u00e9rt. \ud83c\udf0d Glob\u00e1lis \u2699\ufe0f Steam \ud83d\udddd Digit\u00e1lis kulcs\",\"breadcrumb\":{\"@id\":\"https:\\\/\\\/prismagamers.com\\\/hu\\\/produkt\\\/daemonologie\\\/#breadcrumb\"},\"inLanguage\":\"hu\",\"potentialAction\":[{\"@type\":\"ReadAction\",\"target\":[\"https:\\\/\\\/prismagamers.com\\\/hu\\\/produkt\\\/daemonologie\\\/\"]}]},{\"@type\":\"ImageObject\",\"inLanguage\":\"hu\",\"@id\":\"https:\\\/\\\/prismagamers.com\\\/hu\\\/produkt\\\/daemonologie\\\/#primaryimage\",\"url\":\"https:\\\/\\\/prismagamers.com\\\/wp-content\\\/uploads\\\/2025\\\/02\\\/library_600x900_2x-9-e1740492882817.jpg\",\"contentUrl\":\"https:\\\/\\\/prismagamers.com\\\/wp-content\\\/uploads\\\/2025\\\/02\\\/library_600x900_2x-9-e1740492882817.jpg\",\"width\":600,\"height\":900,\"caption\":\"Daemonologie boxshot\"},{\"@type\":\"BreadcrumbList\",\"@id\":\"https:\\\/\\\/prismagamers.com\\\/hu\\\/produkt\\\/daemonologie\\\/#breadcrumb\",\"itemListElement\":[{\"@type\":\"ListItem\",\"position\":1,\"name\":\"Strona g\u0142\u00f3wna\",\"item\":\"https:\\\/\\\/prismagamers.com\\\/hu\\\/prismagamers\\\/\"},{\"@type\":\"ListItem\",\"position\":2,\"name\":\"Shop\",\"item\":\"https:\\\/\\\/prismagamers.com\\\/hu\\\/shop\\\/\"},{\"@type\":\"ListItem\",\"position\":3,\"name\":\"Daemonologie\"}]},{\"@type\":\"WebSite\",\"@id\":\"https:\\\/\\\/prismagamers.com\\\/hu\\\/#website\",\"url\":\"https:\\\/\\\/prismagamers.com\\\/hu\\\/\",\"name\":\"Prismagamers\",\"description\":\"Sklep z grami PC I Sklep klucze Steam\",\"publisher\":{\"@id\":\"https:\\\/\\\/prismagamers.com\\\/hu\\\/#organization\"},\"potentialAction\":[{\"@type\":\"SearchAction\",\"target\":{\"@type\":\"EntryPoint\",\"urlTemplate\":\"https:\\\/\\\/prismagamers.com\\\/hu\\\/?s={search_term_string}\"},\"query-input\":{\"@type\":\"PropertyValueSpecification\",\"valueRequired\":true,\"valueName\":\"search_term_string\"}}],\"inLanguage\":\"hu\"},{\"@type\":\"Organization\",\"@id\":\"https:\\\/\\\/prismagamers.com\\\/hu\\\/#organization\",\"name\":\"Prismagamers\",\"url\":\"https:\\\/\\\/prismagamers.com\\\/hu\\\/\",\"logo\":{\"@type\":\"ImageObject\",\"inLanguage\":\"hu\",\"@id\":\"https:\\\/\\\/prismagamers.com\\\/hu\\\/#\\\/schema\\\/logo\\\/image\\\/\",\"url\":\"https:\\\/\\\/prismagamers.com\\\/wp-content\\\/uploads\\\/2022\\\/04\\\/cropped-logo-Prismagamers-01-scaled-1.jpg\",\"contentUrl\":\"https:\\\/\\\/prismagamers.com\\\/wp-content\\\/uploads\\\/2022\\\/04\\\/cropped-logo-Prismagamers-01-scaled-1.jpg\",\"width\":512,\"height\":512,\"caption\":\"Prismagamers\"},\"image\":{\"@id\":\"https:\\\/\\\/prismagamers.com\\\/hu\\\/#\\\/schema\\\/logo\\\/image\\\/\"},\"sameAs\":[\"https:\\\/\\\/www.facebook.com\\\/prismagamers\",\"https:\\\/\\\/www.instagram.com\\\/prismagamers_grycyfrowe\\\/\"],\"description\":\"Prismagamers.com to dynamiczny sklep z grami cyfrowymi, stworzony z my\u015bl\u0105 o entuzjastach gier wideo. Nasza strona oferuje szerok\u0105 gam\u0119 gier komputerowych, w tym najnowsze tytu\u0142y, dobrze znane klasyki oraz gry stworzone przez niezale\u017cne studia Ca\u0142y czas d\u0105\u017cymy do rozszerzenia naszej oferty. Do\u0142\u0105cz do nas i sta\u0144 si\u0119 cz\u0119\u015bci\u0105 naszej rosn\u0105cej spo\u0142eczno\u015bci graczy!\",\"email\":\"shop@prismagamers.com\",\"telephone\":\"48795541705\",\"legalName\":\"East Caravan Maksym \u017bukow\",\"foundingDate\":\"2012-05-10\",\"vatID\":\"PL8943038612\",\"taxID\":\"PL8943038612\",\"numberOfEmployees\":{\"@type\":\"QuantitativeValue\",\"minValue\":\"11\",\"maxValue\":\"50\"}}]}<\/script>\n<!-- \/ Yoast SEO Premium plugin. -->","yoast_head_json":{"title":"Daemonologie - Prismagamers.com","description":"A Daemonologie egy r\u00f6vid n\u00e9pi horror, amely a sk\u00f3t boszork\u00e1nyperek s\u00f6t\u00e9t vil\u00e1g\u00e1ba kalauzol el. Vedd \u00e1t egy boszork\u00e1nyvad\u00e1sz szerep\u00e9t, akit egy kis faluba k\u00fcldenek, hogy kider\u00edtse, ki a lakosok k\u00f6z\u00fcl a felel\u0151s a k\u00f6rny\u00e9kre fenyeget\u0151 boszork\u00e1nys\u00e1g\u00e9rt.  \ud83c\udf0d Glob\u00e1lis \u2699\ufe0f Steam \ud83d\udddd Digit\u00e1lis kulcs","robots":{"index":"index","follow":"follow","max-snippet":"max-snippet:-1","max-image-preview":"max-image-preview:large","max-video-preview":"max-video-preview:-1"},"canonical":"https:\/\/prismagamers.com\/hu\/produkt\/daemonologie\/","og_locale":"hu_HU","og_type":"article","og_title":"Daemonologie","og_description":"A Daemonologie egy r\u00f6vid n\u00e9pi horror, amely a sk\u00f3t boszork\u00e1nyperek s\u00f6t\u00e9t vil\u00e1g\u00e1ba kalauzol el. Vedd \u00e1t egy boszork\u00e1nyvad\u00e1sz szerep\u00e9t, akit egy kis faluba k\u00fcldenek, hogy kider\u00edtse, ki a lakosok k\u00f6z\u00fcl a felel\u0151s a k\u00f6rny\u00e9kre fenyeget\u0151 boszork\u00e1nys\u00e1g\u00e9rt.  \ud83c\udf0d Glob\u00e1lis \u2699\ufe0f Steam \ud83d\udddd Digit\u00e1lis kulcs","og_url":"https:\/\/prismagamers.com\/hu\/produkt\/daemonologie\/","og_site_name":"Prismagamers.com","article_publisher":"https:\/\/www.facebook.com\/prismagamers","og_image":[{"width":600,"height":900,"url":"https:\/\/prismagamers.com\/wp-content\/uploads\/2025\/02\/library_600x900_2x-9-e1740492882817.jpg","type":"image\/jpeg"}],"twitter_card":"summary_large_image","twitter_misc":{"Becs\u00fclt olvas\u00e1si id\u0151":"2 perc"},"schema":{"@context":"https:\/\/schema.org","@graph":[{"@type":"WebPage","@id":"https:\/\/prismagamers.com\/hu\/produkt\/daemonologie\/","url":"https:\/\/prismagamers.com\/hu\/produkt\/daemonologie\/","name":"Daemonologie - Prismagamers.com","isPartOf":{"@id":"https:\/\/prismagamers.com\/hu\/#website"},"primaryImageOfPage":{"@id":"https:\/\/prismagamers.com\/hu\/produkt\/daemonologie\/#primaryimage"},"image":{"@id":"https:\/\/prismagamers.com\/hu\/produkt\/daemonologie\/#primaryimage"},"thumbnailUrl":"https:\/\/prismagamers.com\/wp-content\/uploads\/2025\/02\/library_600x900_2x-9-e1740492882817.jpg","datePublished":"2025-02-25T14:15:38+00:00","description":"A Daemonologie egy r\u00f6vid n\u00e9pi horror, amely a sk\u00f3t boszork\u00e1nyperek s\u00f6t\u00e9t vil\u00e1g\u00e1ba kalauzol el. Vedd \u00e1t egy boszork\u00e1nyvad\u00e1sz szerep\u00e9t, akit egy kis faluba k\u00fcldenek, hogy kider\u00edtse, ki a lakosok k\u00f6z\u00fcl a felel\u0151s a k\u00f6rny\u00e9kre fenyeget\u0151 boszork\u00e1nys\u00e1g\u00e9rt. \ud83c\udf0d Glob\u00e1lis \u2699\ufe0f Steam \ud83d\udddd Digit\u00e1lis kulcs","breadcrumb":{"@id":"https:\/\/prismagamers.com\/hu\/produkt\/daemonologie\/#breadcrumb"},"inLanguage":"hu","potentialAction":[{"@type":"ReadAction","target":["https:\/\/prismagamers.com\/hu\/produkt\/daemonologie\/"]}]},{"@type":"ImageObject","inLanguage":"hu","@id":"https:\/\/prismagamers.com\/hu\/produkt\/daemonologie\/#primaryimage","url":"https:\/\/prismagamers.com\/wp-content\/uploads\/2025\/02\/library_600x900_2x-9-e1740492882817.jpg","contentUrl":"https:\/\/prismagamers.com\/wp-content\/uploads\/2025\/02\/library_600x900_2x-9-e1740492882817.jpg","width":600,"height":900,"caption":"Daemonologie boxshot"},{"@type":"BreadcrumbList","@id":"https:\/\/prismagamers.com\/hu\/produkt\/daemonologie\/#breadcrumb","itemListElement":[{"@type":"ListItem","position":1,"name":"Strona g\u0142\u00f3wna","item":"https:\/\/prismagamers.com\/hu\/prismagamers\/"},{"@type":"ListItem","position":2,"name":"Shop","item":"https:\/\/prismagamers.com\/hu\/shop\/"},{"@type":"ListItem","position":3,"name":"Daemonologie"}]},{"@type":"WebSite","@id":"https:\/\/prismagamers.com\/hu\/#website","url":"https:\/\/prismagamers.com\/hu\/","name":"Prismagamers","description":"Sklep z grami PC I Sklep klucze Steam","publisher":{"@id":"https:\/\/prismagamers.com\/hu\/#organization"},"potentialAction":[{"@type":"SearchAction","target":{"@type":"EntryPoint","urlTemplate":"https:\/\/prismagamers.com\/hu\/?s={search_term_string}"},"query-input":{"@type":"PropertyValueSpecification","valueRequired":true,"valueName":"search_term_string"}}],"inLanguage":"hu"},{"@type":"Organization","@id":"https:\/\/prismagamers.com\/hu\/#organization","name":"Prismagamers","url":"https:\/\/prismagamers.com\/hu\/","logo":{"@type":"ImageObject","inLanguage":"hu","@id":"https:\/\/prismagamers.com\/hu\/#\/schema\/logo\/image\/","url":"https:\/\/prismagamers.com\/wp-content\/uploads\/2022\/04\/cropped-logo-Prismagamers-01-scaled-1.jpg","contentUrl":"https:\/\/prismagamers.com\/wp-content\/uploads\/2022\/04\/cropped-logo-Prismagamers-01-scaled-1.jpg","width":512,"height":512,"caption":"Prismagamers"},"image":{"@id":"https:\/\/prismagamers.com\/hu\/#\/schema\/logo\/image\/"},"sameAs":["https:\/\/www.facebook.com\/prismagamers","https:\/\/www.instagram.com\/prismagamers_grycyfrowe\/"],"description":"Prismagamers.com to dynamiczny sklep z grami cyfrowymi, stworzony z my\u015bl\u0105 o entuzjastach gier wideo. Nasza strona oferuje szerok\u0105 gam\u0119 gier komputerowych, w tym najnowsze tytu\u0142y, dobrze znane klasyki oraz gry stworzone przez niezale\u017cne studia Ca\u0142y czas d\u0105\u017cymy do rozszerzenia naszej oferty. Do\u0142\u0105cz do nas i sta\u0144 si\u0119 cz\u0119\u015bci\u0105 naszej rosn\u0105cej spo\u0142eczno\u015bci graczy!","email":"shop@prismagamers.com","telephone":"48795541705","legalName":"East Caravan Maksym \u017bukow","foundingDate":"2012-05-10","vatID":"PL8943038612","taxID":"PL8943038612","numberOfEmployees":{"@type":"QuantitativeValue","minValue":"11","maxValue":"50"}}]}},"_links":{"self":[{"href":"https:\/\/prismagamers.com\/hu\/wp-json\/wp\/v2\/product\/35388","targetHints":{"allow":["GET"]}}],"collection":[{"href":"https:\/\/prismagamers.com\/hu\/wp-json\/wp\/v2\/product"}],"about":[{"href":"https:\/\/prismagamers.com\/hu\/wp-json\/wp\/v2\/types\/product"}],"wp:featuredmedia":[{"embeddable":true,"href":"https:\/\/prismagamers.com\/hu\/wp-json\/wp\/v2\/media\/34145"}],"wp:attachment":[{"href":"https:\/\/prismagamers.com\/hu\/wp-json\/wp\/v2\/media?parent=35388"}],"wp:term":[{"taxonomy":"product_brand","embeddable":true,"href":"https:\/\/prismagamers.com\/hu\/wp-json\/wp\/v2\/product_brand?post=35388"},{"taxonomy":"product_cat","embeddable":true,"href":"https:\/\/prismagamers.com\/hu\/wp-json\/wp\/v2\/product_cat?post=35388"},{"taxonomy":"product_tag","embeddable":true,"href":"https:\/\/prismagamers.com\/hu\/wp-json\/wp\/v2\/product_tag?post=35388"}],"curies":[{"name":"wp","href":"https:\/\/api.w.org\/{rel}","templated":true}]}}