{"id":35389,"date":"2025-02-27T21:54:49","date_gmt":"2025-02-27T20:54:49","guid":{"rendered":"https:\/\/prismagamers.com\/produkt\/vampire-the-masquerade-new-york-i-visszavagas\/"},"modified":"2026-03-05T00:00:39","modified_gmt":"2026-03-04T23:00:39","slug":"vampire-the-masquerade-reckoning-of-new-york","status":"publish","type":"product","link":"https:\/\/prismagamers.com\/hu\/produkt\/vampire-the-masquerade-reckoning-of-new-york\/","title":{"rendered":"A Vampire: The Masquerade &#8211; Reckoning of New York"},"content":{"rendered":"<div class=\"flex max-w-full flex-col flex-grow\">\n<div class=\"min-h-8 text-message relative flex w-full flex-col items-end gap-2 whitespace-normal break-words text-start [.text-message+&amp;]:mt-5\" dir=\"auto\" data-message-author-role=\"assistant\" data-message-id=\"0d4da2d7-e01a-443c-afad-f57c02e4911c\" data-message-model-slug=\"gpt-4o\">\n<div class=\"flex w-full flex-col gap-1 empty:hidden first:pt-[3px]\">\n<div class=\"markdown prose w-full break-words dark:prose-invert light\">\n<p data-start=\"0\" data-end=\"435\">Mer\u00fclj el New York City s\u00f6t\u00e9t utc\u00e1in a 2024-es \u00e9vben, ahol a hatalom k\u00e9nyes egyens\u00falya a t\u00e9t. Navig\u00e1lj a v\u00e1mp\u00edrpolitika \u00e1rul\u00f3 vizein, mik\u00f6zben a Camarilla \u00e9s az Anarchist\u00e1k k\u00f6z\u00f6tt folyamatosan v\u00e1ltoz\u00f3 er\u0151viszonyokkal kell szemben\u00e9zned. Egy olyan v\u00e1rosban, ahol minden mozdulat k\u00fcl\u00f6nbs\u00e9get jelenthet az \u00e9let \u00e9s a v\u00e9gs\u0151 hal\u00e1l k\u00f6z\u00f6tt, siker\u00fcl-e a k\u00e1osz k\u00f6zepette kialak\u00edtanod a saj\u00e1t sorsodat, vagy az amb\u00edci\u00f3d a v\u00e9gzetedbe vezet?<\/p>\n<p data-start=\"437\" data-end=\"769\"><strong data-start=\"437\" data-end=\"488\">A Vampire: The Masquerade &#8211; Reckoning of New York<\/strong> megh\u00edvja \u00d6nt ennek a mag\u00e1val ragad\u00f3 vizu\u00e1lis reg\u00e9nysorozatnak a harmadik r\u00e9sz\u00e9nek vil\u00e1g\u00e1ba, amely egy term\u00e9szetfeletti intrik\u00e1kkal teli modern metropolisz val\u00f3s\u00e1g\u00e1ban j\u00e1tsz\u00f3dik. Vedd \u00e1t a Kindredek egyik\u00e9nek szerep\u00e9t, egy v\u00e1mp\u00edr\u00e9t, aki a vesz\u00e9ly \u00e9s \u00e1rul\u00e1s \u00f6rv\u00e9ny\u00e9be ker\u00fclt, ahol a t\u00fal\u00e9l\u00e9s a legfontosabb.<\/p>\n<p data-start=\"771\" data-end=\"1015\">Haszn\u00e1ld ki az \u00faj j\u00e1t\u00e9kmechanik\u00e1kat, \u00e9s a Fegyelmek erej\u00e9t felhaszn\u00e1lva gy\u0151zd le az akad\u00e1lyokat, vagy ker\u00fcld el a r\u00e1d tapos\u00f3 k\u00f6ny\u00f6rtelen vad\u00e1szokat. De vigy\u00e1zz a telhetetlen \u00e9hs\u00e9ggel, amely folyamatosan gy\u00f6t\u00f6r, \u00e9s azzal fenyeget, hogy elszabad\u00edtja a sz\u00f6rnyeteget.<\/p>\n<p data-start=\"1017\" data-end=\"1161\">Induljon el egy felfedez\u0151 \u00e9s megt\u00e9veszt\u0151 utaz\u00e1sra k\u00e9t k\u00fcl\u00f6nb\u00f6z\u0151 n\u00e9z\u0151pontb\u00f3l, amelyek mindegyike a Nagy Alma \u00e9jszakai \u00e9let\u00e9nek egyedi titkait t\u00e1rja fel.<\/p>\n<p data-start=\"1163\" data-end=\"1307\" data-is-last-node=\"\" data-is-only-node=\"\">Ahogy a New York-i Kindred t\u00f6rt\u00e9nete a v\u00e9g\u00e9hez k\u00f6zeledik, k\u00e9sz\u00fclj\u00f6n fel ennek az izgalmas t\u00f6rt\u00e9netnek az izgalmas cs\u00facspontj\u00e1ra a betondzsungel sz\u00edv\u00e9ben!<\/p>\n<\/div>\n<\/div>\n<\/div>\n<\/div>\n","protected":false},"excerpt":{"rendered":"<p class=\"ai-optimize-28\">A <strong data-start=\"0\" data-end=\"51\" data-is-only-node=\"\">Vampire: The Masquerade &#8211; Reckoning of New York<\/strong> egy narrat\u00edv j\u00e1t\u00e9k, amely a <strong data-start=\"91\" data-end=\"107\">World of Darkness<\/strong> univerzumban j\u00e1tsz\u00f3dik. Vedd magadra az egyik v\u00e1mp\u00edrkl\u00e1n tagj\u00e1nak szerep\u00e9t, \u00e9s \u00e9lj t\u00fal egy v\u00e1ltoz\u00f3 politikai k\u00f6rnyezetben, ahol a <strong data-start=\"237\" data-end=\"250\">kamarilla<\/strong> \u00e9s az <strong data-start=\"253\" data-end=\"268\">anarchista<\/strong> hat\u00e1sok \u00f6sszecsapnak. Vajon siker\u00fcl \u00e9letben maradnod egy intrik\u00e1kkal \u00e9s \u00e1rul\u00e1sokkal teli vil\u00e1gban?<\/p>\n<p class=\"ai-optimize-29\">\ud83c\udf0d Glob\u00e1lis<br \/>\n\u2699\ufe0f Steam<br \/>\n\ud83d\udddd Digit\u00e1lis kulcs<\/p>\n","protected":false},"featured_media":35390,"template":"","meta":{"_acf_changed":false,"site-sidebar-layout":"default","site-content-layout":"","ast-site-content-layout":"default","site-content-style":"default","site-sidebar-style":"default","ast-global-header-display":"","ast-banner-title-visibility":"","ast-main-header-display":"","ast-hfb-above-header-display":"","ast-hfb-below-header-display":"","ast-hfb-mobile-header-display":"","site-post-title":"","ast-breadcrumbs-content":"","ast-featured-img":"","footer-sml-layout":"","ast-disable-related-posts":"","theme-transparent-header-meta":"default","adv-header-id-meta":"","stick-header-meta":"","header-above-stick-meta":"","header-main-stick-meta":"","header-below-stick-meta":"","astra-migrate-meta-layouts":"set","ast-page-background-enabled":"default","ast-page-background-meta":{"desktop":{"background-color":"var(--ast-global-color-4)","background-image":"","background-repeat":"repeat","background-position":"center center","background-size":"auto","background-attachment":"scroll","background-type":"","background-media":"","overlay-type":"","overlay-color":"","overlay-opacity":"","overlay-gradient":""},"tablet":{"background-color":"","background-image":"","background-repeat":"repeat","background-position":"center center","background-size":"auto","background-attachment":"scroll","background-type":"","background-media":"","overlay-type":"","overlay-color":"","overlay-opacity":"","overlay-gradient":""},"mobile":{"background-color":"","background-image":"","background-repeat":"repeat","background-position":"center center","background-size":"auto","background-attachment":"scroll","background-type":"","background-media":"","overlay-type":"","overlay-color":"","overlay-opacity":"","overlay-gradient":""}},"ast-content-background-meta":{"desktop":{"background-color":"var(--ast-global-color-5)","background-image":"","background-repeat":"repeat","background-position":"center center","background-size":"auto","background-attachment":"scroll","background-type":"","background-media":"","overlay-type":"","overlay-color":"","overlay-opacity":"","overlay-gradient":""},"tablet":{"background-color":"var(--ast-global-color-5)","background-image":"","background-repeat":"repeat","background-position":"center center","background-size":"auto","background-attachment":"scroll","background-type":"","background-media":"","overlay-type":"","overlay-color":"","overlay-opacity":"","overlay-gradient":""},"mobile":{"background-color":"var(--ast-global-color-5)","background-image":"","background-repeat":"repeat","background-position":"center center","background-size":"auto","background-attachment":"scroll","background-type":"","background-media":"","overlay-type":"","overlay-color":"","overlay-opacity":"","overlay-gradient":""}}},"product_brand":[],"product_cat":[369,365,384,364],"product_tag":[542],"class_list":{"0":"post-35389","1":"product","2":"type-product","3":"status-publish","4":"has-post-thumbnail","6":"product_cat-csarnokok","7":"product_cat-goz","8":"product_cat-kedves-falusiak","9":"product_cat-rpg-k","10":"product_tag-pid_04-hu","11":"desktop-align-left","12":"tablet-align-left","13":"mobile-align-left","15":"first","16":"instock","17":"virtual","18":"purchasable","19":"product-type-simple"},"acf":[],"yoast_head":"<!-- This site is optimized with the Yoast SEO Premium plugin v27.4 (Yoast SEO v27.4) - https:\/\/yoast.com\/product\/yoast-seo-premium-wordpress\/ -->\n<title>A Vampire: The Masquerade - Reckoning of New York - Prismagamers.com<\/title>\n<meta name=\"description\" content=\"A Vampire: The Masquerade - Reckoning of New York egy narrat\u00edv j\u00e1t\u00e9k, amely a World of Darkness univerzumban j\u00e1tsz\u00f3dik. Vedd magadra az egyik v\u00e1mp\u00edrkl\u00e1n tagj\u00e1nak szerep\u00e9t, \u00e9s \u00e9lj t\u00fal egy v\u00e1ltoz\u00f3 politikai k\u00f6rnyezetben, ahol a kamarilla \u00e9s az anarchista hat\u00e1sok \u00f6sszecsapnak. Vajon siker\u00fcl \u00e9letben maradnod egy intrik\u00e1kkal \u00e9s \u00e1rul\u00e1sokkal teli vil\u00e1gban? \ud83c\udf0d Glob\u00e1lis \u2699\ufe0f Steam \ud83d\udddd Digit\u00e1lis kulcs\" \/>\n<meta name=\"robots\" content=\"index, follow, max-snippet:-1, max-image-preview:large, max-video-preview:-1\" \/>\n<link rel=\"canonical\" href=\"https:\/\/prismagamers.com\/hu\/produkt\/vampire-the-masquerade-reckoning-of-new-york\/\" \/>\n<meta property=\"og:locale\" content=\"hu_HU\" \/>\n<meta property=\"og:type\" content=\"article\" \/>\n<meta property=\"og:title\" content=\"A Vampire: The Masquerade - Reckoning of New York\" \/>\n<meta property=\"og:description\" content=\"A Vampire: The Masquerade - Reckoning of New York egy narrat\u00edv j\u00e1t\u00e9k, amely a World of Darkness univerzumban j\u00e1tsz\u00f3dik. Vedd magadra az egyik v\u00e1mp\u00edrkl\u00e1n tagj\u00e1nak szerep\u00e9t, \u00e9s \u00e9lj t\u00fal egy v\u00e1ltoz\u00f3 politikai k\u00f6rnyezetben, ahol a kamarilla \u00e9s az anarchista hat\u00e1sok \u00f6sszecsapnak. Vajon siker\u00fcl \u00e9letben maradnod egy intrik\u00e1kkal \u00e9s \u00e1rul\u00e1sokkal teli vil\u00e1gban? \ud83c\udf0d Glob\u00e1lis \u2699\ufe0f Steam \ud83d\udddd Digit\u00e1lis kulcs\" \/>\n<meta property=\"og:url\" content=\"https:\/\/prismagamers.com\/hu\/produkt\/vampire-the-masquerade-reckoning-of-new-york\/\" \/>\n<meta property=\"og:site_name\" content=\"Prismagamers.com\" \/>\n<meta property=\"article:publisher\" content=\"https:\/\/www.facebook.com\/prismagamers\" \/>\n<meta property=\"article:modified_time\" content=\"2026-03-04T23:00:39+00:00\" \/>\n<meta property=\"og:image\" content=\"https:\/\/prismagamers.com\/wp-content\/uploads\/2025\/02\/Vampire-The-Masquerade-Reckoning-of-New-York1-1-e1740689524861.jpg\" \/>\n\t<meta property=\"og:image:width\" content=\"300\" \/>\n\t<meta property=\"og:image:height\" content=\"450\" \/>\n\t<meta property=\"og:image:type\" content=\"image\/jpeg\" \/>\n<meta name=\"twitter:card\" content=\"summary_large_image\" \/>\n<meta name=\"twitter:label1\" content=\"Becs\u00fclt olvas\u00e1si id\u0151\" \/>\n\t<meta name=\"twitter:data1\" content=\"2 perc\" \/>\n<script type=\"application\/ld+json\" class=\"yoast-schema-graph\">{\"@context\":\"https:\\\/\\\/schema.org\",\"@graph\":[{\"@type\":\"WebPage\",\"@id\":\"https:\\\/\\\/prismagamers.com\\\/hu\\\/produkt\\\/vampire-the-masquerade-reckoning-of-new-york\\\/\",\"url\":\"https:\\\/\\\/prismagamers.com\\\/hu\\\/produkt\\\/vampire-the-masquerade-reckoning-of-new-york\\\/\",\"name\":\"A Vampire: The Masquerade - Reckoning of New York - Prismagamers.com\",\"isPartOf\":{\"@id\":\"https:\\\/\\\/prismagamers.com\\\/hu\\\/#website\"},\"primaryImageOfPage\":{\"@id\":\"https:\\\/\\\/prismagamers.com\\\/hu\\\/produkt\\\/vampire-the-masquerade-reckoning-of-new-york\\\/#primaryimage\"},\"image\":{\"@id\":\"https:\\\/\\\/prismagamers.com\\\/hu\\\/produkt\\\/vampire-the-masquerade-reckoning-of-new-york\\\/#primaryimage\"},\"thumbnailUrl\":\"https:\\\/\\\/prismagamers.com\\\/wp-content\\\/uploads\\\/2025\\\/02\\\/Vampire-The-Masquerade-Reckoning-of-New-York1-1-e1740689524861.jpg\",\"datePublished\":\"2025-02-27T20:54:49+00:00\",\"dateModified\":\"2026-03-04T23:00:39+00:00\",\"description\":\"A Vampire: The Masquerade - Reckoning of New York egy narrat\u00edv j\u00e1t\u00e9k, amely a World of Darkness univerzumban j\u00e1tsz\u00f3dik. Vedd magadra az egyik v\u00e1mp\u00edrkl\u00e1n tagj\u00e1nak szerep\u00e9t, \u00e9s \u00e9lj t\u00fal egy v\u00e1ltoz\u00f3 politikai k\u00f6rnyezetben, ahol a kamarilla \u00e9s az anarchista hat\u00e1sok \u00f6sszecsapnak. Vajon siker\u00fcl \u00e9letben maradnod egy intrik\u00e1kkal \u00e9s \u00e1rul\u00e1sokkal teli vil\u00e1gban? \ud83c\udf0d Glob\u00e1lis \u2699\ufe0f Steam \ud83d\udddd Digit\u00e1lis kulcs\",\"breadcrumb\":{\"@id\":\"https:\\\/\\\/prismagamers.com\\\/hu\\\/produkt\\\/vampire-the-masquerade-reckoning-of-new-york\\\/#breadcrumb\"},\"inLanguage\":\"hu\",\"potentialAction\":[{\"@type\":\"ReadAction\",\"target\":[\"https:\\\/\\\/prismagamers.com\\\/hu\\\/produkt\\\/vampire-the-masquerade-reckoning-of-new-york\\\/\"]}]},{\"@type\":\"ImageObject\",\"inLanguage\":\"hu\",\"@id\":\"https:\\\/\\\/prismagamers.com\\\/hu\\\/produkt\\\/vampire-the-masquerade-reckoning-of-new-york\\\/#primaryimage\",\"url\":\"https:\\\/\\\/prismagamers.com\\\/wp-content\\\/uploads\\\/2025\\\/02\\\/Vampire-The-Masquerade-Reckoning-of-New-York1-1-e1740689524861.jpg\",\"contentUrl\":\"https:\\\/\\\/prismagamers.com\\\/wp-content\\\/uploads\\\/2025\\\/02\\\/Vampire-The-Masquerade-Reckoning-of-New-York1-1-e1740689524861.jpg\",\"width\":300,\"height\":450},{\"@type\":\"BreadcrumbList\",\"@id\":\"https:\\\/\\\/prismagamers.com\\\/hu\\\/produkt\\\/vampire-the-masquerade-reckoning-of-new-york\\\/#breadcrumb\",\"itemListElement\":[{\"@type\":\"ListItem\",\"position\":1,\"name\":\"Strona g\u0142\u00f3wna\",\"item\":\"https:\\\/\\\/prismagamers.com\\\/hu\\\/prismagamers\\\/\"},{\"@type\":\"ListItem\",\"position\":2,\"name\":\"Shop\",\"item\":\"https:\\\/\\\/prismagamers.com\\\/hu\\\/shop\\\/\"},{\"@type\":\"ListItem\",\"position\":3,\"name\":\"A Vampire: The Masquerade &#8211; Reckoning of New York\"}]},{\"@type\":\"WebSite\",\"@id\":\"https:\\\/\\\/prismagamers.com\\\/hu\\\/#website\",\"url\":\"https:\\\/\\\/prismagamers.com\\\/hu\\\/\",\"name\":\"Prismagamers\",\"description\":\"Sklep z grami PC I Sklep klucze Steam\",\"publisher\":{\"@id\":\"https:\\\/\\\/prismagamers.com\\\/hu\\\/#organization\"},\"potentialAction\":[{\"@type\":\"SearchAction\",\"target\":{\"@type\":\"EntryPoint\",\"urlTemplate\":\"https:\\\/\\\/prismagamers.com\\\/hu\\\/?s={search_term_string}\"},\"query-input\":{\"@type\":\"PropertyValueSpecification\",\"valueRequired\":true,\"valueName\":\"search_term_string\"}}],\"inLanguage\":\"hu\"},{\"@type\":\"Organization\",\"@id\":\"https:\\\/\\\/prismagamers.com\\\/hu\\\/#organization\",\"name\":\"Prismagamers\",\"url\":\"https:\\\/\\\/prismagamers.com\\\/hu\\\/\",\"logo\":{\"@type\":\"ImageObject\",\"inLanguage\":\"hu\",\"@id\":\"https:\\\/\\\/prismagamers.com\\\/hu\\\/#\\\/schema\\\/logo\\\/image\\\/\",\"url\":\"https:\\\/\\\/prismagamers.com\\\/wp-content\\\/uploads\\\/2022\\\/04\\\/cropped-logo-Prismagamers-01-scaled-1.jpg\",\"contentUrl\":\"https:\\\/\\\/prismagamers.com\\\/wp-content\\\/uploads\\\/2022\\\/04\\\/cropped-logo-Prismagamers-01-scaled-1.jpg\",\"width\":512,\"height\":512,\"caption\":\"Prismagamers\"},\"image\":{\"@id\":\"https:\\\/\\\/prismagamers.com\\\/hu\\\/#\\\/schema\\\/logo\\\/image\\\/\"},\"sameAs\":[\"https:\\\/\\\/www.facebook.com\\\/prismagamers\",\"https:\\\/\\\/www.instagram.com\\\/prismagamers_grycyfrowe\\\/\"],\"description\":\"Prismagamers.com to dynamiczny sklep z grami cyfrowymi, stworzony z my\u015bl\u0105 o entuzjastach gier wideo. Nasza strona oferuje szerok\u0105 gam\u0119 gier komputerowych, w tym najnowsze tytu\u0142y, dobrze znane klasyki oraz gry stworzone przez niezale\u017cne studia Ca\u0142y czas d\u0105\u017cymy do rozszerzenia naszej oferty. Do\u0142\u0105cz do nas i sta\u0144 si\u0119 cz\u0119\u015bci\u0105 naszej rosn\u0105cej spo\u0142eczno\u015bci graczy!\",\"email\":\"shop@prismagamers.com\",\"telephone\":\"48795541705\",\"legalName\":\"East Caravan Maksym \u017bukow\",\"foundingDate\":\"2012-05-10\",\"vatID\":\"PL8943038612\",\"taxID\":\"PL8943038612\",\"numberOfEmployees\":{\"@type\":\"QuantitativeValue\",\"minValue\":\"11\",\"maxValue\":\"50\"}}]}<\/script>\n<!-- \/ Yoast SEO Premium plugin. -->","yoast_head_json":{"title":"A Vampire: The Masquerade - Reckoning of New York - Prismagamers.com","description":"A Vampire: The Masquerade - Reckoning of New York egy narrat\u00edv j\u00e1t\u00e9k, amely a World of Darkness univerzumban j\u00e1tsz\u00f3dik. Vedd magadra az egyik v\u00e1mp\u00edrkl\u00e1n tagj\u00e1nak szerep\u00e9t, \u00e9s \u00e9lj t\u00fal egy v\u00e1ltoz\u00f3 politikai k\u00f6rnyezetben, ahol a kamarilla \u00e9s az anarchista hat\u00e1sok \u00f6sszecsapnak. Vajon siker\u00fcl \u00e9letben maradnod egy intrik\u00e1kkal \u00e9s \u00e1rul\u00e1sokkal teli vil\u00e1gban? \ud83c\udf0d Glob\u00e1lis \u2699\ufe0f Steam \ud83d\udddd Digit\u00e1lis kulcs","robots":{"index":"index","follow":"follow","max-snippet":"max-snippet:-1","max-image-preview":"max-image-preview:large","max-video-preview":"max-video-preview:-1"},"canonical":"https:\/\/prismagamers.com\/hu\/produkt\/vampire-the-masquerade-reckoning-of-new-york\/","og_locale":"hu_HU","og_type":"article","og_title":"A Vampire: The Masquerade - Reckoning of New York","og_description":"A Vampire: The Masquerade - Reckoning of New York egy narrat\u00edv j\u00e1t\u00e9k, amely a World of Darkness univerzumban j\u00e1tsz\u00f3dik. Vedd magadra az egyik v\u00e1mp\u00edrkl\u00e1n tagj\u00e1nak szerep\u00e9t, \u00e9s \u00e9lj t\u00fal egy v\u00e1ltoz\u00f3 politikai k\u00f6rnyezetben, ahol a kamarilla \u00e9s az anarchista hat\u00e1sok \u00f6sszecsapnak. Vajon siker\u00fcl \u00e9letben maradnod egy intrik\u00e1kkal \u00e9s \u00e1rul\u00e1sokkal teli vil\u00e1gban? \ud83c\udf0d Glob\u00e1lis \u2699\ufe0f Steam \ud83d\udddd Digit\u00e1lis kulcs","og_url":"https:\/\/prismagamers.com\/hu\/produkt\/vampire-the-masquerade-reckoning-of-new-york\/","og_site_name":"Prismagamers.com","article_publisher":"https:\/\/www.facebook.com\/prismagamers","article_modified_time":"2026-03-04T23:00:39+00:00","og_image":[{"width":300,"height":450,"url":"https:\/\/prismagamers.com\/wp-content\/uploads\/2025\/02\/Vampire-The-Masquerade-Reckoning-of-New-York1-1-e1740689524861.jpg","type":"image\/jpeg"}],"twitter_card":"summary_large_image","twitter_misc":{"Becs\u00fclt olvas\u00e1si id\u0151":"2 perc"},"schema":{"@context":"https:\/\/schema.org","@graph":[{"@type":"WebPage","@id":"https:\/\/prismagamers.com\/hu\/produkt\/vampire-the-masquerade-reckoning-of-new-york\/","url":"https:\/\/prismagamers.com\/hu\/produkt\/vampire-the-masquerade-reckoning-of-new-york\/","name":"A Vampire: The Masquerade - Reckoning of New York - Prismagamers.com","isPartOf":{"@id":"https:\/\/prismagamers.com\/hu\/#website"},"primaryImageOfPage":{"@id":"https:\/\/prismagamers.com\/hu\/produkt\/vampire-the-masquerade-reckoning-of-new-york\/#primaryimage"},"image":{"@id":"https:\/\/prismagamers.com\/hu\/produkt\/vampire-the-masquerade-reckoning-of-new-york\/#primaryimage"},"thumbnailUrl":"https:\/\/prismagamers.com\/wp-content\/uploads\/2025\/02\/Vampire-The-Masquerade-Reckoning-of-New-York1-1-e1740689524861.jpg","datePublished":"2025-02-27T20:54:49+00:00","dateModified":"2026-03-04T23:00:39+00:00","description":"A Vampire: The Masquerade - Reckoning of New York egy narrat\u00edv j\u00e1t\u00e9k, amely a World of Darkness univerzumban j\u00e1tsz\u00f3dik. Vedd magadra az egyik v\u00e1mp\u00edrkl\u00e1n tagj\u00e1nak szerep\u00e9t, \u00e9s \u00e9lj t\u00fal egy v\u00e1ltoz\u00f3 politikai k\u00f6rnyezetben, ahol a kamarilla \u00e9s az anarchista hat\u00e1sok \u00f6sszecsapnak. Vajon siker\u00fcl \u00e9letben maradnod egy intrik\u00e1kkal \u00e9s \u00e1rul\u00e1sokkal teli vil\u00e1gban? \ud83c\udf0d Glob\u00e1lis \u2699\ufe0f Steam \ud83d\udddd Digit\u00e1lis kulcs","breadcrumb":{"@id":"https:\/\/prismagamers.com\/hu\/produkt\/vampire-the-masquerade-reckoning-of-new-york\/#breadcrumb"},"inLanguage":"hu","potentialAction":[{"@type":"ReadAction","target":["https:\/\/prismagamers.com\/hu\/produkt\/vampire-the-masquerade-reckoning-of-new-york\/"]}]},{"@type":"ImageObject","inLanguage":"hu","@id":"https:\/\/prismagamers.com\/hu\/produkt\/vampire-the-masquerade-reckoning-of-new-york\/#primaryimage","url":"https:\/\/prismagamers.com\/wp-content\/uploads\/2025\/02\/Vampire-The-Masquerade-Reckoning-of-New-York1-1-e1740689524861.jpg","contentUrl":"https:\/\/prismagamers.com\/wp-content\/uploads\/2025\/02\/Vampire-The-Masquerade-Reckoning-of-New-York1-1-e1740689524861.jpg","width":300,"height":450},{"@type":"BreadcrumbList","@id":"https:\/\/prismagamers.com\/hu\/produkt\/vampire-the-masquerade-reckoning-of-new-york\/#breadcrumb","itemListElement":[{"@type":"ListItem","position":1,"name":"Strona g\u0142\u00f3wna","item":"https:\/\/prismagamers.com\/hu\/prismagamers\/"},{"@type":"ListItem","position":2,"name":"Shop","item":"https:\/\/prismagamers.com\/hu\/shop\/"},{"@type":"ListItem","position":3,"name":"A Vampire: The Masquerade &#8211; Reckoning of New York"}]},{"@type":"WebSite","@id":"https:\/\/prismagamers.com\/hu\/#website","url":"https:\/\/prismagamers.com\/hu\/","name":"Prismagamers","description":"Sklep z grami PC I Sklep klucze Steam","publisher":{"@id":"https:\/\/prismagamers.com\/hu\/#organization"},"potentialAction":[{"@type":"SearchAction","target":{"@type":"EntryPoint","urlTemplate":"https:\/\/prismagamers.com\/hu\/?s={search_term_string}"},"query-input":{"@type":"PropertyValueSpecification","valueRequired":true,"valueName":"search_term_string"}}],"inLanguage":"hu"},{"@type":"Organization","@id":"https:\/\/prismagamers.com\/hu\/#organization","name":"Prismagamers","url":"https:\/\/prismagamers.com\/hu\/","logo":{"@type":"ImageObject","inLanguage":"hu","@id":"https:\/\/prismagamers.com\/hu\/#\/schema\/logo\/image\/","url":"https:\/\/prismagamers.com\/wp-content\/uploads\/2022\/04\/cropped-logo-Prismagamers-01-scaled-1.jpg","contentUrl":"https:\/\/prismagamers.com\/wp-content\/uploads\/2022\/04\/cropped-logo-Prismagamers-01-scaled-1.jpg","width":512,"height":512,"caption":"Prismagamers"},"image":{"@id":"https:\/\/prismagamers.com\/hu\/#\/schema\/logo\/image\/"},"sameAs":["https:\/\/www.facebook.com\/prismagamers","https:\/\/www.instagram.com\/prismagamers_grycyfrowe\/"],"description":"Prismagamers.com to dynamiczny sklep z grami cyfrowymi, stworzony z my\u015bl\u0105 o entuzjastach gier wideo. Nasza strona oferuje szerok\u0105 gam\u0119 gier komputerowych, w tym najnowsze tytu\u0142y, dobrze znane klasyki oraz gry stworzone przez niezale\u017cne studia Ca\u0142y czas d\u0105\u017cymy do rozszerzenia naszej oferty. Do\u0142\u0105cz do nas i sta\u0144 si\u0119 cz\u0119\u015bci\u0105 naszej rosn\u0105cej spo\u0142eczno\u015bci graczy!","email":"shop@prismagamers.com","telephone":"48795541705","legalName":"East Caravan Maksym \u017bukow","foundingDate":"2012-05-10","vatID":"PL8943038612","taxID":"PL8943038612","numberOfEmployees":{"@type":"QuantitativeValue","minValue":"11","maxValue":"50"}}]}},"_links":{"self":[{"href":"https:\/\/prismagamers.com\/hu\/wp-json\/wp\/v2\/product\/35389","targetHints":{"allow":["GET"]}}],"collection":[{"href":"https:\/\/prismagamers.com\/hu\/wp-json\/wp\/v2\/product"}],"about":[{"href":"https:\/\/prismagamers.com\/hu\/wp-json\/wp\/v2\/types\/product"}],"wp:featuredmedia":[{"embeddable":true,"href":"https:\/\/prismagamers.com\/hu\/wp-json\/wp\/v2\/media\/35390"}],"wp:attachment":[{"href":"https:\/\/prismagamers.com\/hu\/wp-json\/wp\/v2\/media?parent=35389"}],"wp:term":[{"taxonomy":"product_brand","embeddable":true,"href":"https:\/\/prismagamers.com\/hu\/wp-json\/wp\/v2\/product_brand?post=35389"},{"taxonomy":"product_cat","embeddable":true,"href":"https:\/\/prismagamers.com\/hu\/wp-json\/wp\/v2\/product_cat?post=35389"},{"taxonomy":"product_tag","embeddable":true,"href":"https:\/\/prismagamers.com\/hu\/wp-json\/wp\/v2\/product_tag?post=35389"}],"curies":[{"name":"wp","href":"https:\/\/api.w.org\/{rel}","templated":true}]}}