{"id":35393,"date":"2025-02-08T17:44:34","date_gmt":"2025-02-08T16:44:34","guid":{"rendered":"https:\/\/prismagamers.com\/produkt\/calico-szep-dolgok\/"},"modified":"2026-03-05T00:00:35","modified_gmt":"2026-03-04T23:00:35","slug":"calico-neat-things","status":"publish","type":"product","link":"https:\/\/prismagamers.com\/hu\/produkt\/calico-neat-things\/","title":{"rendered":"Calico &#8211; Neat Things DLC"},"content":{"rendered":"<p>A <strong>Neat Things<\/strong> DLC-nek k\u00f6sz\u00f6nhet\u0151en m\u00e9g t\u00f6bb felfedez\u00e9sre v\u00e1r Calico vil\u00e1g\u00e1ban, t\u00f6bbek k\u00f6z\u00f6tt:<\/p>\n<h6><strong>\u00daj feladat:<\/strong><\/h6>\n<p>\ud83d\udd0d <strong>Sz\u00e9p dolgok kincsvad\u00e1szat<\/strong> &#8211; Szeretett nagyn\u00e9n\u00e9dnek van egy k\u00fcldet\u00e9se a sz\u00e1modra, amely az eg\u00e9sz szigetre elvisz, hogy megkeress n\u00e9h\u00e1ny igaz\u00e1n k\u00fcl\u00f6nleges dolgot!<\/p>\n<h6><strong>\u00daj ter\u00fclet \u00e9s NPC karakter<\/strong><\/h6>\n<p>\ud83c\udfdd\ufe0f <strong>Szir\u00e9n-\u00f6b\u00f6l<\/strong> &#8211; L\u00e1togass el a Clover-\u00f6b\u00f6lbe, hogy felfedezz egy \u00faj ter\u00fcletet, \u00e9s tal\u00e1lkozz egy mitikus karakterrel &#8211; <strong>Nahl\u00e1val, a szir\u00e9nnel<\/strong>!<\/p>\n<h6><strong>\u00daj \u00e1llati t\u00e1rsak<\/strong><\/h6>\n<p>\ud83d\udc3e Legy\u00e9l a legjobb bar\u00e1tod olyan im\u00e1dnival\u00f3 l\u00e9nyekkel, mint a huncut mos\u00f3medve, a mosolyg\u00f3s axolotl, a vid\u00e1m elef\u00e1nt, a szeretetre m\u00e9lt\u00f3 golden retriever \u00e9s&#8230;.. egy nagyon ismer\u0151s macsk\u00e1val!<\/p>\n<h6><strong>K\u00e9t \u00faj minij\u00e1t\u00e9k<\/strong><\/h6>\n<p>\ud83d\udd79\ufe0f K\u00e9t \u00faj j\u00e1t\u00e9kkal b\u0151v\u00fclt a <strong>Cutie City j\u00e1t\u00e9kterem<\/strong> &#8211; mindenk\u00e9ppen pr\u00f3b\u00e1ld ki \u0151ket!<\/p>\n<h6><strong>\u00daj dekor\u00e1ci\u00f3k a k\u00e1v\u00e9z\u00f3k sz\u00e1m\u00e1ra<\/strong><\/h6>\n<p>\u2615 Alak\u00edtsa ki \u00e1lmai tengeri st\u00edlus\u00fa k\u00e1v\u00e9z\u00f3j\u00e1t \u00faj b\u00fatorokkal!<\/p>\n<h6><strong>\u00c9s m\u00e9g t\u00f6bb felfedeznival\u00f3!<\/strong><\/h6>\n<p>\ud83c\udf3f Barangold be a szigetet, \u00e9s ismerd meg az olyan \u00faj interakci\u00f3kat, mint p\u00e9ld\u00e1ul az \u0151szi levelek halm\u00e1ban val\u00f3 j\u00e1t\u00e9k, a f\u00fav\u00f3cs\u00f6vek elf\u00faj\u00e1sa a szerencs\u00e9\u00e9rt \u00e9s m\u00e9g sok m\u00e1s!<\/p>\n<p><strong>A kieg\u00e9sz\u00edt\u0151h\u00f6z a Calico alapverzi\u00f3ja sz\u00fcks\u00e9ges.<\/strong><\/p>\n","protected":false},"excerpt":{"rendered":"<p>A <strong>Neat Things<\/strong> DLC-nek k\u00f6sz\u00f6nhet\u0151en m\u00e9g t\u00f6bb felfedez\u00e9sre v\u00e1r Calico vil\u00e1g\u00e1ban.<\/p>\n<div class=\"woocommerce-product-details__short-description\">\n<p>\ud83c\udf0d Glob\u00e1lis<br \/>\n\u2699\ufe0f Steam<br \/>\n\ud83d\udddd Digit\u00e1lis kulcs<\/p>\n<\/div>\n<form class=\"cart\" action=\"https:\/\/prismagamers.com\/produkt\/disney-bolt\/\" enctype=\"multipart\/form-data\" method=\"post\">\n<div class=\"quantity\"><\/div>\n<\/form>\n","protected":false},"featured_media":33861,"template":"","meta":{"_acf_changed":false,"site-sidebar-layout":"default","site-content-layout":"","ast-site-content-layout":"default","site-content-style":"default","site-sidebar-style":"default","ast-global-header-display":"","ast-banner-title-visibility":"","ast-main-header-display":"","ast-hfb-above-header-display":"","ast-hfb-below-header-display":"","ast-hfb-mobile-header-display":"","site-post-title":"","ast-breadcrumbs-content":"","ast-featured-img":"","footer-sml-layout":"","ast-disable-related-posts":"","theme-transparent-header-meta":"default","adv-header-id-meta":"","stick-header-meta":"","header-above-stick-meta":"","header-main-stick-meta":"","header-below-stick-meta":"","astra-migrate-meta-layouts":"set","ast-page-background-enabled":"default","ast-page-background-meta":{"desktop":{"background-color":"var(--ast-global-color-4)","background-image":"","background-repeat":"repeat","background-position":"center center","background-size":"auto","background-attachment":"scroll","background-type":"","background-media":"","overlay-type":"","overlay-color":"","overlay-opacity":"","overlay-gradient":""},"tablet":{"background-color":"","background-image":"","background-repeat":"repeat","background-position":"center center","background-size":"auto","background-attachment":"scroll","background-type":"","background-media":"","overlay-type":"","overlay-color":"","overlay-opacity":"","overlay-gradient":""},"mobile":{"background-color":"","background-image":"","background-repeat":"repeat","background-position":"center center","background-size":"auto","background-attachment":"scroll","background-type":"","background-media":"","overlay-type":"","overlay-color":"","overlay-opacity":"","overlay-gradient":""}},"ast-content-background-meta":{"desktop":{"background-color":"var(--ast-global-color-5)","background-image":"","background-repeat":"repeat","background-position":"center center","background-size":"auto","background-attachment":"scroll","background-type":"","background-media":"","overlay-type":"","overlay-color":"","overlay-opacity":"","overlay-gradient":""},"tablet":{"background-color":"var(--ast-global-color-5)","background-image":"","background-repeat":"repeat","background-position":"center center","background-size":"auto","background-attachment":"scroll","background-type":"","background-media":"","overlay-type":"","overlay-color":"","overlay-opacity":"","overlay-gradient":""},"mobile":{"background-color":"var(--ast-global-color-5)","background-image":"","background-repeat":"repeat","background-position":"center center","background-size":"auto","background-attachment":"scroll","background-type":"","background-media":"","overlay-type":"","overlay-color":"","overlay-opacity":"","overlay-gradient":""}}},"product_brand":[],"product_cat":[381,369,363,364,393],"product_tag":[],"class_list":{"0":"post-35393","1":"product","2":"type-product","3":"status-publish","4":"has-post-thumbnail","6":"product_cat-csaladi-jatekok","7":"product_cat-csarnokok","8":"product_cat-kaland-jatekok","9":"product_cat-rpg-k","10":"product_cat-whitethorn-jatekok","11":"desktop-align-left","12":"tablet-align-left","13":"mobile-align-left","15":"first","16":"instock","17":"virtual","18":"purchasable","19":"product-type-simple"},"acf":[],"yoast_head":"<!-- This site is optimized with the Yoast SEO Premium plugin v27.4 (Yoast SEO v27.4) - https:\/\/yoast.com\/product\/yoast-seo-premium-wordpress\/ -->\n<title>Calico - Neat Things DLC - Prismagamers.com<\/title>\n<meta name=\"description\" content=\"A Neat Things DLC-nek k\u00f6sz\u00f6nhet\u0151en m\u00e9g t\u00f6bb felfedez\u00e9sre v\u00e1r Calico vil\u00e1g\u00e1ban.   \ud83c\udf0d Glob\u00e1lis \u2699\ufe0f Steam \ud83d\udddd Digit\u00e1lis kulcs\" \/>\n<meta name=\"robots\" content=\"index, follow, max-snippet:-1, max-image-preview:large, max-video-preview:-1\" \/>\n<link rel=\"canonical\" href=\"https:\/\/prismagamers.com\/hu\/produkt\/calico-neat-things\/\" \/>\n<meta property=\"og:locale\" content=\"hu_HU\" \/>\n<meta property=\"og:type\" content=\"article\" \/>\n<meta property=\"og:title\" content=\"Calico - Neat Things DLC\" \/>\n<meta property=\"og:description\" content=\"A Neat Things DLC-nek k\u00f6sz\u00f6nhet\u0151en m\u00e9g t\u00f6bb felfedez\u00e9sre v\u00e1r Calico vil\u00e1g\u00e1ban.   \ud83c\udf0d Glob\u00e1lis \u2699\ufe0f Steam \ud83d\udddd Digit\u00e1lis kulcs\" \/>\n<meta property=\"og:url\" content=\"https:\/\/prismagamers.com\/hu\/produkt\/calico-neat-things\/\" \/>\n<meta property=\"og:site_name\" content=\"Prismagamers.com\" \/>\n<meta property=\"article:publisher\" content=\"https:\/\/www.facebook.com\/prismagamers\" \/>\n<meta property=\"article:modified_time\" content=\"2026-03-04T23:00:35+00:00\" \/>\n<meta property=\"og:image\" content=\"https:\/\/prismagamers.com\/wp-content\/uploads\/2025\/02\/Untitled-image-11.jpeg\" \/>\n\t<meta property=\"og:image:width\" content=\"300\" \/>\n\t<meta property=\"og:image:height\" content=\"450\" \/>\n\t<meta property=\"og:image:type\" content=\"image\/jpeg\" \/>\n<meta name=\"twitter:card\" content=\"summary_large_image\" \/>\n<meta name=\"twitter:label1\" content=\"Becs\u00fclt olvas\u00e1si id\u0151\" \/>\n\t<meta name=\"twitter:data1\" content=\"2 perc\" \/>\n<script type=\"application\/ld+json\" class=\"yoast-schema-graph\">{\"@context\":\"https:\\\/\\\/schema.org\",\"@graph\":[{\"@type\":\"WebPage\",\"@id\":\"https:\\\/\\\/prismagamers.com\\\/hu\\\/produkt\\\/calico-neat-things\\\/\",\"url\":\"https:\\\/\\\/prismagamers.com\\\/hu\\\/produkt\\\/calico-neat-things\\\/\",\"name\":\"Calico - Neat Things DLC - Prismagamers.com\",\"isPartOf\":{\"@id\":\"https:\\\/\\\/prismagamers.com\\\/hu\\\/#website\"},\"primaryImageOfPage\":{\"@id\":\"https:\\\/\\\/prismagamers.com\\\/hu\\\/produkt\\\/calico-neat-things\\\/#primaryimage\"},\"image\":{\"@id\":\"https:\\\/\\\/prismagamers.com\\\/hu\\\/produkt\\\/calico-neat-things\\\/#primaryimage\"},\"thumbnailUrl\":\"https:\\\/\\\/prismagamers.com\\\/wp-content\\\/uploads\\\/2025\\\/02\\\/Untitled-image-11.jpeg\",\"datePublished\":\"2025-02-08T16:44:34+00:00\",\"dateModified\":\"2026-03-04T23:00:35+00:00\",\"description\":\"A Neat Things DLC-nek k\u00f6sz\u00f6nhet\u0151en m\u00e9g t\u00f6bb felfedez\u00e9sre v\u00e1r Calico vil\u00e1g\u00e1ban. \ud83c\udf0d Glob\u00e1lis \u2699\ufe0f Steam \ud83d\udddd Digit\u00e1lis kulcs\",\"breadcrumb\":{\"@id\":\"https:\\\/\\\/prismagamers.com\\\/hu\\\/produkt\\\/calico-neat-things\\\/#breadcrumb\"},\"inLanguage\":\"hu\",\"potentialAction\":[{\"@type\":\"ReadAction\",\"target\":[\"https:\\\/\\\/prismagamers.com\\\/hu\\\/produkt\\\/calico-neat-things\\\/\"]}]},{\"@type\":\"ImageObject\",\"inLanguage\":\"hu\",\"@id\":\"https:\\\/\\\/prismagamers.com\\\/hu\\\/produkt\\\/calico-neat-things\\\/#primaryimage\",\"url\":\"https:\\\/\\\/prismagamers.com\\\/wp-content\\\/uploads\\\/2025\\\/02\\\/Untitled-image-11.jpeg\",\"contentUrl\":\"https:\\\/\\\/prismagamers.com\\\/wp-content\\\/uploads\\\/2025\\\/02\\\/Untitled-image-11.jpeg\",\"width\":300,\"height\":450,\"caption\":\"Calico - Neat Things dobozk\u00e9p\"},{\"@type\":\"BreadcrumbList\",\"@id\":\"https:\\\/\\\/prismagamers.com\\\/hu\\\/produkt\\\/calico-neat-things\\\/#breadcrumb\",\"itemListElement\":[{\"@type\":\"ListItem\",\"position\":1,\"name\":\"Strona g\u0142\u00f3wna\",\"item\":\"https:\\\/\\\/prismagamers.com\\\/hu\\\/prismagamers\\\/\"},{\"@type\":\"ListItem\",\"position\":2,\"name\":\"Shop\",\"item\":\"https:\\\/\\\/prismagamers.com\\\/hu\\\/shop\\\/\"},{\"@type\":\"ListItem\",\"position\":3,\"name\":\"Calico &#8211; Neat Things DLC\"}]},{\"@type\":\"WebSite\",\"@id\":\"https:\\\/\\\/prismagamers.com\\\/hu\\\/#website\",\"url\":\"https:\\\/\\\/prismagamers.com\\\/hu\\\/\",\"name\":\"Prismagamers\",\"description\":\"Sklep z grami PC I Sklep klucze Steam\",\"publisher\":{\"@id\":\"https:\\\/\\\/prismagamers.com\\\/hu\\\/#organization\"},\"potentialAction\":[{\"@type\":\"SearchAction\",\"target\":{\"@type\":\"EntryPoint\",\"urlTemplate\":\"https:\\\/\\\/prismagamers.com\\\/hu\\\/?s={search_term_string}\"},\"query-input\":{\"@type\":\"PropertyValueSpecification\",\"valueRequired\":true,\"valueName\":\"search_term_string\"}}],\"inLanguage\":\"hu\"},{\"@type\":\"Organization\",\"@id\":\"https:\\\/\\\/prismagamers.com\\\/hu\\\/#organization\",\"name\":\"Prismagamers\",\"url\":\"https:\\\/\\\/prismagamers.com\\\/hu\\\/\",\"logo\":{\"@type\":\"ImageObject\",\"inLanguage\":\"hu\",\"@id\":\"https:\\\/\\\/prismagamers.com\\\/hu\\\/#\\\/schema\\\/logo\\\/image\\\/\",\"url\":\"https:\\\/\\\/prismagamers.com\\\/wp-content\\\/uploads\\\/2022\\\/04\\\/cropped-logo-Prismagamers-01-scaled-1.jpg\",\"contentUrl\":\"https:\\\/\\\/prismagamers.com\\\/wp-content\\\/uploads\\\/2022\\\/04\\\/cropped-logo-Prismagamers-01-scaled-1.jpg\",\"width\":512,\"height\":512,\"caption\":\"Prismagamers\"},\"image\":{\"@id\":\"https:\\\/\\\/prismagamers.com\\\/hu\\\/#\\\/schema\\\/logo\\\/image\\\/\"},\"sameAs\":[\"https:\\\/\\\/www.facebook.com\\\/prismagamers\",\"https:\\\/\\\/www.instagram.com\\\/prismagamers_grycyfrowe\\\/\"],\"description\":\"Prismagamers.com to dynamiczny sklep z grami cyfrowymi, stworzony z my\u015bl\u0105 o entuzjastach gier wideo. Nasza strona oferuje szerok\u0105 gam\u0119 gier komputerowych, w tym najnowsze tytu\u0142y, dobrze znane klasyki oraz gry stworzone przez niezale\u017cne studia Ca\u0142y czas d\u0105\u017cymy do rozszerzenia naszej oferty. Do\u0142\u0105cz do nas i sta\u0144 si\u0119 cz\u0119\u015bci\u0105 naszej rosn\u0105cej spo\u0142eczno\u015bci graczy!\",\"email\":\"shop@prismagamers.com\",\"telephone\":\"48795541705\",\"legalName\":\"East Caravan Maksym \u017bukow\",\"foundingDate\":\"2012-05-10\",\"vatID\":\"PL8943038612\",\"taxID\":\"PL8943038612\",\"numberOfEmployees\":{\"@type\":\"QuantitativeValue\",\"minValue\":\"11\",\"maxValue\":\"50\"}}]}<\/script>\n<!-- \/ Yoast SEO Premium plugin. -->","yoast_head_json":{"title":"Calico - Neat Things DLC - Prismagamers.com","description":"A Neat Things DLC-nek k\u00f6sz\u00f6nhet\u0151en m\u00e9g t\u00f6bb felfedez\u00e9sre v\u00e1r Calico vil\u00e1g\u00e1ban.   \ud83c\udf0d Glob\u00e1lis \u2699\ufe0f Steam \ud83d\udddd Digit\u00e1lis kulcs","robots":{"index":"index","follow":"follow","max-snippet":"max-snippet:-1","max-image-preview":"max-image-preview:large","max-video-preview":"max-video-preview:-1"},"canonical":"https:\/\/prismagamers.com\/hu\/produkt\/calico-neat-things\/","og_locale":"hu_HU","og_type":"article","og_title":"Calico - Neat Things DLC","og_description":"A Neat Things DLC-nek k\u00f6sz\u00f6nhet\u0151en m\u00e9g t\u00f6bb felfedez\u00e9sre v\u00e1r Calico vil\u00e1g\u00e1ban.   \ud83c\udf0d Glob\u00e1lis \u2699\ufe0f Steam \ud83d\udddd Digit\u00e1lis kulcs","og_url":"https:\/\/prismagamers.com\/hu\/produkt\/calico-neat-things\/","og_site_name":"Prismagamers.com","article_publisher":"https:\/\/www.facebook.com\/prismagamers","article_modified_time":"2026-03-04T23:00:35+00:00","og_image":[{"width":300,"height":450,"url":"https:\/\/prismagamers.com\/wp-content\/uploads\/2025\/02\/Untitled-image-11.jpeg","type":"image\/jpeg"}],"twitter_card":"summary_large_image","twitter_misc":{"Becs\u00fclt olvas\u00e1si id\u0151":"2 perc"},"schema":{"@context":"https:\/\/schema.org","@graph":[{"@type":"WebPage","@id":"https:\/\/prismagamers.com\/hu\/produkt\/calico-neat-things\/","url":"https:\/\/prismagamers.com\/hu\/produkt\/calico-neat-things\/","name":"Calico - Neat Things DLC - Prismagamers.com","isPartOf":{"@id":"https:\/\/prismagamers.com\/hu\/#website"},"primaryImageOfPage":{"@id":"https:\/\/prismagamers.com\/hu\/produkt\/calico-neat-things\/#primaryimage"},"image":{"@id":"https:\/\/prismagamers.com\/hu\/produkt\/calico-neat-things\/#primaryimage"},"thumbnailUrl":"https:\/\/prismagamers.com\/wp-content\/uploads\/2025\/02\/Untitled-image-11.jpeg","datePublished":"2025-02-08T16:44:34+00:00","dateModified":"2026-03-04T23:00:35+00:00","description":"A Neat Things DLC-nek k\u00f6sz\u00f6nhet\u0151en m\u00e9g t\u00f6bb felfedez\u00e9sre v\u00e1r Calico vil\u00e1g\u00e1ban. \ud83c\udf0d Glob\u00e1lis \u2699\ufe0f Steam \ud83d\udddd Digit\u00e1lis kulcs","breadcrumb":{"@id":"https:\/\/prismagamers.com\/hu\/produkt\/calico-neat-things\/#breadcrumb"},"inLanguage":"hu","potentialAction":[{"@type":"ReadAction","target":["https:\/\/prismagamers.com\/hu\/produkt\/calico-neat-things\/"]}]},{"@type":"ImageObject","inLanguage":"hu","@id":"https:\/\/prismagamers.com\/hu\/produkt\/calico-neat-things\/#primaryimage","url":"https:\/\/prismagamers.com\/wp-content\/uploads\/2025\/02\/Untitled-image-11.jpeg","contentUrl":"https:\/\/prismagamers.com\/wp-content\/uploads\/2025\/02\/Untitled-image-11.jpeg","width":300,"height":450,"caption":"Calico - Neat Things dobozk\u00e9p"},{"@type":"BreadcrumbList","@id":"https:\/\/prismagamers.com\/hu\/produkt\/calico-neat-things\/#breadcrumb","itemListElement":[{"@type":"ListItem","position":1,"name":"Strona g\u0142\u00f3wna","item":"https:\/\/prismagamers.com\/hu\/prismagamers\/"},{"@type":"ListItem","position":2,"name":"Shop","item":"https:\/\/prismagamers.com\/hu\/shop\/"},{"@type":"ListItem","position":3,"name":"Calico &#8211; Neat Things DLC"}]},{"@type":"WebSite","@id":"https:\/\/prismagamers.com\/hu\/#website","url":"https:\/\/prismagamers.com\/hu\/","name":"Prismagamers","description":"Sklep z grami PC I Sklep klucze Steam","publisher":{"@id":"https:\/\/prismagamers.com\/hu\/#organization"},"potentialAction":[{"@type":"SearchAction","target":{"@type":"EntryPoint","urlTemplate":"https:\/\/prismagamers.com\/hu\/?s={search_term_string}"},"query-input":{"@type":"PropertyValueSpecification","valueRequired":true,"valueName":"search_term_string"}}],"inLanguage":"hu"},{"@type":"Organization","@id":"https:\/\/prismagamers.com\/hu\/#organization","name":"Prismagamers","url":"https:\/\/prismagamers.com\/hu\/","logo":{"@type":"ImageObject","inLanguage":"hu","@id":"https:\/\/prismagamers.com\/hu\/#\/schema\/logo\/image\/","url":"https:\/\/prismagamers.com\/wp-content\/uploads\/2022\/04\/cropped-logo-Prismagamers-01-scaled-1.jpg","contentUrl":"https:\/\/prismagamers.com\/wp-content\/uploads\/2022\/04\/cropped-logo-Prismagamers-01-scaled-1.jpg","width":512,"height":512,"caption":"Prismagamers"},"image":{"@id":"https:\/\/prismagamers.com\/hu\/#\/schema\/logo\/image\/"},"sameAs":["https:\/\/www.facebook.com\/prismagamers","https:\/\/www.instagram.com\/prismagamers_grycyfrowe\/"],"description":"Prismagamers.com to dynamiczny sklep z grami cyfrowymi, stworzony z my\u015bl\u0105 o entuzjastach gier wideo. Nasza strona oferuje szerok\u0105 gam\u0119 gier komputerowych, w tym najnowsze tytu\u0142y, dobrze znane klasyki oraz gry stworzone przez niezale\u017cne studia Ca\u0142y czas d\u0105\u017cymy do rozszerzenia naszej oferty. Do\u0142\u0105cz do nas i sta\u0144 si\u0119 cz\u0119\u015bci\u0105 naszej rosn\u0105cej spo\u0142eczno\u015bci graczy!","email":"shop@prismagamers.com","telephone":"48795541705","legalName":"East Caravan Maksym \u017bukow","foundingDate":"2012-05-10","vatID":"PL8943038612","taxID":"PL8943038612","numberOfEmployees":{"@type":"QuantitativeValue","minValue":"11","maxValue":"50"}}]}},"_links":{"self":[{"href":"https:\/\/prismagamers.com\/hu\/wp-json\/wp\/v2\/product\/35393","targetHints":{"allow":["GET"]}}],"collection":[{"href":"https:\/\/prismagamers.com\/hu\/wp-json\/wp\/v2\/product"}],"about":[{"href":"https:\/\/prismagamers.com\/hu\/wp-json\/wp\/v2\/types\/product"}],"wp:featuredmedia":[{"embeddable":true,"href":"https:\/\/prismagamers.com\/hu\/wp-json\/wp\/v2\/media\/33861"}],"wp:attachment":[{"href":"https:\/\/prismagamers.com\/hu\/wp-json\/wp\/v2\/media?parent=35393"}],"wp:term":[{"taxonomy":"product_brand","embeddable":true,"href":"https:\/\/prismagamers.com\/hu\/wp-json\/wp\/v2\/product_brand?post=35393"},{"taxonomy":"product_cat","embeddable":true,"href":"https:\/\/prismagamers.com\/hu\/wp-json\/wp\/v2\/product_cat?post=35393"},{"taxonomy":"product_tag","embeddable":true,"href":"https:\/\/prismagamers.com\/hu\/wp-json\/wp\/v2\/product_tag?post=35393"}],"curies":[{"name":"wp","href":"https:\/\/api.w.org\/{rel}","templated":true}]}}