{"id":35395,"date":"2025-02-12T22:31:04","date_gmt":"2025-02-12T21:31:04","guid":{"rendered":"https:\/\/prismagamers.com\/produkt\/almok-a-boszorkanyhazban\/"},"modified":"2026-03-05T00:00:43","modified_gmt":"2026-03-04T23:00:43","slug":"dreams-in-the-witch-house","status":"publish","type":"product","link":"https:\/\/prismagamers.com\/hu\/produkt\/dreams-in-the-witch-house\/","title":{"rendered":"Dreams in the Witch House"},"content":{"rendered":"<p data-start=\"0\" data-end=\"461\">Arkham, Massachusetts, 1929 Walter Gilman, az \u00edg\u00e9retes matematika szakos hallgat\u00f3 nemr\u00e9g k\u00f6lt\u00f6z\u00f6tt a v\u00e1rosba, \u00e9s a Miskatonic Egyetemen kezdi meg tanulm\u00e1nyait. Dombrowski \u00far \u00e9s Dombrowski asszony panzi\u00f3j\u00e1nak, ahol lakik, rossz h\u00edre van, de Walter nem foglalkozik a r\u00e9gi pletyk\u00e1kkal&#8230; Eg\u00e9szen addig, am\u00edg az \u00e1lmok el nem kezd\u0151dnek. Hamarosan kider\u00fcl, hogy a s\u00f6t\u00e9tben egy f\u00e9lelmetes \u00f6sszeesk\u00fcv\u00e9s lapul, \u00e9s ha Walter nem vigy\u00e1z, nemcsak az \u00e9let\u00e9t vesz\u00edtheti el&#8230; hanem a lelk\u00e9t is.<\/p>\n<p data-start=\"0\" data-end=\"461\"><img decoding=\"async\" class=\"bb_img aligncenter\" src=\"https:\/\/shared.cloudflare.steamstatic.com\/store_item_assets\/steam\/apps\/1902850\/extras\/DITWH_2.gif?t=1739353976\" \/><\/p>\n<p data-start=\"463\" data-end=\"707\">A <em data-start=\"463\" data-end=\"490\">Dreams in the Witch House<\/em> egy klasszikus point &amp; click kalandj\u00e1t\u00e9k \u00e9s egy ny\u00edlt vil\u00e1g\u00fa RPG egyed\u00fcl\u00e1ll\u00f3 kombin\u00e1ci\u00f3ja. A j\u00e1t\u00e9kmenet nem line\u00e1ris, \u00e9s sok elem v\u00e9letlenszer\u0171en gener\u00e1lt, ami miatt minden j\u00e1t\u00e9k m\u00e1s \u00e9s m\u00e1s.<\/p>\n<p data-start=\"709\" data-end=\"1125\">K\u00e9t h\u00f3nap \u00e1ll rendelkez\u00e9s\u00e9re, hogy felk\u00e9sz\u00edtse Waltert a rettegett Beltane kar\u00e1csony est\u00e9j\u00e9re. Rajtad \u00e1ll, hogyan haszn\u00e1lod fel ezt az id\u0151t: koncentr\u00e1lhatsz a tanulm\u00e1nyaidra, bar\u00e1tkozhatsz, \u00e9s gondoskodhatsz a ment\u00e1lis \u00e9s fizikai eg\u00e9szs\u00e9gedr\u0151l. Vagy kutathatsz r\u00e9gi legend\u00e1k ut\u00e1n, olvashatsz tiltott k\u00f6nyveket a Miskatonic Egyetemen, \u00e9s dolgozhatsz az okkult szakdolgozatodon. Vagy csak az \u00e1gyban maradsz, \u00e9s abban rem\u00e9nykedsz, hogy mindez mag\u00e1t\u00f3l elm\u00falik?<\/p>\n<p data-start=\"1127\" data-end=\"1196\">H.P. Lovecraft &#8222;\u00c1lmok egy boszork\u00e1ny h\u00e1z\u00e1ban&#8221; c\u00edm\u0171 novell\u00e1ja alapj\u00e1n k\u00e9sz\u00fclt j\u00e1t\u00e9k.<\/p>\n<h6 data-start=\"1198\" data-end=\"1214\">A j\u00e1t\u00e9k jellemz\u0151i:<\/h6>\n<ul data-start=\"1215\" data-end=\"1783\" data-is-last-node=\"\">\n<li data-start=\"1215\" data-end=\"1284\">A nyitott vil\u00e1g \u00e9s a klasszikus point &amp; click kaland kombin\u00e1ci\u00f3ja<\/li>\n<li data-start=\"1285\" data-end=\"1381\">RPG elemek: a p\u00e9nz, az eg\u00e9szs\u00e9g, az olvashat\u00f3s\u00e1g \u00e9s m\u00e1s karakterstatisztik\u00e1k kezel\u00e9se<\/li>\n<li data-start=\"1382\" data-end=\"1430\">A nappal \u00e9s az \u00e9jszaka k\u00f6rforg\u00e1sa \u00e9s az id\u0151j\u00e1r\u00e1s v\u00e1ltoz\u00e1sa<\/li>\n<li data-start=\"1431\" data-end=\"1478\">T\u00f6bbf\u00e9le befejez\u00e9s a j\u00e1t\u00e9kos d\u00f6nt\u00e9seit\u0151l f\u00fcgg\u0151en<\/li>\n<li data-start=\"1479\" data-end=\"1505\">10-20 \u00f3ra j\u00e1t\u00e9kid\u0151<\/li>\n<li data-start=\"1506\" data-end=\"1621\">Eredeti filmzene: Troy Sterling Nies<em data-start=\"1570\" data-end=\"1618\">(The Call of Cthulhu, The Whisperer in Darkness<\/em>)<\/li>\n<li data-start=\"1622\" data-end=\"1701\">Fokoz\u00f3d\u00f3 fesz\u00fclts\u00e9g: a term\u00e9szetfeletti fenyeget\u00e9sek fokozatosan er\u0151s\u00f6dnek<\/li>\n<li data-start=\"1702\" data-end=\"1747\">Retro grafika (320 \u00d7 180 pixel)<\/li>\n<li data-start=\"1748\" data-end=\"1783\" data-is-last-node=\"\">Gazdag anim\u00e1ci\u00f3k \u00e9s vizu\u00e1lis effektek<\/li>\n<\/ul>\n","protected":false},"excerpt":{"rendered":"<p>Fedezd fel a <em data-start=\"24\" data-end=\"51\">Dreams in the Witch House<\/em> s\u00f6t\u00e9t vil\u00e1g\u00e1t, amely a point &amp; click kaland \u00e9s az RPG egyed\u00fcl\u00e1ll\u00f3 kombin\u00e1ci\u00f3ja. Fedezd fel Arkham okkult titkait, k\u00fczdj az \u00e9pelmed\u00e9rt \u00e9s \u00e9ld t\u00fal Beltane est\u00e9j\u00e9t ebben a lovecrafti horrorj\u00e1t\u00e9kban.<\/p>\n<p><img decoding=\"async\" class=\"emoji\" role=\"img\" src=\"https:\/\/s.w.org\/images\/core\/emoji\/14.0.0\/svg\/1f30d.svg\" alt=\"\ud83c\udf0d\" \/> Glob\u00e1lis<br \/>\n<img decoding=\"async\" class=\"emoji\" role=\"img\" src=\"https:\/\/s.w.org\/images\/core\/emoji\/14.0.0\/svg\/2699.svg\" alt=\"\u2699\ufe0f\" \/> G\u0151z<br \/>\n<img decoding=\"async\" class=\"emoji\" role=\"img\" src=\"https:\/\/s.w.org\/images\/core\/emoji\/14.0.0\/svg\/1f5dd.svg\" alt=\"\ud83d\udddd\" \/> Digit\u00e1lis kulcs<\/p>\n","protected":false},"featured_media":33892,"template":"","meta":{"_acf_changed":false,"site-sidebar-layout":"default","site-content-layout":"","ast-site-content-layout":"default","site-content-style":"default","site-sidebar-style":"default","ast-global-header-display":"","ast-banner-title-visibility":"","ast-main-header-display":"","ast-hfb-above-header-display":"","ast-hfb-below-header-display":"","ast-hfb-mobile-header-display":"","site-post-title":"","ast-breadcrumbs-content":"","ast-featured-img":"","footer-sml-layout":"","ast-disable-related-posts":"","theme-transparent-header-meta":"default","adv-header-id-meta":"","stick-header-meta":"","header-above-stick-meta":"","header-main-stick-meta":"","header-below-stick-meta":"","astra-migrate-meta-layouts":"set","ast-page-background-enabled":"default","ast-page-background-meta":{"desktop":{"background-color":"var(--ast-global-color-4)","background-image":"","background-repeat":"repeat","background-position":"center center","background-size":"auto","background-attachment":"scroll","background-type":"","background-media":"","overlay-type":"","overlay-color":"","overlay-opacity":"","overlay-gradient":""},"tablet":{"background-color":"","background-image":"","background-repeat":"repeat","background-position":"center center","background-size":"auto","background-attachment":"scroll","background-type":"","background-media":"","overlay-type":"","overlay-color":"","overlay-opacity":"","overlay-gradient":""},"mobile":{"background-color":"","background-image":"","background-repeat":"repeat","background-position":"center center","background-size":"auto","background-attachment":"scroll","background-type":"","background-media":"","overlay-type":"","overlay-color":"","overlay-opacity":"","overlay-gradient":""}},"ast-content-background-meta":{"desktop":{"background-color":"var(--ast-global-color-5)","background-image":"","background-repeat":"repeat","background-position":"center center","background-size":"auto","background-attachment":"scroll","background-type":"","background-media":"","overlay-type":"","overlay-color":"","overlay-opacity":"","overlay-gradient":""},"tablet":{"background-color":"var(--ast-global-color-5)","background-image":"","background-repeat":"repeat","background-position":"center center","background-size":"auto","background-attachment":"scroll","background-type":"","background-media":"","overlay-type":"","overlay-color":"","overlay-opacity":"","overlay-gradient":""},"mobile":{"background-color":"var(--ast-global-color-5)","background-image":"","background-repeat":"repeat","background-position":"center center","background-size":"auto","background-attachment":"scroll","background-type":"","background-media":"","overlay-type":"","overlay-color":"","overlay-opacity":"","overlay-gradient":""}}},"product_brand":[],"product_cat":[415,369,365,385,363,364],"product_tag":[542],"class_list":{"0":"post-35395","1":"product","2":"type-product","3":"status-publish","4":"has-post-thumbnail","6":"product_cat-bonus-stage-publishing-hu","7":"product_cat-csarnokok","8":"product_cat-goz","9":"product_cat-horror-hu","10":"product_cat-kaland-jatekok","11":"product_cat-rpg-k","12":"product_tag-pid_04-hu","13":"desktop-align-left","14":"tablet-align-left","15":"mobile-align-left","17":"first","18":"instock","19":"virtual","20":"purchasable","21":"product-type-simple"},"acf":[],"yoast_head":"<!-- This site is optimized with the Yoast SEO Premium plugin v27.4 (Yoast SEO v27.4) - https:\/\/yoast.com\/product\/yoast-seo-premium-wordpress\/ -->\n<title>Dreams in the Witch House - Prismagamers.com<\/title>\n<meta name=\"description\" content=\"Fedezd fel a Dreams in the Witch House s\u00f6t\u00e9t vil\u00e1g\u00e1t, amely a point &amp; click kaland \u00e9s az RPG egyed\u00fcl\u00e1ll\u00f3 kombin\u00e1ci\u00f3ja. Fedezd fel Arkham okkult titkait, k\u00fczdj az \u00e9pelmed\u00e9rt \u00e9s \u00e9ld t\u00fal Beltane est\u00e9j\u00e9t ebben a lovecrafti horrorj\u00e1t\u00e9kban.   Glob\u00e1lis  G\u0151z  Digit\u00e1lis kulcs\" \/>\n<meta name=\"robots\" content=\"index, follow, max-snippet:-1, max-image-preview:large, max-video-preview:-1\" \/>\n<link rel=\"canonical\" href=\"https:\/\/prismagamers.com\/hu\/produkt\/dreams-in-the-witch-house\/\" \/>\n<meta property=\"og:locale\" content=\"hu_HU\" \/>\n<meta property=\"og:type\" content=\"article\" \/>\n<meta property=\"og:title\" content=\"Dreams in the Witch House\" \/>\n<meta property=\"og:description\" content=\"Fedezd fel a Dreams in the Witch House s\u00f6t\u00e9t vil\u00e1g\u00e1t, amely a point &amp; click kaland \u00e9s az RPG egyed\u00fcl\u00e1ll\u00f3 kombin\u00e1ci\u00f3ja. Fedezd fel Arkham okkult titkait, k\u00fczdj az \u00e9pelmed\u00e9rt \u00e9s \u00e9ld t\u00fal Beltane est\u00e9j\u00e9t ebben a lovecrafti horrorj\u00e1t\u00e9kban.   Glob\u00e1lis  G\u0151z  Digit\u00e1lis kulcs\" \/>\n<meta property=\"og:url\" content=\"https:\/\/prismagamers.com\/hu\/produkt\/dreams-in-the-witch-house\/\" \/>\n<meta property=\"og:site_name\" content=\"Prismagamers.com\" \/>\n<meta property=\"article:publisher\" content=\"https:\/\/www.facebook.com\/prismagamers\" \/>\n<meta property=\"article:modified_time\" content=\"2026-03-04T23:00:43+00:00\" \/>\n<meta property=\"og:image\" content=\"https:\/\/prismagamers.com\/wp-content\/uploads\/2025\/02\/library_600x900_2x-8-e1739395831177.jpg\" \/>\n\t<meta property=\"og:image:width\" content=\"300\" \/>\n\t<meta property=\"og:image:height\" content=\"450\" \/>\n\t<meta property=\"og:image:type\" content=\"image\/jpeg\" \/>\n<meta name=\"twitter:card\" content=\"summary_large_image\" \/>\n<meta name=\"twitter:label1\" content=\"Becs\u00fclt olvas\u00e1si id\u0151\" \/>\n\t<meta name=\"twitter:data1\" content=\"2 perc\" \/>\n<script type=\"application\/ld+json\" class=\"yoast-schema-graph\">{\"@context\":\"https:\\\/\\\/schema.org\",\"@graph\":[{\"@type\":\"WebPage\",\"@id\":\"https:\\\/\\\/prismagamers.com\\\/hu\\\/produkt\\\/dreams-in-the-witch-house\\\/\",\"url\":\"https:\\\/\\\/prismagamers.com\\\/hu\\\/produkt\\\/dreams-in-the-witch-house\\\/\",\"name\":\"Dreams in the Witch House - Prismagamers.com\",\"isPartOf\":{\"@id\":\"https:\\\/\\\/prismagamers.com\\\/hu\\\/#website\"},\"primaryImageOfPage\":{\"@id\":\"https:\\\/\\\/prismagamers.com\\\/hu\\\/produkt\\\/dreams-in-the-witch-house\\\/#primaryimage\"},\"image\":{\"@id\":\"https:\\\/\\\/prismagamers.com\\\/hu\\\/produkt\\\/dreams-in-the-witch-house\\\/#primaryimage\"},\"thumbnailUrl\":\"https:\\\/\\\/prismagamers.com\\\/wp-content\\\/uploads\\\/2025\\\/02\\\/library_600x900_2x-8-e1739395831177.jpg\",\"datePublished\":\"2025-02-12T21:31:04+00:00\",\"dateModified\":\"2026-03-04T23:00:43+00:00\",\"description\":\"Fedezd fel a Dreams in the Witch House s\u00f6t\u00e9t vil\u00e1g\u00e1t, amely a point &amp; click kaland \u00e9s az RPG egyed\u00fcl\u00e1ll\u00f3 kombin\u00e1ci\u00f3ja. Fedezd fel Arkham okkult titkait, k\u00fczdj az \u00e9pelmed\u00e9rt \u00e9s \u00e9ld t\u00fal Beltane est\u00e9j\u00e9t ebben a lovecrafti horrorj\u00e1t\u00e9kban. Glob\u00e1lis G\u0151z Digit\u00e1lis kulcs\",\"breadcrumb\":{\"@id\":\"https:\\\/\\\/prismagamers.com\\\/hu\\\/produkt\\\/dreams-in-the-witch-house\\\/#breadcrumb\"},\"inLanguage\":\"hu\",\"potentialAction\":[{\"@type\":\"ReadAction\",\"target\":[\"https:\\\/\\\/prismagamers.com\\\/hu\\\/produkt\\\/dreams-in-the-witch-house\\\/\"]}]},{\"@type\":\"ImageObject\",\"inLanguage\":\"hu\",\"@id\":\"https:\\\/\\\/prismagamers.com\\\/hu\\\/produkt\\\/dreams-in-the-witch-house\\\/#primaryimage\",\"url\":\"https:\\\/\\\/prismagamers.com\\\/wp-content\\\/uploads\\\/2025\\\/02\\\/library_600x900_2x-8-e1739395831177.jpg\",\"contentUrl\":\"https:\\\/\\\/prismagamers.com\\\/wp-content\\\/uploads\\\/2025\\\/02\\\/library_600x900_2x-8-e1739395831177.jpg\",\"width\":300,\"height\":450},{\"@type\":\"BreadcrumbList\",\"@id\":\"https:\\\/\\\/prismagamers.com\\\/hu\\\/produkt\\\/dreams-in-the-witch-house\\\/#breadcrumb\",\"itemListElement\":[{\"@type\":\"ListItem\",\"position\":1,\"name\":\"Strona g\u0142\u00f3wna\",\"item\":\"https:\\\/\\\/prismagamers.com\\\/hu\\\/prismagamers\\\/\"},{\"@type\":\"ListItem\",\"position\":2,\"name\":\"Shop\",\"item\":\"https:\\\/\\\/prismagamers.com\\\/hu\\\/shop\\\/\"},{\"@type\":\"ListItem\",\"position\":3,\"name\":\"Dreams in the Witch House\"}]},{\"@type\":\"WebSite\",\"@id\":\"https:\\\/\\\/prismagamers.com\\\/hu\\\/#website\",\"url\":\"https:\\\/\\\/prismagamers.com\\\/hu\\\/\",\"name\":\"Prismagamers\",\"description\":\"Sklep z grami PC I Sklep klucze Steam\",\"publisher\":{\"@id\":\"https:\\\/\\\/prismagamers.com\\\/hu\\\/#organization\"},\"potentialAction\":[{\"@type\":\"SearchAction\",\"target\":{\"@type\":\"EntryPoint\",\"urlTemplate\":\"https:\\\/\\\/prismagamers.com\\\/hu\\\/?s={search_term_string}\"},\"query-input\":{\"@type\":\"PropertyValueSpecification\",\"valueRequired\":true,\"valueName\":\"search_term_string\"}}],\"inLanguage\":\"hu\"},{\"@type\":\"Organization\",\"@id\":\"https:\\\/\\\/prismagamers.com\\\/hu\\\/#organization\",\"name\":\"Prismagamers\",\"url\":\"https:\\\/\\\/prismagamers.com\\\/hu\\\/\",\"logo\":{\"@type\":\"ImageObject\",\"inLanguage\":\"hu\",\"@id\":\"https:\\\/\\\/prismagamers.com\\\/hu\\\/#\\\/schema\\\/logo\\\/image\\\/\",\"url\":\"https:\\\/\\\/prismagamers.com\\\/wp-content\\\/uploads\\\/2022\\\/04\\\/cropped-logo-Prismagamers-01-scaled-1.jpg\",\"contentUrl\":\"https:\\\/\\\/prismagamers.com\\\/wp-content\\\/uploads\\\/2022\\\/04\\\/cropped-logo-Prismagamers-01-scaled-1.jpg\",\"width\":512,\"height\":512,\"caption\":\"Prismagamers\"},\"image\":{\"@id\":\"https:\\\/\\\/prismagamers.com\\\/hu\\\/#\\\/schema\\\/logo\\\/image\\\/\"},\"sameAs\":[\"https:\\\/\\\/www.facebook.com\\\/prismagamers\",\"https:\\\/\\\/www.instagram.com\\\/prismagamers_grycyfrowe\\\/\"],\"description\":\"Prismagamers.com to dynamiczny sklep z grami cyfrowymi, stworzony z my\u015bl\u0105 o entuzjastach gier wideo. Nasza strona oferuje szerok\u0105 gam\u0119 gier komputerowych, w tym najnowsze tytu\u0142y, dobrze znane klasyki oraz gry stworzone przez niezale\u017cne studia Ca\u0142y czas d\u0105\u017cymy do rozszerzenia naszej oferty. Do\u0142\u0105cz do nas i sta\u0144 si\u0119 cz\u0119\u015bci\u0105 naszej rosn\u0105cej spo\u0142eczno\u015bci graczy!\",\"email\":\"shop@prismagamers.com\",\"telephone\":\"48795541705\",\"legalName\":\"East Caravan Maksym \u017bukow\",\"foundingDate\":\"2012-05-10\",\"vatID\":\"PL8943038612\",\"taxID\":\"PL8943038612\",\"numberOfEmployees\":{\"@type\":\"QuantitativeValue\",\"minValue\":\"11\",\"maxValue\":\"50\"}}]}<\/script>\n<!-- \/ Yoast SEO Premium plugin. -->","yoast_head_json":{"title":"Dreams in the Witch House - Prismagamers.com","description":"Fedezd fel a Dreams in the Witch House s\u00f6t\u00e9t vil\u00e1g\u00e1t, amely a point &amp; click kaland \u00e9s az RPG egyed\u00fcl\u00e1ll\u00f3 kombin\u00e1ci\u00f3ja. Fedezd fel Arkham okkult titkait, k\u00fczdj az \u00e9pelmed\u00e9rt \u00e9s \u00e9ld t\u00fal Beltane est\u00e9j\u00e9t ebben a lovecrafti horrorj\u00e1t\u00e9kban.   Glob\u00e1lis  G\u0151z  Digit\u00e1lis kulcs","robots":{"index":"index","follow":"follow","max-snippet":"max-snippet:-1","max-image-preview":"max-image-preview:large","max-video-preview":"max-video-preview:-1"},"canonical":"https:\/\/prismagamers.com\/hu\/produkt\/dreams-in-the-witch-house\/","og_locale":"hu_HU","og_type":"article","og_title":"Dreams in the Witch House","og_description":"Fedezd fel a Dreams in the Witch House s\u00f6t\u00e9t vil\u00e1g\u00e1t, amely a point &amp; click kaland \u00e9s az RPG egyed\u00fcl\u00e1ll\u00f3 kombin\u00e1ci\u00f3ja. Fedezd fel Arkham okkult titkait, k\u00fczdj az \u00e9pelmed\u00e9rt \u00e9s \u00e9ld t\u00fal Beltane est\u00e9j\u00e9t ebben a lovecrafti horrorj\u00e1t\u00e9kban.   Glob\u00e1lis  G\u0151z  Digit\u00e1lis kulcs","og_url":"https:\/\/prismagamers.com\/hu\/produkt\/dreams-in-the-witch-house\/","og_site_name":"Prismagamers.com","article_publisher":"https:\/\/www.facebook.com\/prismagamers","article_modified_time":"2026-03-04T23:00:43+00:00","og_image":[{"width":300,"height":450,"url":"https:\/\/prismagamers.com\/wp-content\/uploads\/2025\/02\/library_600x900_2x-8-e1739395831177.jpg","type":"image\/jpeg"}],"twitter_card":"summary_large_image","twitter_misc":{"Becs\u00fclt olvas\u00e1si id\u0151":"2 perc"},"schema":{"@context":"https:\/\/schema.org","@graph":[{"@type":"WebPage","@id":"https:\/\/prismagamers.com\/hu\/produkt\/dreams-in-the-witch-house\/","url":"https:\/\/prismagamers.com\/hu\/produkt\/dreams-in-the-witch-house\/","name":"Dreams in the Witch House - Prismagamers.com","isPartOf":{"@id":"https:\/\/prismagamers.com\/hu\/#website"},"primaryImageOfPage":{"@id":"https:\/\/prismagamers.com\/hu\/produkt\/dreams-in-the-witch-house\/#primaryimage"},"image":{"@id":"https:\/\/prismagamers.com\/hu\/produkt\/dreams-in-the-witch-house\/#primaryimage"},"thumbnailUrl":"https:\/\/prismagamers.com\/wp-content\/uploads\/2025\/02\/library_600x900_2x-8-e1739395831177.jpg","datePublished":"2025-02-12T21:31:04+00:00","dateModified":"2026-03-04T23:00:43+00:00","description":"Fedezd fel a Dreams in the Witch House s\u00f6t\u00e9t vil\u00e1g\u00e1t, amely a point &amp; click kaland \u00e9s az RPG egyed\u00fcl\u00e1ll\u00f3 kombin\u00e1ci\u00f3ja. Fedezd fel Arkham okkult titkait, k\u00fczdj az \u00e9pelmed\u00e9rt \u00e9s \u00e9ld t\u00fal Beltane est\u00e9j\u00e9t ebben a lovecrafti horrorj\u00e1t\u00e9kban. Glob\u00e1lis G\u0151z Digit\u00e1lis kulcs","breadcrumb":{"@id":"https:\/\/prismagamers.com\/hu\/produkt\/dreams-in-the-witch-house\/#breadcrumb"},"inLanguage":"hu","potentialAction":[{"@type":"ReadAction","target":["https:\/\/prismagamers.com\/hu\/produkt\/dreams-in-the-witch-house\/"]}]},{"@type":"ImageObject","inLanguage":"hu","@id":"https:\/\/prismagamers.com\/hu\/produkt\/dreams-in-the-witch-house\/#primaryimage","url":"https:\/\/prismagamers.com\/wp-content\/uploads\/2025\/02\/library_600x900_2x-8-e1739395831177.jpg","contentUrl":"https:\/\/prismagamers.com\/wp-content\/uploads\/2025\/02\/library_600x900_2x-8-e1739395831177.jpg","width":300,"height":450},{"@type":"BreadcrumbList","@id":"https:\/\/prismagamers.com\/hu\/produkt\/dreams-in-the-witch-house\/#breadcrumb","itemListElement":[{"@type":"ListItem","position":1,"name":"Strona g\u0142\u00f3wna","item":"https:\/\/prismagamers.com\/hu\/prismagamers\/"},{"@type":"ListItem","position":2,"name":"Shop","item":"https:\/\/prismagamers.com\/hu\/shop\/"},{"@type":"ListItem","position":3,"name":"Dreams in the Witch House"}]},{"@type":"WebSite","@id":"https:\/\/prismagamers.com\/hu\/#website","url":"https:\/\/prismagamers.com\/hu\/","name":"Prismagamers","description":"Sklep z grami PC I Sklep klucze Steam","publisher":{"@id":"https:\/\/prismagamers.com\/hu\/#organization"},"potentialAction":[{"@type":"SearchAction","target":{"@type":"EntryPoint","urlTemplate":"https:\/\/prismagamers.com\/hu\/?s={search_term_string}"},"query-input":{"@type":"PropertyValueSpecification","valueRequired":true,"valueName":"search_term_string"}}],"inLanguage":"hu"},{"@type":"Organization","@id":"https:\/\/prismagamers.com\/hu\/#organization","name":"Prismagamers","url":"https:\/\/prismagamers.com\/hu\/","logo":{"@type":"ImageObject","inLanguage":"hu","@id":"https:\/\/prismagamers.com\/hu\/#\/schema\/logo\/image\/","url":"https:\/\/prismagamers.com\/wp-content\/uploads\/2022\/04\/cropped-logo-Prismagamers-01-scaled-1.jpg","contentUrl":"https:\/\/prismagamers.com\/wp-content\/uploads\/2022\/04\/cropped-logo-Prismagamers-01-scaled-1.jpg","width":512,"height":512,"caption":"Prismagamers"},"image":{"@id":"https:\/\/prismagamers.com\/hu\/#\/schema\/logo\/image\/"},"sameAs":["https:\/\/www.facebook.com\/prismagamers","https:\/\/www.instagram.com\/prismagamers_grycyfrowe\/"],"description":"Prismagamers.com to dynamiczny sklep z grami cyfrowymi, stworzony z my\u015bl\u0105 o entuzjastach gier wideo. Nasza strona oferuje szerok\u0105 gam\u0119 gier komputerowych, w tym najnowsze tytu\u0142y, dobrze znane klasyki oraz gry stworzone przez niezale\u017cne studia Ca\u0142y czas d\u0105\u017cymy do rozszerzenia naszej oferty. Do\u0142\u0105cz do nas i sta\u0144 si\u0119 cz\u0119\u015bci\u0105 naszej rosn\u0105cej spo\u0142eczno\u015bci graczy!","email":"shop@prismagamers.com","telephone":"48795541705","legalName":"East Caravan Maksym \u017bukow","foundingDate":"2012-05-10","vatID":"PL8943038612","taxID":"PL8943038612","numberOfEmployees":{"@type":"QuantitativeValue","minValue":"11","maxValue":"50"}}]}},"_links":{"self":[{"href":"https:\/\/prismagamers.com\/hu\/wp-json\/wp\/v2\/product\/35395","targetHints":{"allow":["GET"]}}],"collection":[{"href":"https:\/\/prismagamers.com\/hu\/wp-json\/wp\/v2\/product"}],"about":[{"href":"https:\/\/prismagamers.com\/hu\/wp-json\/wp\/v2\/types\/product"}],"wp:featuredmedia":[{"embeddable":true,"href":"https:\/\/prismagamers.com\/hu\/wp-json\/wp\/v2\/media\/33892"}],"wp:attachment":[{"href":"https:\/\/prismagamers.com\/hu\/wp-json\/wp\/v2\/media?parent=35395"}],"wp:term":[{"taxonomy":"product_brand","embeddable":true,"href":"https:\/\/prismagamers.com\/hu\/wp-json\/wp\/v2\/product_brand?post=35395"},{"taxonomy":"product_cat","embeddable":true,"href":"https:\/\/prismagamers.com\/hu\/wp-json\/wp\/v2\/product_cat?post=35395"},{"taxonomy":"product_tag","embeddable":true,"href":"https:\/\/prismagamers.com\/hu\/wp-json\/wp\/v2\/product_tag?post=35395"}],"curies":[{"name":"wp","href":"https:\/\/api.w.org\/{rel}","templated":true}]}}