{"id":35396,"date":"2025-02-02T00:18:31","date_gmt":"2025-02-01T23:18:31","guid":{"rendered":"https:\/\/prismagamers.com\/produkt\/goosebumps-a-jatek\/"},"modified":"2025-02-02T00:18:31","modified_gmt":"2025-02-01T23:18:31","slug":"goosebumps-a-jatek","status":"publish","type":"product","link":"https:\/\/prismagamers.com\/hu\/produkt\/goosebumps-a-jatek\/","title":{"rendered":"Goosebumps A j\u00e1t\u00e9k"},"content":{"rendered":"<h6><strong>N\u00e9zz szembe a f\u00e9lelmeiddel a Goosebumps videoj\u00e1t\u00e9kban!<\/strong><\/h6>\n<p>Az iskol\u00e1b\u00f3l hazafel\u00e9 vezet\u0151 \u00fat most sokkal ijeszt\u0151bb lett&#8230; Az eddig b\u00e9k\u00e9s k\u00f6rny\u00e9kedet sz\u00f6rnyek vett\u00e9k birtokba &#8211; de ezek nem h\u00e9tk\u00f6znapi sz\u00f6rnyek. Az R. L. Stine k\u00f6nyveib\u0151l ismert l\u00e9nyek kiszabadultak \u00e9s szabadon j\u00e1rk\u00e1lnak! V\u00e9rfarkasok leselkednek az erd\u0151ben, t\u00f6rp\u00e9k ugr\u00e1lnak a l\u00e1bad alatt, \u00e9s balj\u00f3s mad\u00e1rijeszt\u0151k j\u00e1rk\u00e1lnak \u00e9jf\u00e9lkor. Ki tudod-e cselezni \u0151ket, miel\u0151tt t\u00fal k\u00e9s\u0151 lenne?   <\/p>\n<ul>\n<li>Fedezd fel a k\u00f6rnyezetedet, oldj meg kih\u00edv\u00e1st jelent\u0151 rejtv\u00e9nyeket \u00e9s fedezz fel rejtett nyomokat, mik\u00f6zben olyan f\u00e9lelmetes helysz\u00edneken haladsz kereszt\u00fcl, mint:<\/li>\n<li>Holtak h\u00e1za &#8211; Milyen titkokat rejt a belseje?<\/li>\n<li>\u00dcres, s\u00f6t\u00e9t bev\u00e1s\u00e1rl\u00f3k\u00f6zpont munkaid\u0151 ut\u00e1n &#8211; Vigy\u00e1zz minden l\u00e9p\u00e9sre, valaki figyel t\u00e9ged&#8230;.<\/li>\n<li>A k\u00eds\u00e9rtetj\u00e1rta k\u00f6rny\u00e9k &#8211; Sz\u00f6rnyek mindenhol vannak, \u00e9s nincs biztons\u00e1gos hely!<\/li>\n<\/ul>\n<p>Csak ravaszs\u00e1ggal \u00e9s b\u00e1tors\u00e1ggal leszel k\u00e9pes szembesz\u00e1llni Slapp\u00e9val, \u00e9s meg\u00e1ll\u00edtani gonosz bossz\u00faterveit!<\/p>\n<p>A Goosebumps videoj\u00e1t\u00e9k egy izgalmas el\u0151zm\u00e9nyj\u00e1t\u00e9k a nagyszab\u00e1s\u00fa filmhez, amely okt\u00f3ber 16-\u00e1n ker\u00fcl a mozikba. J\u00e1t\u00e9kosok, k\u00e9sz\u00fcljetek fel&#8230; a f\u00e9lelem v\u00e1r r\u00e1tok! <\/p>\n","protected":false},"excerpt":{"rendered":"<p>Nosztalgi\u00e1zol a szok\u00e1sos \u00fatvonaladr\u00f3l hazafel\u00e9 az iskol\u00e1b\u00f3l? A mai nap sokkal ijeszt\u0151bb lesz a szok\u00e1sosn\u00e1l&#8230; \u00c1lmos birtokodat el\u00f6z\u00f6nl\u00f6tt\u00e9k a sz\u00f6rnyek! V\u00e9rfarkasok \u00f3l\u00e1lkodnak az erd\u0151ben, t\u00f6rp\u00e9k j\u00e1rj\u00e1k a f\u00f6ldet, \u00e9s mad\u00e1rijeszt\u0151k j\u00e1rnak \u00e9jf\u00e9lkor. De ezek a sz\u00f6rnyek nem h\u00e9tk\u00f6znapi k\u00eds\u00e9rtetek &#8211; \u0151k R. L. Stine k\u00f6nyveinek sz\u00f6rnyei!   <\/p>\n<p>\ud83c\udf0d Glob\u00e1lis<br \/>\n\u2699\ufe0f Steam<br \/>\n\ud83d\udddd Digit\u00e1lis kulcs<\/p>\n","protected":false},"featured_media":33824,"template":"","meta":{"_acf_changed":false,"site-sidebar-layout":"default","site-content-layout":"","ast-site-content-layout":"default","site-content-style":"default","site-sidebar-style":"default","ast-global-header-display":"","ast-banner-title-visibility":"","ast-main-header-display":"","ast-hfb-above-header-display":"","ast-hfb-below-header-display":"","ast-hfb-mobile-header-display":"","site-post-title":"","ast-breadcrumbs-content":"","ast-featured-img":"","footer-sml-layout":"","ast-disable-related-posts":"","theme-transparent-header-meta":"default","adv-header-id-meta":"","stick-header-meta":"","header-above-stick-meta":"","header-main-stick-meta":"","header-below-stick-meta":"","astra-migrate-meta-layouts":"default","ast-page-background-enabled":"default","ast-page-background-meta":{"desktop":{"background-color":"var(--ast-global-color-4)","background-image":"","background-repeat":"repeat","background-position":"center center","background-size":"auto","background-attachment":"scroll","background-type":"","background-media":"","overlay-type":"","overlay-color":"","overlay-opacity":"","overlay-gradient":""},"tablet":{"background-color":"","background-image":"","background-repeat":"repeat","background-position":"center center","background-size":"auto","background-attachment":"scroll","background-type":"","background-media":"","overlay-type":"","overlay-color":"","overlay-opacity":"","overlay-gradient":""},"mobile":{"background-color":"","background-image":"","background-repeat":"repeat","background-position":"center center","background-size":"auto","background-attachment":"scroll","background-type":"","background-media":"","overlay-type":"","overlay-color":"","overlay-opacity":"","overlay-gradient":""}},"ast-content-background-meta":{"desktop":{"background-color":"var(--ast-global-color-5)","background-image":"","background-repeat":"repeat","background-position":"center center","background-size":"auto","background-attachment":"scroll","background-type":"","background-media":"","overlay-type":"","overlay-color":"","overlay-opacity":"","overlay-gradient":""},"tablet":{"background-color":"var(--ast-global-color-5)","background-image":"","background-repeat":"repeat","background-position":"center center","background-size":"auto","background-attachment":"scroll","background-type":"","background-media":"","overlay-type":"","overlay-color":"","overlay-opacity":"","overlay-gradient":""},"mobile":{"background-color":"var(--ast-global-color-5)","background-image":"","background-repeat":"repeat","background-position":"center center","background-size":"auto","background-attachment":"scroll","background-type":"","background-media":"","overlay-type":"","overlay-color":"","overlay-opacity":"","overlay-gradient":""}}},"product_brand":[],"product_cat":[416,365,363],"product_tag":[],"class_list":{"0":"post-35396","1":"product","2":"type-product","3":"status-publish","4":"has-post-thumbnail","6":"product_cat-gamemill-entertainment-hu","7":"product_cat-goz","8":"product_cat-kaland-jatekok","9":"desktop-align-left","10":"tablet-align-left","11":"mobile-align-left","13":"first","14":"instock","15":"virtual","16":"purchasable","17":"product-type-simple"},"acf":[],"yoast_head":"<!-- This site is optimized with the Yoast SEO Premium plugin v27.5 (Yoast SEO v27.5) - https:\/\/yoast.com\/product\/yoast-seo-premium-wordpress\/ -->\n<title>Goosebumps A j\u00e1t\u00e9k - Prismagamers.com<\/title>\n<meta name=\"description\" content=\"Nosztalgi\u00e1zol a szok\u00e1sos \u00fatvonaladr\u00f3l hazafel\u00e9 az iskol\u00e1b\u00f3l? A mai nap sokkal ijeszt\u0151bb lesz a szok\u00e1sosn\u00e1l... \u00c1lmos birtokodat el\u00f6z\u00f6nl\u00f6tt\u00e9k a sz\u00f6rnyek! V\u00e9rfarkasok \u00f3l\u00e1lkodnak az erd\u0151ben, t\u00f6rp\u00e9k j\u00e1rj\u00e1k a f\u00f6ldet, \u00e9s mad\u00e1rijeszt\u0151k j\u00e1rnak \u00e9jf\u00e9lkor. De ezek a sz\u00f6rnyek nem h\u00e9tk\u00f6znapi k\u00eds\u00e9rtetek - \u0151k R. L. Stine k\u00f6nyveinek sz\u00f6rnyei!   \ud83c\udf0d Glob\u00e1lis \u2699\ufe0f Steam \ud83d\udddd Digit\u00e1lis kulcs\" \/>\n<meta name=\"robots\" content=\"index, follow, max-snippet:-1, max-image-preview:large, max-video-preview:-1\" \/>\n<link rel=\"canonical\" href=\"https:\/\/prismagamers.com\/hu\/produkt\/goosebumps-a-jatek\/\" \/>\n<meta property=\"og:locale\" content=\"hu_HU\" \/>\n<meta property=\"og:type\" content=\"article\" \/>\n<meta property=\"og:title\" content=\"Goosebumps A j\u00e1t\u00e9k\" \/>\n<meta property=\"og:description\" content=\"Nosztalgi\u00e1zol a szok\u00e1sos \u00fatvonaladr\u00f3l hazafel\u00e9 az iskol\u00e1b\u00f3l? A mai nap sokkal ijeszt\u0151bb lesz a szok\u00e1sosn\u00e1l... \u00c1lmos birtokodat el\u00f6z\u00f6nl\u00f6tt\u00e9k a sz\u00f6rnyek! V\u00e9rfarkasok \u00f3l\u00e1lkodnak az erd\u0151ben, t\u00f6rp\u00e9k j\u00e1rj\u00e1k a f\u00f6ldet, \u00e9s mad\u00e1rijeszt\u0151k j\u00e1rnak \u00e9jf\u00e9lkor. De ezek a sz\u00f6rnyek nem h\u00e9tk\u00f6znapi k\u00eds\u00e9rtetek - \u0151k R. L. Stine k\u00f6nyveinek sz\u00f6rnyei!   \ud83c\udf0d Glob\u00e1lis \u2699\ufe0f Steam \ud83d\udddd Digit\u00e1lis kulcs\" \/>\n<meta property=\"og:url\" content=\"https:\/\/prismagamers.com\/hu\/produkt\/goosebumps-a-jatek\/\" \/>\n<meta property=\"og:site_name\" content=\"Prismagamers.com\" \/>\n<meta property=\"article:publisher\" content=\"https:\/\/www.facebook.com\/prismagamers\" \/>\n<meta property=\"og:image\" content=\"https:\/\/prismagamers.com\/wp-content\/uploads\/2025\/02\/boxshot-e1738451836186.png\" \/>\n\t<meta property=\"og:image:width\" content=\"300\" \/>\n\t<meta property=\"og:image:height\" content=\"450\" \/>\n\t<meta property=\"og:image:type\" content=\"image\/png\" \/>\n<meta name=\"twitter:card\" content=\"summary_large_image\" \/>\n<meta name=\"twitter:label1\" content=\"Becs\u00fclt olvas\u00e1si id\u0151\" \/>\n\t<meta name=\"twitter:data1\" content=\"1 perc\" \/>\n<script type=\"application\/ld+json\" class=\"yoast-schema-graph\">{\"@context\":\"https:\\\/\\\/schema.org\",\"@graph\":[{\"@type\":\"WebPage\",\"@id\":\"https:\\\/\\\/prismagamers.com\\\/hu\\\/produkt\\\/goosebumps-a-jatek\\\/\",\"url\":\"https:\\\/\\\/prismagamers.com\\\/hu\\\/produkt\\\/goosebumps-a-jatek\\\/\",\"name\":\"Goosebumps A j\u00e1t\u00e9k - Prismagamers.com\",\"isPartOf\":{\"@id\":\"https:\\\/\\\/prismagamers.com\\\/hu\\\/#website\"},\"primaryImageOfPage\":{\"@id\":\"https:\\\/\\\/prismagamers.com\\\/hu\\\/produkt\\\/goosebumps-a-jatek\\\/#primaryimage\"},\"image\":{\"@id\":\"https:\\\/\\\/prismagamers.com\\\/hu\\\/produkt\\\/goosebumps-a-jatek\\\/#primaryimage\"},\"thumbnailUrl\":\"https:\\\/\\\/prismagamers.com\\\/wp-content\\\/uploads\\\/2025\\\/02\\\/boxshot-e1738451836186.png\",\"datePublished\":\"2025-02-01T23:18:31+00:00\",\"description\":\"Nosztalgi\u00e1zol a szok\u00e1sos \u00fatvonaladr\u00f3l hazafel\u00e9 az iskol\u00e1b\u00f3l? A mai nap sokkal ijeszt\u0151bb lesz a szok\u00e1sosn\u00e1l... \u00c1lmos birtokodat el\u00f6z\u00f6nl\u00f6tt\u00e9k a sz\u00f6rnyek! V\u00e9rfarkasok \u00f3l\u00e1lkodnak az erd\u0151ben, t\u00f6rp\u00e9k j\u00e1rj\u00e1k a f\u00f6ldet, \u00e9s mad\u00e1rijeszt\u0151k j\u00e1rnak \u00e9jf\u00e9lkor. De ezek a sz\u00f6rnyek nem h\u00e9tk\u00f6znapi k\u00eds\u00e9rtetek - \u0151k R. L. Stine k\u00f6nyveinek sz\u00f6rnyei! \ud83c\udf0d Glob\u00e1lis \u2699\ufe0f Steam \ud83d\udddd Digit\u00e1lis kulcs\",\"breadcrumb\":{\"@id\":\"https:\\\/\\\/prismagamers.com\\\/hu\\\/produkt\\\/goosebumps-a-jatek\\\/#breadcrumb\"},\"inLanguage\":\"hu\",\"potentialAction\":[{\"@type\":\"ReadAction\",\"target\":[\"https:\\\/\\\/prismagamers.com\\\/hu\\\/produkt\\\/goosebumps-a-jatek\\\/\"]}]},{\"@type\":\"ImageObject\",\"inLanguage\":\"hu\",\"@id\":\"https:\\\/\\\/prismagamers.com\\\/hu\\\/produkt\\\/goosebumps-a-jatek\\\/#primaryimage\",\"url\":\"https:\\\/\\\/prismagamers.com\\\/wp-content\\\/uploads\\\/2025\\\/02\\\/boxshot-e1738451836186.png\",\"contentUrl\":\"https:\\\/\\\/prismagamers.com\\\/wp-content\\\/uploads\\\/2025\\\/02\\\/boxshot-e1738451836186.png\",\"width\":300,\"height\":450,\"caption\":\"Goosebumps: A j\u00e1t\u00e9k bor\u00edt\u00f3ja\"},{\"@type\":\"BreadcrumbList\",\"@id\":\"https:\\\/\\\/prismagamers.com\\\/hu\\\/produkt\\\/goosebumps-a-jatek\\\/#breadcrumb\",\"itemListElement\":[{\"@type\":\"ListItem\",\"position\":1,\"name\":\"Strona g\u0142\u00f3wna\",\"item\":\"https:\\\/\\\/prismagamers.com\\\/hu\\\/prismagamers\\\/\"},{\"@type\":\"ListItem\",\"position\":2,\"name\":\"Shop\",\"item\":\"https:\\\/\\\/prismagamers.com\\\/hu\\\/shop\\\/\"},{\"@type\":\"ListItem\",\"position\":3,\"name\":\"Goosebumps A j\u00e1t\u00e9k\"}]},{\"@type\":\"WebSite\",\"@id\":\"https:\\\/\\\/prismagamers.com\\\/hu\\\/#website\",\"url\":\"https:\\\/\\\/prismagamers.com\\\/hu\\\/\",\"name\":\"Prismagamers\",\"description\":\"Sklep z grami PC I Sklep klucze Steam\",\"publisher\":{\"@id\":\"https:\\\/\\\/prismagamers.com\\\/hu\\\/#organization\"},\"potentialAction\":[{\"@type\":\"SearchAction\",\"target\":{\"@type\":\"EntryPoint\",\"urlTemplate\":\"https:\\\/\\\/prismagamers.com\\\/hu\\\/?s={search_term_string}\"},\"query-input\":{\"@type\":\"PropertyValueSpecification\",\"valueRequired\":true,\"valueName\":\"search_term_string\"}}],\"inLanguage\":\"hu\"},{\"@type\":\"Organization\",\"@id\":\"https:\\\/\\\/prismagamers.com\\\/hu\\\/#organization\",\"name\":\"Prismagamers\",\"url\":\"https:\\\/\\\/prismagamers.com\\\/hu\\\/\",\"logo\":{\"@type\":\"ImageObject\",\"inLanguage\":\"hu\",\"@id\":\"https:\\\/\\\/prismagamers.com\\\/hu\\\/#\\\/schema\\\/logo\\\/image\\\/\",\"url\":\"https:\\\/\\\/prismagamers.com\\\/wp-content\\\/uploads\\\/2022\\\/04\\\/cropped-logo-Prismagamers-01-scaled-1.jpg\",\"contentUrl\":\"https:\\\/\\\/prismagamers.com\\\/wp-content\\\/uploads\\\/2022\\\/04\\\/cropped-logo-Prismagamers-01-scaled-1.jpg\",\"width\":512,\"height\":512,\"caption\":\"Prismagamers\"},\"image\":{\"@id\":\"https:\\\/\\\/prismagamers.com\\\/hu\\\/#\\\/schema\\\/logo\\\/image\\\/\"},\"sameAs\":[\"https:\\\/\\\/www.facebook.com\\\/prismagamers\",\"https:\\\/\\\/www.instagram.com\\\/prismagamers_grycyfrowe\\\/\"],\"description\":\"Prismagamers.com to dynamiczny sklep z grami cyfrowymi, stworzony z my\u015bl\u0105 o entuzjastach gier wideo. Nasza strona oferuje szerok\u0105 gam\u0119 gier komputerowych, w tym najnowsze tytu\u0142y, dobrze znane klasyki oraz gry stworzone przez niezale\u017cne studia Ca\u0142y czas d\u0105\u017cymy do rozszerzenia naszej oferty. Do\u0142\u0105cz do nas i sta\u0144 si\u0119 cz\u0119\u015bci\u0105 naszej rosn\u0105cej spo\u0142eczno\u015bci graczy!\",\"email\":\"shop@prismagamers.com\",\"telephone\":\"48795541705\",\"legalName\":\"East Caravan Maksym \u017bukow\",\"foundingDate\":\"2012-05-10\",\"vatID\":\"PL8943038612\",\"taxID\":\"PL8943038612\",\"numberOfEmployees\":{\"@type\":\"QuantitativeValue\",\"minValue\":\"11\",\"maxValue\":\"50\"}}]}<\/script>\n<!-- \/ Yoast SEO Premium plugin. -->","yoast_head_json":{"title":"Goosebumps A j\u00e1t\u00e9k - Prismagamers.com","description":"Nosztalgi\u00e1zol a szok\u00e1sos \u00fatvonaladr\u00f3l hazafel\u00e9 az iskol\u00e1b\u00f3l? A mai nap sokkal ijeszt\u0151bb lesz a szok\u00e1sosn\u00e1l... \u00c1lmos birtokodat el\u00f6z\u00f6nl\u00f6tt\u00e9k a sz\u00f6rnyek! V\u00e9rfarkasok \u00f3l\u00e1lkodnak az erd\u0151ben, t\u00f6rp\u00e9k j\u00e1rj\u00e1k a f\u00f6ldet, \u00e9s mad\u00e1rijeszt\u0151k j\u00e1rnak \u00e9jf\u00e9lkor. De ezek a sz\u00f6rnyek nem h\u00e9tk\u00f6znapi k\u00eds\u00e9rtetek - \u0151k R. L. Stine k\u00f6nyveinek sz\u00f6rnyei!   \ud83c\udf0d Glob\u00e1lis \u2699\ufe0f Steam \ud83d\udddd Digit\u00e1lis kulcs","robots":{"index":"index","follow":"follow","max-snippet":"max-snippet:-1","max-image-preview":"max-image-preview:large","max-video-preview":"max-video-preview:-1"},"canonical":"https:\/\/prismagamers.com\/hu\/produkt\/goosebumps-a-jatek\/","og_locale":"hu_HU","og_type":"article","og_title":"Goosebumps A j\u00e1t\u00e9k","og_description":"Nosztalgi\u00e1zol a szok\u00e1sos \u00fatvonaladr\u00f3l hazafel\u00e9 az iskol\u00e1b\u00f3l? A mai nap sokkal ijeszt\u0151bb lesz a szok\u00e1sosn\u00e1l... \u00c1lmos birtokodat el\u00f6z\u00f6nl\u00f6tt\u00e9k a sz\u00f6rnyek! V\u00e9rfarkasok \u00f3l\u00e1lkodnak az erd\u0151ben, t\u00f6rp\u00e9k j\u00e1rj\u00e1k a f\u00f6ldet, \u00e9s mad\u00e1rijeszt\u0151k j\u00e1rnak \u00e9jf\u00e9lkor. De ezek a sz\u00f6rnyek nem h\u00e9tk\u00f6znapi k\u00eds\u00e9rtetek - \u0151k R. L. Stine k\u00f6nyveinek sz\u00f6rnyei!   \ud83c\udf0d Glob\u00e1lis \u2699\ufe0f Steam \ud83d\udddd Digit\u00e1lis kulcs","og_url":"https:\/\/prismagamers.com\/hu\/produkt\/goosebumps-a-jatek\/","og_site_name":"Prismagamers.com","article_publisher":"https:\/\/www.facebook.com\/prismagamers","og_image":[{"width":300,"height":450,"url":"https:\/\/prismagamers.com\/wp-content\/uploads\/2025\/02\/boxshot-e1738451836186.png","type":"image\/png"}],"twitter_card":"summary_large_image","twitter_misc":{"Becs\u00fclt olvas\u00e1si id\u0151":"1 perc"},"schema":{"@context":"https:\/\/schema.org","@graph":[{"@type":"WebPage","@id":"https:\/\/prismagamers.com\/hu\/produkt\/goosebumps-a-jatek\/","url":"https:\/\/prismagamers.com\/hu\/produkt\/goosebumps-a-jatek\/","name":"Goosebumps A j\u00e1t\u00e9k - Prismagamers.com","isPartOf":{"@id":"https:\/\/prismagamers.com\/hu\/#website"},"primaryImageOfPage":{"@id":"https:\/\/prismagamers.com\/hu\/produkt\/goosebumps-a-jatek\/#primaryimage"},"image":{"@id":"https:\/\/prismagamers.com\/hu\/produkt\/goosebumps-a-jatek\/#primaryimage"},"thumbnailUrl":"https:\/\/prismagamers.com\/wp-content\/uploads\/2025\/02\/boxshot-e1738451836186.png","datePublished":"2025-02-01T23:18:31+00:00","description":"Nosztalgi\u00e1zol a szok\u00e1sos \u00fatvonaladr\u00f3l hazafel\u00e9 az iskol\u00e1b\u00f3l? A mai nap sokkal ijeszt\u0151bb lesz a szok\u00e1sosn\u00e1l... \u00c1lmos birtokodat el\u00f6z\u00f6nl\u00f6tt\u00e9k a sz\u00f6rnyek! V\u00e9rfarkasok \u00f3l\u00e1lkodnak az erd\u0151ben, t\u00f6rp\u00e9k j\u00e1rj\u00e1k a f\u00f6ldet, \u00e9s mad\u00e1rijeszt\u0151k j\u00e1rnak \u00e9jf\u00e9lkor. De ezek a sz\u00f6rnyek nem h\u00e9tk\u00f6znapi k\u00eds\u00e9rtetek - \u0151k R. L. Stine k\u00f6nyveinek sz\u00f6rnyei! \ud83c\udf0d Glob\u00e1lis \u2699\ufe0f Steam \ud83d\udddd Digit\u00e1lis kulcs","breadcrumb":{"@id":"https:\/\/prismagamers.com\/hu\/produkt\/goosebumps-a-jatek\/#breadcrumb"},"inLanguage":"hu","potentialAction":[{"@type":"ReadAction","target":["https:\/\/prismagamers.com\/hu\/produkt\/goosebumps-a-jatek\/"]}]},{"@type":"ImageObject","inLanguage":"hu","@id":"https:\/\/prismagamers.com\/hu\/produkt\/goosebumps-a-jatek\/#primaryimage","url":"https:\/\/prismagamers.com\/wp-content\/uploads\/2025\/02\/boxshot-e1738451836186.png","contentUrl":"https:\/\/prismagamers.com\/wp-content\/uploads\/2025\/02\/boxshot-e1738451836186.png","width":300,"height":450,"caption":"Goosebumps: A j\u00e1t\u00e9k bor\u00edt\u00f3ja"},{"@type":"BreadcrumbList","@id":"https:\/\/prismagamers.com\/hu\/produkt\/goosebumps-a-jatek\/#breadcrumb","itemListElement":[{"@type":"ListItem","position":1,"name":"Strona g\u0142\u00f3wna","item":"https:\/\/prismagamers.com\/hu\/prismagamers\/"},{"@type":"ListItem","position":2,"name":"Shop","item":"https:\/\/prismagamers.com\/hu\/shop\/"},{"@type":"ListItem","position":3,"name":"Goosebumps A j\u00e1t\u00e9k"}]},{"@type":"WebSite","@id":"https:\/\/prismagamers.com\/hu\/#website","url":"https:\/\/prismagamers.com\/hu\/","name":"Prismagamers","description":"Sklep z grami PC I Sklep klucze Steam","publisher":{"@id":"https:\/\/prismagamers.com\/hu\/#organization"},"potentialAction":[{"@type":"SearchAction","target":{"@type":"EntryPoint","urlTemplate":"https:\/\/prismagamers.com\/hu\/?s={search_term_string}"},"query-input":{"@type":"PropertyValueSpecification","valueRequired":true,"valueName":"search_term_string"}}],"inLanguage":"hu"},{"@type":"Organization","@id":"https:\/\/prismagamers.com\/hu\/#organization","name":"Prismagamers","url":"https:\/\/prismagamers.com\/hu\/","logo":{"@type":"ImageObject","inLanguage":"hu","@id":"https:\/\/prismagamers.com\/hu\/#\/schema\/logo\/image\/","url":"https:\/\/prismagamers.com\/wp-content\/uploads\/2022\/04\/cropped-logo-Prismagamers-01-scaled-1.jpg","contentUrl":"https:\/\/prismagamers.com\/wp-content\/uploads\/2022\/04\/cropped-logo-Prismagamers-01-scaled-1.jpg","width":512,"height":512,"caption":"Prismagamers"},"image":{"@id":"https:\/\/prismagamers.com\/hu\/#\/schema\/logo\/image\/"},"sameAs":["https:\/\/www.facebook.com\/prismagamers","https:\/\/www.instagram.com\/prismagamers_grycyfrowe\/"],"description":"Prismagamers.com to dynamiczny sklep z grami cyfrowymi, stworzony z my\u015bl\u0105 o entuzjastach gier wideo. Nasza strona oferuje szerok\u0105 gam\u0119 gier komputerowych, w tym najnowsze tytu\u0142y, dobrze znane klasyki oraz gry stworzone przez niezale\u017cne studia Ca\u0142y czas d\u0105\u017cymy do rozszerzenia naszej oferty. Do\u0142\u0105cz do nas i sta\u0144 si\u0119 cz\u0119\u015bci\u0105 naszej rosn\u0105cej spo\u0142eczno\u015bci graczy!","email":"shop@prismagamers.com","telephone":"48795541705","legalName":"East Caravan Maksym \u017bukow","foundingDate":"2012-05-10","vatID":"PL8943038612","taxID":"PL8943038612","numberOfEmployees":{"@type":"QuantitativeValue","minValue":"11","maxValue":"50"}}]}},"_links":{"self":[{"href":"https:\/\/prismagamers.com\/hu\/wp-json\/wp\/v2\/product\/35396","targetHints":{"allow":["GET"]}}],"collection":[{"href":"https:\/\/prismagamers.com\/hu\/wp-json\/wp\/v2\/product"}],"about":[{"href":"https:\/\/prismagamers.com\/hu\/wp-json\/wp\/v2\/types\/product"}],"wp:featuredmedia":[{"embeddable":true,"href":"https:\/\/prismagamers.com\/hu\/wp-json\/wp\/v2\/media\/33824"}],"wp:attachment":[{"href":"https:\/\/prismagamers.com\/hu\/wp-json\/wp\/v2\/media?parent=35396"}],"wp:term":[{"taxonomy":"product_brand","embeddable":true,"href":"https:\/\/prismagamers.com\/hu\/wp-json\/wp\/v2\/product_brand?post=35396"},{"taxonomy":"product_cat","embeddable":true,"href":"https:\/\/prismagamers.com\/hu\/wp-json\/wp\/v2\/product_cat?post=35396"},{"taxonomy":"product_tag","embeddable":true,"href":"https:\/\/prismagamers.com\/hu\/wp-json\/wp\/v2\/product_tag?post=35396"}],"curies":[{"name":"wp","href":"https:\/\/api.w.org\/{rel}","templated":true}]}}