{"id":35397,"date":"2025-02-02T00:27:36","date_gmt":"2025-02-01T23:27:36","guid":{"rendered":"https:\/\/prismagamers.com\/produkt\/koponya-sziget-kong-felemelkedese\/"},"modified":"2025-02-02T00:27:36","modified_gmt":"2025-02-01T23:27:36","slug":"koponya-sziget-kong-felemelkedese","status":"publish","type":"product","link":"https:\/\/prismagamers.com\/hu\/produkt\/koponya-sziget-kong-felemelkedese\/","title":{"rendered":"Koponya-sziget: Kong felemelked\u00e9se"},"content":{"rendered":"<p>V\u00e1gj bele egy epikus kalandba, \u00e9s bosszuld meg sz\u00fcleid hal\u00e1l\u00e1t egy akci\u00f3j\u00e1t\u00e9kban!<\/p>\n<p>J\u00e1tssz egy akci\u00f3-kalandj\u00e1t\u00e9kot harmadik szem\u00e9ly\u0171 perspekt\u00edv\u00e1b\u00f3l, egy fiatal Kong szerep\u00e9be b\u00fajva, akinek egy exped\u00edci\u00f3 sor\u00e1n egyetlen feladatot kell teljes\u00edtenie: bossz\u00fat kell \u00e1llnia a sz\u00fclei\u00e9rt, akiket az alfa-ragadoz\u00f3, Gaw gyilkolt meg. Sz\u00e1llj szembe a vad\u00e1llatokkal, gy\u0151zd le Gaw h\u0171s\u00e9ges szolg\u00e1it, \u00e9s l\u00e9gy a Koponya-sziget kir\u00e1lya! <\/p>\n<p>Fedezd fel a titokzatos szigetet, fedezd fel titkait, \u00e9s n\u00e9zz szembe a kih\u00edv\u00e1sokkal, amelyek a mocsaras mocs\u00e1rvil\u00e1gban, a v\u00edzes\u00e9sekben, a s\u0171r\u0171 dzsungelben \u00e9s a vesz\u00e9lyekkel teli barlangokban v\u00e1rnak, tele skullit\u00e1kkal &#8211; n\u00f6v\u00e9nyekkel \u00e9s \u00e1llatokkal, amelyek ebb\u0151l a rendk\u00edv\u00fcli szigetb\u0151l mer\u00edtik erej\u00fcket.<\/p>\n<h5>A j\u00e1t\u00e9k f\u0151bb jellemz\u0151i:<\/h5>\n<ul>\n<li>Kong \u00e1talakul\u00e1sa &#8211; Fedezd fel az \u00e1rva Kong eredet\u00e9t, aki kisgyerekb\u0151l a Koponya-sziget \u00e9rett kir\u00e1ly\u00e1v\u00e1 v\u00e1lik.<\/li>\n<li>Kong&#8217;s Fury &#8211; Haszn\u00e1lj puszt\u00edt\u00f3 t\u00e1mad\u00e1skombin\u00e1ci\u00f3kat \u00e9s aktiv\u00e1ld a fury m\u00f3dot, hogy legy\u0151zd a szigeten \u00e9l\u0151 \u00f3ri\u00e1si l\u00e9nyeket \u00e9s besti\u00e1kat.<\/li>\n<li>Kong \u00fcv\u00f6lt\u00e9se &#8211; R\u00e9miszt\u0151 \u00fcv\u00f6lt\u00e9ssel k\u00e9nyszer\u00edtheted az ellens\u00e9get menek\u00fcl\u00e9sre, \u00e9s egyedi befejez\u0151 t\u00e1mad\u00e1sokkal r\u00f6vid\u00edtheted meg a gy\u00f6trelm\u00fcket.<\/li>\n<li>Fedezd fel a Koponya-sziget mitol\u00f3gi\u00e1j\u00e1t &#8211; Gy\u0171jtsd \u00f6ssze a gy\u0171jthet\u0151 t\u00e1rgyakat, nyisd meg a sziget titkos ter\u00fcleteit, \u00e9s fedezd fel Kongs gazdag t\u00f6rt\u00e9nelm\u00e9t, egzotikus n\u00f6v\u00e9ny- \u00e9s \u00e1llatvil\u00e1g\u00e1t.<\/li>\n<li>F\u0151n\u00f6ki harcok \u00e9s k\u00fcl\u00f6nleges esem\u00e9nyek &#8211; Szerezz \u00faj k\u00e9pess\u00e9geket \u00e9s szabad\u00edtsd fel Kong teljes harci potenci\u00e1lj\u00e1t az epikus f\u0151n\u00f6k\u00f6k legy\u0151z\u00e9s\u00e9vel.<\/li>\n<li>Szigetfelt\u00e1r\u00e1s &#8211; M\u00e1ssz fel hegyi terepre, ugorj \u00e1t ind\u00e1kon, j\u00e1rd \u00e1t a mocsarakat, fedezz fel rejtett barlangokat \u00e9s m\u00e1s titkos helyeket, hogy megbosszuld sz\u00fcleid hal\u00e1l\u00e1t.<\/li>\n<\/ul>\n<p>K\u00e9sz\u00fclj fel egy intenz\u00edv kalandra, amely tele van harcokkal, rejtv\u00e9nyekkel, felfedez\u00e9sekkel \u00e9s v\u00e1ratlan fordulatokkal, \u00e9s amely az egyik legvesz\u00e9lyesebb \u00e9s legrejt\u00e9lyesebb vil\u00e1gba vezet.<\/p>\n","protected":false},"excerpt":{"rendered":"<p>Indulj el egy epikus k\u00fcldet\u00e9sre, hogy megbosszuld a sz\u00fcleidet, akiket az alfa ragadoz\u00f3, Gaw \u00f6lt meg. N\u00e9zz szembe az \u0151s\u00e1llatok brut\u00e1lis t\u00e1mad\u00e1saival, \u00e9s gy\u0151zd le hal\u00e1los ellens\u00e9ged h\u0171s\u00e9ges szolg\u00e1it. Fedezd fel a titokzatos Koponya-szigetet, fedezd fel s\u00f6t\u00e9t titkait mocsarak, v\u00edzes\u00e9sek, dzsungelek \u00e9s vesz\u00e9lyekkel teli barlangok k\u00f6z\u00f6tt. Itt az ideje a bossz\u00fanak \u00e9s a sziget legvesz\u00e9lyesebb teremtm\u00e9nyeivel val\u00f3 szemben\u00e9z\u00e9snek!   <\/p>\n<p>\ud83c\udf0d Glob\u00e1lis<br \/>\n\u2699\ufe0f Steam<br \/>\n\ud83d\udddd Digit\u00e1lis kulcs<\/p>\n","protected":false},"featured_media":33828,"template":"","meta":{"_acf_changed":false,"site-sidebar-layout":"default","site-content-layout":"","ast-site-content-layout":"default","site-content-style":"default","site-sidebar-style":"default","ast-global-header-display":"","ast-banner-title-visibility":"","ast-main-header-display":"","ast-hfb-above-header-display":"","ast-hfb-below-header-display":"","ast-hfb-mobile-header-display":"","site-post-title":"","ast-breadcrumbs-content":"","ast-featured-img":"","footer-sml-layout":"","ast-disable-related-posts":"","theme-transparent-header-meta":"default","adv-header-id-meta":"","stick-header-meta":"","header-above-stick-meta":"","header-main-stick-meta":"","header-below-stick-meta":"","astra-migrate-meta-layouts":"default","ast-page-background-enabled":"default","ast-page-background-meta":{"desktop":{"background-color":"var(--ast-global-color-4)","background-image":"","background-repeat":"repeat","background-position":"center center","background-size":"auto","background-attachment":"scroll","background-type":"","background-media":"","overlay-type":"","overlay-color":"","overlay-opacity":"","overlay-gradient":""},"tablet":{"background-color":"","background-image":"","background-repeat":"repeat","background-position":"center center","background-size":"auto","background-attachment":"scroll","background-type":"","background-media":"","overlay-type":"","overlay-color":"","overlay-opacity":"","overlay-gradient":""},"mobile":{"background-color":"","background-image":"","background-repeat":"repeat","background-position":"center center","background-size":"auto","background-attachment":"scroll","background-type":"","background-media":"","overlay-type":"","overlay-color":"","overlay-opacity":"","overlay-gradient":""}},"ast-content-background-meta":{"desktop":{"background-color":"var(--ast-global-color-5)","background-image":"","background-repeat":"repeat","background-position":"center center","background-size":"auto","background-attachment":"scroll","background-type":"","background-media":"","overlay-type":"","overlay-color":"","overlay-opacity":"","overlay-gradient":""},"tablet":{"background-color":"var(--ast-global-color-5)","background-image":"","background-repeat":"repeat","background-position":"center center","background-size":"auto","background-attachment":"scroll","background-type":"","background-media":"","overlay-type":"","overlay-color":"","overlay-opacity":"","overlay-gradient":""},"mobile":{"background-color":"var(--ast-global-color-5)","background-image":"","background-repeat":"repeat","background-position":"center center","background-size":"auto","background-attachment":"scroll","background-type":"","background-media":"","overlay-type":"","overlay-color":"","overlay-opacity":"","overlay-gradient":""}}},"product_brand":[],"product_cat":[371,369,416,365,363,335],"product_tag":[],"class_list":{"0":"post-35397","1":"product","2":"type-product","3":"status-publish","4":"has-post-thumbnail","6":"product_cat-akcio-jatekok","7":"product_cat-csarnokok","8":"product_cat-gamemill-entertainment-hu","9":"product_cat-goz","10":"product_cat-kaland-jatekok","11":"product_cat-wyprzedaz","12":"desktop-align-left","13":"tablet-align-left","14":"mobile-align-left","16":"first","17":"instock","18":"sale","19":"virtual","20":"purchasable","21":"product-type-simple"},"acf":[],"yoast_head":"<!-- This site is optimized with the Yoast SEO Premium plugin v27.5 (Yoast SEO v27.5) - https:\/\/yoast.com\/product\/yoast-seo-premium-wordpress\/ -->\n<title>Koponya-sziget: Kong felemelked\u00e9se - Prismagamers.com<\/title>\n<meta name=\"description\" content=\"Indulj el egy epikus k\u00fcldet\u00e9sre, hogy megbosszuld a sz\u00fcleidet, akiket az alfa ragadoz\u00f3, Gaw \u00f6lt meg. N\u00e9zz szembe az \u0151s\u00e1llatok brut\u00e1lis t\u00e1mad\u00e1saival, \u00e9s gy\u0151zd le hal\u00e1los ellens\u00e9ged h\u0171s\u00e9ges szolg\u00e1it. Fedezd fel a titokzatos Koponya-szigetet, fedezd fel s\u00f6t\u00e9t titkait mocsarak, v\u00edzes\u00e9sek, dzsungelek \u00e9s vesz\u00e9lyekkel teli barlangok k\u00f6z\u00f6tt. Itt az ideje a bossz\u00fanak \u00e9s a sziget legvesz\u00e9lyesebb teremtm\u00e9nyeivel val\u00f3 szemben\u00e9z\u00e9snek!   \ud83c\udf0d Glob\u00e1lis \u2699\ufe0f Steam \ud83d\udddd Digit\u00e1lis kulcs\" \/>\n<meta name=\"robots\" content=\"index, follow, max-snippet:-1, max-image-preview:large, max-video-preview:-1\" \/>\n<link rel=\"canonical\" href=\"https:\/\/prismagamers.com\/hu\/produkt\/koponya-sziget-kong-felemelkedese\/\" \/>\n<meta property=\"og:locale\" content=\"hu_HU\" \/>\n<meta property=\"og:type\" content=\"article\" \/>\n<meta property=\"og:title\" content=\"Koponya-sziget: Kong felemelked\u00e9se\" \/>\n<meta property=\"og:description\" content=\"Indulj el egy epikus k\u00fcldet\u00e9sre, hogy megbosszuld a sz\u00fcleidet, akiket az alfa ragadoz\u00f3, Gaw \u00f6lt meg. N\u00e9zz szembe az \u0151s\u00e1llatok brut\u00e1lis t\u00e1mad\u00e1saival, \u00e9s gy\u0151zd le hal\u00e1los ellens\u00e9ged h\u0171s\u00e9ges szolg\u00e1it. Fedezd fel a titokzatos Koponya-szigetet, fedezd fel s\u00f6t\u00e9t titkait mocsarak, v\u00edzes\u00e9sek, dzsungelek \u00e9s vesz\u00e9lyekkel teli barlangok k\u00f6z\u00f6tt. Itt az ideje a bossz\u00fanak \u00e9s a sziget legvesz\u00e9lyesebb teremtm\u00e9nyeivel val\u00f3 szemben\u00e9z\u00e9snek!   \ud83c\udf0d Glob\u00e1lis \u2699\ufe0f Steam \ud83d\udddd Digit\u00e1lis kulcs\" \/>\n<meta property=\"og:url\" content=\"https:\/\/prismagamers.com\/hu\/produkt\/koponya-sziget-kong-felemelkedese\/\" \/>\n<meta property=\"og:site_name\" content=\"Prismagamers.com\" \/>\n<meta property=\"article:publisher\" content=\"https:\/\/www.facebook.com\/prismagamers\" \/>\n<meta property=\"og:image\" content=\"https:\/\/prismagamers.com\/wp-content\/uploads\/2025\/02\/library_600x900_2x-4-e1738452380718.jpg\" \/>\n\t<meta property=\"og:image:width\" content=\"300\" \/>\n\t<meta property=\"og:image:height\" content=\"450\" \/>\n\t<meta property=\"og:image:type\" content=\"image\/jpeg\" \/>\n<meta name=\"twitter:card\" content=\"summary_large_image\" \/>\n<meta name=\"twitter:label1\" content=\"Becs\u00fclt olvas\u00e1si id\u0151\" \/>\n\t<meta name=\"twitter:data1\" content=\"2 perc\" \/>\n<script type=\"application\/ld+json\" class=\"yoast-schema-graph\">{\"@context\":\"https:\\\/\\\/schema.org\",\"@graph\":[{\"@type\":\"WebPage\",\"@id\":\"https:\\\/\\\/prismagamers.com\\\/hu\\\/produkt\\\/koponya-sziget-kong-felemelkedese\\\/\",\"url\":\"https:\\\/\\\/prismagamers.com\\\/hu\\\/produkt\\\/koponya-sziget-kong-felemelkedese\\\/\",\"name\":\"Koponya-sziget: Kong felemelked\u00e9se - Prismagamers.com\",\"isPartOf\":{\"@id\":\"https:\\\/\\\/prismagamers.com\\\/hu\\\/#website\"},\"primaryImageOfPage\":{\"@id\":\"https:\\\/\\\/prismagamers.com\\\/hu\\\/produkt\\\/koponya-sziget-kong-felemelkedese\\\/#primaryimage\"},\"image\":{\"@id\":\"https:\\\/\\\/prismagamers.com\\\/hu\\\/produkt\\\/koponya-sziget-kong-felemelkedese\\\/#primaryimage\"},\"thumbnailUrl\":\"https:\\\/\\\/prismagamers.com\\\/wp-content\\\/uploads\\\/2025\\\/02\\\/library_600x900_2x-4-e1738452380718.jpg\",\"datePublished\":\"2025-02-01T23:27:36+00:00\",\"description\":\"Indulj el egy epikus k\u00fcldet\u00e9sre, hogy megbosszuld a sz\u00fcleidet, akiket az alfa ragadoz\u00f3, Gaw \u00f6lt meg. N\u00e9zz szembe az \u0151s\u00e1llatok brut\u00e1lis t\u00e1mad\u00e1saival, \u00e9s gy\u0151zd le hal\u00e1los ellens\u00e9ged h\u0171s\u00e9ges szolg\u00e1it. Fedezd fel a titokzatos Koponya-szigetet, fedezd fel s\u00f6t\u00e9t titkait mocsarak, v\u00edzes\u00e9sek, dzsungelek \u00e9s vesz\u00e9lyekkel teli barlangok k\u00f6z\u00f6tt. Itt az ideje a bossz\u00fanak \u00e9s a sziget legvesz\u00e9lyesebb teremtm\u00e9nyeivel val\u00f3 szemben\u00e9z\u00e9snek! \ud83c\udf0d Glob\u00e1lis \u2699\ufe0f Steam \ud83d\udddd Digit\u00e1lis kulcs\",\"breadcrumb\":{\"@id\":\"https:\\\/\\\/prismagamers.com\\\/hu\\\/produkt\\\/koponya-sziget-kong-felemelkedese\\\/#breadcrumb\"},\"inLanguage\":\"hu\",\"potentialAction\":[{\"@type\":\"ReadAction\",\"target\":[\"https:\\\/\\\/prismagamers.com\\\/hu\\\/produkt\\\/koponya-sziget-kong-felemelkedese\\\/\"]}]},{\"@type\":\"ImageObject\",\"inLanguage\":\"hu\",\"@id\":\"https:\\\/\\\/prismagamers.com\\\/hu\\\/produkt\\\/koponya-sziget-kong-felemelkedese\\\/#primaryimage\",\"url\":\"https:\\\/\\\/prismagamers.com\\\/wp-content\\\/uploads\\\/2025\\\/02\\\/library_600x900_2x-4-e1738452380718.jpg\",\"contentUrl\":\"https:\\\/\\\/prismagamers.com\\\/wp-content\\\/uploads\\\/2025\\\/02\\\/library_600x900_2x-4-e1738452380718.jpg\",\"width\":300,\"height\":450,\"caption\":\"Skull Island: Rise of Kong bor\u00edt\u00f3\"},{\"@type\":\"BreadcrumbList\",\"@id\":\"https:\\\/\\\/prismagamers.com\\\/hu\\\/produkt\\\/koponya-sziget-kong-felemelkedese\\\/#breadcrumb\",\"itemListElement\":[{\"@type\":\"ListItem\",\"position\":1,\"name\":\"Strona g\u0142\u00f3wna\",\"item\":\"https:\\\/\\\/prismagamers.com\\\/hu\\\/prismagamers\\\/\"},{\"@type\":\"ListItem\",\"position\":2,\"name\":\"Shop\",\"item\":\"https:\\\/\\\/prismagamers.com\\\/hu\\\/shop\\\/\"},{\"@type\":\"ListItem\",\"position\":3,\"name\":\"Koponya-sziget: Kong felemelked\u00e9se\"}]},{\"@type\":\"WebSite\",\"@id\":\"https:\\\/\\\/prismagamers.com\\\/hu\\\/#website\",\"url\":\"https:\\\/\\\/prismagamers.com\\\/hu\\\/\",\"name\":\"Prismagamers\",\"description\":\"Sklep z grami PC I Sklep klucze Steam\",\"publisher\":{\"@id\":\"https:\\\/\\\/prismagamers.com\\\/hu\\\/#organization\"},\"potentialAction\":[{\"@type\":\"SearchAction\",\"target\":{\"@type\":\"EntryPoint\",\"urlTemplate\":\"https:\\\/\\\/prismagamers.com\\\/hu\\\/?s={search_term_string}\"},\"query-input\":{\"@type\":\"PropertyValueSpecification\",\"valueRequired\":true,\"valueName\":\"search_term_string\"}}],\"inLanguage\":\"hu\"},{\"@type\":\"Organization\",\"@id\":\"https:\\\/\\\/prismagamers.com\\\/hu\\\/#organization\",\"name\":\"Prismagamers\",\"url\":\"https:\\\/\\\/prismagamers.com\\\/hu\\\/\",\"logo\":{\"@type\":\"ImageObject\",\"inLanguage\":\"hu\",\"@id\":\"https:\\\/\\\/prismagamers.com\\\/hu\\\/#\\\/schema\\\/logo\\\/image\\\/\",\"url\":\"https:\\\/\\\/prismagamers.com\\\/wp-content\\\/uploads\\\/2022\\\/04\\\/cropped-logo-Prismagamers-01-scaled-1.jpg\",\"contentUrl\":\"https:\\\/\\\/prismagamers.com\\\/wp-content\\\/uploads\\\/2022\\\/04\\\/cropped-logo-Prismagamers-01-scaled-1.jpg\",\"width\":512,\"height\":512,\"caption\":\"Prismagamers\"},\"image\":{\"@id\":\"https:\\\/\\\/prismagamers.com\\\/hu\\\/#\\\/schema\\\/logo\\\/image\\\/\"},\"sameAs\":[\"https:\\\/\\\/www.facebook.com\\\/prismagamers\",\"https:\\\/\\\/www.instagram.com\\\/prismagamers_grycyfrowe\\\/\"],\"description\":\"Prismagamers.com to dynamiczny sklep z grami cyfrowymi, stworzony z my\u015bl\u0105 o entuzjastach gier wideo. Nasza strona oferuje szerok\u0105 gam\u0119 gier komputerowych, w tym najnowsze tytu\u0142y, dobrze znane klasyki oraz gry stworzone przez niezale\u017cne studia Ca\u0142y czas d\u0105\u017cymy do rozszerzenia naszej oferty. Do\u0142\u0105cz do nas i sta\u0144 si\u0119 cz\u0119\u015bci\u0105 naszej rosn\u0105cej spo\u0142eczno\u015bci graczy!\",\"email\":\"shop@prismagamers.com\",\"telephone\":\"48795541705\",\"legalName\":\"East Caravan Maksym \u017bukow\",\"foundingDate\":\"2012-05-10\",\"vatID\":\"PL8943038612\",\"taxID\":\"PL8943038612\",\"numberOfEmployees\":{\"@type\":\"QuantitativeValue\",\"minValue\":\"11\",\"maxValue\":\"50\"}}]}<\/script>\n<!-- \/ Yoast SEO Premium plugin. -->","yoast_head_json":{"title":"Koponya-sziget: Kong felemelked\u00e9se - Prismagamers.com","description":"Indulj el egy epikus k\u00fcldet\u00e9sre, hogy megbosszuld a sz\u00fcleidet, akiket az alfa ragadoz\u00f3, Gaw \u00f6lt meg. N\u00e9zz szembe az \u0151s\u00e1llatok brut\u00e1lis t\u00e1mad\u00e1saival, \u00e9s gy\u0151zd le hal\u00e1los ellens\u00e9ged h\u0171s\u00e9ges szolg\u00e1it. Fedezd fel a titokzatos Koponya-szigetet, fedezd fel s\u00f6t\u00e9t titkait mocsarak, v\u00edzes\u00e9sek, dzsungelek \u00e9s vesz\u00e9lyekkel teli barlangok k\u00f6z\u00f6tt. Itt az ideje a bossz\u00fanak \u00e9s a sziget legvesz\u00e9lyesebb teremtm\u00e9nyeivel val\u00f3 szemben\u00e9z\u00e9snek!   \ud83c\udf0d Glob\u00e1lis \u2699\ufe0f Steam \ud83d\udddd Digit\u00e1lis kulcs","robots":{"index":"index","follow":"follow","max-snippet":"max-snippet:-1","max-image-preview":"max-image-preview:large","max-video-preview":"max-video-preview:-1"},"canonical":"https:\/\/prismagamers.com\/hu\/produkt\/koponya-sziget-kong-felemelkedese\/","og_locale":"hu_HU","og_type":"article","og_title":"Koponya-sziget: Kong felemelked\u00e9se","og_description":"Indulj el egy epikus k\u00fcldet\u00e9sre, hogy megbosszuld a sz\u00fcleidet, akiket az alfa ragadoz\u00f3, Gaw \u00f6lt meg. N\u00e9zz szembe az \u0151s\u00e1llatok brut\u00e1lis t\u00e1mad\u00e1saival, \u00e9s gy\u0151zd le hal\u00e1los ellens\u00e9ged h\u0171s\u00e9ges szolg\u00e1it. Fedezd fel a titokzatos Koponya-szigetet, fedezd fel s\u00f6t\u00e9t titkait mocsarak, v\u00edzes\u00e9sek, dzsungelek \u00e9s vesz\u00e9lyekkel teli barlangok k\u00f6z\u00f6tt. Itt az ideje a bossz\u00fanak \u00e9s a sziget legvesz\u00e9lyesebb teremtm\u00e9nyeivel val\u00f3 szemben\u00e9z\u00e9snek!   \ud83c\udf0d Glob\u00e1lis \u2699\ufe0f Steam \ud83d\udddd Digit\u00e1lis kulcs","og_url":"https:\/\/prismagamers.com\/hu\/produkt\/koponya-sziget-kong-felemelkedese\/","og_site_name":"Prismagamers.com","article_publisher":"https:\/\/www.facebook.com\/prismagamers","og_image":[{"width":300,"height":450,"url":"https:\/\/prismagamers.com\/wp-content\/uploads\/2025\/02\/library_600x900_2x-4-e1738452380718.jpg","type":"image\/jpeg"}],"twitter_card":"summary_large_image","twitter_misc":{"Becs\u00fclt olvas\u00e1si id\u0151":"2 perc"},"schema":{"@context":"https:\/\/schema.org","@graph":[{"@type":"WebPage","@id":"https:\/\/prismagamers.com\/hu\/produkt\/koponya-sziget-kong-felemelkedese\/","url":"https:\/\/prismagamers.com\/hu\/produkt\/koponya-sziget-kong-felemelkedese\/","name":"Koponya-sziget: Kong felemelked\u00e9se - Prismagamers.com","isPartOf":{"@id":"https:\/\/prismagamers.com\/hu\/#website"},"primaryImageOfPage":{"@id":"https:\/\/prismagamers.com\/hu\/produkt\/koponya-sziget-kong-felemelkedese\/#primaryimage"},"image":{"@id":"https:\/\/prismagamers.com\/hu\/produkt\/koponya-sziget-kong-felemelkedese\/#primaryimage"},"thumbnailUrl":"https:\/\/prismagamers.com\/wp-content\/uploads\/2025\/02\/library_600x900_2x-4-e1738452380718.jpg","datePublished":"2025-02-01T23:27:36+00:00","description":"Indulj el egy epikus k\u00fcldet\u00e9sre, hogy megbosszuld a sz\u00fcleidet, akiket az alfa ragadoz\u00f3, Gaw \u00f6lt meg. N\u00e9zz szembe az \u0151s\u00e1llatok brut\u00e1lis t\u00e1mad\u00e1saival, \u00e9s gy\u0151zd le hal\u00e1los ellens\u00e9ged h\u0171s\u00e9ges szolg\u00e1it. Fedezd fel a titokzatos Koponya-szigetet, fedezd fel s\u00f6t\u00e9t titkait mocsarak, v\u00edzes\u00e9sek, dzsungelek \u00e9s vesz\u00e9lyekkel teli barlangok k\u00f6z\u00f6tt. Itt az ideje a bossz\u00fanak \u00e9s a sziget legvesz\u00e9lyesebb teremtm\u00e9nyeivel val\u00f3 szemben\u00e9z\u00e9snek! \ud83c\udf0d Glob\u00e1lis \u2699\ufe0f Steam \ud83d\udddd Digit\u00e1lis kulcs","breadcrumb":{"@id":"https:\/\/prismagamers.com\/hu\/produkt\/koponya-sziget-kong-felemelkedese\/#breadcrumb"},"inLanguage":"hu","potentialAction":[{"@type":"ReadAction","target":["https:\/\/prismagamers.com\/hu\/produkt\/koponya-sziget-kong-felemelkedese\/"]}]},{"@type":"ImageObject","inLanguage":"hu","@id":"https:\/\/prismagamers.com\/hu\/produkt\/koponya-sziget-kong-felemelkedese\/#primaryimage","url":"https:\/\/prismagamers.com\/wp-content\/uploads\/2025\/02\/library_600x900_2x-4-e1738452380718.jpg","contentUrl":"https:\/\/prismagamers.com\/wp-content\/uploads\/2025\/02\/library_600x900_2x-4-e1738452380718.jpg","width":300,"height":450,"caption":"Skull Island: Rise of Kong bor\u00edt\u00f3"},{"@type":"BreadcrumbList","@id":"https:\/\/prismagamers.com\/hu\/produkt\/koponya-sziget-kong-felemelkedese\/#breadcrumb","itemListElement":[{"@type":"ListItem","position":1,"name":"Strona g\u0142\u00f3wna","item":"https:\/\/prismagamers.com\/hu\/prismagamers\/"},{"@type":"ListItem","position":2,"name":"Shop","item":"https:\/\/prismagamers.com\/hu\/shop\/"},{"@type":"ListItem","position":3,"name":"Koponya-sziget: Kong felemelked\u00e9se"}]},{"@type":"WebSite","@id":"https:\/\/prismagamers.com\/hu\/#website","url":"https:\/\/prismagamers.com\/hu\/","name":"Prismagamers","description":"Sklep z grami PC I Sklep klucze Steam","publisher":{"@id":"https:\/\/prismagamers.com\/hu\/#organization"},"potentialAction":[{"@type":"SearchAction","target":{"@type":"EntryPoint","urlTemplate":"https:\/\/prismagamers.com\/hu\/?s={search_term_string}"},"query-input":{"@type":"PropertyValueSpecification","valueRequired":true,"valueName":"search_term_string"}}],"inLanguage":"hu"},{"@type":"Organization","@id":"https:\/\/prismagamers.com\/hu\/#organization","name":"Prismagamers","url":"https:\/\/prismagamers.com\/hu\/","logo":{"@type":"ImageObject","inLanguage":"hu","@id":"https:\/\/prismagamers.com\/hu\/#\/schema\/logo\/image\/","url":"https:\/\/prismagamers.com\/wp-content\/uploads\/2022\/04\/cropped-logo-Prismagamers-01-scaled-1.jpg","contentUrl":"https:\/\/prismagamers.com\/wp-content\/uploads\/2022\/04\/cropped-logo-Prismagamers-01-scaled-1.jpg","width":512,"height":512,"caption":"Prismagamers"},"image":{"@id":"https:\/\/prismagamers.com\/hu\/#\/schema\/logo\/image\/"},"sameAs":["https:\/\/www.facebook.com\/prismagamers","https:\/\/www.instagram.com\/prismagamers_grycyfrowe\/"],"description":"Prismagamers.com to dynamiczny sklep z grami cyfrowymi, stworzony z my\u015bl\u0105 o entuzjastach gier wideo. Nasza strona oferuje szerok\u0105 gam\u0119 gier komputerowych, w tym najnowsze tytu\u0142y, dobrze znane klasyki oraz gry stworzone przez niezale\u017cne studia Ca\u0142y czas d\u0105\u017cymy do rozszerzenia naszej oferty. Do\u0142\u0105cz do nas i sta\u0144 si\u0119 cz\u0119\u015bci\u0105 naszej rosn\u0105cej spo\u0142eczno\u015bci graczy!","email":"shop@prismagamers.com","telephone":"48795541705","legalName":"East Caravan Maksym \u017bukow","foundingDate":"2012-05-10","vatID":"PL8943038612","taxID":"PL8943038612","numberOfEmployees":{"@type":"QuantitativeValue","minValue":"11","maxValue":"50"}}]}},"_links":{"self":[{"href":"https:\/\/prismagamers.com\/hu\/wp-json\/wp\/v2\/product\/35397","targetHints":{"allow":["GET"]}}],"collection":[{"href":"https:\/\/prismagamers.com\/hu\/wp-json\/wp\/v2\/product"}],"about":[{"href":"https:\/\/prismagamers.com\/hu\/wp-json\/wp\/v2\/types\/product"}],"wp:featuredmedia":[{"embeddable":true,"href":"https:\/\/prismagamers.com\/hu\/wp-json\/wp\/v2\/media\/33828"}],"wp:attachment":[{"href":"https:\/\/prismagamers.com\/hu\/wp-json\/wp\/v2\/media?parent=35397"}],"wp:term":[{"taxonomy":"product_brand","embeddable":true,"href":"https:\/\/prismagamers.com\/hu\/wp-json\/wp\/v2\/product_brand?post=35397"},{"taxonomy":"product_cat","embeddable":true,"href":"https:\/\/prismagamers.com\/hu\/wp-json\/wp\/v2\/product_cat?post=35397"},{"taxonomy":"product_tag","embeddable":true,"href":"https:\/\/prismagamers.com\/hu\/wp-json\/wp\/v2\/product_tag?post=35397"}],"curies":[{"name":"wp","href":"https:\/\/api.w.org\/{rel}","templated":true}]}}