{"id":35400,"date":"2025-02-02T18:31:41","date_gmt":"2025-02-02T17:31:41","guid":{"rendered":"https:\/\/prismagamers.com\/produkt\/backgammon-dama-mills\/"},"modified":"2025-08-26T15:04:22","modified_gmt":"2025-08-26T13:04:22","slug":"backgammon-checkers-mills","status":"publish","type":"product","link":"https:\/\/prismagamers.com\/hu\/produkt\/backgammon-checkers-mills\/","title":{"rendered":"Backgammon + Checkers + Mills"},"content":{"rendered":"<p><strong>Fedezz fel h\u00e1rom izgalmas t\u00e1rsasj\u00e1t\u00e9kot!<\/strong><\/p>\n<p>A triktrak, a d\u00e1ma \u00e9s a malom a legr\u00e9gebbi strat\u00e9giai t\u00e1rsasj\u00e1t\u00e9kok k\u00f6z\u00e9 tartozik, amelyek vil\u00e1gszerte ismertek. Koncentr\u00e1ci\u00f3t, strat\u00e9giai gondolkod\u00e1st \u00e9s n\u00e9mi szerencs\u00e9t ig\u00e9nyelnek a kockadob\u00e1skor. A gondosan megtervezett t\u00e1bl\u00e1k \u00e9s a szab\u00e1lyok saj\u00e1t preferenci\u00e1idhoz val\u00f3 igaz\u00edt\u00e1s\u00e1nak lehet\u0151s\u00e9ge v\u00e1ltozatos \u00e9s lebilincsel\u0151 j\u00e1t\u00e9kmenetet biztos\u00edt.<\/p>\n<p>Ezek a klasszikus k\u00e9tj\u00e1t\u00e9kos j\u00e1t\u00e9kok t\u00f6k\u00e9letes v\u00e1laszt\u00e1s es\u0151s napokra, t\u00e1rsasj\u00e1t\u00e9kos est\u00e9kre vagy egyszer\u0171en csak pihentet\u0151 id\u0151t\u00f6lt\u00e9sre. Ha nincs j\u00e1t\u00e9kost\u00e1rsad, a kih\u00edv\u00e1st jelent\u0151 mesters\u00e9ges intelligenci\u00e1val is megbirk\u00f3zhatsz. Ez a t\u00f6k\u00e9letes j\u00e1t\u00e9kgy\u0171jtem\u00e9ny minden koroszt\u00e1ly\u00fa j\u00e1t\u00e9kos sz\u00e1m\u00e1ra!<\/p>\n<p><strong>A j\u00e1t\u00e9k jellemz\u0151i:<\/strong><br \/>\n\u2714 K\u00fcl\u00f6nb\u00f6z\u0151 t\u00e1bl\u00e1k<br \/>\n\u2714 Testreszabhat\u00f3 j\u00e1t\u00e9kszab\u00e1lyok<br \/>\n\u2714 J\u00e1tsszon egy bar\u00e1tj\u00e1val vagy egy AI ellen.<\/p>\n","protected":false},"excerpt":{"rendered":"<p>Fedezz fel h\u00e1rom izgalmas t\u00e1rsasj\u00e1t\u00e9kot! Kiv\u00e1l\u00f3 j\u00e1t\u00e9kgy\u0171jtem\u00e9ny minden koroszt\u00e1ly sz\u00e1m\u00e1ra.<\/p>\n","protected":false},"featured_media":33839,"template":"","meta":{"_acf_changed":false,"site-sidebar-layout":"default","site-content-layout":"","ast-site-content-layout":"default","site-content-style":"default","site-sidebar-style":"default","ast-global-header-display":"","ast-banner-title-visibility":"","ast-main-header-display":"","ast-hfb-above-header-display":"","ast-hfb-below-header-display":"","ast-hfb-mobile-header-display":"","site-post-title":"","ast-breadcrumbs-content":"","ast-featured-img":"","footer-sml-layout":"","ast-disable-related-posts":"","theme-transparent-header-meta":"default","adv-header-id-meta":"","stick-header-meta":"","header-above-stick-meta":"","header-main-stick-meta":"","header-below-stick-meta":"","astra-migrate-meta-layouts":"set","ast-page-background-enabled":"default","ast-page-background-meta":{"desktop":{"background-color":"var(--ast-global-color-4)","background-image":"","background-repeat":"repeat","background-position":"center center","background-size":"auto","background-attachment":"scroll","background-type":"","background-media":"","overlay-type":"","overlay-color":"","overlay-opacity":"","overlay-gradient":""},"tablet":{"background-color":"","background-image":"","background-repeat":"repeat","background-position":"center center","background-size":"auto","background-attachment":"scroll","background-type":"","background-media":"","overlay-type":"","overlay-color":"","overlay-opacity":"","overlay-gradient":""},"mobile":{"background-color":"","background-image":"","background-repeat":"repeat","background-position":"center center","background-size":"auto","background-attachment":"scroll","background-type":"","background-media":"","overlay-type":"","overlay-color":"","overlay-opacity":"","overlay-gradient":""}},"ast-content-background-meta":{"desktop":{"background-color":"var(--ast-global-color-5)","background-image":"","background-repeat":"repeat","background-position":"center center","background-size":"auto","background-attachment":"scroll","background-type":"","background-media":"","overlay-type":"","overlay-color":"","overlay-opacity":"","overlay-gradient":""},"tablet":{"background-color":"var(--ast-global-color-5)","background-image":"","background-repeat":"repeat","background-position":"center center","background-size":"auto","background-attachment":"scroll","background-type":"","background-media":"","overlay-type":"","overlay-color":"","overlay-opacity":"","overlay-gradient":""},"mobile":{"background-color":"var(--ast-global-color-5)","background-image":"","background-repeat":"repeat","background-position":"center center","background-size":"auto","background-attachment":"scroll","background-type":"","background-media":"","overlay-type":"","overlay-color":"","overlay-opacity":"","overlay-gradient":""}}},"product_brand":[],"product_cat":[402,365,403],"product_tag":[],"class_list":{"0":"post-35400","1":"product","2":"type-product","3":"status-publish","4":"has-post-thumbnail","6":"product_cat-briggs","7":"product_cat-goz","8":"product_cat-kartyak","9":"desktop-align-left","10":"tablet-align-left","11":"mobile-align-left","13":"first","14":"instock","15":"virtual","16":"purchasable","17":"product-type-simple"},"acf":[],"yoast_head":"<!-- This site is optimized with the Yoast SEO Premium plugin v27.5 (Yoast SEO v27.5) - https:\/\/yoast.com\/product\/yoast-seo-premium-wordpress\/ -->\n<title>Backgammon + Checkers + Mills - Prismagamers.com<\/title>\n<meta name=\"description\" content=\"Fedezz fel h\u00e1rom izgalmas t\u00e1rsasj\u00e1t\u00e9kot! Kiv\u00e1l\u00f3 j\u00e1t\u00e9kgy\u0171jtem\u00e9ny minden koroszt\u00e1ly sz\u00e1m\u00e1ra.\" \/>\n<meta name=\"robots\" content=\"index, follow, max-snippet:-1, max-image-preview:large, max-video-preview:-1\" \/>\n<link rel=\"canonical\" href=\"https:\/\/prismagamers.com\/hu\/produkt\/backgammon-checkers-mills\/\" \/>\n<meta property=\"og:locale\" content=\"hu_HU\" \/>\n<meta property=\"og:type\" content=\"article\" \/>\n<meta property=\"og:title\" content=\"Backgammon + Checkers + Mills\" \/>\n<meta property=\"og:description\" content=\"Fedezz fel h\u00e1rom izgalmas t\u00e1rsasj\u00e1t\u00e9kot! Kiv\u00e1l\u00f3 j\u00e1t\u00e9kgy\u0171jtem\u00e9ny minden koroszt\u00e1ly sz\u00e1m\u00e1ra.\" \/>\n<meta property=\"og:url\" content=\"https:\/\/prismagamers.com\/hu\/produkt\/backgammon-checkers-mills\/\" \/>\n<meta property=\"og:site_name\" content=\"Prismagamers.com\" \/>\n<meta property=\"article:publisher\" content=\"https:\/\/www.facebook.com\/prismagamers\" \/>\n<meta property=\"article:modified_time\" content=\"2025-08-26T13:04:22+00:00\" \/>\n<meta property=\"og:image\" content=\"https:\/\/prismagamers.com\/wp-content\/uploads\/2025\/02\/Backgammon-Checkers-Mills1-e1738517127110.jpg\" \/>\n\t<meta property=\"og:image:width\" content=\"300\" \/>\n\t<meta property=\"og:image:height\" content=\"450\" \/>\n\t<meta property=\"og:image:type\" content=\"image\/jpeg\" \/>\n<meta name=\"twitter:card\" content=\"summary_large_image\" \/>\n<meta name=\"twitter:label1\" content=\"Becs\u00fclt olvas\u00e1si id\u0151\" \/>\n\t<meta name=\"twitter:data1\" content=\"1 perc\" \/>\n<script type=\"application\/ld+json\" class=\"yoast-schema-graph\">{\"@context\":\"https:\\\/\\\/schema.org\",\"@graph\":[{\"@type\":\"WebPage\",\"@id\":\"https:\\\/\\\/prismagamers.com\\\/hu\\\/produkt\\\/backgammon-checkers-mills\\\/\",\"url\":\"https:\\\/\\\/prismagamers.com\\\/hu\\\/produkt\\\/backgammon-checkers-mills\\\/\",\"name\":\"Backgammon + Checkers + Mills - Prismagamers.com\",\"isPartOf\":{\"@id\":\"https:\\\/\\\/prismagamers.com\\\/hu\\\/#website\"},\"primaryImageOfPage\":{\"@id\":\"https:\\\/\\\/prismagamers.com\\\/hu\\\/produkt\\\/backgammon-checkers-mills\\\/#primaryimage\"},\"image\":{\"@id\":\"https:\\\/\\\/prismagamers.com\\\/hu\\\/produkt\\\/backgammon-checkers-mills\\\/#primaryimage\"},\"thumbnailUrl\":\"https:\\\/\\\/prismagamers.com\\\/wp-content\\\/uploads\\\/2025\\\/02\\\/Backgammon-Checkers-Mills1-e1738517127110.jpg\",\"datePublished\":\"2025-02-02T17:31:41+00:00\",\"dateModified\":\"2025-08-26T13:04:22+00:00\",\"description\":\"Fedezz fel h\u00e1rom izgalmas t\u00e1rsasj\u00e1t\u00e9kot! Kiv\u00e1l\u00f3 j\u00e1t\u00e9kgy\u0171jtem\u00e9ny minden koroszt\u00e1ly sz\u00e1m\u00e1ra.\",\"breadcrumb\":{\"@id\":\"https:\\\/\\\/prismagamers.com\\\/hu\\\/produkt\\\/backgammon-checkers-mills\\\/#breadcrumb\"},\"inLanguage\":\"hu\",\"potentialAction\":[{\"@type\":\"ReadAction\",\"target\":[\"https:\\\/\\\/prismagamers.com\\\/hu\\\/produkt\\\/backgammon-checkers-mills\\\/\"]}]},{\"@type\":\"ImageObject\",\"inLanguage\":\"hu\",\"@id\":\"https:\\\/\\\/prismagamers.com\\\/hu\\\/produkt\\\/backgammon-checkers-mills\\\/#primaryimage\",\"url\":\"https:\\\/\\\/prismagamers.com\\\/wp-content\\\/uploads\\\/2025\\\/02\\\/Backgammon-Checkers-Mills1-e1738517127110.jpg\",\"contentUrl\":\"https:\\\/\\\/prismagamers.com\\\/wp-content\\\/uploads\\\/2025\\\/02\\\/Backgammon-Checkers-Mills1-e1738517127110.jpg\",\"width\":300,\"height\":450,\"caption\":\"Backgammon + D\u00e1ma + Mills1 fedezet\"},{\"@type\":\"BreadcrumbList\",\"@id\":\"https:\\\/\\\/prismagamers.com\\\/hu\\\/produkt\\\/backgammon-checkers-mills\\\/#breadcrumb\",\"itemListElement\":[{\"@type\":\"ListItem\",\"position\":1,\"name\":\"Strona g\u0142\u00f3wna\",\"item\":\"https:\\\/\\\/prismagamers.com\\\/hu\\\/prismagamers\\\/\"},{\"@type\":\"ListItem\",\"position\":2,\"name\":\"Shop\",\"item\":\"https:\\\/\\\/prismagamers.com\\\/hu\\\/shop\\\/\"},{\"@type\":\"ListItem\",\"position\":3,\"name\":\"Backgammon + Checkers + Mills\"}]},{\"@type\":\"WebSite\",\"@id\":\"https:\\\/\\\/prismagamers.com\\\/hu\\\/#website\",\"url\":\"https:\\\/\\\/prismagamers.com\\\/hu\\\/\",\"name\":\"Prismagamers\",\"description\":\"Sklep z grami PC I Sklep klucze Steam\",\"publisher\":{\"@id\":\"https:\\\/\\\/prismagamers.com\\\/hu\\\/#organization\"},\"potentialAction\":[{\"@type\":\"SearchAction\",\"target\":{\"@type\":\"EntryPoint\",\"urlTemplate\":\"https:\\\/\\\/prismagamers.com\\\/hu\\\/?s={search_term_string}\"},\"query-input\":{\"@type\":\"PropertyValueSpecification\",\"valueRequired\":true,\"valueName\":\"search_term_string\"}}],\"inLanguage\":\"hu\"},{\"@type\":\"Organization\",\"@id\":\"https:\\\/\\\/prismagamers.com\\\/hu\\\/#organization\",\"name\":\"Prismagamers\",\"url\":\"https:\\\/\\\/prismagamers.com\\\/hu\\\/\",\"logo\":{\"@type\":\"ImageObject\",\"inLanguage\":\"hu\",\"@id\":\"https:\\\/\\\/prismagamers.com\\\/hu\\\/#\\\/schema\\\/logo\\\/image\\\/\",\"url\":\"https:\\\/\\\/prismagamers.com\\\/wp-content\\\/uploads\\\/2022\\\/04\\\/cropped-logo-Prismagamers-01-scaled-1.jpg\",\"contentUrl\":\"https:\\\/\\\/prismagamers.com\\\/wp-content\\\/uploads\\\/2022\\\/04\\\/cropped-logo-Prismagamers-01-scaled-1.jpg\",\"width\":512,\"height\":512,\"caption\":\"Prismagamers\"},\"image\":{\"@id\":\"https:\\\/\\\/prismagamers.com\\\/hu\\\/#\\\/schema\\\/logo\\\/image\\\/\"},\"sameAs\":[\"https:\\\/\\\/www.facebook.com\\\/prismagamers\",\"https:\\\/\\\/www.instagram.com\\\/prismagamers_grycyfrowe\\\/\"],\"description\":\"Prismagamers.com to dynamiczny sklep z grami cyfrowymi, stworzony z my\u015bl\u0105 o entuzjastach gier wideo. Nasza strona oferuje szerok\u0105 gam\u0119 gier komputerowych, w tym najnowsze tytu\u0142y, dobrze znane klasyki oraz gry stworzone przez niezale\u017cne studia Ca\u0142y czas d\u0105\u017cymy do rozszerzenia naszej oferty. Do\u0142\u0105cz do nas i sta\u0144 si\u0119 cz\u0119\u015bci\u0105 naszej rosn\u0105cej spo\u0142eczno\u015bci graczy!\",\"email\":\"shop@prismagamers.com\",\"telephone\":\"48795541705\",\"legalName\":\"East Caravan Maksym \u017bukow\",\"foundingDate\":\"2012-05-10\",\"vatID\":\"PL8943038612\",\"taxID\":\"PL8943038612\",\"numberOfEmployees\":{\"@type\":\"QuantitativeValue\",\"minValue\":\"11\",\"maxValue\":\"50\"}}]}<\/script>\n<!-- \/ Yoast SEO Premium plugin. -->","yoast_head_json":{"title":"Backgammon + Checkers + Mills - Prismagamers.com","description":"Fedezz fel h\u00e1rom izgalmas t\u00e1rsasj\u00e1t\u00e9kot! Kiv\u00e1l\u00f3 j\u00e1t\u00e9kgy\u0171jtem\u00e9ny minden koroszt\u00e1ly sz\u00e1m\u00e1ra.","robots":{"index":"index","follow":"follow","max-snippet":"max-snippet:-1","max-image-preview":"max-image-preview:large","max-video-preview":"max-video-preview:-1"},"canonical":"https:\/\/prismagamers.com\/hu\/produkt\/backgammon-checkers-mills\/","og_locale":"hu_HU","og_type":"article","og_title":"Backgammon + Checkers + Mills","og_description":"Fedezz fel h\u00e1rom izgalmas t\u00e1rsasj\u00e1t\u00e9kot! Kiv\u00e1l\u00f3 j\u00e1t\u00e9kgy\u0171jtem\u00e9ny minden koroszt\u00e1ly sz\u00e1m\u00e1ra.","og_url":"https:\/\/prismagamers.com\/hu\/produkt\/backgammon-checkers-mills\/","og_site_name":"Prismagamers.com","article_publisher":"https:\/\/www.facebook.com\/prismagamers","article_modified_time":"2025-08-26T13:04:22+00:00","og_image":[{"width":300,"height":450,"url":"https:\/\/prismagamers.com\/wp-content\/uploads\/2025\/02\/Backgammon-Checkers-Mills1-e1738517127110.jpg","type":"image\/jpeg"}],"twitter_card":"summary_large_image","twitter_misc":{"Becs\u00fclt olvas\u00e1si id\u0151":"1 perc"},"schema":{"@context":"https:\/\/schema.org","@graph":[{"@type":"WebPage","@id":"https:\/\/prismagamers.com\/hu\/produkt\/backgammon-checkers-mills\/","url":"https:\/\/prismagamers.com\/hu\/produkt\/backgammon-checkers-mills\/","name":"Backgammon + Checkers + Mills - Prismagamers.com","isPartOf":{"@id":"https:\/\/prismagamers.com\/hu\/#website"},"primaryImageOfPage":{"@id":"https:\/\/prismagamers.com\/hu\/produkt\/backgammon-checkers-mills\/#primaryimage"},"image":{"@id":"https:\/\/prismagamers.com\/hu\/produkt\/backgammon-checkers-mills\/#primaryimage"},"thumbnailUrl":"https:\/\/prismagamers.com\/wp-content\/uploads\/2025\/02\/Backgammon-Checkers-Mills1-e1738517127110.jpg","datePublished":"2025-02-02T17:31:41+00:00","dateModified":"2025-08-26T13:04:22+00:00","description":"Fedezz fel h\u00e1rom izgalmas t\u00e1rsasj\u00e1t\u00e9kot! Kiv\u00e1l\u00f3 j\u00e1t\u00e9kgy\u0171jtem\u00e9ny minden koroszt\u00e1ly sz\u00e1m\u00e1ra.","breadcrumb":{"@id":"https:\/\/prismagamers.com\/hu\/produkt\/backgammon-checkers-mills\/#breadcrumb"},"inLanguage":"hu","potentialAction":[{"@type":"ReadAction","target":["https:\/\/prismagamers.com\/hu\/produkt\/backgammon-checkers-mills\/"]}]},{"@type":"ImageObject","inLanguage":"hu","@id":"https:\/\/prismagamers.com\/hu\/produkt\/backgammon-checkers-mills\/#primaryimage","url":"https:\/\/prismagamers.com\/wp-content\/uploads\/2025\/02\/Backgammon-Checkers-Mills1-e1738517127110.jpg","contentUrl":"https:\/\/prismagamers.com\/wp-content\/uploads\/2025\/02\/Backgammon-Checkers-Mills1-e1738517127110.jpg","width":300,"height":450,"caption":"Backgammon + D\u00e1ma + Mills1 fedezet"},{"@type":"BreadcrumbList","@id":"https:\/\/prismagamers.com\/hu\/produkt\/backgammon-checkers-mills\/#breadcrumb","itemListElement":[{"@type":"ListItem","position":1,"name":"Strona g\u0142\u00f3wna","item":"https:\/\/prismagamers.com\/hu\/prismagamers\/"},{"@type":"ListItem","position":2,"name":"Shop","item":"https:\/\/prismagamers.com\/hu\/shop\/"},{"@type":"ListItem","position":3,"name":"Backgammon + Checkers + Mills"}]},{"@type":"WebSite","@id":"https:\/\/prismagamers.com\/hu\/#website","url":"https:\/\/prismagamers.com\/hu\/","name":"Prismagamers","description":"Sklep z grami PC I Sklep klucze Steam","publisher":{"@id":"https:\/\/prismagamers.com\/hu\/#organization"},"potentialAction":[{"@type":"SearchAction","target":{"@type":"EntryPoint","urlTemplate":"https:\/\/prismagamers.com\/hu\/?s={search_term_string}"},"query-input":{"@type":"PropertyValueSpecification","valueRequired":true,"valueName":"search_term_string"}}],"inLanguage":"hu"},{"@type":"Organization","@id":"https:\/\/prismagamers.com\/hu\/#organization","name":"Prismagamers","url":"https:\/\/prismagamers.com\/hu\/","logo":{"@type":"ImageObject","inLanguage":"hu","@id":"https:\/\/prismagamers.com\/hu\/#\/schema\/logo\/image\/","url":"https:\/\/prismagamers.com\/wp-content\/uploads\/2022\/04\/cropped-logo-Prismagamers-01-scaled-1.jpg","contentUrl":"https:\/\/prismagamers.com\/wp-content\/uploads\/2022\/04\/cropped-logo-Prismagamers-01-scaled-1.jpg","width":512,"height":512,"caption":"Prismagamers"},"image":{"@id":"https:\/\/prismagamers.com\/hu\/#\/schema\/logo\/image\/"},"sameAs":["https:\/\/www.facebook.com\/prismagamers","https:\/\/www.instagram.com\/prismagamers_grycyfrowe\/"],"description":"Prismagamers.com to dynamiczny sklep z grami cyfrowymi, stworzony z my\u015bl\u0105 o entuzjastach gier wideo. Nasza strona oferuje szerok\u0105 gam\u0119 gier komputerowych, w tym najnowsze tytu\u0142y, dobrze znane klasyki oraz gry stworzone przez niezale\u017cne studia Ca\u0142y czas d\u0105\u017cymy do rozszerzenia naszej oferty. Do\u0142\u0105cz do nas i sta\u0144 si\u0119 cz\u0119\u015bci\u0105 naszej rosn\u0105cej spo\u0142eczno\u015bci graczy!","email":"shop@prismagamers.com","telephone":"48795541705","legalName":"East Caravan Maksym \u017bukow","foundingDate":"2012-05-10","vatID":"PL8943038612","taxID":"PL8943038612","numberOfEmployees":{"@type":"QuantitativeValue","minValue":"11","maxValue":"50"}}]}},"_links":{"self":[{"href":"https:\/\/prismagamers.com\/hu\/wp-json\/wp\/v2\/product\/35400","targetHints":{"allow":["GET"]}}],"collection":[{"href":"https:\/\/prismagamers.com\/hu\/wp-json\/wp\/v2\/product"}],"about":[{"href":"https:\/\/prismagamers.com\/hu\/wp-json\/wp\/v2\/types\/product"}],"wp:featuredmedia":[{"embeddable":true,"href":"https:\/\/prismagamers.com\/hu\/wp-json\/wp\/v2\/media\/33839"}],"wp:attachment":[{"href":"https:\/\/prismagamers.com\/hu\/wp-json\/wp\/v2\/media?parent=35400"}],"wp:term":[{"taxonomy":"product_brand","embeddable":true,"href":"https:\/\/prismagamers.com\/hu\/wp-json\/wp\/v2\/product_brand?post=35400"},{"taxonomy":"product_cat","embeddable":true,"href":"https:\/\/prismagamers.com\/hu\/wp-json\/wp\/v2\/product_cat?post=35400"},{"taxonomy":"product_tag","embeddable":true,"href":"https:\/\/prismagamers.com\/hu\/wp-json\/wp\/v2\/product_tag?post=35400"}],"curies":[{"name":"wp","href":"https:\/\/api.w.org\/{rel}","templated":true}]}}