{"id":35402,"date":"2025-02-02T18:52:26","date_gmt":"2025-02-02T17:52:26","guid":{"rendered":"https:\/\/prismagamers.com\/produkt\/bibi-blocksberg-nagy-sepruverseny-3\/"},"modified":"2025-08-26T15:01:54","modified_gmt":"2025-08-26T13:01:54","slug":"bibi-blocksberg-big-broom-race-3","status":"publish","type":"product","link":"https:\/\/prismagamers.com\/hu\/produkt\/bibi-blocksberg-big-broom-race-3\/","title":{"rendered":"Bibi Blocksberg &#8211; Big Broom Race 3"},"content":{"rendered":"<div class=\"flex-shrink-0 flex flex-col relative items-end\">\n<div>\n<div class=\"pt-0\">\n<div class=\"gizmo-bot-avatar flex h-8 w-8 items-center justify-center overflow-hidden rounded-full\">\n<div class=\"relative p-1 rounded-sm flex items-center justify-center bg-token-main-surface-primary text-token-text-primary h-8 w-8\"><span style=\"font-size: 16px;\">Sz\u00e1rnyalj a leveg\u0151ben, \u00e9s csatlakozz egy \u0151r\u00fclt boszork\u00e1nyversenyhez! Bibi \u00e9s bar\u00e1tai sepr\u0171ny\u00e9len pattannak fel, hogy leny\u0171g\u00f6z\u0151 vil\u00e1gokon kereszt\u00fcl sz\u00e1guldozzanak. Haszn\u00e1lj titokzatos b\u00e1jitalokat, hajts v\u00e9gre \u0151r\u00fclt l\u00e9gi man\u0151vereket, \u00e9s sz\u00e1guldj \u00e1t a dinoszauruszok, a sz\u00ednes Kelet \u00e9s a s\u00f6t\u00e9t Erd\u00e9ly vil\u00e1g\u00e1n. Itt az ideje megh\u00f3d\u00edtani az eget! <\/span><\/div>\n<\/div>\n<\/div>\n<\/div>\n<\/div>\n<div class=\"group\/conversation-turn relative flex w-full min-w-0 flex-col agent-turn\">\n<div class=\"flex-col gap-1 md:gap-3\">\n<div class=\"flex max-w-full flex-col flex-grow\">\n<div class=\"min-h-8 text-message flex w-full flex-col items-end gap-2 whitespace-normal break-words text-start [.text-message+&amp;]:mt-5\" dir=\"auto\" data-message-author-role=\"assistant\" data-message-id=\"9ac62b75-dd87-4212-88cc-78b1625f1aea\" data-message-model-slug=\"gpt-4o\">\n<div class=\"flex w-full flex-col gap-1 empty:hidden first:pt-[3px]\">\n<div class=\"markdown prose w-full break-words dark:prose-invert light\">\n<p>\u2728 <strong>A j\u00e1t\u00e9k jellemz\u0151i:<\/strong><br \/>\n\ud83d\ude80 Fedezz fel 3 kalandos vil\u00e1got \u00e9s versenyezz 12 izgalmas p\u00e1ly\u00e1n Sz\u00e1guldj \u00e1t a dinoszauruszok vil\u00e1g\u00e1n, fedezd fel a var\u00e1zslatos Keletet \u00e9s tapasztald meg Erd\u00e9ly izgalm\u00e1t V\u00e1lassz 8 karakter \u00e9s 8 egyedi, k\u00fcl\u00f6nb\u00f6z\u0151 tulajdons\u00e1gokkal rendelkez\u0151 sepr\u0171 k\u00f6z\u00fcl T\u00f6bbj\u00e1t\u00e9kos m\u00f3d 1-4 j\u00e1t\u00e9kos sz\u00e1m\u00e1ra: versenyezz egyed\u00fcl, du\u00f3ban vagy csapatban<br \/>\n\ud83e\udd96<br \/>\n\ud83e\uddd9\u200d\u2640\ufe0f<br \/>\n\ud83c\udfae<br \/>\n\ud83c\udf1f <strong>BONUS<\/strong>: Nyiss fel 2 extra p\u00e1ly\u00e1t \u00e9s rep\u00fclj \u00e1t a felh\u0151k\u00f6n \u00e9s az \u0171r\u00f6n!<\/p>\n<\/div>\n<\/div>\n<\/div>\n<\/div>\n<\/div>\n<\/div>\n","protected":false},"excerpt":{"rendered":"<p>Sz\u00e1rnyalj a leveg\u0151ben, \u00e9s csatlakozz egy \u0151r\u00fclt boszork\u00e1nyversenyhez! \ud83e\uddd9\u200d\u2640\ufe0f Bibi \u00e9s bar\u00e1tai sepr\u0171ny\u00e9len ugr\u00e1lva k\u00fcl\u00f6nleges vil\u00e1gokat j\u00e1rnak be. Haszn\u00e1lj titokzatos b\u00e1jitalokat, hajts v\u00e9gre \u0151r\u00fclt l\u00e9gi man\u0151vereket, \u00e9s siklj \u00e1t a dinoszauruszok f\u00f6ldj\u00e9n, a sz\u00ednes Keleten \u00e9s a s\u00f6t\u00e9t Erd\u00e9lyben. Itt az ideje megh\u00f3d\u00edtani az eget! \ud83d\ude80\u2728<\/p>\n<p>\ud83c\udf0d Glob\u00e1lis<br \/>\n\u2699\ufe0f Steam<br \/>\n\ud83d\udddd Digit\u00e1lis kulcs<\/p>\n","protected":false},"featured_media":33841,"template":"","meta":{"_acf_changed":false,"site-sidebar-layout":"default","site-content-layout":"","ast-site-content-layout":"default","site-content-style":"default","site-sidebar-style":"default","ast-global-header-display":"","ast-banner-title-visibility":"","ast-main-header-display":"","ast-hfb-above-header-display":"","ast-hfb-below-header-display":"","ast-hfb-mobile-header-display":"","site-post-title":"","ast-breadcrumbs-content":"","ast-featured-img":"","footer-sml-layout":"","ast-disable-related-posts":"","theme-transparent-header-meta":"default","adv-header-id-meta":"","stick-header-meta":"","header-above-stick-meta":"","header-main-stick-meta":"","header-below-stick-meta":"","astra-migrate-meta-layouts":"set","ast-page-background-enabled":"default","ast-page-background-meta":{"desktop":{"background-color":"var(--ast-global-color-4)","background-image":"","background-repeat":"repeat","background-position":"center center","background-size":"auto","background-attachment":"scroll","background-type":"","background-media":"","overlay-type":"","overlay-color":"","overlay-opacity":"","overlay-gradient":""},"tablet":{"background-color":"","background-image":"","background-repeat":"repeat","background-position":"center center","background-size":"auto","background-attachment":"scroll","background-type":"","background-media":"","overlay-type":"","overlay-color":"","overlay-opacity":"","overlay-gradient":""},"mobile":{"background-color":"","background-image":"","background-repeat":"repeat","background-position":"center center","background-size":"auto","background-attachment":"scroll","background-type":"","background-media":"","overlay-type":"","overlay-color":"","overlay-opacity":"","overlay-gradient":""}},"ast-content-background-meta":{"desktop":{"background-color":"var(--ast-global-color-5)","background-image":"","background-repeat":"repeat","background-position":"center center","background-size":"auto","background-attachment":"scroll","background-type":"","background-media":"","overlay-type":"","overlay-color":"","overlay-opacity":"","overlay-gradient":""},"tablet":{"background-color":"var(--ast-global-color-5)","background-image":"","background-repeat":"repeat","background-position":"center center","background-size":"auto","background-attachment":"scroll","background-type":"","background-media":"","overlay-type":"","overlay-color":"","overlay-opacity":"","overlay-gradient":""},"mobile":{"background-color":"var(--ast-global-color-5)","background-image":"","background-repeat":"repeat","background-position":"center center","background-size":"auto","background-attachment":"scroll","background-type":"","background-media":"","overlay-type":"","overlay-color":"","overlay-opacity":"","overlay-gradient":""}}},"product_brand":[],"product_cat":[401,365,376,417],"product_tag":[],"class_list":{"0":"post-35402","1":"product","2":"type-product","3":"status-publish","4":"has-post-thumbnail","6":"product_cat-csaladi-jatek","7":"product_cat-goz","8":"product_cat-sport-jatekok","9":"product_cat-versenyzos-jatekok","10":"desktop-align-left","11":"tablet-align-left","12":"mobile-align-left","14":"first","15":"instock","16":"virtual","17":"purchasable","18":"product-type-simple"},"acf":[],"yoast_head":"<!-- This site is optimized with the Yoast SEO Premium plugin v27.4 (Yoast SEO v27.4) - https:\/\/yoast.com\/product\/yoast-seo-premium-wordpress\/ -->\n<title>Bibi Blocksberg - Big Broom Race 3 - Prismagamers.com<\/title>\n<meta name=\"description\" content=\"Sz\u00e1rnyalj a leveg\u0151ben, \u00e9s csatlakozz egy \u0151r\u00fclt boszork\u00e1nyversenyhez! \ud83e\uddd9\u200d\u2640\ufe0f Bibi \u00e9s bar\u00e1tai sepr\u0171ny\u00e9len ugr\u00e1lva k\u00fcl\u00f6nleges vil\u00e1gokat j\u00e1rnak be. Haszn\u00e1lj titokzatos b\u00e1jitalokat, hajts v\u00e9gre \u0151r\u00fclt l\u00e9gi man\u0151vereket, \u00e9s siklj \u00e1t a dinoszauruszok f\u00f6ldj\u00e9n, a sz\u00ednes Keleten \u00e9s a s\u00f6t\u00e9t Erd\u00e9lyben. Itt az ideje megh\u00f3d\u00edtani az eget! \ud83d\ude80\u2728  \ud83c\udf0d Glob\u00e1lis \u2699\ufe0f Steam \ud83d\udddd Digit\u00e1lis kulcs\" \/>\n<meta name=\"robots\" content=\"index, follow, max-snippet:-1, max-image-preview:large, max-video-preview:-1\" \/>\n<link rel=\"canonical\" href=\"https:\/\/prismagamers.com\/hu\/produkt\/bibi-blocksberg-big-broom-race-3\/\" \/>\n<meta property=\"og:locale\" content=\"hu_HU\" \/>\n<meta property=\"og:type\" content=\"article\" \/>\n<meta property=\"og:title\" content=\"Bibi Blocksberg - Big Broom Race 3\" \/>\n<meta property=\"og:description\" content=\"Sz\u00e1rnyalj a leveg\u0151ben, \u00e9s csatlakozz egy \u0151r\u00fclt boszork\u00e1nyversenyhez! \ud83e\uddd9\u200d\u2640\ufe0f Bibi \u00e9s bar\u00e1tai sepr\u0171ny\u00e9len ugr\u00e1lva k\u00fcl\u00f6nleges vil\u00e1gokat j\u00e1rnak be. Haszn\u00e1lj titokzatos b\u00e1jitalokat, hajts v\u00e9gre \u0151r\u00fclt l\u00e9gi man\u0151vereket, \u00e9s siklj \u00e1t a dinoszauruszok f\u00f6ldj\u00e9n, a sz\u00ednes Keleten \u00e9s a s\u00f6t\u00e9t Erd\u00e9lyben. Itt az ideje megh\u00f3d\u00edtani az eget! \ud83d\ude80\u2728  \ud83c\udf0d Glob\u00e1lis \u2699\ufe0f Steam \ud83d\udddd Digit\u00e1lis kulcs\" \/>\n<meta property=\"og:url\" content=\"https:\/\/prismagamers.com\/hu\/produkt\/bibi-blocksberg-big-broom-race-3\/\" \/>\n<meta property=\"og:site_name\" content=\"Prismagamers.com\" \/>\n<meta property=\"article:publisher\" content=\"https:\/\/www.facebook.com\/prismagamers\" \/>\n<meta property=\"article:modified_time\" content=\"2025-08-26T13:01:54+00:00\" \/>\n<meta property=\"og:image\" content=\"https:\/\/prismagamers.com\/wp-content\/uploads\/2025\/02\/1-e1738518439200.jpg\" \/>\n\t<meta property=\"og:image:width\" content=\"300\" \/>\n\t<meta property=\"og:image:height\" content=\"450\" \/>\n\t<meta property=\"og:image:type\" content=\"image\/jpeg\" \/>\n<meta name=\"twitter:card\" content=\"summary_large_image\" \/>\n<meta name=\"twitter:label1\" content=\"Becs\u00fclt olvas\u00e1si id\u0151\" \/>\n\t<meta name=\"twitter:data1\" content=\"1 perc\" \/>\n<script type=\"application\/ld+json\" class=\"yoast-schema-graph\">{\"@context\":\"https:\\\/\\\/schema.org\",\"@graph\":[{\"@type\":\"WebPage\",\"@id\":\"https:\\\/\\\/prismagamers.com\\\/hu\\\/produkt\\\/bibi-blocksberg-big-broom-race-3\\\/\",\"url\":\"https:\\\/\\\/prismagamers.com\\\/hu\\\/produkt\\\/bibi-blocksberg-big-broom-race-3\\\/\",\"name\":\"Bibi Blocksberg - Big Broom Race 3 - Prismagamers.com\",\"isPartOf\":{\"@id\":\"https:\\\/\\\/prismagamers.com\\\/hu\\\/#website\"},\"primaryImageOfPage\":{\"@id\":\"https:\\\/\\\/prismagamers.com\\\/hu\\\/produkt\\\/bibi-blocksberg-big-broom-race-3\\\/#primaryimage\"},\"image\":{\"@id\":\"https:\\\/\\\/prismagamers.com\\\/hu\\\/produkt\\\/bibi-blocksberg-big-broom-race-3\\\/#primaryimage\"},\"thumbnailUrl\":\"https:\\\/\\\/prismagamers.com\\\/wp-content\\\/uploads\\\/2025\\\/02\\\/1-e1738518439200.jpg\",\"datePublished\":\"2025-02-02T17:52:26+00:00\",\"dateModified\":\"2025-08-26T13:01:54+00:00\",\"description\":\"Sz\u00e1rnyalj a leveg\u0151ben, \u00e9s csatlakozz egy \u0151r\u00fclt boszork\u00e1nyversenyhez! \ud83e\uddd9\u200d\u2640\ufe0f Bibi \u00e9s bar\u00e1tai sepr\u0171ny\u00e9len ugr\u00e1lva k\u00fcl\u00f6nleges vil\u00e1gokat j\u00e1rnak be. Haszn\u00e1lj titokzatos b\u00e1jitalokat, hajts v\u00e9gre \u0151r\u00fclt l\u00e9gi man\u0151vereket, \u00e9s siklj \u00e1t a dinoszauruszok f\u00f6ldj\u00e9n, a sz\u00ednes Keleten \u00e9s a s\u00f6t\u00e9t Erd\u00e9lyben. Itt az ideje megh\u00f3d\u00edtani az eget! \ud83d\ude80\u2728 \ud83c\udf0d Glob\u00e1lis \u2699\ufe0f Steam \ud83d\udddd Digit\u00e1lis kulcs\",\"breadcrumb\":{\"@id\":\"https:\\\/\\\/prismagamers.com\\\/hu\\\/produkt\\\/bibi-blocksberg-big-broom-race-3\\\/#breadcrumb\"},\"inLanguage\":\"hu\",\"potentialAction\":[{\"@type\":\"ReadAction\",\"target\":[\"https:\\\/\\\/prismagamers.com\\\/hu\\\/produkt\\\/bibi-blocksberg-big-broom-race-3\\\/\"]}]},{\"@type\":\"ImageObject\",\"inLanguage\":\"hu\",\"@id\":\"https:\\\/\\\/prismagamers.com\\\/hu\\\/produkt\\\/bibi-blocksberg-big-broom-race-3\\\/#primaryimage\",\"url\":\"https:\\\/\\\/prismagamers.com\\\/wp-content\\\/uploads\\\/2025\\\/02\\\/1-e1738518439200.jpg\",\"contentUrl\":\"https:\\\/\\\/prismagamers.com\\\/wp-content\\\/uploads\\\/2025\\\/02\\\/1-e1738518439200.jpg\",\"width\":300,\"height\":450,\"caption\":\"Bibi Blocksberg - Nagy sepr\u0171verseny 3 bor\u00edt\u00f3\"},{\"@type\":\"BreadcrumbList\",\"@id\":\"https:\\\/\\\/prismagamers.com\\\/hu\\\/produkt\\\/bibi-blocksberg-big-broom-race-3\\\/#breadcrumb\",\"itemListElement\":[{\"@type\":\"ListItem\",\"position\":1,\"name\":\"Strona g\u0142\u00f3wna\",\"item\":\"https:\\\/\\\/prismagamers.com\\\/hu\\\/prismagamers\\\/\"},{\"@type\":\"ListItem\",\"position\":2,\"name\":\"Shop\",\"item\":\"https:\\\/\\\/prismagamers.com\\\/hu\\\/shop\\\/\"},{\"@type\":\"ListItem\",\"position\":3,\"name\":\"Bibi Blocksberg &#8211; Big Broom Race 3\"}]},{\"@type\":\"WebSite\",\"@id\":\"https:\\\/\\\/prismagamers.com\\\/hu\\\/#website\",\"url\":\"https:\\\/\\\/prismagamers.com\\\/hu\\\/\",\"name\":\"Prismagamers\",\"description\":\"Sklep z grami PC I Sklep klucze Steam\",\"publisher\":{\"@id\":\"https:\\\/\\\/prismagamers.com\\\/hu\\\/#organization\"},\"potentialAction\":[{\"@type\":\"SearchAction\",\"target\":{\"@type\":\"EntryPoint\",\"urlTemplate\":\"https:\\\/\\\/prismagamers.com\\\/hu\\\/?s={search_term_string}\"},\"query-input\":{\"@type\":\"PropertyValueSpecification\",\"valueRequired\":true,\"valueName\":\"search_term_string\"}}],\"inLanguage\":\"hu\"},{\"@type\":\"Organization\",\"@id\":\"https:\\\/\\\/prismagamers.com\\\/hu\\\/#organization\",\"name\":\"Prismagamers\",\"url\":\"https:\\\/\\\/prismagamers.com\\\/hu\\\/\",\"logo\":{\"@type\":\"ImageObject\",\"inLanguage\":\"hu\",\"@id\":\"https:\\\/\\\/prismagamers.com\\\/hu\\\/#\\\/schema\\\/logo\\\/image\\\/\",\"url\":\"https:\\\/\\\/prismagamers.com\\\/wp-content\\\/uploads\\\/2022\\\/04\\\/cropped-logo-Prismagamers-01-scaled-1.jpg\",\"contentUrl\":\"https:\\\/\\\/prismagamers.com\\\/wp-content\\\/uploads\\\/2022\\\/04\\\/cropped-logo-Prismagamers-01-scaled-1.jpg\",\"width\":512,\"height\":512,\"caption\":\"Prismagamers\"},\"image\":{\"@id\":\"https:\\\/\\\/prismagamers.com\\\/hu\\\/#\\\/schema\\\/logo\\\/image\\\/\"},\"sameAs\":[\"https:\\\/\\\/www.facebook.com\\\/prismagamers\",\"https:\\\/\\\/www.instagram.com\\\/prismagamers_grycyfrowe\\\/\"],\"description\":\"Prismagamers.com to dynamiczny sklep z grami cyfrowymi, stworzony z my\u015bl\u0105 o entuzjastach gier wideo. Nasza strona oferuje szerok\u0105 gam\u0119 gier komputerowych, w tym najnowsze tytu\u0142y, dobrze znane klasyki oraz gry stworzone przez niezale\u017cne studia Ca\u0142y czas d\u0105\u017cymy do rozszerzenia naszej oferty. Do\u0142\u0105cz do nas i sta\u0144 si\u0119 cz\u0119\u015bci\u0105 naszej rosn\u0105cej spo\u0142eczno\u015bci graczy!\",\"email\":\"shop@prismagamers.com\",\"telephone\":\"48795541705\",\"legalName\":\"East Caravan Maksym \u017bukow\",\"foundingDate\":\"2012-05-10\",\"vatID\":\"PL8943038612\",\"taxID\":\"PL8943038612\",\"numberOfEmployees\":{\"@type\":\"QuantitativeValue\",\"minValue\":\"11\",\"maxValue\":\"50\"}}]}<\/script>\n<!-- \/ Yoast SEO Premium plugin. -->","yoast_head_json":{"title":"Bibi Blocksberg - Big Broom Race 3 - Prismagamers.com","description":"Sz\u00e1rnyalj a leveg\u0151ben, \u00e9s csatlakozz egy \u0151r\u00fclt boszork\u00e1nyversenyhez! \ud83e\uddd9\u200d\u2640\ufe0f Bibi \u00e9s bar\u00e1tai sepr\u0171ny\u00e9len ugr\u00e1lva k\u00fcl\u00f6nleges vil\u00e1gokat j\u00e1rnak be. Haszn\u00e1lj titokzatos b\u00e1jitalokat, hajts v\u00e9gre \u0151r\u00fclt l\u00e9gi man\u0151vereket, \u00e9s siklj \u00e1t a dinoszauruszok f\u00f6ldj\u00e9n, a sz\u00ednes Keleten \u00e9s a s\u00f6t\u00e9t Erd\u00e9lyben. Itt az ideje megh\u00f3d\u00edtani az eget! \ud83d\ude80\u2728  \ud83c\udf0d Glob\u00e1lis \u2699\ufe0f Steam \ud83d\udddd Digit\u00e1lis kulcs","robots":{"index":"index","follow":"follow","max-snippet":"max-snippet:-1","max-image-preview":"max-image-preview:large","max-video-preview":"max-video-preview:-1"},"canonical":"https:\/\/prismagamers.com\/hu\/produkt\/bibi-blocksberg-big-broom-race-3\/","og_locale":"hu_HU","og_type":"article","og_title":"Bibi Blocksberg - Big Broom Race 3","og_description":"Sz\u00e1rnyalj a leveg\u0151ben, \u00e9s csatlakozz egy \u0151r\u00fclt boszork\u00e1nyversenyhez! \ud83e\uddd9\u200d\u2640\ufe0f Bibi \u00e9s bar\u00e1tai sepr\u0171ny\u00e9len ugr\u00e1lva k\u00fcl\u00f6nleges vil\u00e1gokat j\u00e1rnak be. Haszn\u00e1lj titokzatos b\u00e1jitalokat, hajts v\u00e9gre \u0151r\u00fclt l\u00e9gi man\u0151vereket, \u00e9s siklj \u00e1t a dinoszauruszok f\u00f6ldj\u00e9n, a sz\u00ednes Keleten \u00e9s a s\u00f6t\u00e9t Erd\u00e9lyben. Itt az ideje megh\u00f3d\u00edtani az eget! \ud83d\ude80\u2728  \ud83c\udf0d Glob\u00e1lis \u2699\ufe0f Steam \ud83d\udddd Digit\u00e1lis kulcs","og_url":"https:\/\/prismagamers.com\/hu\/produkt\/bibi-blocksberg-big-broom-race-3\/","og_site_name":"Prismagamers.com","article_publisher":"https:\/\/www.facebook.com\/prismagamers","article_modified_time":"2025-08-26T13:01:54+00:00","og_image":[{"width":300,"height":450,"url":"https:\/\/prismagamers.com\/wp-content\/uploads\/2025\/02\/1-e1738518439200.jpg","type":"image\/jpeg"}],"twitter_card":"summary_large_image","twitter_misc":{"Becs\u00fclt olvas\u00e1si id\u0151":"1 perc"},"schema":{"@context":"https:\/\/schema.org","@graph":[{"@type":"WebPage","@id":"https:\/\/prismagamers.com\/hu\/produkt\/bibi-blocksberg-big-broom-race-3\/","url":"https:\/\/prismagamers.com\/hu\/produkt\/bibi-blocksberg-big-broom-race-3\/","name":"Bibi Blocksberg - Big Broom Race 3 - Prismagamers.com","isPartOf":{"@id":"https:\/\/prismagamers.com\/hu\/#website"},"primaryImageOfPage":{"@id":"https:\/\/prismagamers.com\/hu\/produkt\/bibi-blocksberg-big-broom-race-3\/#primaryimage"},"image":{"@id":"https:\/\/prismagamers.com\/hu\/produkt\/bibi-blocksberg-big-broom-race-3\/#primaryimage"},"thumbnailUrl":"https:\/\/prismagamers.com\/wp-content\/uploads\/2025\/02\/1-e1738518439200.jpg","datePublished":"2025-02-02T17:52:26+00:00","dateModified":"2025-08-26T13:01:54+00:00","description":"Sz\u00e1rnyalj a leveg\u0151ben, \u00e9s csatlakozz egy \u0151r\u00fclt boszork\u00e1nyversenyhez! \ud83e\uddd9\u200d\u2640\ufe0f Bibi \u00e9s bar\u00e1tai sepr\u0171ny\u00e9len ugr\u00e1lva k\u00fcl\u00f6nleges vil\u00e1gokat j\u00e1rnak be. Haszn\u00e1lj titokzatos b\u00e1jitalokat, hajts v\u00e9gre \u0151r\u00fclt l\u00e9gi man\u0151vereket, \u00e9s siklj \u00e1t a dinoszauruszok f\u00f6ldj\u00e9n, a sz\u00ednes Keleten \u00e9s a s\u00f6t\u00e9t Erd\u00e9lyben. Itt az ideje megh\u00f3d\u00edtani az eget! \ud83d\ude80\u2728 \ud83c\udf0d Glob\u00e1lis \u2699\ufe0f Steam \ud83d\udddd Digit\u00e1lis kulcs","breadcrumb":{"@id":"https:\/\/prismagamers.com\/hu\/produkt\/bibi-blocksberg-big-broom-race-3\/#breadcrumb"},"inLanguage":"hu","potentialAction":[{"@type":"ReadAction","target":["https:\/\/prismagamers.com\/hu\/produkt\/bibi-blocksberg-big-broom-race-3\/"]}]},{"@type":"ImageObject","inLanguage":"hu","@id":"https:\/\/prismagamers.com\/hu\/produkt\/bibi-blocksberg-big-broom-race-3\/#primaryimage","url":"https:\/\/prismagamers.com\/wp-content\/uploads\/2025\/02\/1-e1738518439200.jpg","contentUrl":"https:\/\/prismagamers.com\/wp-content\/uploads\/2025\/02\/1-e1738518439200.jpg","width":300,"height":450,"caption":"Bibi Blocksberg - Nagy sepr\u0171verseny 3 bor\u00edt\u00f3"},{"@type":"BreadcrumbList","@id":"https:\/\/prismagamers.com\/hu\/produkt\/bibi-blocksberg-big-broom-race-3\/#breadcrumb","itemListElement":[{"@type":"ListItem","position":1,"name":"Strona g\u0142\u00f3wna","item":"https:\/\/prismagamers.com\/hu\/prismagamers\/"},{"@type":"ListItem","position":2,"name":"Shop","item":"https:\/\/prismagamers.com\/hu\/shop\/"},{"@type":"ListItem","position":3,"name":"Bibi Blocksberg &#8211; Big Broom Race 3"}]},{"@type":"WebSite","@id":"https:\/\/prismagamers.com\/hu\/#website","url":"https:\/\/prismagamers.com\/hu\/","name":"Prismagamers","description":"Sklep z grami PC I Sklep klucze Steam","publisher":{"@id":"https:\/\/prismagamers.com\/hu\/#organization"},"potentialAction":[{"@type":"SearchAction","target":{"@type":"EntryPoint","urlTemplate":"https:\/\/prismagamers.com\/hu\/?s={search_term_string}"},"query-input":{"@type":"PropertyValueSpecification","valueRequired":true,"valueName":"search_term_string"}}],"inLanguage":"hu"},{"@type":"Organization","@id":"https:\/\/prismagamers.com\/hu\/#organization","name":"Prismagamers","url":"https:\/\/prismagamers.com\/hu\/","logo":{"@type":"ImageObject","inLanguage":"hu","@id":"https:\/\/prismagamers.com\/hu\/#\/schema\/logo\/image\/","url":"https:\/\/prismagamers.com\/wp-content\/uploads\/2022\/04\/cropped-logo-Prismagamers-01-scaled-1.jpg","contentUrl":"https:\/\/prismagamers.com\/wp-content\/uploads\/2022\/04\/cropped-logo-Prismagamers-01-scaled-1.jpg","width":512,"height":512,"caption":"Prismagamers"},"image":{"@id":"https:\/\/prismagamers.com\/hu\/#\/schema\/logo\/image\/"},"sameAs":["https:\/\/www.facebook.com\/prismagamers","https:\/\/www.instagram.com\/prismagamers_grycyfrowe\/"],"description":"Prismagamers.com to dynamiczny sklep z grami cyfrowymi, stworzony z my\u015bl\u0105 o entuzjastach gier wideo. Nasza strona oferuje szerok\u0105 gam\u0119 gier komputerowych, w tym najnowsze tytu\u0142y, dobrze znane klasyki oraz gry stworzone przez niezale\u017cne studia Ca\u0142y czas d\u0105\u017cymy do rozszerzenia naszej oferty. Do\u0142\u0105cz do nas i sta\u0144 si\u0119 cz\u0119\u015bci\u0105 naszej rosn\u0105cej spo\u0142eczno\u015bci graczy!","email":"shop@prismagamers.com","telephone":"48795541705","legalName":"East Caravan Maksym \u017bukow","foundingDate":"2012-05-10","vatID":"PL8943038612","taxID":"PL8943038612","numberOfEmployees":{"@type":"QuantitativeValue","minValue":"11","maxValue":"50"}}]}},"_links":{"self":[{"href":"https:\/\/prismagamers.com\/hu\/wp-json\/wp\/v2\/product\/35402","targetHints":{"allow":["GET"]}}],"collection":[{"href":"https:\/\/prismagamers.com\/hu\/wp-json\/wp\/v2\/product"}],"about":[{"href":"https:\/\/prismagamers.com\/hu\/wp-json\/wp\/v2\/types\/product"}],"wp:featuredmedia":[{"embeddable":true,"href":"https:\/\/prismagamers.com\/hu\/wp-json\/wp\/v2\/media\/33841"}],"wp:attachment":[{"href":"https:\/\/prismagamers.com\/hu\/wp-json\/wp\/v2\/media?parent=35402"}],"wp:term":[{"taxonomy":"product_brand","embeddable":true,"href":"https:\/\/prismagamers.com\/hu\/wp-json\/wp\/v2\/product_brand?post=35402"},{"taxonomy":"product_cat","embeddable":true,"href":"https:\/\/prismagamers.com\/hu\/wp-json\/wp\/v2\/product_cat?post=35402"},{"taxonomy":"product_tag","embeddable":true,"href":"https:\/\/prismagamers.com\/hu\/wp-json\/wp\/v2\/product_tag?post=35402"}],"curies":[{"name":"wp","href":"https:\/\/api.w.org\/{rel}","templated":true}]}}