{"id":35403,"date":"2025-02-02T19:04:10","date_gmt":"2025-02-02T18:04:10","guid":{"rendered":"https:\/\/prismagamers.com\/produkt\/crazy-chicken-xtreme\/"},"modified":"2025-02-02T19:04:10","modified_gmt":"2025-02-02T18:04:10","slug":"crazy-chicken-xtreme","status":"publish","type":"product","link":"https:\/\/prismagamers.com\/hu\/produkt\/crazy-chicken-xtreme\/","title":{"rendered":"Crazy Chicken Xtreme"},"content":{"rendered":"<p>K\u00e9sz\u00fclj fel egy \u0151r\u00fclt csirk\u00e9s l\u00f6v\u00f6ld\u00f6z\u00e9sre! \ud83d\udd2b\ud83d\udc14 <\/p>\n<p>Vad\u00e1szd le \u0151ket egy titkos erdei t\u00e1borban, egy r\u00e9gi lovagv\u00e1rban vagy egy k\u00f6z\u00e9pkori piact\u00e9ren. Ha valamelyik csirke az utadba ker\u00fcl, haszn\u00e1lj s\u00f6r\u00e9tes pusk\u00e1t, rak\u00e9tavet\u0151t vagy egy er\u0151s csirkefog\u00f3t! Gyorsan gy\u0171jtsd \u00f6ssze a l\u0151szert, \u00e9s l\u0151j kedvedre &#8211; hadd sz\u00e1lljon a toll!  <\/p>\n<p>\ud83d\udd25 <strong>A j\u00e1t\u00e9k jellemz\u0151i:<\/strong><br \/>\n\u2714 3 izgalmas helysz\u00edn<br \/>\n\u2714 3 er\u0151s fegyver<br \/>\n\u2714 Hangulatos, dinamikus akci\u00f3<br \/>\n\u2714 Offline t\u00f6bbj\u00e1t\u00e9kos m\u00f3d (1 vs 1 vagy ak\u00e1r 4 j\u00e1t\u00e9kos fordul\u00f3nk\u00e9nt)<br \/>\n\u2714 A legjobb online pontsz\u00e1mok rangsorol\u00e1sa.<\/p>\n<p>K\u00e9szen \u00e1llsz egy kis csirk\u00e9s z\u0171rzavarra? \ud83c\udfaf\ud83d\udd25 <\/p>\n","protected":false},"excerpt":{"rendered":"<div class=\"flex max-w-full flex-col flex-grow\">\n<div class=\"min-h-8 text-message flex w-full flex-col items-end gap-2 whitespace-normal break-words text-start [.text-message+&amp;]:mt-5\" dir=\"auto\" data-message-author-role=\"assistant\" data-message-id=\"b71ce1c2-0a69-49c7-9e70-661f94f0782e\" data-message-model-slug=\"gpt-4o\">\n<div class=\"flex w-full flex-col gap-1 empty:hidden first:pt-[3px]\">\n<div class=\"markdown prose w-full break-words dark:prose-invert light\">\n<p>Vad\u00e1ssz \u0151r\u00fclt csirk\u00e9kre egy titokzatos erdei t\u00e1borban, likvid\u00e1ld \u0151ket egy r\u00e9gi lovagv\u00e1rban, vagy teszteld l\u00f6v\u00e9szeteidet egy k\u00f6z\u00e9pkori piact\u00e9ren! \ud83d\udd2b<\/p>\n<p>\ud83c\udf0d Glob\u00e1lis  Steam \ud83d\udddd Digit\u00e1lis kulcs<br \/>\n\u2699\ufe0f<\/p>\n<\/div>\n<\/div>\n<\/div>\n<\/div>\n","protected":false},"featured_media":33842,"template":"","meta":{"_acf_changed":false,"site-sidebar-layout":"default","site-content-layout":"","ast-site-content-layout":"default","site-content-style":"default","site-sidebar-style":"default","ast-global-header-display":"","ast-banner-title-visibility":"","ast-main-header-display":"","ast-hfb-above-header-display":"","ast-hfb-below-header-display":"","ast-hfb-mobile-header-display":"","site-post-title":"","ast-breadcrumbs-content":"","ast-featured-img":"","footer-sml-layout":"","ast-disable-related-posts":"","theme-transparent-header-meta":"default","adv-header-id-meta":"","stick-header-meta":"","header-above-stick-meta":"","header-main-stick-meta":"","header-below-stick-meta":"","astra-migrate-meta-layouts":"default","ast-page-background-enabled":"default","ast-page-background-meta":{"desktop":{"background-color":"var(--ast-global-color-4)","background-image":"","background-repeat":"repeat","background-position":"center center","background-size":"auto","background-attachment":"scroll","background-type":"","background-media":"","overlay-type":"","overlay-color":"","overlay-opacity":"","overlay-gradient":""},"tablet":{"background-color":"","background-image":"","background-repeat":"repeat","background-position":"center center","background-size":"auto","background-attachment":"scroll","background-type":"","background-media":"","overlay-type":"","overlay-color":"","overlay-opacity":"","overlay-gradient":""},"mobile":{"background-color":"","background-image":"","background-repeat":"repeat","background-position":"center center","background-size":"auto","background-attachment":"scroll","background-type":"","background-media":"","overlay-type":"","overlay-color":"","overlay-opacity":"","overlay-gradient":""}},"ast-content-background-meta":{"desktop":{"background-color":"var(--ast-global-color-5)","background-image":"","background-repeat":"repeat","background-position":"center center","background-size":"auto","background-attachment":"scroll","background-type":"","background-media":"","overlay-type":"","overlay-color":"","overlay-opacity":"","overlay-gradient":""},"tablet":{"background-color":"var(--ast-global-color-5)","background-image":"","background-repeat":"repeat","background-position":"center center","background-size":"auto","background-attachment":"scroll","background-type":"","background-media":"","overlay-type":"","overlay-color":"","overlay-opacity":"","overlay-gradient":""},"mobile":{"background-color":"var(--ast-global-color-5)","background-image":"","background-repeat":"repeat","background-position":"center center","background-size":"auto","background-attachment":"scroll","background-type":"","background-media":"","overlay-type":"","overlay-color":"","overlay-opacity":"","overlay-gradient":""}}},"product_brand":[],"product_cat":[371,365],"product_tag":[],"class_list":{"0":"post-35403","1":"product","2":"type-product","3":"status-publish","4":"has-post-thumbnail","6":"product_cat-akcio-jatekok","7":"product_cat-goz","8":"desktop-align-left","9":"tablet-align-left","10":"mobile-align-left","12":"first","13":"instock","14":"virtual","15":"purchasable","16":"product-type-simple"},"acf":[],"yoast_head":"<!-- This site is optimized with the Yoast SEO Premium plugin v27.5 (Yoast SEO v27.5) - https:\/\/yoast.com\/product\/yoast-seo-premium-wordpress\/ -->\n<title>Crazy Chicken Xtreme - Prismagamers.com<\/title>\n<meta name=\"description\" content=\"Vad\u00e1ssz \u0151r\u00fclt csirk\u00e9kre egy titokzatos erdei t\u00e1borban, likvid\u00e1ld \u0151ket egy r\u00e9gi lovagv\u00e1rban, vagy teszteld l\u00f6v\u00e9szeteidet egy k\u00f6z\u00e9pkori piact\u00e9ren! \ud83d\udd2b \ud83c\udf0d Glob\u00e1lis Steam \ud83d\udddd Digit\u00e1lis kulcs \u2699\ufe0f\" \/>\n<meta name=\"robots\" content=\"index, follow, max-snippet:-1, max-image-preview:large, max-video-preview:-1\" \/>\n<link rel=\"canonical\" href=\"https:\/\/prismagamers.com\/hu\/produkt\/crazy-chicken-xtreme\/\" \/>\n<meta property=\"og:locale\" content=\"hu_HU\" \/>\n<meta property=\"og:type\" content=\"article\" \/>\n<meta property=\"og:title\" content=\"Crazy Chicken Xtreme\" \/>\n<meta property=\"og:description\" content=\"Vad\u00e1ssz \u0151r\u00fclt csirk\u00e9kre egy titokzatos erdei t\u00e1borban, likvid\u00e1ld \u0151ket egy r\u00e9gi lovagv\u00e1rban, vagy teszteld l\u00f6v\u00e9szeteidet egy k\u00f6z\u00e9pkori piact\u00e9ren! \ud83d\udd2b \ud83c\udf0d Glob\u00e1lis Steam \ud83d\udddd Digit\u00e1lis kulcs \u2699\ufe0f\" \/>\n<meta property=\"og:url\" content=\"https:\/\/prismagamers.com\/hu\/produkt\/crazy-chicken-xtreme\/\" \/>\n<meta property=\"og:site_name\" content=\"Prismagamers.com\" \/>\n<meta property=\"article:publisher\" content=\"https:\/\/www.facebook.com\/prismagamers\" \/>\n<meta property=\"og:image\" content=\"https:\/\/prismagamers.com\/wp-content\/uploads\/2025\/02\/Crazy-Chicken-Xtreme1-e1738518999877.jpg\" \/>\n\t<meta property=\"og:image:width\" content=\"300\" \/>\n\t<meta property=\"og:image:height\" content=\"450\" \/>\n\t<meta property=\"og:image:type\" content=\"image\/jpeg\" \/>\n<meta name=\"twitter:card\" content=\"summary_large_image\" \/>\n<meta name=\"twitter:label1\" content=\"Becs\u00fclt olvas\u00e1si id\u0151\" \/>\n\t<meta name=\"twitter:data1\" content=\"1 perc\" \/>\n<script type=\"application\/ld+json\" class=\"yoast-schema-graph\">{\"@context\":\"https:\\\/\\\/schema.org\",\"@graph\":[{\"@type\":\"WebPage\",\"@id\":\"https:\\\/\\\/prismagamers.com\\\/hu\\\/produkt\\\/crazy-chicken-xtreme\\\/\",\"url\":\"https:\\\/\\\/prismagamers.com\\\/hu\\\/produkt\\\/crazy-chicken-xtreme\\\/\",\"name\":\"Crazy Chicken Xtreme - Prismagamers.com\",\"isPartOf\":{\"@id\":\"https:\\\/\\\/prismagamers.com\\\/hu\\\/#website\"},\"primaryImageOfPage\":{\"@id\":\"https:\\\/\\\/prismagamers.com\\\/hu\\\/produkt\\\/crazy-chicken-xtreme\\\/#primaryimage\"},\"image\":{\"@id\":\"https:\\\/\\\/prismagamers.com\\\/hu\\\/produkt\\\/crazy-chicken-xtreme\\\/#primaryimage\"},\"thumbnailUrl\":\"https:\\\/\\\/prismagamers.com\\\/wp-content\\\/uploads\\\/2025\\\/02\\\/Crazy-Chicken-Xtreme1-e1738518999877.jpg\",\"datePublished\":\"2025-02-02T18:04:10+00:00\",\"description\":\"Vad\u00e1ssz \u0151r\u00fclt csirk\u00e9kre egy titokzatos erdei t\u00e1borban, likvid\u00e1ld \u0151ket egy r\u00e9gi lovagv\u00e1rban, vagy teszteld l\u00f6v\u00e9szeteidet egy k\u00f6z\u00e9pkori piact\u00e9ren! \ud83d\udd2b \ud83c\udf0d Glob\u00e1lis Steam \ud83d\udddd Digit\u00e1lis kulcs \u2699\ufe0f\",\"breadcrumb\":{\"@id\":\"https:\\\/\\\/prismagamers.com\\\/hu\\\/produkt\\\/crazy-chicken-xtreme\\\/#breadcrumb\"},\"inLanguage\":\"hu\",\"potentialAction\":[{\"@type\":\"ReadAction\",\"target\":[\"https:\\\/\\\/prismagamers.com\\\/hu\\\/produkt\\\/crazy-chicken-xtreme\\\/\"]}]},{\"@type\":\"ImageObject\",\"inLanguage\":\"hu\",\"@id\":\"https:\\\/\\\/prismagamers.com\\\/hu\\\/produkt\\\/crazy-chicken-xtreme\\\/#primaryimage\",\"url\":\"https:\\\/\\\/prismagamers.com\\\/wp-content\\\/uploads\\\/2025\\\/02\\\/Crazy-Chicken-Xtreme1-e1738518999877.jpg\",\"contentUrl\":\"https:\\\/\\\/prismagamers.com\\\/wp-content\\\/uploads\\\/2025\\\/02\\\/Crazy-Chicken-Xtreme1-e1738518999877.jpg\",\"width\":300,\"height\":450,\"caption\":\"Crazy Chicken Xtreme1 bor\u00edt\u00f3\"},{\"@type\":\"BreadcrumbList\",\"@id\":\"https:\\\/\\\/prismagamers.com\\\/hu\\\/produkt\\\/crazy-chicken-xtreme\\\/#breadcrumb\",\"itemListElement\":[{\"@type\":\"ListItem\",\"position\":1,\"name\":\"Strona g\u0142\u00f3wna\",\"item\":\"https:\\\/\\\/prismagamers.com\\\/hu\\\/prismagamers\\\/\"},{\"@type\":\"ListItem\",\"position\":2,\"name\":\"Shop\",\"item\":\"https:\\\/\\\/prismagamers.com\\\/hu\\\/shop\\\/\"},{\"@type\":\"ListItem\",\"position\":3,\"name\":\"Crazy Chicken Xtreme\"}]},{\"@type\":\"WebSite\",\"@id\":\"https:\\\/\\\/prismagamers.com\\\/hu\\\/#website\",\"url\":\"https:\\\/\\\/prismagamers.com\\\/hu\\\/\",\"name\":\"Prismagamers\",\"description\":\"Sklep z grami PC I Sklep klucze Steam\",\"publisher\":{\"@id\":\"https:\\\/\\\/prismagamers.com\\\/hu\\\/#organization\"},\"potentialAction\":[{\"@type\":\"SearchAction\",\"target\":{\"@type\":\"EntryPoint\",\"urlTemplate\":\"https:\\\/\\\/prismagamers.com\\\/hu\\\/?s={search_term_string}\"},\"query-input\":{\"@type\":\"PropertyValueSpecification\",\"valueRequired\":true,\"valueName\":\"search_term_string\"}}],\"inLanguage\":\"hu\"},{\"@type\":\"Organization\",\"@id\":\"https:\\\/\\\/prismagamers.com\\\/hu\\\/#organization\",\"name\":\"Prismagamers\",\"url\":\"https:\\\/\\\/prismagamers.com\\\/hu\\\/\",\"logo\":{\"@type\":\"ImageObject\",\"inLanguage\":\"hu\",\"@id\":\"https:\\\/\\\/prismagamers.com\\\/hu\\\/#\\\/schema\\\/logo\\\/image\\\/\",\"url\":\"https:\\\/\\\/prismagamers.com\\\/wp-content\\\/uploads\\\/2022\\\/04\\\/cropped-logo-Prismagamers-01-scaled-1.jpg\",\"contentUrl\":\"https:\\\/\\\/prismagamers.com\\\/wp-content\\\/uploads\\\/2022\\\/04\\\/cropped-logo-Prismagamers-01-scaled-1.jpg\",\"width\":512,\"height\":512,\"caption\":\"Prismagamers\"},\"image\":{\"@id\":\"https:\\\/\\\/prismagamers.com\\\/hu\\\/#\\\/schema\\\/logo\\\/image\\\/\"},\"sameAs\":[\"https:\\\/\\\/www.facebook.com\\\/prismagamers\",\"https:\\\/\\\/www.instagram.com\\\/prismagamers_grycyfrowe\\\/\"],\"description\":\"Prismagamers.com to dynamiczny sklep z grami cyfrowymi, stworzony z my\u015bl\u0105 o entuzjastach gier wideo. Nasza strona oferuje szerok\u0105 gam\u0119 gier komputerowych, w tym najnowsze tytu\u0142y, dobrze znane klasyki oraz gry stworzone przez niezale\u017cne studia Ca\u0142y czas d\u0105\u017cymy do rozszerzenia naszej oferty. Do\u0142\u0105cz do nas i sta\u0144 si\u0119 cz\u0119\u015bci\u0105 naszej rosn\u0105cej spo\u0142eczno\u015bci graczy!\",\"email\":\"shop@prismagamers.com\",\"telephone\":\"48795541705\",\"legalName\":\"East Caravan Maksym \u017bukow\",\"foundingDate\":\"2012-05-10\",\"vatID\":\"PL8943038612\",\"taxID\":\"PL8943038612\",\"numberOfEmployees\":{\"@type\":\"QuantitativeValue\",\"minValue\":\"11\",\"maxValue\":\"50\"}}]}<\/script>\n<!-- \/ Yoast SEO Premium plugin. -->","yoast_head_json":{"title":"Crazy Chicken Xtreme - Prismagamers.com","description":"Vad\u00e1ssz \u0151r\u00fclt csirk\u00e9kre egy titokzatos erdei t\u00e1borban, likvid\u00e1ld \u0151ket egy r\u00e9gi lovagv\u00e1rban, vagy teszteld l\u00f6v\u00e9szeteidet egy k\u00f6z\u00e9pkori piact\u00e9ren! \ud83d\udd2b \ud83c\udf0d Glob\u00e1lis Steam \ud83d\udddd Digit\u00e1lis kulcs \u2699\ufe0f","robots":{"index":"index","follow":"follow","max-snippet":"max-snippet:-1","max-image-preview":"max-image-preview:large","max-video-preview":"max-video-preview:-1"},"canonical":"https:\/\/prismagamers.com\/hu\/produkt\/crazy-chicken-xtreme\/","og_locale":"hu_HU","og_type":"article","og_title":"Crazy Chicken Xtreme","og_description":"Vad\u00e1ssz \u0151r\u00fclt csirk\u00e9kre egy titokzatos erdei t\u00e1borban, likvid\u00e1ld \u0151ket egy r\u00e9gi lovagv\u00e1rban, vagy teszteld l\u00f6v\u00e9szeteidet egy k\u00f6z\u00e9pkori piact\u00e9ren! \ud83d\udd2b \ud83c\udf0d Glob\u00e1lis Steam \ud83d\udddd Digit\u00e1lis kulcs \u2699\ufe0f","og_url":"https:\/\/prismagamers.com\/hu\/produkt\/crazy-chicken-xtreme\/","og_site_name":"Prismagamers.com","article_publisher":"https:\/\/www.facebook.com\/prismagamers","og_image":[{"width":300,"height":450,"url":"https:\/\/prismagamers.com\/wp-content\/uploads\/2025\/02\/Crazy-Chicken-Xtreme1-e1738518999877.jpg","type":"image\/jpeg"}],"twitter_card":"summary_large_image","twitter_misc":{"Becs\u00fclt olvas\u00e1si id\u0151":"1 perc"},"schema":{"@context":"https:\/\/schema.org","@graph":[{"@type":"WebPage","@id":"https:\/\/prismagamers.com\/hu\/produkt\/crazy-chicken-xtreme\/","url":"https:\/\/prismagamers.com\/hu\/produkt\/crazy-chicken-xtreme\/","name":"Crazy Chicken Xtreme - Prismagamers.com","isPartOf":{"@id":"https:\/\/prismagamers.com\/hu\/#website"},"primaryImageOfPage":{"@id":"https:\/\/prismagamers.com\/hu\/produkt\/crazy-chicken-xtreme\/#primaryimage"},"image":{"@id":"https:\/\/prismagamers.com\/hu\/produkt\/crazy-chicken-xtreme\/#primaryimage"},"thumbnailUrl":"https:\/\/prismagamers.com\/wp-content\/uploads\/2025\/02\/Crazy-Chicken-Xtreme1-e1738518999877.jpg","datePublished":"2025-02-02T18:04:10+00:00","description":"Vad\u00e1ssz \u0151r\u00fclt csirk\u00e9kre egy titokzatos erdei t\u00e1borban, likvid\u00e1ld \u0151ket egy r\u00e9gi lovagv\u00e1rban, vagy teszteld l\u00f6v\u00e9szeteidet egy k\u00f6z\u00e9pkori piact\u00e9ren! \ud83d\udd2b \ud83c\udf0d Glob\u00e1lis Steam \ud83d\udddd Digit\u00e1lis kulcs \u2699\ufe0f","breadcrumb":{"@id":"https:\/\/prismagamers.com\/hu\/produkt\/crazy-chicken-xtreme\/#breadcrumb"},"inLanguage":"hu","potentialAction":[{"@type":"ReadAction","target":["https:\/\/prismagamers.com\/hu\/produkt\/crazy-chicken-xtreme\/"]}]},{"@type":"ImageObject","inLanguage":"hu","@id":"https:\/\/prismagamers.com\/hu\/produkt\/crazy-chicken-xtreme\/#primaryimage","url":"https:\/\/prismagamers.com\/wp-content\/uploads\/2025\/02\/Crazy-Chicken-Xtreme1-e1738518999877.jpg","contentUrl":"https:\/\/prismagamers.com\/wp-content\/uploads\/2025\/02\/Crazy-Chicken-Xtreme1-e1738518999877.jpg","width":300,"height":450,"caption":"Crazy Chicken Xtreme1 bor\u00edt\u00f3"},{"@type":"BreadcrumbList","@id":"https:\/\/prismagamers.com\/hu\/produkt\/crazy-chicken-xtreme\/#breadcrumb","itemListElement":[{"@type":"ListItem","position":1,"name":"Strona g\u0142\u00f3wna","item":"https:\/\/prismagamers.com\/hu\/prismagamers\/"},{"@type":"ListItem","position":2,"name":"Shop","item":"https:\/\/prismagamers.com\/hu\/shop\/"},{"@type":"ListItem","position":3,"name":"Crazy Chicken Xtreme"}]},{"@type":"WebSite","@id":"https:\/\/prismagamers.com\/hu\/#website","url":"https:\/\/prismagamers.com\/hu\/","name":"Prismagamers","description":"Sklep z grami PC I Sklep klucze Steam","publisher":{"@id":"https:\/\/prismagamers.com\/hu\/#organization"},"potentialAction":[{"@type":"SearchAction","target":{"@type":"EntryPoint","urlTemplate":"https:\/\/prismagamers.com\/hu\/?s={search_term_string}"},"query-input":{"@type":"PropertyValueSpecification","valueRequired":true,"valueName":"search_term_string"}}],"inLanguage":"hu"},{"@type":"Organization","@id":"https:\/\/prismagamers.com\/hu\/#organization","name":"Prismagamers","url":"https:\/\/prismagamers.com\/hu\/","logo":{"@type":"ImageObject","inLanguage":"hu","@id":"https:\/\/prismagamers.com\/hu\/#\/schema\/logo\/image\/","url":"https:\/\/prismagamers.com\/wp-content\/uploads\/2022\/04\/cropped-logo-Prismagamers-01-scaled-1.jpg","contentUrl":"https:\/\/prismagamers.com\/wp-content\/uploads\/2022\/04\/cropped-logo-Prismagamers-01-scaled-1.jpg","width":512,"height":512,"caption":"Prismagamers"},"image":{"@id":"https:\/\/prismagamers.com\/hu\/#\/schema\/logo\/image\/"},"sameAs":["https:\/\/www.facebook.com\/prismagamers","https:\/\/www.instagram.com\/prismagamers_grycyfrowe\/"],"description":"Prismagamers.com to dynamiczny sklep z grami cyfrowymi, stworzony z my\u015bl\u0105 o entuzjastach gier wideo. Nasza strona oferuje szerok\u0105 gam\u0119 gier komputerowych, w tym najnowsze tytu\u0142y, dobrze znane klasyki oraz gry stworzone przez niezale\u017cne studia Ca\u0142y czas d\u0105\u017cymy do rozszerzenia naszej oferty. Do\u0142\u0105cz do nas i sta\u0144 si\u0119 cz\u0119\u015bci\u0105 naszej rosn\u0105cej spo\u0142eczno\u015bci graczy!","email":"shop@prismagamers.com","telephone":"48795541705","legalName":"East Caravan Maksym \u017bukow","foundingDate":"2012-05-10","vatID":"PL8943038612","taxID":"PL8943038612","numberOfEmployees":{"@type":"QuantitativeValue","minValue":"11","maxValue":"50"}}]}},"_links":{"self":[{"href":"https:\/\/prismagamers.com\/hu\/wp-json\/wp\/v2\/product\/35403","targetHints":{"allow":["GET"]}}],"collection":[{"href":"https:\/\/prismagamers.com\/hu\/wp-json\/wp\/v2\/product"}],"about":[{"href":"https:\/\/prismagamers.com\/hu\/wp-json\/wp\/v2\/types\/product"}],"wp:featuredmedia":[{"embeddable":true,"href":"https:\/\/prismagamers.com\/hu\/wp-json\/wp\/v2\/media\/33842"}],"wp:attachment":[{"href":"https:\/\/prismagamers.com\/hu\/wp-json\/wp\/v2\/media?parent=35403"}],"wp:term":[{"taxonomy":"product_brand","embeddable":true,"href":"https:\/\/prismagamers.com\/hu\/wp-json\/wp\/v2\/product_brand?post=35403"},{"taxonomy":"product_cat","embeddable":true,"href":"https:\/\/prismagamers.com\/hu\/wp-json\/wp\/v2\/product_cat?post=35403"},{"taxonomy":"product_tag","embeddable":true,"href":"https:\/\/prismagamers.com\/hu\/wp-json\/wp\/v2\/product_tag?post=35403"}],"curies":[{"name":"wp","href":"https:\/\/api.w.org\/{rel}","templated":true}]}}