{"id":35407,"date":"2025-02-01T05:22:46","date_gmt":"2025-02-01T04:22:46","guid":{"rendered":"https:\/\/prismagamers.com\/produkt\/bayun-mesei\/"},"modified":"2026-03-05T00:00:38","modified_gmt":"2026-03-04T23:00:38","slug":"bayun-mesei","status":"publish","type":"product","link":"https:\/\/prismagamers.com\/hu\/produkt\/bayun-mesei\/","title":{"rendered":"Bayun mes\u00e9i"},"content":{"rendered":"<p><strong>A Tales of Bayun<\/strong> egy narrat\u00edv kalandj\u00e1t\u00e9k RPG elemekkel, amely a kelet-eur\u00f3pai \u00e9s szl\u00e1v fantasy s\u00f6t\u00e9t vil\u00e1g\u00e1ban j\u00e1tsz\u00f3dik. Egy egyedi vil\u00e1g, amely mes\u00e9ken \u00e9s legend\u00e1kon alapul. Leny\u0171g\u00f6z\u0151 t\u00f6rt\u00e9netek v\u00e1ratlan fordulatokkal. Hiteles karakterek, akik saj\u00e1t titkaikat \u00e9s motiv\u00e1ci\u00f3ikat rejtegetik. Neh\u00e9z erk\u00f6lcsi d\u00f6nt\u00e9sek kisz\u00e1m\u00edthatatlan k\u00f6vetkezm\u00e9nyekkel. Legy\u0151z\u00f6l minden es\u00e9lyt, vagy elfeledve, h\u00e1tadba d\u00f6f\u00f6tt k\u00e9ssel halsz meg? Der\u00edts\u00fck ki!      <\/p>\n<h6><strong>STORONA &#8211; EGY VESZ\u00c9LYEKKEL TELI ORSZ\u00c1G<\/strong><\/h6>\n<p>Storona nem v\u00e9letlen\u00fcl kih\u00edv\u00e1sokkal teli hely. M\u00edtoszok \u00e9s mes\u00e9k szerepl\u0151i \u00e9lnek itt egym\u00e1s mellett a h\u00e9tk\u00f6znapi emberekkel. Az \u0151szintes\u00e9g \u00e9s a j\u00f3s\u00e1g egym\u00e1s mellett \u00fcl az \u00e1rul\u00e1ssal \u00e9s a tiszta gonoszs\u00e1ggal. Az ember szerencs\u00e9s, \u00e9s egy szempillant\u00e1s alatt nemess\u00e9 v\u00e1lik. A m\u00e1sikat eltaposs\u00e1k \u00e9s a farkasok el\u00e9 vetik, hogy felfalj\u00e1k. Szomor\u00fas\u00e1g \u00e9s \u00f6r\u00f6m, gazdags\u00e1g \u00e9s szeg\u00e9nys\u00e9g, j\u00f3 \u00e9s rossz &#8211; itt minden olyan szorosan \u00f6sszefon\u00f3dik, hogy ezeket a k\u00f6tel\u00e9keket nem lehet elszak\u00edtani. De nem kell f\u00e9lni. K\u00f6nny\u0171 megv\u00e1ltoztatni valakinek a sors\u00e1t. Sokkal nehezebb a saj\u00e1t \u00e9letedet rendbe tenni. Aki v\u00e1laszokat keres, l\u00e1togasson el Bajuna Macsk\u00e1hoz. De a tud\u00e1snak \u00e1ra van. Ha valami rosszul s\u00fcl el, Bajun eg\u00e9szben elnyelhet&#8230; Vigy\u00e1zz!           <\/p>\n<p><img decoding=\"async\" class=\"bb_img aligncenter\" src=\"https:\/\/shared.fastly.steamstatic.com\/store_item_assets\/steam\/apps\/1935470\/extras\/_1__tob_bayun_appear_eng_2.gif?t=1676533165\"><\/p>\n<hr>\n<h6><strong>INDULJ EL EGY EPIKUS KALANDRA<\/strong><\/h6>\n<p>K\u00e9t t\u00f6rt\u00e9net, k\u00fcl\u00f6nb\u00f6z\u0151 szerepl\u0151kkel \u00e9s cselekm\u00e9nyekkel, amelyek \u00f6sszekapcsol\u00f3dnak. D\u00f6ntsd el az egyes szerepl\u0151k sors\u00e1t, de k\u00e9rdezd meg magadt\u00f3l: szentes\u00edti-e a c\u00e9l az eszk\u00f6zt? <\/p>\n<h6><strong>V\u00c9LETLENSZER\u0170 D\u00d6NT\u00c9SEKET HOZNI<\/strong><\/h6>\n<p>Minden d\u00f6nt\u00e9s neh\u00e9z \u00e9s k\u00f6vetkezm\u00e9nyekkel j\u00e1r. Meg\u00f6l\u00f6d vagy megk\u00edm\u00e9led a kis gy\u00edkot? Hogyan befoly\u00e1solja ez a d\u00f6nt\u00e9s a t\u00f6rt\u00e9net tov\u00e1bbi r\u00e9sz\u00e9t? Meg\u00e9ri-e h\u0171s\u00e9get esk\u00fcdni az \u00e1tmeneti el\u0151ny\u00f6k\u00e9rt? Fejezd be a j\u00e1t\u00e9kot, \u00e9s tudd meg az \u00f6sszes v\u00e1laszt!    <\/p>\n<p><img decoding=\"async\" class=\"bb_img aligncenter\" src=\"https:\/\/shared.fastly.steamstatic.com\/store_item_assets\/steam\/apps\/1935470\/extras\/_2__tob_decisions_eng_2.gif?t=1676533165\"><\/p>\n<h6><strong>FEDEZZE FEL A SZL\u00c1V LEGEND\u00c1K SZ\u00c9PS\u00c9G\u00c9T<\/strong><\/h6>\n<p>Fedezd fel a fest\u0151i helysz\u00edneket, n\u00e9zd meg a nevezetess\u00e9geket \u00e9s tal\u00e1ld meg a rejtett t\u00e1rgyakat. Fedezd fel a vil\u00e1g titkait \u00e9s tal\u00e1ld meg a titkos \u00f6sv\u00e9nyeket. <\/p>\n<p><img decoding=\"async\" class=\"bb_img aligncenter\" src=\"https:\/\/shared.fastly.steamstatic.com\/store_item_assets\/steam\/apps\/1935470\/extras\/tob_map_cut_small.png?t=1676533165\"><\/p>\n<h6><strong>TAL\u00c1LKOZZUNK RENDK\u00cdV\u00dcLI H\u0150S\u00d6KKEL<\/strong><\/h6>\n<p>Legend\u00e1k szerepl\u0151i, gonosz szellemek, erd\u0151\u0151r\u00f6k, vesz\u00e9lyes vad\u00e1llatok, emberek \u00e9s nemesek &#8211; t\u00f6bb mint 50 egyedi karakter saj\u00e1t titkokkal, motiv\u00e1ci\u00f3kkal \u00e9s v\u00e1gyakkal.<\/p>\n<p><img decoding=\"async\" class=\"bb_img aligncenter\" src=\"https:\/\/shared.fastly.steamstatic.com\/store_item_assets\/steam\/apps\/1935470\/extras\/_5__tob_battle_2__2_.gif?t=1676533165\"><\/p>\n<h6><strong>V\u00c1LASZD MEG AZ UTADAT<\/strong><\/h6>\n<p>T\u00f6bb mint 10 k\u00fcl\u00f6nb\u00f6z\u0151 befejez\u00e9s, k\u00f6zt\u00fck rejtett befejez\u00e9sek, rengeteg fordulat, titkos \u00fatvonalak \u00e9s t\u00f6rt\u00e9netv\u00e1ltozatok biztos\u00edtj\u00e1k a felejthetetlen \u00e9lm\u00e9nyt a t\u00f6bbsz\u00f6ri v\u00e9gigj\u00e1tsz\u00e1s sor\u00e1n.<\/p>\n<p><img decoding=\"async\" class=\"bb_img aligncenter\" src=\"https:\/\/shared.fastly.steamstatic.com\/store_item_assets\/steam\/apps\/1935470\/extras\/_6__tob_bayun_last_2__1_.gif?t=1676533165\"><\/p>\n<h6><strong>VIGY\u00c1ZZ A BAJUNA MACSK\u00c1VAL!<\/strong><\/h6>\n<p>Remek. Szarkasztikus. \u00dcgyetlen. Macska. Egy kuty\u00e1val! Pletyk\u00e1k keringenek a kulin\u00e1ris \u00edzl\u00e9s\u00e9r\u0151l. Ha valami rosszul s\u00fcl el, meg tud enni t\u00e9ged. Vagy ha semmi sem megy rosszul. Vagy nem. De l\u00e9gy r\u00e9sen &#8211; figyelmeztettelek!         <\/p>\n<hr>\n<h6><strong>J\u00c1T\u00c9KJELLEMZ\u0150K:<\/strong><\/h6>\n<ul>\n<li>A Kelet-Eur\u00f3pa mitol\u00f3gi\u00e1ja \u00e9s legend\u00e1i \u00e1ltal inspir\u00e1lt egyed\u00fcl\u00e1ll\u00f3 vil\u00e1g;<\/li>\n<li>Mag\u00e1val ragad\u00f3 t\u00f6rt\u00e9net, tele fordulatokkal \u00e9s dr\u00e1mai pillanatokkal;<\/li>\n<li>Erk\u00f6lcsi dilemm\u00e1k \u00e9s neh\u00e9z d\u00f6nt\u00e9sek, ahol a kisebbik rossz mellett kell d\u00f6ntened;<\/li>\n<li>Hiteles karakterek saj\u00e1t t\u00f6rt\u00e9netekkel, \u00e1lmokkal \u00e9s titkokkal;<\/li>\n<li>El\u00e1gaz\u00f3 t\u00f6rt\u00e9net, magas \u00fajraj\u00e1tsz\u00e1si \u00e9rt\u00e9kkel \u00e9s t\u00f6bb \u00fatvonallal;<\/li>\n<li>Karakterjellemz\u0151-kezel\u0151 rendszer, amely befoly\u00e1solja a rendelkez\u00e9sre \u00e1ll\u00f3 p\u00e1rbesz\u00e9dlehet\u0151s\u00e9geket \u00e9s akci\u00f3kat;<\/li>\n<li>Vil\u00e1gfelt\u00e1r\u00e1s, t\u00e1rgykeres\u00e9s, point &amp; click elemek \u00e9s lelt\u00e1rkezel\u00e9s;<\/li>\n<li>Besti\u00e1rium \u00e9s napl\u00f3, hogy m\u00e9g t\u00f6bbet fedezz fel a j\u00e1t\u00e9k vil\u00e1g\u00e1b\u00f3l;<\/li>\n<li>Kiv\u00e1l\u00f3 min\u0151s\u00e9g\u0171 illusztr\u00e1ci\u00f3k professzion\u00e1lis m\u0171v\u00e9szek \u00e1ltal;<\/li>\n<li>Eredeti hangs\u00e1v, hangeffektek \u00e9s teljes szinkroniz\u00e1l\u00e1s;<\/li>\n<li>Egy \u00f6n\u00e1ll\u00f3 j\u00e1t\u00e9k, amely k\u00e9t \u00f6sszekapcsolt epiz\u00f3dra oszlik;<\/li>\n<li>Egy f\u00fcggetlen projekt, amelyet szenved\u00e9llyel \u00e9s a t\u00f6rt\u00e9netek ir\u00e1nti szeretettel hoztak l\u00e9tre.<\/li>\n<\/ul>\n<p>K\u00e9szen \u00e1llsz, hogy bel\u00e9pj a The Tales of Bayun vil\u00e1g\u00e1ba?<\/p>\n","protected":false},"excerpt":{"rendered":"<p>\u00c9lhet-e b\u00e9k\u00e9ben egy lapos vil\u00e1g, amely h\u00e1rom d\u00e9moni medve h\u00e1t\u00e1n nyugszik? Term\u00e9szetesen nem! Mer\u00fclj el a szl\u00e1v legend\u00e1k s\u00f6t\u00e9t univerzum\u00e1ban, fedezd fel a szerepl\u0151k t\u00f6rt\u00e9net\u00e9t, \u00e9s hozz neh\u00e9z d\u00f6nt\u00e9seket, amelyek befoly\u00e1solj\u00e1k az esem\u00e9nyek menet\u00e9t. Bajun, a macska seg\u00edt neked. Ha szerencs\u00e9s vagy.    <\/p>\n<div class=\"woocommerce-product-details__short-description\">\n<p><img decoding=\"async\" class=\"emoji\" role=\"img\" draggable=\"false\" src=\"https:\/\/s.w.org\/images\/core\/emoji\/14.0.0\/svg\/1f30d.svg\" alt=\"\ud83c\udf0d\">  Global<br \/>\n<img decoding=\"async\" class=\"emoji\" role=\"img\" draggable=\"false\" src=\"https:\/\/s.w.org\/images\/core\/emoji\/14.0.0\/svg\/2699.svg\" alt=\"\u2699\ufe0f\"> Steam<br \/>\n<img decoding=\"async\" class=\"emoji\" role=\"img\" draggable=\"false\" src=\"https:\/\/s.w.org\/images\/core\/emoji\/14.0.0\/svg\/1f5dd.svg\" alt=\"\ud83d\udddd\"> Digit\u00e1lis kulcs<\/p>\n<\/div>\n<form class=\"cart\" action=\"https:\/\/prismagamers.com\/produkt\/the-forest-quartet-pc\/\" enctype=\"multipart\/form-data\" method=\"post\">\n<div class=\"quantity\"><\/div>\n<\/form>\n","protected":false},"featured_media":33803,"template":"","meta":{"_acf_changed":false,"site-sidebar-layout":"default","site-content-layout":"","ast-site-content-layout":"default","site-content-style":"default","site-sidebar-style":"default","ast-global-header-display":"","ast-banner-title-visibility":"","ast-main-header-display":"","ast-hfb-above-header-display":"","ast-hfb-below-header-display":"","ast-hfb-mobile-header-display":"","site-post-title":"","ast-breadcrumbs-content":"","ast-featured-img":"","footer-sml-layout":"","ast-disable-related-posts":"","theme-transparent-header-meta":"default","adv-header-id-meta":"","stick-header-meta":"","header-above-stick-meta":"","header-main-stick-meta":"","header-below-stick-meta":"","astra-migrate-meta-layouts":"default","ast-page-background-enabled":"default","ast-page-background-meta":{"desktop":{"background-color":"var(--ast-global-color-4)","background-image":"","background-repeat":"repeat","background-position":"center center","background-size":"auto","background-attachment":"scroll","background-type":"","background-media":"","overlay-type":"","overlay-color":"","overlay-opacity":"","overlay-gradient":""},"tablet":{"background-color":"","background-image":"","background-repeat":"repeat","background-position":"center center","background-size":"auto","background-attachment":"scroll","background-type":"","background-media":"","overlay-type":"","overlay-color":"","overlay-opacity":"","overlay-gradient":""},"mobile":{"background-color":"","background-image":"","background-repeat":"repeat","background-position":"center center","background-size":"auto","background-attachment":"scroll","background-type":"","background-media":"","overlay-type":"","overlay-color":"","overlay-opacity":"","overlay-gradient":""}},"ast-content-background-meta":{"desktop":{"background-color":"var(--ast-global-color-5)","background-image":"","background-repeat":"repeat","background-position":"center center","background-size":"auto","background-attachment":"scroll","background-type":"","background-media":"","overlay-type":"","overlay-color":"","overlay-opacity":"","overlay-gradient":""},"tablet":{"background-color":"var(--ast-global-color-5)","background-image":"","background-repeat":"repeat","background-position":"center center","background-size":"auto","background-attachment":"scroll","background-type":"","background-media":"","overlay-type":"","overlay-color":"","overlay-opacity":"","overlay-gradient":""},"mobile":{"background-color":"var(--ast-global-color-5)","background-image":"","background-repeat":"repeat","background-position":"center center","background-size":"auto","background-attachment":"scroll","background-type":"","background-media":"","overlay-type":"","overlay-color":"","overlay-opacity":"","overlay-gradient":""}}},"product_brand":[],"product_cat":[369,419,365,363,364],"product_tag":[542],"class_list":{"0":"post-35407","1":"product","2":"type-product","3":"status-publish","4":"has-post-thumbnail","6":"product_cat-csarnokok","7":"product_cat-east2west-games-hu","8":"product_cat-goz","9":"product_cat-kaland-jatekok","10":"product_cat-rpg-k","11":"product_tag-pid_04-hu","12":"desktop-align-left","13":"tablet-align-left","14":"mobile-align-left","16":"first","17":"instock","18":"shipping-taxable","19":"purchasable","20":"product-type-simple"},"acf":[],"yoast_head":"<!-- This site is optimized with the Yoast SEO Premium plugin v27.4 (Yoast SEO v27.4) - https:\/\/yoast.com\/product\/yoast-seo-premium-wordpress\/ -->\n<title>Bayun mes\u00e9i - Prismagamers.com<\/title>\n<meta name=\"description\" content=\"\u00c9lhet-e b\u00e9k\u00e9ben egy lapos vil\u00e1g, amely h\u00e1rom d\u00e9moni medve h\u00e1t\u00e1n nyugszik? Term\u00e9szetesen nem! Mer\u00fclj el a szl\u00e1v legend\u00e1k s\u00f6t\u00e9t univerzum\u00e1ban, fedezd fel a szerepl\u0151k t\u00f6rt\u00e9net\u00e9t, \u00e9s hozz neh\u00e9z d\u00f6nt\u00e9seket, amelyek befoly\u00e1solj\u00e1k az esem\u00e9nyek menet\u00e9t. Bajun, a macska seg\u00edt neked. Ha szerencs\u00e9s vagy.     Global Steam Digit\u00e1lis kulcs\" \/>\n<meta name=\"robots\" content=\"index, follow, max-snippet:-1, max-image-preview:large, max-video-preview:-1\" \/>\n<link rel=\"canonical\" href=\"https:\/\/prismagamers.com\/hu\/produkt\/bayun-mesei\/\" \/>\n<meta property=\"og:locale\" content=\"hu_HU\" \/>\n<meta property=\"og:type\" content=\"article\" \/>\n<meta property=\"og:title\" content=\"Bayun mes\u00e9i\" \/>\n<meta property=\"og:description\" content=\"\u00c9lhet-e b\u00e9k\u00e9ben egy lapos vil\u00e1g, amely h\u00e1rom d\u00e9moni medve h\u00e1t\u00e1n nyugszik? Term\u00e9szetesen nem! Mer\u00fclj el a szl\u00e1v legend\u00e1k s\u00f6t\u00e9t univerzum\u00e1ban, fedezd fel a szerepl\u0151k t\u00f6rt\u00e9net\u00e9t, \u00e9s hozz neh\u00e9z d\u00f6nt\u00e9seket, amelyek befoly\u00e1solj\u00e1k az esem\u00e9nyek menet\u00e9t. Bajun, a macska seg\u00edt neked. Ha szerencs\u00e9s vagy.     Global Steam Digit\u00e1lis kulcs\" \/>\n<meta property=\"og:url\" content=\"https:\/\/prismagamers.com\/hu\/produkt\/bayun-mesei\/\" \/>\n<meta property=\"og:site_name\" content=\"Prismagamers.com\" \/>\n<meta property=\"article:publisher\" content=\"https:\/\/www.facebook.com\/prismagamers\" \/>\n<meta property=\"article:modified_time\" content=\"2026-03-04T23:00:38+00:00\" \/>\n<meta property=\"og:image\" content=\"https:\/\/prismagamers.com\/wp-content\/uploads\/2025\/02\/library_600x900_2x-e1738383705968.jpg\" \/>\n\t<meta property=\"og:image:width\" content=\"300\" \/>\n\t<meta property=\"og:image:height\" content=\"450\" \/>\n\t<meta property=\"og:image:type\" content=\"image\/jpeg\" \/>\n<meta name=\"twitter:card\" content=\"summary_large_image\" \/>\n<meta name=\"twitter:label1\" content=\"Becs\u00fclt olvas\u00e1si id\u0151\" \/>\n\t<meta name=\"twitter:data1\" content=\"4 perc\" \/>\n<script type=\"application\/ld+json\" class=\"yoast-schema-graph\">{\"@context\":\"https:\\\/\\\/schema.org\",\"@graph\":[{\"@type\":\"WebPage\",\"@id\":\"https:\\\/\\\/prismagamers.com\\\/hu\\\/produkt\\\/bayun-mesei\\\/\",\"url\":\"https:\\\/\\\/prismagamers.com\\\/hu\\\/produkt\\\/bayun-mesei\\\/\",\"name\":\"Bayun mes\u00e9i - Prismagamers.com\",\"isPartOf\":{\"@id\":\"https:\\\/\\\/prismagamers.com\\\/hu\\\/#website\"},\"primaryImageOfPage\":{\"@id\":\"https:\\\/\\\/prismagamers.com\\\/hu\\\/produkt\\\/bayun-mesei\\\/#primaryimage\"},\"image\":{\"@id\":\"https:\\\/\\\/prismagamers.com\\\/hu\\\/produkt\\\/bayun-mesei\\\/#primaryimage\"},\"thumbnailUrl\":\"https:\\\/\\\/prismagamers.com\\\/wp-content\\\/uploads\\\/2025\\\/02\\\/library_600x900_2x-e1738383705968.jpg\",\"datePublished\":\"2025-02-01T04:22:46+00:00\",\"dateModified\":\"2026-03-04T23:00:38+00:00\",\"description\":\"\u00c9lhet-e b\u00e9k\u00e9ben egy lapos vil\u00e1g, amely h\u00e1rom d\u00e9moni medve h\u00e1t\u00e1n nyugszik? Term\u00e9szetesen nem! Mer\u00fclj el a szl\u00e1v legend\u00e1k s\u00f6t\u00e9t univerzum\u00e1ban, fedezd fel a szerepl\u0151k t\u00f6rt\u00e9net\u00e9t, \u00e9s hozz neh\u00e9z d\u00f6nt\u00e9seket, amelyek befoly\u00e1solj\u00e1k az esem\u00e9nyek menet\u00e9t. Bajun, a macska seg\u00edt neked. Ha szerencs\u00e9s vagy. Global Steam Digit\u00e1lis kulcs\",\"breadcrumb\":{\"@id\":\"https:\\\/\\\/prismagamers.com\\\/hu\\\/produkt\\\/bayun-mesei\\\/#breadcrumb\"},\"inLanguage\":\"hu\",\"potentialAction\":[{\"@type\":\"ReadAction\",\"target\":[\"https:\\\/\\\/prismagamers.com\\\/hu\\\/produkt\\\/bayun-mesei\\\/\"]}]},{\"@type\":\"ImageObject\",\"inLanguage\":\"hu\",\"@id\":\"https:\\\/\\\/prismagamers.com\\\/hu\\\/produkt\\\/bayun-mesei\\\/#primaryimage\",\"url\":\"https:\\\/\\\/prismagamers.com\\\/wp-content\\\/uploads\\\/2025\\\/02\\\/library_600x900_2x-e1738383705968.jpg\",\"contentUrl\":\"https:\\\/\\\/prismagamers.com\\\/wp-content\\\/uploads\\\/2025\\\/02\\\/library_600x900_2x-e1738383705968.jpg\",\"width\":300,\"height\":450,\"caption\":\"A Bayun mes\u00e9i bor\u00edt\u00f3\"},{\"@type\":\"BreadcrumbList\",\"@id\":\"https:\\\/\\\/prismagamers.com\\\/hu\\\/produkt\\\/bayun-mesei\\\/#breadcrumb\",\"itemListElement\":[{\"@type\":\"ListItem\",\"position\":1,\"name\":\"Strona g\u0142\u00f3wna\",\"item\":\"https:\\\/\\\/prismagamers.com\\\/hu\\\/prismagamers\\\/\"},{\"@type\":\"ListItem\",\"position\":2,\"name\":\"Shop\",\"item\":\"https:\\\/\\\/prismagamers.com\\\/hu\\\/shop\\\/\"},{\"@type\":\"ListItem\",\"position\":3,\"name\":\"Bayun mes\u00e9i\"}]},{\"@type\":\"WebSite\",\"@id\":\"https:\\\/\\\/prismagamers.com\\\/hu\\\/#website\",\"url\":\"https:\\\/\\\/prismagamers.com\\\/hu\\\/\",\"name\":\"Prismagamers\",\"description\":\"Sklep z grami PC I Sklep klucze Steam\",\"publisher\":{\"@id\":\"https:\\\/\\\/prismagamers.com\\\/hu\\\/#organization\"},\"potentialAction\":[{\"@type\":\"SearchAction\",\"target\":{\"@type\":\"EntryPoint\",\"urlTemplate\":\"https:\\\/\\\/prismagamers.com\\\/hu\\\/?s={search_term_string}\"},\"query-input\":{\"@type\":\"PropertyValueSpecification\",\"valueRequired\":true,\"valueName\":\"search_term_string\"}}],\"inLanguage\":\"hu\"},{\"@type\":\"Organization\",\"@id\":\"https:\\\/\\\/prismagamers.com\\\/hu\\\/#organization\",\"name\":\"Prismagamers\",\"url\":\"https:\\\/\\\/prismagamers.com\\\/hu\\\/\",\"logo\":{\"@type\":\"ImageObject\",\"inLanguage\":\"hu\",\"@id\":\"https:\\\/\\\/prismagamers.com\\\/hu\\\/#\\\/schema\\\/logo\\\/image\\\/\",\"url\":\"https:\\\/\\\/prismagamers.com\\\/wp-content\\\/uploads\\\/2022\\\/04\\\/cropped-logo-Prismagamers-01-scaled-1.jpg\",\"contentUrl\":\"https:\\\/\\\/prismagamers.com\\\/wp-content\\\/uploads\\\/2022\\\/04\\\/cropped-logo-Prismagamers-01-scaled-1.jpg\",\"width\":512,\"height\":512,\"caption\":\"Prismagamers\"},\"image\":{\"@id\":\"https:\\\/\\\/prismagamers.com\\\/hu\\\/#\\\/schema\\\/logo\\\/image\\\/\"},\"sameAs\":[\"https:\\\/\\\/www.facebook.com\\\/prismagamers\",\"https:\\\/\\\/www.instagram.com\\\/prismagamers_grycyfrowe\\\/\"],\"description\":\"Prismagamers.com to dynamiczny sklep z grami cyfrowymi, stworzony z my\u015bl\u0105 o entuzjastach gier wideo. Nasza strona oferuje szerok\u0105 gam\u0119 gier komputerowych, w tym najnowsze tytu\u0142y, dobrze znane klasyki oraz gry stworzone przez niezale\u017cne studia Ca\u0142y czas d\u0105\u017cymy do rozszerzenia naszej oferty. Do\u0142\u0105cz do nas i sta\u0144 si\u0119 cz\u0119\u015bci\u0105 naszej rosn\u0105cej spo\u0142eczno\u015bci graczy!\",\"email\":\"shop@prismagamers.com\",\"telephone\":\"48795541705\",\"legalName\":\"East Caravan Maksym \u017bukow\",\"foundingDate\":\"2012-05-10\",\"vatID\":\"PL8943038612\",\"taxID\":\"PL8943038612\",\"numberOfEmployees\":{\"@type\":\"QuantitativeValue\",\"minValue\":\"11\",\"maxValue\":\"50\"}}]}<\/script>\n<!-- \/ Yoast SEO Premium plugin. -->","yoast_head_json":{"title":"Bayun mes\u00e9i - Prismagamers.com","description":"\u00c9lhet-e b\u00e9k\u00e9ben egy lapos vil\u00e1g, amely h\u00e1rom d\u00e9moni medve h\u00e1t\u00e1n nyugszik? Term\u00e9szetesen nem! Mer\u00fclj el a szl\u00e1v legend\u00e1k s\u00f6t\u00e9t univerzum\u00e1ban, fedezd fel a szerepl\u0151k t\u00f6rt\u00e9net\u00e9t, \u00e9s hozz neh\u00e9z d\u00f6nt\u00e9seket, amelyek befoly\u00e1solj\u00e1k az esem\u00e9nyek menet\u00e9t. Bajun, a macska seg\u00edt neked. Ha szerencs\u00e9s vagy.     Global Steam Digit\u00e1lis kulcs","robots":{"index":"index","follow":"follow","max-snippet":"max-snippet:-1","max-image-preview":"max-image-preview:large","max-video-preview":"max-video-preview:-1"},"canonical":"https:\/\/prismagamers.com\/hu\/produkt\/bayun-mesei\/","og_locale":"hu_HU","og_type":"article","og_title":"Bayun mes\u00e9i","og_description":"\u00c9lhet-e b\u00e9k\u00e9ben egy lapos vil\u00e1g, amely h\u00e1rom d\u00e9moni medve h\u00e1t\u00e1n nyugszik? Term\u00e9szetesen nem! Mer\u00fclj el a szl\u00e1v legend\u00e1k s\u00f6t\u00e9t univerzum\u00e1ban, fedezd fel a szerepl\u0151k t\u00f6rt\u00e9net\u00e9t, \u00e9s hozz neh\u00e9z d\u00f6nt\u00e9seket, amelyek befoly\u00e1solj\u00e1k az esem\u00e9nyek menet\u00e9t. Bajun, a macska seg\u00edt neked. Ha szerencs\u00e9s vagy.     Global Steam Digit\u00e1lis kulcs","og_url":"https:\/\/prismagamers.com\/hu\/produkt\/bayun-mesei\/","og_site_name":"Prismagamers.com","article_publisher":"https:\/\/www.facebook.com\/prismagamers","article_modified_time":"2026-03-04T23:00:38+00:00","og_image":[{"width":300,"height":450,"url":"https:\/\/prismagamers.com\/wp-content\/uploads\/2025\/02\/library_600x900_2x-e1738383705968.jpg","type":"image\/jpeg"}],"twitter_card":"summary_large_image","twitter_misc":{"Becs\u00fclt olvas\u00e1si id\u0151":"4 perc"},"schema":{"@context":"https:\/\/schema.org","@graph":[{"@type":"WebPage","@id":"https:\/\/prismagamers.com\/hu\/produkt\/bayun-mesei\/","url":"https:\/\/prismagamers.com\/hu\/produkt\/bayun-mesei\/","name":"Bayun mes\u00e9i - Prismagamers.com","isPartOf":{"@id":"https:\/\/prismagamers.com\/hu\/#website"},"primaryImageOfPage":{"@id":"https:\/\/prismagamers.com\/hu\/produkt\/bayun-mesei\/#primaryimage"},"image":{"@id":"https:\/\/prismagamers.com\/hu\/produkt\/bayun-mesei\/#primaryimage"},"thumbnailUrl":"https:\/\/prismagamers.com\/wp-content\/uploads\/2025\/02\/library_600x900_2x-e1738383705968.jpg","datePublished":"2025-02-01T04:22:46+00:00","dateModified":"2026-03-04T23:00:38+00:00","description":"\u00c9lhet-e b\u00e9k\u00e9ben egy lapos vil\u00e1g, amely h\u00e1rom d\u00e9moni medve h\u00e1t\u00e1n nyugszik? Term\u00e9szetesen nem! Mer\u00fclj el a szl\u00e1v legend\u00e1k s\u00f6t\u00e9t univerzum\u00e1ban, fedezd fel a szerepl\u0151k t\u00f6rt\u00e9net\u00e9t, \u00e9s hozz neh\u00e9z d\u00f6nt\u00e9seket, amelyek befoly\u00e1solj\u00e1k az esem\u00e9nyek menet\u00e9t. Bajun, a macska seg\u00edt neked. Ha szerencs\u00e9s vagy. Global Steam Digit\u00e1lis kulcs","breadcrumb":{"@id":"https:\/\/prismagamers.com\/hu\/produkt\/bayun-mesei\/#breadcrumb"},"inLanguage":"hu","potentialAction":[{"@type":"ReadAction","target":["https:\/\/prismagamers.com\/hu\/produkt\/bayun-mesei\/"]}]},{"@type":"ImageObject","inLanguage":"hu","@id":"https:\/\/prismagamers.com\/hu\/produkt\/bayun-mesei\/#primaryimage","url":"https:\/\/prismagamers.com\/wp-content\/uploads\/2025\/02\/library_600x900_2x-e1738383705968.jpg","contentUrl":"https:\/\/prismagamers.com\/wp-content\/uploads\/2025\/02\/library_600x900_2x-e1738383705968.jpg","width":300,"height":450,"caption":"A Bayun mes\u00e9i bor\u00edt\u00f3"},{"@type":"BreadcrumbList","@id":"https:\/\/prismagamers.com\/hu\/produkt\/bayun-mesei\/#breadcrumb","itemListElement":[{"@type":"ListItem","position":1,"name":"Strona g\u0142\u00f3wna","item":"https:\/\/prismagamers.com\/hu\/prismagamers\/"},{"@type":"ListItem","position":2,"name":"Shop","item":"https:\/\/prismagamers.com\/hu\/shop\/"},{"@type":"ListItem","position":3,"name":"Bayun mes\u00e9i"}]},{"@type":"WebSite","@id":"https:\/\/prismagamers.com\/hu\/#website","url":"https:\/\/prismagamers.com\/hu\/","name":"Prismagamers","description":"Sklep z grami PC I Sklep klucze Steam","publisher":{"@id":"https:\/\/prismagamers.com\/hu\/#organization"},"potentialAction":[{"@type":"SearchAction","target":{"@type":"EntryPoint","urlTemplate":"https:\/\/prismagamers.com\/hu\/?s={search_term_string}"},"query-input":{"@type":"PropertyValueSpecification","valueRequired":true,"valueName":"search_term_string"}}],"inLanguage":"hu"},{"@type":"Organization","@id":"https:\/\/prismagamers.com\/hu\/#organization","name":"Prismagamers","url":"https:\/\/prismagamers.com\/hu\/","logo":{"@type":"ImageObject","inLanguage":"hu","@id":"https:\/\/prismagamers.com\/hu\/#\/schema\/logo\/image\/","url":"https:\/\/prismagamers.com\/wp-content\/uploads\/2022\/04\/cropped-logo-Prismagamers-01-scaled-1.jpg","contentUrl":"https:\/\/prismagamers.com\/wp-content\/uploads\/2022\/04\/cropped-logo-Prismagamers-01-scaled-1.jpg","width":512,"height":512,"caption":"Prismagamers"},"image":{"@id":"https:\/\/prismagamers.com\/hu\/#\/schema\/logo\/image\/"},"sameAs":["https:\/\/www.facebook.com\/prismagamers","https:\/\/www.instagram.com\/prismagamers_grycyfrowe\/"],"description":"Prismagamers.com to dynamiczny sklep z grami cyfrowymi, stworzony z my\u015bl\u0105 o entuzjastach gier wideo. Nasza strona oferuje szerok\u0105 gam\u0119 gier komputerowych, w tym najnowsze tytu\u0142y, dobrze znane klasyki oraz gry stworzone przez niezale\u017cne studia Ca\u0142y czas d\u0105\u017cymy do rozszerzenia naszej oferty. Do\u0142\u0105cz do nas i sta\u0144 si\u0119 cz\u0119\u015bci\u0105 naszej rosn\u0105cej spo\u0142eczno\u015bci graczy!","email":"shop@prismagamers.com","telephone":"48795541705","legalName":"East Caravan Maksym \u017bukow","foundingDate":"2012-05-10","vatID":"PL8943038612","taxID":"PL8943038612","numberOfEmployees":{"@type":"QuantitativeValue","minValue":"11","maxValue":"50"}}]}},"_links":{"self":[{"href":"https:\/\/prismagamers.com\/hu\/wp-json\/wp\/v2\/product\/35407","targetHints":{"allow":["GET"]}}],"collection":[{"href":"https:\/\/prismagamers.com\/hu\/wp-json\/wp\/v2\/product"}],"about":[{"href":"https:\/\/prismagamers.com\/hu\/wp-json\/wp\/v2\/types\/product"}],"wp:featuredmedia":[{"embeddable":true,"href":"https:\/\/prismagamers.com\/hu\/wp-json\/wp\/v2\/media\/33803"}],"wp:attachment":[{"href":"https:\/\/prismagamers.com\/hu\/wp-json\/wp\/v2\/media?parent=35407"}],"wp:term":[{"taxonomy":"product_brand","embeddable":true,"href":"https:\/\/prismagamers.com\/hu\/wp-json\/wp\/v2\/product_brand?post=35407"},{"taxonomy":"product_cat","embeddable":true,"href":"https:\/\/prismagamers.com\/hu\/wp-json\/wp\/v2\/product_cat?post=35407"},{"taxonomy":"product_tag","embeddable":true,"href":"https:\/\/prismagamers.com\/hu\/wp-json\/wp\/v2\/product_tag?post=35407"}],"curies":[{"name":"wp","href":"https:\/\/api.w.org\/{rel}","templated":true}]}}