{"id":35413,"date":"2025-01-27T16:50:09","date_gmt":"2025-01-27T15:50:09","guid":{"rendered":"https:\/\/prismagamers.com\/produkt\/az-en-kis-univerzumom\/"},"modified":"2025-01-27T16:50:09","modified_gmt":"2025-01-27T15:50:09","slug":"az-en-kis-univerzumom","status":"publish","type":"product","link":"https:\/\/prismagamers.com\/hu\/produkt\/az-en-kis-univerzumom\/","title":{"rendered":"Az \u00e9n kis univerzumom"},"content":{"rendered":"<h6>L\u00e9pd \u00e1t az \u0171r hat\u00e1rait!<\/h6>\n<p>Az univerzum hatalmas \u00e9s tele van kalandokkal, megoldand\u00f3 rejt\u00e9lyekkel \u00e9s legy\u0151zend\u0151 ellens\u00e9gekkel&#8230;.. Ki tudja, tal\u00e1n m\u00e9g n\u00e9h\u00e1ny bar\u00e1ts\u00e1gos arccal is tal\u00e1lkozol az utad sor\u00e1n. S\u0151t, ak\u00e1r h\u00e1rom bar\u00e1todat is megh\u00edvhatod, hogy csatlakozzanak hozz\u00e1d a helyi, megosztott k\u00e9perny\u0151s j\u00e1t\u00e9km\u00f3dban, mert bar\u00e1tokkal mindig izgalmasabb! <\/p>\n<p><img decoding=\"async\" class=\"bb_img aligncenter\" src=\"https:\/\/shared.fastly.steamstatic.com\/store_item_assets\/steam\/apps\/2328750\/extras\/MLU_1.gif?t=1737019161\"><\/p>\n<h6>FEDEZZE FEL!<\/h6>\n<p>Kilenc mitikus vil\u00e1g \u00e9s t\u00f6bb mint 65 k\u00fcl\u00f6nb\u00f6z\u0151 dungeon v\u00e1r r\u00e1d \u00e9s bar\u00e1taidra, a mitol\u00f3giai ihlet\u00e9s\u0171 f\u00f6ldekt\u0151l az ellens\u00e9ges idegen vil\u00e1gokig. Csod\u00e1kkal \u00e9s zs\u00e1km\u00e1nnyal, kih\u00edv\u00e1sokkal \u00e9s ellenfelekkel teli, a te feladatod, hogy visszaadd ezeknek a gy\u00f6ny\u00f6r\u0171 vil\u00e1goknak a r\u00e9gi dics\u0151s\u00e9g\u00e9t! <\/p>\n<p><img decoding=\"async\" class=\"bb_img aligncenter\" src=\"https:\/\/shared.fastly.steamstatic.com\/store_item_assets\/steam\/apps\/2328750\/extras\/MLU_2.gif?t=1737019161\"><\/p>\n<h6>GY\u0170JTSD \u00d6SSZE AZ ER\u0150FORR\u00c1SOKAT!<\/h6>\n<p>A vil\u00e1gok tele vannak gazdag \u00e1sv\u00e1nyi anyagokkal, amelyeket megb\u00edzhat\u00f3 szersz\u00e1maiddal begy\u0171jthetsz, \u00e9s mitikus, felfedezetlen erej\u0171, mitikus t\u00e1rgyakkal, amelyeket er\u0151s ellens\u00e9gek \u0151riznek. Haszn\u00e1lj t\u00f6bb mint 70 k\u00fcl\u00f6nb\u00f6z\u0151 gy\u0171jthet\u0151 nyersanyagot, hogy helyre\u00e1ll\u00edtsd a rejt\u00e9lyes fenyeget\u00e9s miatt r\u00e9g elveszett f\u00f6ldeket. <\/p>\n<p><img decoding=\"async\" class=\"bb_img aligncenter\" src=\"https:\/\/shared.fastly.steamstatic.com\/store_item_assets\/steam\/apps\/2328750\/extras\/MLU_3.gif?t=1737019161\"><\/p>\n<h6>N\u00c9ZZ SZEMBE A KIH\u00cdV\u00c1SSAL!<\/h6>\n<p>Nem lesz k\u00f6nny\u0171 helyre\u00e1ll\u00edtani az univerzumot, \u00e9s minden kih\u00edv\u00e1shoz a megfelel\u0151 eszk\u00f6z\u00f6kre van sz\u00fcks\u00e9g. A megb\u00edzhat\u00f3 cs\u00e1k\u00e1nyoddal, \u00e9les kardoddal \u00e9s er\u0151s fejsz\u00e9ddel felszerelkezve t\u00f6bb mint 150 k\u00fcl\u00f6nb\u00f6z\u0151 ellenf\u00e9llel kell megk\u00fczdened, k\u00f6zt\u00fck mitikus l\u00e9nyekkel, idegen r\u00e9m\u00e1lmokkal \u00e9s m\u00e9g f\u00e9listenekkel is! <\/p>\n<p><img decoding=\"async\" class=\"bb_img aligncenter\" src=\"https:\/\/shared.fastly.steamstatic.com\/store_item_assets\/steam\/apps\/2328750\/extras\/MLU_4.gif?t=1737019161\"><\/p>\n<h6>FRISS\u00cdTSE A FELSZEREL\u00c9S\u00c9T!<\/h6>\n<p>Minden bolyg\u00f3val \u00faj kih\u00edv\u00e1sok j\u00f6nnek, ez\u00e9rt fel kell k\u00e9sz\u00fcln\u00f6d a leg\u00fajabb \u00e9s legjobb eszk\u00f6z\u00f6kkel, amelyekkel mindig egy l\u00e9p\u00e9ssel ellenfeleid el\u0151tt j\u00e1rhatsz! Fejleszd fegyvereidet, eszk\u00f6zeidet \u00e9s p\u00e1nc\u00e9lodat t\u00f6bb mint 30 szinten! <\/p>\n<p><img decoding=\"async\" class=\"bb_img aligncenter\" src=\"https:\/\/shared.fastly.steamstatic.com\/store_item_assets\/steam\/apps\/2328750\/extras\/MLU_5.gif?t=1737019161\"><\/p>\n<h6>Csak \u00e9lvezd a kalandot.<\/h6>\n<p>Szeress bele a j\u00e1t\u00e9k hangulatos l\u00e9gk\u00f6r\u00e9be, \u00e9lvezd a pihentet\u0151 hangs\u00e1vot, \u00e9s szeresd az egyszer\u0171, de karizmatikus l\u00e1tv\u00e1nyt. V\u00e9g\u00fcl is minden az utaz\u00e1sr\u00f3l \u00e9s az \u00fatk\u00f6zben szerzett bar\u00e1tokr\u00f3l sz\u00f3l!&#8221; <\/p>\n<p><img decoding=\"async\" class=\"bb_img aligncenter\" src=\"https:\/\/shared.fastly.steamstatic.com\/store_item_assets\/steam\/apps\/2328750\/extras\/MLU_6.gif?t=1737019161\"><\/p>\n","protected":false},"excerpt":{"rendered":"<div class=\"flex max-w-full flex-col flex-grow\">\n<div class=\"min-h-8 text-message flex w-full flex-col items-end gap-2 whitespace-normal break-words text-start [.text-message+&amp;]:mt-5\" dir=\"auto\" data-message-author-role=\"assistant\" data-message-id=\"a5d61717-fb1a-451f-8d01-1292447ad837\" data-message-model-slug=\"gpt-4o\">\n<div class=\"flex w-full flex-col gap-1 empty:hidden first:pt-[3px]\">\n<div class=\"markdown prose w-full break-words dark:prose-invert light\">\n<p>&#8222;Egy kop\u00e1r holdon rekedve, csak a szersz\u00e1maiddal, egy \u00fczemanyaghi\u00e1nyos haj\u00f3val \u00e9s a teremt\u00e9s kozmikus erej\u00e9vel a sorsod az, hogy \u00fajrateremtsd, ami elveszett, \u00e9s a saj\u00e1t Kis Univerzumod h\u0151s\u00e9v\u00e9 v\u00e1lj!&#8221;. Ne felejtsd el megh\u00edvni ak\u00e1r h\u00e1rom bar\u00e1todat, hogy csatlakozzanak hozz\u00e1d az utaz\u00e1sodon az osztott k\u00e9perny\u0151s kooperat\u00edv m\u00f3dban! <\/p>\n<p>\ud83c\udf0d Glob\u00e1lis<br \/>\n\u2699\ufe0f Steam<br \/>\n\ud83d\udddd Digit\u00e1lis kulcs<\/p>\n<\/div>\n<\/div>\n<\/div>\n<\/div>\n","protected":false},"featured_media":33745,"template":"","meta":{"_acf_changed":false,"site-sidebar-layout":"default","site-content-layout":"","ast-site-content-layout":"default","site-content-style":"default","site-sidebar-style":"default","ast-global-header-display":"","ast-banner-title-visibility":"","ast-main-header-display":"","ast-hfb-above-header-display":"","ast-hfb-below-header-display":"","ast-hfb-mobile-header-display":"","site-post-title":"","ast-breadcrumbs-content":"","ast-featured-img":"","footer-sml-layout":"","ast-disable-related-posts":"","theme-transparent-header-meta":"default","adv-header-id-meta":"","stick-header-meta":"","header-above-stick-meta":"","header-main-stick-meta":"","header-below-stick-meta":"","astra-migrate-meta-layouts":"default","ast-page-background-enabled":"default","ast-page-background-meta":{"desktop":{"background-color":"var(--ast-global-color-4)","background-image":"","background-repeat":"repeat","background-position":"center center","background-size":"auto","background-attachment":"scroll","background-type":"","background-media":"","overlay-type":"","overlay-color":"","overlay-opacity":"","overlay-gradient":""},"tablet":{"background-color":"","background-image":"","background-repeat":"repeat","background-position":"center center","background-size":"auto","background-attachment":"scroll","background-type":"","background-media":"","overlay-type":"","overlay-color":"","overlay-opacity":"","overlay-gradient":""},"mobile":{"background-color":"","background-image":"","background-repeat":"repeat","background-position":"center center","background-size":"auto","background-attachment":"scroll","background-type":"","background-media":"","overlay-type":"","overlay-color":"","overlay-opacity":"","overlay-gradient":""}},"ast-content-background-meta":{"desktop":{"background-color":"var(--ast-global-color-5)","background-image":"","background-repeat":"repeat","background-position":"center center","background-size":"auto","background-attachment":"scroll","background-type":"","background-media":"","overlay-type":"","overlay-color":"","overlay-opacity":"","overlay-gradient":""},"tablet":{"background-color":"var(--ast-global-color-5)","background-image":"","background-repeat":"repeat","background-position":"center center","background-size":"auto","background-attachment":"scroll","background-type":"","background-media":"","overlay-type":"","overlay-color":"","overlay-opacity":"","overlay-gradient":""},"mobile":{"background-color":"var(--ast-global-color-5)","background-image":"","background-repeat":"repeat","background-position":"center center","background-size":"auto","background-attachment":"scroll","background-type":"","background-media":"","overlay-type":"","overlay-color":"","overlay-opacity":"","overlay-gradient":""}}},"product_brand":[],"product_cat":[371,365,372,420],"product_tag":[],"class_list":{"0":"post-35413","1":"product","2":"type-product","3":"status-publish","4":"has-post-thumbnail","6":"product_cat-akcio-jatekok","7":"product_cat-goz","8":"product_cat-jatekok-szimulatorok","9":"product_cat-saygames-hu","10":"desktop-align-left","11":"tablet-align-left","12":"mobile-align-left","14":"first","15":"instock","16":"shipping-taxable","17":"purchasable","18":"product-type-simple"},"acf":[],"yoast_head":"<!-- This site is optimized with the Yoast SEO Premium plugin v27.4 (Yoast SEO v27.4) - https:\/\/yoast.com\/product\/yoast-seo-premium-wordpress\/ -->\n<title>Az \u00e9n kis univerzumom - Prismagamers.com<\/title>\n<meta name=\"description\" content=\"&quot;Egy kop\u00e1r holdon rekedve, csak a szersz\u00e1maiddal, egy \u00fczemanyaghi\u00e1nyos haj\u00f3val \u00e9s a teremt\u00e9s kozmikus erej\u00e9vel a sorsod az, hogy \u00fajrateremtsd, ami elveszett, \u00e9s a saj\u00e1t Kis Univerzumod h\u0151s\u00e9v\u00e9 v\u00e1lj!&quot;. Ne felejtsd el megh\u00edvni ak\u00e1r h\u00e1rom bar\u00e1todat, hogy csatlakozzanak hozz\u00e1d az utaz\u00e1sodon az osztott k\u00e9perny\u0151s kooperat\u00edv m\u00f3dban!  \ud83c\udf0d Glob\u00e1lis \u2699\ufe0f Steam \ud83d\udddd Digit\u00e1lis kulcs\" \/>\n<meta name=\"robots\" content=\"index, follow, max-snippet:-1, max-image-preview:large, max-video-preview:-1\" \/>\n<link rel=\"canonical\" href=\"https:\/\/prismagamers.com\/hu\/produkt\/az-en-kis-univerzumom\/\" \/>\n<meta property=\"og:locale\" content=\"hu_HU\" \/>\n<meta property=\"og:type\" content=\"article\" \/>\n<meta property=\"og:title\" content=\"Az \u00e9n kis univerzumom\" \/>\n<meta property=\"og:description\" content=\"&quot;Egy kop\u00e1r holdon rekedve, csak a szersz\u00e1maiddal, egy \u00fczemanyaghi\u00e1nyos haj\u00f3val \u00e9s a teremt\u00e9s kozmikus erej\u00e9vel a sorsod az, hogy \u00fajrateremtsd, ami elveszett, \u00e9s a saj\u00e1t Kis Univerzumod h\u0151s\u00e9v\u00e9 v\u00e1lj!&quot;. Ne felejtsd el megh\u00edvni ak\u00e1r h\u00e1rom bar\u00e1todat, hogy csatlakozzanak hozz\u00e1d az utaz\u00e1sodon az osztott k\u00e9perny\u0151s kooperat\u00edv m\u00f3dban!  \ud83c\udf0d Glob\u00e1lis \u2699\ufe0f Steam \ud83d\udddd Digit\u00e1lis kulcs\" \/>\n<meta property=\"og:url\" content=\"https:\/\/prismagamers.com\/hu\/produkt\/az-en-kis-univerzumom\/\" \/>\n<meta property=\"og:site_name\" content=\"Prismagamers.com\" \/>\n<meta property=\"article:publisher\" content=\"https:\/\/www.facebook.com\/prismagamers\" \/>\n<meta property=\"og:image\" content=\"https:\/\/prismagamers.com\/wp-content\/uploads\/2025\/01\/library_600x900_2x-8-e1737992913624.jpg\" \/>\n\t<meta property=\"og:image:width\" content=\"300\" \/>\n\t<meta property=\"og:image:height\" content=\"450\" \/>\n\t<meta property=\"og:image:type\" content=\"image\/jpeg\" \/>\n<meta name=\"twitter:card\" content=\"summary_large_image\" \/>\n<meta name=\"twitter:label1\" content=\"Becs\u00fclt olvas\u00e1si id\u0151\" \/>\n\t<meta name=\"twitter:data1\" content=\"2 perc\" \/>\n<script type=\"application\/ld+json\" class=\"yoast-schema-graph\">{\"@context\":\"https:\\\/\\\/schema.org\",\"@graph\":[{\"@type\":\"WebPage\",\"@id\":\"https:\\\/\\\/prismagamers.com\\\/hu\\\/produkt\\\/az-en-kis-univerzumom\\\/\",\"url\":\"https:\\\/\\\/prismagamers.com\\\/hu\\\/produkt\\\/az-en-kis-univerzumom\\\/\",\"name\":\"Az \u00e9n kis univerzumom - Prismagamers.com\",\"isPartOf\":{\"@id\":\"https:\\\/\\\/prismagamers.com\\\/hu\\\/#website\"},\"primaryImageOfPage\":{\"@id\":\"https:\\\/\\\/prismagamers.com\\\/hu\\\/produkt\\\/az-en-kis-univerzumom\\\/#primaryimage\"},\"image\":{\"@id\":\"https:\\\/\\\/prismagamers.com\\\/hu\\\/produkt\\\/az-en-kis-univerzumom\\\/#primaryimage\"},\"thumbnailUrl\":\"https:\\\/\\\/prismagamers.com\\\/wp-content\\\/uploads\\\/2025\\\/01\\\/library_600x900_2x-8-e1737992913624.jpg\",\"datePublished\":\"2025-01-27T15:50:09+00:00\",\"description\":\"\\\"Egy kop\u00e1r holdon rekedve, csak a szersz\u00e1maiddal, egy \u00fczemanyaghi\u00e1nyos haj\u00f3val \u00e9s a teremt\u00e9s kozmikus erej\u00e9vel a sorsod az, hogy \u00fajrateremtsd, ami elveszett, \u00e9s a saj\u00e1t Kis Univerzumod h\u0151s\u00e9v\u00e9 v\u00e1lj!\\\". Ne felejtsd el megh\u00edvni ak\u00e1r h\u00e1rom bar\u00e1todat, hogy csatlakozzanak hozz\u00e1d az utaz\u00e1sodon az osztott k\u00e9perny\u0151s kooperat\u00edv m\u00f3dban! \ud83c\udf0d Glob\u00e1lis \u2699\ufe0f Steam \ud83d\udddd Digit\u00e1lis kulcs\",\"breadcrumb\":{\"@id\":\"https:\\\/\\\/prismagamers.com\\\/hu\\\/produkt\\\/az-en-kis-univerzumom\\\/#breadcrumb\"},\"inLanguage\":\"hu\",\"potentialAction\":[{\"@type\":\"ReadAction\",\"target\":[\"https:\\\/\\\/prismagamers.com\\\/hu\\\/produkt\\\/az-en-kis-univerzumom\\\/\"]}]},{\"@type\":\"ImageObject\",\"inLanguage\":\"hu\",\"@id\":\"https:\\\/\\\/prismagamers.com\\\/hu\\\/produkt\\\/az-en-kis-univerzumom\\\/#primaryimage\",\"url\":\"https:\\\/\\\/prismagamers.com\\\/wp-content\\\/uploads\\\/2025\\\/01\\\/library_600x900_2x-8-e1737992913624.jpg\",\"contentUrl\":\"https:\\\/\\\/prismagamers.com\\\/wp-content\\\/uploads\\\/2025\\\/01\\\/library_600x900_2x-8-e1737992913624.jpg\",\"width\":300,\"height\":450,\"caption\":\"Az \u00e9n kis univerzumom boxshot\"},{\"@type\":\"BreadcrumbList\",\"@id\":\"https:\\\/\\\/prismagamers.com\\\/hu\\\/produkt\\\/az-en-kis-univerzumom\\\/#breadcrumb\",\"itemListElement\":[{\"@type\":\"ListItem\",\"position\":1,\"name\":\"Strona g\u0142\u00f3wna\",\"item\":\"https:\\\/\\\/prismagamers.com\\\/hu\\\/prismagamers\\\/\"},{\"@type\":\"ListItem\",\"position\":2,\"name\":\"Shop\",\"item\":\"https:\\\/\\\/prismagamers.com\\\/hu\\\/shop\\\/\"},{\"@type\":\"ListItem\",\"position\":3,\"name\":\"Az \u00e9n kis univerzumom\"}]},{\"@type\":\"WebSite\",\"@id\":\"https:\\\/\\\/prismagamers.com\\\/hu\\\/#website\",\"url\":\"https:\\\/\\\/prismagamers.com\\\/hu\\\/\",\"name\":\"Prismagamers\",\"description\":\"Sklep z grami PC I Sklep klucze Steam\",\"publisher\":{\"@id\":\"https:\\\/\\\/prismagamers.com\\\/hu\\\/#organization\"},\"potentialAction\":[{\"@type\":\"SearchAction\",\"target\":{\"@type\":\"EntryPoint\",\"urlTemplate\":\"https:\\\/\\\/prismagamers.com\\\/hu\\\/?s={search_term_string}\"},\"query-input\":{\"@type\":\"PropertyValueSpecification\",\"valueRequired\":true,\"valueName\":\"search_term_string\"}}],\"inLanguage\":\"hu\"},{\"@type\":\"Organization\",\"@id\":\"https:\\\/\\\/prismagamers.com\\\/hu\\\/#organization\",\"name\":\"Prismagamers\",\"url\":\"https:\\\/\\\/prismagamers.com\\\/hu\\\/\",\"logo\":{\"@type\":\"ImageObject\",\"inLanguage\":\"hu\",\"@id\":\"https:\\\/\\\/prismagamers.com\\\/hu\\\/#\\\/schema\\\/logo\\\/image\\\/\",\"url\":\"https:\\\/\\\/prismagamers.com\\\/wp-content\\\/uploads\\\/2022\\\/04\\\/cropped-logo-Prismagamers-01-scaled-1.jpg\",\"contentUrl\":\"https:\\\/\\\/prismagamers.com\\\/wp-content\\\/uploads\\\/2022\\\/04\\\/cropped-logo-Prismagamers-01-scaled-1.jpg\",\"width\":512,\"height\":512,\"caption\":\"Prismagamers\"},\"image\":{\"@id\":\"https:\\\/\\\/prismagamers.com\\\/hu\\\/#\\\/schema\\\/logo\\\/image\\\/\"},\"sameAs\":[\"https:\\\/\\\/www.facebook.com\\\/prismagamers\",\"https:\\\/\\\/www.instagram.com\\\/prismagamers_grycyfrowe\\\/\"],\"description\":\"Prismagamers.com to dynamiczny sklep z grami cyfrowymi, stworzony z my\u015bl\u0105 o entuzjastach gier wideo. Nasza strona oferuje szerok\u0105 gam\u0119 gier komputerowych, w tym najnowsze tytu\u0142y, dobrze znane klasyki oraz gry stworzone przez niezale\u017cne studia Ca\u0142y czas d\u0105\u017cymy do rozszerzenia naszej oferty. Do\u0142\u0105cz do nas i sta\u0144 si\u0119 cz\u0119\u015bci\u0105 naszej rosn\u0105cej spo\u0142eczno\u015bci graczy!\",\"email\":\"shop@prismagamers.com\",\"telephone\":\"48795541705\",\"legalName\":\"East Caravan Maksym \u017bukow\",\"foundingDate\":\"2012-05-10\",\"vatID\":\"PL8943038612\",\"taxID\":\"PL8943038612\",\"numberOfEmployees\":{\"@type\":\"QuantitativeValue\",\"minValue\":\"11\",\"maxValue\":\"50\"}}]}<\/script>\n<!-- \/ Yoast SEO Premium plugin. -->","yoast_head_json":{"title":"Az \u00e9n kis univerzumom - Prismagamers.com","description":"\"Egy kop\u00e1r holdon rekedve, csak a szersz\u00e1maiddal, egy \u00fczemanyaghi\u00e1nyos haj\u00f3val \u00e9s a teremt\u00e9s kozmikus erej\u00e9vel a sorsod az, hogy \u00fajrateremtsd, ami elveszett, \u00e9s a saj\u00e1t Kis Univerzumod h\u0151s\u00e9v\u00e9 v\u00e1lj!\". Ne felejtsd el megh\u00edvni ak\u00e1r h\u00e1rom bar\u00e1todat, hogy csatlakozzanak hozz\u00e1d az utaz\u00e1sodon az osztott k\u00e9perny\u0151s kooperat\u00edv m\u00f3dban!  \ud83c\udf0d Glob\u00e1lis \u2699\ufe0f Steam \ud83d\udddd Digit\u00e1lis kulcs","robots":{"index":"index","follow":"follow","max-snippet":"max-snippet:-1","max-image-preview":"max-image-preview:large","max-video-preview":"max-video-preview:-1"},"canonical":"https:\/\/prismagamers.com\/hu\/produkt\/az-en-kis-univerzumom\/","og_locale":"hu_HU","og_type":"article","og_title":"Az \u00e9n kis univerzumom","og_description":"\"Egy kop\u00e1r holdon rekedve, csak a szersz\u00e1maiddal, egy \u00fczemanyaghi\u00e1nyos haj\u00f3val \u00e9s a teremt\u00e9s kozmikus erej\u00e9vel a sorsod az, hogy \u00fajrateremtsd, ami elveszett, \u00e9s a saj\u00e1t Kis Univerzumod h\u0151s\u00e9v\u00e9 v\u00e1lj!\". Ne felejtsd el megh\u00edvni ak\u00e1r h\u00e1rom bar\u00e1todat, hogy csatlakozzanak hozz\u00e1d az utaz\u00e1sodon az osztott k\u00e9perny\u0151s kooperat\u00edv m\u00f3dban!  \ud83c\udf0d Glob\u00e1lis \u2699\ufe0f Steam \ud83d\udddd Digit\u00e1lis kulcs","og_url":"https:\/\/prismagamers.com\/hu\/produkt\/az-en-kis-univerzumom\/","og_site_name":"Prismagamers.com","article_publisher":"https:\/\/www.facebook.com\/prismagamers","og_image":[{"width":300,"height":450,"url":"https:\/\/prismagamers.com\/wp-content\/uploads\/2025\/01\/library_600x900_2x-8-e1737992913624.jpg","type":"image\/jpeg"}],"twitter_card":"summary_large_image","twitter_misc":{"Becs\u00fclt olvas\u00e1si id\u0151":"2 perc"},"schema":{"@context":"https:\/\/schema.org","@graph":[{"@type":"WebPage","@id":"https:\/\/prismagamers.com\/hu\/produkt\/az-en-kis-univerzumom\/","url":"https:\/\/prismagamers.com\/hu\/produkt\/az-en-kis-univerzumom\/","name":"Az \u00e9n kis univerzumom - Prismagamers.com","isPartOf":{"@id":"https:\/\/prismagamers.com\/hu\/#website"},"primaryImageOfPage":{"@id":"https:\/\/prismagamers.com\/hu\/produkt\/az-en-kis-univerzumom\/#primaryimage"},"image":{"@id":"https:\/\/prismagamers.com\/hu\/produkt\/az-en-kis-univerzumom\/#primaryimage"},"thumbnailUrl":"https:\/\/prismagamers.com\/wp-content\/uploads\/2025\/01\/library_600x900_2x-8-e1737992913624.jpg","datePublished":"2025-01-27T15:50:09+00:00","description":"\"Egy kop\u00e1r holdon rekedve, csak a szersz\u00e1maiddal, egy \u00fczemanyaghi\u00e1nyos haj\u00f3val \u00e9s a teremt\u00e9s kozmikus erej\u00e9vel a sorsod az, hogy \u00fajrateremtsd, ami elveszett, \u00e9s a saj\u00e1t Kis Univerzumod h\u0151s\u00e9v\u00e9 v\u00e1lj!\". Ne felejtsd el megh\u00edvni ak\u00e1r h\u00e1rom bar\u00e1todat, hogy csatlakozzanak hozz\u00e1d az utaz\u00e1sodon az osztott k\u00e9perny\u0151s kooperat\u00edv m\u00f3dban! \ud83c\udf0d Glob\u00e1lis \u2699\ufe0f Steam \ud83d\udddd Digit\u00e1lis kulcs","breadcrumb":{"@id":"https:\/\/prismagamers.com\/hu\/produkt\/az-en-kis-univerzumom\/#breadcrumb"},"inLanguage":"hu","potentialAction":[{"@type":"ReadAction","target":["https:\/\/prismagamers.com\/hu\/produkt\/az-en-kis-univerzumom\/"]}]},{"@type":"ImageObject","inLanguage":"hu","@id":"https:\/\/prismagamers.com\/hu\/produkt\/az-en-kis-univerzumom\/#primaryimage","url":"https:\/\/prismagamers.com\/wp-content\/uploads\/2025\/01\/library_600x900_2x-8-e1737992913624.jpg","contentUrl":"https:\/\/prismagamers.com\/wp-content\/uploads\/2025\/01\/library_600x900_2x-8-e1737992913624.jpg","width":300,"height":450,"caption":"Az \u00e9n kis univerzumom boxshot"},{"@type":"BreadcrumbList","@id":"https:\/\/prismagamers.com\/hu\/produkt\/az-en-kis-univerzumom\/#breadcrumb","itemListElement":[{"@type":"ListItem","position":1,"name":"Strona g\u0142\u00f3wna","item":"https:\/\/prismagamers.com\/hu\/prismagamers\/"},{"@type":"ListItem","position":2,"name":"Shop","item":"https:\/\/prismagamers.com\/hu\/shop\/"},{"@type":"ListItem","position":3,"name":"Az \u00e9n kis univerzumom"}]},{"@type":"WebSite","@id":"https:\/\/prismagamers.com\/hu\/#website","url":"https:\/\/prismagamers.com\/hu\/","name":"Prismagamers","description":"Sklep z grami PC I Sklep klucze Steam","publisher":{"@id":"https:\/\/prismagamers.com\/hu\/#organization"},"potentialAction":[{"@type":"SearchAction","target":{"@type":"EntryPoint","urlTemplate":"https:\/\/prismagamers.com\/hu\/?s={search_term_string}"},"query-input":{"@type":"PropertyValueSpecification","valueRequired":true,"valueName":"search_term_string"}}],"inLanguage":"hu"},{"@type":"Organization","@id":"https:\/\/prismagamers.com\/hu\/#organization","name":"Prismagamers","url":"https:\/\/prismagamers.com\/hu\/","logo":{"@type":"ImageObject","inLanguage":"hu","@id":"https:\/\/prismagamers.com\/hu\/#\/schema\/logo\/image\/","url":"https:\/\/prismagamers.com\/wp-content\/uploads\/2022\/04\/cropped-logo-Prismagamers-01-scaled-1.jpg","contentUrl":"https:\/\/prismagamers.com\/wp-content\/uploads\/2022\/04\/cropped-logo-Prismagamers-01-scaled-1.jpg","width":512,"height":512,"caption":"Prismagamers"},"image":{"@id":"https:\/\/prismagamers.com\/hu\/#\/schema\/logo\/image\/"},"sameAs":["https:\/\/www.facebook.com\/prismagamers","https:\/\/www.instagram.com\/prismagamers_grycyfrowe\/"],"description":"Prismagamers.com to dynamiczny sklep z grami cyfrowymi, stworzony z my\u015bl\u0105 o entuzjastach gier wideo. Nasza strona oferuje szerok\u0105 gam\u0119 gier komputerowych, w tym najnowsze tytu\u0142y, dobrze znane klasyki oraz gry stworzone przez niezale\u017cne studia Ca\u0142y czas d\u0105\u017cymy do rozszerzenia naszej oferty. Do\u0142\u0105cz do nas i sta\u0144 si\u0119 cz\u0119\u015bci\u0105 naszej rosn\u0105cej spo\u0142eczno\u015bci graczy!","email":"shop@prismagamers.com","telephone":"48795541705","legalName":"East Caravan Maksym \u017bukow","foundingDate":"2012-05-10","vatID":"PL8943038612","taxID":"PL8943038612","numberOfEmployees":{"@type":"QuantitativeValue","minValue":"11","maxValue":"50"}}]}},"_links":{"self":[{"href":"https:\/\/prismagamers.com\/hu\/wp-json\/wp\/v2\/product\/35413","targetHints":{"allow":["GET"]}}],"collection":[{"href":"https:\/\/prismagamers.com\/hu\/wp-json\/wp\/v2\/product"}],"about":[{"href":"https:\/\/prismagamers.com\/hu\/wp-json\/wp\/v2\/types\/product"}],"wp:featuredmedia":[{"embeddable":true,"href":"https:\/\/prismagamers.com\/hu\/wp-json\/wp\/v2\/media\/33745"}],"wp:attachment":[{"href":"https:\/\/prismagamers.com\/hu\/wp-json\/wp\/v2\/media?parent=35413"}],"wp:term":[{"taxonomy":"product_brand","embeddable":true,"href":"https:\/\/prismagamers.com\/hu\/wp-json\/wp\/v2\/product_brand?post=35413"},{"taxonomy":"product_cat","embeddable":true,"href":"https:\/\/prismagamers.com\/hu\/wp-json\/wp\/v2\/product_cat?post=35413"},{"taxonomy":"product_tag","embeddable":true,"href":"https:\/\/prismagamers.com\/hu\/wp-json\/wp\/v2\/product_tag?post=35413"}],"curies":[{"name":"wp","href":"https:\/\/api.w.org\/{rel}","templated":true}]}}