{"id":35415,"date":"2025-01-30T11:55:19","date_gmt":"2025-01-30T10:55:19","guid":{"rendered":"https:\/\/prismagamers.com\/produkt\/frogun\/"},"modified":"2026-03-05T00:00:44","modified_gmt":"2026-03-04T23:00:44","slug":"frogun","status":"publish","type":"product","link":"https:\/\/prismagamers.com\/hu\/produkt\/frogun\/","title":{"rendered":"Frogun"},"content":{"rendered":"<h3><img decoding=\"async\" class=\"bb_img\" src=\"https:\/\/shared.fastly.steamstatic.com\/store_item_assets\/steam\/apps\/1575470\/extras\/shopgif1_optimized.gif?t=1726175387\"><\/h3>\n<p><img decoding=\"async\" class=\"bb_img\" src=\"https:\/\/shared.fastly.steamstatic.com\/store_item_assets\/steam\/apps\/1575470\/extras\/SectionStory.png?t=1726175387\"><\/p>\n<h3>Legy\u00e9l te a v\u00e9gs\u0151 felfedez\u0151 ebben a b\u00e1jos, retro kalandban!<\/h3>\n<p>Renata sz\u00fclei vil\u00e1gh\u00edr\u0171 felfedez\u0151k, r\u00e9g\u00e9szek \u00e9s feltal\u00e1l\u00f3k, akik a m\u00falt titkait kutatva j\u00e1rj\u00e1k a vil\u00e1got &#8211; \u00e9s Renata mindig vel\u00fck tart. Legut\u00f3bbi exped\u00edci\u00f3jukon azonban \u00fagy d\u00f6ntenek, hogy a l\u00e1nyt az alapt\u00e1borban hagyj\u00e1k &#8211; a Belzebub romjai \u00e1ll\u00edt\u00f3lag t\u00fal vesz\u00e9lyesek! <\/p>\n<p>H\u00e1rom napig v\u00e1rakozik, b\u00fcszkes\u00e9g\u00e9ben megsebezve \u00e9s hal\u00e1losan unatkozva, m\u00edg v\u00e9g\u00fcl r\u00e1j\u00f6n: ha m\u00e9g nem t\u00e9rtek vissza, akkor valami t\u00f6rt\u00e9nhetett vel\u00fck! Sietve felkapja sz\u00fclei leg\u00fajabb tal\u00e1lm\u00e1ny\u00e1t, a <strong>Frogogun-t (b\u00e9kapusk\u00e1t<\/strong> ), \u00e9s elindul a romok fel\u00e9, hogy megmentse \u0151ket, \u00e9s bebizony\u00edtsa, hogy \u0151 is ugyanolyan \u00fcgyes, mint \u0151k! <\/p>\n<p><img decoding=\"async\" class=\"bb_img\" src=\"https:\/\/shared.fastly.steamstatic.com\/store_item_assets\/steam\/apps\/1575470\/extras\/shopgif2_optimized.gif?t=1726175387\"><\/p>\n<p><img decoding=\"async\" class=\"bb_img\" src=\"https:\/\/shared.fastly.steamstatic.com\/store_item_assets\/steam\/apps\/1575470\/extras\/SectionFeatures.png?t=1726175387\"><\/p>\n<h3>A j\u00e1t\u00e9k jellemz\u0151i:<\/h3>\n<p>\ud83d\udc38 <strong>Fedezd fel a sz\u00ednes szinteket<\/strong> &#8211; az \u0151si romokt\u00f3l a fagyos hegycs\u00facsokon \u00e1t a forr\u00f3 vulkanikus mocsarakig &#8211; a modern, alacsony poligonsz\u00e1m\u00fa grafik\u00e1val.<br \/>\n\ud83d\udc38 <strong>Haszn\u00e1lja ki a b\u00e9k\u00e1t!<\/strong> &#8211; Vonzd magad a platformokra, aktiv\u00e1ld a karokat, ker\u00fcld el a csapd\u00e1kat \u00e9s harcolj a b\u00e1jos ellenfelekkel!<br \/>\n\ud83d\udc38 <strong>\u00dcld\u00f6zd Renata riv\u00e1lis\u00e1t \u00e9s k\u00fczdj meg a nagy f\u0151n\u00f6k\u00f6kkel!<\/strong><br \/>\n\ud83d\udc38 <strong>Fedezd fel a titkokat \u00e9s a r\u00f6videbb utakat<\/strong> &#8211; saj\u00e1t\u00edtsd el a grappling mechanik\u00e1t, hogy megtal\u00e1ld a rejtett \u00e1tj\u00e1r\u00f3kat.<br \/>\n\ud83d\udc38 <strong>Gy\u0171jts embl\u00e9m\u00e1kat \u00e9s olvasd el m\u00e1s kalandorok napl\u00f3it!<\/strong><br \/>\n\ud83d\udc38 <strong>V\u00e1s\u00e1rolj sapk\u00e1kat, besti\u00e1riumi bejegyz\u00e9seket \u00e9s koncepci\u00f3rajzokat a boltban!<\/strong><br \/>\n\ud83d\udc38 <strong>Fot\u00f3 m\u00f3d<\/strong> &#8211; mutasd meg kreativit\u00e1sodat azzal, hogy p\u00f3zolsz b\u00e1rhol a j\u00e1t\u00e9kban.<br \/>\n\ud83d\udc38 <strong>Nyisd fel a k\u00e9tj\u00e1t\u00e9kos ar\u00e9n\u00e1kat<\/strong>, \u00e9s n\u00e9zz szembe bar\u00e1taiddal p\u00e1rbaj m\u00f3dban!<\/p>\n<p><img decoding=\"async\" class=\"bb_img\" src=\"https:\/\/shared.fastly.steamstatic.com\/store_item_assets\/steam\/apps\/1575470\/extras\/shopgif3_optimized.gif?t=1726175387\"><\/p>\n","protected":false},"excerpt":{"rendered":"<div class=\"flex max-w-full flex-col flex-grow\">\n<div class=\"min-h-8 text-message flex w-full flex-col items-end gap-2 whitespace-normal break-words text-start [.text-message+&amp;]:mt-5\" dir=\"auto\" data-message-author-role=\"assistant\" data-message-id=\"948586e5-d08c-46cd-8128-131b0436d011\" data-message-model-slug=\"gpt-4o\">\n<div class=\"flex w-full flex-col gap-1 empty:hidden first:pt-[3px]\">\n<div class=\"markdown prose w-full break-words dark:prose-invert light\">\n<p class=\"ai-optimize-23\">Csatlakozz Ren\u00e1t\u00e1hoz a misztikus romokon \u00e1t vezet\u0151 kalandoz\u00e1son a n\u00e9vad\u00f3 <strong>Froggunnal (FROGUN<\/strong> ) <strong>!<\/strong> \ud83d\udc38<\/p>\n<p class=\"ai-optimize-24\">A Frogun egy old-school platformer a PS1\/N64 korszak lelk\u00e9vel, ahol <strong>a b\u00e9ka alak\u00fa markol\u00f3g\u00e9p a legjobb bar\u00e1tod!<\/strong><\/p>\n<p class=\"ai-optimize-25\">\ud83c\udf0d Glob\u00e1lis<br \/>\n\u2699\ufe0f Steam<br \/>\n\ud83d\udddd Digit\u00e1lis kulcs<\/p>\n<\/div>\n<\/div>\n<\/div>\n<\/div>\n","protected":false},"featured_media":33770,"template":"","meta":{"_acf_changed":false,"site-sidebar-layout":"default","site-content-layout":"","ast-site-content-layout":"default","site-content-style":"default","site-sidebar-style":"default","ast-global-header-display":"","ast-banner-title-visibility":"","ast-main-header-display":"","ast-hfb-above-header-display":"","ast-hfb-below-header-display":"","ast-hfb-mobile-header-display":"","site-post-title":"","ast-breadcrumbs-content":"","ast-featured-img":"","footer-sml-layout":"","ast-disable-related-posts":"","theme-transparent-header-meta":"default","adv-header-id-meta":"","stick-header-meta":"","header-above-stick-meta":"","header-main-stick-meta":"","header-below-stick-meta":"","astra-migrate-meta-layouts":"default","ast-page-background-enabled":"default","ast-page-background-meta":{"desktop":{"background-color":"var(--ast-global-color-4)","background-image":"","background-repeat":"repeat","background-position":"center center","background-size":"auto","background-attachment":"scroll","background-type":"","background-media":"","overlay-type":"","overlay-color":"","overlay-opacity":"","overlay-gradient":""},"tablet":{"background-color":"","background-image":"","background-repeat":"repeat","background-position":"center center","background-size":"auto","background-attachment":"scroll","background-type":"","background-media":"","overlay-type":"","overlay-color":"","overlay-opacity":"","overlay-gradient":""},"mobile":{"background-color":"","background-image":"","background-repeat":"repeat","background-position":"center center","background-size":"auto","background-attachment":"scroll","background-type":"","background-media":"","overlay-type":"","overlay-color":"","overlay-opacity":"","overlay-gradient":""}},"ast-content-background-meta":{"desktop":{"background-color":"var(--ast-global-color-5)","background-image":"","background-repeat":"repeat","background-position":"center center","background-size":"auto","background-attachment":"scroll","background-type":"","background-media":"","overlay-type":"","overlay-color":"","overlay-opacity":"","overlay-gradient":""},"tablet":{"background-color":"var(--ast-global-color-5)","background-image":"","background-repeat":"repeat","background-position":"center center","background-size":"auto","background-attachment":"scroll","background-type":"","background-media":"","overlay-type":"","overlay-color":"","overlay-opacity":"","overlay-gradient":""},"mobile":{"background-color":"var(--ast-global-color-5)","background-image":"","background-repeat":"repeat","background-position":"center center","background-size":"auto","background-attachment":"scroll","background-type":"","background-media":"","overlay-type":"","overlay-color":"","overlay-opacity":"","overlay-gradient":""}}},"product_brand":[],"product_cat":[371,369,365,421],"product_tag":[],"class_list":{"0":"post-35415","1":"product","2":"type-product","3":"status-publish","4":"has-post-thumbnail","6":"product_cat-akcio-jatekok","7":"product_cat-csarnokok","8":"product_cat-goz","9":"product_cat-top-hat-studios-hu","10":"desktop-align-left","11":"tablet-align-left","12":"mobile-align-left","14":"first","15":"instock","16":"virtual","17":"purchasable","18":"product-type-simple"},"acf":[],"yoast_head":"<!-- This site is optimized with the Yoast SEO Premium plugin v27.5 (Yoast SEO v27.5) - https:\/\/yoast.com\/product\/yoast-seo-premium-wordpress\/ -->\n<title>Frogun - Prismagamers.com<\/title>\n<meta name=\"description\" content=\"Csatlakozz Ren\u00e1t\u00e1hoz a misztikus romokon \u00e1t vezet\u0151 kalandoz\u00e1son a n\u00e9vad\u00f3 Froggunnal (FROGUN ) ! \ud83d\udc38 A Frogun egy old-school platformer a PS1\/N64 korszak lelk\u00e9vel, ahol a b\u00e9ka alak\u00fa markol\u00f3g\u00e9p a legjobb bar\u00e1tod! \ud83c\udf0d Glob\u00e1lis \u2699\ufe0f Steam \ud83d\udddd Digit\u00e1lis kulcs\" \/>\n<meta name=\"robots\" content=\"index, follow, max-snippet:-1, max-image-preview:large, max-video-preview:-1\" \/>\n<link rel=\"canonical\" href=\"https:\/\/prismagamers.com\/hu\/produkt\/frogun\/\" \/>\n<meta property=\"og:locale\" content=\"hu_HU\" \/>\n<meta property=\"og:type\" content=\"article\" \/>\n<meta property=\"og:title\" content=\"Frogun\" \/>\n<meta property=\"og:description\" content=\"Csatlakozz Ren\u00e1t\u00e1hoz a misztikus romokon \u00e1t vezet\u0151 kalandoz\u00e1son a n\u00e9vad\u00f3 Froggunnal (FROGUN ) ! \ud83d\udc38 A Frogun egy old-school platformer a PS1\/N64 korszak lelk\u00e9vel, ahol a b\u00e9ka alak\u00fa markol\u00f3g\u00e9p a legjobb bar\u00e1tod! \ud83c\udf0d Glob\u00e1lis \u2699\ufe0f Steam \ud83d\udddd Digit\u00e1lis kulcs\" \/>\n<meta property=\"og:url\" content=\"https:\/\/prismagamers.com\/hu\/produkt\/frogun\/\" \/>\n<meta property=\"og:site_name\" content=\"Prismagamers.com\" \/>\n<meta property=\"article:publisher\" content=\"https:\/\/www.facebook.com\/prismagamers\" \/>\n<meta property=\"article:modified_time\" content=\"2026-03-04T23:00:44+00:00\" \/>\n<meta property=\"og:image\" content=\"https:\/\/prismagamers.com\/wp-content\/uploads\/2025\/01\/Frogun1-e1738234056868.jpg\" \/>\n\t<meta property=\"og:image:width\" content=\"300\" \/>\n\t<meta property=\"og:image:height\" content=\"450\" \/>\n\t<meta property=\"og:image:type\" content=\"image\/jpeg\" \/>\n<meta name=\"twitter:card\" content=\"summary_large_image\" \/>\n<meta name=\"twitter:label1\" content=\"Becs\u00fclt olvas\u00e1si id\u0151\" \/>\n\t<meta name=\"twitter:data1\" content=\"2 perc\" \/>\n<script type=\"application\/ld+json\" class=\"yoast-schema-graph\">{\"@context\":\"https:\\\/\\\/schema.org\",\"@graph\":[{\"@type\":\"WebPage\",\"@id\":\"https:\\\/\\\/prismagamers.com\\\/hu\\\/produkt\\\/frogun\\\/\",\"url\":\"https:\\\/\\\/prismagamers.com\\\/hu\\\/produkt\\\/frogun\\\/\",\"name\":\"Frogun - Prismagamers.com\",\"isPartOf\":{\"@id\":\"https:\\\/\\\/prismagamers.com\\\/hu\\\/#website\"},\"primaryImageOfPage\":{\"@id\":\"https:\\\/\\\/prismagamers.com\\\/hu\\\/produkt\\\/frogun\\\/#primaryimage\"},\"image\":{\"@id\":\"https:\\\/\\\/prismagamers.com\\\/hu\\\/produkt\\\/frogun\\\/#primaryimage\"},\"thumbnailUrl\":\"https:\\\/\\\/prismagamers.com\\\/wp-content\\\/uploads\\\/2025\\\/01\\\/Frogun1-e1738234056868.jpg\",\"datePublished\":\"2025-01-30T10:55:19+00:00\",\"dateModified\":\"2026-03-04T23:00:44+00:00\",\"description\":\"Csatlakozz Ren\u00e1t\u00e1hoz a misztikus romokon \u00e1t vezet\u0151 kalandoz\u00e1son a n\u00e9vad\u00f3 Froggunnal (FROGUN ) ! \ud83d\udc38 A Frogun egy old-school platformer a PS1\\\/N64 korszak lelk\u00e9vel, ahol a b\u00e9ka alak\u00fa markol\u00f3g\u00e9p a legjobb bar\u00e1tod! \ud83c\udf0d Glob\u00e1lis \u2699\ufe0f Steam \ud83d\udddd Digit\u00e1lis kulcs\",\"breadcrumb\":{\"@id\":\"https:\\\/\\\/prismagamers.com\\\/hu\\\/produkt\\\/frogun\\\/#breadcrumb\"},\"inLanguage\":\"hu\",\"potentialAction\":[{\"@type\":\"ReadAction\",\"target\":[\"https:\\\/\\\/prismagamers.com\\\/hu\\\/produkt\\\/frogun\\\/\"]}]},{\"@type\":\"ImageObject\",\"inLanguage\":\"hu\",\"@id\":\"https:\\\/\\\/prismagamers.com\\\/hu\\\/produkt\\\/frogun\\\/#primaryimage\",\"url\":\"https:\\\/\\\/prismagamers.com\\\/wp-content\\\/uploads\\\/2025\\\/01\\\/Frogun1-e1738234056868.jpg\",\"contentUrl\":\"https:\\\/\\\/prismagamers.com\\\/wp-content\\\/uploads\\\/2025\\\/01\\\/Frogun1-e1738234056868.jpg\",\"width\":300,\"height\":450,\"caption\":\"Frogun bor\u00edt\u00f3\"},{\"@type\":\"BreadcrumbList\",\"@id\":\"https:\\\/\\\/prismagamers.com\\\/hu\\\/produkt\\\/frogun\\\/#breadcrumb\",\"itemListElement\":[{\"@type\":\"ListItem\",\"position\":1,\"name\":\"Strona g\u0142\u00f3wna\",\"item\":\"https:\\\/\\\/prismagamers.com\\\/hu\\\/prismagamers\\\/\"},{\"@type\":\"ListItem\",\"position\":2,\"name\":\"Shop\",\"item\":\"https:\\\/\\\/prismagamers.com\\\/hu\\\/shop\\\/\"},{\"@type\":\"ListItem\",\"position\":3,\"name\":\"Frogun\"}]},{\"@type\":\"WebSite\",\"@id\":\"https:\\\/\\\/prismagamers.com\\\/hu\\\/#website\",\"url\":\"https:\\\/\\\/prismagamers.com\\\/hu\\\/\",\"name\":\"Prismagamers\",\"description\":\"Sklep z grami PC I Sklep klucze Steam\",\"publisher\":{\"@id\":\"https:\\\/\\\/prismagamers.com\\\/hu\\\/#organization\"},\"potentialAction\":[{\"@type\":\"SearchAction\",\"target\":{\"@type\":\"EntryPoint\",\"urlTemplate\":\"https:\\\/\\\/prismagamers.com\\\/hu\\\/?s={search_term_string}\"},\"query-input\":{\"@type\":\"PropertyValueSpecification\",\"valueRequired\":true,\"valueName\":\"search_term_string\"}}],\"inLanguage\":\"hu\"},{\"@type\":\"Organization\",\"@id\":\"https:\\\/\\\/prismagamers.com\\\/hu\\\/#organization\",\"name\":\"Prismagamers\",\"url\":\"https:\\\/\\\/prismagamers.com\\\/hu\\\/\",\"logo\":{\"@type\":\"ImageObject\",\"inLanguage\":\"hu\",\"@id\":\"https:\\\/\\\/prismagamers.com\\\/hu\\\/#\\\/schema\\\/logo\\\/image\\\/\",\"url\":\"https:\\\/\\\/prismagamers.com\\\/wp-content\\\/uploads\\\/2022\\\/04\\\/cropped-logo-Prismagamers-01-scaled-1.jpg\",\"contentUrl\":\"https:\\\/\\\/prismagamers.com\\\/wp-content\\\/uploads\\\/2022\\\/04\\\/cropped-logo-Prismagamers-01-scaled-1.jpg\",\"width\":512,\"height\":512,\"caption\":\"Prismagamers\"},\"image\":{\"@id\":\"https:\\\/\\\/prismagamers.com\\\/hu\\\/#\\\/schema\\\/logo\\\/image\\\/\"},\"sameAs\":[\"https:\\\/\\\/www.facebook.com\\\/prismagamers\",\"https:\\\/\\\/www.instagram.com\\\/prismagamers_grycyfrowe\\\/\"],\"description\":\"Prismagamers.com to dynamiczny sklep z grami cyfrowymi, stworzony z my\u015bl\u0105 o entuzjastach gier wideo. Nasza strona oferuje szerok\u0105 gam\u0119 gier komputerowych, w tym najnowsze tytu\u0142y, dobrze znane klasyki oraz gry stworzone przez niezale\u017cne studia Ca\u0142y czas d\u0105\u017cymy do rozszerzenia naszej oferty. Do\u0142\u0105cz do nas i sta\u0144 si\u0119 cz\u0119\u015bci\u0105 naszej rosn\u0105cej spo\u0142eczno\u015bci graczy!\",\"email\":\"shop@prismagamers.com\",\"telephone\":\"48795541705\",\"legalName\":\"East Caravan Maksym \u017bukow\",\"foundingDate\":\"2012-05-10\",\"vatID\":\"PL8943038612\",\"taxID\":\"PL8943038612\",\"numberOfEmployees\":{\"@type\":\"QuantitativeValue\",\"minValue\":\"11\",\"maxValue\":\"50\"}}]}<\/script>\n<!-- \/ Yoast SEO Premium plugin. -->","yoast_head_json":{"title":"Frogun - Prismagamers.com","description":"Csatlakozz Ren\u00e1t\u00e1hoz a misztikus romokon \u00e1t vezet\u0151 kalandoz\u00e1son a n\u00e9vad\u00f3 Froggunnal (FROGUN ) ! \ud83d\udc38 A Frogun egy old-school platformer a PS1\/N64 korszak lelk\u00e9vel, ahol a b\u00e9ka alak\u00fa markol\u00f3g\u00e9p a legjobb bar\u00e1tod! \ud83c\udf0d Glob\u00e1lis \u2699\ufe0f Steam \ud83d\udddd Digit\u00e1lis kulcs","robots":{"index":"index","follow":"follow","max-snippet":"max-snippet:-1","max-image-preview":"max-image-preview:large","max-video-preview":"max-video-preview:-1"},"canonical":"https:\/\/prismagamers.com\/hu\/produkt\/frogun\/","og_locale":"hu_HU","og_type":"article","og_title":"Frogun","og_description":"Csatlakozz Ren\u00e1t\u00e1hoz a misztikus romokon \u00e1t vezet\u0151 kalandoz\u00e1son a n\u00e9vad\u00f3 Froggunnal (FROGUN ) ! \ud83d\udc38 A Frogun egy old-school platformer a PS1\/N64 korszak lelk\u00e9vel, ahol a b\u00e9ka alak\u00fa markol\u00f3g\u00e9p a legjobb bar\u00e1tod! \ud83c\udf0d Glob\u00e1lis \u2699\ufe0f Steam \ud83d\udddd Digit\u00e1lis kulcs","og_url":"https:\/\/prismagamers.com\/hu\/produkt\/frogun\/","og_site_name":"Prismagamers.com","article_publisher":"https:\/\/www.facebook.com\/prismagamers","article_modified_time":"2026-03-04T23:00:44+00:00","og_image":[{"width":300,"height":450,"url":"https:\/\/prismagamers.com\/wp-content\/uploads\/2025\/01\/Frogun1-e1738234056868.jpg","type":"image\/jpeg"}],"twitter_card":"summary_large_image","twitter_misc":{"Becs\u00fclt olvas\u00e1si id\u0151":"2 perc"},"schema":{"@context":"https:\/\/schema.org","@graph":[{"@type":"WebPage","@id":"https:\/\/prismagamers.com\/hu\/produkt\/frogun\/","url":"https:\/\/prismagamers.com\/hu\/produkt\/frogun\/","name":"Frogun - Prismagamers.com","isPartOf":{"@id":"https:\/\/prismagamers.com\/hu\/#website"},"primaryImageOfPage":{"@id":"https:\/\/prismagamers.com\/hu\/produkt\/frogun\/#primaryimage"},"image":{"@id":"https:\/\/prismagamers.com\/hu\/produkt\/frogun\/#primaryimage"},"thumbnailUrl":"https:\/\/prismagamers.com\/wp-content\/uploads\/2025\/01\/Frogun1-e1738234056868.jpg","datePublished":"2025-01-30T10:55:19+00:00","dateModified":"2026-03-04T23:00:44+00:00","description":"Csatlakozz Ren\u00e1t\u00e1hoz a misztikus romokon \u00e1t vezet\u0151 kalandoz\u00e1son a n\u00e9vad\u00f3 Froggunnal (FROGUN ) ! \ud83d\udc38 A Frogun egy old-school platformer a PS1\/N64 korszak lelk\u00e9vel, ahol a b\u00e9ka alak\u00fa markol\u00f3g\u00e9p a legjobb bar\u00e1tod! \ud83c\udf0d Glob\u00e1lis \u2699\ufe0f Steam \ud83d\udddd Digit\u00e1lis kulcs","breadcrumb":{"@id":"https:\/\/prismagamers.com\/hu\/produkt\/frogun\/#breadcrumb"},"inLanguage":"hu","potentialAction":[{"@type":"ReadAction","target":["https:\/\/prismagamers.com\/hu\/produkt\/frogun\/"]}]},{"@type":"ImageObject","inLanguage":"hu","@id":"https:\/\/prismagamers.com\/hu\/produkt\/frogun\/#primaryimage","url":"https:\/\/prismagamers.com\/wp-content\/uploads\/2025\/01\/Frogun1-e1738234056868.jpg","contentUrl":"https:\/\/prismagamers.com\/wp-content\/uploads\/2025\/01\/Frogun1-e1738234056868.jpg","width":300,"height":450,"caption":"Frogun bor\u00edt\u00f3"},{"@type":"BreadcrumbList","@id":"https:\/\/prismagamers.com\/hu\/produkt\/frogun\/#breadcrumb","itemListElement":[{"@type":"ListItem","position":1,"name":"Strona g\u0142\u00f3wna","item":"https:\/\/prismagamers.com\/hu\/prismagamers\/"},{"@type":"ListItem","position":2,"name":"Shop","item":"https:\/\/prismagamers.com\/hu\/shop\/"},{"@type":"ListItem","position":3,"name":"Frogun"}]},{"@type":"WebSite","@id":"https:\/\/prismagamers.com\/hu\/#website","url":"https:\/\/prismagamers.com\/hu\/","name":"Prismagamers","description":"Sklep z grami PC I Sklep klucze Steam","publisher":{"@id":"https:\/\/prismagamers.com\/hu\/#organization"},"potentialAction":[{"@type":"SearchAction","target":{"@type":"EntryPoint","urlTemplate":"https:\/\/prismagamers.com\/hu\/?s={search_term_string}"},"query-input":{"@type":"PropertyValueSpecification","valueRequired":true,"valueName":"search_term_string"}}],"inLanguage":"hu"},{"@type":"Organization","@id":"https:\/\/prismagamers.com\/hu\/#organization","name":"Prismagamers","url":"https:\/\/prismagamers.com\/hu\/","logo":{"@type":"ImageObject","inLanguage":"hu","@id":"https:\/\/prismagamers.com\/hu\/#\/schema\/logo\/image\/","url":"https:\/\/prismagamers.com\/wp-content\/uploads\/2022\/04\/cropped-logo-Prismagamers-01-scaled-1.jpg","contentUrl":"https:\/\/prismagamers.com\/wp-content\/uploads\/2022\/04\/cropped-logo-Prismagamers-01-scaled-1.jpg","width":512,"height":512,"caption":"Prismagamers"},"image":{"@id":"https:\/\/prismagamers.com\/hu\/#\/schema\/logo\/image\/"},"sameAs":["https:\/\/www.facebook.com\/prismagamers","https:\/\/www.instagram.com\/prismagamers_grycyfrowe\/"],"description":"Prismagamers.com to dynamiczny sklep z grami cyfrowymi, stworzony z my\u015bl\u0105 o entuzjastach gier wideo. Nasza strona oferuje szerok\u0105 gam\u0119 gier komputerowych, w tym najnowsze tytu\u0142y, dobrze znane klasyki oraz gry stworzone przez niezale\u017cne studia Ca\u0142y czas d\u0105\u017cymy do rozszerzenia naszej oferty. Do\u0142\u0105cz do nas i sta\u0144 si\u0119 cz\u0119\u015bci\u0105 naszej rosn\u0105cej spo\u0142eczno\u015bci graczy!","email":"shop@prismagamers.com","telephone":"48795541705","legalName":"East Caravan Maksym \u017bukow","foundingDate":"2012-05-10","vatID":"PL8943038612","taxID":"PL8943038612","numberOfEmployees":{"@type":"QuantitativeValue","minValue":"11","maxValue":"50"}}]}},"_links":{"self":[{"href":"https:\/\/prismagamers.com\/hu\/wp-json\/wp\/v2\/product\/35415","targetHints":{"allow":["GET"]}}],"collection":[{"href":"https:\/\/prismagamers.com\/hu\/wp-json\/wp\/v2\/product"}],"about":[{"href":"https:\/\/prismagamers.com\/hu\/wp-json\/wp\/v2\/types\/product"}],"wp:featuredmedia":[{"embeddable":true,"href":"https:\/\/prismagamers.com\/hu\/wp-json\/wp\/v2\/media\/33770"}],"wp:attachment":[{"href":"https:\/\/prismagamers.com\/hu\/wp-json\/wp\/v2\/media?parent=35415"}],"wp:term":[{"taxonomy":"product_brand","embeddable":true,"href":"https:\/\/prismagamers.com\/hu\/wp-json\/wp\/v2\/product_brand?post=35415"},{"taxonomy":"product_cat","embeddable":true,"href":"https:\/\/prismagamers.com\/hu\/wp-json\/wp\/v2\/product_cat?post=35415"},{"taxonomy":"product_tag","embeddable":true,"href":"https:\/\/prismagamers.com\/hu\/wp-json\/wp\/v2\/product_tag?post=35415"}],"curies":[{"name":"wp","href":"https:\/\/api.w.org\/{rel}","templated":true}]}}