{"id":35437,"date":"2025-01-01T16:54:57","date_gmt":"2025-01-01T15:54:57","guid":{"rendered":"https:\/\/prismagamers.com\/produkt\/esports-life-tycoon\/"},"modified":"2025-01-01T16:54:57","modified_gmt":"2025-01-01T15:54:57","slug":"esports-life-tycoon","status":"publish","type":"product","link":"https:\/\/prismagamers.com\/hu\/produkt\/esports-life-tycoon\/","title":{"rendered":"Esports Life Tycoon"},"content":{"rendered":"<div class=\"flex max-w-full flex-col flex-grow\">\n<div class=\"min-h-8 text-message flex w-full flex-col items-end gap-2 whitespace-normal break-words text-start [.text-message+&amp;]:mt-5\" dir=\"auto\" data-message-author-role=\"assistant\" data-message-id=\"b0c4c088-20f0-419f-8158-9834ce771976\" data-message-model-slug=\"gpt-4o\">\n<div class=\"flex w-full flex-col gap-1 empty:hidden first:pt-[3px]\">\n<div class=\"markdown prose w-full break-words dark:prose-invert light\">\n<p>&nbsp;<\/p>\n<p><img decoding=\"async\" class=\"bb_img\" src=\"https:\/\/shared.fastly.steamstatic.com\/store_item_assets\/steam\/apps\/897410\/extras\/gif-steam-description.gif?t=1729510719\"><\/p>\n<p><strong>K\u00c9SZ\u00cdTSD EL ESPORT<\/strong> CSAPATODAT<br \/>\n\u00c9ld meg minden esport menedzser \u00e1lm\u00e1t azzal, hogy a semmib\u0151l hozod l\u00e9tre saj\u00e1t csapatodat! Szem\u00e9lyre szabhatsz minden r\u00e9szletet: a csapat embl\u00e9m\u00e1it\u00f3l \u00e9s felszerel\u00e9s\u00e9t\u0151l kezdve az egyedi j\u00e1t\u00e9kos avatarokig. \u00c1ll\u00edtsd \u00f6ssze \u00e1lomcsapatodat, \u00e9s vezesd a bajnoks\u00e1g cs\u00facs\u00e1ra!  <\/p>\n<p><strong>Szt\u00e1rvad\u00e1szat<\/strong><br \/>\nA nagy csapatoknak nagy tehets\u00e9gre van sz\u00fcks\u00e9g\u00fck. Cs\u00e1b\u00edts \u00edg\u00e9retes j\u00e1t\u00e9kosokat a csapatodba, \u00e9s gy\u0151zd meg a legnagyobb szt\u00e1rokat, hogy csatlakozzanak a csapatodhoz. Nem f\u00e9lsz a neh\u00e9z d\u00f6nt\u00e9sekt\u0151l? Ha valaki nem felel meg az elv\u00e1r\u00e1soknak, tal\u00e1n itt az ideje, hogy &#8222;b\u00facs\u00fat&#8221; mondj neki. A cs\u00facsra vezet\u0151 \u00fat b\u00e1tors\u00e1got \u00e9s elsz\u00e1nts\u00e1got ig\u00e9nyel.    <\/p>\n<p><strong>K\u00c9PZ\u00c9S, MOTIV\u00c1L\u00c1S, GONDOZ\u00c1S<\/strong><br \/>\nA szuperszt\u00e1roknak szil\u00e1rd alapokra van sz\u00fcks\u00e9g\u00fck. Fejleszd a j\u00e1t\u00e9kosok k\u00e9pess\u00e9geit, \u00e9p\u00edts er\u0151s csapatkapcsolatokat \u00e9s elemezd az ellenfelek strat\u00e9gi\u00e1it. Kezeld az eg\u00e9szs\u00e9g\u00fcket \u00e9s a mor\u00e1ljukat, mert a csapat sikere az egy\u00fcttm\u0171k\u00f6d\u00e9sen \u00e9s a megfelel\u0151 t\u00e1pl\u00e1lkoz\u00e1son m\u00falik. Hozz l\u00e9tre egy olyan csapatot, amely egy szervezetk\u00e9nt j\u00e1tszik!   <\/p>\n<p><strong>A NULL\u00c1T\u00d3L A MILLI\u00d3IG<\/strong><br \/>\nMinden gy\u0151zelem \u00faj lehet\u0151s\u00e9gek kapuj\u00e1t nyitja meg! Vonzz szponzorokat, n\u00f6veld a szurkol\u00f3i b\u00e1zisodat, \u00e9s l\u00e9pj feljebb a lig\u00e1ban. Fektessen be csapata fejl\u0151d\u00e9s\u00e9be edz\u0151k, pszichol\u00f3gusok vagy marketingszakemberek alkalmaz\u00e1s\u00e1val. \u00c9p\u00edtsd fel egy legenda m\u00e9ret\u0171 esport birodalmat!   <\/p>\n<p><strong>RIVALIZ\u00c1CI\u00d3 \u00c9S Legy\u00e9l bajnok<\/strong><br \/>\nTeszteld menedzsment k\u00e9pess\u00e9geidet a profi csapatokkal val\u00f3 versenyz\u00e9ssel. Nyomon k\u00f6vetheted a j\u00e1t\u00e9kosok teljes\u00edtm\u00e9ny\u00e9t, vagy akt\u00edvan vezetheted csapatodat a szimul\u00e1lt m\u00e9rk\u0151z\u00e9sek sor\u00e1n. A v\u00e9gs\u0151 dics\u0151s\u00e9g v\u00e1r r\u00e1d &#8211; k\u00e9szen \u00e1llsz arra, hogy be\u00edrd a neved az esport t\u00f6rt\u00e9net\u00e9be?  <\/p>\n<p>Legy\u00e9l legenda az esport vil\u00e1g\u00e1ban, \u00e9s mutasd meg, hogy a csapatod fel\u00fclm\u00falhatatlan!<\/p>\n<\/div>\n<\/div>\n<\/div>\n<\/div>\n","protected":false},"excerpt":{"rendered":"<div class=\"flex max-w-full flex-col flex-grow\">\n<div class=\"min-h-8 text-message flex w-full flex-col items-end gap-2 whitespace-normal break-words text-start [.text-message+&amp;]:mt-5\" dir=\"auto\" data-message-author-role=\"assistant\" data-message-id=\"1229202a-d5dd-4ddb-9f62-4938594d6208\" data-message-model-slug=\"gpt-4o\">\n<div class=\"flex w-full flex-col gap-1 empty:hidden first:pt-[3px]\">\n<div class=\"markdown prose w-full break-words dark:prose-invert light\">\n<p><strong>Menedzseld az esport csapatodat, fejleszd a j\u00e1t\u00e9kst\u00edlusodat \u00e9s gy\u0151zd le a legend\u00e1s csapatokat, hogy vil\u00e1gbajnokok legyetek!<\/strong><\/p>\n<p>Vedd \u00e1t az ir\u00e1ny\u00edt\u00e1st a saj\u00e1t csapatod felett, toborozd a legjobb j\u00e1t\u00e9kosokat, fejleszd a k\u00e9pess\u00e9geiket \u00e9s dolgozz ki olyan strat\u00e9gi\u00e1kat, amelyek a cs\u00facsra visznek. Uralkodj az esport sz\u00ednt\u00e9ren, \u00e9s \u00edrj t\u00f6rt\u00e9nelmet a glob\u00e1lis verseny vitathatatlan vezet\u0151jek\u00e9nt! <\/p>\n<p>\ud83c\udf0d Global \u2699\ufe0f Steam<br \/>\n\ud83d\udddd digit\u00e1lis kulcs<\/p>\n<\/div>\n<\/div>\n<\/div>\n<\/div>\n","protected":false},"featured_media":33500,"template":"","meta":{"_acf_changed":false,"site-sidebar-layout":"default","site-content-layout":"","ast-site-content-layout":"default","site-content-style":"default","site-sidebar-style":"default","ast-global-header-display":"","ast-banner-title-visibility":"","ast-main-header-display":"","ast-hfb-above-header-display":"","ast-hfb-below-header-display":"","ast-hfb-mobile-header-display":"","site-post-title":"","ast-breadcrumbs-content":"","ast-featured-img":"","footer-sml-layout":"","ast-disable-related-posts":"","theme-transparent-header-meta":"default","adv-header-id-meta":"","stick-header-meta":"","header-above-stick-meta":"","header-main-stick-meta":"","header-below-stick-meta":"","astra-migrate-meta-layouts":"default","ast-page-background-enabled":"default","ast-page-background-meta":{"desktop":{"background-color":"var(--ast-global-color-4)","background-image":"","background-repeat":"repeat","background-position":"center center","background-size":"auto","background-attachment":"scroll","background-type":"","background-media":"","overlay-type":"","overlay-color":"","overlay-opacity":"","overlay-gradient":""},"tablet":{"background-color":"","background-image":"","background-repeat":"repeat","background-position":"center center","background-size":"auto","background-attachment":"scroll","background-type":"","background-media":"","overlay-type":"","overlay-color":"","overlay-opacity":"","overlay-gradient":""},"mobile":{"background-color":"","background-image":"","background-repeat":"repeat","background-position":"center center","background-size":"auto","background-attachment":"scroll","background-type":"","background-media":"","overlay-type":"","overlay-color":"","overlay-opacity":"","overlay-gradient":""}},"ast-content-background-meta":{"desktop":{"background-color":"var(--ast-global-color-5)","background-image":"","background-repeat":"repeat","background-position":"center center","background-size":"auto","background-attachment":"scroll","background-type":"","background-media":"","overlay-type":"","overlay-color":"","overlay-opacity":"","overlay-gradient":""},"tablet":{"background-color":"var(--ast-global-color-5)","background-image":"","background-repeat":"repeat","background-position":"center center","background-size":"auto","background-attachment":"scroll","background-type":"","background-media":"","overlay-type":"","overlay-color":"","overlay-opacity":"","overlay-gradient":""},"mobile":{"background-color":"var(--ast-global-color-5)","background-image":"","background-repeat":"repeat","background-position":"center center","background-size":"auto","background-attachment":"scroll","background-type":"","background-media":"","overlay-type":"","overlay-color":"","overlay-opacity":"","overlay-gradient":""}}},"product_brand":[],"product_cat":[365,372,386],"product_tag":[],"class_list":{"0":"post-35437","1":"product","2":"type-product","3":"status-publish","4":"has-post-thumbnail","6":"product_cat-goz","7":"product_cat-jatekok-szimulatorok","8":"product_cat-strategiai-jatekok","9":"desktop-align-left","10":"tablet-align-left","11":"mobile-align-left","13":"first","14":"instock","15":"virtual","16":"purchasable","17":"product-type-simple"},"acf":[],"yoast_head":"<!-- This site is optimized with the Yoast SEO Premium plugin v27.4 (Yoast SEO v27.4) - https:\/\/yoast.com\/product\/yoast-seo-premium-wordpress\/ -->\n<title>Esports Life Tycoon - Prismagamers.com<\/title>\n<meta name=\"description\" content=\"Menedzseld az esport csapatodat, fejleszd a j\u00e1t\u00e9kst\u00edlusodat \u00e9s gy\u0151zd le a legend\u00e1s csapatokat, hogy vil\u00e1gbajnokok legyetek! Vedd \u00e1t az ir\u00e1ny\u00edt\u00e1st a saj\u00e1t csapatod felett, toborozd a legjobb j\u00e1t\u00e9kosokat, fejleszd a k\u00e9pess\u00e9geiket \u00e9s dolgozz ki olyan strat\u00e9gi\u00e1kat, amelyek a cs\u00facsra visznek. Uralkodj az esport sz\u00ednt\u00e9ren, \u00e9s \u00edrj t\u00f6rt\u00e9nelmet a glob\u00e1lis verseny vitathatatlan vezet\u0151jek\u00e9nt!  \ud83c\udf0d Global \u2699\ufe0f Steam \ud83d\udddd digit\u00e1lis kulcs\" \/>\n<meta name=\"robots\" content=\"index, follow, max-snippet:-1, max-image-preview:large, max-video-preview:-1\" \/>\n<link rel=\"canonical\" href=\"https:\/\/prismagamers.com\/hu\/produkt\/esports-life-tycoon\/\" \/>\n<meta property=\"og:locale\" content=\"hu_HU\" \/>\n<meta property=\"og:type\" content=\"article\" \/>\n<meta property=\"og:title\" content=\"Esports Life Tycoon\" \/>\n<meta property=\"og:description\" content=\"Menedzseld az esport csapatodat, fejleszd a j\u00e1t\u00e9kst\u00edlusodat \u00e9s gy\u0151zd le a legend\u00e1s csapatokat, hogy vil\u00e1gbajnokok legyetek! Vedd \u00e1t az ir\u00e1ny\u00edt\u00e1st a saj\u00e1t csapatod felett, toborozd a legjobb j\u00e1t\u00e9kosokat, fejleszd a k\u00e9pess\u00e9geiket \u00e9s dolgozz ki olyan strat\u00e9gi\u00e1kat, amelyek a cs\u00facsra visznek. Uralkodj az esport sz\u00ednt\u00e9ren, \u00e9s \u00edrj t\u00f6rt\u00e9nelmet a glob\u00e1lis verseny vitathatatlan vezet\u0151jek\u00e9nt!  \ud83c\udf0d Global \u2699\ufe0f Steam \ud83d\udddd digit\u00e1lis kulcs\" \/>\n<meta property=\"og:url\" content=\"https:\/\/prismagamers.com\/hu\/produkt\/esports-life-tycoon\/\" \/>\n<meta property=\"og:site_name\" content=\"Prismagamers.com\" \/>\n<meta property=\"article:publisher\" content=\"https:\/\/www.facebook.com\/prismagamers\" \/>\n<meta property=\"og:image\" content=\"https:\/\/prismagamers.com\/wp-content\/uploads\/2025\/01\/Esports-Life-Tycoon1-e1735746637308.jpeg\" \/>\n\t<meta property=\"og:image:width\" content=\"300\" \/>\n\t<meta property=\"og:image:height\" content=\"450\" \/>\n\t<meta property=\"og:image:type\" content=\"image\/jpeg\" \/>\n<meta name=\"twitter:card\" content=\"summary_large_image\" \/>\n<meta name=\"twitter:label1\" content=\"Becs\u00fclt olvas\u00e1si id\u0151\" \/>\n\t<meta name=\"twitter:data1\" content=\"2 perc\" \/>\n<script type=\"application\/ld+json\" class=\"yoast-schema-graph\">{\"@context\":\"https:\\\/\\\/schema.org\",\"@graph\":[{\"@type\":\"WebPage\",\"@id\":\"https:\\\/\\\/prismagamers.com\\\/hu\\\/produkt\\\/esports-life-tycoon\\\/\",\"url\":\"https:\\\/\\\/prismagamers.com\\\/hu\\\/produkt\\\/esports-life-tycoon\\\/\",\"name\":\"Esports Life Tycoon - Prismagamers.com\",\"isPartOf\":{\"@id\":\"https:\\\/\\\/prismagamers.com\\\/hu\\\/#website\"},\"primaryImageOfPage\":{\"@id\":\"https:\\\/\\\/prismagamers.com\\\/hu\\\/produkt\\\/esports-life-tycoon\\\/#primaryimage\"},\"image\":{\"@id\":\"https:\\\/\\\/prismagamers.com\\\/hu\\\/produkt\\\/esports-life-tycoon\\\/#primaryimage\"},\"thumbnailUrl\":\"https:\\\/\\\/prismagamers.com\\\/wp-content\\\/uploads\\\/2025\\\/01\\\/Esports-Life-Tycoon1-e1735746637308.jpeg\",\"datePublished\":\"2025-01-01T15:54:57+00:00\",\"description\":\"Menedzseld az esport csapatodat, fejleszd a j\u00e1t\u00e9kst\u00edlusodat \u00e9s gy\u0151zd le a legend\u00e1s csapatokat, hogy vil\u00e1gbajnokok legyetek! Vedd \u00e1t az ir\u00e1ny\u00edt\u00e1st a saj\u00e1t csapatod felett, toborozd a legjobb j\u00e1t\u00e9kosokat, fejleszd a k\u00e9pess\u00e9geiket \u00e9s dolgozz ki olyan strat\u00e9gi\u00e1kat, amelyek a cs\u00facsra visznek. Uralkodj az esport sz\u00ednt\u00e9ren, \u00e9s \u00edrj t\u00f6rt\u00e9nelmet a glob\u00e1lis verseny vitathatatlan vezet\u0151jek\u00e9nt! \ud83c\udf0d Global \u2699\ufe0f Steam \ud83d\udddd digit\u00e1lis kulcs\",\"breadcrumb\":{\"@id\":\"https:\\\/\\\/prismagamers.com\\\/hu\\\/produkt\\\/esports-life-tycoon\\\/#breadcrumb\"},\"inLanguage\":\"hu\",\"potentialAction\":[{\"@type\":\"ReadAction\",\"target\":[\"https:\\\/\\\/prismagamers.com\\\/hu\\\/produkt\\\/esports-life-tycoon\\\/\"]}]},{\"@type\":\"ImageObject\",\"inLanguage\":\"hu\",\"@id\":\"https:\\\/\\\/prismagamers.com\\\/hu\\\/produkt\\\/esports-life-tycoon\\\/#primaryimage\",\"url\":\"https:\\\/\\\/prismagamers.com\\\/wp-content\\\/uploads\\\/2025\\\/01\\\/Esports-Life-Tycoon1-e1735746637308.jpeg\",\"contentUrl\":\"https:\\\/\\\/prismagamers.com\\\/wp-content\\\/uploads\\\/2025\\\/01\\\/Esports-Life-Tycoon1-e1735746637308.jpeg\",\"width\":300,\"height\":450},{\"@type\":\"BreadcrumbList\",\"@id\":\"https:\\\/\\\/prismagamers.com\\\/hu\\\/produkt\\\/esports-life-tycoon\\\/#breadcrumb\",\"itemListElement\":[{\"@type\":\"ListItem\",\"position\":1,\"name\":\"Strona g\u0142\u00f3wna\",\"item\":\"https:\\\/\\\/prismagamers.com\\\/hu\\\/prismagamers\\\/\"},{\"@type\":\"ListItem\",\"position\":2,\"name\":\"Shop\",\"item\":\"https:\\\/\\\/prismagamers.com\\\/hu\\\/shop\\\/\"},{\"@type\":\"ListItem\",\"position\":3,\"name\":\"Esports Life Tycoon\"}]},{\"@type\":\"WebSite\",\"@id\":\"https:\\\/\\\/prismagamers.com\\\/hu\\\/#website\",\"url\":\"https:\\\/\\\/prismagamers.com\\\/hu\\\/\",\"name\":\"Prismagamers\",\"description\":\"Sklep z grami PC I Sklep klucze Steam\",\"publisher\":{\"@id\":\"https:\\\/\\\/prismagamers.com\\\/hu\\\/#organization\"},\"potentialAction\":[{\"@type\":\"SearchAction\",\"target\":{\"@type\":\"EntryPoint\",\"urlTemplate\":\"https:\\\/\\\/prismagamers.com\\\/hu\\\/?s={search_term_string}\"},\"query-input\":{\"@type\":\"PropertyValueSpecification\",\"valueRequired\":true,\"valueName\":\"search_term_string\"}}],\"inLanguage\":\"hu\"},{\"@type\":\"Organization\",\"@id\":\"https:\\\/\\\/prismagamers.com\\\/hu\\\/#organization\",\"name\":\"Prismagamers\",\"url\":\"https:\\\/\\\/prismagamers.com\\\/hu\\\/\",\"logo\":{\"@type\":\"ImageObject\",\"inLanguage\":\"hu\",\"@id\":\"https:\\\/\\\/prismagamers.com\\\/hu\\\/#\\\/schema\\\/logo\\\/image\\\/\",\"url\":\"https:\\\/\\\/prismagamers.com\\\/wp-content\\\/uploads\\\/2022\\\/04\\\/cropped-logo-Prismagamers-01-scaled-1.jpg\",\"contentUrl\":\"https:\\\/\\\/prismagamers.com\\\/wp-content\\\/uploads\\\/2022\\\/04\\\/cropped-logo-Prismagamers-01-scaled-1.jpg\",\"width\":512,\"height\":512,\"caption\":\"Prismagamers\"},\"image\":{\"@id\":\"https:\\\/\\\/prismagamers.com\\\/hu\\\/#\\\/schema\\\/logo\\\/image\\\/\"},\"sameAs\":[\"https:\\\/\\\/www.facebook.com\\\/prismagamers\",\"https:\\\/\\\/www.instagram.com\\\/prismagamers_grycyfrowe\\\/\"],\"description\":\"Prismagamers.com to dynamiczny sklep z grami cyfrowymi, stworzony z my\u015bl\u0105 o entuzjastach gier wideo. Nasza strona oferuje szerok\u0105 gam\u0119 gier komputerowych, w tym najnowsze tytu\u0142y, dobrze znane klasyki oraz gry stworzone przez niezale\u017cne studia Ca\u0142y czas d\u0105\u017cymy do rozszerzenia naszej oferty. Do\u0142\u0105cz do nas i sta\u0144 si\u0119 cz\u0119\u015bci\u0105 naszej rosn\u0105cej spo\u0142eczno\u015bci graczy!\",\"email\":\"shop@prismagamers.com\",\"telephone\":\"48795541705\",\"legalName\":\"East Caravan Maksym \u017bukow\",\"foundingDate\":\"2012-05-10\",\"vatID\":\"PL8943038612\",\"taxID\":\"PL8943038612\",\"numberOfEmployees\":{\"@type\":\"QuantitativeValue\",\"minValue\":\"11\",\"maxValue\":\"50\"}}]}<\/script>\n<!-- \/ Yoast SEO Premium plugin. -->","yoast_head_json":{"title":"Esports Life Tycoon - Prismagamers.com","description":"Menedzseld az esport csapatodat, fejleszd a j\u00e1t\u00e9kst\u00edlusodat \u00e9s gy\u0151zd le a legend\u00e1s csapatokat, hogy vil\u00e1gbajnokok legyetek! Vedd \u00e1t az ir\u00e1ny\u00edt\u00e1st a saj\u00e1t csapatod felett, toborozd a legjobb j\u00e1t\u00e9kosokat, fejleszd a k\u00e9pess\u00e9geiket \u00e9s dolgozz ki olyan strat\u00e9gi\u00e1kat, amelyek a cs\u00facsra visznek. Uralkodj az esport sz\u00ednt\u00e9ren, \u00e9s \u00edrj t\u00f6rt\u00e9nelmet a glob\u00e1lis verseny vitathatatlan vezet\u0151jek\u00e9nt!  \ud83c\udf0d Global \u2699\ufe0f Steam \ud83d\udddd digit\u00e1lis kulcs","robots":{"index":"index","follow":"follow","max-snippet":"max-snippet:-1","max-image-preview":"max-image-preview:large","max-video-preview":"max-video-preview:-1"},"canonical":"https:\/\/prismagamers.com\/hu\/produkt\/esports-life-tycoon\/","og_locale":"hu_HU","og_type":"article","og_title":"Esports Life Tycoon","og_description":"Menedzseld az esport csapatodat, fejleszd a j\u00e1t\u00e9kst\u00edlusodat \u00e9s gy\u0151zd le a legend\u00e1s csapatokat, hogy vil\u00e1gbajnokok legyetek! Vedd \u00e1t az ir\u00e1ny\u00edt\u00e1st a saj\u00e1t csapatod felett, toborozd a legjobb j\u00e1t\u00e9kosokat, fejleszd a k\u00e9pess\u00e9geiket \u00e9s dolgozz ki olyan strat\u00e9gi\u00e1kat, amelyek a cs\u00facsra visznek. Uralkodj az esport sz\u00ednt\u00e9ren, \u00e9s \u00edrj t\u00f6rt\u00e9nelmet a glob\u00e1lis verseny vitathatatlan vezet\u0151jek\u00e9nt!  \ud83c\udf0d Global \u2699\ufe0f Steam \ud83d\udddd digit\u00e1lis kulcs","og_url":"https:\/\/prismagamers.com\/hu\/produkt\/esports-life-tycoon\/","og_site_name":"Prismagamers.com","article_publisher":"https:\/\/www.facebook.com\/prismagamers","og_image":[{"width":300,"height":450,"url":"https:\/\/prismagamers.com\/wp-content\/uploads\/2025\/01\/Esports-Life-Tycoon1-e1735746637308.jpeg","type":"image\/jpeg"}],"twitter_card":"summary_large_image","twitter_misc":{"Becs\u00fclt olvas\u00e1si id\u0151":"2 perc"},"schema":{"@context":"https:\/\/schema.org","@graph":[{"@type":"WebPage","@id":"https:\/\/prismagamers.com\/hu\/produkt\/esports-life-tycoon\/","url":"https:\/\/prismagamers.com\/hu\/produkt\/esports-life-tycoon\/","name":"Esports Life Tycoon - Prismagamers.com","isPartOf":{"@id":"https:\/\/prismagamers.com\/hu\/#website"},"primaryImageOfPage":{"@id":"https:\/\/prismagamers.com\/hu\/produkt\/esports-life-tycoon\/#primaryimage"},"image":{"@id":"https:\/\/prismagamers.com\/hu\/produkt\/esports-life-tycoon\/#primaryimage"},"thumbnailUrl":"https:\/\/prismagamers.com\/wp-content\/uploads\/2025\/01\/Esports-Life-Tycoon1-e1735746637308.jpeg","datePublished":"2025-01-01T15:54:57+00:00","description":"Menedzseld az esport csapatodat, fejleszd a j\u00e1t\u00e9kst\u00edlusodat \u00e9s gy\u0151zd le a legend\u00e1s csapatokat, hogy vil\u00e1gbajnokok legyetek! Vedd \u00e1t az ir\u00e1ny\u00edt\u00e1st a saj\u00e1t csapatod felett, toborozd a legjobb j\u00e1t\u00e9kosokat, fejleszd a k\u00e9pess\u00e9geiket \u00e9s dolgozz ki olyan strat\u00e9gi\u00e1kat, amelyek a cs\u00facsra visznek. Uralkodj az esport sz\u00ednt\u00e9ren, \u00e9s \u00edrj t\u00f6rt\u00e9nelmet a glob\u00e1lis verseny vitathatatlan vezet\u0151jek\u00e9nt! \ud83c\udf0d Global \u2699\ufe0f Steam \ud83d\udddd digit\u00e1lis kulcs","breadcrumb":{"@id":"https:\/\/prismagamers.com\/hu\/produkt\/esports-life-tycoon\/#breadcrumb"},"inLanguage":"hu","potentialAction":[{"@type":"ReadAction","target":["https:\/\/prismagamers.com\/hu\/produkt\/esports-life-tycoon\/"]}]},{"@type":"ImageObject","inLanguage":"hu","@id":"https:\/\/prismagamers.com\/hu\/produkt\/esports-life-tycoon\/#primaryimage","url":"https:\/\/prismagamers.com\/wp-content\/uploads\/2025\/01\/Esports-Life-Tycoon1-e1735746637308.jpeg","contentUrl":"https:\/\/prismagamers.com\/wp-content\/uploads\/2025\/01\/Esports-Life-Tycoon1-e1735746637308.jpeg","width":300,"height":450},{"@type":"BreadcrumbList","@id":"https:\/\/prismagamers.com\/hu\/produkt\/esports-life-tycoon\/#breadcrumb","itemListElement":[{"@type":"ListItem","position":1,"name":"Strona g\u0142\u00f3wna","item":"https:\/\/prismagamers.com\/hu\/prismagamers\/"},{"@type":"ListItem","position":2,"name":"Shop","item":"https:\/\/prismagamers.com\/hu\/shop\/"},{"@type":"ListItem","position":3,"name":"Esports Life Tycoon"}]},{"@type":"WebSite","@id":"https:\/\/prismagamers.com\/hu\/#website","url":"https:\/\/prismagamers.com\/hu\/","name":"Prismagamers","description":"Sklep z grami PC I Sklep klucze Steam","publisher":{"@id":"https:\/\/prismagamers.com\/hu\/#organization"},"potentialAction":[{"@type":"SearchAction","target":{"@type":"EntryPoint","urlTemplate":"https:\/\/prismagamers.com\/hu\/?s={search_term_string}"},"query-input":{"@type":"PropertyValueSpecification","valueRequired":true,"valueName":"search_term_string"}}],"inLanguage":"hu"},{"@type":"Organization","@id":"https:\/\/prismagamers.com\/hu\/#organization","name":"Prismagamers","url":"https:\/\/prismagamers.com\/hu\/","logo":{"@type":"ImageObject","inLanguage":"hu","@id":"https:\/\/prismagamers.com\/hu\/#\/schema\/logo\/image\/","url":"https:\/\/prismagamers.com\/wp-content\/uploads\/2022\/04\/cropped-logo-Prismagamers-01-scaled-1.jpg","contentUrl":"https:\/\/prismagamers.com\/wp-content\/uploads\/2022\/04\/cropped-logo-Prismagamers-01-scaled-1.jpg","width":512,"height":512,"caption":"Prismagamers"},"image":{"@id":"https:\/\/prismagamers.com\/hu\/#\/schema\/logo\/image\/"},"sameAs":["https:\/\/www.facebook.com\/prismagamers","https:\/\/www.instagram.com\/prismagamers_grycyfrowe\/"],"description":"Prismagamers.com to dynamiczny sklep z grami cyfrowymi, stworzony z my\u015bl\u0105 o entuzjastach gier wideo. Nasza strona oferuje szerok\u0105 gam\u0119 gier komputerowych, w tym najnowsze tytu\u0142y, dobrze znane klasyki oraz gry stworzone przez niezale\u017cne studia Ca\u0142y czas d\u0105\u017cymy do rozszerzenia naszej oferty. Do\u0142\u0105cz do nas i sta\u0144 si\u0119 cz\u0119\u015bci\u0105 naszej rosn\u0105cej spo\u0142eczno\u015bci graczy!","email":"shop@prismagamers.com","telephone":"48795541705","legalName":"East Caravan Maksym \u017bukow","foundingDate":"2012-05-10","vatID":"PL8943038612","taxID":"PL8943038612","numberOfEmployees":{"@type":"QuantitativeValue","minValue":"11","maxValue":"50"}}]}},"_links":{"self":[{"href":"https:\/\/prismagamers.com\/hu\/wp-json\/wp\/v2\/product\/35437","targetHints":{"allow":["GET"]}}],"collection":[{"href":"https:\/\/prismagamers.com\/hu\/wp-json\/wp\/v2\/product"}],"about":[{"href":"https:\/\/prismagamers.com\/hu\/wp-json\/wp\/v2\/types\/product"}],"wp:featuredmedia":[{"embeddable":true,"href":"https:\/\/prismagamers.com\/hu\/wp-json\/wp\/v2\/media\/33500"}],"wp:attachment":[{"href":"https:\/\/prismagamers.com\/hu\/wp-json\/wp\/v2\/media?parent=35437"}],"wp:term":[{"taxonomy":"product_brand","embeddable":true,"href":"https:\/\/prismagamers.com\/hu\/wp-json\/wp\/v2\/product_brand?post=35437"},{"taxonomy":"product_cat","embeddable":true,"href":"https:\/\/prismagamers.com\/hu\/wp-json\/wp\/v2\/product_cat?post=35437"},{"taxonomy":"product_tag","embeddable":true,"href":"https:\/\/prismagamers.com\/hu\/wp-json\/wp\/v2\/product_tag?post=35437"}],"curies":[{"name":"wp","href":"https:\/\/api.w.org\/{rel}","templated":true}]}}