{"id":35438,"date":"2025-01-01T17:03:07","date_gmt":"2025-01-01T16:03:07","guid":{"rendered":"https:\/\/prismagamers.com\/produkt\/kotelessegtudo-kecske\/"},"modified":"2025-01-01T17:03:07","modified_gmt":"2025-01-01T16:03:07","slug":"kotelessegtudo-kecske","status":"publish","type":"product","link":"https:\/\/prismagamers.com\/hu\/produkt\/kotelessegtudo-kecske\/","title":{"rendered":"K\u00f6teless\u00e9gtud\u00f3 kecske"},"content":{"rendered":"<p><strong>A Goat of Duty<\/strong> egy fergeteges multiplayer FPS, amelyben egy felfegyverzett kecske szerep\u00e9be b\u00fajva harcolsz m\u00e1s intelligens kecsk\u00e9kkel egy nukle\u00e1ris apokalipszis ut\u00e1n. Ebben az alternat\u00edv val\u00f3s\u00e1gban a kecsk\u00e9k v\u00e1ltak a leger\u0151sebb harcosokk\u00e1, akik k\u00e9szen \u00e1llnak a hal\u00e1lig tart\u00f3 k\u00fczdelemre. A j\u00e1t\u00e9k vill\u00e1mgyors \u00f6sszecsap\u00e1sokat, dinamikus j\u00e1t\u00e9kmenetet \u00e9s rengeteg humort k\u00edn\u00e1l.  <img decoding=\"async\" class=\"bb_img\" src=\"https:\/\/shared.fastly.steamstatic.com\/store_item_assets\/steam\/apps\/555000\/extras\/cabra-comeletras-pl.gif?t=1654793603\"><\/p>\n<p><strong>A j\u00e1t\u00e9k jellemz\u0151i:<\/strong><\/p>\n<ul>\n<li><strong>Frenetikus akci\u00f3<\/strong> &#8211; versenyezz csapatban vagy egy az egy ellen, dinamikus csat\u00e1kban 2-10 j\u00e1t\u00e9kos k\u00f6z\u00f6tt.<\/li>\n<li><strong>R\u00e9gi v\u00e1g\u00e1s\u00fa FPS<\/strong> &#8211; egyszer\u0171s\u00e9g a jav\u00e1b\u00f3l, ahol csak a k\u00e9z\u00fcgyess\u00e9ged \u00e9s az \u00fcgyess\u00e9ged sz\u00e1m\u00edt.<\/li>\n<li><strong>Egy nagy adag humor<\/strong> &#8211; furcsa b\u0151r\u00f6k, kecsket\u00e1ncok \u00e9s huncut cselsz\u00f6v\u00e9sek az ellens\u00e9g kiiktat\u00e1sa ut\u00e1n.<\/li>\n<li><strong>K\u00fcl\u00f6nb\u00f6z\u0151 j\u00e1t\u00e9km\u00f3dok<\/strong> &#8211; v\u00e1laszthatsz a klasszikus deathmatch, a flock wars vagy a frenetikus Fus Ro Arena k\u00f6z\u00f6tt.<\/li>\n<li><strong>V\u00e1ltozatos t\u00e9rk\u00e9pek<\/strong> &#8211; harcolj a j\u00f6v\u0151 farmj\u00e1n, az \u0171rben, a sivatagban, egy k\u00fatban vagy egy \u0171r\u00e1llom\u00e1son, ahol b\u00e1rmi lehets\u00e9ges.<\/li>\n<\/ul>\n<p><strong>A Goat of Duty<\/strong> egy vill\u00e1mgyors, \u0151r\u00fclt l\u00f6v\u00f6ld\u00f6z\u0151s j\u00e1t\u00e9k, ahol egy felfegyverzett kecske vagy, \u00e9s nincsenek g\u00e1tl\u00e1said!<\/p>\n","protected":false},"excerpt":{"rendered":"<p>A &#8222;Goat of Duty&#8221;, egy t\u00f6bbj\u00e1t\u00e9kos dinamikus FPS l\u00f6v\u00f6ld\u00f6z\u0151s j\u00e1t\u00e9kban felfegyverzett kecsk\u00e9k v\u00edvnak \u00e1d\u00e1z p\u00e1rbajokat. A kecsk\u00e9k korb\u00e1csol\u00e1sa, trollkod\u00e1sa \u00e9s sz\u00e1guldoz\u00e1sa a napirend, de a gy\u0151zelemhez nagyszer\u0171 reflexekre lesz sz\u00fcks\u00e9ged! A gyors akci\u00f3, a vill\u00e1mgyors mozdulatok \u00e9s a strat\u00e9gia a kulcs ebben az \u0151r\u00fclt csat\u00e1ban, ahol minden kecske meglep\u0151 \u00e9s humoros \u00f6sszecsap\u00e1sokban k\u00fczd az els\u0151s\u00e9g\u00e9rt.  <\/p>\n<p>\ud83c\udf0d Global \u2699\ufe0f Steam<br \/>\n\ud83d\udddd digit\u00e1lis kulcs<\/p>\n","protected":false},"featured_media":33503,"template":"","meta":{"_acf_changed":false,"site-sidebar-layout":"default","site-content-layout":"","ast-site-content-layout":"default","site-content-style":"default","site-sidebar-style":"default","ast-global-header-display":"","ast-banner-title-visibility":"","ast-main-header-display":"","ast-hfb-above-header-display":"","ast-hfb-below-header-display":"","ast-hfb-mobile-header-display":"","site-post-title":"","ast-breadcrumbs-content":"","ast-featured-img":"","footer-sml-layout":"","ast-disable-related-posts":"","theme-transparent-header-meta":"default","adv-header-id-meta":"","stick-header-meta":"","header-above-stick-meta":"","header-main-stick-meta":"","header-below-stick-meta":"","astra-migrate-meta-layouts":"default","ast-page-background-enabled":"default","ast-page-background-meta":{"desktop":{"background-color":"var(--ast-global-color-4)","background-image":"","background-repeat":"repeat","background-position":"center center","background-size":"auto","background-attachment":"scroll","background-type":"","background-media":"","overlay-type":"","overlay-color":"","overlay-opacity":"","overlay-gradient":""},"tablet":{"background-color":"","background-image":"","background-repeat":"repeat","background-position":"center center","background-size":"auto","background-attachment":"scroll","background-type":"","background-media":"","overlay-type":"","overlay-color":"","overlay-opacity":"","overlay-gradient":""},"mobile":{"background-color":"","background-image":"","background-repeat":"repeat","background-position":"center center","background-size":"auto","background-attachment":"scroll","background-type":"","background-media":"","overlay-type":"","overlay-color":"","overlay-opacity":"","overlay-gradient":""}},"ast-content-background-meta":{"desktop":{"background-color":"var(--ast-global-color-5)","background-image":"","background-repeat":"repeat","background-position":"center center","background-size":"auto","background-attachment":"scroll","background-type":"","background-media":"","overlay-type":"","overlay-color":"","overlay-opacity":"","overlay-gradient":""},"tablet":{"background-color":"var(--ast-global-color-5)","background-image":"","background-repeat":"repeat","background-position":"center center","background-size":"auto","background-attachment":"scroll","background-type":"","background-media":"","overlay-type":"","overlay-color":"","overlay-opacity":"","overlay-gradient":""},"mobile":{"background-color":"var(--ast-global-color-5)","background-image":"","background-repeat":"repeat","background-position":"center center","background-size":"auto","background-attachment":"scroll","background-type":"","background-media":"","overlay-type":"","overlay-color":"","overlay-opacity":"","overlay-gradient":""}}},"product_brand":[],"product_cat":[365,396,386],"product_tag":[],"class_list":{"0":"post-35438","1":"product","2":"type-product","3":"status-publish","4":"has-post-thumbnail","6":"product_cat-goz","7":"product_cat-lovoldozos-jatekok-a-steamen","8":"product_cat-strategiai-jatekok","9":"desktop-align-left","10":"tablet-align-left","11":"mobile-align-left","13":"first","14":"instock","15":"virtual","16":"purchasable","17":"product-type-simple"},"acf":[],"yoast_head":"<!-- This site is optimized with the Yoast SEO Premium plugin v27.4 (Yoast SEO v27.4) - https:\/\/yoast.com\/product\/yoast-seo-premium-wordpress\/ -->\n<title>K\u00f6teless\u00e9gtud\u00f3 kecske - Prismagamers.com<\/title>\n<meta name=\"description\" content=\"A &quot;Goat of Duty&quot;, egy t\u00f6bbj\u00e1t\u00e9kos dinamikus FPS l\u00f6v\u00f6ld\u00f6z\u0151s j\u00e1t\u00e9kban felfegyverzett kecsk\u00e9k v\u00edvnak \u00e1d\u00e1z p\u00e1rbajokat. A kecsk\u00e9k korb\u00e1csol\u00e1sa, trollkod\u00e1sa \u00e9s sz\u00e1guldoz\u00e1sa a napirend, de a gy\u0151zelemhez nagyszer\u0171 reflexekre lesz sz\u00fcks\u00e9ged! A gyors akci\u00f3, a vill\u00e1mgyors mozdulatok \u00e9s a strat\u00e9gia a kulcs ebben az \u0151r\u00fclt csat\u00e1ban, ahol minden kecske meglep\u0151 \u00e9s humoros \u00f6sszecsap\u00e1sokban k\u00fczd az els\u0151s\u00e9g\u00e9rt.  \ud83c\udf0d Global \u2699\ufe0f Steam \ud83d\udddd digit\u00e1lis kulcs\" \/>\n<meta name=\"robots\" content=\"index, follow, max-snippet:-1, max-image-preview:large, max-video-preview:-1\" \/>\n<link rel=\"canonical\" href=\"https:\/\/prismagamers.com\/hu\/produkt\/kotelessegtudo-kecske\/\" \/>\n<meta property=\"og:locale\" content=\"hu_HU\" \/>\n<meta property=\"og:type\" content=\"article\" \/>\n<meta property=\"og:title\" content=\"K\u00f6teless\u00e9gtud\u00f3 kecske\" \/>\n<meta property=\"og:description\" content=\"A &quot;Goat of Duty&quot;, egy t\u00f6bbj\u00e1t\u00e9kos dinamikus FPS l\u00f6v\u00f6ld\u00f6z\u0151s j\u00e1t\u00e9kban felfegyverzett kecsk\u00e9k v\u00edvnak \u00e1d\u00e1z p\u00e1rbajokat. A kecsk\u00e9k korb\u00e1csol\u00e1sa, trollkod\u00e1sa \u00e9s sz\u00e1guldoz\u00e1sa a napirend, de a gy\u0151zelemhez nagyszer\u0171 reflexekre lesz sz\u00fcks\u00e9ged! A gyors akci\u00f3, a vill\u00e1mgyors mozdulatok \u00e9s a strat\u00e9gia a kulcs ebben az \u0151r\u00fclt csat\u00e1ban, ahol minden kecske meglep\u0151 \u00e9s humoros \u00f6sszecsap\u00e1sokban k\u00fczd az els\u0151s\u00e9g\u00e9rt.  \ud83c\udf0d Global \u2699\ufe0f Steam \ud83d\udddd digit\u00e1lis kulcs\" \/>\n<meta property=\"og:url\" content=\"https:\/\/prismagamers.com\/hu\/produkt\/kotelessegtudo-kecske\/\" \/>\n<meta property=\"og:site_name\" content=\"Prismagamers.com\" \/>\n<meta property=\"article:publisher\" content=\"https:\/\/www.facebook.com\/prismagamers\" \/>\n<meta property=\"og:image\" content=\"https:\/\/prismagamers.com\/wp-content\/uploads\/2025\/01\/Goat-of-Duty1-e1735747060490.jpeg\" \/>\n\t<meta property=\"og:image:width\" content=\"300\" \/>\n\t<meta property=\"og:image:height\" content=\"450\" \/>\n\t<meta property=\"og:image:type\" content=\"image\/jpeg\" \/>\n<meta name=\"twitter:card\" content=\"summary_large_image\" \/>\n<meta name=\"twitter:label1\" content=\"Becs\u00fclt olvas\u00e1si id\u0151\" \/>\n\t<meta name=\"twitter:data1\" content=\"1 perc\" \/>\n<script type=\"application\/ld+json\" class=\"yoast-schema-graph\">{\"@context\":\"https:\\\/\\\/schema.org\",\"@graph\":[{\"@type\":\"WebPage\",\"@id\":\"https:\\\/\\\/prismagamers.com\\\/hu\\\/produkt\\\/kotelessegtudo-kecske\\\/\",\"url\":\"https:\\\/\\\/prismagamers.com\\\/hu\\\/produkt\\\/kotelessegtudo-kecske\\\/\",\"name\":\"K\u00f6teless\u00e9gtud\u00f3 kecske - Prismagamers.com\",\"isPartOf\":{\"@id\":\"https:\\\/\\\/prismagamers.com\\\/hu\\\/#website\"},\"primaryImageOfPage\":{\"@id\":\"https:\\\/\\\/prismagamers.com\\\/hu\\\/produkt\\\/kotelessegtudo-kecske\\\/#primaryimage\"},\"image\":{\"@id\":\"https:\\\/\\\/prismagamers.com\\\/hu\\\/produkt\\\/kotelessegtudo-kecske\\\/#primaryimage\"},\"thumbnailUrl\":\"https:\\\/\\\/prismagamers.com\\\/wp-content\\\/uploads\\\/2025\\\/01\\\/Goat-of-Duty1-e1735747060490.jpeg\",\"datePublished\":\"2025-01-01T16:03:07+00:00\",\"description\":\"A \\\"Goat of Duty\\\", egy t\u00f6bbj\u00e1t\u00e9kos dinamikus FPS l\u00f6v\u00f6ld\u00f6z\u0151s j\u00e1t\u00e9kban felfegyverzett kecsk\u00e9k v\u00edvnak \u00e1d\u00e1z p\u00e1rbajokat. A kecsk\u00e9k korb\u00e1csol\u00e1sa, trollkod\u00e1sa \u00e9s sz\u00e1guldoz\u00e1sa a napirend, de a gy\u0151zelemhez nagyszer\u0171 reflexekre lesz sz\u00fcks\u00e9ged! A gyors akci\u00f3, a vill\u00e1mgyors mozdulatok \u00e9s a strat\u00e9gia a kulcs ebben az \u0151r\u00fclt csat\u00e1ban, ahol minden kecske meglep\u0151 \u00e9s humoros \u00f6sszecsap\u00e1sokban k\u00fczd az els\u0151s\u00e9g\u00e9rt. \ud83c\udf0d Global \u2699\ufe0f Steam \ud83d\udddd digit\u00e1lis kulcs\",\"breadcrumb\":{\"@id\":\"https:\\\/\\\/prismagamers.com\\\/hu\\\/produkt\\\/kotelessegtudo-kecske\\\/#breadcrumb\"},\"inLanguage\":\"hu\",\"potentialAction\":[{\"@type\":\"ReadAction\",\"target\":[\"https:\\\/\\\/prismagamers.com\\\/hu\\\/produkt\\\/kotelessegtudo-kecske\\\/\"]}]},{\"@type\":\"ImageObject\",\"inLanguage\":\"hu\",\"@id\":\"https:\\\/\\\/prismagamers.com\\\/hu\\\/produkt\\\/kotelessegtudo-kecske\\\/#primaryimage\",\"url\":\"https:\\\/\\\/prismagamers.com\\\/wp-content\\\/uploads\\\/2025\\\/01\\\/Goat-of-Duty1-e1735747060490.jpeg\",\"contentUrl\":\"https:\\\/\\\/prismagamers.com\\\/wp-content\\\/uploads\\\/2025\\\/01\\\/Goat-of-Duty1-e1735747060490.jpeg\",\"width\":300,\"height\":450},{\"@type\":\"BreadcrumbList\",\"@id\":\"https:\\\/\\\/prismagamers.com\\\/hu\\\/produkt\\\/kotelessegtudo-kecske\\\/#breadcrumb\",\"itemListElement\":[{\"@type\":\"ListItem\",\"position\":1,\"name\":\"Strona g\u0142\u00f3wna\",\"item\":\"https:\\\/\\\/prismagamers.com\\\/hu\\\/prismagamers\\\/\"},{\"@type\":\"ListItem\",\"position\":2,\"name\":\"Shop\",\"item\":\"https:\\\/\\\/prismagamers.com\\\/hu\\\/shop\\\/\"},{\"@type\":\"ListItem\",\"position\":3,\"name\":\"K\u00f6teless\u00e9gtud\u00f3 kecske\"}]},{\"@type\":\"WebSite\",\"@id\":\"https:\\\/\\\/prismagamers.com\\\/hu\\\/#website\",\"url\":\"https:\\\/\\\/prismagamers.com\\\/hu\\\/\",\"name\":\"Prismagamers\",\"description\":\"Sklep z grami PC I Sklep klucze Steam\",\"publisher\":{\"@id\":\"https:\\\/\\\/prismagamers.com\\\/hu\\\/#organization\"},\"potentialAction\":[{\"@type\":\"SearchAction\",\"target\":{\"@type\":\"EntryPoint\",\"urlTemplate\":\"https:\\\/\\\/prismagamers.com\\\/hu\\\/?s={search_term_string}\"},\"query-input\":{\"@type\":\"PropertyValueSpecification\",\"valueRequired\":true,\"valueName\":\"search_term_string\"}}],\"inLanguage\":\"hu\"},{\"@type\":\"Organization\",\"@id\":\"https:\\\/\\\/prismagamers.com\\\/hu\\\/#organization\",\"name\":\"Prismagamers\",\"url\":\"https:\\\/\\\/prismagamers.com\\\/hu\\\/\",\"logo\":{\"@type\":\"ImageObject\",\"inLanguage\":\"hu\",\"@id\":\"https:\\\/\\\/prismagamers.com\\\/hu\\\/#\\\/schema\\\/logo\\\/image\\\/\",\"url\":\"https:\\\/\\\/prismagamers.com\\\/wp-content\\\/uploads\\\/2022\\\/04\\\/cropped-logo-Prismagamers-01-scaled-1.jpg\",\"contentUrl\":\"https:\\\/\\\/prismagamers.com\\\/wp-content\\\/uploads\\\/2022\\\/04\\\/cropped-logo-Prismagamers-01-scaled-1.jpg\",\"width\":512,\"height\":512,\"caption\":\"Prismagamers\"},\"image\":{\"@id\":\"https:\\\/\\\/prismagamers.com\\\/hu\\\/#\\\/schema\\\/logo\\\/image\\\/\"},\"sameAs\":[\"https:\\\/\\\/www.facebook.com\\\/prismagamers\",\"https:\\\/\\\/www.instagram.com\\\/prismagamers_grycyfrowe\\\/\"],\"description\":\"Prismagamers.com to dynamiczny sklep z grami cyfrowymi, stworzony z my\u015bl\u0105 o entuzjastach gier wideo. Nasza strona oferuje szerok\u0105 gam\u0119 gier komputerowych, w tym najnowsze tytu\u0142y, dobrze znane klasyki oraz gry stworzone przez niezale\u017cne studia Ca\u0142y czas d\u0105\u017cymy do rozszerzenia naszej oferty. Do\u0142\u0105cz do nas i sta\u0144 si\u0119 cz\u0119\u015bci\u0105 naszej rosn\u0105cej spo\u0142eczno\u015bci graczy!\",\"email\":\"shop@prismagamers.com\",\"telephone\":\"48795541705\",\"legalName\":\"East Caravan Maksym \u017bukow\",\"foundingDate\":\"2012-05-10\",\"vatID\":\"PL8943038612\",\"taxID\":\"PL8943038612\",\"numberOfEmployees\":{\"@type\":\"QuantitativeValue\",\"minValue\":\"11\",\"maxValue\":\"50\"}}]}<\/script>\n<!-- \/ Yoast SEO Premium plugin. -->","yoast_head_json":{"title":"K\u00f6teless\u00e9gtud\u00f3 kecske - Prismagamers.com","description":"A \"Goat of Duty\", egy t\u00f6bbj\u00e1t\u00e9kos dinamikus FPS l\u00f6v\u00f6ld\u00f6z\u0151s j\u00e1t\u00e9kban felfegyverzett kecsk\u00e9k v\u00edvnak \u00e1d\u00e1z p\u00e1rbajokat. A kecsk\u00e9k korb\u00e1csol\u00e1sa, trollkod\u00e1sa \u00e9s sz\u00e1guldoz\u00e1sa a napirend, de a gy\u0151zelemhez nagyszer\u0171 reflexekre lesz sz\u00fcks\u00e9ged! A gyors akci\u00f3, a vill\u00e1mgyors mozdulatok \u00e9s a strat\u00e9gia a kulcs ebben az \u0151r\u00fclt csat\u00e1ban, ahol minden kecske meglep\u0151 \u00e9s humoros \u00f6sszecsap\u00e1sokban k\u00fczd az els\u0151s\u00e9g\u00e9rt.  \ud83c\udf0d Global \u2699\ufe0f Steam \ud83d\udddd digit\u00e1lis kulcs","robots":{"index":"index","follow":"follow","max-snippet":"max-snippet:-1","max-image-preview":"max-image-preview:large","max-video-preview":"max-video-preview:-1"},"canonical":"https:\/\/prismagamers.com\/hu\/produkt\/kotelessegtudo-kecske\/","og_locale":"hu_HU","og_type":"article","og_title":"K\u00f6teless\u00e9gtud\u00f3 kecske","og_description":"A \"Goat of Duty\", egy t\u00f6bbj\u00e1t\u00e9kos dinamikus FPS l\u00f6v\u00f6ld\u00f6z\u0151s j\u00e1t\u00e9kban felfegyverzett kecsk\u00e9k v\u00edvnak \u00e1d\u00e1z p\u00e1rbajokat. A kecsk\u00e9k korb\u00e1csol\u00e1sa, trollkod\u00e1sa \u00e9s sz\u00e1guldoz\u00e1sa a napirend, de a gy\u0151zelemhez nagyszer\u0171 reflexekre lesz sz\u00fcks\u00e9ged! A gyors akci\u00f3, a vill\u00e1mgyors mozdulatok \u00e9s a strat\u00e9gia a kulcs ebben az \u0151r\u00fclt csat\u00e1ban, ahol minden kecske meglep\u0151 \u00e9s humoros \u00f6sszecsap\u00e1sokban k\u00fczd az els\u0151s\u00e9g\u00e9rt.  \ud83c\udf0d Global \u2699\ufe0f Steam \ud83d\udddd digit\u00e1lis kulcs","og_url":"https:\/\/prismagamers.com\/hu\/produkt\/kotelessegtudo-kecske\/","og_site_name":"Prismagamers.com","article_publisher":"https:\/\/www.facebook.com\/prismagamers","og_image":[{"width":300,"height":450,"url":"https:\/\/prismagamers.com\/wp-content\/uploads\/2025\/01\/Goat-of-Duty1-e1735747060490.jpeg","type":"image\/jpeg"}],"twitter_card":"summary_large_image","twitter_misc":{"Becs\u00fclt olvas\u00e1si id\u0151":"1 perc"},"schema":{"@context":"https:\/\/schema.org","@graph":[{"@type":"WebPage","@id":"https:\/\/prismagamers.com\/hu\/produkt\/kotelessegtudo-kecske\/","url":"https:\/\/prismagamers.com\/hu\/produkt\/kotelessegtudo-kecske\/","name":"K\u00f6teless\u00e9gtud\u00f3 kecske - Prismagamers.com","isPartOf":{"@id":"https:\/\/prismagamers.com\/hu\/#website"},"primaryImageOfPage":{"@id":"https:\/\/prismagamers.com\/hu\/produkt\/kotelessegtudo-kecske\/#primaryimage"},"image":{"@id":"https:\/\/prismagamers.com\/hu\/produkt\/kotelessegtudo-kecske\/#primaryimage"},"thumbnailUrl":"https:\/\/prismagamers.com\/wp-content\/uploads\/2025\/01\/Goat-of-Duty1-e1735747060490.jpeg","datePublished":"2025-01-01T16:03:07+00:00","description":"A \"Goat of Duty\", egy t\u00f6bbj\u00e1t\u00e9kos dinamikus FPS l\u00f6v\u00f6ld\u00f6z\u0151s j\u00e1t\u00e9kban felfegyverzett kecsk\u00e9k v\u00edvnak \u00e1d\u00e1z p\u00e1rbajokat. A kecsk\u00e9k korb\u00e1csol\u00e1sa, trollkod\u00e1sa \u00e9s sz\u00e1guldoz\u00e1sa a napirend, de a gy\u0151zelemhez nagyszer\u0171 reflexekre lesz sz\u00fcks\u00e9ged! A gyors akci\u00f3, a vill\u00e1mgyors mozdulatok \u00e9s a strat\u00e9gia a kulcs ebben az \u0151r\u00fclt csat\u00e1ban, ahol minden kecske meglep\u0151 \u00e9s humoros \u00f6sszecsap\u00e1sokban k\u00fczd az els\u0151s\u00e9g\u00e9rt. \ud83c\udf0d Global \u2699\ufe0f Steam \ud83d\udddd digit\u00e1lis kulcs","breadcrumb":{"@id":"https:\/\/prismagamers.com\/hu\/produkt\/kotelessegtudo-kecske\/#breadcrumb"},"inLanguage":"hu","potentialAction":[{"@type":"ReadAction","target":["https:\/\/prismagamers.com\/hu\/produkt\/kotelessegtudo-kecske\/"]}]},{"@type":"ImageObject","inLanguage":"hu","@id":"https:\/\/prismagamers.com\/hu\/produkt\/kotelessegtudo-kecske\/#primaryimage","url":"https:\/\/prismagamers.com\/wp-content\/uploads\/2025\/01\/Goat-of-Duty1-e1735747060490.jpeg","contentUrl":"https:\/\/prismagamers.com\/wp-content\/uploads\/2025\/01\/Goat-of-Duty1-e1735747060490.jpeg","width":300,"height":450},{"@type":"BreadcrumbList","@id":"https:\/\/prismagamers.com\/hu\/produkt\/kotelessegtudo-kecske\/#breadcrumb","itemListElement":[{"@type":"ListItem","position":1,"name":"Strona g\u0142\u00f3wna","item":"https:\/\/prismagamers.com\/hu\/prismagamers\/"},{"@type":"ListItem","position":2,"name":"Shop","item":"https:\/\/prismagamers.com\/hu\/shop\/"},{"@type":"ListItem","position":3,"name":"K\u00f6teless\u00e9gtud\u00f3 kecske"}]},{"@type":"WebSite","@id":"https:\/\/prismagamers.com\/hu\/#website","url":"https:\/\/prismagamers.com\/hu\/","name":"Prismagamers","description":"Sklep z grami PC I Sklep klucze Steam","publisher":{"@id":"https:\/\/prismagamers.com\/hu\/#organization"},"potentialAction":[{"@type":"SearchAction","target":{"@type":"EntryPoint","urlTemplate":"https:\/\/prismagamers.com\/hu\/?s={search_term_string}"},"query-input":{"@type":"PropertyValueSpecification","valueRequired":true,"valueName":"search_term_string"}}],"inLanguage":"hu"},{"@type":"Organization","@id":"https:\/\/prismagamers.com\/hu\/#organization","name":"Prismagamers","url":"https:\/\/prismagamers.com\/hu\/","logo":{"@type":"ImageObject","inLanguage":"hu","@id":"https:\/\/prismagamers.com\/hu\/#\/schema\/logo\/image\/","url":"https:\/\/prismagamers.com\/wp-content\/uploads\/2022\/04\/cropped-logo-Prismagamers-01-scaled-1.jpg","contentUrl":"https:\/\/prismagamers.com\/wp-content\/uploads\/2022\/04\/cropped-logo-Prismagamers-01-scaled-1.jpg","width":512,"height":512,"caption":"Prismagamers"},"image":{"@id":"https:\/\/prismagamers.com\/hu\/#\/schema\/logo\/image\/"},"sameAs":["https:\/\/www.facebook.com\/prismagamers","https:\/\/www.instagram.com\/prismagamers_grycyfrowe\/"],"description":"Prismagamers.com to dynamiczny sklep z grami cyfrowymi, stworzony z my\u015bl\u0105 o entuzjastach gier wideo. Nasza strona oferuje szerok\u0105 gam\u0119 gier komputerowych, w tym najnowsze tytu\u0142y, dobrze znane klasyki oraz gry stworzone przez niezale\u017cne studia Ca\u0142y czas d\u0105\u017cymy do rozszerzenia naszej oferty. Do\u0142\u0105cz do nas i sta\u0144 si\u0119 cz\u0119\u015bci\u0105 naszej rosn\u0105cej spo\u0142eczno\u015bci graczy!","email":"shop@prismagamers.com","telephone":"48795541705","legalName":"East Caravan Maksym \u017bukow","foundingDate":"2012-05-10","vatID":"PL8943038612","taxID":"PL8943038612","numberOfEmployees":{"@type":"QuantitativeValue","minValue":"11","maxValue":"50"}}]}},"_links":{"self":[{"href":"https:\/\/prismagamers.com\/hu\/wp-json\/wp\/v2\/product\/35438","targetHints":{"allow":["GET"]}}],"collection":[{"href":"https:\/\/prismagamers.com\/hu\/wp-json\/wp\/v2\/product"}],"about":[{"href":"https:\/\/prismagamers.com\/hu\/wp-json\/wp\/v2\/types\/product"}],"wp:featuredmedia":[{"embeddable":true,"href":"https:\/\/prismagamers.com\/hu\/wp-json\/wp\/v2\/media\/33503"}],"wp:attachment":[{"href":"https:\/\/prismagamers.com\/hu\/wp-json\/wp\/v2\/media?parent=35438"}],"wp:term":[{"taxonomy":"product_brand","embeddable":true,"href":"https:\/\/prismagamers.com\/hu\/wp-json\/wp\/v2\/product_brand?post=35438"},{"taxonomy":"product_cat","embeddable":true,"href":"https:\/\/prismagamers.com\/hu\/wp-json\/wp\/v2\/product_cat?post=35438"},{"taxonomy":"product_tag","embeddable":true,"href":"https:\/\/prismagamers.com\/hu\/wp-json\/wp\/v2\/product_tag?post=35438"}],"curies":[{"name":"wp","href":"https:\/\/api.w.org\/{rel}","templated":true}]}}