{"id":35439,"date":"2025-01-01T17:10:47","date_gmt":"2025-01-01T16:10:47","guid":{"rendered":"https:\/\/prismagamers.com\/produkt\/out-of-the-box\/"},"modified":"2025-01-01T17:10:47","modified_gmt":"2025-01-01T16:10:47","slug":"out-of-the-box","status":"publish","type":"product","link":"https:\/\/prismagamers.com\/hu\/produkt\/out-of-the-box\/","title":{"rendered":"Out Of The Box"},"content":{"rendered":"<div class=\"flex max-w-full flex-col flex-grow\">\n<div class=\"min-h-8 text-message flex w-full flex-col items-end gap-2 whitespace-normal break-words text-start [.text-message+&amp;]:mt-5\" dir=\"auto\" data-message-author-role=\"assistant\" data-message-id=\"ecf30204-f271-406b-ab68-56da262c8217\" data-message-model-slug=\"gpt-4o-mini\">\n<div class=\"flex w-full flex-col gap-1 empty:hidden first:pt-[3px]\">\n<div class=\"markdown prose w-full break-words dark:prose-invert light\">\n<p>&nbsp;<\/p>\n<p><img decoding=\"async\" class=\"bb_img\" src=\"https:\/\/shared.fastly.steamstatic.com\/store_item_assets\/steam\/apps\/576960\/extras\/secta2.gif?t=1709573063\"><\/p>\n<p>\u00dcdv\u00f6z\u00f6lj\u00fck a leg\u0151r\u00fcltebb \u00e9jszakai klubban!<\/p>\n<p>Ebben a kidob\u00f3 szimul\u00e1torban Warren Baker, a The Box neves klub \u00faj test\u0151re szerep\u00e9t j\u00e1tszod. H\u00e1rom \u00e9v b\u00f6rt\u00f6n ut\u00e1n csak tisztess\u00e9ges \u00e9letet akarsz \u00e9lni \u00e9s visszaszerezni a l\u00e1nyodat. A The Box furcsa \u00fcgyfelei azonban visszar\u00e1ngatnak a viharos m\u00faltadba, \u00e9s belekeveredsz egy gengszter\u00f6sszeesk\u00fcv\u00e9sbe, amely azzal fenyeget, hogy t\u00f6nkretesz mindent, amit szeretsz.  <\/p>\n<p>B\u00e1rmelyik este a klub l\u00e1togat\u00f3i k\u00f6z\u00f6tt tal\u00e1lhatsz be\u00e9p\u00edtett rend\u0151r\u00f6ket, ideges\u00edt\u0151 h\u00edress\u00e9geket, sz\u00f6k\u00f6tt b\u0171n\u00f6z\u0151ket vagy a m\u00faltad szellemeit. Mint a The Box \u00faj test\u0151re, rajtad m\u00falik, hogy eld\u00f6ntsd, ki l\u00e9phet be \u00e9s ki nem&#8230;.. b\u00e1rmilyen eszk\u00f6zzel. L\u00e9gy azonban \u00f3vatos, mert minden d\u00f6nt\u00e9sed hat\u00e1ssal lehet a klub \u00e9s vend\u00e9geinek sors\u00e1ra. A bev\u00e9teleidre is \u00fcgyelned kell, hogy elker\u00fcld a kilakoltat\u00e1st, hogy \u00fajra l\u00e1thasd a l\u00e1nyodat, \u00e9s ami a legfontosabb, hogy visszanyerd az ir\u00e1ny\u00edt\u00e1st az \u00e9leted felett.   <\/p>\n<p>Tal\u00e1lkozz t\u00f6bb mint 300 egyedi karakterrel, k\u00f6zt\u00fck h\u00edress\u00e9gek cameo megjelen\u00e9s\u00e9vel! N\u00e9zz szembe kritikus d\u00f6nt\u00e9sekkel, amelyeknek meglep\u0151 (\u00e9s vicces) k\u00f6vetkezm\u00e9nyei lesznek! \u00c9ld \u00e1t a saj\u00e1t t\u00f6rt\u00e9netedet, amelyet a klasszikus gengszterfilmek ihlettek K\u00fcl\u00f6nleges esem\u00e9nyek \u00e9s sz\u00f3rakoztat\u00f3 mell\u00e9kt\u00f6rt\u00e9netek Ha a diplom\u00e1cia kudarcot vall&#8230;. Dobj \u00fct\u00e9seket!   <\/p>\n<p>A v\u00edgj\u00e1t\u00e9k \u00e9s a thriller \u00f6tv\u00f6z\u0151dik az Out of The Boxban. Ir\u00e1ny\u00edtsd a The Box biztons\u00e1gi f\u0151n\u00f6k\u00e9t, \u00e9s \u00e9lj \u00e1t vicces helyzeteket \u00e9s epikus pillanatokat egyar\u00e1nt a klub \u0151r\u00fclt \u00e9jszak\u00e1in. Vajon p\u00e9nz\u00e9rt cser\u00e9be beengeded a tin\u00e9dzsereket a klubba? Beengedsz majd r\u00e9szeg VIP vend\u00e9geket az ellenszenves viselked\u00e9s\u00fck miatt? Vagy egy\u00fcttm\u0171k\u00f6dsz majd a rend\u0151rs\u00e9ggel, hogy elkapd a v\u00e1ros leghatalmasabb gengszter\u00e9t?    <\/p>\n<p>Az \u00f6sszes vend\u00e9g \u00e9lete az \u00d6n kez\u00e9ben van. Csak te d\u00f6ntheted el, hogyan \u00e9r v\u00e9get a t\u00f6rt\u00e9net\u00fck.  F\u0151bb jellemz\u0151k<\/p>\n<p>A The Box biztons\u00e1gi vezet\u0151jek\u00e9nt a k\u00f6vetkez\u0151kre lesz sz\u00fcks\u00e9ged:<\/p>\n<p>K\u00f6vesse a klub szab\u00e1lyait, amelyek napr\u00f3l napra bonyolultabbak. Der\u00edtsd ki, ki hazudik \u00e9s ki mond igazat. Ki tudja: lehet, hogy m\u00e9g n\u00e9h\u00e1ny \u00fct\u00e9st is be kell dobnod!  <\/p>\n<p>Nem minden nap egyforma:<\/p>\n<p>Vigy\u00e1zz, kit nem engedsz be. Lehet, hogy a partner\u00fck fontos szem\u00e9lyis\u00e9g, \u00e9s a csoport t\u00f6bbi tagja \u00fagy d\u00f6nt, hogy egy m\u00e1sik klubba megy. A VIP kiszolg\u00e1l\u00e1s nem lesz egyszer\u0171. Elv\u00e1rj\u00e1k a kir\u00e1lyi b\u00e1n\u00e1sm\u00f3dot. Legyen \u00f3vatos azokkal az emberekkel, akik bel\u00e9pnek a klubba. Ha beengedi a rockrajong\u00f3kat egy elit rendezv\u00e9nyre, akkor lehet, hogy rendetlens\u00e9get csin\u00e1lnak! A Box k\u00fcl\u00f6nleges esem\u00e9nyeket is tart, p\u00e9ld\u00e1ul Szent Patrik napj\u00e1t, amikor mindenki ber\u00faghat \u00e9s bemehet a klubba!      <\/p>\n<p>Tapasztald meg a k\u00fcl\u00f6nb\u00f6z\u0151 cselekm\u00e9nysz\u00e1lakat a d\u00f6nt\u00e9seidt\u0151l f\u00fcgg\u0151en:<\/p>\n<p>Fl\u00f6rt\u00f6lsz a f\u0151n\u00f6k\u00f6d bar\u00e1tn\u0151j\u00e9vel? Egy\u00fcttm\u0171k\u00f6dik a rend\u0151rs\u00e9ggel? Beleegyezel, hogy egy\u00fctt dolgozol egy befoly\u00e1sos, de ideges\u00edt\u0151 gengszterrel? Fedezd fel a k\u00fcl\u00f6nb\u00f6z\u0151 alternat\u00edv befejez\u00e9seket!   <\/p>\n<\/div>\n<\/div>\n<\/div>\n<\/div>\n","protected":false},"excerpt":{"rendered":"<p>Mer\u00fclj el a band\u00e1k \u00e9s b\u0171n\u00f6z\u0151k \u0151r\u00fclt t\u00f6rt\u00e9net\u00e9ben, ahol egy luxus \u00e9jszakai klub furcsa vend\u00e9geinek sors\u00e1r\u00f3l d\u00f6ntesz, \u00e9s r\u00e9szt veszel egy v\u00e9gtelen versenyben az id\u0151vel.<\/p>\n<p>\ud83c\udf0d Global \u2699\ufe0f Steam<br \/>\n\ud83d\udddd Digit\u00e1lis kulcs<\/p>\n","protected":false},"featured_media":33506,"template":"","meta":{"_acf_changed":false,"site-sidebar-layout":"default","site-content-layout":"","ast-site-content-layout":"default","site-content-style":"default","site-sidebar-style":"default","ast-global-header-display":"","ast-banner-title-visibility":"","ast-main-header-display":"","ast-hfb-above-header-display":"","ast-hfb-below-header-display":"","ast-hfb-mobile-header-display":"","site-post-title":"","ast-breadcrumbs-content":"","ast-featured-img":"","footer-sml-layout":"","ast-disable-related-posts":"","theme-transparent-header-meta":"default","adv-header-id-meta":"","stick-header-meta":"","header-above-stick-meta":"","header-main-stick-meta":"","header-below-stick-meta":"","astra-migrate-meta-layouts":"default","ast-page-background-enabled":"default","ast-page-background-meta":{"desktop":{"background-color":"var(--ast-global-color-4)","background-image":"","background-repeat":"repeat","background-position":"center center","background-size":"auto","background-attachment":"scroll","background-type":"","background-media":"","overlay-type":"","overlay-color":"","overlay-opacity":"","overlay-gradient":""},"tablet":{"background-color":"","background-image":"","background-repeat":"repeat","background-position":"center center","background-size":"auto","background-attachment":"scroll","background-type":"","background-media":"","overlay-type":"","overlay-color":"","overlay-opacity":"","overlay-gradient":""},"mobile":{"background-color":"","background-image":"","background-repeat":"repeat","background-position":"center center","background-size":"auto","background-attachment":"scroll","background-type":"","background-media":"","overlay-type":"","overlay-color":"","overlay-opacity":"","overlay-gradient":""}},"ast-content-background-meta":{"desktop":{"background-color":"var(--ast-global-color-5)","background-image":"","background-repeat":"repeat","background-position":"center center","background-size":"auto","background-attachment":"scroll","background-type":"","background-media":"","overlay-type":"","overlay-color":"","overlay-opacity":"","overlay-gradient":""},"tablet":{"background-color":"var(--ast-global-color-5)","background-image":"","background-repeat":"repeat","background-position":"center center","background-size":"auto","background-attachment":"scroll","background-type":"","background-media":"","overlay-type":"","overlay-color":"","overlay-opacity":"","overlay-gradient":""},"mobile":{"background-color":"var(--ast-global-color-5)","background-image":"","background-repeat":"repeat","background-position":"center center","background-size":"auto","background-attachment":"scroll","background-type":"","background-media":"","overlay-type":"","overlay-color":"","overlay-opacity":"","overlay-gradient":""}}},"product_brand":[],"product_cat":[365,372,363],"product_tag":[],"class_list":{"0":"post-35439","1":"product","2":"type-product","3":"status-publish","4":"has-post-thumbnail","6":"product_cat-goz","7":"product_cat-jatekok-szimulatorok","8":"product_cat-kaland-jatekok","9":"desktop-align-left","10":"tablet-align-left","11":"mobile-align-left","13":"first","14":"instock","15":"virtual","16":"purchasable","17":"product-type-simple"},"acf":[],"yoast_head":"<!-- This site is optimized with the Yoast SEO Premium plugin v27.4 (Yoast SEO v27.4) - https:\/\/yoast.com\/product\/yoast-seo-premium-wordpress\/ -->\n<title>Out Of The Box - Prismagamers.com<\/title>\n<meta name=\"description\" content=\"Mer\u00fclj el a band\u00e1k \u00e9s b\u0171n\u00f6z\u0151k \u0151r\u00fclt t\u00f6rt\u00e9net\u00e9ben, ahol egy luxus \u00e9jszakai klub furcsa vend\u00e9geinek sors\u00e1r\u00f3l d\u00f6ntesz, \u00e9s r\u00e9szt veszel egy v\u00e9gtelen versenyben az id\u0151vel. \ud83c\udf0d Global \u2699\ufe0f Steam \ud83d\udddd Digit\u00e1lis kulcs\" \/>\n<meta name=\"robots\" content=\"index, follow, max-snippet:-1, max-image-preview:large, max-video-preview:-1\" \/>\n<link rel=\"canonical\" href=\"https:\/\/prismagamers.com\/hu\/produkt\/out-of-the-box\/\" \/>\n<meta property=\"og:locale\" content=\"hu_HU\" \/>\n<meta property=\"og:type\" content=\"article\" \/>\n<meta property=\"og:title\" content=\"Out Of The Box\" \/>\n<meta property=\"og:description\" content=\"Mer\u00fclj el a band\u00e1k \u00e9s b\u0171n\u00f6z\u0151k \u0151r\u00fclt t\u00f6rt\u00e9net\u00e9ben, ahol egy luxus \u00e9jszakai klub furcsa vend\u00e9geinek sors\u00e1r\u00f3l d\u00f6ntesz, \u00e9s r\u00e9szt veszel egy v\u00e9gtelen versenyben az id\u0151vel. \ud83c\udf0d Global \u2699\ufe0f Steam \ud83d\udddd Digit\u00e1lis kulcs\" \/>\n<meta property=\"og:url\" content=\"https:\/\/prismagamers.com\/hu\/produkt\/out-of-the-box\/\" \/>\n<meta property=\"og:site_name\" content=\"Prismagamers.com\" \/>\n<meta property=\"article:publisher\" content=\"https:\/\/www.facebook.com\/prismagamers\" \/>\n<meta property=\"og:image\" content=\"https:\/\/prismagamers.com\/wp-content\/uploads\/2025\/01\/Out-of-The-Box1-e1735747527181.jpeg\" \/>\n\t<meta property=\"og:image:width\" content=\"300\" \/>\n\t<meta property=\"og:image:height\" content=\"450\" \/>\n\t<meta property=\"og:image:type\" content=\"image\/jpeg\" \/>\n<meta name=\"twitter:card\" content=\"summary_large_image\" \/>\n<meta name=\"twitter:label1\" content=\"Becs\u00fclt olvas\u00e1si id\u0151\" \/>\n\t<meta name=\"twitter:data1\" content=\"3 perc\" \/>\n<script type=\"application\/ld+json\" class=\"yoast-schema-graph\">{\"@context\":\"https:\\\/\\\/schema.org\",\"@graph\":[{\"@type\":\"WebPage\",\"@id\":\"https:\\\/\\\/prismagamers.com\\\/hu\\\/produkt\\\/out-of-the-box\\\/\",\"url\":\"https:\\\/\\\/prismagamers.com\\\/hu\\\/produkt\\\/out-of-the-box\\\/\",\"name\":\"Out Of The Box - Prismagamers.com\",\"isPartOf\":{\"@id\":\"https:\\\/\\\/prismagamers.com\\\/hu\\\/#website\"},\"primaryImageOfPage\":{\"@id\":\"https:\\\/\\\/prismagamers.com\\\/hu\\\/produkt\\\/out-of-the-box\\\/#primaryimage\"},\"image\":{\"@id\":\"https:\\\/\\\/prismagamers.com\\\/hu\\\/produkt\\\/out-of-the-box\\\/#primaryimage\"},\"thumbnailUrl\":\"https:\\\/\\\/prismagamers.com\\\/wp-content\\\/uploads\\\/2025\\\/01\\\/Out-of-The-Box1-e1735747527181.jpeg\",\"datePublished\":\"2025-01-01T16:10:47+00:00\",\"description\":\"Mer\u00fclj el a band\u00e1k \u00e9s b\u0171n\u00f6z\u0151k \u0151r\u00fclt t\u00f6rt\u00e9net\u00e9ben, ahol egy luxus \u00e9jszakai klub furcsa vend\u00e9geinek sors\u00e1r\u00f3l d\u00f6ntesz, \u00e9s r\u00e9szt veszel egy v\u00e9gtelen versenyben az id\u0151vel. \ud83c\udf0d Global \u2699\ufe0f Steam \ud83d\udddd Digit\u00e1lis kulcs\",\"breadcrumb\":{\"@id\":\"https:\\\/\\\/prismagamers.com\\\/hu\\\/produkt\\\/out-of-the-box\\\/#breadcrumb\"},\"inLanguage\":\"hu\",\"potentialAction\":[{\"@type\":\"ReadAction\",\"target\":[\"https:\\\/\\\/prismagamers.com\\\/hu\\\/produkt\\\/out-of-the-box\\\/\"]}]},{\"@type\":\"ImageObject\",\"inLanguage\":\"hu\",\"@id\":\"https:\\\/\\\/prismagamers.com\\\/hu\\\/produkt\\\/out-of-the-box\\\/#primaryimage\",\"url\":\"https:\\\/\\\/prismagamers.com\\\/wp-content\\\/uploads\\\/2025\\\/01\\\/Out-of-The-Box1-e1735747527181.jpeg\",\"contentUrl\":\"https:\\\/\\\/prismagamers.com\\\/wp-content\\\/uploads\\\/2025\\\/01\\\/Out-of-The-Box1-e1735747527181.jpeg\",\"width\":300,\"height\":450},{\"@type\":\"BreadcrumbList\",\"@id\":\"https:\\\/\\\/prismagamers.com\\\/hu\\\/produkt\\\/out-of-the-box\\\/#breadcrumb\",\"itemListElement\":[{\"@type\":\"ListItem\",\"position\":1,\"name\":\"Strona g\u0142\u00f3wna\",\"item\":\"https:\\\/\\\/prismagamers.com\\\/hu\\\/prismagamers\\\/\"},{\"@type\":\"ListItem\",\"position\":2,\"name\":\"Shop\",\"item\":\"https:\\\/\\\/prismagamers.com\\\/hu\\\/shop\\\/\"},{\"@type\":\"ListItem\",\"position\":3,\"name\":\"Out Of The Box\"}]},{\"@type\":\"WebSite\",\"@id\":\"https:\\\/\\\/prismagamers.com\\\/hu\\\/#website\",\"url\":\"https:\\\/\\\/prismagamers.com\\\/hu\\\/\",\"name\":\"Prismagamers\",\"description\":\"Sklep z grami PC I Sklep klucze Steam\",\"publisher\":{\"@id\":\"https:\\\/\\\/prismagamers.com\\\/hu\\\/#organization\"},\"potentialAction\":[{\"@type\":\"SearchAction\",\"target\":{\"@type\":\"EntryPoint\",\"urlTemplate\":\"https:\\\/\\\/prismagamers.com\\\/hu\\\/?s={search_term_string}\"},\"query-input\":{\"@type\":\"PropertyValueSpecification\",\"valueRequired\":true,\"valueName\":\"search_term_string\"}}],\"inLanguage\":\"hu\"},{\"@type\":\"Organization\",\"@id\":\"https:\\\/\\\/prismagamers.com\\\/hu\\\/#organization\",\"name\":\"Prismagamers\",\"url\":\"https:\\\/\\\/prismagamers.com\\\/hu\\\/\",\"logo\":{\"@type\":\"ImageObject\",\"inLanguage\":\"hu\",\"@id\":\"https:\\\/\\\/prismagamers.com\\\/hu\\\/#\\\/schema\\\/logo\\\/image\\\/\",\"url\":\"https:\\\/\\\/prismagamers.com\\\/wp-content\\\/uploads\\\/2022\\\/04\\\/cropped-logo-Prismagamers-01-scaled-1.jpg\",\"contentUrl\":\"https:\\\/\\\/prismagamers.com\\\/wp-content\\\/uploads\\\/2022\\\/04\\\/cropped-logo-Prismagamers-01-scaled-1.jpg\",\"width\":512,\"height\":512,\"caption\":\"Prismagamers\"},\"image\":{\"@id\":\"https:\\\/\\\/prismagamers.com\\\/hu\\\/#\\\/schema\\\/logo\\\/image\\\/\"},\"sameAs\":[\"https:\\\/\\\/www.facebook.com\\\/prismagamers\",\"https:\\\/\\\/www.instagram.com\\\/prismagamers_grycyfrowe\\\/\"],\"description\":\"Prismagamers.com to dynamiczny sklep z grami cyfrowymi, stworzony z my\u015bl\u0105 o entuzjastach gier wideo. Nasza strona oferuje szerok\u0105 gam\u0119 gier komputerowych, w tym najnowsze tytu\u0142y, dobrze znane klasyki oraz gry stworzone przez niezale\u017cne studia Ca\u0142y czas d\u0105\u017cymy do rozszerzenia naszej oferty. Do\u0142\u0105cz do nas i sta\u0144 si\u0119 cz\u0119\u015bci\u0105 naszej rosn\u0105cej spo\u0142eczno\u015bci graczy!\",\"email\":\"shop@prismagamers.com\",\"telephone\":\"48795541705\",\"legalName\":\"East Caravan Maksym \u017bukow\",\"foundingDate\":\"2012-05-10\",\"vatID\":\"PL8943038612\",\"taxID\":\"PL8943038612\",\"numberOfEmployees\":{\"@type\":\"QuantitativeValue\",\"minValue\":\"11\",\"maxValue\":\"50\"}}]}<\/script>\n<!-- \/ Yoast SEO Premium plugin. -->","yoast_head_json":{"title":"Out Of The Box - Prismagamers.com","description":"Mer\u00fclj el a band\u00e1k \u00e9s b\u0171n\u00f6z\u0151k \u0151r\u00fclt t\u00f6rt\u00e9net\u00e9ben, ahol egy luxus \u00e9jszakai klub furcsa vend\u00e9geinek sors\u00e1r\u00f3l d\u00f6ntesz, \u00e9s r\u00e9szt veszel egy v\u00e9gtelen versenyben az id\u0151vel. \ud83c\udf0d Global \u2699\ufe0f Steam \ud83d\udddd Digit\u00e1lis kulcs","robots":{"index":"index","follow":"follow","max-snippet":"max-snippet:-1","max-image-preview":"max-image-preview:large","max-video-preview":"max-video-preview:-1"},"canonical":"https:\/\/prismagamers.com\/hu\/produkt\/out-of-the-box\/","og_locale":"hu_HU","og_type":"article","og_title":"Out Of The Box","og_description":"Mer\u00fclj el a band\u00e1k \u00e9s b\u0171n\u00f6z\u0151k \u0151r\u00fclt t\u00f6rt\u00e9net\u00e9ben, ahol egy luxus \u00e9jszakai klub furcsa vend\u00e9geinek sors\u00e1r\u00f3l d\u00f6ntesz, \u00e9s r\u00e9szt veszel egy v\u00e9gtelen versenyben az id\u0151vel. \ud83c\udf0d Global \u2699\ufe0f Steam \ud83d\udddd Digit\u00e1lis kulcs","og_url":"https:\/\/prismagamers.com\/hu\/produkt\/out-of-the-box\/","og_site_name":"Prismagamers.com","article_publisher":"https:\/\/www.facebook.com\/prismagamers","og_image":[{"width":300,"height":450,"url":"https:\/\/prismagamers.com\/wp-content\/uploads\/2025\/01\/Out-of-The-Box1-e1735747527181.jpeg","type":"image\/jpeg"}],"twitter_card":"summary_large_image","twitter_misc":{"Becs\u00fclt olvas\u00e1si id\u0151":"3 perc"},"schema":{"@context":"https:\/\/schema.org","@graph":[{"@type":"WebPage","@id":"https:\/\/prismagamers.com\/hu\/produkt\/out-of-the-box\/","url":"https:\/\/prismagamers.com\/hu\/produkt\/out-of-the-box\/","name":"Out Of The Box - Prismagamers.com","isPartOf":{"@id":"https:\/\/prismagamers.com\/hu\/#website"},"primaryImageOfPage":{"@id":"https:\/\/prismagamers.com\/hu\/produkt\/out-of-the-box\/#primaryimage"},"image":{"@id":"https:\/\/prismagamers.com\/hu\/produkt\/out-of-the-box\/#primaryimage"},"thumbnailUrl":"https:\/\/prismagamers.com\/wp-content\/uploads\/2025\/01\/Out-of-The-Box1-e1735747527181.jpeg","datePublished":"2025-01-01T16:10:47+00:00","description":"Mer\u00fclj el a band\u00e1k \u00e9s b\u0171n\u00f6z\u0151k \u0151r\u00fclt t\u00f6rt\u00e9net\u00e9ben, ahol egy luxus \u00e9jszakai klub furcsa vend\u00e9geinek sors\u00e1r\u00f3l d\u00f6ntesz, \u00e9s r\u00e9szt veszel egy v\u00e9gtelen versenyben az id\u0151vel. \ud83c\udf0d Global \u2699\ufe0f Steam \ud83d\udddd Digit\u00e1lis kulcs","breadcrumb":{"@id":"https:\/\/prismagamers.com\/hu\/produkt\/out-of-the-box\/#breadcrumb"},"inLanguage":"hu","potentialAction":[{"@type":"ReadAction","target":["https:\/\/prismagamers.com\/hu\/produkt\/out-of-the-box\/"]}]},{"@type":"ImageObject","inLanguage":"hu","@id":"https:\/\/prismagamers.com\/hu\/produkt\/out-of-the-box\/#primaryimage","url":"https:\/\/prismagamers.com\/wp-content\/uploads\/2025\/01\/Out-of-The-Box1-e1735747527181.jpeg","contentUrl":"https:\/\/prismagamers.com\/wp-content\/uploads\/2025\/01\/Out-of-The-Box1-e1735747527181.jpeg","width":300,"height":450},{"@type":"BreadcrumbList","@id":"https:\/\/prismagamers.com\/hu\/produkt\/out-of-the-box\/#breadcrumb","itemListElement":[{"@type":"ListItem","position":1,"name":"Strona g\u0142\u00f3wna","item":"https:\/\/prismagamers.com\/hu\/prismagamers\/"},{"@type":"ListItem","position":2,"name":"Shop","item":"https:\/\/prismagamers.com\/hu\/shop\/"},{"@type":"ListItem","position":3,"name":"Out Of The Box"}]},{"@type":"WebSite","@id":"https:\/\/prismagamers.com\/hu\/#website","url":"https:\/\/prismagamers.com\/hu\/","name":"Prismagamers","description":"Sklep z grami PC I Sklep klucze Steam","publisher":{"@id":"https:\/\/prismagamers.com\/hu\/#organization"},"potentialAction":[{"@type":"SearchAction","target":{"@type":"EntryPoint","urlTemplate":"https:\/\/prismagamers.com\/hu\/?s={search_term_string}"},"query-input":{"@type":"PropertyValueSpecification","valueRequired":true,"valueName":"search_term_string"}}],"inLanguage":"hu"},{"@type":"Organization","@id":"https:\/\/prismagamers.com\/hu\/#organization","name":"Prismagamers","url":"https:\/\/prismagamers.com\/hu\/","logo":{"@type":"ImageObject","inLanguage":"hu","@id":"https:\/\/prismagamers.com\/hu\/#\/schema\/logo\/image\/","url":"https:\/\/prismagamers.com\/wp-content\/uploads\/2022\/04\/cropped-logo-Prismagamers-01-scaled-1.jpg","contentUrl":"https:\/\/prismagamers.com\/wp-content\/uploads\/2022\/04\/cropped-logo-Prismagamers-01-scaled-1.jpg","width":512,"height":512,"caption":"Prismagamers"},"image":{"@id":"https:\/\/prismagamers.com\/hu\/#\/schema\/logo\/image\/"},"sameAs":["https:\/\/www.facebook.com\/prismagamers","https:\/\/www.instagram.com\/prismagamers_grycyfrowe\/"],"description":"Prismagamers.com to dynamiczny sklep z grami cyfrowymi, stworzony z my\u015bl\u0105 o entuzjastach gier wideo. Nasza strona oferuje szerok\u0105 gam\u0119 gier komputerowych, w tym najnowsze tytu\u0142y, dobrze znane klasyki oraz gry stworzone przez niezale\u017cne studia Ca\u0142y czas d\u0105\u017cymy do rozszerzenia naszej oferty. Do\u0142\u0105cz do nas i sta\u0144 si\u0119 cz\u0119\u015bci\u0105 naszej rosn\u0105cej spo\u0142eczno\u015bci graczy!","email":"shop@prismagamers.com","telephone":"48795541705","legalName":"East Caravan Maksym \u017bukow","foundingDate":"2012-05-10","vatID":"PL8943038612","taxID":"PL8943038612","numberOfEmployees":{"@type":"QuantitativeValue","minValue":"11","maxValue":"50"}}]}},"_links":{"self":[{"href":"https:\/\/prismagamers.com\/hu\/wp-json\/wp\/v2\/product\/35439","targetHints":{"allow":["GET"]}}],"collection":[{"href":"https:\/\/prismagamers.com\/hu\/wp-json\/wp\/v2\/product"}],"about":[{"href":"https:\/\/prismagamers.com\/hu\/wp-json\/wp\/v2\/types\/product"}],"wp:featuredmedia":[{"embeddable":true,"href":"https:\/\/prismagamers.com\/hu\/wp-json\/wp\/v2\/media\/33506"}],"wp:attachment":[{"href":"https:\/\/prismagamers.com\/hu\/wp-json\/wp\/v2\/media?parent=35439"}],"wp:term":[{"taxonomy":"product_brand","embeddable":true,"href":"https:\/\/prismagamers.com\/hu\/wp-json\/wp\/v2\/product_brand?post=35439"},{"taxonomy":"product_cat","embeddable":true,"href":"https:\/\/prismagamers.com\/hu\/wp-json\/wp\/v2\/product_cat?post=35439"},{"taxonomy":"product_tag","embeddable":true,"href":"https:\/\/prismagamers.com\/hu\/wp-json\/wp\/v2\/product_tag?post=35439"}],"curies":[{"name":"wp","href":"https:\/\/api.w.org\/{rel}","templated":true}]}}