{"id":35440,"date":"2025-01-01T17:26:48","date_gmt":"2025-01-01T16:26:48","guid":{"rendered":"https:\/\/prismagamers.com\/produkt\/youtuberek-elete\/"},"modified":"2025-01-01T17:26:48","modified_gmt":"2025-01-01T16:26:48","slug":"youtuberek-elete","status":"publish","type":"product","link":"https:\/\/prismagamers.com\/hu\/produkt\/youtuberek-elete\/","title":{"rendered":"Youtuberek \u00e9lete"},"content":{"rendered":"<p>Ebben a szimul\u00e1ci\u00f3s j\u00e1t\u00e9kban egy youtuber szerep\u00e9t j\u00e1tszod, aki otthon vide\u00f3k k\u00e9sz\u00edt\u00e9s\u00e9vel kezdi karrierj\u00e9t. A c\u00e9lod, hogy feliratkoz\u00f3kat, n\u00e9zetts\u00e9get \u00e9s kedvel\u00e9seket szerezz, tal\u00e1lkozz n\u00e9pszer\u0171 youtuberekkel, vegy\u00e9l r\u00e9szt \u0151r\u00fclt bulikon, \u00e9s gy\u0151zd le a gy\u0171l\u00f6lk\u00f6d\u0151ket. Keress p\u00e9nzt a vide\u00f3idb\u00f3l, dolgozz affiliate h\u00e1l\u00f3zatokkal, dekor\u00e1ld ki a lak\u00e1sodat, \u00e9s \u00e1lmodj arr\u00f3l, hogy egy ingatlant v\u00e1s\u00e1rolj az \u0171rben!  <\/p>\n<p>A legk\u00fcl\u00f6nf\u00e9l\u00e9bb tartalmak r\u00f6gz\u00edt\u00e9se &#8211; a j\u00e1t\u00e9kmenet \u00e9s az ismertet\u0151k, a speedruns \u00e9s a tutorialok. Hozzon l\u00e9tre egy gy\u0171jtem\u00e9nyt az \u00f6sszes el\u00e9rhet\u0151 konzolr\u00f3l, j\u00e1tsszon kedvenc c\u00edmeivel, \u00e9s k\u00e9sz\u00edtsen saj\u00e1t j\u00e1t\u00e9kokat! Szerezz tapasztalatot, publik\u00e1lj bor\u00edt\u00f3kat, zene\u00f3r\u00e1kat, kompon\u00e1lj sl\u00e1gereket \u00e9s szervezz koncerteket, 30 hangszeren j\u00e1tszva. K\u00e9sz\u00edts egzotikus \u00e9teleket, ossz meg f\u0151z\u00e9si tippeket, \u00e9s nyiss ak\u00e1r saj\u00e1t \u00e9ttermet is!   <\/p>\n<p>K\u00e9sz\u00edtsd el saj\u00e1t ruhakollekci\u00f3dat, vegy\u00e9l r\u00e9szt divatrendezv\u00e9nyeken, k\u00e9sz\u00edts interj\u00fakat h\u00edress\u00e9gekkel, \u00e9s ismerd meg egy h\u00edres modell \u00e9let\u00e9t. Egy youtuber \u00e9lete nem csak a vide\u00f3k k\u00e9sz\u00edt\u00e9s\u00e9r\u0151l sz\u00f3l, hanem arr\u00f3l is, hogy beosztod az id\u0151det a k\u00f6telezetts\u00e9gek, a rajong\u00f3kkal \u00e9s a csal\u00e1ddal val\u00f3 kapcsolatok k\u00f6z\u00f6tt. D\u00f6nt\u00e9seid befoly\u00e1solj\u00e1k, hogyan alakul a karriered \u00e9s a mag\u00e1n\u00e9leted.  <\/p>\n<p>Ebben a j\u00e1t\u00e9kban nemcsak a csatorn\u00e1idat \u00e9s profiljaidat kezeled, hanem v\u00edrusos tartalomk\u00e9sz\u00edt\u0151 is lehetsz. N\u00f6veld a feliratkoz\u00f3k sz\u00e1m\u00e1t, szervezz \u00e9l\u0151 k\u00f6zvet\u00edt\u00e9seket, k\u00e9sz\u00edts vide\u00f3tartalmakat, hogy VIP-ket \u00e9s m\u00e1rk\u00e1kat vonzz. N\u00e9pszer\u0171s\u00e9ged egyre n\u0151, \u00e9s olyan d\u00f6nt\u00e9seket kell hoznod, amelyek meghat\u00e1rozz\u00e1k karriered j\u00f6v\u0151j\u00e9t. Online szt\u00e1r leszel, vagy az offline \u00e9letet v\u00e1lasztod? A d\u00f6nt\u00e9s rajtad m\u00falik!    <\/p>\n","protected":false},"excerpt":{"rendered":"<p>Legy\u00e9l a legjobb youtuber a vil\u00e1gon! K\u00e9sz\u00edts vide\u00f3kat, szerezz feliratkoz\u00f3kat, vegy\u00e9l r\u00e9szt \u0151r\u00fclt esem\u00e9nyeken, besz\u00e9lgess a rajong\u00f3kkal \u00e9s n\u00f6veld a csatorn\u00e1dat. Tapasztald meg a youtuber \u00e9let\u00e9t &#8211; a vide\u00f3k r\u00f6gz\u00edt\u00e9s\u00e9t\u0151l az online m\u00e1rk\u00e1d kezel\u00e9s\u00e9ig. L\u00e9gy kreat\u00edv, adj \u00e9l\u0151 k\u00f6zvet\u00edt\u00e9seket, k\u00e9sz\u00edts olyan tartalmakat, amelyek felkeltik a figyelmet, \u00e9s internetes szt\u00e1rr\u00e1 tesznek! Keress a szenved\u00e9lyedb\u0151l, k\u00f6ss partners\u00e9get m\u00e1rk\u00e1kkal, n\u00f6veld a rajong\u00f3i b\u00e1zisodat \u00e9s b\u0151v\u00edtsd az online \u00e9letedet. Legy\u00e9l n\u00e9pszer\u0171, maradj relev\u00e1ns \u00e9s \u00e9lj \u00fagy, mint egy igazi influencer!     <\/p>\n<p>\ud83c\udf0d Global \u2699\ufe0f Steam<br \/>\n\ud83d\udddd digit\u00e1lis kulcs<\/p>\n","protected":false},"featured_media":33512,"template":"","meta":{"_acf_changed":false,"site-sidebar-layout":"default","site-content-layout":"","ast-site-content-layout":"default","site-content-style":"default","site-sidebar-style":"default","ast-global-header-display":"","ast-banner-title-visibility":"","ast-main-header-display":"","ast-hfb-above-header-display":"","ast-hfb-below-header-display":"","ast-hfb-mobile-header-display":"","site-post-title":"","ast-breadcrumbs-content":"","ast-featured-img":"","footer-sml-layout":"","ast-disable-related-posts":"","theme-transparent-header-meta":"default","adv-header-id-meta":"","stick-header-meta":"","header-above-stick-meta":"","header-main-stick-meta":"","header-below-stick-meta":"","astra-migrate-meta-layouts":"default","ast-page-background-enabled":"default","ast-page-background-meta":{"desktop":{"background-color":"var(--ast-global-color-4)","background-image":"","background-repeat":"repeat","background-position":"center center","background-size":"auto","background-attachment":"scroll","background-type":"","background-media":"","overlay-type":"","overlay-color":"","overlay-opacity":"","overlay-gradient":""},"tablet":{"background-color":"","background-image":"","background-repeat":"repeat","background-position":"center center","background-size":"auto","background-attachment":"scroll","background-type":"","background-media":"","overlay-type":"","overlay-color":"","overlay-opacity":"","overlay-gradient":""},"mobile":{"background-color":"","background-image":"","background-repeat":"repeat","background-position":"center center","background-size":"auto","background-attachment":"scroll","background-type":"","background-media":"","overlay-type":"","overlay-color":"","overlay-opacity":"","overlay-gradient":""}},"ast-content-background-meta":{"desktop":{"background-color":"var(--ast-global-color-5)","background-image":"","background-repeat":"repeat","background-position":"center center","background-size":"auto","background-attachment":"scroll","background-type":"","background-media":"","overlay-type":"","overlay-color":"","overlay-opacity":"","overlay-gradient":""},"tablet":{"background-color":"var(--ast-global-color-5)","background-image":"","background-repeat":"repeat","background-position":"center center","background-size":"auto","background-attachment":"scroll","background-type":"","background-media":"","overlay-type":"","overlay-color":"","overlay-opacity":"","overlay-gradient":""},"mobile":{"background-color":"var(--ast-global-color-5)","background-image":"","background-repeat":"repeat","background-position":"center center","background-size":"auto","background-attachment":"scroll","background-type":"","background-media":"","overlay-type":"","overlay-color":"","overlay-opacity":"","overlay-gradient":""}}},"product_brand":[],"product_cat":[365,372],"product_tag":[],"class_list":{"0":"post-35440","1":"product","2":"type-product","3":"status-publish","4":"has-post-thumbnail","6":"product_cat-goz","7":"product_cat-jatekok-szimulatorok","8":"desktop-align-left","9":"tablet-align-left","10":"mobile-align-left","12":"first","13":"instock","14":"virtual","15":"purchasable","16":"product-type-simple"},"acf":[],"yoast_head":"<!-- This site is optimized with the Yoast SEO Premium plugin v27.4 (Yoast SEO v27.4) - https:\/\/yoast.com\/product\/yoast-seo-premium-wordpress\/ -->\n<title>Youtuberek \u00e9lete - Prismagamers.com<\/title>\n<meta name=\"description\" content=\"Legy\u00e9l a legjobb youtuber a vil\u00e1gon! K\u00e9sz\u00edts vide\u00f3kat, szerezz feliratkoz\u00f3kat, vegy\u00e9l r\u00e9szt \u0151r\u00fclt esem\u00e9nyeken, besz\u00e9lgess a rajong\u00f3kkal \u00e9s n\u00f6veld a csatorn\u00e1dat. Tapasztald meg a youtuber \u00e9let\u00e9t - a vide\u00f3k r\u00f6gz\u00edt\u00e9s\u00e9t\u0151l az online m\u00e1rk\u00e1d kezel\u00e9s\u00e9ig. L\u00e9gy kreat\u00edv, adj \u00e9l\u0151 k\u00f6zvet\u00edt\u00e9seket, k\u00e9sz\u00edts olyan tartalmakat, amelyek felkeltik a figyelmet, \u00e9s internetes szt\u00e1rr\u00e1 tesznek! Keress a szenved\u00e9lyedb\u0151l, k\u00f6ss partners\u00e9get m\u00e1rk\u00e1kkal, n\u00f6veld a rajong\u00f3i b\u00e1zisodat \u00e9s b\u0151v\u00edtsd az online \u00e9letedet. Legy\u00e9l n\u00e9pszer\u0171, maradj relev\u00e1ns \u00e9s \u00e9lj \u00fagy, mint egy igazi influencer!    \ud83c\udf0d Global \u2699\ufe0f Steam \ud83d\udddd digit\u00e1lis kulcs\" \/>\n<meta name=\"robots\" content=\"index, follow, max-snippet:-1, max-image-preview:large, max-video-preview:-1\" \/>\n<link rel=\"canonical\" href=\"https:\/\/prismagamers.com\/hu\/produkt\/youtuberek-elete\/\" \/>\n<meta property=\"og:locale\" content=\"hu_HU\" \/>\n<meta property=\"og:type\" content=\"article\" \/>\n<meta property=\"og:title\" content=\"Youtuberek \u00e9lete\" \/>\n<meta property=\"og:description\" content=\"Legy\u00e9l a legjobb youtuber a vil\u00e1gon! K\u00e9sz\u00edts vide\u00f3kat, szerezz feliratkoz\u00f3kat, vegy\u00e9l r\u00e9szt \u0151r\u00fclt esem\u00e9nyeken, besz\u00e9lgess a rajong\u00f3kkal \u00e9s n\u00f6veld a csatorn\u00e1dat. Tapasztald meg a youtuber \u00e9let\u00e9t - a vide\u00f3k r\u00f6gz\u00edt\u00e9s\u00e9t\u0151l az online m\u00e1rk\u00e1d kezel\u00e9s\u00e9ig. L\u00e9gy kreat\u00edv, adj \u00e9l\u0151 k\u00f6zvet\u00edt\u00e9seket, k\u00e9sz\u00edts olyan tartalmakat, amelyek felkeltik a figyelmet, \u00e9s internetes szt\u00e1rr\u00e1 tesznek! Keress a szenved\u00e9lyedb\u0151l, k\u00f6ss partners\u00e9get m\u00e1rk\u00e1kkal, n\u00f6veld a rajong\u00f3i b\u00e1zisodat \u00e9s b\u0151v\u00edtsd az online \u00e9letedet. Legy\u00e9l n\u00e9pszer\u0171, maradj relev\u00e1ns \u00e9s \u00e9lj \u00fagy, mint egy igazi influencer!    \ud83c\udf0d Global \u2699\ufe0f Steam \ud83d\udddd digit\u00e1lis kulcs\" \/>\n<meta property=\"og:url\" content=\"https:\/\/prismagamers.com\/hu\/produkt\/youtuberek-elete\/\" \/>\n<meta property=\"og:site_name\" content=\"Prismagamers.com\" \/>\n<meta property=\"article:publisher\" content=\"https:\/\/www.facebook.com\/prismagamers\" \/>\n<meta property=\"og:image\" content=\"https:\/\/prismagamers.com\/wp-content\/uploads\/2025\/01\/Youtubers-Life1-e1735748487301.jpeg\" \/>\n\t<meta property=\"og:image:width\" content=\"300\" \/>\n\t<meta property=\"og:image:height\" content=\"450\" \/>\n\t<meta property=\"og:image:type\" content=\"image\/jpeg\" \/>\n<meta name=\"twitter:card\" content=\"summary_large_image\" \/>\n<meta name=\"twitter:label1\" content=\"Becs\u00fclt olvas\u00e1si id\u0151\" \/>\n\t<meta name=\"twitter:data1\" content=\"2 perc\" \/>\n<script type=\"application\/ld+json\" class=\"yoast-schema-graph\">{\"@context\":\"https:\\\/\\\/schema.org\",\"@graph\":[{\"@type\":\"WebPage\",\"@id\":\"https:\\\/\\\/prismagamers.com\\\/hu\\\/produkt\\\/youtuberek-elete\\\/\",\"url\":\"https:\\\/\\\/prismagamers.com\\\/hu\\\/produkt\\\/youtuberek-elete\\\/\",\"name\":\"Youtuberek \u00e9lete - Prismagamers.com\",\"isPartOf\":{\"@id\":\"https:\\\/\\\/prismagamers.com\\\/hu\\\/#website\"},\"primaryImageOfPage\":{\"@id\":\"https:\\\/\\\/prismagamers.com\\\/hu\\\/produkt\\\/youtuberek-elete\\\/#primaryimage\"},\"image\":{\"@id\":\"https:\\\/\\\/prismagamers.com\\\/hu\\\/produkt\\\/youtuberek-elete\\\/#primaryimage\"},\"thumbnailUrl\":\"https:\\\/\\\/prismagamers.com\\\/wp-content\\\/uploads\\\/2025\\\/01\\\/Youtubers-Life1-e1735748487301.jpeg\",\"datePublished\":\"2025-01-01T16:26:48+00:00\",\"description\":\"Legy\u00e9l a legjobb youtuber a vil\u00e1gon! K\u00e9sz\u00edts vide\u00f3kat, szerezz feliratkoz\u00f3kat, vegy\u00e9l r\u00e9szt \u0151r\u00fclt esem\u00e9nyeken, besz\u00e9lgess a rajong\u00f3kkal \u00e9s n\u00f6veld a csatorn\u00e1dat. Tapasztald meg a youtuber \u00e9let\u00e9t - a vide\u00f3k r\u00f6gz\u00edt\u00e9s\u00e9t\u0151l az online m\u00e1rk\u00e1d kezel\u00e9s\u00e9ig. L\u00e9gy kreat\u00edv, adj \u00e9l\u0151 k\u00f6zvet\u00edt\u00e9seket, k\u00e9sz\u00edts olyan tartalmakat, amelyek felkeltik a figyelmet, \u00e9s internetes szt\u00e1rr\u00e1 tesznek! Keress a szenved\u00e9lyedb\u0151l, k\u00f6ss partners\u00e9get m\u00e1rk\u00e1kkal, n\u00f6veld a rajong\u00f3i b\u00e1zisodat \u00e9s b\u0151v\u00edtsd az online \u00e9letedet. Legy\u00e9l n\u00e9pszer\u0171, maradj relev\u00e1ns \u00e9s \u00e9lj \u00fagy, mint egy igazi influencer! \ud83c\udf0d Global \u2699\ufe0f Steam \ud83d\udddd digit\u00e1lis kulcs\",\"breadcrumb\":{\"@id\":\"https:\\\/\\\/prismagamers.com\\\/hu\\\/produkt\\\/youtuberek-elete\\\/#breadcrumb\"},\"inLanguage\":\"hu\",\"potentialAction\":[{\"@type\":\"ReadAction\",\"target\":[\"https:\\\/\\\/prismagamers.com\\\/hu\\\/produkt\\\/youtuberek-elete\\\/\"]}]},{\"@type\":\"ImageObject\",\"inLanguage\":\"hu\",\"@id\":\"https:\\\/\\\/prismagamers.com\\\/hu\\\/produkt\\\/youtuberek-elete\\\/#primaryimage\",\"url\":\"https:\\\/\\\/prismagamers.com\\\/wp-content\\\/uploads\\\/2025\\\/01\\\/Youtubers-Life1-e1735748487301.jpeg\",\"contentUrl\":\"https:\\\/\\\/prismagamers.com\\\/wp-content\\\/uploads\\\/2025\\\/01\\\/Youtubers-Life1-e1735748487301.jpeg\",\"width\":300,\"height\":450},{\"@type\":\"BreadcrumbList\",\"@id\":\"https:\\\/\\\/prismagamers.com\\\/hu\\\/produkt\\\/youtuberek-elete\\\/#breadcrumb\",\"itemListElement\":[{\"@type\":\"ListItem\",\"position\":1,\"name\":\"Strona g\u0142\u00f3wna\",\"item\":\"https:\\\/\\\/prismagamers.com\\\/hu\\\/prismagamers\\\/\"},{\"@type\":\"ListItem\",\"position\":2,\"name\":\"Shop\",\"item\":\"https:\\\/\\\/prismagamers.com\\\/hu\\\/shop\\\/\"},{\"@type\":\"ListItem\",\"position\":3,\"name\":\"Youtuberek \u00e9lete\"}]},{\"@type\":\"WebSite\",\"@id\":\"https:\\\/\\\/prismagamers.com\\\/hu\\\/#website\",\"url\":\"https:\\\/\\\/prismagamers.com\\\/hu\\\/\",\"name\":\"Prismagamers\",\"description\":\"Sklep z grami PC I Sklep klucze Steam\",\"publisher\":{\"@id\":\"https:\\\/\\\/prismagamers.com\\\/hu\\\/#organization\"},\"potentialAction\":[{\"@type\":\"SearchAction\",\"target\":{\"@type\":\"EntryPoint\",\"urlTemplate\":\"https:\\\/\\\/prismagamers.com\\\/hu\\\/?s={search_term_string}\"},\"query-input\":{\"@type\":\"PropertyValueSpecification\",\"valueRequired\":true,\"valueName\":\"search_term_string\"}}],\"inLanguage\":\"hu\"},{\"@type\":\"Organization\",\"@id\":\"https:\\\/\\\/prismagamers.com\\\/hu\\\/#organization\",\"name\":\"Prismagamers\",\"url\":\"https:\\\/\\\/prismagamers.com\\\/hu\\\/\",\"logo\":{\"@type\":\"ImageObject\",\"inLanguage\":\"hu\",\"@id\":\"https:\\\/\\\/prismagamers.com\\\/hu\\\/#\\\/schema\\\/logo\\\/image\\\/\",\"url\":\"https:\\\/\\\/prismagamers.com\\\/wp-content\\\/uploads\\\/2022\\\/04\\\/cropped-logo-Prismagamers-01-scaled-1.jpg\",\"contentUrl\":\"https:\\\/\\\/prismagamers.com\\\/wp-content\\\/uploads\\\/2022\\\/04\\\/cropped-logo-Prismagamers-01-scaled-1.jpg\",\"width\":512,\"height\":512,\"caption\":\"Prismagamers\"},\"image\":{\"@id\":\"https:\\\/\\\/prismagamers.com\\\/hu\\\/#\\\/schema\\\/logo\\\/image\\\/\"},\"sameAs\":[\"https:\\\/\\\/www.facebook.com\\\/prismagamers\",\"https:\\\/\\\/www.instagram.com\\\/prismagamers_grycyfrowe\\\/\"],\"description\":\"Prismagamers.com to dynamiczny sklep z grami cyfrowymi, stworzony z my\u015bl\u0105 o entuzjastach gier wideo. Nasza strona oferuje szerok\u0105 gam\u0119 gier komputerowych, w tym najnowsze tytu\u0142y, dobrze znane klasyki oraz gry stworzone przez niezale\u017cne studia Ca\u0142y czas d\u0105\u017cymy do rozszerzenia naszej oferty. Do\u0142\u0105cz do nas i sta\u0144 si\u0119 cz\u0119\u015bci\u0105 naszej rosn\u0105cej spo\u0142eczno\u015bci graczy!\",\"email\":\"shop@prismagamers.com\",\"telephone\":\"48795541705\",\"legalName\":\"East Caravan Maksym \u017bukow\",\"foundingDate\":\"2012-05-10\",\"vatID\":\"PL8943038612\",\"taxID\":\"PL8943038612\",\"numberOfEmployees\":{\"@type\":\"QuantitativeValue\",\"minValue\":\"11\",\"maxValue\":\"50\"}}]}<\/script>\n<!-- \/ Yoast SEO Premium plugin. -->","yoast_head_json":{"title":"Youtuberek \u00e9lete - Prismagamers.com","description":"Legy\u00e9l a legjobb youtuber a vil\u00e1gon! K\u00e9sz\u00edts vide\u00f3kat, szerezz feliratkoz\u00f3kat, vegy\u00e9l r\u00e9szt \u0151r\u00fclt esem\u00e9nyeken, besz\u00e9lgess a rajong\u00f3kkal \u00e9s n\u00f6veld a csatorn\u00e1dat. Tapasztald meg a youtuber \u00e9let\u00e9t - a vide\u00f3k r\u00f6gz\u00edt\u00e9s\u00e9t\u0151l az online m\u00e1rk\u00e1d kezel\u00e9s\u00e9ig. L\u00e9gy kreat\u00edv, adj \u00e9l\u0151 k\u00f6zvet\u00edt\u00e9seket, k\u00e9sz\u00edts olyan tartalmakat, amelyek felkeltik a figyelmet, \u00e9s internetes szt\u00e1rr\u00e1 tesznek! Keress a szenved\u00e9lyedb\u0151l, k\u00f6ss partners\u00e9get m\u00e1rk\u00e1kkal, n\u00f6veld a rajong\u00f3i b\u00e1zisodat \u00e9s b\u0151v\u00edtsd az online \u00e9letedet. Legy\u00e9l n\u00e9pszer\u0171, maradj relev\u00e1ns \u00e9s \u00e9lj \u00fagy, mint egy igazi influencer!    \ud83c\udf0d Global \u2699\ufe0f Steam \ud83d\udddd digit\u00e1lis kulcs","robots":{"index":"index","follow":"follow","max-snippet":"max-snippet:-1","max-image-preview":"max-image-preview:large","max-video-preview":"max-video-preview:-1"},"canonical":"https:\/\/prismagamers.com\/hu\/produkt\/youtuberek-elete\/","og_locale":"hu_HU","og_type":"article","og_title":"Youtuberek \u00e9lete","og_description":"Legy\u00e9l a legjobb youtuber a vil\u00e1gon! K\u00e9sz\u00edts vide\u00f3kat, szerezz feliratkoz\u00f3kat, vegy\u00e9l r\u00e9szt \u0151r\u00fclt esem\u00e9nyeken, besz\u00e9lgess a rajong\u00f3kkal \u00e9s n\u00f6veld a csatorn\u00e1dat. Tapasztald meg a youtuber \u00e9let\u00e9t - a vide\u00f3k r\u00f6gz\u00edt\u00e9s\u00e9t\u0151l az online m\u00e1rk\u00e1d kezel\u00e9s\u00e9ig. L\u00e9gy kreat\u00edv, adj \u00e9l\u0151 k\u00f6zvet\u00edt\u00e9seket, k\u00e9sz\u00edts olyan tartalmakat, amelyek felkeltik a figyelmet, \u00e9s internetes szt\u00e1rr\u00e1 tesznek! Keress a szenved\u00e9lyedb\u0151l, k\u00f6ss partners\u00e9get m\u00e1rk\u00e1kkal, n\u00f6veld a rajong\u00f3i b\u00e1zisodat \u00e9s b\u0151v\u00edtsd az online \u00e9letedet. Legy\u00e9l n\u00e9pszer\u0171, maradj relev\u00e1ns \u00e9s \u00e9lj \u00fagy, mint egy igazi influencer!    \ud83c\udf0d Global \u2699\ufe0f Steam \ud83d\udddd digit\u00e1lis kulcs","og_url":"https:\/\/prismagamers.com\/hu\/produkt\/youtuberek-elete\/","og_site_name":"Prismagamers.com","article_publisher":"https:\/\/www.facebook.com\/prismagamers","og_image":[{"width":300,"height":450,"url":"https:\/\/prismagamers.com\/wp-content\/uploads\/2025\/01\/Youtubers-Life1-e1735748487301.jpeg","type":"image\/jpeg"}],"twitter_card":"summary_large_image","twitter_misc":{"Becs\u00fclt olvas\u00e1si id\u0151":"2 perc"},"schema":{"@context":"https:\/\/schema.org","@graph":[{"@type":"WebPage","@id":"https:\/\/prismagamers.com\/hu\/produkt\/youtuberek-elete\/","url":"https:\/\/prismagamers.com\/hu\/produkt\/youtuberek-elete\/","name":"Youtuberek \u00e9lete - Prismagamers.com","isPartOf":{"@id":"https:\/\/prismagamers.com\/hu\/#website"},"primaryImageOfPage":{"@id":"https:\/\/prismagamers.com\/hu\/produkt\/youtuberek-elete\/#primaryimage"},"image":{"@id":"https:\/\/prismagamers.com\/hu\/produkt\/youtuberek-elete\/#primaryimage"},"thumbnailUrl":"https:\/\/prismagamers.com\/wp-content\/uploads\/2025\/01\/Youtubers-Life1-e1735748487301.jpeg","datePublished":"2025-01-01T16:26:48+00:00","description":"Legy\u00e9l a legjobb youtuber a vil\u00e1gon! K\u00e9sz\u00edts vide\u00f3kat, szerezz feliratkoz\u00f3kat, vegy\u00e9l r\u00e9szt \u0151r\u00fclt esem\u00e9nyeken, besz\u00e9lgess a rajong\u00f3kkal \u00e9s n\u00f6veld a csatorn\u00e1dat. Tapasztald meg a youtuber \u00e9let\u00e9t - a vide\u00f3k r\u00f6gz\u00edt\u00e9s\u00e9t\u0151l az online m\u00e1rk\u00e1d kezel\u00e9s\u00e9ig. L\u00e9gy kreat\u00edv, adj \u00e9l\u0151 k\u00f6zvet\u00edt\u00e9seket, k\u00e9sz\u00edts olyan tartalmakat, amelyek felkeltik a figyelmet, \u00e9s internetes szt\u00e1rr\u00e1 tesznek! Keress a szenved\u00e9lyedb\u0151l, k\u00f6ss partners\u00e9get m\u00e1rk\u00e1kkal, n\u00f6veld a rajong\u00f3i b\u00e1zisodat \u00e9s b\u0151v\u00edtsd az online \u00e9letedet. Legy\u00e9l n\u00e9pszer\u0171, maradj relev\u00e1ns \u00e9s \u00e9lj \u00fagy, mint egy igazi influencer! \ud83c\udf0d Global \u2699\ufe0f Steam \ud83d\udddd digit\u00e1lis kulcs","breadcrumb":{"@id":"https:\/\/prismagamers.com\/hu\/produkt\/youtuberek-elete\/#breadcrumb"},"inLanguage":"hu","potentialAction":[{"@type":"ReadAction","target":["https:\/\/prismagamers.com\/hu\/produkt\/youtuberek-elete\/"]}]},{"@type":"ImageObject","inLanguage":"hu","@id":"https:\/\/prismagamers.com\/hu\/produkt\/youtuberek-elete\/#primaryimage","url":"https:\/\/prismagamers.com\/wp-content\/uploads\/2025\/01\/Youtubers-Life1-e1735748487301.jpeg","contentUrl":"https:\/\/prismagamers.com\/wp-content\/uploads\/2025\/01\/Youtubers-Life1-e1735748487301.jpeg","width":300,"height":450},{"@type":"BreadcrumbList","@id":"https:\/\/prismagamers.com\/hu\/produkt\/youtuberek-elete\/#breadcrumb","itemListElement":[{"@type":"ListItem","position":1,"name":"Strona g\u0142\u00f3wna","item":"https:\/\/prismagamers.com\/hu\/prismagamers\/"},{"@type":"ListItem","position":2,"name":"Shop","item":"https:\/\/prismagamers.com\/hu\/shop\/"},{"@type":"ListItem","position":3,"name":"Youtuberek \u00e9lete"}]},{"@type":"WebSite","@id":"https:\/\/prismagamers.com\/hu\/#website","url":"https:\/\/prismagamers.com\/hu\/","name":"Prismagamers","description":"Sklep z grami PC I Sklep klucze Steam","publisher":{"@id":"https:\/\/prismagamers.com\/hu\/#organization"},"potentialAction":[{"@type":"SearchAction","target":{"@type":"EntryPoint","urlTemplate":"https:\/\/prismagamers.com\/hu\/?s={search_term_string}"},"query-input":{"@type":"PropertyValueSpecification","valueRequired":true,"valueName":"search_term_string"}}],"inLanguage":"hu"},{"@type":"Organization","@id":"https:\/\/prismagamers.com\/hu\/#organization","name":"Prismagamers","url":"https:\/\/prismagamers.com\/hu\/","logo":{"@type":"ImageObject","inLanguage":"hu","@id":"https:\/\/prismagamers.com\/hu\/#\/schema\/logo\/image\/","url":"https:\/\/prismagamers.com\/wp-content\/uploads\/2022\/04\/cropped-logo-Prismagamers-01-scaled-1.jpg","contentUrl":"https:\/\/prismagamers.com\/wp-content\/uploads\/2022\/04\/cropped-logo-Prismagamers-01-scaled-1.jpg","width":512,"height":512,"caption":"Prismagamers"},"image":{"@id":"https:\/\/prismagamers.com\/hu\/#\/schema\/logo\/image\/"},"sameAs":["https:\/\/www.facebook.com\/prismagamers","https:\/\/www.instagram.com\/prismagamers_grycyfrowe\/"],"description":"Prismagamers.com to dynamiczny sklep z grami cyfrowymi, stworzony z my\u015bl\u0105 o entuzjastach gier wideo. Nasza strona oferuje szerok\u0105 gam\u0119 gier komputerowych, w tym najnowsze tytu\u0142y, dobrze znane klasyki oraz gry stworzone przez niezale\u017cne studia Ca\u0142y czas d\u0105\u017cymy do rozszerzenia naszej oferty. Do\u0142\u0105cz do nas i sta\u0144 si\u0119 cz\u0119\u015bci\u0105 naszej rosn\u0105cej spo\u0142eczno\u015bci graczy!","email":"shop@prismagamers.com","telephone":"48795541705","legalName":"East Caravan Maksym \u017bukow","foundingDate":"2012-05-10","vatID":"PL8943038612","taxID":"PL8943038612","numberOfEmployees":{"@type":"QuantitativeValue","minValue":"11","maxValue":"50"}}]}},"_links":{"self":[{"href":"https:\/\/prismagamers.com\/hu\/wp-json\/wp\/v2\/product\/35440","targetHints":{"allow":["GET"]}}],"collection":[{"href":"https:\/\/prismagamers.com\/hu\/wp-json\/wp\/v2\/product"}],"about":[{"href":"https:\/\/prismagamers.com\/hu\/wp-json\/wp\/v2\/types\/product"}],"wp:featuredmedia":[{"embeddable":true,"href":"https:\/\/prismagamers.com\/hu\/wp-json\/wp\/v2\/media\/33512"}],"wp:attachment":[{"href":"https:\/\/prismagamers.com\/hu\/wp-json\/wp\/v2\/media?parent=35440"}],"wp:term":[{"taxonomy":"product_brand","embeddable":true,"href":"https:\/\/prismagamers.com\/hu\/wp-json\/wp\/v2\/product_brand?post=35440"},{"taxonomy":"product_cat","embeddable":true,"href":"https:\/\/prismagamers.com\/hu\/wp-json\/wp\/v2\/product_cat?post=35440"},{"taxonomy":"product_tag","embeddable":true,"href":"https:\/\/prismagamers.com\/hu\/wp-json\/wp\/v2\/product_tag?post=35440"}],"curies":[{"name":"wp","href":"https:\/\/api.w.org\/{rel}","templated":true}]}}