{"id":35454,"date":"2025-04-02T22:14:49","date_gmt":"2025-04-02T20:14:49","guid":{"rendered":"https:\/\/prismagamers.com\/produkt\/aszok-es-kalandok\/"},"modified":"2026-03-05T00:00:52","modified_gmt":"2026-03-04T23:00:52","slug":"aszok-es-kalandok","status":"publish","type":"product","link":"https:\/\/prismagamers.com\/hu\/produkt\/aszok-es-kalandok\/","title":{"rendered":"Aces &#038; Adventures"},"content":{"rendered":"<p data-start=\"0\" data-end=\"49\"><strong data-start=\"0\" data-end=\"49\">P\u00f3ker alap\u00fa pakli\u00e9p\u00edt\u0151 kaland<\/strong><\/p>\n<p data-start=\"51\" data-end=\"620\">H\u00e1rom asztal \u00e1ll egy k\u00f6vekb\u0151l \u00e1ll\u00f3 k\u00f6rben az \u0151si erd\u0151k k\u00f6d\u00f6s sz\u00edv\u00e9ben, kaput nyitva egy \u00e9szaki \u00e9s k\u00f6zel-keleti mitol\u00f3gia \u00e1ltal inspir\u00e1lt, sz\u00e1rnyal\u00f3 vil\u00e1gba. Ott \u00fatnak indulsz, hogy megmentsd Cardrasilt, az \u00c9let f\u00e1j\u00e1t a gy\u00f6kereit r\u00e1g\u00f3 gonoszt\u00f3l. A r\u00e1d b\u00edzott elvar\u00e1zsolt pakli minden egyes lapja egy-egy \u00e1g\u00e1r\u00f3l leszak\u00edtott lev\u00e9l. Haszn\u00e1ld \u0151ket k\u00e9pess\u00e9geid el\u0151h\u00edv\u00e1s\u00e1ra \u00e9s puszt\u00edt\u00f3 p\u00f3ker alap\u00fa t\u00e1mad\u00e1sok bevet\u00e9s\u00e9re. Fejleszd az er\u0151det, \u00e1pold a saj\u00e1t paklidat, de siess! Az \u00e9vszakok v\u00e1ltoznak, a melegs\u00e9g nem lesz el\u00e9rhet\u0151 \u00f6r\u00f6kk\u00e9.<\/p>\n<p data-start=\"51\" data-end=\"620\"><img decoding=\"async\" class=\"bb_img aligncenter\" src=\"https:\/\/shared.fastly.steamstatic.com\/store_item_assets\/steam\/apps\/1815570\/extras\/en_StoreGifPairs_1.gif?t=1731955791\" \/><\/p>\n<p data-start=\"622\" data-end=\"655\"><strong data-start=\"622\" data-end=\"655\">\u00daj j\u00e1t\u00e9km\u00f3d Invernal Spiral<\/strong><\/p>\n<p data-start=\"657\" data-end=\"869\">Az Aces &amp; Adventures: Invernal Spiral teljesen \u00faj j\u00e1t\u00e9km\u00f3dja a paklimenedzsment m\u00f3d, amelyet olyan j\u00e1t\u00e9kok ihlettek, mint a Slay the Spire, \u00e9s amely lehet\u0151v\u00e9 teszi, hogy egy hossz\u00fa kaland sor\u00e1n fel\u00e9p\u00edtsd \u00e9s m\u00f3dos\u00edtsd a paklidat.<\/p>\n<ul data-start=\"871\" data-end=\"1340\">\n<li data-start=\"871\" data-end=\"935\">\n<p data-start=\"873\" data-end=\"935\">Dinamikus, gyors temp\u00f3j\u00fa j\u00e1t\u00e9kmenet 10-20 perces \u00fcl\u00e9sekben.<\/p>\n<\/li>\n<li data-start=\"936\" data-end=\"1021\">\n<p data-start=\"938\" data-end=\"1021\">5 karakter, mindegyik saj\u00e1t k\u00e9pess\u00e9gt\u00e1rral \u00e9s 30 fejl\u0151d\u00e9si szinttel.<\/p>\n<\/li>\n<li data-start=\"1022\" data-end=\"1085\">\n<p data-start=\"1024\" data-end=\"1085\">Nyisd fel az er\u0151teljes funkci\u00f3kat \u00e9s felszerel\u00e9seket, ahogy haladsz el\u0151re a j\u00e1t\u00e9kban.<\/p>\n<\/li>\n<li data-start=\"1086\" data-end=\"1179\">\n<p data-start=\"1088\" data-end=\"1179\">13 teljesen szinkroniz\u00e1lt kamp\u00e1ny \u00e9s n\u00e9gy j\u00e1t\u00e9k, \u00f6sszesen 52 szint n\u00f6vekv\u0151 kih\u00edv\u00e1ssal.<\/p>\n<\/li>\n<li data-start=\"1180\" data-end=\"1264\">\n<p data-start=\"1182\" data-end=\"1264\">A procedur\u00e1lisan gener\u00e1lt k\u00f6r\u00f6k v\u00e9gtelen, egyedi \u00e9lm\u00e9nyt ny\u00fajtanak.<\/p>\n<\/li>\n<li data-start=\"1265\" data-end=\"1340\">\n<p data-start=\"1267\" data-end=\"1340\">\u00c9p\u00edtsd meg a saj\u00e1t paklidat, \u00e9s fejleszd a k\u00e9pess\u00e9geidet az elit \u00e9s a legenda szintre.<\/p>\n<\/li>\n<\/ul>\n<p><img decoding=\"async\" class=\"bb_img aligncenter\" src=\"https:\/\/shared.fastly.steamstatic.com\/store_item_assets\/steam\/apps\/1815570\/extras\/en_StoreGifPairs_2.gif?t=1731955791\" \/><\/p>\n","protected":false},"excerpt":{"rendered":"<p class=\"ai-optimize-22\"><strong data-start=\"0\" data-end=\"21\" data-is-only-node=\"\">Az Aces &amp; Adventures<\/strong> egy pakli\u00e9p\u00edt\u0151 elemekkel ell\u00e1tott RPG, ahol a harc a p\u00f3kerkombin\u00e1ci\u00f3kon alapul. K\u00e9sz\u00edtsd el a paklidat p\u00f3kerk\u00e1rtya elrendez\u00e9sek \u00e9s er\u0151s k\u00e9pess\u00e9gk\u00e1rty\u00e1k kombin\u00e1l\u00e1s\u00e1val. Indulj \u00fatnak 13 teljesen szinkroniz\u00e1lt kamp\u00e1nyon kereszt\u00fcl, hogy megmentsd az \u00c9let f\u00e1j\u00e1t, vagy n\u00e9zz szembe procedur\u00e1lisan gener\u00e1lt k\u00f6r\u00f6kkel ebben a strat\u00e9giai pakli\u00e9p\u00edt\u0151 j\u00e1t\u00e9kban, amely kiemelkedik a t\u00f6bbi pakli\u00e9p\u00edt\u0151 j\u00e1t\u00e9k k\u00f6z\u00fcl.<\/p>\n<p class=\"ai-optimize-23\">\ud83c\udf0d Glob\u00e1lis<br \/>\n\u2699\ufe0f Steam<br \/>\n\ud83d\udddd Digit\u00e1lis kulcs<\/p>\n","protected":false},"featured_media":35446,"template":"","meta":{"_acf_changed":false,"site-sidebar-layout":"default","site-content-layout":"","ast-site-content-layout":"default","site-content-style":"default","site-sidebar-style":"default","ast-global-header-display":"","ast-banner-title-visibility":"","ast-main-header-display":"","ast-hfb-above-header-display":"","ast-hfb-below-header-display":"","ast-hfb-mobile-header-display":"","site-post-title":"","ast-breadcrumbs-content":"","ast-featured-img":"","footer-sml-layout":"","ast-disable-related-posts":"","theme-transparent-header-meta":"default","adv-header-id-meta":"","stick-header-meta":"","header-above-stick-meta":"","header-main-stick-meta":"","header-below-stick-meta":"","astra-migrate-meta-layouts":"set","ast-page-background-enabled":"default","ast-page-background-meta":{"desktop":{"background-color":"var(--ast-global-color-4)","background-image":"","background-repeat":"repeat","background-position":"center center","background-size":"auto","background-attachment":"scroll","background-type":"","background-media":"","overlay-type":"","overlay-color":"","overlay-opacity":"","overlay-gradient":""},"tablet":{"background-color":"","background-image":"","background-repeat":"repeat","background-position":"center center","background-size":"auto","background-attachment":"scroll","background-type":"","background-media":"","overlay-type":"","overlay-color":"","overlay-opacity":"","overlay-gradient":""},"mobile":{"background-color":"","background-image":"","background-repeat":"repeat","background-position":"center center","background-size":"auto","background-attachment":"scroll","background-type":"","background-media":"","overlay-type":"","overlay-color":"","overlay-opacity":"","overlay-gradient":""}},"ast-content-background-meta":{"desktop":{"background-color":"var(--ast-global-color-5)","background-image":"","background-repeat":"repeat","background-position":"center center","background-size":"auto","background-attachment":"scroll","background-type":"","background-media":"","overlay-type":"","overlay-color":"","overlay-opacity":"","overlay-gradient":""},"tablet":{"background-color":"var(--ast-global-color-5)","background-image":"","background-repeat":"repeat","background-position":"center center","background-size":"auto","background-attachment":"scroll","background-type":"","background-media":"","overlay-type":"","overlay-color":"","overlay-opacity":"","overlay-gradient":""},"mobile":{"background-color":"var(--ast-global-color-5)","background-image":"","background-repeat":"repeat","background-position":"center center","background-size":"auto","background-attachment":"scroll","background-type":"","background-media":"","overlay-type":"","overlay-color":"","overlay-opacity":"","overlay-gradient":""}}},"product_brand":[],"product_cat":[369,365,363,403,386,391],"product_tag":[],"class_list":{"0":"post-35454","1":"product","2":"type-product","3":"status-publish","4":"has-post-thumbnail","6":"product_cat-csarnokok","7":"product_cat-goz","8":"product_cat-kaland-jatekok","9":"product_cat-kartyak","10":"product_cat-strategiai-jatekok","11":"product_cat-yogscast-jatekok","12":"desktop-align-left","13":"tablet-align-left","14":"mobile-align-left","16":"first","17":"instock","18":"virtual","19":"purchasable","20":"product-type-simple"},"acf":[],"yoast_head":"<!-- This site is optimized with the Yoast SEO Premium plugin v27.5 (Yoast SEO v27.5) - https:\/\/yoast.com\/product\/yoast-seo-premium-wordpress\/ -->\n<title>Aces &amp; Adventures - Prismagamers.com<\/title>\n<meta name=\"description\" content=\"Az Aces &amp; Adventures egy pakli\u00e9p\u00edt\u0151 elemekkel ell\u00e1tott RPG, ahol a harc a p\u00f3kerkombin\u00e1ci\u00f3kon alapul. K\u00e9sz\u00edtsd el a paklidat p\u00f3kerk\u00e1rtya elrendez\u00e9sek \u00e9s er\u0151s k\u00e9pess\u00e9gk\u00e1rty\u00e1k kombin\u00e1l\u00e1s\u00e1val. Indulj \u00fatnak 13 teljesen szinkroniz\u00e1lt kamp\u00e1nyon kereszt\u00fcl, hogy megmentsd az \u00c9let f\u00e1j\u00e1t, vagy n\u00e9zz szembe procedur\u00e1lisan gener\u00e1lt k\u00f6r\u00f6kkel ebben a strat\u00e9giai pakli\u00e9p\u00edt\u0151 j\u00e1t\u00e9kban, amely kiemelkedik a t\u00f6bbi pakli\u00e9p\u00edt\u0151 j\u00e1t\u00e9k k\u00f6z\u00fcl. \ud83c\udf0d Glob\u00e1lis \u2699\ufe0f Steam \ud83d\udddd Digit\u00e1lis kulcs\" \/>\n<meta name=\"robots\" content=\"index, follow, max-snippet:-1, max-image-preview:large, max-video-preview:-1\" \/>\n<link rel=\"canonical\" href=\"https:\/\/prismagamers.com\/hu\/produkt\/aszok-es-kalandok\/\" \/>\n<meta property=\"og:locale\" content=\"hu_HU\" \/>\n<meta property=\"og:type\" content=\"article\" \/>\n<meta property=\"og:title\" content=\"Aces &amp; Adventures\" \/>\n<meta property=\"og:description\" content=\"Az Aces &amp; Adventures egy pakli\u00e9p\u00edt\u0151 elemekkel ell\u00e1tott RPG, ahol a harc a p\u00f3kerkombin\u00e1ci\u00f3kon alapul. K\u00e9sz\u00edtsd el a paklidat p\u00f3kerk\u00e1rtya elrendez\u00e9sek \u00e9s er\u0151s k\u00e9pess\u00e9gk\u00e1rty\u00e1k kombin\u00e1l\u00e1s\u00e1val. Indulj \u00fatnak 13 teljesen szinkroniz\u00e1lt kamp\u00e1nyon kereszt\u00fcl, hogy megmentsd az \u00c9let f\u00e1j\u00e1t, vagy n\u00e9zz szembe procedur\u00e1lisan gener\u00e1lt k\u00f6r\u00f6kkel ebben a strat\u00e9giai pakli\u00e9p\u00edt\u0151 j\u00e1t\u00e9kban, amely kiemelkedik a t\u00f6bbi pakli\u00e9p\u00edt\u0151 j\u00e1t\u00e9k k\u00f6z\u00fcl. \ud83c\udf0d Glob\u00e1lis \u2699\ufe0f Steam \ud83d\udddd Digit\u00e1lis kulcs\" \/>\n<meta property=\"og:url\" content=\"https:\/\/prismagamers.com\/hu\/produkt\/aszok-es-kalandok\/\" \/>\n<meta property=\"og:site_name\" content=\"Prismagamers.com\" \/>\n<meta property=\"article:publisher\" content=\"https:\/\/www.facebook.com\/prismagamers\" \/>\n<meta property=\"article:modified_time\" content=\"2026-03-04T23:00:52+00:00\" \/>\n<meta property=\"og:image\" content=\"https:\/\/prismagamers.com\/wp-content\/uploads\/2025\/04\/library_600x900_2x-2.jpg\" \/>\n\t<meta property=\"og:image:width\" content=\"600\" \/>\n\t<meta property=\"og:image:height\" content=\"900\" \/>\n\t<meta property=\"og:image:type\" content=\"image\/jpeg\" \/>\n<meta name=\"twitter:card\" content=\"summary_large_image\" \/>\n<meta name=\"twitter:label1\" content=\"Becs\u00fclt olvas\u00e1si id\u0151\" \/>\n\t<meta name=\"twitter:data1\" content=\"2 perc\" \/>\n<script type=\"application\/ld+json\" class=\"yoast-schema-graph\">{\"@context\":\"https:\\\/\\\/schema.org\",\"@graph\":[{\"@type\":\"WebPage\",\"@id\":\"https:\\\/\\\/prismagamers.com\\\/hu\\\/produkt\\\/aszok-es-kalandok\\\/\",\"url\":\"https:\\\/\\\/prismagamers.com\\\/hu\\\/produkt\\\/aszok-es-kalandok\\\/\",\"name\":\"Aces & Adventures - Prismagamers.com\",\"isPartOf\":{\"@id\":\"https:\\\/\\\/prismagamers.com\\\/hu\\\/#website\"},\"primaryImageOfPage\":{\"@id\":\"https:\\\/\\\/prismagamers.com\\\/hu\\\/produkt\\\/aszok-es-kalandok\\\/#primaryimage\"},\"image\":{\"@id\":\"https:\\\/\\\/prismagamers.com\\\/hu\\\/produkt\\\/aszok-es-kalandok\\\/#primaryimage\"},\"thumbnailUrl\":\"https:\\\/\\\/prismagamers.com\\\/wp-content\\\/uploads\\\/2025\\\/04\\\/library_600x900_2x-2.jpg\",\"datePublished\":\"2025-04-02T20:14:49+00:00\",\"dateModified\":\"2026-03-04T23:00:52+00:00\",\"description\":\"Az Aces &amp; Adventures egy pakli\u00e9p\u00edt\u0151 elemekkel ell\u00e1tott RPG, ahol a harc a p\u00f3kerkombin\u00e1ci\u00f3kon alapul. K\u00e9sz\u00edtsd el a paklidat p\u00f3kerk\u00e1rtya elrendez\u00e9sek \u00e9s er\u0151s k\u00e9pess\u00e9gk\u00e1rty\u00e1k kombin\u00e1l\u00e1s\u00e1val. Indulj \u00fatnak 13 teljesen szinkroniz\u00e1lt kamp\u00e1nyon kereszt\u00fcl, hogy megmentsd az \u00c9let f\u00e1j\u00e1t, vagy n\u00e9zz szembe procedur\u00e1lisan gener\u00e1lt k\u00f6r\u00f6kkel ebben a strat\u00e9giai pakli\u00e9p\u00edt\u0151 j\u00e1t\u00e9kban, amely kiemelkedik a t\u00f6bbi pakli\u00e9p\u00edt\u0151 j\u00e1t\u00e9k k\u00f6z\u00fcl. \ud83c\udf0d Glob\u00e1lis \u2699\ufe0f Steam \ud83d\udddd Digit\u00e1lis kulcs\",\"breadcrumb\":{\"@id\":\"https:\\\/\\\/prismagamers.com\\\/hu\\\/produkt\\\/aszok-es-kalandok\\\/#breadcrumb\"},\"inLanguage\":\"hu\",\"potentialAction\":[{\"@type\":\"ReadAction\",\"target\":[\"https:\\\/\\\/prismagamers.com\\\/hu\\\/produkt\\\/aszok-es-kalandok\\\/\"]}]},{\"@type\":\"ImageObject\",\"inLanguage\":\"hu\",\"@id\":\"https:\\\/\\\/prismagamers.com\\\/hu\\\/produkt\\\/aszok-es-kalandok\\\/#primaryimage\",\"url\":\"https:\\\/\\\/prismagamers.com\\\/wp-content\\\/uploads\\\/2025\\\/04\\\/library_600x900_2x-2.jpg\",\"contentUrl\":\"https:\\\/\\\/prismagamers.com\\\/wp-content\\\/uploads\\\/2025\\\/04\\\/library_600x900_2x-2.jpg\",\"width\":600,\"height\":900,\"caption\":\"Aces &amp; Adventures boxshot\"},{\"@type\":\"BreadcrumbList\",\"@id\":\"https:\\\/\\\/prismagamers.com\\\/hu\\\/produkt\\\/aszok-es-kalandok\\\/#breadcrumb\",\"itemListElement\":[{\"@type\":\"ListItem\",\"position\":1,\"name\":\"Strona g\u0142\u00f3wna\",\"item\":\"https:\\\/\\\/prismagamers.com\\\/hu\\\/prismagamers\\\/\"},{\"@type\":\"ListItem\",\"position\":2,\"name\":\"Shop\",\"item\":\"https:\\\/\\\/prismagamers.com\\\/hu\\\/shop\\\/\"},{\"@type\":\"ListItem\",\"position\":3,\"name\":\"Aces &#038; Adventures\"}]},{\"@type\":\"WebSite\",\"@id\":\"https:\\\/\\\/prismagamers.com\\\/hu\\\/#website\",\"url\":\"https:\\\/\\\/prismagamers.com\\\/hu\\\/\",\"name\":\"Prismagamers\",\"description\":\"Sklep z grami PC I Sklep klucze Steam\",\"publisher\":{\"@id\":\"https:\\\/\\\/prismagamers.com\\\/hu\\\/#organization\"},\"potentialAction\":[{\"@type\":\"SearchAction\",\"target\":{\"@type\":\"EntryPoint\",\"urlTemplate\":\"https:\\\/\\\/prismagamers.com\\\/hu\\\/?s={search_term_string}\"},\"query-input\":{\"@type\":\"PropertyValueSpecification\",\"valueRequired\":true,\"valueName\":\"search_term_string\"}}],\"inLanguage\":\"hu\"},{\"@type\":\"Organization\",\"@id\":\"https:\\\/\\\/prismagamers.com\\\/hu\\\/#organization\",\"name\":\"Prismagamers\",\"url\":\"https:\\\/\\\/prismagamers.com\\\/hu\\\/\",\"logo\":{\"@type\":\"ImageObject\",\"inLanguage\":\"hu\",\"@id\":\"https:\\\/\\\/prismagamers.com\\\/hu\\\/#\\\/schema\\\/logo\\\/image\\\/\",\"url\":\"https:\\\/\\\/prismagamers.com\\\/wp-content\\\/uploads\\\/2022\\\/04\\\/cropped-logo-Prismagamers-01-scaled-1.jpg\",\"contentUrl\":\"https:\\\/\\\/prismagamers.com\\\/wp-content\\\/uploads\\\/2022\\\/04\\\/cropped-logo-Prismagamers-01-scaled-1.jpg\",\"width\":512,\"height\":512,\"caption\":\"Prismagamers\"},\"image\":{\"@id\":\"https:\\\/\\\/prismagamers.com\\\/hu\\\/#\\\/schema\\\/logo\\\/image\\\/\"},\"sameAs\":[\"https:\\\/\\\/www.facebook.com\\\/prismagamers\",\"https:\\\/\\\/www.instagram.com\\\/prismagamers_grycyfrowe\\\/\"],\"description\":\"Prismagamers.com to dynamiczny sklep z grami cyfrowymi, stworzony z my\u015bl\u0105 o entuzjastach gier wideo. Nasza strona oferuje szerok\u0105 gam\u0119 gier komputerowych, w tym najnowsze tytu\u0142y, dobrze znane klasyki oraz gry stworzone przez niezale\u017cne studia Ca\u0142y czas d\u0105\u017cymy do rozszerzenia naszej oferty. Do\u0142\u0105cz do nas i sta\u0144 si\u0119 cz\u0119\u015bci\u0105 naszej rosn\u0105cej spo\u0142eczno\u015bci graczy!\",\"email\":\"shop@prismagamers.com\",\"telephone\":\"48795541705\",\"legalName\":\"East Caravan Maksym \u017bukow\",\"foundingDate\":\"2012-05-10\",\"vatID\":\"PL8943038612\",\"taxID\":\"PL8943038612\",\"numberOfEmployees\":{\"@type\":\"QuantitativeValue\",\"minValue\":\"11\",\"maxValue\":\"50\"}}]}<\/script>\n<!-- \/ Yoast SEO Premium plugin. -->","yoast_head_json":{"title":"Aces & Adventures - Prismagamers.com","description":"Az Aces &amp; Adventures egy pakli\u00e9p\u00edt\u0151 elemekkel ell\u00e1tott RPG, ahol a harc a p\u00f3kerkombin\u00e1ci\u00f3kon alapul. K\u00e9sz\u00edtsd el a paklidat p\u00f3kerk\u00e1rtya elrendez\u00e9sek \u00e9s er\u0151s k\u00e9pess\u00e9gk\u00e1rty\u00e1k kombin\u00e1l\u00e1s\u00e1val. Indulj \u00fatnak 13 teljesen szinkroniz\u00e1lt kamp\u00e1nyon kereszt\u00fcl, hogy megmentsd az \u00c9let f\u00e1j\u00e1t, vagy n\u00e9zz szembe procedur\u00e1lisan gener\u00e1lt k\u00f6r\u00f6kkel ebben a strat\u00e9giai pakli\u00e9p\u00edt\u0151 j\u00e1t\u00e9kban, amely kiemelkedik a t\u00f6bbi pakli\u00e9p\u00edt\u0151 j\u00e1t\u00e9k k\u00f6z\u00fcl. \ud83c\udf0d Glob\u00e1lis \u2699\ufe0f Steam \ud83d\udddd Digit\u00e1lis kulcs","robots":{"index":"index","follow":"follow","max-snippet":"max-snippet:-1","max-image-preview":"max-image-preview:large","max-video-preview":"max-video-preview:-1"},"canonical":"https:\/\/prismagamers.com\/hu\/produkt\/aszok-es-kalandok\/","og_locale":"hu_HU","og_type":"article","og_title":"Aces & Adventures","og_description":"Az Aces &amp; Adventures egy pakli\u00e9p\u00edt\u0151 elemekkel ell\u00e1tott RPG, ahol a harc a p\u00f3kerkombin\u00e1ci\u00f3kon alapul. K\u00e9sz\u00edtsd el a paklidat p\u00f3kerk\u00e1rtya elrendez\u00e9sek \u00e9s er\u0151s k\u00e9pess\u00e9gk\u00e1rty\u00e1k kombin\u00e1l\u00e1s\u00e1val. Indulj \u00fatnak 13 teljesen szinkroniz\u00e1lt kamp\u00e1nyon kereszt\u00fcl, hogy megmentsd az \u00c9let f\u00e1j\u00e1t, vagy n\u00e9zz szembe procedur\u00e1lisan gener\u00e1lt k\u00f6r\u00f6kkel ebben a strat\u00e9giai pakli\u00e9p\u00edt\u0151 j\u00e1t\u00e9kban, amely kiemelkedik a t\u00f6bbi pakli\u00e9p\u00edt\u0151 j\u00e1t\u00e9k k\u00f6z\u00fcl. \ud83c\udf0d Glob\u00e1lis \u2699\ufe0f Steam \ud83d\udddd Digit\u00e1lis kulcs","og_url":"https:\/\/prismagamers.com\/hu\/produkt\/aszok-es-kalandok\/","og_site_name":"Prismagamers.com","article_publisher":"https:\/\/www.facebook.com\/prismagamers","article_modified_time":"2026-03-04T23:00:52+00:00","og_image":[{"width":600,"height":900,"url":"https:\/\/prismagamers.com\/wp-content\/uploads\/2025\/04\/library_600x900_2x-2.jpg","type":"image\/jpeg"}],"twitter_card":"summary_large_image","twitter_misc":{"Becs\u00fclt olvas\u00e1si id\u0151":"2 perc"},"schema":{"@context":"https:\/\/schema.org","@graph":[{"@type":"WebPage","@id":"https:\/\/prismagamers.com\/hu\/produkt\/aszok-es-kalandok\/","url":"https:\/\/prismagamers.com\/hu\/produkt\/aszok-es-kalandok\/","name":"Aces & Adventures - Prismagamers.com","isPartOf":{"@id":"https:\/\/prismagamers.com\/hu\/#website"},"primaryImageOfPage":{"@id":"https:\/\/prismagamers.com\/hu\/produkt\/aszok-es-kalandok\/#primaryimage"},"image":{"@id":"https:\/\/prismagamers.com\/hu\/produkt\/aszok-es-kalandok\/#primaryimage"},"thumbnailUrl":"https:\/\/prismagamers.com\/wp-content\/uploads\/2025\/04\/library_600x900_2x-2.jpg","datePublished":"2025-04-02T20:14:49+00:00","dateModified":"2026-03-04T23:00:52+00:00","description":"Az Aces &amp; Adventures egy pakli\u00e9p\u00edt\u0151 elemekkel ell\u00e1tott RPG, ahol a harc a p\u00f3kerkombin\u00e1ci\u00f3kon alapul. K\u00e9sz\u00edtsd el a paklidat p\u00f3kerk\u00e1rtya elrendez\u00e9sek \u00e9s er\u0151s k\u00e9pess\u00e9gk\u00e1rty\u00e1k kombin\u00e1l\u00e1s\u00e1val. Indulj \u00fatnak 13 teljesen szinkroniz\u00e1lt kamp\u00e1nyon kereszt\u00fcl, hogy megmentsd az \u00c9let f\u00e1j\u00e1t, vagy n\u00e9zz szembe procedur\u00e1lisan gener\u00e1lt k\u00f6r\u00f6kkel ebben a strat\u00e9giai pakli\u00e9p\u00edt\u0151 j\u00e1t\u00e9kban, amely kiemelkedik a t\u00f6bbi pakli\u00e9p\u00edt\u0151 j\u00e1t\u00e9k k\u00f6z\u00fcl. \ud83c\udf0d Glob\u00e1lis \u2699\ufe0f Steam \ud83d\udddd Digit\u00e1lis kulcs","breadcrumb":{"@id":"https:\/\/prismagamers.com\/hu\/produkt\/aszok-es-kalandok\/#breadcrumb"},"inLanguage":"hu","potentialAction":[{"@type":"ReadAction","target":["https:\/\/prismagamers.com\/hu\/produkt\/aszok-es-kalandok\/"]}]},{"@type":"ImageObject","inLanguage":"hu","@id":"https:\/\/prismagamers.com\/hu\/produkt\/aszok-es-kalandok\/#primaryimage","url":"https:\/\/prismagamers.com\/wp-content\/uploads\/2025\/04\/library_600x900_2x-2.jpg","contentUrl":"https:\/\/prismagamers.com\/wp-content\/uploads\/2025\/04\/library_600x900_2x-2.jpg","width":600,"height":900,"caption":"Aces &amp; Adventures boxshot"},{"@type":"BreadcrumbList","@id":"https:\/\/prismagamers.com\/hu\/produkt\/aszok-es-kalandok\/#breadcrumb","itemListElement":[{"@type":"ListItem","position":1,"name":"Strona g\u0142\u00f3wna","item":"https:\/\/prismagamers.com\/hu\/prismagamers\/"},{"@type":"ListItem","position":2,"name":"Shop","item":"https:\/\/prismagamers.com\/hu\/shop\/"},{"@type":"ListItem","position":3,"name":"Aces &#038; Adventures"}]},{"@type":"WebSite","@id":"https:\/\/prismagamers.com\/hu\/#website","url":"https:\/\/prismagamers.com\/hu\/","name":"Prismagamers","description":"Sklep z grami PC I Sklep klucze Steam","publisher":{"@id":"https:\/\/prismagamers.com\/hu\/#organization"},"potentialAction":[{"@type":"SearchAction","target":{"@type":"EntryPoint","urlTemplate":"https:\/\/prismagamers.com\/hu\/?s={search_term_string}"},"query-input":{"@type":"PropertyValueSpecification","valueRequired":true,"valueName":"search_term_string"}}],"inLanguage":"hu"},{"@type":"Organization","@id":"https:\/\/prismagamers.com\/hu\/#organization","name":"Prismagamers","url":"https:\/\/prismagamers.com\/hu\/","logo":{"@type":"ImageObject","inLanguage":"hu","@id":"https:\/\/prismagamers.com\/hu\/#\/schema\/logo\/image\/","url":"https:\/\/prismagamers.com\/wp-content\/uploads\/2022\/04\/cropped-logo-Prismagamers-01-scaled-1.jpg","contentUrl":"https:\/\/prismagamers.com\/wp-content\/uploads\/2022\/04\/cropped-logo-Prismagamers-01-scaled-1.jpg","width":512,"height":512,"caption":"Prismagamers"},"image":{"@id":"https:\/\/prismagamers.com\/hu\/#\/schema\/logo\/image\/"},"sameAs":["https:\/\/www.facebook.com\/prismagamers","https:\/\/www.instagram.com\/prismagamers_grycyfrowe\/"],"description":"Prismagamers.com to dynamiczny sklep z grami cyfrowymi, stworzony z my\u015bl\u0105 o entuzjastach gier wideo. Nasza strona oferuje szerok\u0105 gam\u0119 gier komputerowych, w tym najnowsze tytu\u0142y, dobrze znane klasyki oraz gry stworzone przez niezale\u017cne studia Ca\u0142y czas d\u0105\u017cymy do rozszerzenia naszej oferty. Do\u0142\u0105cz do nas i sta\u0144 si\u0119 cz\u0119\u015bci\u0105 naszej rosn\u0105cej spo\u0142eczno\u015bci graczy!","email":"shop@prismagamers.com","telephone":"48795541705","legalName":"East Caravan Maksym \u017bukow","foundingDate":"2012-05-10","vatID":"PL8943038612","taxID":"PL8943038612","numberOfEmployees":{"@type":"QuantitativeValue","minValue":"11","maxValue":"50"}}]}},"_links":{"self":[{"href":"https:\/\/prismagamers.com\/hu\/wp-json\/wp\/v2\/product\/35454","targetHints":{"allow":["GET"]}}],"collection":[{"href":"https:\/\/prismagamers.com\/hu\/wp-json\/wp\/v2\/product"}],"about":[{"href":"https:\/\/prismagamers.com\/hu\/wp-json\/wp\/v2\/types\/product"}],"wp:featuredmedia":[{"embeddable":true,"href":"https:\/\/prismagamers.com\/hu\/wp-json\/wp\/v2\/media\/35446"}],"wp:attachment":[{"href":"https:\/\/prismagamers.com\/hu\/wp-json\/wp\/v2\/media?parent=35454"}],"wp:term":[{"taxonomy":"product_brand","embeddable":true,"href":"https:\/\/prismagamers.com\/hu\/wp-json\/wp\/v2\/product_brand?post=35454"},{"taxonomy":"product_cat","embeddable":true,"href":"https:\/\/prismagamers.com\/hu\/wp-json\/wp\/v2\/product_cat?post=35454"},{"taxonomy":"product_tag","embeddable":true,"href":"https:\/\/prismagamers.com\/hu\/wp-json\/wp\/v2\/product_tag?post=35454"}],"curies":[{"name":"wp","href":"https:\/\/api.w.org\/{rel}","templated":true}]}}