{"id":35464,"date":"2025-04-02T22:22:07","date_gmt":"2025-04-02T20:22:07","guid":{"rendered":"https:\/\/prismagamers.com\/produkt\/a-hosszu-ejszakan-tul\/"},"modified":"2026-03-05T00:00:50","modified_gmt":"2026-03-04T23:00:50","slug":"a-hosszu-ejszakan-tul","status":"publish","type":"product","link":"https:\/\/prismagamers.com\/hu\/produkt\/a-hosszu-ejszakan-tul\/","title":{"rendered":"Beyond the Long Night"},"content":{"rendered":"<p data-start=\"0\" data-end=\"108\"><strong data-start=\"0\" data-end=\"108\">Egy b\u00e1jos twin-stick roguelike akci\u00f3j\u00e1t\u00e9k, ahol a hangs\u00faly a kaotikus harcra, aranyos karakterekre \u00e9s rejt\u00e9lyekre helyez\u0151dik!<\/strong><\/p>\n<p data-start=\"0\" data-end=\"108\"><img decoding=\"async\" class=\"bb_img aligncenter\" src=\"https:\/\/shared.fastly.steamstatic.com\/store_item_assets\/steam\/apps\/1730080\/extras\/en_StoreGifPairs_1.gif?t=1724771761\" \/><\/p>\n<p data-start=\"110\" data-end=\"475\">Fedezd fel a <strong data-start=\"119\" data-end=\"134\">Dark Mountaint<\/strong> &#8211; egy f\u00f6ldalatti vil\u00e1got, amely tele van sz\u00f6rnyekkel, titkokkal \u00e9s szerethet\u0151 karakterekkel. Oldj meg rejtv\u00e9nyeket, fejleszd a k\u00e9pess\u00e9geidet, \u00e9s k\u00fczdj \u00e1t h\u00e1rom v\u00e9letlenszer\u0171en gener\u00e1lt ter\u00fcleten, hogy megmenek\u00fclj a hal\u00e1los vihart\u00f3l, \u00e9s kijuss a fels\u0151 vil\u00e1gba. Fedezd fel a titkok nyom\u00e1t a f\u00e9listenek \u00e9s felfedez\u0151k \u0151si birodalm\u00e1ban, amely egy v\u00e9gtelen id\u0151hurokban rekedt.<\/p>\n<p data-start=\"477\" data-end=\"680\">Milyen kincsek v\u00e1rnak a Transvaalban? Van-e m\u00f3d a terjed\u0151 vihar meg\u00e1ll\u00edt\u00e1s\u00e1ra? Siker\u00fcl-e kiszabadulni a v\u00e9gtelen id\u0151hurokb\u00f3l? Minden kider\u00fclhet a hossz\u00fa \u00e9jszak\u00e1n t\u00fal.<\/p>\n<p data-start=\"477\" data-end=\"680\"><img decoding=\"async\" class=\"bb_img aligncenter\" src=\"https:\/\/shared.fastly.steamstatic.com\/store_item_assets\/steam\/apps\/1730080\/extras\/en_StoreGifPairs_2.gif?t=1724771761\" \/><\/p>\n<p data-start=\"682\" data-end=\"876\"><strong data-start=\"682\" data-end=\"700\">L\u00e9pj be a k\u00e1oszba<\/strong> &#8211; L\u0151j, cselezz, dobj t\u00e1rgyakat \u00e9s haszn\u00e1ld a szuperer\u0151ket, mik\u00f6zben \u00e1tverekeded magad a <strong data-start=\"773\" data-end=\"788\">Dark Mountain-en<\/strong>. Szerezz, kombin\u00e1lj \u00e9s fejlessz er\u0151teljes fejleszt\u00e9seket, hogy puszt\u00edt\u00e1st v\u00e9gezz ellens\u00e9geiden!<\/p>\n<p data-start=\"682\" data-end=\"876\"><img decoding=\"async\" class=\"bb_img aligncenter\" src=\"https:\/\/shared.fastly.steamstatic.com\/store_item_assets\/steam\/apps\/1730080\/extras\/en_StoreGifPairs_3.gif?t=1724771761\" \/><\/p>\n<p data-start=\"878\" data-end=\"1085\"><strong data-start=\"878\" data-end=\"922\">Bar\u00e1tkozz meg a hegylak\u00f3kkal<\/strong> &#8211; A f\u00f6ldalatti utaz\u00e1sod sor\u00e1n tal\u00e1lkozhatsz bar\u00e1ts\u00e1gos barlanglak\u00f3k sz\u00ednes csoportj\u00e1val. Teljes\u00edts mell\u00e9kk\u00fcldet\u00e9seket, \u00e9s k\u00f6vesd t\u00f6rt\u00e9net\u00fcket tov\u00e1bbi pr\u00f3bat\u00e9teleken kereszt\u00fcl.<\/p>\n<p data-start=\"1087\" data-end=\"1526\"><strong data-start=\"1087\" data-end=\"1144\">\u00c9lj t\u00fal egy hal\u00e1los vihart, \u00e9s fedezd fel a hegy titkait<\/strong> &#8211; Menek\u00fclj egy titokzatos, puszt\u00edt\u00f3 er\u0151 el\u0151l, amely \u00fcld\u00f6z a hegyen kereszt\u00fcl. Tal\u00e1ld meg a karaktered \u00e9s az id\u0151z\u00edt\u00e9sed, hogy elker\u00fcld a k\u00f6vetkezm\u00e9nyeket! Ismerd meg a vil\u00e1got j\u00e1t\u00e9konk\u00e9nt egyre jobban, oldj meg rejtv\u00e9nyeket, \u00e9s fedezd fel a vihar val\u00f3di term\u00e9szet\u00e9t, mik\u00f6zben megpr\u00f3b\u00e1lsz elmenek\u00fclni a Hossz\u00fa \u00c9jszaka el\u0151l. Gy\u0151zd le a j\u00e1t\u00e9kot, hogy feloldj \u00faj, er\u0151teljes fejleszt\u00e9seket, amelyek \u00faj j\u00e1t\u00e9klehet\u0151s\u00e9geket nyitnak meg.<\/p>\n<p data-start=\"1087\" data-end=\"1526\"><img decoding=\"async\" class=\"bb_img aligncenter\" src=\"https:\/\/shared.fastly.steamstatic.com\/store_item_assets\/steam\/apps\/1730080\/extras\/en_StoreGifPairs_4.gif?t=1724771761\" \/><\/p>\n<p data-start=\"1528\" data-end=\"1542\"><strong data-start=\"1528\" data-end=\"1542\">A j\u00e1t\u00e9k jellemz\u0151i:<\/strong><\/p>\n<ul data-start=\"1543\" data-end=\"2247\">\n<li data-start=\"1543\" data-end=\"1613\">\n<p data-start=\"1545\" data-end=\"1613\">Egy b\u00e1jos egyj\u00e1t\u00e9kos kaland egy id\u0151hurokban rekedt vil\u00e1gban.<\/p>\n<\/li>\n<li data-start=\"1614\" data-end=\"1702\">\n<p data-start=\"1616\" data-end=\"1702\">L\u0151j, t\u00e9rj ki, dob\u00e1lj t\u00e1rgyakat \u00e9s haszn\u00e1ld a szuperer\u0151ket, mik\u00f6zben \u00e1tverekeded magad a <strong data-start=\"1686\" data-end=\"1701\">S\u00f6t\u00e9t Hegyen<\/strong>.<\/p>\n<\/li>\n<li data-start=\"1703\" data-end=\"1793\">\n<p data-start=\"1705\" data-end=\"1793\">Az \u00f6sszes fejleszt\u00e9s v\u00e9gtelen, \u00e9s egym\u00e1ssal kombin\u00e1lva kaotikus kombin\u00e1ci\u00f3kat alkotnak.<\/p>\n<\/li>\n<li data-start=\"1794\" data-end=\"1814\">\n<p data-start=\"1796\" data-end=\"1814\">A z\u00e1szl\u00f3knak van fizik\u00e1juk.<\/p>\n<\/li>\n<li data-start=\"1815\" data-end=\"1920\">\n<p data-start=\"1817\" data-end=\"1920\">Menek\u00fclj a hal\u00e1los vihar el\u0151l, amely kamr\u00e1r\u00f3l kamr\u00e1ra terjed, \u00e9s \u00fcld\u00f6z t\u00e9ged a hegyre.<\/p>\n<\/li>\n<li data-start=\"1921\" data-end=\"1993\">\n<p data-start=\"1923\" data-end=\"1993\">Sz\u00ednes szerepl\u0151g\u00e1rda, akik a pr\u00f3b\u00e1k k\u00f6z\u00f6tt is eml\u00e9keznek r\u00e1d.<\/p>\n<\/li>\n<li data-start=\"1994\" data-end=\"2014\">\n<p data-start=\"1996\" data-end=\"2014\">Motiv\u00e1ci\u00f3s tehenek?<\/p>\n<\/li>\n<li data-start=\"2015\" data-end=\"2074\">\n<p data-start=\"2017\" data-end=\"2074\">Fedezz fel rejtv\u00e9nyeket \u00e9s titkokat a vil\u00e1g minden t\u00e1j\u00e1n.<\/p>\n<\/li>\n<li data-start=\"2075\" data-end=\"2149\">\n<p data-start=\"2077\" data-end=\"2149\">V\u00e9letlenszer\u0171en gener\u00e1lt t\u00e9rk\u00e9pek, egyedileg kialak\u00edtott helyis\u00e9gekkel.<\/p>\n<\/li>\n<li data-start=\"2150\" data-end=\"2247\">\n<p data-start=\"2152\" data-end=\"2247\">Rendk\u00edv\u00fcl hangulatos hangs\u00e1v, amelyet a retro chiptunes ihletett, de egy modern csavarral.<\/p>\n<\/li>\n<\/ul>\n","protected":false},"excerpt":{"rendered":"<p>Fedezz fel egy b\u00e1jos f\u00f6ldalatti vil\u00e1got, amelyet egy titokzatos, puszt\u00edt\u00f3 er\u0151 \u00fcld\u00f6z ebben a sz\u00f3rakoztat\u00f3 twin-stick roguelike akci\u00f3j\u00e1t\u00e9kban! K\u00f6ss bar\u00e1ts\u00e1got szimpatikus karakterekkel, v\u00e9dekezz a kaotikus k\u00e9pess\u00e9gekkel rendelkez\u0151 ellens\u00e9gek ellen, \u00e9s fedezd fel ennek az id\u0151hurokban rekedt f\u00f6ldalatti kir\u00e1lys\u00e1gnak a titkait.<\/p>\n<p>\ud83c\udf0d Glob\u00e1lis<br \/>\n\u2699\ufe0f Steam<br \/>\n\ud83d\udddd Digit\u00e1lis kulcs<\/p>\n","protected":false},"featured_media":35456,"template":"","meta":{"_acf_changed":false,"site-sidebar-layout":"default","site-content-layout":"","ast-site-content-layout":"default","site-content-style":"default","site-sidebar-style":"default","ast-global-header-display":"","ast-banner-title-visibility":"","ast-main-header-display":"","ast-hfb-above-header-display":"","ast-hfb-below-header-display":"","ast-hfb-mobile-header-display":"","site-post-title":"","ast-breadcrumbs-content":"","ast-featured-img":"","footer-sml-layout":"","ast-disable-related-posts":"","theme-transparent-header-meta":"default","adv-header-id-meta":"","stick-header-meta":"","header-above-stick-meta":"","header-main-stick-meta":"","header-below-stick-meta":"","astra-migrate-meta-layouts":"set","ast-page-background-enabled":"default","ast-page-background-meta":{"desktop":{"background-color":"var(--ast-global-color-4)","background-image":"","background-repeat":"repeat","background-position":"center center","background-size":"auto","background-attachment":"scroll","background-type":"","background-media":"","overlay-type":"","overlay-color":"","overlay-opacity":"","overlay-gradient":""},"tablet":{"background-color":"","background-image":"","background-repeat":"repeat","background-position":"center center","background-size":"auto","background-attachment":"scroll","background-type":"","background-media":"","overlay-type":"","overlay-color":"","overlay-opacity":"","overlay-gradient":""},"mobile":{"background-color":"","background-image":"","background-repeat":"repeat","background-position":"center center","background-size":"auto","background-attachment":"scroll","background-type":"","background-media":"","overlay-type":"","overlay-color":"","overlay-opacity":"","overlay-gradient":""}},"ast-content-background-meta":{"desktop":{"background-color":"var(--ast-global-color-5)","background-image":"","background-repeat":"repeat","background-position":"center center","background-size":"auto","background-attachment":"scroll","background-type":"","background-media":"","overlay-type":"","overlay-color":"","overlay-opacity":"","overlay-gradient":""},"tablet":{"background-color":"var(--ast-global-color-5)","background-image":"","background-repeat":"repeat","background-position":"center center","background-size":"auto","background-attachment":"scroll","background-type":"","background-media":"","overlay-type":"","overlay-color":"","overlay-opacity":"","overlay-gradient":""},"mobile":{"background-color":"var(--ast-global-color-5)","background-image":"","background-repeat":"repeat","background-position":"center center","background-size":"auto","background-attachment":"scroll","background-type":"","background-media":"","overlay-type":"","overlay-color":"","overlay-opacity":"","overlay-gradient":""}}},"product_brand":[],"product_cat":[402,369,365,363,396,391],"product_tag":[],"class_list":{"0":"post-35464","1":"product","2":"type-product","3":"status-publish","4":"has-post-thumbnail","6":"product_cat-briggs","7":"product_cat-csarnokok","8":"product_cat-goz","9":"product_cat-kaland-jatekok","10":"product_cat-lovoldozos-jatekok-a-steamen","11":"product_cat-yogscast-jatekok","12":"desktop-align-left","13":"tablet-align-left","14":"mobile-align-left","16":"first","17":"instock","18":"virtual","19":"purchasable","20":"product-type-simple"},"acf":[],"yoast_head":"<!-- This site is optimized with the Yoast SEO Premium plugin v27.4 (Yoast SEO v27.4) - https:\/\/yoast.com\/product\/yoast-seo-premium-wordpress\/ -->\n<title>Beyond the Long Night - Prismagamers.com<\/title>\n<meta name=\"description\" content=\"Fedezz fel egy b\u00e1jos f\u00f6ldalatti vil\u00e1got, amelyet egy titokzatos, puszt\u00edt\u00f3 er\u0151 \u00fcld\u00f6z ebben a sz\u00f3rakoztat\u00f3 twin-stick roguelike akci\u00f3j\u00e1t\u00e9kban! K\u00f6ss bar\u00e1ts\u00e1got szimpatikus karakterekkel, v\u00e9dekezz a kaotikus k\u00e9pess\u00e9gekkel rendelkez\u0151 ellens\u00e9gek ellen, \u00e9s fedezd fel ennek az id\u0151hurokban rekedt f\u00f6ldalatti kir\u00e1lys\u00e1gnak a titkait.  \ud83c\udf0d Glob\u00e1lis \u2699\ufe0f Steam \ud83d\udddd Digit\u00e1lis kulcs\" \/>\n<meta name=\"robots\" content=\"index, follow, max-snippet:-1, max-image-preview:large, max-video-preview:-1\" \/>\n<link rel=\"canonical\" href=\"https:\/\/prismagamers.com\/hu\/produkt\/a-hosszu-ejszakan-tul\/\" \/>\n<meta property=\"og:locale\" content=\"hu_HU\" \/>\n<meta property=\"og:type\" content=\"article\" \/>\n<meta property=\"og:title\" content=\"Beyond the Long Night\" \/>\n<meta property=\"og:description\" content=\"Fedezz fel egy b\u00e1jos f\u00f6ldalatti vil\u00e1got, amelyet egy titokzatos, puszt\u00edt\u00f3 er\u0151 \u00fcld\u00f6z ebben a sz\u00f3rakoztat\u00f3 twin-stick roguelike akci\u00f3j\u00e1t\u00e9kban! K\u00f6ss bar\u00e1ts\u00e1got szimpatikus karakterekkel, v\u00e9dekezz a kaotikus k\u00e9pess\u00e9gekkel rendelkez\u0151 ellens\u00e9gek ellen, \u00e9s fedezd fel ennek az id\u0151hurokban rekedt f\u00f6ldalatti kir\u00e1lys\u00e1gnak a titkait.  \ud83c\udf0d Glob\u00e1lis \u2699\ufe0f Steam \ud83d\udddd Digit\u00e1lis kulcs\" \/>\n<meta property=\"og:url\" content=\"https:\/\/prismagamers.com\/hu\/produkt\/a-hosszu-ejszakan-tul\/\" \/>\n<meta property=\"og:site_name\" content=\"Prismagamers.com\" \/>\n<meta property=\"article:publisher\" content=\"https:\/\/www.facebook.com\/prismagamers\" \/>\n<meta property=\"article:modified_time\" content=\"2026-03-04T23:00:50+00:00\" \/>\n<meta property=\"og:image\" content=\"https:\/\/prismagamers.com\/wp-content\/uploads\/2025\/04\/library_600x900_2x-3.jpg\" \/>\n\t<meta property=\"og:image:width\" content=\"600\" \/>\n\t<meta property=\"og:image:height\" content=\"900\" \/>\n\t<meta property=\"og:image:type\" content=\"image\/jpeg\" \/>\n<meta name=\"twitter:card\" content=\"summary_large_image\" \/>\n<meta name=\"twitter:label1\" content=\"Becs\u00fclt olvas\u00e1si id\u0151\" \/>\n\t<meta name=\"twitter:data1\" content=\"3 perc\" \/>\n<script type=\"application\/ld+json\" class=\"yoast-schema-graph\">{\"@context\":\"https:\\\/\\\/schema.org\",\"@graph\":[{\"@type\":\"WebPage\",\"@id\":\"https:\\\/\\\/prismagamers.com\\\/hu\\\/produkt\\\/a-hosszu-ejszakan-tul\\\/\",\"url\":\"https:\\\/\\\/prismagamers.com\\\/hu\\\/produkt\\\/a-hosszu-ejszakan-tul\\\/\",\"name\":\"Beyond the Long Night - Prismagamers.com\",\"isPartOf\":{\"@id\":\"https:\\\/\\\/prismagamers.com\\\/hu\\\/#website\"},\"primaryImageOfPage\":{\"@id\":\"https:\\\/\\\/prismagamers.com\\\/hu\\\/produkt\\\/a-hosszu-ejszakan-tul\\\/#primaryimage\"},\"image\":{\"@id\":\"https:\\\/\\\/prismagamers.com\\\/hu\\\/produkt\\\/a-hosszu-ejszakan-tul\\\/#primaryimage\"},\"thumbnailUrl\":\"https:\\\/\\\/prismagamers.com\\\/wp-content\\\/uploads\\\/2025\\\/04\\\/library_600x900_2x-3.jpg\",\"datePublished\":\"2025-04-02T20:22:07+00:00\",\"dateModified\":\"2026-03-04T23:00:50+00:00\",\"description\":\"Fedezz fel egy b\u00e1jos f\u00f6ldalatti vil\u00e1got, amelyet egy titokzatos, puszt\u00edt\u00f3 er\u0151 \u00fcld\u00f6z ebben a sz\u00f3rakoztat\u00f3 twin-stick roguelike akci\u00f3j\u00e1t\u00e9kban! K\u00f6ss bar\u00e1ts\u00e1got szimpatikus karakterekkel, v\u00e9dekezz a kaotikus k\u00e9pess\u00e9gekkel rendelkez\u0151 ellens\u00e9gek ellen, \u00e9s fedezd fel ennek az id\u0151hurokban rekedt f\u00f6ldalatti kir\u00e1lys\u00e1gnak a titkait. \ud83c\udf0d Glob\u00e1lis \u2699\ufe0f Steam \ud83d\udddd Digit\u00e1lis kulcs\",\"breadcrumb\":{\"@id\":\"https:\\\/\\\/prismagamers.com\\\/hu\\\/produkt\\\/a-hosszu-ejszakan-tul\\\/#breadcrumb\"},\"inLanguage\":\"hu\",\"potentialAction\":[{\"@type\":\"ReadAction\",\"target\":[\"https:\\\/\\\/prismagamers.com\\\/hu\\\/produkt\\\/a-hosszu-ejszakan-tul\\\/\"]}]},{\"@type\":\"ImageObject\",\"inLanguage\":\"hu\",\"@id\":\"https:\\\/\\\/prismagamers.com\\\/hu\\\/produkt\\\/a-hosszu-ejszakan-tul\\\/#primaryimage\",\"url\":\"https:\\\/\\\/prismagamers.com\\\/wp-content\\\/uploads\\\/2025\\\/04\\\/library_600x900_2x-3.jpg\",\"contentUrl\":\"https:\\\/\\\/prismagamers.com\\\/wp-content\\\/uploads\\\/2025\\\/04\\\/library_600x900_2x-3.jpg\",\"width\":600,\"height\":900,\"caption\":\"Beyond the Long Night boxshot\"},{\"@type\":\"BreadcrumbList\",\"@id\":\"https:\\\/\\\/prismagamers.com\\\/hu\\\/produkt\\\/a-hosszu-ejszakan-tul\\\/#breadcrumb\",\"itemListElement\":[{\"@type\":\"ListItem\",\"position\":1,\"name\":\"Strona g\u0142\u00f3wna\",\"item\":\"https:\\\/\\\/prismagamers.com\\\/hu\\\/prismagamers\\\/\"},{\"@type\":\"ListItem\",\"position\":2,\"name\":\"Shop\",\"item\":\"https:\\\/\\\/prismagamers.com\\\/hu\\\/shop\\\/\"},{\"@type\":\"ListItem\",\"position\":3,\"name\":\"Beyond the Long Night\"}]},{\"@type\":\"WebSite\",\"@id\":\"https:\\\/\\\/prismagamers.com\\\/hu\\\/#website\",\"url\":\"https:\\\/\\\/prismagamers.com\\\/hu\\\/\",\"name\":\"Prismagamers\",\"description\":\"Sklep z grami PC I Sklep klucze Steam\",\"publisher\":{\"@id\":\"https:\\\/\\\/prismagamers.com\\\/hu\\\/#organization\"},\"potentialAction\":[{\"@type\":\"SearchAction\",\"target\":{\"@type\":\"EntryPoint\",\"urlTemplate\":\"https:\\\/\\\/prismagamers.com\\\/hu\\\/?s={search_term_string}\"},\"query-input\":{\"@type\":\"PropertyValueSpecification\",\"valueRequired\":true,\"valueName\":\"search_term_string\"}}],\"inLanguage\":\"hu\"},{\"@type\":\"Organization\",\"@id\":\"https:\\\/\\\/prismagamers.com\\\/hu\\\/#organization\",\"name\":\"Prismagamers\",\"url\":\"https:\\\/\\\/prismagamers.com\\\/hu\\\/\",\"logo\":{\"@type\":\"ImageObject\",\"inLanguage\":\"hu\",\"@id\":\"https:\\\/\\\/prismagamers.com\\\/hu\\\/#\\\/schema\\\/logo\\\/image\\\/\",\"url\":\"https:\\\/\\\/prismagamers.com\\\/wp-content\\\/uploads\\\/2022\\\/04\\\/cropped-logo-Prismagamers-01-scaled-1.jpg\",\"contentUrl\":\"https:\\\/\\\/prismagamers.com\\\/wp-content\\\/uploads\\\/2022\\\/04\\\/cropped-logo-Prismagamers-01-scaled-1.jpg\",\"width\":512,\"height\":512,\"caption\":\"Prismagamers\"},\"image\":{\"@id\":\"https:\\\/\\\/prismagamers.com\\\/hu\\\/#\\\/schema\\\/logo\\\/image\\\/\"},\"sameAs\":[\"https:\\\/\\\/www.facebook.com\\\/prismagamers\",\"https:\\\/\\\/www.instagram.com\\\/prismagamers_grycyfrowe\\\/\"],\"description\":\"Prismagamers.com to dynamiczny sklep z grami cyfrowymi, stworzony z my\u015bl\u0105 o entuzjastach gier wideo. Nasza strona oferuje szerok\u0105 gam\u0119 gier komputerowych, w tym najnowsze tytu\u0142y, dobrze znane klasyki oraz gry stworzone przez niezale\u017cne studia Ca\u0142y czas d\u0105\u017cymy do rozszerzenia naszej oferty. Do\u0142\u0105cz do nas i sta\u0144 si\u0119 cz\u0119\u015bci\u0105 naszej rosn\u0105cej spo\u0142eczno\u015bci graczy!\",\"email\":\"shop@prismagamers.com\",\"telephone\":\"48795541705\",\"legalName\":\"East Caravan Maksym \u017bukow\",\"foundingDate\":\"2012-05-10\",\"vatID\":\"PL8943038612\",\"taxID\":\"PL8943038612\",\"numberOfEmployees\":{\"@type\":\"QuantitativeValue\",\"minValue\":\"11\",\"maxValue\":\"50\"}}]}<\/script>\n<!-- \/ Yoast SEO Premium plugin. -->","yoast_head_json":{"title":"Beyond the Long Night - Prismagamers.com","description":"Fedezz fel egy b\u00e1jos f\u00f6ldalatti vil\u00e1got, amelyet egy titokzatos, puszt\u00edt\u00f3 er\u0151 \u00fcld\u00f6z ebben a sz\u00f3rakoztat\u00f3 twin-stick roguelike akci\u00f3j\u00e1t\u00e9kban! K\u00f6ss bar\u00e1ts\u00e1got szimpatikus karakterekkel, v\u00e9dekezz a kaotikus k\u00e9pess\u00e9gekkel rendelkez\u0151 ellens\u00e9gek ellen, \u00e9s fedezd fel ennek az id\u0151hurokban rekedt f\u00f6ldalatti kir\u00e1lys\u00e1gnak a titkait.  \ud83c\udf0d Glob\u00e1lis \u2699\ufe0f Steam \ud83d\udddd Digit\u00e1lis kulcs","robots":{"index":"index","follow":"follow","max-snippet":"max-snippet:-1","max-image-preview":"max-image-preview:large","max-video-preview":"max-video-preview:-1"},"canonical":"https:\/\/prismagamers.com\/hu\/produkt\/a-hosszu-ejszakan-tul\/","og_locale":"hu_HU","og_type":"article","og_title":"Beyond the Long Night","og_description":"Fedezz fel egy b\u00e1jos f\u00f6ldalatti vil\u00e1got, amelyet egy titokzatos, puszt\u00edt\u00f3 er\u0151 \u00fcld\u00f6z ebben a sz\u00f3rakoztat\u00f3 twin-stick roguelike akci\u00f3j\u00e1t\u00e9kban! K\u00f6ss bar\u00e1ts\u00e1got szimpatikus karakterekkel, v\u00e9dekezz a kaotikus k\u00e9pess\u00e9gekkel rendelkez\u0151 ellens\u00e9gek ellen, \u00e9s fedezd fel ennek az id\u0151hurokban rekedt f\u00f6ldalatti kir\u00e1lys\u00e1gnak a titkait.  \ud83c\udf0d Glob\u00e1lis \u2699\ufe0f Steam \ud83d\udddd Digit\u00e1lis kulcs","og_url":"https:\/\/prismagamers.com\/hu\/produkt\/a-hosszu-ejszakan-tul\/","og_site_name":"Prismagamers.com","article_publisher":"https:\/\/www.facebook.com\/prismagamers","article_modified_time":"2026-03-04T23:00:50+00:00","og_image":[{"width":600,"height":900,"url":"https:\/\/prismagamers.com\/wp-content\/uploads\/2025\/04\/library_600x900_2x-3.jpg","type":"image\/jpeg"}],"twitter_card":"summary_large_image","twitter_misc":{"Becs\u00fclt olvas\u00e1si id\u0151":"3 perc"},"schema":{"@context":"https:\/\/schema.org","@graph":[{"@type":"WebPage","@id":"https:\/\/prismagamers.com\/hu\/produkt\/a-hosszu-ejszakan-tul\/","url":"https:\/\/prismagamers.com\/hu\/produkt\/a-hosszu-ejszakan-tul\/","name":"Beyond the Long Night - Prismagamers.com","isPartOf":{"@id":"https:\/\/prismagamers.com\/hu\/#website"},"primaryImageOfPage":{"@id":"https:\/\/prismagamers.com\/hu\/produkt\/a-hosszu-ejszakan-tul\/#primaryimage"},"image":{"@id":"https:\/\/prismagamers.com\/hu\/produkt\/a-hosszu-ejszakan-tul\/#primaryimage"},"thumbnailUrl":"https:\/\/prismagamers.com\/wp-content\/uploads\/2025\/04\/library_600x900_2x-3.jpg","datePublished":"2025-04-02T20:22:07+00:00","dateModified":"2026-03-04T23:00:50+00:00","description":"Fedezz fel egy b\u00e1jos f\u00f6ldalatti vil\u00e1got, amelyet egy titokzatos, puszt\u00edt\u00f3 er\u0151 \u00fcld\u00f6z ebben a sz\u00f3rakoztat\u00f3 twin-stick roguelike akci\u00f3j\u00e1t\u00e9kban! K\u00f6ss bar\u00e1ts\u00e1got szimpatikus karakterekkel, v\u00e9dekezz a kaotikus k\u00e9pess\u00e9gekkel rendelkez\u0151 ellens\u00e9gek ellen, \u00e9s fedezd fel ennek az id\u0151hurokban rekedt f\u00f6ldalatti kir\u00e1lys\u00e1gnak a titkait. \ud83c\udf0d Glob\u00e1lis \u2699\ufe0f Steam \ud83d\udddd Digit\u00e1lis kulcs","breadcrumb":{"@id":"https:\/\/prismagamers.com\/hu\/produkt\/a-hosszu-ejszakan-tul\/#breadcrumb"},"inLanguage":"hu","potentialAction":[{"@type":"ReadAction","target":["https:\/\/prismagamers.com\/hu\/produkt\/a-hosszu-ejszakan-tul\/"]}]},{"@type":"ImageObject","inLanguage":"hu","@id":"https:\/\/prismagamers.com\/hu\/produkt\/a-hosszu-ejszakan-tul\/#primaryimage","url":"https:\/\/prismagamers.com\/wp-content\/uploads\/2025\/04\/library_600x900_2x-3.jpg","contentUrl":"https:\/\/prismagamers.com\/wp-content\/uploads\/2025\/04\/library_600x900_2x-3.jpg","width":600,"height":900,"caption":"Beyond the Long Night boxshot"},{"@type":"BreadcrumbList","@id":"https:\/\/prismagamers.com\/hu\/produkt\/a-hosszu-ejszakan-tul\/#breadcrumb","itemListElement":[{"@type":"ListItem","position":1,"name":"Strona g\u0142\u00f3wna","item":"https:\/\/prismagamers.com\/hu\/prismagamers\/"},{"@type":"ListItem","position":2,"name":"Shop","item":"https:\/\/prismagamers.com\/hu\/shop\/"},{"@type":"ListItem","position":3,"name":"Beyond the Long Night"}]},{"@type":"WebSite","@id":"https:\/\/prismagamers.com\/hu\/#website","url":"https:\/\/prismagamers.com\/hu\/","name":"Prismagamers","description":"Sklep z grami PC I Sklep klucze Steam","publisher":{"@id":"https:\/\/prismagamers.com\/hu\/#organization"},"potentialAction":[{"@type":"SearchAction","target":{"@type":"EntryPoint","urlTemplate":"https:\/\/prismagamers.com\/hu\/?s={search_term_string}"},"query-input":{"@type":"PropertyValueSpecification","valueRequired":true,"valueName":"search_term_string"}}],"inLanguage":"hu"},{"@type":"Organization","@id":"https:\/\/prismagamers.com\/hu\/#organization","name":"Prismagamers","url":"https:\/\/prismagamers.com\/hu\/","logo":{"@type":"ImageObject","inLanguage":"hu","@id":"https:\/\/prismagamers.com\/hu\/#\/schema\/logo\/image\/","url":"https:\/\/prismagamers.com\/wp-content\/uploads\/2022\/04\/cropped-logo-Prismagamers-01-scaled-1.jpg","contentUrl":"https:\/\/prismagamers.com\/wp-content\/uploads\/2022\/04\/cropped-logo-Prismagamers-01-scaled-1.jpg","width":512,"height":512,"caption":"Prismagamers"},"image":{"@id":"https:\/\/prismagamers.com\/hu\/#\/schema\/logo\/image\/"},"sameAs":["https:\/\/www.facebook.com\/prismagamers","https:\/\/www.instagram.com\/prismagamers_grycyfrowe\/"],"description":"Prismagamers.com to dynamiczny sklep z grami cyfrowymi, stworzony z my\u015bl\u0105 o entuzjastach gier wideo. Nasza strona oferuje szerok\u0105 gam\u0119 gier komputerowych, w tym najnowsze tytu\u0142y, dobrze znane klasyki oraz gry stworzone przez niezale\u017cne studia Ca\u0142y czas d\u0105\u017cymy do rozszerzenia naszej oferty. Do\u0142\u0105cz do nas i sta\u0144 si\u0119 cz\u0119\u015bci\u0105 naszej rosn\u0105cej spo\u0142eczno\u015bci graczy!","email":"shop@prismagamers.com","telephone":"48795541705","legalName":"East Caravan Maksym \u017bukow","foundingDate":"2012-05-10","vatID":"PL8943038612","taxID":"PL8943038612","numberOfEmployees":{"@type":"QuantitativeValue","minValue":"11","maxValue":"50"}}]}},"_links":{"self":[{"href":"https:\/\/prismagamers.com\/hu\/wp-json\/wp\/v2\/product\/35464","targetHints":{"allow":["GET"]}}],"collection":[{"href":"https:\/\/prismagamers.com\/hu\/wp-json\/wp\/v2\/product"}],"about":[{"href":"https:\/\/prismagamers.com\/hu\/wp-json\/wp\/v2\/types\/product"}],"wp:featuredmedia":[{"embeddable":true,"href":"https:\/\/prismagamers.com\/hu\/wp-json\/wp\/v2\/media\/35456"}],"wp:attachment":[{"href":"https:\/\/prismagamers.com\/hu\/wp-json\/wp\/v2\/media?parent=35464"}],"wp:term":[{"taxonomy":"product_brand","embeddable":true,"href":"https:\/\/prismagamers.com\/hu\/wp-json\/wp\/v2\/product_brand?post=35464"},{"taxonomy":"product_cat","embeddable":true,"href":"https:\/\/prismagamers.com\/hu\/wp-json\/wp\/v2\/product_cat?post=35464"},{"taxonomy":"product_tag","embeddable":true,"href":"https:\/\/prismagamers.com\/hu\/wp-json\/wp\/v2\/product_tag?post=35464"}],"curies":[{"name":"wp","href":"https:\/\/api.w.org\/{rel}","templated":true}]}}