{"id":35477,"date":"2025-04-02T22:36:04","date_gmt":"2025-04-02T20:36:04","guid":{"rendered":"https:\/\/prismagamers.com\/produkt\/golf\/"},"modified":"2026-03-05T00:00:50","modified_gmt":"2026-03-04T23:00:50","slug":"golf","status":"publish","type":"product","link":"https:\/\/prismagamers.com\/hu\/produkt\/golf\/","title":{"rendered":"Golf"},"content":{"rendered":"<p class=\"\" data-start=\"0\" data-end=\"239\">A <strong data-start=\"0\" data-end=\"10\">Golfie<\/strong> egy roguelike j\u00e1t\u00e9k, amelyben minigolf k\u00e1rtyapaklikat gy\u0171jtesz. Minden egyes szakasz strat\u00e9gi\u00e1t, tervez\u00e9st \u00e9s \u00fcgyess\u00e9get ig\u00e9nyel. K\u00e9sz\u00edts egyedi k\u00e1rtyapaklikat, hogy \u00faj j\u00e1t\u00e9km\u00f3dokat nyiss fel, amelyekkel l\u00e1tv\u00e1nyos \u00fct\u00e9seket tudsz v\u00e9grehajtani.  <\/p>\n<p data-start=\"0\" data-end=\"239\"><img decoding=\"async\" class=\"bb_img aligncenter\" src=\"https:\/\/shared.fastly.steamstatic.com\/store_item_assets\/steam\/apps\/1579020\/extras\/Multishots_616.gif?t=1726160755\"><\/p>\n<p class=\"\" data-start=\"241\" data-end=\"271\"><strong data-start=\"241\" data-end=\"271\">GOLFOZNI A BAR\u00c1TAIMMAL<\/strong><\/p>\n<p class=\"\" data-start=\"273\" data-end=\"413\">Csatlakozz bar\u00e1taidhoz az akci\u00f3d\u00fas t\u00f6bbj\u00e1t\u00e9kos m\u00f3dban, \u00e9s haszn\u00e1ld az eszed \u00e9s a k\u00e9pess\u00e9geid, hogy k\u00e1rty\u00e1kkal versenyezz ellenfeleiddel.<\/p>\n<p data-start=\"273\" data-end=\"413\"><img decoding=\"async\" class=\"bb_img aligncenter\" src=\"https:\/\/shared.fastly.steamstatic.com\/store_item_assets\/steam\/apps\/1579020\/extras\/RLikeSmol.jpg?t=1726160755\"><\/p>\n<p class=\"\" data-start=\"415\" data-end=\"433\"><strong data-start=\"415\" data-end=\"433\">SLAY THE GREEN<\/strong><\/p>\n<p class=\"\" data-start=\"435\" data-end=\"606\">Indulj el a klubh\u00e1zb\u00f3l egy egyj\u00e1t\u00e9kos, procedur\u00e1lisan gener\u00e1lt roguelike j\u00e1t\u00e9kban, ahol egy n\u00f6vekv\u0151 k\u00e1rtyapakli seg\u00edts\u00e9g\u00e9vel m\u00f3dos\u00edthatod \u00fct\u00e9seidet, \u00e9s legy\u0151zheted a 18 lyukat.<\/p>\n<p class=\"\" data-start=\"608\" data-end=\"928\">A k\u00e1rty\u00e1k k\u00fcl\u00f6nb\u00f6z\u0151 tulajdons\u00e1gokkal rendelkeznek &#8211; a standard csap\u00e1s t\u00e1vols\u00e1g\u00e1nak \u00e9s magass\u00e1g\u00e1nak n\u00f6vel\u00e9s\u00e9t\u0151l kezdve az egyedi k\u00e9pess\u00e9geken \u00e1t a l\u00e1tv\u00e1nyos hat\u00e1sok \u00e9rdek\u00e9ben kombin\u00e1lhat\u00f3 fejleszt\u00e9sekig. Vigy\u00e1zz azonban az energiakorl\u00e1tra: ha t\u00fall\u00e9ped, energi\u00e1t vesz\u00edtesz, \u00e9s ha ez az energia teljesen elfogy, a szakasz v\u00e9get \u00e9r. <\/p>\n<p data-start=\"608\" data-end=\"928\"><img decoding=\"async\" class=\"bb_img aligncenter\" src=\"https:\/\/shared.fastly.steamstatic.com\/store_item_assets\/steam\/apps\/1579020\/extras\/combo_918.gif?t=1726160755\"><\/p>\n<p class=\"\" data-start=\"930\" data-end=\"1202\">A <strong data-start=\"930\" data-end=\"995\">napi szakaszok, a v\u00e9gtelen\u00edtett m\u00f3dok \u00e9s a selejtez\u0151 szakaszok<\/strong> v\u00e9gtelen lyukakat k\u00edn\u00e1lnak. Szerezzen tapasztalatot, hogy \u00faj k\u00e1rty\u00e1kat \u00e9s testreszab\u00e1si lehet\u0151s\u00e9geket oldjon fel, majd t\u00e9rjen vissza a golfp\u00e1ly\u00e1ra m\u00e9g t\u00f6bb lehet\u0151s\u00e9ggel \u00e9s j\u00e1t\u00e9kv\u00e1ltozattal. <\/p>\n<p class=\"\" data-start=\"1204\" data-end=\"1311\"><strong data-start=\"1204\" data-end=\"1234\">A Golfie j\u00e1t\u00e9k teljes verzi\u00f3j\u00e1ban<\/strong> most m\u00e1r a bar\u00e1taiddal egy\u00fctt indulhatsz golfozni a fut\u00f3padra, \u00e9s harcolhatsz a gy\u0151zelem\u00e9rt!<\/p>\n","protected":false},"excerpt":{"rendered":"<p>A <strong data-start=\"0\" data-end=\"10\">Golfie<\/strong> egy fut\u00e1salap\u00fa, roguelike j\u00e1t\u00e9k, amelyben k\u00e1rtyapaklikat gy\u0171jtesz a minigolfhoz. J\u00e1tssz procedur\u00e1lisan gener\u00e1lt p\u00e1ly\u00e1kon, \u00e9p\u00edts egy paklit \u00fcgyess\u00e9gi k\u00e1rty\u00e1kb\u00f3l, \u00e9s pr\u00f3b\u00e1ld meg legy\u0151zni mind a 18 lyukat. V\u00e1lassza meg az \u00fatvonal\u00e1t gondosan, mivel minden szakasz \u00e9s minden \u00fct\u00e9s egyedi!  <\/p>\n<p>\ud83c\udf0d Glob\u00e1lis<br \/>\n\u2699\ufe0f Steam<br \/>\n\ud83d\udddd Digit\u00e1lis kulcs<\/p>\n","protected":false},"featured_media":35476,"template":"","meta":{"_acf_changed":false,"site-sidebar-layout":"default","site-content-layout":"","ast-site-content-layout":"default","site-content-style":"default","site-sidebar-style":"default","ast-global-header-display":"","ast-banner-title-visibility":"","ast-main-header-display":"","ast-hfb-above-header-display":"","ast-hfb-below-header-display":"","ast-hfb-mobile-header-display":"","site-post-title":"","ast-breadcrumbs-content":"","ast-featured-img":"","footer-sml-layout":"","ast-disable-related-posts":"","theme-transparent-header-meta":"default","adv-header-id-meta":"","stick-header-meta":"","header-above-stick-meta":"","header-main-stick-meta":"","header-below-stick-meta":"","astra-migrate-meta-layouts":"default","ast-page-background-enabled":"default","ast-page-background-meta":{"desktop":{"background-color":"var(--ast-global-color-4)","background-image":"","background-repeat":"repeat","background-position":"center center","background-size":"auto","background-attachment":"scroll","background-type":"","background-media":"","overlay-type":"","overlay-color":"","overlay-opacity":"","overlay-gradient":""},"tablet":{"background-color":"","background-image":"","background-repeat":"repeat","background-position":"center center","background-size":"auto","background-attachment":"scroll","background-type":"","background-media":"","overlay-type":"","overlay-color":"","overlay-opacity":"","overlay-gradient":""},"mobile":{"background-color":"","background-image":"","background-repeat":"repeat","background-position":"center center","background-size":"auto","background-attachment":"scroll","background-type":"","background-media":"","overlay-type":"","overlay-color":"","overlay-opacity":"","overlay-gradient":""}},"ast-content-background-meta":{"desktop":{"background-color":"var(--ast-global-color-5)","background-image":"","background-repeat":"repeat","background-position":"center center","background-size":"auto","background-attachment":"scroll","background-type":"","background-media":"","overlay-type":"","overlay-color":"","overlay-opacity":"","overlay-gradient":""},"tablet":{"background-color":"var(--ast-global-color-5)","background-image":"","background-repeat":"repeat","background-position":"center center","background-size":"auto","background-attachment":"scroll","background-type":"","background-media":"","overlay-type":"","overlay-color":"","overlay-opacity":"","overlay-gradient":""},"mobile":{"background-color":"var(--ast-global-color-5)","background-image":"","background-repeat":"repeat","background-position":"center center","background-size":"auto","background-attachment":"scroll","background-type":"","background-media":"","overlay-type":"","overlay-color":"","overlay-opacity":"","overlay-gradient":""}}},"product_brand":[],"product_cat":[402,381,369,394,365,403,425,391],"product_tag":[],"class_list":{"0":"post-35477","1":"product","2":"type-product","3":"status-publish","4":"has-post-thumbnail","6":"product_cat-briggs","7":"product_cat-csaladi-jatekok","8":"product_cat-csarnokok","9":"product_cat-digitalis-jatekok","10":"product_cat-goz","11":"product_cat-kartyak","12":"product_cat-platform-jatekok","13":"product_cat-yogscast-jatekok","14":"desktop-align-left","15":"tablet-align-left","16":"mobile-align-left","18":"first","19":"instock","20":"virtual","21":"purchasable","22":"product-type-simple"},"acf":[],"yoast_head":"<!-- This site is optimized with the Yoast SEO Premium plugin v27.4 (Yoast SEO v27.4) - https:\/\/yoast.com\/product\/yoast-seo-premium-wordpress\/ -->\n<title>Golf - Prismagamers.com<\/title>\n<meta name=\"description\" content=\"A Golfie egy fut\u00e1salap\u00fa, roguelike j\u00e1t\u00e9k, amelyben k\u00e1rtyapaklikat gy\u0171jtesz a minigolfhoz. J\u00e1tssz procedur\u00e1lisan gener\u00e1lt p\u00e1ly\u00e1kon, \u00e9p\u00edts egy paklit \u00fcgyess\u00e9gi k\u00e1rty\u00e1kb\u00f3l, \u00e9s pr\u00f3b\u00e1ld meg legy\u0151zni mind a 18 lyukat. V\u00e1lassza meg az \u00fatvonal\u00e1t gondosan, mivel minden szakasz \u00e9s minden \u00fct\u00e9s egyedi!  \ud83c\udf0d Glob\u00e1lis \u2699\ufe0f Steam \ud83d\udddd Digit\u00e1lis kulcs\" \/>\n<meta name=\"robots\" content=\"index, follow, max-snippet:-1, max-image-preview:large, max-video-preview:-1\" \/>\n<link rel=\"canonical\" href=\"https:\/\/prismagamers.com\/hu\/produkt\/golf\/\" \/>\n<meta property=\"og:locale\" content=\"hu_HU\" \/>\n<meta property=\"og:type\" content=\"article\" \/>\n<meta property=\"og:title\" content=\"Golf\" \/>\n<meta property=\"og:description\" content=\"A Golfie egy fut\u00e1salap\u00fa, roguelike j\u00e1t\u00e9k, amelyben k\u00e1rtyapaklikat gy\u0171jtesz a minigolfhoz. J\u00e1tssz procedur\u00e1lisan gener\u00e1lt p\u00e1ly\u00e1kon, \u00e9p\u00edts egy paklit \u00fcgyess\u00e9gi k\u00e1rty\u00e1kb\u00f3l, \u00e9s pr\u00f3b\u00e1ld meg legy\u0151zni mind a 18 lyukat. V\u00e1lassza meg az \u00fatvonal\u00e1t gondosan, mivel minden szakasz \u00e9s minden \u00fct\u00e9s egyedi!  \ud83c\udf0d Glob\u00e1lis \u2699\ufe0f Steam \ud83d\udddd Digit\u00e1lis kulcs\" \/>\n<meta property=\"og:url\" content=\"https:\/\/prismagamers.com\/hu\/produkt\/golf\/\" \/>\n<meta property=\"og:site_name\" content=\"Prismagamers.com\" \/>\n<meta property=\"article:publisher\" content=\"https:\/\/www.facebook.com\/prismagamers\" \/>\n<meta property=\"article:modified_time\" content=\"2026-03-04T23:00:50+00:00\" \/>\n<meta property=\"og:image\" content=\"https:\/\/prismagamers.com\/wp-content\/uploads\/2025\/04\/library_600x900_2x-5.jpg\" \/>\n\t<meta property=\"og:image:width\" content=\"600\" \/>\n\t<meta property=\"og:image:height\" content=\"900\" \/>\n\t<meta property=\"og:image:type\" content=\"image\/jpeg\" \/>\n<meta name=\"twitter:card\" content=\"summary_large_image\" \/>\n<meta name=\"twitter:label1\" content=\"Becs\u00fclt olvas\u00e1si id\u0151\" \/>\n\t<meta name=\"twitter:data1\" content=\"1 perc\" \/>\n<script type=\"application\/ld+json\" class=\"yoast-schema-graph\">{\"@context\":\"https:\\\/\\\/schema.org\",\"@graph\":[{\"@type\":\"WebPage\",\"@id\":\"https:\\\/\\\/prismagamers.com\\\/hu\\\/produkt\\\/golf\\\/\",\"url\":\"https:\\\/\\\/prismagamers.com\\\/hu\\\/produkt\\\/golf\\\/\",\"name\":\"Golf - Prismagamers.com\",\"isPartOf\":{\"@id\":\"https:\\\/\\\/prismagamers.com\\\/hu\\\/#website\"},\"primaryImageOfPage\":{\"@id\":\"https:\\\/\\\/prismagamers.com\\\/hu\\\/produkt\\\/golf\\\/#primaryimage\"},\"image\":{\"@id\":\"https:\\\/\\\/prismagamers.com\\\/hu\\\/produkt\\\/golf\\\/#primaryimage\"},\"thumbnailUrl\":\"https:\\\/\\\/prismagamers.com\\\/wp-content\\\/uploads\\\/2025\\\/04\\\/library_600x900_2x-5.jpg\",\"datePublished\":\"2025-04-02T20:36:04+00:00\",\"dateModified\":\"2026-03-04T23:00:50+00:00\",\"description\":\"A Golfie egy fut\u00e1salap\u00fa, roguelike j\u00e1t\u00e9k, amelyben k\u00e1rtyapaklikat gy\u0171jtesz a minigolfhoz. J\u00e1tssz procedur\u00e1lisan gener\u00e1lt p\u00e1ly\u00e1kon, \u00e9p\u00edts egy paklit \u00fcgyess\u00e9gi k\u00e1rty\u00e1kb\u00f3l, \u00e9s pr\u00f3b\u00e1ld meg legy\u0151zni mind a 18 lyukat. V\u00e1lassza meg az \u00fatvonal\u00e1t gondosan, mivel minden szakasz \u00e9s minden \u00fct\u00e9s egyedi! \ud83c\udf0d Glob\u00e1lis \u2699\ufe0f Steam \ud83d\udddd Digit\u00e1lis kulcs\",\"breadcrumb\":{\"@id\":\"https:\\\/\\\/prismagamers.com\\\/hu\\\/produkt\\\/golf\\\/#breadcrumb\"},\"inLanguage\":\"hu\",\"potentialAction\":[{\"@type\":\"ReadAction\",\"target\":[\"https:\\\/\\\/prismagamers.com\\\/hu\\\/produkt\\\/golf\\\/\"]}]},{\"@type\":\"ImageObject\",\"inLanguage\":\"hu\",\"@id\":\"https:\\\/\\\/prismagamers.com\\\/hu\\\/produkt\\\/golf\\\/#primaryimage\",\"url\":\"https:\\\/\\\/prismagamers.com\\\/wp-content\\\/uploads\\\/2025\\\/04\\\/library_600x900_2x-5.jpg\",\"contentUrl\":\"https:\\\/\\\/prismagamers.com\\\/wp-content\\\/uploads\\\/2025\\\/04\\\/library_600x900_2x-5.jpg\",\"width\":600,\"height\":900},{\"@type\":\"BreadcrumbList\",\"@id\":\"https:\\\/\\\/prismagamers.com\\\/hu\\\/produkt\\\/golf\\\/#breadcrumb\",\"itemListElement\":[{\"@type\":\"ListItem\",\"position\":1,\"name\":\"Strona g\u0142\u00f3wna\",\"item\":\"https:\\\/\\\/prismagamers.com\\\/hu\\\/prismagamers\\\/\"},{\"@type\":\"ListItem\",\"position\":2,\"name\":\"Shop\",\"item\":\"https:\\\/\\\/prismagamers.com\\\/hu\\\/shop\\\/\"},{\"@type\":\"ListItem\",\"position\":3,\"name\":\"Golf\"}]},{\"@type\":\"WebSite\",\"@id\":\"https:\\\/\\\/prismagamers.com\\\/hu\\\/#website\",\"url\":\"https:\\\/\\\/prismagamers.com\\\/hu\\\/\",\"name\":\"Prismagamers\",\"description\":\"Sklep z grami PC I Sklep klucze Steam\",\"publisher\":{\"@id\":\"https:\\\/\\\/prismagamers.com\\\/hu\\\/#organization\"},\"potentialAction\":[{\"@type\":\"SearchAction\",\"target\":{\"@type\":\"EntryPoint\",\"urlTemplate\":\"https:\\\/\\\/prismagamers.com\\\/hu\\\/?s={search_term_string}\"},\"query-input\":{\"@type\":\"PropertyValueSpecification\",\"valueRequired\":true,\"valueName\":\"search_term_string\"}}],\"inLanguage\":\"hu\"},{\"@type\":\"Organization\",\"@id\":\"https:\\\/\\\/prismagamers.com\\\/hu\\\/#organization\",\"name\":\"Prismagamers\",\"url\":\"https:\\\/\\\/prismagamers.com\\\/hu\\\/\",\"logo\":{\"@type\":\"ImageObject\",\"inLanguage\":\"hu\",\"@id\":\"https:\\\/\\\/prismagamers.com\\\/hu\\\/#\\\/schema\\\/logo\\\/image\\\/\",\"url\":\"https:\\\/\\\/prismagamers.com\\\/wp-content\\\/uploads\\\/2022\\\/04\\\/cropped-logo-Prismagamers-01-scaled-1.jpg\",\"contentUrl\":\"https:\\\/\\\/prismagamers.com\\\/wp-content\\\/uploads\\\/2022\\\/04\\\/cropped-logo-Prismagamers-01-scaled-1.jpg\",\"width\":512,\"height\":512,\"caption\":\"Prismagamers\"},\"image\":{\"@id\":\"https:\\\/\\\/prismagamers.com\\\/hu\\\/#\\\/schema\\\/logo\\\/image\\\/\"},\"sameAs\":[\"https:\\\/\\\/www.facebook.com\\\/prismagamers\",\"https:\\\/\\\/www.instagram.com\\\/prismagamers_grycyfrowe\\\/\"],\"description\":\"Prismagamers.com to dynamiczny sklep z grami cyfrowymi, stworzony z my\u015bl\u0105 o entuzjastach gier wideo. Nasza strona oferuje szerok\u0105 gam\u0119 gier komputerowych, w tym najnowsze tytu\u0142y, dobrze znane klasyki oraz gry stworzone przez niezale\u017cne studia Ca\u0142y czas d\u0105\u017cymy do rozszerzenia naszej oferty. Do\u0142\u0105cz do nas i sta\u0144 si\u0119 cz\u0119\u015bci\u0105 naszej rosn\u0105cej spo\u0142eczno\u015bci graczy!\",\"email\":\"shop@prismagamers.com\",\"telephone\":\"48795541705\",\"legalName\":\"East Caravan Maksym \u017bukow\",\"foundingDate\":\"2012-05-10\",\"vatID\":\"PL8943038612\",\"taxID\":\"PL8943038612\",\"numberOfEmployees\":{\"@type\":\"QuantitativeValue\",\"minValue\":\"11\",\"maxValue\":\"50\"}}]}<\/script>\n<!-- \/ Yoast SEO Premium plugin. -->","yoast_head_json":{"title":"Golf - Prismagamers.com","description":"A Golfie egy fut\u00e1salap\u00fa, roguelike j\u00e1t\u00e9k, amelyben k\u00e1rtyapaklikat gy\u0171jtesz a minigolfhoz. J\u00e1tssz procedur\u00e1lisan gener\u00e1lt p\u00e1ly\u00e1kon, \u00e9p\u00edts egy paklit \u00fcgyess\u00e9gi k\u00e1rty\u00e1kb\u00f3l, \u00e9s pr\u00f3b\u00e1ld meg legy\u0151zni mind a 18 lyukat. V\u00e1lassza meg az \u00fatvonal\u00e1t gondosan, mivel minden szakasz \u00e9s minden \u00fct\u00e9s egyedi!  \ud83c\udf0d Glob\u00e1lis \u2699\ufe0f Steam \ud83d\udddd Digit\u00e1lis kulcs","robots":{"index":"index","follow":"follow","max-snippet":"max-snippet:-1","max-image-preview":"max-image-preview:large","max-video-preview":"max-video-preview:-1"},"canonical":"https:\/\/prismagamers.com\/hu\/produkt\/golf\/","og_locale":"hu_HU","og_type":"article","og_title":"Golf","og_description":"A Golfie egy fut\u00e1salap\u00fa, roguelike j\u00e1t\u00e9k, amelyben k\u00e1rtyapaklikat gy\u0171jtesz a minigolfhoz. J\u00e1tssz procedur\u00e1lisan gener\u00e1lt p\u00e1ly\u00e1kon, \u00e9p\u00edts egy paklit \u00fcgyess\u00e9gi k\u00e1rty\u00e1kb\u00f3l, \u00e9s pr\u00f3b\u00e1ld meg legy\u0151zni mind a 18 lyukat. V\u00e1lassza meg az \u00fatvonal\u00e1t gondosan, mivel minden szakasz \u00e9s minden \u00fct\u00e9s egyedi!  \ud83c\udf0d Glob\u00e1lis \u2699\ufe0f Steam \ud83d\udddd Digit\u00e1lis kulcs","og_url":"https:\/\/prismagamers.com\/hu\/produkt\/golf\/","og_site_name":"Prismagamers.com","article_publisher":"https:\/\/www.facebook.com\/prismagamers","article_modified_time":"2026-03-04T23:00:50+00:00","og_image":[{"width":600,"height":900,"url":"https:\/\/prismagamers.com\/wp-content\/uploads\/2025\/04\/library_600x900_2x-5.jpg","type":"image\/jpeg"}],"twitter_card":"summary_large_image","twitter_misc":{"Becs\u00fclt olvas\u00e1si id\u0151":"1 perc"},"schema":{"@context":"https:\/\/schema.org","@graph":[{"@type":"WebPage","@id":"https:\/\/prismagamers.com\/hu\/produkt\/golf\/","url":"https:\/\/prismagamers.com\/hu\/produkt\/golf\/","name":"Golf - Prismagamers.com","isPartOf":{"@id":"https:\/\/prismagamers.com\/hu\/#website"},"primaryImageOfPage":{"@id":"https:\/\/prismagamers.com\/hu\/produkt\/golf\/#primaryimage"},"image":{"@id":"https:\/\/prismagamers.com\/hu\/produkt\/golf\/#primaryimage"},"thumbnailUrl":"https:\/\/prismagamers.com\/wp-content\/uploads\/2025\/04\/library_600x900_2x-5.jpg","datePublished":"2025-04-02T20:36:04+00:00","dateModified":"2026-03-04T23:00:50+00:00","description":"A Golfie egy fut\u00e1salap\u00fa, roguelike j\u00e1t\u00e9k, amelyben k\u00e1rtyapaklikat gy\u0171jtesz a minigolfhoz. J\u00e1tssz procedur\u00e1lisan gener\u00e1lt p\u00e1ly\u00e1kon, \u00e9p\u00edts egy paklit \u00fcgyess\u00e9gi k\u00e1rty\u00e1kb\u00f3l, \u00e9s pr\u00f3b\u00e1ld meg legy\u0151zni mind a 18 lyukat. V\u00e1lassza meg az \u00fatvonal\u00e1t gondosan, mivel minden szakasz \u00e9s minden \u00fct\u00e9s egyedi! \ud83c\udf0d Glob\u00e1lis \u2699\ufe0f Steam \ud83d\udddd Digit\u00e1lis kulcs","breadcrumb":{"@id":"https:\/\/prismagamers.com\/hu\/produkt\/golf\/#breadcrumb"},"inLanguage":"hu","potentialAction":[{"@type":"ReadAction","target":["https:\/\/prismagamers.com\/hu\/produkt\/golf\/"]}]},{"@type":"ImageObject","inLanguage":"hu","@id":"https:\/\/prismagamers.com\/hu\/produkt\/golf\/#primaryimage","url":"https:\/\/prismagamers.com\/wp-content\/uploads\/2025\/04\/library_600x900_2x-5.jpg","contentUrl":"https:\/\/prismagamers.com\/wp-content\/uploads\/2025\/04\/library_600x900_2x-5.jpg","width":600,"height":900},{"@type":"BreadcrumbList","@id":"https:\/\/prismagamers.com\/hu\/produkt\/golf\/#breadcrumb","itemListElement":[{"@type":"ListItem","position":1,"name":"Strona g\u0142\u00f3wna","item":"https:\/\/prismagamers.com\/hu\/prismagamers\/"},{"@type":"ListItem","position":2,"name":"Shop","item":"https:\/\/prismagamers.com\/hu\/shop\/"},{"@type":"ListItem","position":3,"name":"Golf"}]},{"@type":"WebSite","@id":"https:\/\/prismagamers.com\/hu\/#website","url":"https:\/\/prismagamers.com\/hu\/","name":"Prismagamers","description":"Sklep z grami PC I Sklep klucze Steam","publisher":{"@id":"https:\/\/prismagamers.com\/hu\/#organization"},"potentialAction":[{"@type":"SearchAction","target":{"@type":"EntryPoint","urlTemplate":"https:\/\/prismagamers.com\/hu\/?s={search_term_string}"},"query-input":{"@type":"PropertyValueSpecification","valueRequired":true,"valueName":"search_term_string"}}],"inLanguage":"hu"},{"@type":"Organization","@id":"https:\/\/prismagamers.com\/hu\/#organization","name":"Prismagamers","url":"https:\/\/prismagamers.com\/hu\/","logo":{"@type":"ImageObject","inLanguage":"hu","@id":"https:\/\/prismagamers.com\/hu\/#\/schema\/logo\/image\/","url":"https:\/\/prismagamers.com\/wp-content\/uploads\/2022\/04\/cropped-logo-Prismagamers-01-scaled-1.jpg","contentUrl":"https:\/\/prismagamers.com\/wp-content\/uploads\/2022\/04\/cropped-logo-Prismagamers-01-scaled-1.jpg","width":512,"height":512,"caption":"Prismagamers"},"image":{"@id":"https:\/\/prismagamers.com\/hu\/#\/schema\/logo\/image\/"},"sameAs":["https:\/\/www.facebook.com\/prismagamers","https:\/\/www.instagram.com\/prismagamers_grycyfrowe\/"],"description":"Prismagamers.com to dynamiczny sklep z grami cyfrowymi, stworzony z my\u015bl\u0105 o entuzjastach gier wideo. Nasza strona oferuje szerok\u0105 gam\u0119 gier komputerowych, w tym najnowsze tytu\u0142y, dobrze znane klasyki oraz gry stworzone przez niezale\u017cne studia Ca\u0142y czas d\u0105\u017cymy do rozszerzenia naszej oferty. Do\u0142\u0105cz do nas i sta\u0144 si\u0119 cz\u0119\u015bci\u0105 naszej rosn\u0105cej spo\u0142eczno\u015bci graczy!","email":"shop@prismagamers.com","telephone":"48795541705","legalName":"East Caravan Maksym \u017bukow","foundingDate":"2012-05-10","vatID":"PL8943038612","taxID":"PL8943038612","numberOfEmployees":{"@type":"QuantitativeValue","minValue":"11","maxValue":"50"}}]}},"_links":{"self":[{"href":"https:\/\/prismagamers.com\/hu\/wp-json\/wp\/v2\/product\/35477","targetHints":{"allow":["GET"]}}],"collection":[{"href":"https:\/\/prismagamers.com\/hu\/wp-json\/wp\/v2\/product"}],"about":[{"href":"https:\/\/prismagamers.com\/hu\/wp-json\/wp\/v2\/types\/product"}],"wp:featuredmedia":[{"embeddable":true,"href":"https:\/\/prismagamers.com\/hu\/wp-json\/wp\/v2\/media\/35476"}],"wp:attachment":[{"href":"https:\/\/prismagamers.com\/hu\/wp-json\/wp\/v2\/media?parent=35477"}],"wp:term":[{"taxonomy":"product_brand","embeddable":true,"href":"https:\/\/prismagamers.com\/hu\/wp-json\/wp\/v2\/product_brand?post=35477"},{"taxonomy":"product_cat","embeddable":true,"href":"https:\/\/prismagamers.com\/hu\/wp-json\/wp\/v2\/product_cat?post=35477"},{"taxonomy":"product_tag","embeddable":true,"href":"https:\/\/prismagamers.com\/hu\/wp-json\/wp\/v2\/product_tag?post=35477"}],"curies":[{"name":"wp","href":"https:\/\/api.w.org\/{rel}","templated":true}]}}