{"id":35507,"date":"2025-04-03T20:27:40","date_gmt":"2025-04-03T18:27:40","guid":{"rendered":"https:\/\/prismagamers.com\/produkt\/a-berbeado-szuper\/"},"modified":"2025-08-26T13:36:10","modified_gmt":"2025-08-26T11:36:10","slug":"a-berbeado-szuper","status":"publish","type":"product","link":"https:\/\/prismagamers.com\/hu\/produkt\/a-berbeado-szuper\/","title":{"rendered":"Landlord&#8217;s Super"},"content":{"rendered":"<p data-start=\"0\" data-end=\"213\"><strong data-start=\"0\" data-end=\"20\">A Landlord&#8217;s Super<\/strong> egy els\u0151 szem\u00e9ly\u0171 perspektivikus \u00e9letszimul\u00e1tor, amely a brit szigetek s\u00f6t\u00e9t k\u00f6z\u00e9ps\u0151 r\u00e9sz\u00e9n j\u00e1tsz\u00f3dik a sarkos 1980-as \u00e9vekben. \u00c9p\u00edts, igy\u00e1l, \u00e9p\u00edtkezz, mik\u00f6zben iszol. A te v\u00e1laszt\u00e1sod.<\/p>\n<p data-start=\"0\" data-end=\"213\"><img decoding=\"async\" class=\"bb_img aligncenter\" src=\"https:\/\/shared.fastly.steamstatic.com\/store_item_assets\/steam\/apps\/1127840\/extras\/StorePageGif1.gif?t=1725014772\" \/><\/p>\n<p data-start=\"215\" data-end=\"385\"><strong data-start=\"215\" data-end=\"261\">Fedezd fel West Berklands fikt\u00edv megy\u00e9t<\/strong>, \u00e9s l\u00e9pj kapcsolatba a legk\u00fcl\u00f6nf\u00e9l\u00e9bb karakterekkel, mik\u00f6zben \u00fajra \u00e1t\u00e9led a sarkos 1980-as \u00e9veket. \u0150szinte betekint\u00e9s az &#8222;angol kult\u00far\u00e1ba&#8221;.<\/p>\n<p data-start=\"387\" data-end=\"613\"><strong data-start=\"387\" data-end=\"421\">Az \u00e9p\u00edt\u0151ipari szimul\u00e1tor kvintesszenci\u00e1ja<\/strong>. Rendeljen anyagokat! Keverd ki a saj\u00e1t cementedet! Szerelj \u00e1llv\u00e1nyzatot, hogy magasabb helyekre juss! \u00c9p\u00edts falakat t\u00e9gl\u00e1r\u00f3l t\u00e9gl\u00e1ra! A valaha l\u00e1tott legnagyobb kih\u00edv\u00e1st jelent\u0151 \u00e9p\u00edt\u0151ipari j\u00e1t\u00e9kmenet!<\/p>\n<p data-start=\"615\" data-end=\"835\"><strong data-start=\"615\" data-end=\"651\">A tev\u00e9kenys\u00e9gek tervez\u00e9se \u00e9s v\u00e9grehajt\u00e1sa<\/strong> f\u00fcgg a napszakt\u00f3l, az id\u0151j\u00e1r\u00e1st\u00f3l, az \u00e9vszakokt\u00f3l, a vil\u00e1g esem\u00e9nyeit\u0151l, a szakszervezetek beavatkoz\u00e1s\u00e1t\u00f3l \u00e9s a saj\u00e1t j\u00f3l\u00e9t\u00e9t\u0151l. N\u00e9ha jobb elmenni a kocsm\u00e1ba, mint megkock\u00e1ztatni a munk\u00e1t az es\u0151ben.<\/p>\n<p data-start=\"837\" data-end=\"961\"><strong data-start=\"837\" data-end=\"857\">Ker\u00fcld a bajt!<\/strong> A rend\u0151rs\u00e9g mindig szagl\u00e1szik, ez\u00e9rt pr\u00f3b\u00e1lj meg nem bajba ker\u00fclni, vagy csak ne kapjanak el&#8230;..<\/p>\n<p data-start=\"963\" data-end=\"1083\"><strong data-start=\"963\" data-end=\"989\">Besz\u00e9lj a kir\u00e1lyn\u0151 nyelv\u00e9n!<\/strong> A j\u00e1t\u00e9k az amerikai angol \u00e9s a brit k\u00f6znyelvben is megtal\u00e1lhat\u00f3.<\/p>\n<p data-start=\"963\" data-end=\"1083\"><img decoding=\"async\" class=\"bb_img aligncenter\" src=\"https:\/\/shared.fastly.steamstatic.com\/store_item_assets\/steam\/apps\/1127840\/extras\/StorePageGif2.gif?t=1725014772\" \/><\/p>\n<p data-start=\"1085\" data-end=\"1159\"><strong data-start=\"1085\" data-end=\"1106\">A b\u00e9rbead\u00f3 szuper.<\/strong> A j\u00f3 dolgok azokhoz jutnak el, akik er\u0151fesz\u00edt\u00e9seket tesznek.<\/p>\n","protected":false},"excerpt":{"rendered":"<p>Itt van az \u00d6n alapvet\u0151 \u00e9p\u00edt\u0151ipari szimul\u00e1tora. Vegy\u00e9l fel egy k\u00e9tes hitelt, \u00faj\u00edtsd fel az ingatlant, lakj ott a helyiekkel, foglalkozz a panaszaikkal, majd \u00fcnnepelj egy s\u00f6rrel az 1980-as \u00e9vek Nagy-Britanni\u00e1j\u00e1nak teljesen szimul\u00e1lt, ny\u00edlt val\u00f3s\u00e1g\u00e1ban.<\/p>\n<p>\ud83c\udf0d Glob\u00e1lis<br \/>\n\u2699\ufe0f Steam<br \/>\n\ud83d\udddd Digit\u00e1lis kulcs<\/p>\n","protected":false},"featured_media":35499,"template":"","meta":{"_acf_changed":false,"site-sidebar-layout":"default","site-content-layout":"","ast-site-content-layout":"default","site-content-style":"default","site-sidebar-style":"default","ast-global-header-display":"","ast-banner-title-visibility":"","ast-main-header-display":"","ast-hfb-above-header-display":"","ast-hfb-below-header-display":"","ast-hfb-mobile-header-display":"","site-post-title":"","ast-breadcrumbs-content":"","ast-featured-img":"","footer-sml-layout":"","ast-disable-related-posts":"","theme-transparent-header-meta":"default","adv-header-id-meta":"","stick-header-meta":"","header-above-stick-meta":"","header-main-stick-meta":"","header-below-stick-meta":"","astra-migrate-meta-layouts":"set","ast-page-background-enabled":"default","ast-page-background-meta":{"desktop":{"background-color":"var(--ast-global-color-4)","background-image":"","background-repeat":"repeat","background-position":"center center","background-size":"auto","background-attachment":"scroll","background-type":"","background-media":"","overlay-type":"","overlay-color":"","overlay-opacity":"","overlay-gradient":""},"tablet":{"background-color":"","background-image":"","background-repeat":"repeat","background-position":"center center","background-size":"auto","background-attachment":"scroll","background-type":"","background-media":"","overlay-type":"","overlay-color":"","overlay-opacity":"","overlay-gradient":""},"mobile":{"background-color":"","background-image":"","background-repeat":"repeat","background-position":"center center","background-size":"auto","background-attachment":"scroll","background-type":"","background-media":"","overlay-type":"","overlay-color":"","overlay-opacity":"","overlay-gradient":""}},"ast-content-background-meta":{"desktop":{"background-color":"var(--ast-global-color-5)","background-image":"","background-repeat":"repeat","background-position":"center center","background-size":"auto","background-attachment":"scroll","background-type":"","background-media":"","overlay-type":"","overlay-color":"","overlay-opacity":"","overlay-gradient":""},"tablet":{"background-color":"var(--ast-global-color-5)","background-image":"","background-repeat":"repeat","background-position":"center center","background-size":"auto","background-attachment":"scroll","background-type":"","background-media":"","overlay-type":"","overlay-color":"","overlay-opacity":"","overlay-gradient":""},"mobile":{"background-color":"var(--ast-global-color-5)","background-image":"","background-repeat":"repeat","background-position":"center center","background-size":"auto","background-attachment":"scroll","background-type":"","background-media":"","overlay-type":"","overlay-color":"","overlay-opacity":"","overlay-gradient":""}}},"product_brand":[],"product_cat":[365,372,363,391],"product_tag":[],"class_list":{"0":"post-35507","1":"product","2":"type-product","3":"status-publish","4":"has-post-thumbnail","6":"product_cat-goz","7":"product_cat-jatekok-szimulatorok","8":"product_cat-kaland-jatekok","9":"product_cat-yogscast-jatekok","10":"desktop-align-left","11":"tablet-align-left","12":"mobile-align-left","14":"first","15":"instock","16":"virtual","17":"purchasable","18":"product-type-simple"},"acf":[],"yoast_head":"<!-- This site is optimized with the Yoast SEO Premium plugin v27.4 (Yoast SEO v27.4) - https:\/\/yoast.com\/product\/yoast-seo-premium-wordpress\/ -->\n<title>Landlord&#039;s Super - Prismagamers.com<\/title>\n<meta name=\"description\" content=\"Itt van az \u00d6n alapvet\u0151 \u00e9p\u00edt\u0151ipari szimul\u00e1tora. Vegy\u00e9l fel egy k\u00e9tes hitelt, \u00faj\u00edtsd fel az ingatlant, lakj ott a helyiekkel, foglalkozz a panaszaikkal, majd \u00fcnnepelj egy s\u00f6rrel az 1980-as \u00e9vek Nagy-Britanni\u00e1j\u00e1nak teljesen szimul\u00e1lt, ny\u00edlt val\u00f3s\u00e1g\u00e1ban.  \ud83c\udf0d Glob\u00e1lis \u2699\ufe0f Steam \ud83d\udddd Digit\u00e1lis kulcs\" \/>\n<meta name=\"robots\" content=\"index, follow, max-snippet:-1, max-image-preview:large, max-video-preview:-1\" \/>\n<link rel=\"canonical\" href=\"https:\/\/prismagamers.com\/hu\/produkt\/a-berbeado-szuper\/\" \/>\n<meta property=\"og:locale\" content=\"hu_HU\" \/>\n<meta property=\"og:type\" content=\"article\" \/>\n<meta property=\"og:title\" content=\"Landlord&#039;s Super\" \/>\n<meta property=\"og:description\" content=\"Itt van az \u00d6n alapvet\u0151 \u00e9p\u00edt\u0151ipari szimul\u00e1tora. Vegy\u00e9l fel egy k\u00e9tes hitelt, \u00faj\u00edtsd fel az ingatlant, lakj ott a helyiekkel, foglalkozz a panaszaikkal, majd \u00fcnnepelj egy s\u00f6rrel az 1980-as \u00e9vek Nagy-Britanni\u00e1j\u00e1nak teljesen szimul\u00e1lt, ny\u00edlt val\u00f3s\u00e1g\u00e1ban.  \ud83c\udf0d Glob\u00e1lis \u2699\ufe0f Steam \ud83d\udddd Digit\u00e1lis kulcs\" \/>\n<meta property=\"og:url\" content=\"https:\/\/prismagamers.com\/hu\/produkt\/a-berbeado-szuper\/\" \/>\n<meta property=\"og:site_name\" content=\"Prismagamers.com\" \/>\n<meta property=\"article:publisher\" content=\"https:\/\/www.facebook.com\/prismagamers\" \/>\n<meta property=\"article:modified_time\" content=\"2025-08-26T11:36:10+00:00\" \/>\n<meta property=\"og:image\" content=\"https:\/\/prismagamers.com\/wp-content\/uploads\/2025\/04\/library_600x900_2x-8.jpg\" \/>\n\t<meta property=\"og:image:width\" content=\"600\" \/>\n\t<meta property=\"og:image:height\" content=\"900\" \/>\n\t<meta property=\"og:image:type\" content=\"image\/jpeg\" \/>\n<meta name=\"twitter:card\" content=\"summary_large_image\" \/>\n<meta name=\"twitter:label1\" content=\"Becs\u00fclt olvas\u00e1si id\u0151\" \/>\n\t<meta name=\"twitter:data1\" content=\"2 perc\" \/>\n<script type=\"application\/ld+json\" class=\"yoast-schema-graph\">{\"@context\":\"https:\\\/\\\/schema.org\",\"@graph\":[{\"@type\":\"WebPage\",\"@id\":\"https:\\\/\\\/prismagamers.com\\\/hu\\\/produkt\\\/a-berbeado-szuper\\\/\",\"url\":\"https:\\\/\\\/prismagamers.com\\\/hu\\\/produkt\\\/a-berbeado-szuper\\\/\",\"name\":\"Landlord's Super - Prismagamers.com\",\"isPartOf\":{\"@id\":\"https:\\\/\\\/prismagamers.com\\\/hu\\\/#website\"},\"primaryImageOfPage\":{\"@id\":\"https:\\\/\\\/prismagamers.com\\\/hu\\\/produkt\\\/a-berbeado-szuper\\\/#primaryimage\"},\"image\":{\"@id\":\"https:\\\/\\\/prismagamers.com\\\/hu\\\/produkt\\\/a-berbeado-szuper\\\/#primaryimage\"},\"thumbnailUrl\":\"https:\\\/\\\/prismagamers.com\\\/wp-content\\\/uploads\\\/2025\\\/04\\\/library_600x900_2x-8.jpg\",\"datePublished\":\"2025-04-03T18:27:40+00:00\",\"dateModified\":\"2025-08-26T11:36:10+00:00\",\"description\":\"Itt van az \u00d6n alapvet\u0151 \u00e9p\u00edt\u0151ipari szimul\u00e1tora. Vegy\u00e9l fel egy k\u00e9tes hitelt, \u00faj\u00edtsd fel az ingatlant, lakj ott a helyiekkel, foglalkozz a panaszaikkal, majd \u00fcnnepelj egy s\u00f6rrel az 1980-as \u00e9vek Nagy-Britanni\u00e1j\u00e1nak teljesen szimul\u00e1lt, ny\u00edlt val\u00f3s\u00e1g\u00e1ban. \ud83c\udf0d Glob\u00e1lis \u2699\ufe0f Steam \ud83d\udddd Digit\u00e1lis kulcs\",\"breadcrumb\":{\"@id\":\"https:\\\/\\\/prismagamers.com\\\/hu\\\/produkt\\\/a-berbeado-szuper\\\/#breadcrumb\"},\"inLanguage\":\"hu\",\"potentialAction\":[{\"@type\":\"ReadAction\",\"target\":[\"https:\\\/\\\/prismagamers.com\\\/hu\\\/produkt\\\/a-berbeado-szuper\\\/\"]}]},{\"@type\":\"ImageObject\",\"inLanguage\":\"hu\",\"@id\":\"https:\\\/\\\/prismagamers.com\\\/hu\\\/produkt\\\/a-berbeado-szuper\\\/#primaryimage\",\"url\":\"https:\\\/\\\/prismagamers.com\\\/wp-content\\\/uploads\\\/2025\\\/04\\\/library_600x900_2x-8.jpg\",\"contentUrl\":\"https:\\\/\\\/prismagamers.com\\\/wp-content\\\/uploads\\\/2025\\\/04\\\/library_600x900_2x-8.jpg\",\"width\":600,\"height\":900,\"caption\":\"Landlord's Super boxshot\"},{\"@type\":\"BreadcrumbList\",\"@id\":\"https:\\\/\\\/prismagamers.com\\\/hu\\\/produkt\\\/a-berbeado-szuper\\\/#breadcrumb\",\"itemListElement\":[{\"@type\":\"ListItem\",\"position\":1,\"name\":\"Strona g\u0142\u00f3wna\",\"item\":\"https:\\\/\\\/prismagamers.com\\\/hu\\\/prismagamers\\\/\"},{\"@type\":\"ListItem\",\"position\":2,\"name\":\"Shop\",\"item\":\"https:\\\/\\\/prismagamers.com\\\/hu\\\/shop\\\/\"},{\"@type\":\"ListItem\",\"position\":3,\"name\":\"Landlord&#8217;s Super\"}]},{\"@type\":\"WebSite\",\"@id\":\"https:\\\/\\\/prismagamers.com\\\/hu\\\/#website\",\"url\":\"https:\\\/\\\/prismagamers.com\\\/hu\\\/\",\"name\":\"Prismagamers\",\"description\":\"Sklep z grami PC I Sklep klucze Steam\",\"publisher\":{\"@id\":\"https:\\\/\\\/prismagamers.com\\\/hu\\\/#organization\"},\"potentialAction\":[{\"@type\":\"SearchAction\",\"target\":{\"@type\":\"EntryPoint\",\"urlTemplate\":\"https:\\\/\\\/prismagamers.com\\\/hu\\\/?s={search_term_string}\"},\"query-input\":{\"@type\":\"PropertyValueSpecification\",\"valueRequired\":true,\"valueName\":\"search_term_string\"}}],\"inLanguage\":\"hu\"},{\"@type\":\"Organization\",\"@id\":\"https:\\\/\\\/prismagamers.com\\\/hu\\\/#organization\",\"name\":\"Prismagamers\",\"url\":\"https:\\\/\\\/prismagamers.com\\\/hu\\\/\",\"logo\":{\"@type\":\"ImageObject\",\"inLanguage\":\"hu\",\"@id\":\"https:\\\/\\\/prismagamers.com\\\/hu\\\/#\\\/schema\\\/logo\\\/image\\\/\",\"url\":\"https:\\\/\\\/prismagamers.com\\\/wp-content\\\/uploads\\\/2022\\\/04\\\/cropped-logo-Prismagamers-01-scaled-1.jpg\",\"contentUrl\":\"https:\\\/\\\/prismagamers.com\\\/wp-content\\\/uploads\\\/2022\\\/04\\\/cropped-logo-Prismagamers-01-scaled-1.jpg\",\"width\":512,\"height\":512,\"caption\":\"Prismagamers\"},\"image\":{\"@id\":\"https:\\\/\\\/prismagamers.com\\\/hu\\\/#\\\/schema\\\/logo\\\/image\\\/\"},\"sameAs\":[\"https:\\\/\\\/www.facebook.com\\\/prismagamers\",\"https:\\\/\\\/www.instagram.com\\\/prismagamers_grycyfrowe\\\/\"],\"description\":\"Prismagamers.com to dynamiczny sklep z grami cyfrowymi, stworzony z my\u015bl\u0105 o entuzjastach gier wideo. Nasza strona oferuje szerok\u0105 gam\u0119 gier komputerowych, w tym najnowsze tytu\u0142y, dobrze znane klasyki oraz gry stworzone przez niezale\u017cne studia Ca\u0142y czas d\u0105\u017cymy do rozszerzenia naszej oferty. Do\u0142\u0105cz do nas i sta\u0144 si\u0119 cz\u0119\u015bci\u0105 naszej rosn\u0105cej spo\u0142eczno\u015bci graczy!\",\"email\":\"shop@prismagamers.com\",\"telephone\":\"48795541705\",\"legalName\":\"East Caravan Maksym \u017bukow\",\"foundingDate\":\"2012-05-10\",\"vatID\":\"PL8943038612\",\"taxID\":\"PL8943038612\",\"numberOfEmployees\":{\"@type\":\"QuantitativeValue\",\"minValue\":\"11\",\"maxValue\":\"50\"}}]}<\/script>\n<!-- \/ Yoast SEO Premium plugin. -->","yoast_head_json":{"title":"Landlord's Super - Prismagamers.com","description":"Itt van az \u00d6n alapvet\u0151 \u00e9p\u00edt\u0151ipari szimul\u00e1tora. Vegy\u00e9l fel egy k\u00e9tes hitelt, \u00faj\u00edtsd fel az ingatlant, lakj ott a helyiekkel, foglalkozz a panaszaikkal, majd \u00fcnnepelj egy s\u00f6rrel az 1980-as \u00e9vek Nagy-Britanni\u00e1j\u00e1nak teljesen szimul\u00e1lt, ny\u00edlt val\u00f3s\u00e1g\u00e1ban.  \ud83c\udf0d Glob\u00e1lis \u2699\ufe0f Steam \ud83d\udddd Digit\u00e1lis kulcs","robots":{"index":"index","follow":"follow","max-snippet":"max-snippet:-1","max-image-preview":"max-image-preview:large","max-video-preview":"max-video-preview:-1"},"canonical":"https:\/\/prismagamers.com\/hu\/produkt\/a-berbeado-szuper\/","og_locale":"hu_HU","og_type":"article","og_title":"Landlord's Super","og_description":"Itt van az \u00d6n alapvet\u0151 \u00e9p\u00edt\u0151ipari szimul\u00e1tora. Vegy\u00e9l fel egy k\u00e9tes hitelt, \u00faj\u00edtsd fel az ingatlant, lakj ott a helyiekkel, foglalkozz a panaszaikkal, majd \u00fcnnepelj egy s\u00f6rrel az 1980-as \u00e9vek Nagy-Britanni\u00e1j\u00e1nak teljesen szimul\u00e1lt, ny\u00edlt val\u00f3s\u00e1g\u00e1ban.  \ud83c\udf0d Glob\u00e1lis \u2699\ufe0f Steam \ud83d\udddd Digit\u00e1lis kulcs","og_url":"https:\/\/prismagamers.com\/hu\/produkt\/a-berbeado-szuper\/","og_site_name":"Prismagamers.com","article_publisher":"https:\/\/www.facebook.com\/prismagamers","article_modified_time":"2025-08-26T11:36:10+00:00","og_image":[{"width":600,"height":900,"url":"https:\/\/prismagamers.com\/wp-content\/uploads\/2025\/04\/library_600x900_2x-8.jpg","type":"image\/jpeg"}],"twitter_card":"summary_large_image","twitter_misc":{"Becs\u00fclt olvas\u00e1si id\u0151":"2 perc"},"schema":{"@context":"https:\/\/schema.org","@graph":[{"@type":"WebPage","@id":"https:\/\/prismagamers.com\/hu\/produkt\/a-berbeado-szuper\/","url":"https:\/\/prismagamers.com\/hu\/produkt\/a-berbeado-szuper\/","name":"Landlord's Super - Prismagamers.com","isPartOf":{"@id":"https:\/\/prismagamers.com\/hu\/#website"},"primaryImageOfPage":{"@id":"https:\/\/prismagamers.com\/hu\/produkt\/a-berbeado-szuper\/#primaryimage"},"image":{"@id":"https:\/\/prismagamers.com\/hu\/produkt\/a-berbeado-szuper\/#primaryimage"},"thumbnailUrl":"https:\/\/prismagamers.com\/wp-content\/uploads\/2025\/04\/library_600x900_2x-8.jpg","datePublished":"2025-04-03T18:27:40+00:00","dateModified":"2025-08-26T11:36:10+00:00","description":"Itt van az \u00d6n alapvet\u0151 \u00e9p\u00edt\u0151ipari szimul\u00e1tora. Vegy\u00e9l fel egy k\u00e9tes hitelt, \u00faj\u00edtsd fel az ingatlant, lakj ott a helyiekkel, foglalkozz a panaszaikkal, majd \u00fcnnepelj egy s\u00f6rrel az 1980-as \u00e9vek Nagy-Britanni\u00e1j\u00e1nak teljesen szimul\u00e1lt, ny\u00edlt val\u00f3s\u00e1g\u00e1ban. \ud83c\udf0d Glob\u00e1lis \u2699\ufe0f Steam \ud83d\udddd Digit\u00e1lis kulcs","breadcrumb":{"@id":"https:\/\/prismagamers.com\/hu\/produkt\/a-berbeado-szuper\/#breadcrumb"},"inLanguage":"hu","potentialAction":[{"@type":"ReadAction","target":["https:\/\/prismagamers.com\/hu\/produkt\/a-berbeado-szuper\/"]}]},{"@type":"ImageObject","inLanguage":"hu","@id":"https:\/\/prismagamers.com\/hu\/produkt\/a-berbeado-szuper\/#primaryimage","url":"https:\/\/prismagamers.com\/wp-content\/uploads\/2025\/04\/library_600x900_2x-8.jpg","contentUrl":"https:\/\/prismagamers.com\/wp-content\/uploads\/2025\/04\/library_600x900_2x-8.jpg","width":600,"height":900,"caption":"Landlord's Super boxshot"},{"@type":"BreadcrumbList","@id":"https:\/\/prismagamers.com\/hu\/produkt\/a-berbeado-szuper\/#breadcrumb","itemListElement":[{"@type":"ListItem","position":1,"name":"Strona g\u0142\u00f3wna","item":"https:\/\/prismagamers.com\/hu\/prismagamers\/"},{"@type":"ListItem","position":2,"name":"Shop","item":"https:\/\/prismagamers.com\/hu\/shop\/"},{"@type":"ListItem","position":3,"name":"Landlord&#8217;s Super"}]},{"@type":"WebSite","@id":"https:\/\/prismagamers.com\/hu\/#website","url":"https:\/\/prismagamers.com\/hu\/","name":"Prismagamers","description":"Sklep z grami PC I Sklep klucze Steam","publisher":{"@id":"https:\/\/prismagamers.com\/hu\/#organization"},"potentialAction":[{"@type":"SearchAction","target":{"@type":"EntryPoint","urlTemplate":"https:\/\/prismagamers.com\/hu\/?s={search_term_string}"},"query-input":{"@type":"PropertyValueSpecification","valueRequired":true,"valueName":"search_term_string"}}],"inLanguage":"hu"},{"@type":"Organization","@id":"https:\/\/prismagamers.com\/hu\/#organization","name":"Prismagamers","url":"https:\/\/prismagamers.com\/hu\/","logo":{"@type":"ImageObject","inLanguage":"hu","@id":"https:\/\/prismagamers.com\/hu\/#\/schema\/logo\/image\/","url":"https:\/\/prismagamers.com\/wp-content\/uploads\/2022\/04\/cropped-logo-Prismagamers-01-scaled-1.jpg","contentUrl":"https:\/\/prismagamers.com\/wp-content\/uploads\/2022\/04\/cropped-logo-Prismagamers-01-scaled-1.jpg","width":512,"height":512,"caption":"Prismagamers"},"image":{"@id":"https:\/\/prismagamers.com\/hu\/#\/schema\/logo\/image\/"},"sameAs":["https:\/\/www.facebook.com\/prismagamers","https:\/\/www.instagram.com\/prismagamers_grycyfrowe\/"],"description":"Prismagamers.com to dynamiczny sklep z grami cyfrowymi, stworzony z my\u015bl\u0105 o entuzjastach gier wideo. Nasza strona oferuje szerok\u0105 gam\u0119 gier komputerowych, w tym najnowsze tytu\u0142y, dobrze znane klasyki oraz gry stworzone przez niezale\u017cne studia Ca\u0142y czas d\u0105\u017cymy do rozszerzenia naszej oferty. Do\u0142\u0105cz do nas i sta\u0144 si\u0119 cz\u0119\u015bci\u0105 naszej rosn\u0105cej spo\u0142eczno\u015bci graczy!","email":"shop@prismagamers.com","telephone":"48795541705","legalName":"East Caravan Maksym \u017bukow","foundingDate":"2012-05-10","vatID":"PL8943038612","taxID":"PL8943038612","numberOfEmployees":{"@type":"QuantitativeValue","minValue":"11","maxValue":"50"}}]}},"_links":{"self":[{"href":"https:\/\/prismagamers.com\/hu\/wp-json\/wp\/v2\/product\/35507","targetHints":{"allow":["GET"]}}],"collection":[{"href":"https:\/\/prismagamers.com\/hu\/wp-json\/wp\/v2\/product"}],"about":[{"href":"https:\/\/prismagamers.com\/hu\/wp-json\/wp\/v2\/types\/product"}],"wp:featuredmedia":[{"embeddable":true,"href":"https:\/\/prismagamers.com\/hu\/wp-json\/wp\/v2\/media\/35499"}],"wp:attachment":[{"href":"https:\/\/prismagamers.com\/hu\/wp-json\/wp\/v2\/media?parent=35507"}],"wp:term":[{"taxonomy":"product_brand","embeddable":true,"href":"https:\/\/prismagamers.com\/hu\/wp-json\/wp\/v2\/product_brand?post=35507"},{"taxonomy":"product_cat","embeddable":true,"href":"https:\/\/prismagamers.com\/hu\/wp-json\/wp\/v2\/product_cat?post=35507"},{"taxonomy":"product_tag","embeddable":true,"href":"https:\/\/prismagamers.com\/hu\/wp-json\/wp\/v2\/product_tag?post=35507"}],"curies":[{"name":"wp","href":"https:\/\/api.w.org\/{rel}","templated":true}]}}