{"id":35533,"date":"2025-04-04T22:51:32","date_gmt":"2025-04-04T20:51:32","guid":{"rendered":"https:\/\/prismagamers.com\/produkt\/mesek-es-taktikak\/"},"modified":"2026-03-05T00:00:50","modified_gmt":"2026-03-04T23:00:50","slug":"mesek-es-taktikak","status":"publish","type":"product","link":"https:\/\/prismagamers.com\/hu\/produkt\/mesek-es-taktikak\/","title":{"rendered":"Tales &#038; Tactics"},"content":{"rendered":"<p data-start=\"0\" data-end=\"344\"><strong data-start=\"0\" data-end=\"19\">A Tales &amp; Tactics<\/strong> \u00f6tv\u00f6zi a roguelike strat\u00e9gi\u00e1t a csapat alap\u00fa autobattlerrel. Tapasztald meg a m\u00e9ly, egyedi strat\u00e9giai j\u00e1t\u00e9kmenetet, amelyet egyj\u00e1t\u00e9kos kalandj\u00e1t\u00e9kra terveztek. Nincsenek id\u0151korl\u00e1tok vagy nyom\u00e1s &#8211; annyi id\u0151d van, amennyire sz\u00fcks\u00e9ged van, hogy megismerd a j\u00e1t\u00e9kmechanik\u00e1t, a karaktereket \u00e9s kidolgozd a megfelel\u0151 strat\u00e9gi\u00e1t a k\u00f6zelg\u0151 csat\u00e1ra.<\/p>\n<p data-start=\"346\" data-end=\"607\">Vezesd karaktered t\u00f6rt\u00e9net\u00e9t a dics\u0151s\u00e9ges gy\u0151zelemhez vezet\u0151 \u00faton a <strong data-start=\"418\" data-end=\"438\">Grand Tournamenten<\/strong> &#8211; az \u00fcgyess\u00e9g \u00e9ves v\u00e9gs\u0151 megm\u00e9rettet\u00e9s\u00e9n. J\u00e1rd v\u00e9gig a 3 felvon\u00e1sb\u00f3l \u00e1ll\u00f3 egyj\u00e1t\u00e9kos kalandot, \u00e9s n\u00e9zz szembe a riv\u00e1lis karakterekkel \u00e9s fenyeget\u0151 f\u0151n\u00f6k\u00f6kkel.<\/p>\n<p data-start=\"346\" data-end=\"607\"><img decoding=\"async\" class=\"bb_img aligncenter\" src=\"https:\/\/shared.fastly.steamstatic.com\/store_item_assets\/steam\/apps\/1652250\/extras\/BATTLEGIFOPT.gif?t=1738243756\" \/><\/p>\n<p data-start=\"609\" data-end=\"867\">\u00c1ll\u00edts \u00f6ssze egy csapatot a karakterek sz\u00e9les sk\u00e1l\u00e1j\u00e1b\u00f3l &#8211; a t\u00fcnd\u00e9kt\u0151l, s\u00e1rk\u00e1nyokt\u00f3l \u00e9s erd\u00e9szekt\u0151l a csontv\u00e1zakig, ghoulokig \u00e9s orkokig! \u00c1ll\u00edts \u00f6ssze egy csapatot d\u00e1kokb\u00f3l, gy\u00f3gy\u00edt\u00f3kb\u00f3l, m\u00e1gusokb\u00f3l, m\u00e9rn\u00f6k\u00f6kb\u0151l \u00e9s m\u00e1sokb\u00f3l &#8211; haszn\u00e1ld szinergikus k\u00e9pess\u00e9geiket, hogy a te javadra ford\u00edtsd a csata menet\u00e9t.<\/p>\n<p data-start=\"869\" data-end=\"1163\"><strong data-start=\"869\" data-end=\"898\">Szerezz er\u0151s felszerel\u00e9st<\/strong> az egys\u00e9geidhez, n\u00f6veld a sereged m\u00e9ret\u00e9t, nyiss fel \u00faj \u00e9s er\u0151sebb egys\u00e9gszinteket, \u00e9s szerezz egyedi k\u00e9pess\u00e9geket, amelyek seg\u00edtik az utadat. Minden j\u00e1t\u00e9k m\u00e1s-m\u00e1s jutalmat k\u00edn\u00e1l, \u00edgy csak rajtad m\u00falik, hogy a leger\u0151sebb csapatot hozd l\u00e9tre.<\/p>\n<p data-start=\"869\" data-end=\"1163\"><img decoding=\"async\" class=\"bb_img aligncenter\" src=\"https:\/\/shared.fastly.steamstatic.com\/store_item_assets\/steam\/apps\/1652250\/extras\/SQUADGIFOPT.gif?t=1738243756\" \/><\/p>\n<p data-start=\"1165\" data-end=\"1484\">Fedezz fel \u00faj funkci\u00f3kat minden egyes lej\u00e1tsz\u00e1ssal &#8211; ak\u00e1r nyersz, ak\u00e1r vesz\u00edtesz. Szerezz \u00faj k\u00e9pess\u00e9geket, egys\u00e9geket, t\u00e1rgyakat \u00e9s egyebeket egy olyan felold\u00f3 rendszerrel, amely a j\u00e1t\u00e9k m\u00e9lys\u00e9g\u00e9nek fejleszt\u00e9s\u00e9t helyezi el\u0151t\u00e9rbe, nem pedig a hatalom n\u00f6vel\u00e9s\u00e9t. Minden egyes felold\u00e1s kikapcsolhat\u00f3, \u00edgy az \u00faj mechanik\u00e1kat a saj\u00e1t temp\u00f3dhoz igaz\u00edthatod.<\/p>\n<p data-start=\"1486\" data-end=\"1800\">Miut\u00e1n bizony\u00edtottad k\u00e9pess\u00e9geidet a Grand Tournamentben, pr\u00f3b\u00e1ld ki magad a <strong data-start=\"1564\" data-end=\"1585\">Challenge Climbben<\/strong>, amely megn\u00f6velt neh\u00e9zs\u00e9g\u0171 \u00e9s izgalmas \u00faj mechanik\u00e1kat vezet be a k\u00f6zelg\u0151 pr\u00f3b\u00e1kba. A vil\u00e1g minden t\u00e1j\u00e1r\u00f3l \u00e9rkez\u0151 j\u00e1t\u00e9kosokkal is megm\u00e9rk\u0151zhetsz az <strong data-start=\"1735\" data-end=\"1758\">aszinkron PVP-ben<\/strong> &#8211; ez a taktika \u00e9s strat\u00e9gia igazi bemutat\u00f3ja!<\/p>\n<p data-start=\"1486\" data-end=\"1800\"><img decoding=\"async\" class=\"bb_img aligncenter\" src=\"https:\/\/shared.fastly.steamstatic.com\/store_item_assets\/steam\/apps\/1652250\/extras\/UNLOCKSGIFOPT.gif?t=1738243756\" \/><\/p>\n<p data-start=\"1802\" data-end=\"1816\"><strong data-start=\"1802\" data-end=\"1816\">A j\u00e1t\u00e9k jellemz\u0151i:<\/strong><\/p>\n<ul data-start=\"1817\" data-end=\"2110\">\n<li data-start=\"1817\" data-end=\"1880\">\n<p data-start=\"1819\" data-end=\"1880\">Teljes roguelike egyj\u00e1t\u00e9kos kaland autobattlerrel<\/p>\n<\/li>\n<li data-start=\"1881\" data-end=\"1913\">\n<p data-start=\"1883\" data-end=\"1913\">PVP rangsorol\u00e1s \u00e9s nem rangsorol\u00e1s<\/p>\n<\/li>\n<li data-start=\"1914\" data-end=\"1937\">\n<p data-start=\"1916\" data-end=\"1937\">T\u00f6bb mint 200 t\u00e9tel<\/p>\n<\/li>\n<li data-start=\"1938\" data-end=\"1959\">\n<p data-start=\"1940\" data-end=\"1959\">T\u00f6bb mint 200 k\u00e9pess\u00e9g<\/p>\n<\/li>\n<li data-start=\"1960\" data-end=\"1981\">\n<p data-start=\"1962\" data-end=\"1981\">T\u00f6bb mint 100 egys\u00e9g<\/p>\n<\/li>\n<li data-start=\"1982\" data-end=\"2006\">\n<p data-start=\"1984\" data-end=\"2006\">Egyed\u00fcl\u00e1ll\u00f3 funkci\u00f3k szinergi\u00e1i<\/p>\n<\/li>\n<li data-start=\"2007\" data-end=\"2043\">\n<p data-start=\"2009\" data-end=\"2043\">15 neh\u00e9zs\u00e9gi szint lek\u00fczd\u00e9se<\/p>\n<\/li>\n<li data-start=\"2044\" data-end=\"2069\">\n<p data-start=\"2046\" data-end=\"2069\">Nem szabv\u00e1nyos neh\u00e9zs\u00e9g<\/p>\n<\/li>\n<li data-start=\"2070\" data-end=\"2110\">\n<p data-start=\"2072\" data-end=\"2110\">A &#8222;saj\u00e1t \u00fctemben&#8221; felold\u00f3 rendszer<\/p>\n<\/li>\n<\/ul>\n","protected":false},"excerpt":{"rendered":"<p>A Tales &amp; Tactics egy csapat-alap\u00fa roguelike autobattler, amely egy t\u00e1bl\u00e1s RPG vil\u00e1gban j\u00e1tsz\u00f3dik. V\u00e1laszd ki a seregedet, gondosan szereld fel \u00e9s helyezd el az egys\u00e9geidet, hozz kulcsfontoss\u00e1g\u00fa d\u00f6nt\u00e9seket, \u00e9s ismerkedj meg a karakterek sz\u00ednes csapat\u00e1val, mik\u00f6zben a nagy torn\u00e1ra k\u00e9sz\u00fclsz.<\/p>\n<p>\ud83c\udf0d Glob\u00e1lis<br \/>\n\u2699\ufe0f Steam<br \/>\n\ud83d\udddd Digit\u00e1lis kulcs<\/p>\n","protected":false},"featured_media":35526,"template":"","meta":{"_acf_changed":false,"site-sidebar-layout":"default","site-content-layout":"","ast-site-content-layout":"default","site-content-style":"default","site-sidebar-style":"default","ast-global-header-display":"","ast-banner-title-visibility":"","ast-main-header-display":"","ast-hfb-above-header-display":"","ast-hfb-below-header-display":"","ast-hfb-mobile-header-display":"","site-post-title":"","ast-breadcrumbs-content":"","ast-featured-img":"","footer-sml-layout":"","ast-disable-related-posts":"","theme-transparent-header-meta":"default","adv-header-id-meta":"","stick-header-meta":"","header-above-stick-meta":"","header-main-stick-meta":"","header-below-stick-meta":"","astra-migrate-meta-layouts":"set","ast-page-background-enabled":"default","ast-page-background-meta":{"desktop":{"background-color":"var(--ast-global-color-4)","background-image":"","background-repeat":"repeat","background-position":"center center","background-size":"auto","background-attachment":"scroll","background-type":"","background-media":"","overlay-type":"","overlay-color":"","overlay-opacity":"","overlay-gradient":""},"tablet":{"background-color":"","background-image":"","background-repeat":"repeat","background-position":"center center","background-size":"auto","background-attachment":"scroll","background-type":"","background-media":"","overlay-type":"","overlay-color":"","overlay-opacity":"","overlay-gradient":""},"mobile":{"background-color":"","background-image":"","background-repeat":"repeat","background-position":"center center","background-size":"auto","background-attachment":"scroll","background-type":"","background-media":"","overlay-type":"","overlay-color":"","overlay-opacity":"","overlay-gradient":""}},"ast-content-background-meta":{"desktop":{"background-color":"var(--ast-global-color-5)","background-image":"","background-repeat":"repeat","background-position":"center center","background-size":"auto","background-attachment":"scroll","background-type":"","background-media":"","overlay-type":"","overlay-color":"","overlay-opacity":"","overlay-gradient":""},"tablet":{"background-color":"var(--ast-global-color-5)","background-image":"","background-repeat":"repeat","background-position":"center center","background-size":"auto","background-attachment":"scroll","background-type":"","background-media":"","overlay-type":"","overlay-color":"","overlay-opacity":"","overlay-gradient":""},"mobile":{"background-color":"var(--ast-global-color-5)","background-image":"","background-repeat":"repeat","background-position":"center center","background-size":"auto","background-attachment":"scroll","background-type":"","background-media":"","overlay-type":"","overlay-color":"","overlay-opacity":"","overlay-gradient":""}}},"product_brand":[],"product_cat":[369,365,363,378,364,386,391],"product_tag":[],"class_list":{"0":"post-35533","1":"product","2":"type-product","3":"status-publish","4":"has-post-thumbnail","6":"product_cat-csarnokok","7":"product_cat-goz","8":"product_cat-kaland-jatekok","9":"product_cat-minden-digitalis-jatek","10":"product_cat-rpg-k","11":"product_cat-strategiai-jatekok","12":"product_cat-yogscast-jatekok","13":"desktop-align-left","14":"tablet-align-left","15":"mobile-align-left","17":"first","18":"instock","19":"virtual","20":"purchasable","21":"product-type-simple"},"acf":[],"yoast_head":"<!-- This site is optimized with the Yoast SEO Premium plugin v27.4 (Yoast SEO v27.4) - https:\/\/yoast.com\/product\/yoast-seo-premium-wordpress\/ -->\n<title>Tales &amp; Tactics - Prismagamers.com<\/title>\n<meta name=\"description\" content=\"A Tales &amp; Tactics egy csapat-alap\u00fa roguelike autobattler, amely egy t\u00e1bl\u00e1s RPG vil\u00e1gban j\u00e1tsz\u00f3dik. V\u00e1laszd ki a seregedet, gondosan szereld fel \u00e9s helyezd el az egys\u00e9geidet, hozz kulcsfontoss\u00e1g\u00fa d\u00f6nt\u00e9seket, \u00e9s ismerkedj meg a karakterek sz\u00ednes csapat\u00e1val, mik\u00f6zben a nagy torn\u00e1ra k\u00e9sz\u00fclsz.  \ud83c\udf0d Glob\u00e1lis \u2699\ufe0f Steam \ud83d\udddd Digit\u00e1lis kulcs\" \/>\n<meta name=\"robots\" content=\"index, follow, max-snippet:-1, max-image-preview:large, max-video-preview:-1\" \/>\n<link rel=\"canonical\" href=\"https:\/\/prismagamers.com\/hu\/produkt\/mesek-es-taktikak\/\" \/>\n<meta property=\"og:locale\" content=\"hu_HU\" \/>\n<meta property=\"og:type\" content=\"article\" \/>\n<meta property=\"og:title\" content=\"Tales &amp; Tactics\" \/>\n<meta property=\"og:description\" content=\"A Tales &amp; Tactics egy csapat-alap\u00fa roguelike autobattler, amely egy t\u00e1bl\u00e1s RPG vil\u00e1gban j\u00e1tsz\u00f3dik. V\u00e1laszd ki a seregedet, gondosan szereld fel \u00e9s helyezd el az egys\u00e9geidet, hozz kulcsfontoss\u00e1g\u00fa d\u00f6nt\u00e9seket, \u00e9s ismerkedj meg a karakterek sz\u00ednes csapat\u00e1val, mik\u00f6zben a nagy torn\u00e1ra k\u00e9sz\u00fclsz.  \ud83c\udf0d Glob\u00e1lis \u2699\ufe0f Steam \ud83d\udddd Digit\u00e1lis kulcs\" \/>\n<meta property=\"og:url\" content=\"https:\/\/prismagamers.com\/hu\/produkt\/mesek-es-taktikak\/\" \/>\n<meta property=\"og:site_name\" content=\"Prismagamers.com\" \/>\n<meta property=\"article:publisher\" content=\"https:\/\/www.facebook.com\/prismagamers\" \/>\n<meta property=\"article:modified_time\" content=\"2026-03-04T23:00:50+00:00\" \/>\n<meta property=\"og:image\" content=\"https:\/\/prismagamers.com\/wp-content\/uploads\/2025\/04\/library_600x900_2x-11.jpg\" \/>\n\t<meta property=\"og:image:width\" content=\"600\" \/>\n\t<meta property=\"og:image:height\" content=\"900\" \/>\n\t<meta property=\"og:image:type\" content=\"image\/jpeg\" \/>\n<meta name=\"twitter:card\" content=\"summary_large_image\" \/>\n<meta name=\"twitter:label1\" content=\"Becs\u00fclt olvas\u00e1si id\u0151\" \/>\n\t<meta name=\"twitter:data1\" content=\"3 perc\" \/>\n<script type=\"application\/ld+json\" class=\"yoast-schema-graph\">{\"@context\":\"https:\\\/\\\/schema.org\",\"@graph\":[{\"@type\":\"WebPage\",\"@id\":\"https:\\\/\\\/prismagamers.com\\\/hu\\\/produkt\\\/mesek-es-taktikak\\\/\",\"url\":\"https:\\\/\\\/prismagamers.com\\\/hu\\\/produkt\\\/mesek-es-taktikak\\\/\",\"name\":\"Tales & Tactics - Prismagamers.com\",\"isPartOf\":{\"@id\":\"https:\\\/\\\/prismagamers.com\\\/hu\\\/#website\"},\"primaryImageOfPage\":{\"@id\":\"https:\\\/\\\/prismagamers.com\\\/hu\\\/produkt\\\/mesek-es-taktikak\\\/#primaryimage\"},\"image\":{\"@id\":\"https:\\\/\\\/prismagamers.com\\\/hu\\\/produkt\\\/mesek-es-taktikak\\\/#primaryimage\"},\"thumbnailUrl\":\"https:\\\/\\\/prismagamers.com\\\/wp-content\\\/uploads\\\/2025\\\/04\\\/library_600x900_2x-11.jpg\",\"datePublished\":\"2025-04-04T20:51:32+00:00\",\"dateModified\":\"2026-03-04T23:00:50+00:00\",\"description\":\"A Tales &amp; Tactics egy csapat-alap\u00fa roguelike autobattler, amely egy t\u00e1bl\u00e1s RPG vil\u00e1gban j\u00e1tsz\u00f3dik. V\u00e1laszd ki a seregedet, gondosan szereld fel \u00e9s helyezd el az egys\u00e9geidet, hozz kulcsfontoss\u00e1g\u00fa d\u00f6nt\u00e9seket, \u00e9s ismerkedj meg a karakterek sz\u00ednes csapat\u00e1val, mik\u00f6zben a nagy torn\u00e1ra k\u00e9sz\u00fclsz. \ud83c\udf0d Glob\u00e1lis \u2699\ufe0f Steam \ud83d\udddd Digit\u00e1lis kulcs\",\"breadcrumb\":{\"@id\":\"https:\\\/\\\/prismagamers.com\\\/hu\\\/produkt\\\/mesek-es-taktikak\\\/#breadcrumb\"},\"inLanguage\":\"hu\",\"potentialAction\":[{\"@type\":\"ReadAction\",\"target\":[\"https:\\\/\\\/prismagamers.com\\\/hu\\\/produkt\\\/mesek-es-taktikak\\\/\"]}]},{\"@type\":\"ImageObject\",\"inLanguage\":\"hu\",\"@id\":\"https:\\\/\\\/prismagamers.com\\\/hu\\\/produkt\\\/mesek-es-taktikak\\\/#primaryimage\",\"url\":\"https:\\\/\\\/prismagamers.com\\\/wp-content\\\/uploads\\\/2025\\\/04\\\/library_600x900_2x-11.jpg\",\"contentUrl\":\"https:\\\/\\\/prismagamers.com\\\/wp-content\\\/uploads\\\/2025\\\/04\\\/library_600x900_2x-11.jpg\",\"width\":600,\"height\":900,\"caption\":\"Tales &amp; Tactics boxshot\"},{\"@type\":\"BreadcrumbList\",\"@id\":\"https:\\\/\\\/prismagamers.com\\\/hu\\\/produkt\\\/mesek-es-taktikak\\\/#breadcrumb\",\"itemListElement\":[{\"@type\":\"ListItem\",\"position\":1,\"name\":\"Strona g\u0142\u00f3wna\",\"item\":\"https:\\\/\\\/prismagamers.com\\\/hu\\\/prismagamers\\\/\"},{\"@type\":\"ListItem\",\"position\":2,\"name\":\"Shop\",\"item\":\"https:\\\/\\\/prismagamers.com\\\/hu\\\/shop\\\/\"},{\"@type\":\"ListItem\",\"position\":3,\"name\":\"Tales &#038; Tactics\"}]},{\"@type\":\"WebSite\",\"@id\":\"https:\\\/\\\/prismagamers.com\\\/hu\\\/#website\",\"url\":\"https:\\\/\\\/prismagamers.com\\\/hu\\\/\",\"name\":\"Prismagamers\",\"description\":\"Sklep z grami PC I Sklep klucze Steam\",\"publisher\":{\"@id\":\"https:\\\/\\\/prismagamers.com\\\/hu\\\/#organization\"},\"potentialAction\":[{\"@type\":\"SearchAction\",\"target\":{\"@type\":\"EntryPoint\",\"urlTemplate\":\"https:\\\/\\\/prismagamers.com\\\/hu\\\/?s={search_term_string}\"},\"query-input\":{\"@type\":\"PropertyValueSpecification\",\"valueRequired\":true,\"valueName\":\"search_term_string\"}}],\"inLanguage\":\"hu\"},{\"@type\":\"Organization\",\"@id\":\"https:\\\/\\\/prismagamers.com\\\/hu\\\/#organization\",\"name\":\"Prismagamers\",\"url\":\"https:\\\/\\\/prismagamers.com\\\/hu\\\/\",\"logo\":{\"@type\":\"ImageObject\",\"inLanguage\":\"hu\",\"@id\":\"https:\\\/\\\/prismagamers.com\\\/hu\\\/#\\\/schema\\\/logo\\\/image\\\/\",\"url\":\"https:\\\/\\\/prismagamers.com\\\/wp-content\\\/uploads\\\/2022\\\/04\\\/cropped-logo-Prismagamers-01-scaled-1.jpg\",\"contentUrl\":\"https:\\\/\\\/prismagamers.com\\\/wp-content\\\/uploads\\\/2022\\\/04\\\/cropped-logo-Prismagamers-01-scaled-1.jpg\",\"width\":512,\"height\":512,\"caption\":\"Prismagamers\"},\"image\":{\"@id\":\"https:\\\/\\\/prismagamers.com\\\/hu\\\/#\\\/schema\\\/logo\\\/image\\\/\"},\"sameAs\":[\"https:\\\/\\\/www.facebook.com\\\/prismagamers\",\"https:\\\/\\\/www.instagram.com\\\/prismagamers_grycyfrowe\\\/\"],\"description\":\"Prismagamers.com to dynamiczny sklep z grami cyfrowymi, stworzony z my\u015bl\u0105 o entuzjastach gier wideo. Nasza strona oferuje szerok\u0105 gam\u0119 gier komputerowych, w tym najnowsze tytu\u0142y, dobrze znane klasyki oraz gry stworzone przez niezale\u017cne studia Ca\u0142y czas d\u0105\u017cymy do rozszerzenia naszej oferty. Do\u0142\u0105cz do nas i sta\u0144 si\u0119 cz\u0119\u015bci\u0105 naszej rosn\u0105cej spo\u0142eczno\u015bci graczy!\",\"email\":\"shop@prismagamers.com\",\"telephone\":\"48795541705\",\"legalName\":\"East Caravan Maksym \u017bukow\",\"foundingDate\":\"2012-05-10\",\"vatID\":\"PL8943038612\",\"taxID\":\"PL8943038612\",\"numberOfEmployees\":{\"@type\":\"QuantitativeValue\",\"minValue\":\"11\",\"maxValue\":\"50\"}}]}<\/script>\n<!-- \/ Yoast SEO Premium plugin. -->","yoast_head_json":{"title":"Tales & Tactics - Prismagamers.com","description":"A Tales &amp; Tactics egy csapat-alap\u00fa roguelike autobattler, amely egy t\u00e1bl\u00e1s RPG vil\u00e1gban j\u00e1tsz\u00f3dik. V\u00e1laszd ki a seregedet, gondosan szereld fel \u00e9s helyezd el az egys\u00e9geidet, hozz kulcsfontoss\u00e1g\u00fa d\u00f6nt\u00e9seket, \u00e9s ismerkedj meg a karakterek sz\u00ednes csapat\u00e1val, mik\u00f6zben a nagy torn\u00e1ra k\u00e9sz\u00fclsz.  \ud83c\udf0d Glob\u00e1lis \u2699\ufe0f Steam \ud83d\udddd Digit\u00e1lis kulcs","robots":{"index":"index","follow":"follow","max-snippet":"max-snippet:-1","max-image-preview":"max-image-preview:large","max-video-preview":"max-video-preview:-1"},"canonical":"https:\/\/prismagamers.com\/hu\/produkt\/mesek-es-taktikak\/","og_locale":"hu_HU","og_type":"article","og_title":"Tales & Tactics","og_description":"A Tales &amp; Tactics egy csapat-alap\u00fa roguelike autobattler, amely egy t\u00e1bl\u00e1s RPG vil\u00e1gban j\u00e1tsz\u00f3dik. V\u00e1laszd ki a seregedet, gondosan szereld fel \u00e9s helyezd el az egys\u00e9geidet, hozz kulcsfontoss\u00e1g\u00fa d\u00f6nt\u00e9seket, \u00e9s ismerkedj meg a karakterek sz\u00ednes csapat\u00e1val, mik\u00f6zben a nagy torn\u00e1ra k\u00e9sz\u00fclsz.  \ud83c\udf0d Glob\u00e1lis \u2699\ufe0f Steam \ud83d\udddd Digit\u00e1lis kulcs","og_url":"https:\/\/prismagamers.com\/hu\/produkt\/mesek-es-taktikak\/","og_site_name":"Prismagamers.com","article_publisher":"https:\/\/www.facebook.com\/prismagamers","article_modified_time":"2026-03-04T23:00:50+00:00","og_image":[{"width":600,"height":900,"url":"https:\/\/prismagamers.com\/wp-content\/uploads\/2025\/04\/library_600x900_2x-11.jpg","type":"image\/jpeg"}],"twitter_card":"summary_large_image","twitter_misc":{"Becs\u00fclt olvas\u00e1si id\u0151":"3 perc"},"schema":{"@context":"https:\/\/schema.org","@graph":[{"@type":"WebPage","@id":"https:\/\/prismagamers.com\/hu\/produkt\/mesek-es-taktikak\/","url":"https:\/\/prismagamers.com\/hu\/produkt\/mesek-es-taktikak\/","name":"Tales & Tactics - Prismagamers.com","isPartOf":{"@id":"https:\/\/prismagamers.com\/hu\/#website"},"primaryImageOfPage":{"@id":"https:\/\/prismagamers.com\/hu\/produkt\/mesek-es-taktikak\/#primaryimage"},"image":{"@id":"https:\/\/prismagamers.com\/hu\/produkt\/mesek-es-taktikak\/#primaryimage"},"thumbnailUrl":"https:\/\/prismagamers.com\/wp-content\/uploads\/2025\/04\/library_600x900_2x-11.jpg","datePublished":"2025-04-04T20:51:32+00:00","dateModified":"2026-03-04T23:00:50+00:00","description":"A Tales &amp; Tactics egy csapat-alap\u00fa roguelike autobattler, amely egy t\u00e1bl\u00e1s RPG vil\u00e1gban j\u00e1tsz\u00f3dik. V\u00e1laszd ki a seregedet, gondosan szereld fel \u00e9s helyezd el az egys\u00e9geidet, hozz kulcsfontoss\u00e1g\u00fa d\u00f6nt\u00e9seket, \u00e9s ismerkedj meg a karakterek sz\u00ednes csapat\u00e1val, mik\u00f6zben a nagy torn\u00e1ra k\u00e9sz\u00fclsz. \ud83c\udf0d Glob\u00e1lis \u2699\ufe0f Steam \ud83d\udddd Digit\u00e1lis kulcs","breadcrumb":{"@id":"https:\/\/prismagamers.com\/hu\/produkt\/mesek-es-taktikak\/#breadcrumb"},"inLanguage":"hu","potentialAction":[{"@type":"ReadAction","target":["https:\/\/prismagamers.com\/hu\/produkt\/mesek-es-taktikak\/"]}]},{"@type":"ImageObject","inLanguage":"hu","@id":"https:\/\/prismagamers.com\/hu\/produkt\/mesek-es-taktikak\/#primaryimage","url":"https:\/\/prismagamers.com\/wp-content\/uploads\/2025\/04\/library_600x900_2x-11.jpg","contentUrl":"https:\/\/prismagamers.com\/wp-content\/uploads\/2025\/04\/library_600x900_2x-11.jpg","width":600,"height":900,"caption":"Tales &amp; Tactics boxshot"},{"@type":"BreadcrumbList","@id":"https:\/\/prismagamers.com\/hu\/produkt\/mesek-es-taktikak\/#breadcrumb","itemListElement":[{"@type":"ListItem","position":1,"name":"Strona g\u0142\u00f3wna","item":"https:\/\/prismagamers.com\/hu\/prismagamers\/"},{"@type":"ListItem","position":2,"name":"Shop","item":"https:\/\/prismagamers.com\/hu\/shop\/"},{"@type":"ListItem","position":3,"name":"Tales &#038; Tactics"}]},{"@type":"WebSite","@id":"https:\/\/prismagamers.com\/hu\/#website","url":"https:\/\/prismagamers.com\/hu\/","name":"Prismagamers","description":"Sklep z grami PC I Sklep klucze Steam","publisher":{"@id":"https:\/\/prismagamers.com\/hu\/#organization"},"potentialAction":[{"@type":"SearchAction","target":{"@type":"EntryPoint","urlTemplate":"https:\/\/prismagamers.com\/hu\/?s={search_term_string}"},"query-input":{"@type":"PropertyValueSpecification","valueRequired":true,"valueName":"search_term_string"}}],"inLanguage":"hu"},{"@type":"Organization","@id":"https:\/\/prismagamers.com\/hu\/#organization","name":"Prismagamers","url":"https:\/\/prismagamers.com\/hu\/","logo":{"@type":"ImageObject","inLanguage":"hu","@id":"https:\/\/prismagamers.com\/hu\/#\/schema\/logo\/image\/","url":"https:\/\/prismagamers.com\/wp-content\/uploads\/2022\/04\/cropped-logo-Prismagamers-01-scaled-1.jpg","contentUrl":"https:\/\/prismagamers.com\/wp-content\/uploads\/2022\/04\/cropped-logo-Prismagamers-01-scaled-1.jpg","width":512,"height":512,"caption":"Prismagamers"},"image":{"@id":"https:\/\/prismagamers.com\/hu\/#\/schema\/logo\/image\/"},"sameAs":["https:\/\/www.facebook.com\/prismagamers","https:\/\/www.instagram.com\/prismagamers_grycyfrowe\/"],"description":"Prismagamers.com to dynamiczny sklep z grami cyfrowymi, stworzony z my\u015bl\u0105 o entuzjastach gier wideo. Nasza strona oferuje szerok\u0105 gam\u0119 gier komputerowych, w tym najnowsze tytu\u0142y, dobrze znane klasyki oraz gry stworzone przez niezale\u017cne studia Ca\u0142y czas d\u0105\u017cymy do rozszerzenia naszej oferty. Do\u0142\u0105cz do nas i sta\u0144 si\u0119 cz\u0119\u015bci\u0105 naszej rosn\u0105cej spo\u0142eczno\u015bci graczy!","email":"shop@prismagamers.com","telephone":"48795541705","legalName":"East Caravan Maksym \u017bukow","foundingDate":"2012-05-10","vatID":"PL8943038612","taxID":"PL8943038612","numberOfEmployees":{"@type":"QuantitativeValue","minValue":"11","maxValue":"50"}}]}},"_links":{"self":[{"href":"https:\/\/prismagamers.com\/hu\/wp-json\/wp\/v2\/product\/35533","targetHints":{"allow":["GET"]}}],"collection":[{"href":"https:\/\/prismagamers.com\/hu\/wp-json\/wp\/v2\/product"}],"about":[{"href":"https:\/\/prismagamers.com\/hu\/wp-json\/wp\/v2\/types\/product"}],"wp:featuredmedia":[{"embeddable":true,"href":"https:\/\/prismagamers.com\/hu\/wp-json\/wp\/v2\/media\/35526"}],"wp:attachment":[{"href":"https:\/\/prismagamers.com\/hu\/wp-json\/wp\/v2\/media?parent=35533"}],"wp:term":[{"taxonomy":"product_brand","embeddable":true,"href":"https:\/\/prismagamers.com\/hu\/wp-json\/wp\/v2\/product_brand?post=35533"},{"taxonomy":"product_cat","embeddable":true,"href":"https:\/\/prismagamers.com\/hu\/wp-json\/wp\/v2\/product_cat?post=35533"},{"taxonomy":"product_tag","embeddable":true,"href":"https:\/\/prismagamers.com\/hu\/wp-json\/wp\/v2\/product_tag?post=35533"}],"curies":[{"name":"wp","href":"https:\/\/api.w.org\/{rel}","templated":true}]}}