{"id":35543,"date":"2025-04-04T23:02:55","date_gmt":"2025-04-04T21:02:55","guid":{"rendered":"https:\/\/prismagamers.com\/produkt\/ideje-morpolni\/"},"modified":"2026-03-05T00:00:52","modified_gmt":"2026-03-04T23:00:52","slug":"ideje-morpolni","status":"publish","type":"product","link":"https:\/\/prismagamers.com\/hu\/produkt\/ideje-morpolni\/","title":{"rendered":"Time to Morp"},"content":{"rendered":"<p data-start=\"0\" data-end=\"254\"><strong data-start=\"0\" data-end=\"66\">J\u00e1tssz a bar\u00e1taiddal egy hangulatos b\u00e1zis\u00e9p\u00edt\u0151 kalandban!<\/strong> Gondoskodj im\u00e1dnival\u00f3 l\u00e9nyekr\u0151l &#8211; Morpies, fedezd fel, fedezz fel \u00faj fajokat, termessz term\u00e9nyeket, hal\u00e1ssz, \u00e9p\u00edts kapcsolatokat a leg\u00e9nys\u00e9geddel, d\u00edsz\u00edtsd fel \u00e1lmaid otthon\u00e1t \u00e9s automatiz\u00e1ld a termel\u00e9st \u00fatk\u00f6zben!<\/p>\n<p data-start=\"0\" data-end=\"254\"><img decoding=\"async\" class=\"bb_img aligncenter\" src=\"https:\/\/shared.fastly.steamstatic.com\/store_item_assets\/steam\/apps\/977510\/extras\/Steam_New_GIF_1_FINAL.gif?t=1742794442\" \/><\/p>\n<p data-start=\"256\" data-end=\"408\"><strong data-start=\"256\" data-end=\"295\">A v\u00e9gs\u0151 hangulatos \u00e9lm\u00e9ny!<\/strong><br data-start=\"295\" data-end=\"298\" \/>1-4 j\u00e1t\u00e9kos &#8211; <strong data-start=\"311\" data-end=\"328\">A Time to Morp<\/strong> egy remek sz\u00f3l\u00f3j\u00e1t\u00e9k, de m\u00e9g t\u00f6bb m\u00f3ka v\u00e1r r\u00e1d, ha bar\u00e1taiddal j\u00e1tszol!<\/p>\n<p data-start=\"410\" data-end=\"572\"><strong data-start=\"410\" data-end=\"426\">Vigy\u00e1zz a morpi\u00e1kra<\/strong> &#8211; a vil\u00e1g tele van aranyos \u00e9s egyedi l\u00e9nyekkel, amelyek seg\u00edtenek nyersanyagokat gy\u0171jteni, vagy egyszer\u0171en csak elk\u00eds\u00e9rnek t\u00e9ged a sz\u00ednes bolyg\u00f3 felfedez\u00e9s\u00e9ben.<\/p>\n<p data-start=\"574\" data-end=\"801\"><strong data-start=\"574\" data-end=\"616\">Horg\u00e1szat, n\u00f6v\u00e9nytermeszt\u00e9s, f\u0151z\u00e9s<\/strong> &#8211; pihentet\u0151 \u00e9s kifizet\u0151d\u0151 tev\u00e9kenys\u00e9gek, amelyekkel kikapcsol\u00f3dhatsz! Hal\u00e1ssz nyugodt vizekben, \u00fcltess \u00e9s nevelj n\u00f6v\u00e9nyeket, gy\u0171jts ritka alapanyagokat \u00e9s f\u0151zz finom \u00e9teleket!<\/p>\n<p data-start=\"574\" data-end=\"801\"><img decoding=\"async\" class=\"bb_img aligncenter\" src=\"https:\/\/shared.fastly.steamstatic.com\/store_item_assets\/steam\/apps\/977510\/extras\/Steam_Page_GIF_2_FINAL.gif?t=1742794442\" \/><\/p>\n<p data-start=\"803\" data-end=\"965\"><strong data-start=\"803\" data-end=\"832\">Automatiz\u00e1lj mindent<\/strong> &#8211; \u00f6nt\u00f6zz \u00e9s gy\u0171jtsd be a nyersanyagokat magad, vagy hagyd, hogy a g\u00e9pek gondoskodjanak mindenr\u0151l, hogy te az izgalmas kalandokra koncentr\u00e1lhass!<\/p>\n<p data-start=\"967\" data-end=\"1179\"><strong data-start=\"967\" data-end=\"988\">A szem\u00e9lyes otthonod<\/strong> &#8211; \u00e9p\u00edts egy kisebb vagy nagyobb otthont, nemcsak magadnak, hanem minden egyes bar\u00e1todnak is. Fejezd ki magad, d\u00edsz\u00edtsd a bels\u0151 teret t\u00f6bb mint 300 dekor\u00e1ci\u00f3s elemmel!<\/p>\n<p data-start=\"1181\" data-end=\"1370\"><strong data-start=\"1181\" data-end=\"1204\">\u00c9p\u00edtsd meg a saj\u00e1t v\u00e1rosod<\/strong> &#8211; tervezz \u00e9s \u00e9p\u00edts egy eg\u00e9sz v\u00e1rost! Ahogy n\u0151sz, \u00fagy oldasz fel csod\u00e1latos dekor\u00e1ci\u00f3kat, amelyek m\u00e9g egyedibb\u00e9 \u00e9s igaz\u00e1n a ti\u00e9dd\u00e9 teszik a szigetedet!<\/p>\n<p data-start=\"1372\" data-end=\"1517\"><strong data-start=\"1372\" data-end=\"1395\">Ismerd meg a leg\u00e9nys\u00e9gedet<\/strong> &#8211; ismerd meg a leg\u00e9nys\u00e9ged k\u00fcl\u00f6nb\u00f6z\u0151 karaktereit, akik mindegyike egyedi st\u00edlusban seg\u00edt megoldani a bolyg\u00f3 rejt\u00e9ly\u00e9t.<\/p>\n<p data-start=\"1519\" data-end=\"1606\"><strong data-start=\"1519\" data-end=\"1532\">Fedezd fel<\/strong> &#8211; fedezd fel a tev\u00e9kenys\u00e9gekkel, egyed\u00fcl\u00e1ll\u00f3 er\u0151forr\u00e1sokkal, titkokkal \u00e9s biomokkal teli szigetet!<\/p>\n<p data-start=\"1608\" data-end=\"1921\"><strong data-start=\"1613\" data-end=\"1625\">Gyakornokk\u00e9nt<\/strong> az els\u0151 k\u00fcldet\u00e9seden lehet\u0151s\u00e9ged van arra, hogy bizony\u00edts, bar\u00e1tkozz a leg\u00e9nys\u00e9ggel \u00e9s fedezd fel ennek az ismeretlen bolyg\u00f3nak a titkait! K\u00f6vesd a t\u00f6rt\u00e9netet, hogy megtal\u00e1ld az SOS-jel forr\u00e1s\u00e1t, amely idecsalt t\u00e9ged, seg\u00edts a r\u00e1szorul\u00f3 l\u00e9nyeknek, \u00e9s seg\u00edts egy elveszett l\u00e9leknek \u00fajraegyes\u00fclni a csal\u00e1dj\u00e1val.<\/p>\n","protected":false},"excerpt":{"rendered":"<p>J\u00e1tssz a bar\u00e1taiddal egy hangulatos b\u00e1zis\u00e9p\u00edt\u0151 kalandban! Gondoskodj im\u00e1dnival\u00f3 l\u00e9nyekr\u0151l &#8211; Morpies, fedezd fel, fedezz fel \u00faj fajokat, termessz n\u00f6v\u00e9nyeket, halakat, \u00e9p\u00edts kapcsolatokat a leg\u00e9nys\u00e9geddel, d\u00edsz\u00edtsd fel \u00e1lmaid tany\u00e1j\u00e1t \u00e9s automatiz\u00e1ld a termel\u00e9st \u00fatk\u00f6zben!<\/p>\n<p>\ud83c\udf0d Glob\u00e1lis<br \/>\n\u2699\ufe0f Steam<br \/>\n\ud83d\udddd Digit\u00e1lis kulcs<\/p>\n","protected":false},"featured_media":35536,"template":"","meta":{"_acf_changed":false,"site-sidebar-layout":"default","site-content-layout":"","ast-site-content-layout":"default","site-content-style":"default","site-sidebar-style":"default","ast-global-header-display":"","ast-banner-title-visibility":"","ast-main-header-display":"","ast-hfb-above-header-display":"","ast-hfb-below-header-display":"","ast-hfb-mobile-header-display":"","site-post-title":"","ast-breadcrumbs-content":"","ast-featured-img":"","footer-sml-layout":"","ast-disable-related-posts":"","theme-transparent-header-meta":"default","adv-header-id-meta":"","stick-header-meta":"","header-above-stick-meta":"","header-main-stick-meta":"","header-below-stick-meta":"","astra-migrate-meta-layouts":"set","ast-page-background-enabled":"default","ast-page-background-meta":{"desktop":{"background-color":"var(--ast-global-color-4)","background-image":"","background-repeat":"repeat","background-position":"center center","background-size":"auto","background-attachment":"scroll","background-type":"","background-media":"","overlay-type":"","overlay-color":"","overlay-opacity":"","overlay-gradient":""},"tablet":{"background-color":"","background-image":"","background-repeat":"repeat","background-position":"center center","background-size":"auto","background-attachment":"scroll","background-type":"","background-media":"","overlay-type":"","overlay-color":"","overlay-opacity":"","overlay-gradient":""},"mobile":{"background-color":"","background-image":"","background-repeat":"repeat","background-position":"center center","background-size":"auto","background-attachment":"scroll","background-type":"","background-media":"","overlay-type":"","overlay-color":"","overlay-opacity":"","overlay-gradient":""}},"ast-content-background-meta":{"desktop":{"background-color":"var(--ast-global-color-5)","background-image":"","background-repeat":"repeat","background-position":"center center","background-size":"auto","background-attachment":"scroll","background-type":"","background-media":"","overlay-type":"","overlay-color":"","overlay-opacity":"","overlay-gradient":""},"tablet":{"background-color":"var(--ast-global-color-5)","background-image":"","background-repeat":"repeat","background-position":"center center","background-size":"auto","background-attachment":"scroll","background-type":"","background-media":"","overlay-type":"","overlay-color":"","overlay-opacity":"","overlay-gradient":""},"mobile":{"background-color":"var(--ast-global-color-5)","background-image":"","background-repeat":"repeat","background-position":"center center","background-size":"auto","background-attachment":"scroll","background-type":"","background-media":"","overlay-type":"","overlay-color":"","overlay-opacity":"","overlay-gradient":""}}},"product_brand":[],"product_cat":[381,369,363,378,391],"product_tag":[],"class_list":{"0":"post-35543","1":"product","2":"type-product","3":"status-publish","4":"has-post-thumbnail","6":"product_cat-csaladi-jatekok","7":"product_cat-csarnokok","8":"product_cat-kaland-jatekok","9":"product_cat-minden-digitalis-jatek","10":"product_cat-yogscast-jatekok","11":"desktop-align-left","12":"tablet-align-left","13":"mobile-align-left","15":"first","16":"instock","17":"virtual","18":"purchasable","19":"product-type-simple"},"acf":[],"yoast_head":"<!-- This site is optimized with the Yoast SEO Premium plugin v27.4 (Yoast SEO v27.4) - https:\/\/yoast.com\/product\/yoast-seo-premium-wordpress\/ -->\n<title>Time to Morp - Prismagamers.com<\/title>\n<meta name=\"description\" content=\"J\u00e1tssz a bar\u00e1taiddal egy hangulatos b\u00e1zis\u00e9p\u00edt\u0151 kalandban! Gondoskodj im\u00e1dnival\u00f3 l\u00e9nyekr\u0151l - Morpies, fedezd fel, fedezz fel \u00faj fajokat, termessz n\u00f6v\u00e9nyeket, halakat, \u00e9p\u00edts kapcsolatokat a leg\u00e9nys\u00e9geddel, d\u00edsz\u00edtsd fel \u00e1lmaid tany\u00e1j\u00e1t \u00e9s automatiz\u00e1ld a termel\u00e9st \u00fatk\u00f6zben!  \ud83c\udf0d Glob\u00e1lis \u2699\ufe0f Steam \ud83d\udddd Digit\u00e1lis kulcs\" \/>\n<meta name=\"robots\" content=\"index, follow, max-snippet:-1, max-image-preview:large, max-video-preview:-1\" \/>\n<link rel=\"canonical\" href=\"https:\/\/prismagamers.com\/hu\/produkt\/ideje-morpolni\/\" \/>\n<meta property=\"og:locale\" content=\"hu_HU\" \/>\n<meta property=\"og:type\" content=\"article\" \/>\n<meta property=\"og:title\" content=\"Time to Morp\" \/>\n<meta property=\"og:description\" content=\"J\u00e1tssz a bar\u00e1taiddal egy hangulatos b\u00e1zis\u00e9p\u00edt\u0151 kalandban! Gondoskodj im\u00e1dnival\u00f3 l\u00e9nyekr\u0151l - Morpies, fedezd fel, fedezz fel \u00faj fajokat, termessz n\u00f6v\u00e9nyeket, halakat, \u00e9p\u00edts kapcsolatokat a leg\u00e9nys\u00e9geddel, d\u00edsz\u00edtsd fel \u00e1lmaid tany\u00e1j\u00e1t \u00e9s automatiz\u00e1ld a termel\u00e9st \u00fatk\u00f6zben!  \ud83c\udf0d Glob\u00e1lis \u2699\ufe0f Steam \ud83d\udddd Digit\u00e1lis kulcs\" \/>\n<meta property=\"og:url\" content=\"https:\/\/prismagamers.com\/hu\/produkt\/ideje-morpolni\/\" \/>\n<meta property=\"og:site_name\" content=\"Prismagamers.com\" \/>\n<meta property=\"article:publisher\" content=\"https:\/\/www.facebook.com\/prismagamers\" \/>\n<meta property=\"article:modified_time\" content=\"2026-03-04T23:00:52+00:00\" \/>\n<meta property=\"og:image\" content=\"https:\/\/prismagamers.com\/wp-content\/uploads\/2025\/04\/library_600x900_2x-12.jpg\" \/>\n\t<meta property=\"og:image:width\" content=\"600\" \/>\n\t<meta property=\"og:image:height\" content=\"900\" \/>\n\t<meta property=\"og:image:type\" content=\"image\/jpeg\" \/>\n<meta name=\"twitter:card\" content=\"summary_large_image\" \/>\n<meta name=\"twitter:label1\" content=\"Becs\u00fclt olvas\u00e1si id\u0151\" \/>\n\t<meta name=\"twitter:data1\" content=\"3 perc\" \/>\n<script type=\"application\/ld+json\" class=\"yoast-schema-graph\">{\"@context\":\"https:\\\/\\\/schema.org\",\"@graph\":[{\"@type\":\"WebPage\",\"@id\":\"https:\\\/\\\/prismagamers.com\\\/hu\\\/produkt\\\/ideje-morpolni\\\/\",\"url\":\"https:\\\/\\\/prismagamers.com\\\/hu\\\/produkt\\\/ideje-morpolni\\\/\",\"name\":\"Time to Morp - Prismagamers.com\",\"isPartOf\":{\"@id\":\"https:\\\/\\\/prismagamers.com\\\/hu\\\/#website\"},\"primaryImageOfPage\":{\"@id\":\"https:\\\/\\\/prismagamers.com\\\/hu\\\/produkt\\\/ideje-morpolni\\\/#primaryimage\"},\"image\":{\"@id\":\"https:\\\/\\\/prismagamers.com\\\/hu\\\/produkt\\\/ideje-morpolni\\\/#primaryimage\"},\"thumbnailUrl\":\"https:\\\/\\\/prismagamers.com\\\/wp-content\\\/uploads\\\/2025\\\/04\\\/library_600x900_2x-12.jpg\",\"datePublished\":\"2025-04-04T21:02:55+00:00\",\"dateModified\":\"2026-03-04T23:00:52+00:00\",\"description\":\"J\u00e1tssz a bar\u00e1taiddal egy hangulatos b\u00e1zis\u00e9p\u00edt\u0151 kalandban! Gondoskodj im\u00e1dnival\u00f3 l\u00e9nyekr\u0151l - Morpies, fedezd fel, fedezz fel \u00faj fajokat, termessz n\u00f6v\u00e9nyeket, halakat, \u00e9p\u00edts kapcsolatokat a leg\u00e9nys\u00e9geddel, d\u00edsz\u00edtsd fel \u00e1lmaid tany\u00e1j\u00e1t \u00e9s automatiz\u00e1ld a termel\u00e9st \u00fatk\u00f6zben! \ud83c\udf0d Glob\u00e1lis \u2699\ufe0f Steam \ud83d\udddd Digit\u00e1lis kulcs\",\"breadcrumb\":{\"@id\":\"https:\\\/\\\/prismagamers.com\\\/hu\\\/produkt\\\/ideje-morpolni\\\/#breadcrumb\"},\"inLanguage\":\"hu\",\"potentialAction\":[{\"@type\":\"ReadAction\",\"target\":[\"https:\\\/\\\/prismagamers.com\\\/hu\\\/produkt\\\/ideje-morpolni\\\/\"]}]},{\"@type\":\"ImageObject\",\"inLanguage\":\"hu\",\"@id\":\"https:\\\/\\\/prismagamers.com\\\/hu\\\/produkt\\\/ideje-morpolni\\\/#primaryimage\",\"url\":\"https:\\\/\\\/prismagamers.com\\\/wp-content\\\/uploads\\\/2025\\\/04\\\/library_600x900_2x-12.jpg\",\"contentUrl\":\"https:\\\/\\\/prismagamers.com\\\/wp-content\\\/uploads\\\/2025\\\/04\\\/library_600x900_2x-12.jpg\",\"width\":600,\"height\":900,\"caption\":\"Ideje Morp bor\u00edt\u00f3\"},{\"@type\":\"BreadcrumbList\",\"@id\":\"https:\\\/\\\/prismagamers.com\\\/hu\\\/produkt\\\/ideje-morpolni\\\/#breadcrumb\",\"itemListElement\":[{\"@type\":\"ListItem\",\"position\":1,\"name\":\"Strona g\u0142\u00f3wna\",\"item\":\"https:\\\/\\\/prismagamers.com\\\/hu\\\/prismagamers\\\/\"},{\"@type\":\"ListItem\",\"position\":2,\"name\":\"Shop\",\"item\":\"https:\\\/\\\/prismagamers.com\\\/hu\\\/shop\\\/\"},{\"@type\":\"ListItem\",\"position\":3,\"name\":\"Time to Morp\"}]},{\"@type\":\"WebSite\",\"@id\":\"https:\\\/\\\/prismagamers.com\\\/hu\\\/#website\",\"url\":\"https:\\\/\\\/prismagamers.com\\\/hu\\\/\",\"name\":\"Prismagamers\",\"description\":\"Sklep z grami PC I Sklep klucze Steam\",\"publisher\":{\"@id\":\"https:\\\/\\\/prismagamers.com\\\/hu\\\/#organization\"},\"potentialAction\":[{\"@type\":\"SearchAction\",\"target\":{\"@type\":\"EntryPoint\",\"urlTemplate\":\"https:\\\/\\\/prismagamers.com\\\/hu\\\/?s={search_term_string}\"},\"query-input\":{\"@type\":\"PropertyValueSpecification\",\"valueRequired\":true,\"valueName\":\"search_term_string\"}}],\"inLanguage\":\"hu\"},{\"@type\":\"Organization\",\"@id\":\"https:\\\/\\\/prismagamers.com\\\/hu\\\/#organization\",\"name\":\"Prismagamers\",\"url\":\"https:\\\/\\\/prismagamers.com\\\/hu\\\/\",\"logo\":{\"@type\":\"ImageObject\",\"inLanguage\":\"hu\",\"@id\":\"https:\\\/\\\/prismagamers.com\\\/hu\\\/#\\\/schema\\\/logo\\\/image\\\/\",\"url\":\"https:\\\/\\\/prismagamers.com\\\/wp-content\\\/uploads\\\/2022\\\/04\\\/cropped-logo-Prismagamers-01-scaled-1.jpg\",\"contentUrl\":\"https:\\\/\\\/prismagamers.com\\\/wp-content\\\/uploads\\\/2022\\\/04\\\/cropped-logo-Prismagamers-01-scaled-1.jpg\",\"width\":512,\"height\":512,\"caption\":\"Prismagamers\"},\"image\":{\"@id\":\"https:\\\/\\\/prismagamers.com\\\/hu\\\/#\\\/schema\\\/logo\\\/image\\\/\"},\"sameAs\":[\"https:\\\/\\\/www.facebook.com\\\/prismagamers\",\"https:\\\/\\\/www.instagram.com\\\/prismagamers_grycyfrowe\\\/\"],\"description\":\"Prismagamers.com to dynamiczny sklep z grami cyfrowymi, stworzony z my\u015bl\u0105 o entuzjastach gier wideo. Nasza strona oferuje szerok\u0105 gam\u0119 gier komputerowych, w tym najnowsze tytu\u0142y, dobrze znane klasyki oraz gry stworzone przez niezale\u017cne studia Ca\u0142y czas d\u0105\u017cymy do rozszerzenia naszej oferty. Do\u0142\u0105cz do nas i sta\u0144 si\u0119 cz\u0119\u015bci\u0105 naszej rosn\u0105cej spo\u0142eczno\u015bci graczy!\",\"email\":\"shop@prismagamers.com\",\"telephone\":\"48795541705\",\"legalName\":\"East Caravan Maksym \u017bukow\",\"foundingDate\":\"2012-05-10\",\"vatID\":\"PL8943038612\",\"taxID\":\"PL8943038612\",\"numberOfEmployees\":{\"@type\":\"QuantitativeValue\",\"minValue\":\"11\",\"maxValue\":\"50\"}}]}<\/script>\n<!-- \/ Yoast SEO Premium plugin. -->","yoast_head_json":{"title":"Time to Morp - Prismagamers.com","description":"J\u00e1tssz a bar\u00e1taiddal egy hangulatos b\u00e1zis\u00e9p\u00edt\u0151 kalandban! Gondoskodj im\u00e1dnival\u00f3 l\u00e9nyekr\u0151l - Morpies, fedezd fel, fedezz fel \u00faj fajokat, termessz n\u00f6v\u00e9nyeket, halakat, \u00e9p\u00edts kapcsolatokat a leg\u00e9nys\u00e9geddel, d\u00edsz\u00edtsd fel \u00e1lmaid tany\u00e1j\u00e1t \u00e9s automatiz\u00e1ld a termel\u00e9st \u00fatk\u00f6zben!  \ud83c\udf0d Glob\u00e1lis \u2699\ufe0f Steam \ud83d\udddd Digit\u00e1lis kulcs","robots":{"index":"index","follow":"follow","max-snippet":"max-snippet:-1","max-image-preview":"max-image-preview:large","max-video-preview":"max-video-preview:-1"},"canonical":"https:\/\/prismagamers.com\/hu\/produkt\/ideje-morpolni\/","og_locale":"hu_HU","og_type":"article","og_title":"Time to Morp","og_description":"J\u00e1tssz a bar\u00e1taiddal egy hangulatos b\u00e1zis\u00e9p\u00edt\u0151 kalandban! Gondoskodj im\u00e1dnival\u00f3 l\u00e9nyekr\u0151l - Morpies, fedezd fel, fedezz fel \u00faj fajokat, termessz n\u00f6v\u00e9nyeket, halakat, \u00e9p\u00edts kapcsolatokat a leg\u00e9nys\u00e9geddel, d\u00edsz\u00edtsd fel \u00e1lmaid tany\u00e1j\u00e1t \u00e9s automatiz\u00e1ld a termel\u00e9st \u00fatk\u00f6zben!  \ud83c\udf0d Glob\u00e1lis \u2699\ufe0f Steam \ud83d\udddd Digit\u00e1lis kulcs","og_url":"https:\/\/prismagamers.com\/hu\/produkt\/ideje-morpolni\/","og_site_name":"Prismagamers.com","article_publisher":"https:\/\/www.facebook.com\/prismagamers","article_modified_time":"2026-03-04T23:00:52+00:00","og_image":[{"width":600,"height":900,"url":"https:\/\/prismagamers.com\/wp-content\/uploads\/2025\/04\/library_600x900_2x-12.jpg","type":"image\/jpeg"}],"twitter_card":"summary_large_image","twitter_misc":{"Becs\u00fclt olvas\u00e1si id\u0151":"3 perc"},"schema":{"@context":"https:\/\/schema.org","@graph":[{"@type":"WebPage","@id":"https:\/\/prismagamers.com\/hu\/produkt\/ideje-morpolni\/","url":"https:\/\/prismagamers.com\/hu\/produkt\/ideje-morpolni\/","name":"Time to Morp - Prismagamers.com","isPartOf":{"@id":"https:\/\/prismagamers.com\/hu\/#website"},"primaryImageOfPage":{"@id":"https:\/\/prismagamers.com\/hu\/produkt\/ideje-morpolni\/#primaryimage"},"image":{"@id":"https:\/\/prismagamers.com\/hu\/produkt\/ideje-morpolni\/#primaryimage"},"thumbnailUrl":"https:\/\/prismagamers.com\/wp-content\/uploads\/2025\/04\/library_600x900_2x-12.jpg","datePublished":"2025-04-04T21:02:55+00:00","dateModified":"2026-03-04T23:00:52+00:00","description":"J\u00e1tssz a bar\u00e1taiddal egy hangulatos b\u00e1zis\u00e9p\u00edt\u0151 kalandban! Gondoskodj im\u00e1dnival\u00f3 l\u00e9nyekr\u0151l - Morpies, fedezd fel, fedezz fel \u00faj fajokat, termessz n\u00f6v\u00e9nyeket, halakat, \u00e9p\u00edts kapcsolatokat a leg\u00e9nys\u00e9geddel, d\u00edsz\u00edtsd fel \u00e1lmaid tany\u00e1j\u00e1t \u00e9s automatiz\u00e1ld a termel\u00e9st \u00fatk\u00f6zben! \ud83c\udf0d Glob\u00e1lis \u2699\ufe0f Steam \ud83d\udddd Digit\u00e1lis kulcs","breadcrumb":{"@id":"https:\/\/prismagamers.com\/hu\/produkt\/ideje-morpolni\/#breadcrumb"},"inLanguage":"hu","potentialAction":[{"@type":"ReadAction","target":["https:\/\/prismagamers.com\/hu\/produkt\/ideje-morpolni\/"]}]},{"@type":"ImageObject","inLanguage":"hu","@id":"https:\/\/prismagamers.com\/hu\/produkt\/ideje-morpolni\/#primaryimage","url":"https:\/\/prismagamers.com\/wp-content\/uploads\/2025\/04\/library_600x900_2x-12.jpg","contentUrl":"https:\/\/prismagamers.com\/wp-content\/uploads\/2025\/04\/library_600x900_2x-12.jpg","width":600,"height":900,"caption":"Ideje Morp bor\u00edt\u00f3"},{"@type":"BreadcrumbList","@id":"https:\/\/prismagamers.com\/hu\/produkt\/ideje-morpolni\/#breadcrumb","itemListElement":[{"@type":"ListItem","position":1,"name":"Strona g\u0142\u00f3wna","item":"https:\/\/prismagamers.com\/hu\/prismagamers\/"},{"@type":"ListItem","position":2,"name":"Shop","item":"https:\/\/prismagamers.com\/hu\/shop\/"},{"@type":"ListItem","position":3,"name":"Time to Morp"}]},{"@type":"WebSite","@id":"https:\/\/prismagamers.com\/hu\/#website","url":"https:\/\/prismagamers.com\/hu\/","name":"Prismagamers","description":"Sklep z grami PC I Sklep klucze Steam","publisher":{"@id":"https:\/\/prismagamers.com\/hu\/#organization"},"potentialAction":[{"@type":"SearchAction","target":{"@type":"EntryPoint","urlTemplate":"https:\/\/prismagamers.com\/hu\/?s={search_term_string}"},"query-input":{"@type":"PropertyValueSpecification","valueRequired":true,"valueName":"search_term_string"}}],"inLanguage":"hu"},{"@type":"Organization","@id":"https:\/\/prismagamers.com\/hu\/#organization","name":"Prismagamers","url":"https:\/\/prismagamers.com\/hu\/","logo":{"@type":"ImageObject","inLanguage":"hu","@id":"https:\/\/prismagamers.com\/hu\/#\/schema\/logo\/image\/","url":"https:\/\/prismagamers.com\/wp-content\/uploads\/2022\/04\/cropped-logo-Prismagamers-01-scaled-1.jpg","contentUrl":"https:\/\/prismagamers.com\/wp-content\/uploads\/2022\/04\/cropped-logo-Prismagamers-01-scaled-1.jpg","width":512,"height":512,"caption":"Prismagamers"},"image":{"@id":"https:\/\/prismagamers.com\/hu\/#\/schema\/logo\/image\/"},"sameAs":["https:\/\/www.facebook.com\/prismagamers","https:\/\/www.instagram.com\/prismagamers_grycyfrowe\/"],"description":"Prismagamers.com to dynamiczny sklep z grami cyfrowymi, stworzony z my\u015bl\u0105 o entuzjastach gier wideo. Nasza strona oferuje szerok\u0105 gam\u0119 gier komputerowych, w tym najnowsze tytu\u0142y, dobrze znane klasyki oraz gry stworzone przez niezale\u017cne studia Ca\u0142y czas d\u0105\u017cymy do rozszerzenia naszej oferty. Do\u0142\u0105cz do nas i sta\u0144 si\u0119 cz\u0119\u015bci\u0105 naszej rosn\u0105cej spo\u0142eczno\u015bci graczy!","email":"shop@prismagamers.com","telephone":"48795541705","legalName":"East Caravan Maksym \u017bukow","foundingDate":"2012-05-10","vatID":"PL8943038612","taxID":"PL8943038612","numberOfEmployees":{"@type":"QuantitativeValue","minValue":"11","maxValue":"50"}}]}},"_links":{"self":[{"href":"https:\/\/prismagamers.com\/hu\/wp-json\/wp\/v2\/product\/35543","targetHints":{"allow":["GET"]}}],"collection":[{"href":"https:\/\/prismagamers.com\/hu\/wp-json\/wp\/v2\/product"}],"about":[{"href":"https:\/\/prismagamers.com\/hu\/wp-json\/wp\/v2\/types\/product"}],"wp:featuredmedia":[{"embeddable":true,"href":"https:\/\/prismagamers.com\/hu\/wp-json\/wp\/v2\/media\/35536"}],"wp:attachment":[{"href":"https:\/\/prismagamers.com\/hu\/wp-json\/wp\/v2\/media?parent=35543"}],"wp:term":[{"taxonomy":"product_brand","embeddable":true,"href":"https:\/\/prismagamers.com\/hu\/wp-json\/wp\/v2\/product_brand?post=35543"},{"taxonomy":"product_cat","embeddable":true,"href":"https:\/\/prismagamers.com\/hu\/wp-json\/wp\/v2\/product_cat?post=35543"},{"taxonomy":"product_tag","embeddable":true,"href":"https:\/\/prismagamers.com\/hu\/wp-json\/wp\/v2\/product_tag?post=35543"}],"curies":[{"name":"wp","href":"https:\/\/api.w.org\/{rel}","templated":true}]}}