{"id":35553,"date":"2025-04-04T23:10:17","date_gmt":"2025-04-04T21:10:17","guid":{"rendered":"https:\/\/prismagamers.com\/produkt\/trolley-problem-inc-3\/"},"modified":"2026-03-05T00:00:43","modified_gmt":"2026-03-04T23:00:43","slug":"trolley-problem-inc-3","status":"publish","type":"product","link":"https:\/\/prismagamers.com\/hu\/produkt\/trolley-problem-inc-3\/","title":{"rendered":"Trolley Problem Inc."},"content":{"rendered":"<p class=\"\" data-start=\"0\" data-end=\"378\"><strong data-start=\"0\" data-end=\"32\">A Wagoner&#8217;s Dilemma Corporation<\/strong> egy fekete humorral \u00e1tsz\u0151tt narrat\u00edv j\u00e1t\u00e9k, amely hiteles filoz\u00f3fiai m\u0171veken alapul. Az \u00d6n feladata, hogy k\u00e9t katasztrof\u00e1lis megold\u00e1s k\u00f6z\u00fcl egy lehetetlen v\u00e1laszt\u00e1st hozzon, amely erk\u00f6lcsi dilemm\u00e1ba sodorja \u00d6nt. N\u00e9zz szembe saj\u00e1t erk\u00f6lcsi ir\u00e1nyt\u0171ddel, \u00e9s d\u00f6nts milli\u00f3k sors\u00e1r\u00f3l, majd hasonl\u00edtsd \u00f6ssze d\u00f6nt\u00e9seidet a t\u00f6bbi j\u00e1t\u00e9kossal.  <\/p>\n<p data-start=\"0\" data-end=\"378\"><img decoding=\"async\" class=\"bb_img aligncenter\" src=\"https:\/\/shared.fastly.steamstatic.com\/store_item_assets\/steam\/apps\/1582680\/extras\/TPI1.gif?t=1724774605\"><\/p>\n<p class=\"\" data-start=\"380\" data-end=\"394\"><strong data-start=\"380\" data-end=\"394\">J\u00e1t\u00e9kmenet:<\/strong><\/p>\n<ul data-start=\"395\" data-end=\"754\">\n<li class=\"\" data-start=\"395\" data-end=\"751\">\n<p class=\"\" data-start=\"397\" data-end=\"751\">A kocsi sz\u00e1guld a s\u00edneken, \u00e9s az egyik s\u00ednen \u00f6t ember van, akik nem tudnak megmozdulni. Te egy kar mellett \u00e1llsz. Ha megh\u00fazod, a kocsi a m\u00e1sik v\u00e1g\u00e1nyon halad lefel\u00e9, ahol egy ember \u00e1ll. Ha nem teszel semmit, \u00f6t ember meghal. Ha megh\u00fazod a kart, akkor egy embert meg\u00f6lsz, de te leszel a felel\u0151s a hal\u00e1l\u00e1\u00e9rt.     Hogyan fog elj\u00e1rni?<\/p>\n<\/li>\n<\/ul>\n<p class=\"\" data-start=\"755\" data-end=\"949\">\u00c9s ez m\u00e9g csak a kezdet. A j\u00e1t\u00e9k filoz\u00f3fiai m\u0171vek \u00e9s p\u00e9ld\u00e1k \u00e1ltal inspir\u00e1lt k\u00e9rd\u00e9seken alapul, amelyek arra k\u00e9nyszer\u00edtenek, hogy neh\u00e9z d\u00f6nt\u00e9seket hozz, amelyeket a narr\u00e1tor megk\u00e9rd\u0151jelez. <\/p>\n<p class=\"\" data-start=\"951\" data-end=\"965\"><strong data-start=\"951\" data-end=\"965\">A j\u00e1t\u00e9k jellemz\u0151i:<\/strong><\/p>\n<ul data-start=\"966\" data-end=\"1341\">\n<li class=\"\" data-start=\"966\" data-end=\"1016\">\n<p class=\"\" data-start=\"968\" data-end=\"1016\">Egy s\u0171r\u00edtett, k\u00e9t\u00f3r\u00e1s narrat\u00edv j\u00e1t\u00e9k.<\/p>\n<\/li>\n<li class=\"\" data-start=\"1017\" data-end=\"1107\">\n<p class=\"\" data-start=\"1019\" data-end=\"1107\">Filoz\u00f3fusok hiteles m\u0171vei \u00e1ltal inspir\u00e1lt \u00e9s konkr\u00e9t p\u00e9ld\u00e1kkal gazdag\u00edtott k\u00e9rd\u00e9sek.<\/p>\n<\/li>\n<li class=\"\" data-start=\"1108\" data-end=\"1173\">\n<p class=\"\" data-start=\"1110\" data-end=\"1173\">A narr\u00e1tor minden egyes d\u00f6nt\u00e9st elemez \u00e9s megk\u00e9rd\u0151jelez.<\/p>\n<\/li>\n<li class=\"\" data-start=\"1174\" data-end=\"1236\">\n<p class=\"\" data-start=\"1176\" data-end=\"1236\">Hasonl\u00edtsd \u00f6ssze a v\u00e1laszt\u00e1saidat a t\u00f6bbi j\u00e1t\u00e9kos\u00e9val.<\/p>\n<\/li>\n<li class=\"\" data-start=\"1237\" data-end=\"1341\">\n<p class=\"\" data-start=\"1239\" data-end=\"1341\">Teljes <strong data-start=\"1258\" data-end=\"1268\">Twitch-integr\u00e1ci\u00f3<\/strong> &#8211; \u00edgy a n\u00e9z\u0151k val\u00f3s id\u0151ben befoly\u00e1solhatj\u00e1k d\u00f6nt\u00e9seidet.<\/p>\n<\/li>\n<\/ul>\n<p class=\"\" data-start=\"1343\" data-end=\"1500\"><strong data-start=\"1343\" data-end=\"1375\">A Wagoner&#8217;s Dilemma Corporation<\/strong> egy kih\u00edv\u00e1sokkal teli, \u00e9rdekes, sz\u00f3rakoztat\u00f3 \u00e9s kellemetlen j\u00e1t\u00e9k <strong data-start=\"1434\" data-end=\"1458\">Samuel Read-Graves-t\u0151l<\/strong>, a <strong data-start=\"1484\" data-end=\"1499\">Gang Beasts<\/strong> executive producer\u00e9t\u0151l.<\/p>\n<p class=\"\" data-start=\"1502\" data-end=\"1520\"><strong data-start=\"1502\" data-end=\"1520\">Hogyan fog elj\u00e1rni?<\/strong><\/p>\n","protected":false},"excerpt":{"rendered":"<p>A Wagoner&#8217;s Dilemma Corporation egy egyedi, kih\u00edv\u00e1sokkal teli, kellemetlen \u00e9s sz\u00f3rakoztat\u00f3 j\u00e1t\u00e9k, amelyet Samuel Read-Graves, a Gang Beasts executive producere k\u00e9sz\u00edtett. N\u00e9zz szembe a filoz\u00f3fiai m\u0171vek \u00e1ltal inspir\u00e1lt erk\u00f6lcsi dilemm\u00e1kkal, mik\u00f6zben olyan neh\u00e9z d\u00f6nt\u00e9seket hozol, amelyek milli\u00f3k sors\u00e1t befoly\u00e1solj\u00e1k. \u00c9lvezd az egyed\u00fcl\u00e1ll\u00f3 \u00e9lm\u00e9nyt, amely arra k\u00e9nyszer\u00edt, hogy elgondolkodj saj\u00e1t erk\u00f6lcsi ir\u00e1nyt\u0171d\u00f6n.  <\/p>\n<p>\ud83c\udf0d Glob\u00e1lis<br \/>\n\u2699\ufe0f Steam<br \/>\n\ud83d\udddd Digit\u00e1lis kulcs<\/p>\n","protected":false},"featured_media":35546,"template":"","meta":{"_acf_changed":false,"site-sidebar-layout":"default","site-content-layout":"","ast-site-content-layout":"default","site-content-style":"default","site-sidebar-style":"default","ast-global-header-display":"","ast-banner-title-visibility":"","ast-main-header-display":"","ast-hfb-above-header-display":"","ast-hfb-below-header-display":"","ast-hfb-mobile-header-display":"","site-post-title":"","ast-breadcrumbs-content":"","ast-featured-img":"","footer-sml-layout":"","ast-disable-related-posts":"","theme-transparent-header-meta":"default","adv-header-id-meta":"","stick-header-meta":"","header-above-stick-meta":"","header-main-stick-meta":"","header-below-stick-meta":"","astra-migrate-meta-layouts":"default","ast-page-background-enabled":"default","ast-page-background-meta":{"desktop":{"background-color":"var(--ast-global-color-4)","background-image":"","background-repeat":"repeat","background-position":"center center","background-size":"auto","background-attachment":"scroll","background-type":"","background-media":"","overlay-type":"","overlay-color":"","overlay-opacity":"","overlay-gradient":""},"tablet":{"background-color":"","background-image":"","background-repeat":"repeat","background-position":"center center","background-size":"auto","background-attachment":"scroll","background-type":"","background-media":"","overlay-type":"","overlay-color":"","overlay-opacity":"","overlay-gradient":""},"mobile":{"background-color":"","background-image":"","background-repeat":"repeat","background-position":"center center","background-size":"auto","background-attachment":"scroll","background-type":"","background-media":"","overlay-type":"","overlay-color":"","overlay-opacity":"","overlay-gradient":""}},"ast-content-background-meta":{"desktop":{"background-color":"var(--ast-global-color-5)","background-image":"","background-repeat":"repeat","background-position":"center center","background-size":"auto","background-attachment":"scroll","background-type":"","background-media":"","overlay-type":"","overlay-color":"","overlay-opacity":"","overlay-gradient":""},"tablet":{"background-color":"var(--ast-global-color-5)","background-image":"","background-repeat":"repeat","background-position":"center center","background-size":"auto","background-attachment":"scroll","background-type":"","background-media":"","overlay-type":"","overlay-color":"","overlay-opacity":"","overlay-gradient":""},"mobile":{"background-color":"var(--ast-global-color-5)","background-image":"","background-repeat":"repeat","background-position":"center center","background-size":"auto","background-attachment":"scroll","background-type":"","background-media":"","overlay-type":"","overlay-color":"","overlay-opacity":"","overlay-gradient":""}}},"product_brand":[],"product_cat":[369,372,378,391],"product_tag":[],"class_list":{"0":"post-35553","1":"product","2":"type-product","3":"status-publish","4":"has-post-thumbnail","6":"product_cat-csarnokok","7":"product_cat-jatekok-szimulatorok","8":"product_cat-minden-digitalis-jatek","9":"product_cat-yogscast-jatekok","10":"desktop-align-left","11":"tablet-align-left","12":"mobile-align-left","14":"first","15":"instock","16":"virtual","17":"purchasable","18":"product-type-simple"},"acf":[],"yoast_head":"<!-- This site is optimized with the Yoast SEO Premium plugin v27.4 (Yoast SEO v27.4) - https:\/\/yoast.com\/product\/yoast-seo-premium-wordpress\/ -->\n<title>Trolley Problem Inc. - Prismagamers.com<\/title>\n<meta name=\"description\" content=\"A Wagoner&#039;s Dilemma Corporation egy egyedi, kih\u00edv\u00e1sokkal teli, kellemetlen \u00e9s sz\u00f3rakoztat\u00f3 j\u00e1t\u00e9k, amelyet Samuel Read-Graves, a Gang Beasts executive producere k\u00e9sz\u00edtett. N\u00e9zz szembe a filoz\u00f3fiai m\u0171vek \u00e1ltal inspir\u00e1lt erk\u00f6lcsi dilemm\u00e1kkal, mik\u00f6zben olyan neh\u00e9z d\u00f6nt\u00e9seket hozol, amelyek milli\u00f3k sors\u00e1t befoly\u00e1solj\u00e1k. \u00c9lvezd az egyed\u00fcl\u00e1ll\u00f3 \u00e9lm\u00e9nyt, amely arra k\u00e9nyszer\u00edt, hogy elgondolkodj saj\u00e1t erk\u00f6lcsi ir\u00e1nyt\u0171d\u00f6n.  \ud83c\udf0d Glob\u00e1lis \u2699\ufe0f Steam \ud83d\udddd Digit\u00e1lis kulcs\" \/>\n<meta name=\"robots\" content=\"index, follow, max-snippet:-1, max-image-preview:large, max-video-preview:-1\" \/>\n<link rel=\"canonical\" href=\"https:\/\/prismagamers.com\/hu\/produkt\/trolley-problem-inc-3\/\" \/>\n<meta property=\"og:locale\" content=\"hu_HU\" \/>\n<meta property=\"og:type\" content=\"article\" \/>\n<meta property=\"og:title\" content=\"Trolley Problem Inc.\" \/>\n<meta property=\"og:description\" content=\"A Wagoner&#039;s Dilemma Corporation egy egyedi, kih\u00edv\u00e1sokkal teli, kellemetlen \u00e9s sz\u00f3rakoztat\u00f3 j\u00e1t\u00e9k, amelyet Samuel Read-Graves, a Gang Beasts executive producere k\u00e9sz\u00edtett. N\u00e9zz szembe a filoz\u00f3fiai m\u0171vek \u00e1ltal inspir\u00e1lt erk\u00f6lcsi dilemm\u00e1kkal, mik\u00f6zben olyan neh\u00e9z d\u00f6nt\u00e9seket hozol, amelyek milli\u00f3k sors\u00e1t befoly\u00e1solj\u00e1k. \u00c9lvezd az egyed\u00fcl\u00e1ll\u00f3 \u00e9lm\u00e9nyt, amely arra k\u00e9nyszer\u00edt, hogy elgondolkodj saj\u00e1t erk\u00f6lcsi ir\u00e1nyt\u0171d\u00f6n.  \ud83c\udf0d Glob\u00e1lis \u2699\ufe0f Steam \ud83d\udddd Digit\u00e1lis kulcs\" \/>\n<meta property=\"og:url\" content=\"https:\/\/prismagamers.com\/hu\/produkt\/trolley-problem-inc-3\/\" \/>\n<meta property=\"og:site_name\" content=\"Prismagamers.com\" \/>\n<meta property=\"article:publisher\" content=\"https:\/\/www.facebook.com\/prismagamers\" \/>\n<meta property=\"article:modified_time\" content=\"2026-03-04T23:00:43+00:00\" \/>\n<meta property=\"og:image\" content=\"https:\/\/prismagamers.com\/wp-content\/uploads\/2025\/04\/library_600x900_2x-13.jpg\" \/>\n\t<meta property=\"og:image:width\" content=\"600\" \/>\n\t<meta property=\"og:image:height\" content=\"900\" \/>\n\t<meta property=\"og:image:type\" content=\"image\/jpeg\" \/>\n<meta name=\"twitter:card\" content=\"summary_large_image\" \/>\n<meta name=\"twitter:label1\" content=\"Becs\u00fclt olvas\u00e1si id\u0151\" \/>\n\t<meta name=\"twitter:data1\" content=\"2 perc\" \/>\n<script type=\"application\/ld+json\" class=\"yoast-schema-graph\">{\"@context\":\"https:\\\/\\\/schema.org\",\"@graph\":[{\"@type\":\"WebPage\",\"@id\":\"https:\\\/\\\/prismagamers.com\\\/hu\\\/produkt\\\/trolley-problem-inc-3\\\/\",\"url\":\"https:\\\/\\\/prismagamers.com\\\/hu\\\/produkt\\\/trolley-problem-inc-3\\\/\",\"name\":\"Trolley Problem Inc. - Prismagamers.com\",\"isPartOf\":{\"@id\":\"https:\\\/\\\/prismagamers.com\\\/hu\\\/#website\"},\"primaryImageOfPage\":{\"@id\":\"https:\\\/\\\/prismagamers.com\\\/hu\\\/produkt\\\/trolley-problem-inc-3\\\/#primaryimage\"},\"image\":{\"@id\":\"https:\\\/\\\/prismagamers.com\\\/hu\\\/produkt\\\/trolley-problem-inc-3\\\/#primaryimage\"},\"thumbnailUrl\":\"https:\\\/\\\/prismagamers.com\\\/wp-content\\\/uploads\\\/2025\\\/04\\\/library_600x900_2x-13.jpg\",\"datePublished\":\"2025-04-04T21:10:17+00:00\",\"dateModified\":\"2026-03-04T23:00:43+00:00\",\"description\":\"A Wagoner's Dilemma Corporation egy egyedi, kih\u00edv\u00e1sokkal teli, kellemetlen \u00e9s sz\u00f3rakoztat\u00f3 j\u00e1t\u00e9k, amelyet Samuel Read-Graves, a Gang Beasts executive producere k\u00e9sz\u00edtett. N\u00e9zz szembe a filoz\u00f3fiai m\u0171vek \u00e1ltal inspir\u00e1lt erk\u00f6lcsi dilemm\u00e1kkal, mik\u00f6zben olyan neh\u00e9z d\u00f6nt\u00e9seket hozol, amelyek milli\u00f3k sors\u00e1t befoly\u00e1solj\u00e1k. \u00c9lvezd az egyed\u00fcl\u00e1ll\u00f3 \u00e9lm\u00e9nyt, amely arra k\u00e9nyszer\u00edt, hogy elgondolkodj saj\u00e1t erk\u00f6lcsi ir\u00e1nyt\u0171d\u00f6n. \ud83c\udf0d Glob\u00e1lis \u2699\ufe0f Steam \ud83d\udddd Digit\u00e1lis kulcs\",\"breadcrumb\":{\"@id\":\"https:\\\/\\\/prismagamers.com\\\/hu\\\/produkt\\\/trolley-problem-inc-3\\\/#breadcrumb\"},\"inLanguage\":\"hu\",\"potentialAction\":[{\"@type\":\"ReadAction\",\"target\":[\"https:\\\/\\\/prismagamers.com\\\/hu\\\/produkt\\\/trolley-problem-inc-3\\\/\"]}]},{\"@type\":\"ImageObject\",\"inLanguage\":\"hu\",\"@id\":\"https:\\\/\\\/prismagamers.com\\\/hu\\\/produkt\\\/trolley-problem-inc-3\\\/#primaryimage\",\"url\":\"https:\\\/\\\/prismagamers.com\\\/wp-content\\\/uploads\\\/2025\\\/04\\\/library_600x900_2x-13.jpg\",\"contentUrl\":\"https:\\\/\\\/prismagamers.com\\\/wp-content\\\/uploads\\\/2025\\\/04\\\/library_600x900_2x-13.jpg\",\"width\":600,\"height\":900,\"caption\":\"Trolley Problem, Inc. bor\u00edt\u00f3\"},{\"@type\":\"BreadcrumbList\",\"@id\":\"https:\\\/\\\/prismagamers.com\\\/hu\\\/produkt\\\/trolley-problem-inc-3\\\/#breadcrumb\",\"itemListElement\":[{\"@type\":\"ListItem\",\"position\":1,\"name\":\"Strona g\u0142\u00f3wna\",\"item\":\"https:\\\/\\\/prismagamers.com\\\/hu\\\/prismagamers\\\/\"},{\"@type\":\"ListItem\",\"position\":2,\"name\":\"Shop\",\"item\":\"https:\\\/\\\/prismagamers.com\\\/hu\\\/shop\\\/\"},{\"@type\":\"ListItem\",\"position\":3,\"name\":\"Trolley Problem Inc.\"}]},{\"@type\":\"WebSite\",\"@id\":\"https:\\\/\\\/prismagamers.com\\\/hu\\\/#website\",\"url\":\"https:\\\/\\\/prismagamers.com\\\/hu\\\/\",\"name\":\"Prismagamers\",\"description\":\"Sklep z grami PC I Sklep klucze Steam\",\"publisher\":{\"@id\":\"https:\\\/\\\/prismagamers.com\\\/hu\\\/#organization\"},\"potentialAction\":[{\"@type\":\"SearchAction\",\"target\":{\"@type\":\"EntryPoint\",\"urlTemplate\":\"https:\\\/\\\/prismagamers.com\\\/hu\\\/?s={search_term_string}\"},\"query-input\":{\"@type\":\"PropertyValueSpecification\",\"valueRequired\":true,\"valueName\":\"search_term_string\"}}],\"inLanguage\":\"hu\"},{\"@type\":\"Organization\",\"@id\":\"https:\\\/\\\/prismagamers.com\\\/hu\\\/#organization\",\"name\":\"Prismagamers\",\"url\":\"https:\\\/\\\/prismagamers.com\\\/hu\\\/\",\"logo\":{\"@type\":\"ImageObject\",\"inLanguage\":\"hu\",\"@id\":\"https:\\\/\\\/prismagamers.com\\\/hu\\\/#\\\/schema\\\/logo\\\/image\\\/\",\"url\":\"https:\\\/\\\/prismagamers.com\\\/wp-content\\\/uploads\\\/2022\\\/04\\\/cropped-logo-Prismagamers-01-scaled-1.jpg\",\"contentUrl\":\"https:\\\/\\\/prismagamers.com\\\/wp-content\\\/uploads\\\/2022\\\/04\\\/cropped-logo-Prismagamers-01-scaled-1.jpg\",\"width\":512,\"height\":512,\"caption\":\"Prismagamers\"},\"image\":{\"@id\":\"https:\\\/\\\/prismagamers.com\\\/hu\\\/#\\\/schema\\\/logo\\\/image\\\/\"},\"sameAs\":[\"https:\\\/\\\/www.facebook.com\\\/prismagamers\",\"https:\\\/\\\/www.instagram.com\\\/prismagamers_grycyfrowe\\\/\"],\"description\":\"Prismagamers.com to dynamiczny sklep z grami cyfrowymi, stworzony z my\u015bl\u0105 o entuzjastach gier wideo. Nasza strona oferuje szerok\u0105 gam\u0119 gier komputerowych, w tym najnowsze tytu\u0142y, dobrze znane klasyki oraz gry stworzone przez niezale\u017cne studia Ca\u0142y czas d\u0105\u017cymy do rozszerzenia naszej oferty. Do\u0142\u0105cz do nas i sta\u0144 si\u0119 cz\u0119\u015bci\u0105 naszej rosn\u0105cej spo\u0142eczno\u015bci graczy!\",\"email\":\"shop@prismagamers.com\",\"telephone\":\"48795541705\",\"legalName\":\"East Caravan Maksym \u017bukow\",\"foundingDate\":\"2012-05-10\",\"vatID\":\"PL8943038612\",\"taxID\":\"PL8943038612\",\"numberOfEmployees\":{\"@type\":\"QuantitativeValue\",\"minValue\":\"11\",\"maxValue\":\"50\"}}]}<\/script>\n<!-- \/ Yoast SEO Premium plugin. -->","yoast_head_json":{"title":"Trolley Problem Inc. - Prismagamers.com","description":"A Wagoner's Dilemma Corporation egy egyedi, kih\u00edv\u00e1sokkal teli, kellemetlen \u00e9s sz\u00f3rakoztat\u00f3 j\u00e1t\u00e9k, amelyet Samuel Read-Graves, a Gang Beasts executive producere k\u00e9sz\u00edtett. N\u00e9zz szembe a filoz\u00f3fiai m\u0171vek \u00e1ltal inspir\u00e1lt erk\u00f6lcsi dilemm\u00e1kkal, mik\u00f6zben olyan neh\u00e9z d\u00f6nt\u00e9seket hozol, amelyek milli\u00f3k sors\u00e1t befoly\u00e1solj\u00e1k. \u00c9lvezd az egyed\u00fcl\u00e1ll\u00f3 \u00e9lm\u00e9nyt, amely arra k\u00e9nyszer\u00edt, hogy elgondolkodj saj\u00e1t erk\u00f6lcsi ir\u00e1nyt\u0171d\u00f6n.  \ud83c\udf0d Glob\u00e1lis \u2699\ufe0f Steam \ud83d\udddd Digit\u00e1lis kulcs","robots":{"index":"index","follow":"follow","max-snippet":"max-snippet:-1","max-image-preview":"max-image-preview:large","max-video-preview":"max-video-preview:-1"},"canonical":"https:\/\/prismagamers.com\/hu\/produkt\/trolley-problem-inc-3\/","og_locale":"hu_HU","og_type":"article","og_title":"Trolley Problem Inc.","og_description":"A Wagoner's Dilemma Corporation egy egyedi, kih\u00edv\u00e1sokkal teli, kellemetlen \u00e9s sz\u00f3rakoztat\u00f3 j\u00e1t\u00e9k, amelyet Samuel Read-Graves, a Gang Beasts executive producere k\u00e9sz\u00edtett. N\u00e9zz szembe a filoz\u00f3fiai m\u0171vek \u00e1ltal inspir\u00e1lt erk\u00f6lcsi dilemm\u00e1kkal, mik\u00f6zben olyan neh\u00e9z d\u00f6nt\u00e9seket hozol, amelyek milli\u00f3k sors\u00e1t befoly\u00e1solj\u00e1k. \u00c9lvezd az egyed\u00fcl\u00e1ll\u00f3 \u00e9lm\u00e9nyt, amely arra k\u00e9nyszer\u00edt, hogy elgondolkodj saj\u00e1t erk\u00f6lcsi ir\u00e1nyt\u0171d\u00f6n.  \ud83c\udf0d Glob\u00e1lis \u2699\ufe0f Steam \ud83d\udddd Digit\u00e1lis kulcs","og_url":"https:\/\/prismagamers.com\/hu\/produkt\/trolley-problem-inc-3\/","og_site_name":"Prismagamers.com","article_publisher":"https:\/\/www.facebook.com\/prismagamers","article_modified_time":"2026-03-04T23:00:43+00:00","og_image":[{"width":600,"height":900,"url":"https:\/\/prismagamers.com\/wp-content\/uploads\/2025\/04\/library_600x900_2x-13.jpg","type":"image\/jpeg"}],"twitter_card":"summary_large_image","twitter_misc":{"Becs\u00fclt olvas\u00e1si id\u0151":"2 perc"},"schema":{"@context":"https:\/\/schema.org","@graph":[{"@type":"WebPage","@id":"https:\/\/prismagamers.com\/hu\/produkt\/trolley-problem-inc-3\/","url":"https:\/\/prismagamers.com\/hu\/produkt\/trolley-problem-inc-3\/","name":"Trolley Problem Inc. - Prismagamers.com","isPartOf":{"@id":"https:\/\/prismagamers.com\/hu\/#website"},"primaryImageOfPage":{"@id":"https:\/\/prismagamers.com\/hu\/produkt\/trolley-problem-inc-3\/#primaryimage"},"image":{"@id":"https:\/\/prismagamers.com\/hu\/produkt\/trolley-problem-inc-3\/#primaryimage"},"thumbnailUrl":"https:\/\/prismagamers.com\/wp-content\/uploads\/2025\/04\/library_600x900_2x-13.jpg","datePublished":"2025-04-04T21:10:17+00:00","dateModified":"2026-03-04T23:00:43+00:00","description":"A Wagoner's Dilemma Corporation egy egyedi, kih\u00edv\u00e1sokkal teli, kellemetlen \u00e9s sz\u00f3rakoztat\u00f3 j\u00e1t\u00e9k, amelyet Samuel Read-Graves, a Gang Beasts executive producere k\u00e9sz\u00edtett. N\u00e9zz szembe a filoz\u00f3fiai m\u0171vek \u00e1ltal inspir\u00e1lt erk\u00f6lcsi dilemm\u00e1kkal, mik\u00f6zben olyan neh\u00e9z d\u00f6nt\u00e9seket hozol, amelyek milli\u00f3k sors\u00e1t befoly\u00e1solj\u00e1k. \u00c9lvezd az egyed\u00fcl\u00e1ll\u00f3 \u00e9lm\u00e9nyt, amely arra k\u00e9nyszer\u00edt, hogy elgondolkodj saj\u00e1t erk\u00f6lcsi ir\u00e1nyt\u0171d\u00f6n. \ud83c\udf0d Glob\u00e1lis \u2699\ufe0f Steam \ud83d\udddd Digit\u00e1lis kulcs","breadcrumb":{"@id":"https:\/\/prismagamers.com\/hu\/produkt\/trolley-problem-inc-3\/#breadcrumb"},"inLanguage":"hu","potentialAction":[{"@type":"ReadAction","target":["https:\/\/prismagamers.com\/hu\/produkt\/trolley-problem-inc-3\/"]}]},{"@type":"ImageObject","inLanguage":"hu","@id":"https:\/\/prismagamers.com\/hu\/produkt\/trolley-problem-inc-3\/#primaryimage","url":"https:\/\/prismagamers.com\/wp-content\/uploads\/2025\/04\/library_600x900_2x-13.jpg","contentUrl":"https:\/\/prismagamers.com\/wp-content\/uploads\/2025\/04\/library_600x900_2x-13.jpg","width":600,"height":900,"caption":"Trolley Problem, Inc. bor\u00edt\u00f3"},{"@type":"BreadcrumbList","@id":"https:\/\/prismagamers.com\/hu\/produkt\/trolley-problem-inc-3\/#breadcrumb","itemListElement":[{"@type":"ListItem","position":1,"name":"Strona g\u0142\u00f3wna","item":"https:\/\/prismagamers.com\/hu\/prismagamers\/"},{"@type":"ListItem","position":2,"name":"Shop","item":"https:\/\/prismagamers.com\/hu\/shop\/"},{"@type":"ListItem","position":3,"name":"Trolley Problem Inc."}]},{"@type":"WebSite","@id":"https:\/\/prismagamers.com\/hu\/#website","url":"https:\/\/prismagamers.com\/hu\/","name":"Prismagamers","description":"Sklep z grami PC I Sklep klucze Steam","publisher":{"@id":"https:\/\/prismagamers.com\/hu\/#organization"},"potentialAction":[{"@type":"SearchAction","target":{"@type":"EntryPoint","urlTemplate":"https:\/\/prismagamers.com\/hu\/?s={search_term_string}"},"query-input":{"@type":"PropertyValueSpecification","valueRequired":true,"valueName":"search_term_string"}}],"inLanguage":"hu"},{"@type":"Organization","@id":"https:\/\/prismagamers.com\/hu\/#organization","name":"Prismagamers","url":"https:\/\/prismagamers.com\/hu\/","logo":{"@type":"ImageObject","inLanguage":"hu","@id":"https:\/\/prismagamers.com\/hu\/#\/schema\/logo\/image\/","url":"https:\/\/prismagamers.com\/wp-content\/uploads\/2022\/04\/cropped-logo-Prismagamers-01-scaled-1.jpg","contentUrl":"https:\/\/prismagamers.com\/wp-content\/uploads\/2022\/04\/cropped-logo-Prismagamers-01-scaled-1.jpg","width":512,"height":512,"caption":"Prismagamers"},"image":{"@id":"https:\/\/prismagamers.com\/hu\/#\/schema\/logo\/image\/"},"sameAs":["https:\/\/www.facebook.com\/prismagamers","https:\/\/www.instagram.com\/prismagamers_grycyfrowe\/"],"description":"Prismagamers.com to dynamiczny sklep z grami cyfrowymi, stworzony z my\u015bl\u0105 o entuzjastach gier wideo. Nasza strona oferuje szerok\u0105 gam\u0119 gier komputerowych, w tym najnowsze tytu\u0142y, dobrze znane klasyki oraz gry stworzone przez niezale\u017cne studia Ca\u0142y czas d\u0105\u017cymy do rozszerzenia naszej oferty. Do\u0142\u0105cz do nas i sta\u0144 si\u0119 cz\u0119\u015bci\u0105 naszej rosn\u0105cej spo\u0142eczno\u015bci graczy!","email":"shop@prismagamers.com","telephone":"48795541705","legalName":"East Caravan Maksym \u017bukow","foundingDate":"2012-05-10","vatID":"PL8943038612","taxID":"PL8943038612","numberOfEmployees":{"@type":"QuantitativeValue","minValue":"11","maxValue":"50"}}]}},"_links":{"self":[{"href":"https:\/\/prismagamers.com\/hu\/wp-json\/wp\/v2\/product\/35553","targetHints":{"allow":["GET"]}}],"collection":[{"href":"https:\/\/prismagamers.com\/hu\/wp-json\/wp\/v2\/product"}],"about":[{"href":"https:\/\/prismagamers.com\/hu\/wp-json\/wp\/v2\/types\/product"}],"wp:featuredmedia":[{"embeddable":true,"href":"https:\/\/prismagamers.com\/hu\/wp-json\/wp\/v2\/media\/35546"}],"wp:attachment":[{"href":"https:\/\/prismagamers.com\/hu\/wp-json\/wp\/v2\/media?parent=35553"}],"wp:term":[{"taxonomy":"product_brand","embeddable":true,"href":"https:\/\/prismagamers.com\/hu\/wp-json\/wp\/v2\/product_brand?post=35553"},{"taxonomy":"product_cat","embeddable":true,"href":"https:\/\/prismagamers.com\/hu\/wp-json\/wp\/v2\/product_cat?post=35553"},{"taxonomy":"product_tag","embeddable":true,"href":"https:\/\/prismagamers.com\/hu\/wp-json\/wp\/v2\/product_tag?post=35553"}],"curies":[{"name":"wp","href":"https:\/\/api.w.org\/{rel}","templated":true}]}}