{"id":35556,"date":"2024-12-25T19:52:41","date_gmt":"2024-12-25T18:52:41","guid":{"rendered":"https:\/\/prismagamers.com\/produkt\/magicraft-2\/"},"modified":"2024-12-25T19:52:41","modified_gmt":"2024-12-25T18:52:41","slug":"magicraft-2","status":"publish","type":"product","link":"https:\/\/prismagamers.com\/hu\/produkt\/magicraft-2\/","title":{"rendered":"Magicraft"},"content":{"rendered":"<div class=\"flex max-w-full flex-col flex-grow\">\n<div class=\"min-h-8 text-message flex w-full flex-col items-end gap-2 whitespace-normal break-words text-start [.text-message+&amp;]:mt-5\" dir=\"auto\" data-message-author-role=\"assistant\" data-message-id=\"efd853e2-2aa9-49ab-839d-d508f974ef3b\" data-message-model-slug=\"gpt-4o\">\n<div class=\"flex w-full flex-col gap-1 empty:hidden first:pt-[3px]\">\n<div class=\"markdown prose w-full break-words dark:prose-invert light\">\n<p>Legenda! Aki kih\u00fazza a legend\u00e1s botot, b\u00e1tor h\u0151ss\u00e9 v\u00e1lik, aki megmenti a vil\u00e1got! <\/p>\n<p>A <strong>Magicraft<\/strong> egy m\u00e1gikus roguelike akci\u00f3j\u00e1t\u00e9k. T\u00f6rt\u00e9nete egy olyan vil\u00e1gban j\u00e1tsz\u00f3dik, amelyet \u0151si istenek uralnak, egy \u00e9gig \u00e9r\u0151 m\u00e1gikus fant\u00e1ziavil\u00e1got teremtve. A j\u00e1t\u00e9kos egy fenegyerek szerep\u00e9t \u00f6lti mag\u00e1ra, aki v\u00e9letlen\u00fcl ebbe a vil\u00e1gba ker\u00fcl, legend\u00e1s botot h\u00faz, sz\u00f6rnyekkel harcol, egyedi var\u00e1zslatokat kombin\u00e1l, legy\u0151zi az \u0151si isteneket \u00e9s megmenti a vil\u00e1got az inv\u00e1zi\u00f3jukt\u00f3l!  <\/p>\n<p>A m\u00e1gikus vil\u00e1g \u00e9s a roguelike akci\u00f3 csod\u00e1latos kombin\u00e1ci\u00f3ja, s\u00f6t\u00e9t \u00e9s szatirikus st\u00edlusban!<\/p>\n<p><strong>&#8222;M\u00e1gia: f\u00f6ld\u00f6nt\u00fali \u00e9let a v\u00e9c\u00e9b\u0151l?&#8221;<\/strong><\/p>\n<p>L\u00e9pj be egy m\u00e1sik vil\u00e1gba, amelyet hatalmas m\u00e1gikus l\u00e9nyek laknak, mik\u00f6zben a kezd\u0151 m\u00e1gust\u00f3l a mesterr\u00e9 v\u00e1lsz. Kelj \u00e1t s\u0171r\u0171 erd\u0151k\u00f6n, poklon, t\u00e9r- \u00e9s id\u0151hasad\u00e9kokon \u00e9s \u00f6t fejezeten, hogy szembesz\u00e1llj a D\u00e9mon\u00farral. <\/p>\n<p>Gonosz \u00e9s m\u00e1gikus l\u00e9nyek akad\u00e1lyozz\u00e1k utadat, mentsd meg az egyre romlottabb vil\u00e1got az \u0151si istenek kez\u00e9b\u0151l!<\/p>\n<hr>\n<p><strong>Teremtsd meg a saj\u00e1t var\u00e1zslatodat t\u00f6bb sz\u00e1z er\u0151s var\u00e1zslattal!<\/strong><\/p>\n<p>A d\u00e9monkir\u00e1ly elleni k\u00fczdelemhez teljes m\u00e9rt\u00e9kben be kell vetned a k\u00e9pzel\u0151er\u0151det \u00e9s a b\u00f6lcsess\u00e9gedet. Sz\u00e1z csod\u00e1latos var\u00e1zslatot tudsz logikusan kombin\u00e1lni, v\u00e1ratlan, leny\u0171g\u00f6z\u0151 hat\u00e1sokat \u00e9s csod\u00e1latos var\u00e1zslatokat el\u00e9rve. Id\u00e9z\u0151, elemi m\u00e1gus, k\u00f6zelharci m\u00e1gus? M\u00e9g a j\u00e1t\u00e9k fejleszt\u0151i sem fogj\u00e1k megj\u00f3solni, hogyan fogsz boldogulni!   <\/p>\n<hr>\n<p><strong>Gazdag roguelike elemek, kifizet\u0151d\u0151 harci \u00e9lm\u00e9ny!<\/strong><\/p>\n<p>100 egyedi bot k\u00fcl\u00f6nb\u00f6z\u0151 tulajdons\u00e1gokkal, 80 hatalmas ereklye, amelyek k\u00fcl\u00f6nb\u00f6z\u0151 el\u0151ny\u00f6ket k\u00edn\u00e1lnak \u00e9s megv\u00e1ltoztatj\u00e1k a karakter megjelen\u00e9s\u00e9t, 9 karakter indul\u00f3 k\u00e9szlet, valamint kov\u00e1csm\u0171helyek \u00e9s boltok a fejleszt\u00e9sekhez &#8211; minden j\u00e1t\u00e9k egy \u00faj, v\u00e9letlenszer\u0171 \u00e9s exkluz\u00edv kaland!<\/p>\n<p>Min\u00e9l m\u00e9lyebbre \u00e1sod magad az ellens\u00e9ges ter\u00fcleten, ann\u00e1l t\u00f6bbet fejl\u0151dsz, egyre er\u0151sebb var\u00e1zslatokat szerezve, hogy hal\u00e1los csap\u00e1sokat m\u00e9rj a d\u00e9monokra, \u00edgy minden csata v\u00e9gtelen lehet\u0151s\u00e9gekkel lesz tele!<\/p>\n<hr>\n<p><strong>\u00c9rdekes b\u00f3nusz szintek \u00e9s kih\u00edv\u00e1st jelent\u0151 mini-j\u00e1t\u00e9kok a t\u00e1rgyak megszerz\u00e9s\u00e9hez!<\/strong><\/p>\n<p>Az intenz\u00edv \u00e9s izgalmas csat\u00e1k mellett a j\u00e1t\u00e9k k\u00fcl\u00f6nb\u00f6z\u0151 rejtv\u00e9nyekkel tark\u00edtott szinteket is k\u00edn\u00e1l. A m\u00e1gusok erej\u00fckre \u00e9s b\u00f6lcsess\u00e9g\u00fckre t\u00e1maszkodhatnak, rejtv\u00e9nyeket oldva meg a t\u00e9rk\u00e9pen, hogy \u00faj erekly\u00e9ket \u00e9s var\u00e1zslatokat szerezzenek! <\/p>\n<p>K\u00fczdj meg a sz\u00f6rnyekkel rejtv\u00e9nyek megold\u00e1s\u00e1val, \u00e9s szerezz b\u00e1tors\u00e1got, hogy szemben\u00e9zz az ellenfelekkel!<\/p>\n<\/div>\n<\/div>\n<\/div>\n<\/div>\n","protected":false},"excerpt":{"rendered":"<div class=\"flex max-w-full flex-col flex-grow\">\n<div class=\"min-h-8 text-message flex w-full flex-col items-end gap-2 whitespace-normal break-words text-start [.text-message+&amp;]:mt-5\" dir=\"auto\" data-message-author-role=\"assistant\" data-message-id=\"28531974-89a4-4522-8d2a-b0f7c1ecee66\" data-message-model-slug=\"gpt-4o-mini\">\n<div class=\"flex w-full flex-col gap-1 empty:hidden first:pt-[3px]\">\n<div class=\"markdown prose w-full break-words dark:prose-invert light\">\n<p>&#8222;A <strong> Magicraft<\/strong> egy Roguelike j\u00e1t\u00e9k, amely k\u00fcl\u00f6nb\u00f6z\u0151 var\u00e1zslatok seg\u00edts\u00e9g\u00e9vel elk\u00e9pzelhetetlen m\u00e1gikus hat\u00e1sokat hoz l\u00e9tre. A j\u00e1t\u00e9k fel\u00e9p\u00edt\u00e9se az ultramagas fok\u00fa szabads\u00e1gra \u00e9p\u00fcl, amit m\u00e9g a j\u00e1t\u00e9k fejleszt\u0151i sem tudnak teljesen kimer\u00edteni. <\/p>\n<\/div>\n<p>\ud83c\udf0d Global \u2699\ufe0f Steam<br \/>\n\ud83d\udddd digit\u00e1lis kulcs<\/p>\n<\/div>\n<\/div>\n<\/div>\n","protected":false},"featured_media":33467,"template":"","meta":{"_acf_changed":false,"site-sidebar-layout":"default","site-content-layout":"","ast-site-content-layout":"default","site-content-style":"default","site-sidebar-style":"default","ast-global-header-display":"","ast-banner-title-visibility":"","ast-main-header-display":"","ast-hfb-above-header-display":"","ast-hfb-below-header-display":"","ast-hfb-mobile-header-display":"","site-post-title":"","ast-breadcrumbs-content":"","ast-featured-img":"","footer-sml-layout":"","ast-disable-related-posts":"","theme-transparent-header-meta":"default","adv-header-id-meta":"","stick-header-meta":"","header-above-stick-meta":"","header-main-stick-meta":"","header-below-stick-meta":"","astra-migrate-meta-layouts":"default","ast-page-background-enabled":"default","ast-page-background-meta":{"desktop":{"background-color":"var(--ast-global-color-4)","background-image":"","background-repeat":"repeat","background-position":"center center","background-size":"auto","background-attachment":"scroll","background-type":"","background-media":"","overlay-type":"","overlay-color":"","overlay-opacity":"","overlay-gradient":""},"tablet":{"background-color":"","background-image":"","background-repeat":"repeat","background-position":"center center","background-size":"auto","background-attachment":"scroll","background-type":"","background-media":"","overlay-type":"","overlay-color":"","overlay-opacity":"","overlay-gradient":""},"mobile":{"background-color":"","background-image":"","background-repeat":"repeat","background-position":"center center","background-size":"auto","background-attachment":"scroll","background-type":"","background-media":"","overlay-type":"","overlay-color":"","overlay-opacity":"","overlay-gradient":""}},"ast-content-background-meta":{"desktop":{"background-color":"var(--ast-global-color-5)","background-image":"","background-repeat":"repeat","background-position":"center center","background-size":"auto","background-attachment":"scroll","background-type":"","background-media":"","overlay-type":"","overlay-color":"","overlay-opacity":"","overlay-gradient":""},"tablet":{"background-color":"var(--ast-global-color-5)","background-image":"","background-repeat":"repeat","background-position":"center center","background-size":"auto","background-attachment":"scroll","background-type":"","background-media":"","overlay-type":"","overlay-color":"","overlay-opacity":"","overlay-gradient":""},"mobile":{"background-color":"var(--ast-global-color-5)","background-image":"","background-repeat":"repeat","background-position":"center center","background-size":"auto","background-attachment":"scroll","background-type":"","background-media":"","overlay-type":"","overlay-color":"","overlay-opacity":"","overlay-gradient":""}}},"product_brand":[],"product_cat":[365,364],"product_tag":[],"class_list":{"0":"post-35556","1":"product","2":"type-product","3":"status-publish","4":"has-post-thumbnail","6":"product_cat-goz","7":"product_cat-rpg-k","8":"desktop-align-left","9":"tablet-align-left","10":"mobile-align-left","12":"first","13":"instock","14":"virtual","15":"purchasable","16":"product-type-simple"},"acf":[],"yoast_head":"<!-- This site is optimized with the Yoast SEO Premium plugin v27.4 (Yoast SEO v27.4) - https:\/\/yoast.com\/product\/yoast-seo-premium-wordpress\/ -->\n<title>Magicraft - Prismagamers.com<\/title>\n<meta name=\"description\" content=\"&quot;A Magicraft egy Roguelike j\u00e1t\u00e9k, amely k\u00fcl\u00f6nb\u00f6z\u0151 var\u00e1zslatok seg\u00edts\u00e9g\u00e9vel elk\u00e9pzelhetetlen m\u00e1gikus hat\u00e1sokat hoz l\u00e9tre. A j\u00e1t\u00e9k fel\u00e9p\u00edt\u00e9se az ultramagas fok\u00fa szabads\u00e1gra \u00e9p\u00fcl, amit m\u00e9g a j\u00e1t\u00e9k fejleszt\u0151i sem tudnak teljesen kimer\u00edteni.  \ud83c\udf0d Global \u2699\ufe0f Steam \ud83d\udddd digit\u00e1lis kulcs\" \/>\n<meta name=\"robots\" content=\"index, follow, max-snippet:-1, max-image-preview:large, max-video-preview:-1\" \/>\n<link rel=\"canonical\" href=\"https:\/\/prismagamers.com\/hu\/produkt\/magicraft-2\/\" \/>\n<meta property=\"og:locale\" content=\"hu_HU\" \/>\n<meta property=\"og:type\" content=\"article\" \/>\n<meta property=\"og:title\" content=\"Magicraft\" \/>\n<meta property=\"og:description\" content=\"&quot;A Magicraft egy Roguelike j\u00e1t\u00e9k, amely k\u00fcl\u00f6nb\u00f6z\u0151 var\u00e1zslatok seg\u00edts\u00e9g\u00e9vel elk\u00e9pzelhetetlen m\u00e1gikus hat\u00e1sokat hoz l\u00e9tre. A j\u00e1t\u00e9k fel\u00e9p\u00edt\u00e9se az ultramagas fok\u00fa szabads\u00e1gra \u00e9p\u00fcl, amit m\u00e9g a j\u00e1t\u00e9k fejleszt\u0151i sem tudnak teljesen kimer\u00edteni.  \ud83c\udf0d Global \u2699\ufe0f Steam \ud83d\udddd digit\u00e1lis kulcs\" \/>\n<meta property=\"og:url\" content=\"https:\/\/prismagamers.com\/hu\/produkt\/magicraft-2\/\" \/>\n<meta property=\"og:site_name\" content=\"Prismagamers.com\" \/>\n<meta property=\"article:publisher\" content=\"https:\/\/www.facebook.com\/prismagamers\" \/>\n<meta property=\"og:image\" content=\"https:\/\/prismagamers.com\/wp-content\/uploads\/2024\/12\/Magicraft1-e1735152424840.jpg\" \/>\n\t<meta property=\"og:image:width\" content=\"300\" \/>\n\t<meta property=\"og:image:height\" content=\"450\" \/>\n\t<meta property=\"og:image:type\" content=\"image\/jpeg\" \/>\n<meta name=\"twitter:card\" content=\"summary_large_image\" \/>\n<meta name=\"twitter:label1\" content=\"Becs\u00fclt olvas\u00e1si id\u0151\" \/>\n\t<meta name=\"twitter:data1\" content=\"2 perc\" \/>\n<script type=\"application\/ld+json\" class=\"yoast-schema-graph\">{\"@context\":\"https:\\\/\\\/schema.org\",\"@graph\":[{\"@type\":\"WebPage\",\"@id\":\"https:\\\/\\\/prismagamers.com\\\/hu\\\/produkt\\\/magicraft-2\\\/\",\"url\":\"https:\\\/\\\/prismagamers.com\\\/hu\\\/produkt\\\/magicraft-2\\\/\",\"name\":\"Magicraft - Prismagamers.com\",\"isPartOf\":{\"@id\":\"https:\\\/\\\/prismagamers.com\\\/hu\\\/#website\"},\"primaryImageOfPage\":{\"@id\":\"https:\\\/\\\/prismagamers.com\\\/hu\\\/produkt\\\/magicraft-2\\\/#primaryimage\"},\"image\":{\"@id\":\"https:\\\/\\\/prismagamers.com\\\/hu\\\/produkt\\\/magicraft-2\\\/#primaryimage\"},\"thumbnailUrl\":\"https:\\\/\\\/prismagamers.com\\\/wp-content\\\/uploads\\\/2024\\\/12\\\/Magicraft1-e1735152424840.jpg\",\"datePublished\":\"2024-12-25T18:52:41+00:00\",\"description\":\"\\\"A Magicraft egy Roguelike j\u00e1t\u00e9k, amely k\u00fcl\u00f6nb\u00f6z\u0151 var\u00e1zslatok seg\u00edts\u00e9g\u00e9vel elk\u00e9pzelhetetlen m\u00e1gikus hat\u00e1sokat hoz l\u00e9tre. A j\u00e1t\u00e9k fel\u00e9p\u00edt\u00e9se az ultramagas fok\u00fa szabads\u00e1gra \u00e9p\u00fcl, amit m\u00e9g a j\u00e1t\u00e9k fejleszt\u0151i sem tudnak teljesen kimer\u00edteni. \ud83c\udf0d Global \u2699\ufe0f Steam \ud83d\udddd digit\u00e1lis kulcs\",\"breadcrumb\":{\"@id\":\"https:\\\/\\\/prismagamers.com\\\/hu\\\/produkt\\\/magicraft-2\\\/#breadcrumb\"},\"inLanguage\":\"hu\",\"potentialAction\":[{\"@type\":\"ReadAction\",\"target\":[\"https:\\\/\\\/prismagamers.com\\\/hu\\\/produkt\\\/magicraft-2\\\/\"]}]},{\"@type\":\"ImageObject\",\"inLanguage\":\"hu\",\"@id\":\"https:\\\/\\\/prismagamers.com\\\/hu\\\/produkt\\\/magicraft-2\\\/#primaryimage\",\"url\":\"https:\\\/\\\/prismagamers.com\\\/wp-content\\\/uploads\\\/2024\\\/12\\\/Magicraft1-e1735152424840.jpg\",\"contentUrl\":\"https:\\\/\\\/prismagamers.com\\\/wp-content\\\/uploads\\\/2024\\\/12\\\/Magicraft1-e1735152424840.jpg\",\"width\":300,\"height\":450},{\"@type\":\"BreadcrumbList\",\"@id\":\"https:\\\/\\\/prismagamers.com\\\/hu\\\/produkt\\\/magicraft-2\\\/#breadcrumb\",\"itemListElement\":[{\"@type\":\"ListItem\",\"position\":1,\"name\":\"Strona g\u0142\u00f3wna\",\"item\":\"https:\\\/\\\/prismagamers.com\\\/hu\\\/prismagamers\\\/\"},{\"@type\":\"ListItem\",\"position\":2,\"name\":\"Shop\",\"item\":\"https:\\\/\\\/prismagamers.com\\\/hu\\\/shop\\\/\"},{\"@type\":\"ListItem\",\"position\":3,\"name\":\"Magicraft\"}]},{\"@type\":\"WebSite\",\"@id\":\"https:\\\/\\\/prismagamers.com\\\/hu\\\/#website\",\"url\":\"https:\\\/\\\/prismagamers.com\\\/hu\\\/\",\"name\":\"Prismagamers\",\"description\":\"Sklep z grami PC I Sklep klucze Steam\",\"publisher\":{\"@id\":\"https:\\\/\\\/prismagamers.com\\\/hu\\\/#organization\"},\"potentialAction\":[{\"@type\":\"SearchAction\",\"target\":{\"@type\":\"EntryPoint\",\"urlTemplate\":\"https:\\\/\\\/prismagamers.com\\\/hu\\\/?s={search_term_string}\"},\"query-input\":{\"@type\":\"PropertyValueSpecification\",\"valueRequired\":true,\"valueName\":\"search_term_string\"}}],\"inLanguage\":\"hu\"},{\"@type\":\"Organization\",\"@id\":\"https:\\\/\\\/prismagamers.com\\\/hu\\\/#organization\",\"name\":\"Prismagamers\",\"url\":\"https:\\\/\\\/prismagamers.com\\\/hu\\\/\",\"logo\":{\"@type\":\"ImageObject\",\"inLanguage\":\"hu\",\"@id\":\"https:\\\/\\\/prismagamers.com\\\/hu\\\/#\\\/schema\\\/logo\\\/image\\\/\",\"url\":\"https:\\\/\\\/prismagamers.com\\\/wp-content\\\/uploads\\\/2022\\\/04\\\/cropped-logo-Prismagamers-01-scaled-1.jpg\",\"contentUrl\":\"https:\\\/\\\/prismagamers.com\\\/wp-content\\\/uploads\\\/2022\\\/04\\\/cropped-logo-Prismagamers-01-scaled-1.jpg\",\"width\":512,\"height\":512,\"caption\":\"Prismagamers\"},\"image\":{\"@id\":\"https:\\\/\\\/prismagamers.com\\\/hu\\\/#\\\/schema\\\/logo\\\/image\\\/\"},\"sameAs\":[\"https:\\\/\\\/www.facebook.com\\\/prismagamers\",\"https:\\\/\\\/www.instagram.com\\\/prismagamers_grycyfrowe\\\/\"],\"description\":\"Prismagamers.com to dynamiczny sklep z grami cyfrowymi, stworzony z my\u015bl\u0105 o entuzjastach gier wideo. Nasza strona oferuje szerok\u0105 gam\u0119 gier komputerowych, w tym najnowsze tytu\u0142y, dobrze znane klasyki oraz gry stworzone przez niezale\u017cne studia Ca\u0142y czas d\u0105\u017cymy do rozszerzenia naszej oferty. Do\u0142\u0105cz do nas i sta\u0144 si\u0119 cz\u0119\u015bci\u0105 naszej rosn\u0105cej spo\u0142eczno\u015bci graczy!\",\"email\":\"shop@prismagamers.com\",\"telephone\":\"48795541705\",\"legalName\":\"East Caravan Maksym \u017bukow\",\"foundingDate\":\"2012-05-10\",\"vatID\":\"PL8943038612\",\"taxID\":\"PL8943038612\",\"numberOfEmployees\":{\"@type\":\"QuantitativeValue\",\"minValue\":\"11\",\"maxValue\":\"50\"}}]}<\/script>\n<!-- \/ Yoast SEO Premium plugin. -->","yoast_head_json":{"title":"Magicraft - Prismagamers.com","description":"\"A Magicraft egy Roguelike j\u00e1t\u00e9k, amely k\u00fcl\u00f6nb\u00f6z\u0151 var\u00e1zslatok seg\u00edts\u00e9g\u00e9vel elk\u00e9pzelhetetlen m\u00e1gikus hat\u00e1sokat hoz l\u00e9tre. A j\u00e1t\u00e9k fel\u00e9p\u00edt\u00e9se az ultramagas fok\u00fa szabads\u00e1gra \u00e9p\u00fcl, amit m\u00e9g a j\u00e1t\u00e9k fejleszt\u0151i sem tudnak teljesen kimer\u00edteni.  \ud83c\udf0d Global \u2699\ufe0f Steam \ud83d\udddd digit\u00e1lis kulcs","robots":{"index":"index","follow":"follow","max-snippet":"max-snippet:-1","max-image-preview":"max-image-preview:large","max-video-preview":"max-video-preview:-1"},"canonical":"https:\/\/prismagamers.com\/hu\/produkt\/magicraft-2\/","og_locale":"hu_HU","og_type":"article","og_title":"Magicraft","og_description":"\"A Magicraft egy Roguelike j\u00e1t\u00e9k, amely k\u00fcl\u00f6nb\u00f6z\u0151 var\u00e1zslatok seg\u00edts\u00e9g\u00e9vel elk\u00e9pzelhetetlen m\u00e1gikus hat\u00e1sokat hoz l\u00e9tre. A j\u00e1t\u00e9k fel\u00e9p\u00edt\u00e9se az ultramagas fok\u00fa szabads\u00e1gra \u00e9p\u00fcl, amit m\u00e9g a j\u00e1t\u00e9k fejleszt\u0151i sem tudnak teljesen kimer\u00edteni.  \ud83c\udf0d Global \u2699\ufe0f Steam \ud83d\udddd digit\u00e1lis kulcs","og_url":"https:\/\/prismagamers.com\/hu\/produkt\/magicraft-2\/","og_site_name":"Prismagamers.com","article_publisher":"https:\/\/www.facebook.com\/prismagamers","og_image":[{"width":300,"height":450,"url":"https:\/\/prismagamers.com\/wp-content\/uploads\/2024\/12\/Magicraft1-e1735152424840.jpg","type":"image\/jpeg"}],"twitter_card":"summary_large_image","twitter_misc":{"Becs\u00fclt olvas\u00e1si id\u0151":"2 perc"},"schema":{"@context":"https:\/\/schema.org","@graph":[{"@type":"WebPage","@id":"https:\/\/prismagamers.com\/hu\/produkt\/magicraft-2\/","url":"https:\/\/prismagamers.com\/hu\/produkt\/magicraft-2\/","name":"Magicraft - Prismagamers.com","isPartOf":{"@id":"https:\/\/prismagamers.com\/hu\/#website"},"primaryImageOfPage":{"@id":"https:\/\/prismagamers.com\/hu\/produkt\/magicraft-2\/#primaryimage"},"image":{"@id":"https:\/\/prismagamers.com\/hu\/produkt\/magicraft-2\/#primaryimage"},"thumbnailUrl":"https:\/\/prismagamers.com\/wp-content\/uploads\/2024\/12\/Magicraft1-e1735152424840.jpg","datePublished":"2024-12-25T18:52:41+00:00","description":"\"A Magicraft egy Roguelike j\u00e1t\u00e9k, amely k\u00fcl\u00f6nb\u00f6z\u0151 var\u00e1zslatok seg\u00edts\u00e9g\u00e9vel elk\u00e9pzelhetetlen m\u00e1gikus hat\u00e1sokat hoz l\u00e9tre. A j\u00e1t\u00e9k fel\u00e9p\u00edt\u00e9se az ultramagas fok\u00fa szabads\u00e1gra \u00e9p\u00fcl, amit m\u00e9g a j\u00e1t\u00e9k fejleszt\u0151i sem tudnak teljesen kimer\u00edteni. \ud83c\udf0d Global \u2699\ufe0f Steam \ud83d\udddd digit\u00e1lis kulcs","breadcrumb":{"@id":"https:\/\/prismagamers.com\/hu\/produkt\/magicraft-2\/#breadcrumb"},"inLanguage":"hu","potentialAction":[{"@type":"ReadAction","target":["https:\/\/prismagamers.com\/hu\/produkt\/magicraft-2\/"]}]},{"@type":"ImageObject","inLanguage":"hu","@id":"https:\/\/prismagamers.com\/hu\/produkt\/magicraft-2\/#primaryimage","url":"https:\/\/prismagamers.com\/wp-content\/uploads\/2024\/12\/Magicraft1-e1735152424840.jpg","contentUrl":"https:\/\/prismagamers.com\/wp-content\/uploads\/2024\/12\/Magicraft1-e1735152424840.jpg","width":300,"height":450},{"@type":"BreadcrumbList","@id":"https:\/\/prismagamers.com\/hu\/produkt\/magicraft-2\/#breadcrumb","itemListElement":[{"@type":"ListItem","position":1,"name":"Strona g\u0142\u00f3wna","item":"https:\/\/prismagamers.com\/hu\/prismagamers\/"},{"@type":"ListItem","position":2,"name":"Shop","item":"https:\/\/prismagamers.com\/hu\/shop\/"},{"@type":"ListItem","position":3,"name":"Magicraft"}]},{"@type":"WebSite","@id":"https:\/\/prismagamers.com\/hu\/#website","url":"https:\/\/prismagamers.com\/hu\/","name":"Prismagamers","description":"Sklep z grami PC I Sklep klucze Steam","publisher":{"@id":"https:\/\/prismagamers.com\/hu\/#organization"},"potentialAction":[{"@type":"SearchAction","target":{"@type":"EntryPoint","urlTemplate":"https:\/\/prismagamers.com\/hu\/?s={search_term_string}"},"query-input":{"@type":"PropertyValueSpecification","valueRequired":true,"valueName":"search_term_string"}}],"inLanguage":"hu"},{"@type":"Organization","@id":"https:\/\/prismagamers.com\/hu\/#organization","name":"Prismagamers","url":"https:\/\/prismagamers.com\/hu\/","logo":{"@type":"ImageObject","inLanguage":"hu","@id":"https:\/\/prismagamers.com\/hu\/#\/schema\/logo\/image\/","url":"https:\/\/prismagamers.com\/wp-content\/uploads\/2022\/04\/cropped-logo-Prismagamers-01-scaled-1.jpg","contentUrl":"https:\/\/prismagamers.com\/wp-content\/uploads\/2022\/04\/cropped-logo-Prismagamers-01-scaled-1.jpg","width":512,"height":512,"caption":"Prismagamers"},"image":{"@id":"https:\/\/prismagamers.com\/hu\/#\/schema\/logo\/image\/"},"sameAs":["https:\/\/www.facebook.com\/prismagamers","https:\/\/www.instagram.com\/prismagamers_grycyfrowe\/"],"description":"Prismagamers.com to dynamiczny sklep z grami cyfrowymi, stworzony z my\u015bl\u0105 o entuzjastach gier wideo. Nasza strona oferuje szerok\u0105 gam\u0119 gier komputerowych, w tym najnowsze tytu\u0142y, dobrze znane klasyki oraz gry stworzone przez niezale\u017cne studia Ca\u0142y czas d\u0105\u017cymy do rozszerzenia naszej oferty. Do\u0142\u0105cz do nas i sta\u0144 si\u0119 cz\u0119\u015bci\u0105 naszej rosn\u0105cej spo\u0142eczno\u015bci graczy!","email":"shop@prismagamers.com","telephone":"48795541705","legalName":"East Caravan Maksym \u017bukow","foundingDate":"2012-05-10","vatID":"PL8943038612","taxID":"PL8943038612","numberOfEmployees":{"@type":"QuantitativeValue","minValue":"11","maxValue":"50"}}]}},"_links":{"self":[{"href":"https:\/\/prismagamers.com\/hu\/wp-json\/wp\/v2\/product\/35556","targetHints":{"allow":["GET"]}}],"collection":[{"href":"https:\/\/prismagamers.com\/hu\/wp-json\/wp\/v2\/product"}],"about":[{"href":"https:\/\/prismagamers.com\/hu\/wp-json\/wp\/v2\/types\/product"}],"wp:featuredmedia":[{"embeddable":true,"href":"https:\/\/prismagamers.com\/hu\/wp-json\/wp\/v2\/media\/33467"}],"wp:attachment":[{"href":"https:\/\/prismagamers.com\/hu\/wp-json\/wp\/v2\/media?parent=35556"}],"wp:term":[{"taxonomy":"product_brand","embeddable":true,"href":"https:\/\/prismagamers.com\/hu\/wp-json\/wp\/v2\/product_brand?post=35556"},{"taxonomy":"product_cat","embeddable":true,"href":"https:\/\/prismagamers.com\/hu\/wp-json\/wp\/v2\/product_cat?post=35556"},{"taxonomy":"product_tag","embeddable":true,"href":"https:\/\/prismagamers.com\/hu\/wp-json\/wp\/v2\/product_tag?post=35556"}],"curies":[{"name":"wp","href":"https:\/\/api.w.org\/{rel}","templated":true}]}}