{"id":35560,"date":"2024-12-25T18:13:49","date_gmt":"2024-12-25T17:13:49","guid":{"rendered":"https:\/\/prismagamers.com\/produkt\/space-rangers-hd-a-war-apart\/"},"modified":"2026-03-05T00:00:46","modified_gmt":"2026-03-04T23:00:46","slug":"space-rangers-hd-a-war-apart","status":"publish","type":"product","link":"https:\/\/prismagamers.com\/hu\/produkt\/space-rangers-hd-a-war-apart\/","title":{"rendered":"Space Rangers HD: A War Apart"},"content":{"rendered":"<div class=\"flex max-w-full flex-col flex-grow\">\n<div class=\"min-h-8 text-message flex w-full flex-col items-end gap-2 whitespace-normal break-words text-start [.text-message+&amp;]:mt-5\" dir=\"auto\" data-message-author-role=\"assistant\" data-message-id=\"1cfd9fb4-bcb8-49a2-86bc-b40a28810d5a\" data-message-model-slug=\"gpt-4o\">\n<div class=\"flex w-full flex-col gap-1 empty:hidden first:pt-[3px]\">\n<div class=\"markdown prose w-full break-words dark:prose-invert light\">\n<p><strong>A Space Rangers HD: A War Apart<\/strong> a <strong>Space Rangers 2<\/strong> c\u00edm\u0171 kultikus j\u00e1t\u00e9k fel\u00faj\u00edtott \u00e9s kib\u0151v\u00edtett v\u00e1ltozata, amelyet az SNK-Games csapata fejlesztett ki a sorozat rajong\u00f3ival egy\u00fcttm\u0171k\u00f6dve.<\/p>\n<p>A legnagyobb \u00fajdons\u00e1g a galaxist fenyeget\u0151 kal\u00f3zoknak szentelt \u00faj forgat\u00f3k\u00f6nyv. M\u00edg a Koal\u00edci\u00f3 minden er\u0151forr\u00e1s\u00e1t a Domin\u00e1torok (intelligens g\u00e9pek, amelyek minden \u00e9letet el akarnak puszt\u00edtani) elleni harcra ford\u00edtja, a kal\u00f3zok egy titokzatos vezet\u0151 vezet\u00e9s\u00e9vel egyes\u00fcltek. Saj\u00e1t gerillah\u00e1bor\u00fat ind\u00edtottak, hogy \u00e1tvegy\u00e9k az uralmat a meggyeng\u00fclt galaxis felett. A j\u00e1t\u00e9kosok mostant\u00f3l v\u00e1laszthatnak, hogy ki ellen harcolnak &#8211; a Domin\u00e1torok, a kal\u00f3zok vagy mindkett\u0151 ellen egyszerre. Ha az ut\u00f3bbi opci\u00f3t v\u00e1lasztj\u00e1k, \u00faj t\u00f6rt\u00e9net- \u00e9s mell\u00e9kk\u00fcldet\u00e9seket, c\u00e9lokat \u00e9s fejl\u0151d\u00e9si lehet\u0151s\u00e9geket kapnak. Az egyik h\u00e1bor\u00fa megnyer\u00e9se ut\u00e1n a j\u00e1t\u00e9kosok kil\u00e9phetnek a j\u00e1t\u00e9kb\u00f3l, vagy folytathatj\u00e1k a m\u00e1sik h\u00e1bor\u00fat is.     <\/p>\n<p>A j\u00e1t\u00e9kosok kal\u00f3zk\u00e9nt kezdik a karrierj\u00fcket, \u00e9s a kal\u00f3zhierarchia legals\u00f3 fok\u00e1r\u00f3l indulva felkapaszkodnak a cs\u00facsra, teljes\u00edtik a t\u00f6rt\u00e9neti k\u00fcldet\u00e9seket, \u00e9s felt\u00e1rj\u00e1k a szervezet \u00e9s vezet\u0151j\u00e9nek titkait, akinek tettei az intelligens fajok koal\u00edci\u00f3j\u00e1nak l\u00e9t\u00e9t fenyegetik. A j\u00e1t\u00e9kos minden cselekedete befoly\u00e1solja, hogy milyen lesz a galaxis a j\u00e1t\u00e9k v\u00e9g\u00e9n &#8211; a gy\u0151ztes Koal\u00edci\u00f3 legy\u0151zi-e ellens\u00e9geit, vagy \u00f6sszeomlik a Domin\u00e1torok \u00e9s a kal\u00f3zok nyom\u00e1sa alatt. <\/p>\n<p>A j\u00e1t\u00e9k jelent\u0151s technikai fejleszt\u00e9sen is \u00e1tesett, \u00e9s \u00faj tartalmakkal b\u0151v\u00fclt. A f\u0151men\u00fc, a bet\u00f6lt\u0151k\u00e9perny\u0151k, valamint a bolyg\u00f3k \u00e9s \u0171r\u00e1llom\u00e1sok n\u00e9zetei \u00fajratervez\u00e9sre ker\u00fcltek. Mostant\u00f3l ak\u00e1r 1920\u00d71200-as k\u00e9perny\u0151felbont\u00e1s is v\u00e1laszthat\u00f3, \u00e9s a bolyg\u00f3csat\u00e1kban modern renderel\u00e9si technol\u00f3gi\u00e1kat alkalmaztak.  <\/p>\n<h3>F\u0151bb jellemz\u0151k:<\/h3>\n<ul>\n<li><strong>\u00daj kal\u00f3zsz\u00e1l<\/strong> &#8211; Az egyik f\u0151 t\u00f6rt\u00e9netsz\u00e1l befejez\u00e9se ut\u00e1n a j\u00e1t\u00e9kos kil\u00e9phet a j\u00e1t\u00e9kb\u00f3l, vagy folytathatja a k\u00f6vetkez\u0151 sz\u00e1l befejez\u00e9s\u00e9t. A j\u00e1t\u00e9kos \u00e9s az AI cselekedetei befoly\u00e1solj\u00e1k a galaxis sors\u00e1t, \u00e9s egyetlen j\u00e1t\u00e9k sem egyforma. <\/li>\n<li><strong>Technikai friss\u00edt\u00e9s<\/strong> &#8211; 1920\u00d71200-as felbont\u00e1s, t\u00f6bbmagos processzorok, Windows\u00ae 7 \u00e9s \u00e9lsim\u00edt\u00e1s a 3D-s bolyg\u00f3csat\u00e1khoz.<\/li>\n<li><strong>B\u0151v\u00edtett soundtrack<\/strong> &#8211; T\u00f6bb mint 15 \u00faj zenei t\u00e9ma, amelyeket kifejezetten az\u00e9rt hoztak l\u00e9tre, hogy m\u00e9g m\u00e9lyebben elmer\u00fclj a Space Rangers rendk\u00edv\u00fcli univerzum\u00e1ban.<\/li>\n<li><strong>Tov\u00e1bbi fejleszt\u00e9sek<\/strong> &#8211; T\u00f6bb mint 10 \u00faj sz\u00f6veges kaland, 15+ bolyg\u00f3k\u00f6zi csatat\u00e9rk\u00e9p, 20+ korm\u00e1nyzati k\u00fcldet\u00e9s, egyedi, nem t\u00f6rt\u00e9neti esem\u00e9nyek, \u00faj felszerel\u00e9sek \u00e9s mikromodulok, hozz\u00e1f\u00e9r\u00e9s az \u00f6sszes hipert\u00e9ri \u00f6sszecsap\u00e1shoz a f\u0151men\u00fcb\u0151l \u00e9s m\u00e9g sok m\u00e1s!<\/li>\n<\/ul>\n<\/div>\n<\/div>\n<\/div>\n<\/div>\n<div class=\"mb-2 flex gap-3 empty:hidden -ml-2\">\n<div class=\"items-center justify-start rounded-xl p-1 flex\"><\/div>\n<\/div>\n","protected":false},"excerpt":{"rendered":"<p class=\"ai-optimize-28\"><strong>A Space Rangers HD: A War Apart<\/strong> a klasszikus fel\u00faj\u00edtott v\u00e1ltozata, amely \u00faj kal\u00f3zokkal, technikai fejleszt\u00e9sekkel \u00e9s tov\u00e1bbi tartalmakkal b\u0151v\u00fclt. A j\u00e1t\u00e9kosok oldalt v\u00e1laszthatnak a konfliktusban, befoly\u00e1solhatj\u00e1k a galaxis sors\u00e1t, \u00e9s minden j\u00e1t\u00e9k egyedi. \u00daj k\u00fcldet\u00e9sek, p\u00e1ly\u00e1k, esem\u00e9nyek \u00e9s kib\u0151v\u00edtett hangs\u00e1vok ker\u00fcltek bele, amelyek m\u00e9g m\u00e9lyebb \u00e9lm\u00e9nyt ny\u00fajtanak a Space Rangers univerzum\u00e1ban.  <\/p>\n<p class=\"ai-optimize-29\">\ud83c\udf0d Global \u2699\ufe0f Steam<br \/>\n\ud83d\udddd digit\u00e1lis kulcs<\/p>\n","protected":false},"featured_media":33440,"template":"","meta":{"_acf_changed":false,"site-sidebar-layout":"default","site-content-layout":"","ast-site-content-layout":"default","site-content-style":"default","site-sidebar-style":"default","ast-global-header-display":"","ast-banner-title-visibility":"","ast-main-header-display":"","ast-hfb-above-header-display":"","ast-hfb-below-header-display":"","ast-hfb-mobile-header-display":"","site-post-title":"","ast-breadcrumbs-content":"","ast-featured-img":"","footer-sml-layout":"","ast-disable-related-posts":"","theme-transparent-header-meta":"default","adv-header-id-meta":"","stick-header-meta":"","header-above-stick-meta":"","header-main-stick-meta":"","header-below-stick-meta":"","astra-migrate-meta-layouts":"default","ast-page-background-enabled":"default","ast-page-background-meta":{"desktop":{"background-color":"var(--ast-global-color-4)","background-image":"","background-repeat":"repeat","background-position":"center center","background-size":"auto","background-attachment":"scroll","background-type":"","background-media":"","overlay-type":"","overlay-color":"","overlay-opacity":"","overlay-gradient":""},"tablet":{"background-color":"","background-image":"","background-repeat":"repeat","background-position":"center center","background-size":"auto","background-attachment":"scroll","background-type":"","background-media":"","overlay-type":"","overlay-color":"","overlay-opacity":"","overlay-gradient":""},"mobile":{"background-color":"","background-image":"","background-repeat":"repeat","background-position":"center center","background-size":"auto","background-attachment":"scroll","background-type":"","background-media":"","overlay-type":"","overlay-color":"","overlay-opacity":"","overlay-gradient":""}},"ast-content-background-meta":{"desktop":{"background-color":"var(--ast-global-color-5)","background-image":"","background-repeat":"repeat","background-position":"center center","background-size":"auto","background-attachment":"scroll","background-type":"","background-media":"","overlay-type":"","overlay-color":"","overlay-opacity":"","overlay-gradient":""},"tablet":{"background-color":"var(--ast-global-color-5)","background-image":"","background-repeat":"repeat","background-position":"center center","background-size":"auto","background-attachment":"scroll","background-type":"","background-media":"","overlay-type":"","overlay-color":"","overlay-opacity":"","overlay-gradient":""},"mobile":{"background-color":"var(--ast-global-color-5)","background-image":"","background-repeat":"repeat","background-position":"center center","background-size":"auto","background-attachment":"scroll","background-type":"","background-media":"","overlay-type":"","overlay-color":"","overlay-opacity":"","overlay-gradient":""}}},"product_brand":[],"product_cat":[369,387,365,363,364],"product_tag":[],"class_list":{"0":"post-35560","1":"product","2":"type-product","3":"status-publish","4":"has-post-thumbnail","6":"product_cat-csarnokok","7":"product_cat-fulqrum-publishing-hu","8":"product_cat-goz","9":"product_cat-kaland-jatekok","10":"product_cat-rpg-k","11":"desktop-align-left","12":"tablet-align-left","13":"mobile-align-left","15":"first","16":"instock","17":"virtual","18":"purchasable","19":"product-type-simple"},"acf":[],"yoast_head":"<!-- This site is optimized with the Yoast SEO Premium plugin v27.5 (Yoast SEO v27.5) - https:\/\/yoast.com\/product\/yoast-seo-premium-wordpress\/ -->\n<title>Space Rangers HD: A War Apart - Prismagamers.com<\/title>\n<meta name=\"description\" content=\"A Space Rangers HD: A War Apart a klasszikus fel\u00faj\u00edtott v\u00e1ltozata, amely \u00faj kal\u00f3zokkal, technikai fejleszt\u00e9sekkel \u00e9s tov\u00e1bbi tartalmakkal b\u0151v\u00fclt. A j\u00e1t\u00e9kosok oldalt v\u00e1laszthatnak a konfliktusban, befoly\u00e1solhatj\u00e1k a galaxis sors\u00e1t, \u00e9s minden j\u00e1t\u00e9k egyedi. \u00daj k\u00fcldet\u00e9sek, p\u00e1ly\u00e1k, esem\u00e9nyek \u00e9s kib\u0151v\u00edtett hangs\u00e1vok ker\u00fcltek bele, amelyek m\u00e9g m\u00e9lyebb \u00e9lm\u00e9nyt ny\u00fajtanak a Space Rangers univerzum\u00e1ban.  \ud83c\udf0d Global \u2699\ufe0f Steam \ud83d\udddd digit\u00e1lis kulcs\" \/>\n<meta name=\"robots\" content=\"index, follow, max-snippet:-1, max-image-preview:large, max-video-preview:-1\" \/>\n<link rel=\"canonical\" href=\"https:\/\/prismagamers.com\/hu\/produkt\/space-rangers-hd-a-war-apart\/\" \/>\n<meta property=\"og:locale\" content=\"hu_HU\" \/>\n<meta property=\"og:type\" content=\"article\" \/>\n<meta property=\"og:title\" content=\"Space Rangers HD: A War Apart\" \/>\n<meta property=\"og:description\" content=\"A Space Rangers HD: A War Apart a klasszikus fel\u00faj\u00edtott v\u00e1ltozata, amely \u00faj kal\u00f3zokkal, technikai fejleszt\u00e9sekkel \u00e9s tov\u00e1bbi tartalmakkal b\u0151v\u00fclt. A j\u00e1t\u00e9kosok oldalt v\u00e1laszthatnak a konfliktusban, befoly\u00e1solhatj\u00e1k a galaxis sors\u00e1t, \u00e9s minden j\u00e1t\u00e9k egyedi. \u00daj k\u00fcldet\u00e9sek, p\u00e1ly\u00e1k, esem\u00e9nyek \u00e9s kib\u0151v\u00edtett hangs\u00e1vok ker\u00fcltek bele, amelyek m\u00e9g m\u00e9lyebb \u00e9lm\u00e9nyt ny\u00fajtanak a Space Rangers univerzum\u00e1ban.  \ud83c\udf0d Global \u2699\ufe0f Steam \ud83d\udddd digit\u00e1lis kulcs\" \/>\n<meta property=\"og:url\" content=\"https:\/\/prismagamers.com\/hu\/produkt\/space-rangers-hd-a-war-apart\/\" \/>\n<meta property=\"og:site_name\" content=\"Prismagamers.com\" \/>\n<meta property=\"article:publisher\" content=\"https:\/\/www.facebook.com\/prismagamers\" \/>\n<meta property=\"article:modified_time\" content=\"2026-03-04T23:00:46+00:00\" \/>\n<meta property=\"og:image\" content=\"https:\/\/prismagamers.com\/wp-content\/uploads\/2024\/12\/Space-Rangers-HDA-War-Apart1-e1735146477943.jpeg\" \/>\n\t<meta property=\"og:image:width\" content=\"300\" \/>\n\t<meta property=\"og:image:height\" content=\"450\" \/>\n\t<meta property=\"og:image:type\" content=\"image\/jpeg\" \/>\n<meta name=\"twitter:card\" content=\"summary_large_image\" \/>\n<meta name=\"twitter:label1\" content=\"Becs\u00fclt olvas\u00e1si id\u0151\" \/>\n\t<meta name=\"twitter:data1\" content=\"3 perc\" \/>\n<script type=\"application\/ld+json\" class=\"yoast-schema-graph\">{\"@context\":\"https:\\\/\\\/schema.org\",\"@graph\":[{\"@type\":\"WebPage\",\"@id\":\"https:\\\/\\\/prismagamers.com\\\/hu\\\/produkt\\\/space-rangers-hd-a-war-apart\\\/\",\"url\":\"https:\\\/\\\/prismagamers.com\\\/hu\\\/produkt\\\/space-rangers-hd-a-war-apart\\\/\",\"name\":\"Space Rangers HD: A War Apart - Prismagamers.com\",\"isPartOf\":{\"@id\":\"https:\\\/\\\/prismagamers.com\\\/hu\\\/#website\"},\"primaryImageOfPage\":{\"@id\":\"https:\\\/\\\/prismagamers.com\\\/hu\\\/produkt\\\/space-rangers-hd-a-war-apart\\\/#primaryimage\"},\"image\":{\"@id\":\"https:\\\/\\\/prismagamers.com\\\/hu\\\/produkt\\\/space-rangers-hd-a-war-apart\\\/#primaryimage\"},\"thumbnailUrl\":\"https:\\\/\\\/prismagamers.com\\\/wp-content\\\/uploads\\\/2024\\\/12\\\/Space-Rangers-HDA-War-Apart1-e1735146477943.jpeg\",\"datePublished\":\"2024-12-25T17:13:49+00:00\",\"dateModified\":\"2026-03-04T23:00:46+00:00\",\"description\":\"A Space Rangers HD: A War Apart a klasszikus fel\u00faj\u00edtott v\u00e1ltozata, amely \u00faj kal\u00f3zokkal, technikai fejleszt\u00e9sekkel \u00e9s tov\u00e1bbi tartalmakkal b\u0151v\u00fclt. A j\u00e1t\u00e9kosok oldalt v\u00e1laszthatnak a konfliktusban, befoly\u00e1solhatj\u00e1k a galaxis sors\u00e1t, \u00e9s minden j\u00e1t\u00e9k egyedi. \u00daj k\u00fcldet\u00e9sek, p\u00e1ly\u00e1k, esem\u00e9nyek \u00e9s kib\u0151v\u00edtett hangs\u00e1vok ker\u00fcltek bele, amelyek m\u00e9g m\u00e9lyebb \u00e9lm\u00e9nyt ny\u00fajtanak a Space Rangers univerzum\u00e1ban. \ud83c\udf0d Global \u2699\ufe0f Steam \ud83d\udddd digit\u00e1lis kulcs\",\"breadcrumb\":{\"@id\":\"https:\\\/\\\/prismagamers.com\\\/hu\\\/produkt\\\/space-rangers-hd-a-war-apart\\\/#breadcrumb\"},\"inLanguage\":\"hu\",\"potentialAction\":[{\"@type\":\"ReadAction\",\"target\":[\"https:\\\/\\\/prismagamers.com\\\/hu\\\/produkt\\\/space-rangers-hd-a-war-apart\\\/\"]}]},{\"@type\":\"ImageObject\",\"inLanguage\":\"hu\",\"@id\":\"https:\\\/\\\/prismagamers.com\\\/hu\\\/produkt\\\/space-rangers-hd-a-war-apart\\\/#primaryimage\",\"url\":\"https:\\\/\\\/prismagamers.com\\\/wp-content\\\/uploads\\\/2024\\\/12\\\/Space-Rangers-HDA-War-Apart1-e1735146477943.jpeg\",\"contentUrl\":\"https:\\\/\\\/prismagamers.com\\\/wp-content\\\/uploads\\\/2024\\\/12\\\/Space-Rangers-HDA-War-Apart1-e1735146477943.jpeg\",\"width\":300,\"height\":450},{\"@type\":\"BreadcrumbList\",\"@id\":\"https:\\\/\\\/prismagamers.com\\\/hu\\\/produkt\\\/space-rangers-hd-a-war-apart\\\/#breadcrumb\",\"itemListElement\":[{\"@type\":\"ListItem\",\"position\":1,\"name\":\"Strona g\u0142\u00f3wna\",\"item\":\"https:\\\/\\\/prismagamers.com\\\/hu\\\/prismagamers\\\/\"},{\"@type\":\"ListItem\",\"position\":2,\"name\":\"Shop\",\"item\":\"https:\\\/\\\/prismagamers.com\\\/hu\\\/shop\\\/\"},{\"@type\":\"ListItem\",\"position\":3,\"name\":\"Space Rangers HD: A War Apart\"}]},{\"@type\":\"WebSite\",\"@id\":\"https:\\\/\\\/prismagamers.com\\\/hu\\\/#website\",\"url\":\"https:\\\/\\\/prismagamers.com\\\/hu\\\/\",\"name\":\"Prismagamers\",\"description\":\"Sklep z grami PC I Sklep klucze Steam\",\"publisher\":{\"@id\":\"https:\\\/\\\/prismagamers.com\\\/hu\\\/#organization\"},\"potentialAction\":[{\"@type\":\"SearchAction\",\"target\":{\"@type\":\"EntryPoint\",\"urlTemplate\":\"https:\\\/\\\/prismagamers.com\\\/hu\\\/?s={search_term_string}\"},\"query-input\":{\"@type\":\"PropertyValueSpecification\",\"valueRequired\":true,\"valueName\":\"search_term_string\"}}],\"inLanguage\":\"hu\"},{\"@type\":\"Organization\",\"@id\":\"https:\\\/\\\/prismagamers.com\\\/hu\\\/#organization\",\"name\":\"Prismagamers\",\"url\":\"https:\\\/\\\/prismagamers.com\\\/hu\\\/\",\"logo\":{\"@type\":\"ImageObject\",\"inLanguage\":\"hu\",\"@id\":\"https:\\\/\\\/prismagamers.com\\\/hu\\\/#\\\/schema\\\/logo\\\/image\\\/\",\"url\":\"https:\\\/\\\/prismagamers.com\\\/wp-content\\\/uploads\\\/2022\\\/04\\\/cropped-logo-Prismagamers-01-scaled-1.jpg\",\"contentUrl\":\"https:\\\/\\\/prismagamers.com\\\/wp-content\\\/uploads\\\/2022\\\/04\\\/cropped-logo-Prismagamers-01-scaled-1.jpg\",\"width\":512,\"height\":512,\"caption\":\"Prismagamers\"},\"image\":{\"@id\":\"https:\\\/\\\/prismagamers.com\\\/hu\\\/#\\\/schema\\\/logo\\\/image\\\/\"},\"sameAs\":[\"https:\\\/\\\/www.facebook.com\\\/prismagamers\",\"https:\\\/\\\/www.instagram.com\\\/prismagamers_grycyfrowe\\\/\"],\"description\":\"Prismagamers.com to dynamiczny sklep z grami cyfrowymi, stworzony z my\u015bl\u0105 o entuzjastach gier wideo. Nasza strona oferuje szerok\u0105 gam\u0119 gier komputerowych, w tym najnowsze tytu\u0142y, dobrze znane klasyki oraz gry stworzone przez niezale\u017cne studia Ca\u0142y czas d\u0105\u017cymy do rozszerzenia naszej oferty. Do\u0142\u0105cz do nas i sta\u0144 si\u0119 cz\u0119\u015bci\u0105 naszej rosn\u0105cej spo\u0142eczno\u015bci graczy!\",\"email\":\"shop@prismagamers.com\",\"telephone\":\"48795541705\",\"legalName\":\"East Caravan Maksym \u017bukow\",\"foundingDate\":\"2012-05-10\",\"vatID\":\"PL8943038612\",\"taxID\":\"PL8943038612\",\"numberOfEmployees\":{\"@type\":\"QuantitativeValue\",\"minValue\":\"11\",\"maxValue\":\"50\"}}]}<\/script>\n<!-- \/ Yoast SEO Premium plugin. -->","yoast_head_json":{"title":"Space Rangers HD: A War Apart - Prismagamers.com","description":"A Space Rangers HD: A War Apart a klasszikus fel\u00faj\u00edtott v\u00e1ltozata, amely \u00faj kal\u00f3zokkal, technikai fejleszt\u00e9sekkel \u00e9s tov\u00e1bbi tartalmakkal b\u0151v\u00fclt. A j\u00e1t\u00e9kosok oldalt v\u00e1laszthatnak a konfliktusban, befoly\u00e1solhatj\u00e1k a galaxis sors\u00e1t, \u00e9s minden j\u00e1t\u00e9k egyedi. \u00daj k\u00fcldet\u00e9sek, p\u00e1ly\u00e1k, esem\u00e9nyek \u00e9s kib\u0151v\u00edtett hangs\u00e1vok ker\u00fcltek bele, amelyek m\u00e9g m\u00e9lyebb \u00e9lm\u00e9nyt ny\u00fajtanak a Space Rangers univerzum\u00e1ban.  \ud83c\udf0d Global \u2699\ufe0f Steam \ud83d\udddd digit\u00e1lis kulcs","robots":{"index":"index","follow":"follow","max-snippet":"max-snippet:-1","max-image-preview":"max-image-preview:large","max-video-preview":"max-video-preview:-1"},"canonical":"https:\/\/prismagamers.com\/hu\/produkt\/space-rangers-hd-a-war-apart\/","og_locale":"hu_HU","og_type":"article","og_title":"Space Rangers HD: A War Apart","og_description":"A Space Rangers HD: A War Apart a klasszikus fel\u00faj\u00edtott v\u00e1ltozata, amely \u00faj kal\u00f3zokkal, technikai fejleszt\u00e9sekkel \u00e9s tov\u00e1bbi tartalmakkal b\u0151v\u00fclt. A j\u00e1t\u00e9kosok oldalt v\u00e1laszthatnak a konfliktusban, befoly\u00e1solhatj\u00e1k a galaxis sors\u00e1t, \u00e9s minden j\u00e1t\u00e9k egyedi. \u00daj k\u00fcldet\u00e9sek, p\u00e1ly\u00e1k, esem\u00e9nyek \u00e9s kib\u0151v\u00edtett hangs\u00e1vok ker\u00fcltek bele, amelyek m\u00e9g m\u00e9lyebb \u00e9lm\u00e9nyt ny\u00fajtanak a Space Rangers univerzum\u00e1ban.  \ud83c\udf0d Global \u2699\ufe0f Steam \ud83d\udddd digit\u00e1lis kulcs","og_url":"https:\/\/prismagamers.com\/hu\/produkt\/space-rangers-hd-a-war-apart\/","og_site_name":"Prismagamers.com","article_publisher":"https:\/\/www.facebook.com\/prismagamers","article_modified_time":"2026-03-04T23:00:46+00:00","og_image":[{"width":300,"height":450,"url":"https:\/\/prismagamers.com\/wp-content\/uploads\/2024\/12\/Space-Rangers-HDA-War-Apart1-e1735146477943.jpeg","type":"image\/jpeg"}],"twitter_card":"summary_large_image","twitter_misc":{"Becs\u00fclt olvas\u00e1si id\u0151":"3 perc"},"schema":{"@context":"https:\/\/schema.org","@graph":[{"@type":"WebPage","@id":"https:\/\/prismagamers.com\/hu\/produkt\/space-rangers-hd-a-war-apart\/","url":"https:\/\/prismagamers.com\/hu\/produkt\/space-rangers-hd-a-war-apart\/","name":"Space Rangers HD: A War Apart - Prismagamers.com","isPartOf":{"@id":"https:\/\/prismagamers.com\/hu\/#website"},"primaryImageOfPage":{"@id":"https:\/\/prismagamers.com\/hu\/produkt\/space-rangers-hd-a-war-apart\/#primaryimage"},"image":{"@id":"https:\/\/prismagamers.com\/hu\/produkt\/space-rangers-hd-a-war-apart\/#primaryimage"},"thumbnailUrl":"https:\/\/prismagamers.com\/wp-content\/uploads\/2024\/12\/Space-Rangers-HDA-War-Apart1-e1735146477943.jpeg","datePublished":"2024-12-25T17:13:49+00:00","dateModified":"2026-03-04T23:00:46+00:00","description":"A Space Rangers HD: A War Apart a klasszikus fel\u00faj\u00edtott v\u00e1ltozata, amely \u00faj kal\u00f3zokkal, technikai fejleszt\u00e9sekkel \u00e9s tov\u00e1bbi tartalmakkal b\u0151v\u00fclt. A j\u00e1t\u00e9kosok oldalt v\u00e1laszthatnak a konfliktusban, befoly\u00e1solhatj\u00e1k a galaxis sors\u00e1t, \u00e9s minden j\u00e1t\u00e9k egyedi. \u00daj k\u00fcldet\u00e9sek, p\u00e1ly\u00e1k, esem\u00e9nyek \u00e9s kib\u0151v\u00edtett hangs\u00e1vok ker\u00fcltek bele, amelyek m\u00e9g m\u00e9lyebb \u00e9lm\u00e9nyt ny\u00fajtanak a Space Rangers univerzum\u00e1ban. \ud83c\udf0d Global \u2699\ufe0f Steam \ud83d\udddd digit\u00e1lis kulcs","breadcrumb":{"@id":"https:\/\/prismagamers.com\/hu\/produkt\/space-rangers-hd-a-war-apart\/#breadcrumb"},"inLanguage":"hu","potentialAction":[{"@type":"ReadAction","target":["https:\/\/prismagamers.com\/hu\/produkt\/space-rangers-hd-a-war-apart\/"]}]},{"@type":"ImageObject","inLanguage":"hu","@id":"https:\/\/prismagamers.com\/hu\/produkt\/space-rangers-hd-a-war-apart\/#primaryimage","url":"https:\/\/prismagamers.com\/wp-content\/uploads\/2024\/12\/Space-Rangers-HDA-War-Apart1-e1735146477943.jpeg","contentUrl":"https:\/\/prismagamers.com\/wp-content\/uploads\/2024\/12\/Space-Rangers-HDA-War-Apart1-e1735146477943.jpeg","width":300,"height":450},{"@type":"BreadcrumbList","@id":"https:\/\/prismagamers.com\/hu\/produkt\/space-rangers-hd-a-war-apart\/#breadcrumb","itemListElement":[{"@type":"ListItem","position":1,"name":"Strona g\u0142\u00f3wna","item":"https:\/\/prismagamers.com\/hu\/prismagamers\/"},{"@type":"ListItem","position":2,"name":"Shop","item":"https:\/\/prismagamers.com\/hu\/shop\/"},{"@type":"ListItem","position":3,"name":"Space Rangers HD: A War Apart"}]},{"@type":"WebSite","@id":"https:\/\/prismagamers.com\/hu\/#website","url":"https:\/\/prismagamers.com\/hu\/","name":"Prismagamers","description":"Sklep z grami PC I Sklep klucze Steam","publisher":{"@id":"https:\/\/prismagamers.com\/hu\/#organization"},"potentialAction":[{"@type":"SearchAction","target":{"@type":"EntryPoint","urlTemplate":"https:\/\/prismagamers.com\/hu\/?s={search_term_string}"},"query-input":{"@type":"PropertyValueSpecification","valueRequired":true,"valueName":"search_term_string"}}],"inLanguage":"hu"},{"@type":"Organization","@id":"https:\/\/prismagamers.com\/hu\/#organization","name":"Prismagamers","url":"https:\/\/prismagamers.com\/hu\/","logo":{"@type":"ImageObject","inLanguage":"hu","@id":"https:\/\/prismagamers.com\/hu\/#\/schema\/logo\/image\/","url":"https:\/\/prismagamers.com\/wp-content\/uploads\/2022\/04\/cropped-logo-Prismagamers-01-scaled-1.jpg","contentUrl":"https:\/\/prismagamers.com\/wp-content\/uploads\/2022\/04\/cropped-logo-Prismagamers-01-scaled-1.jpg","width":512,"height":512,"caption":"Prismagamers"},"image":{"@id":"https:\/\/prismagamers.com\/hu\/#\/schema\/logo\/image\/"},"sameAs":["https:\/\/www.facebook.com\/prismagamers","https:\/\/www.instagram.com\/prismagamers_grycyfrowe\/"],"description":"Prismagamers.com to dynamiczny sklep z grami cyfrowymi, stworzony z my\u015bl\u0105 o entuzjastach gier wideo. Nasza strona oferuje szerok\u0105 gam\u0119 gier komputerowych, w tym najnowsze tytu\u0142y, dobrze znane klasyki oraz gry stworzone przez niezale\u017cne studia Ca\u0142y czas d\u0105\u017cymy do rozszerzenia naszej oferty. Do\u0142\u0105cz do nas i sta\u0144 si\u0119 cz\u0119\u015bci\u0105 naszej rosn\u0105cej spo\u0142eczno\u015bci graczy!","email":"shop@prismagamers.com","telephone":"48795541705","legalName":"East Caravan Maksym \u017bukow","foundingDate":"2012-05-10","vatID":"PL8943038612","taxID":"PL8943038612","numberOfEmployees":{"@type":"QuantitativeValue","minValue":"11","maxValue":"50"}}]}},"_links":{"self":[{"href":"https:\/\/prismagamers.com\/hu\/wp-json\/wp\/v2\/product\/35560","targetHints":{"allow":["GET"]}}],"collection":[{"href":"https:\/\/prismagamers.com\/hu\/wp-json\/wp\/v2\/product"}],"about":[{"href":"https:\/\/prismagamers.com\/hu\/wp-json\/wp\/v2\/types\/product"}],"wp:featuredmedia":[{"embeddable":true,"href":"https:\/\/prismagamers.com\/hu\/wp-json\/wp\/v2\/media\/33440"}],"wp:attachment":[{"href":"https:\/\/prismagamers.com\/hu\/wp-json\/wp\/v2\/media?parent=35560"}],"wp:term":[{"taxonomy":"product_brand","embeddable":true,"href":"https:\/\/prismagamers.com\/hu\/wp-json\/wp\/v2\/product_brand?post=35560"},{"taxonomy":"product_cat","embeddable":true,"href":"https:\/\/prismagamers.com\/hu\/wp-json\/wp\/v2\/product_cat?post=35560"},{"taxonomy":"product_tag","embeddable":true,"href":"https:\/\/prismagamers.com\/hu\/wp-json\/wp\/v2\/product_tag?post=35560"}],"curies":[{"name":"wp","href":"https:\/\/api.w.org\/{rel}","templated":true}]}}