{"id":35716,"date":"2025-04-08T19:16:24","date_gmt":"2025-04-08T17:16:24","guid":{"rendered":"https:\/\/prismagamers.com\/produkt\/moon-watch\/"},"modified":"2026-01-02T00:36:12","modified_gmt":"2026-01-01T23:36:12","slug":"moon-watch","status":"publish","type":"product","link":"https:\/\/prismagamers.com\/hu\/produkt\/moon-watch\/","title":{"rendered":"Moon Watch"},"content":{"rendered":"<h2 class=\"\" data-start=\"319\" data-end=\"386\"><strong data-start=\"322\" data-end=\"386\">Moon Watch &#8211; Bullet Hell pakli\u00e9p\u00edt\u00e9ssel \u00e9s id\u0151ellen\u0151rz\u00e9ssel<\/strong><\/h2>\n<p class=\"\" data-start=\"388\" data-end=\"844\">A <strong data-start=\"388\" data-end=\"402\">Moon Watch<\/strong> egy innovat\u00edv <strong data-start=\"418\" data-end=\"454\">bullet hell deckbuilder j\u00e1t\u00e9k<\/strong>, amely \u00f6tv\u00f6zi a dinamikus akci\u00f3t a taktikus pakli\u00e9p\u00edt\u00e9ssel. Ir\u00e1ny\u00edtsd az id\u0151t, hogy a te javadra billentsd a csata m\u00e9rleg\u00e9t &#8211; \u00e1ll\u00edtsd meg, tervezd meg a l\u00e9p\u00e9seidet \u00e9s tegy\u00e9l prec\u00edz kit\u00e9r\u00e9seket a legkaotikusabb pillanatokban. K\u00eds\u00e9rletezz <strong data-start=\"686\" data-end=\"706\">t\u00f6bb mint sz\u00e1z k\u00e1rty\u00e1val<\/strong>, <strong data-start=\"708\" data-end=\"736\">fedezz fel hatalmas erekly\u00e9ket<\/strong>, \u00e9s <strong data-start=\"739\" data-end=\"774\">oldj fel h\u00e1rom j\u00e1tszhat\u00f3 karaktert<\/strong>, amelyek mindegyike egyedi harci st\u00edlussal, paklival \u00e9s k\u00fcl\u00f6nleges k\u00e9pess\u00e9gekkel rendelkezik.  <\/p>\n<h2 class=\"bb_tag\"><img decoding=\"async\" class=\"bb_img aligncenter\" src=\"https:\/\/shared.fastly.steamstatic.com\/store_item_assets\/steam\/apps\/2878030\/extras\/cards_steam.gif?t=1733569659\"><\/h2>\n<hr class=\"\" data-start=\"846\" data-end=\"849\">\n<h3 class=\"\" data-start=\"851\" data-end=\"873\">\ud83d\udd25 F\u0151bb jellemz\u0151k:<\/h3>\n<ul data-start=\"874\" data-end=\"1521\">\n<li class=\"\" data-start=\"874\" data-end=\"974\">\n<p class=\"\" data-start=\"876\" data-end=\"974\"><strong data-start=\"876\" data-end=\"923\">A bullet hell \u00e9s a k\u00e1rtyaj\u00e1t\u00e9k egyed\u00fcl\u00e1ll\u00f3 kombin\u00e1ci\u00f3ja<\/strong> &#8211; tervezz, \u00e9p\u00edts paklikat \u00e9s \u00e9lj t\u00fal egy goly\u00f3lavin\u00e1t.<\/p>\n<\/li>\n<li class=\"\" data-start=\"975\" data-end=\"1074\">\n<p class=\"\" data-start=\"977\" data-end=\"1074\"><strong data-start=\"977\" data-end=\"1005\">Taktikai id\u0151ellen\u0151rz\u00e9s<\/strong> &#8211; \u00e1ll\u00edtsa meg az id\u0151t, \u00e9s elemezze a helyzetet, hogy megfelel\u0151en reag\u00e1lhasson.<\/p>\n<\/li>\n<li class=\"\" data-start=\"1075\" data-end=\"1216\">\n<p class=\"\" data-start=\"1077\" data-end=\"1216\"><strong data-start=\"1077\" data-end=\"1107\">H\u00e1rom k\u00fcl\u00f6nb\u00f6z\u0151 karakter<\/strong> &#8211; Lucia, Nina \u00e9s Encio &#8211; egyedi strat\u00e9gi\u00e1kat \u00e9s k\u00e9pess\u00e9geket k\u00edn\u00e1l: a fokhagym\u00e1s akad\u00e1lyokt\u00f3l a technikai tornyokig.<\/p>\n<\/li>\n<li class=\"\" data-start=\"1217\" data-end=\"1324\">\n<p class=\"\" data-start=\"1219\" data-end=\"1324\"><strong data-start=\"1219\" data-end=\"1262\">T\u00f6bb sz\u00e1z k\u00e1rtya \u00e9s puszt\u00edt\u00f3 kombin\u00e1ci\u00f3<\/strong> &#8211; alak\u00edtsd ki saj\u00e1t j\u00e1t\u00e9kst\u00edlusodat, \u00e9s fejleszd paklidat minden fordul\u00f3ban.<\/p>\n<\/li>\n<li class=\"\" data-start=\"1325\" data-end=\"1406\">\n<p class=\"\" data-start=\"1327\" data-end=\"1406\"><strong data-start=\"1327\" data-end=\"1346\">Ritka erekly\u00e9k<\/strong> &#8211; megv\u00e1ltoztatj\u00e1k a j\u00e1t\u00e9kszab\u00e1lyokat, \u00faj taktikai lehet\u0151s\u00e9geket k\u00edn\u00e1lva.<\/p>\n<\/li>\n<li class=\"\" data-start=\"1407\" data-end=\"1521\">\n<p class=\"\" data-start=\"1409\" data-end=\"1521\"><strong data-start=\"1409\" data-end=\"1444\">Izgalmas kih\u00edv\u00e1sok \u00e9s f\u0151n\u00f6k\u00f6k<\/strong> &#8211; n\u00e9zz szembe hatalmas v\u00e1mp\u00edrlordokkal \u00e9s m\u00e1s s\u00f6t\u00e9t ellens\u00e9gekkel.<\/p>\n<\/li>\n<li data-start=\"1407\" data-end=\"1521\">\n<h2 class=\"bb_tag\"><img decoding=\"async\" class=\"bb_img aligncenter\" src=\"https:\/\/shared.fastly.steamstatic.com\/store_item_assets\/steam\/apps\/2878030\/extras\/character_panels.png?t=1733569659\"><\/h2>\n<\/li>\n<\/ul>\n<hr class=\"\" data-start=\"1523\" data-end=\"1526\">\n<p class=\"\" data-start=\"1528\" data-end=\"1715\">Tapasztald meg <strong data-start=\"1536\" data-end=\"1560\">az akci\u00f3d\u00fas kalandot<\/strong>, ahol minden d\u00f6nt\u00e9s, k\u00e1rtya \u00e9s m\u00e1sodperc sz\u00e1m\u00edt. A <strong data-start=\"1618\" data-end=\"1632\">Moon Watch<\/strong> olyan goly\u00f3pokol, mint m\u00e9g soha &#8211; uralkodj a k\u00e1oszon, \u00e9s l\u00e9gy az id\u0151 ura!<\/p>\n<p data-start=\"1528\" data-end=\"1715\"><img decoding=\"async\" class=\"bb_img aligncenter\" src=\"https:\/\/shared.fastly.steamstatic.com\/store_item_assets\/steam\/apps\/2878030\/extras\/MWhorde.gif?t=1733569659\"><\/p>\n","protected":false},"excerpt":{"rendered":"<p>A <strong data-start=\"105\" data-end=\"119\">Moon Watch<\/strong> egy dinamikus <strong data-start=\"138\" data-end=\"165\">bullet hell deckbuilder<\/strong> j\u00e1t\u00e9k, ahol te ir\u00e1ny\u00edtod az id\u0151t, paklikat \u00e9p\u00edtesz \u00e9s s\u00f6t\u00e9t ellens\u00e9gekkel harcolsz. V\u00e1lassz h\u00e1rom egyedi karakter k\u00f6z\u00fcl, \u00e9s hozz l\u00e9tre puszt\u00edt\u00f3 kombin\u00e1ci\u00f3kat a k\u00e1rty\u00e1kb\u00f3l \u00e9s erekly\u00e9kb\u0151l. \u00c1ll\u00edtsd meg az id\u0151t, t\u00e9rj ki a l\u00f6ved\u00e9kek el\u0151l \u00e9s gy\u0151zd le az er\u0151s f\u0151n\u00f6k\u00f6ket. Kombin\u00e1ld a strat\u00e9gi\u00e1t \u00e9s az akci\u00f3t egyedi st\u00edlusban!   <\/p>\n<p>\ud83c\udf0d Glob\u00e1lis<br \/>\n\u2699\ufe0f Steam<br \/>\n\ud83d\udddd Digit\u00e1lis kulcs<\/p>\n","protected":false},"featured_media":35708,"template":"","meta":{"_acf_changed":false,"site-sidebar-layout":"default","site-content-layout":"","ast-site-content-layout":"default","site-content-style":"default","site-sidebar-style":"default","ast-global-header-display":"","ast-banner-title-visibility":"","ast-main-header-display":"","ast-hfb-above-header-display":"","ast-hfb-below-header-display":"","ast-hfb-mobile-header-display":"","site-post-title":"","ast-breadcrumbs-content":"","ast-featured-img":"","footer-sml-layout":"","ast-disable-related-posts":"","theme-transparent-header-meta":"default","adv-header-id-meta":"","stick-header-meta":"","header-above-stick-meta":"","header-main-stick-meta":"","header-below-stick-meta":"","astra-migrate-meta-layouts":"default","ast-page-background-enabled":"default","ast-page-background-meta":{"desktop":{"background-color":"var(--ast-global-color-4)","background-image":"","background-repeat":"repeat","background-position":"center center","background-size":"auto","background-attachment":"scroll","background-type":"","background-media":"","overlay-type":"","overlay-color":"","overlay-opacity":"","overlay-gradient":""},"tablet":{"background-color":"","background-image":"","background-repeat":"repeat","background-position":"center center","background-size":"auto","background-attachment":"scroll","background-type":"","background-media":"","overlay-type":"","overlay-color":"","overlay-opacity":"","overlay-gradient":""},"mobile":{"background-color":"","background-image":"","background-repeat":"repeat","background-position":"center center","background-size":"auto","background-attachment":"scroll","background-type":"","background-media":"","overlay-type":"","overlay-color":"","overlay-opacity":"","overlay-gradient":""}},"ast-content-background-meta":{"desktop":{"background-color":"var(--ast-global-color-5)","background-image":"","background-repeat":"repeat","background-position":"center center","background-size":"auto","background-attachment":"scroll","background-type":"","background-media":"","overlay-type":"","overlay-color":"","overlay-opacity":"","overlay-gradient":""},"tablet":{"background-color":"var(--ast-global-color-5)","background-image":"","background-repeat":"repeat","background-position":"center center","background-size":"auto","background-attachment":"scroll","background-type":"","background-media":"","overlay-type":"","overlay-color":"","overlay-opacity":"","overlay-gradient":""},"mobile":{"background-color":"var(--ast-global-color-5)","background-image":"","background-repeat":"repeat","background-position":"center center","background-size":"auto","background-attachment":"scroll","background-type":"","background-media":"","overlay-type":"","overlay-color":"","overlay-opacity":"","overlay-gradient":""}}},"product_brand":[],"product_cat":[371,369,392,378,498,364,386],"product_tag":[],"class_list":{"0":"post-35716","1":"product","2":"type-product","3":"status-publish","4":"has-post-thumbnail","6":"product_cat-akcio-jatekok","7":"product_cat-csarnokok","8":"product_cat-india","9":"product_cat-minden-digitalis-jatek","10":"product_cat-pretty-soon-hu","11":"product_cat-rpg-k","12":"product_cat-strategiai-jatekok","13":"desktop-align-left","14":"tablet-align-left","15":"mobile-align-left","17":"first","18":"instock","19":"virtual","20":"purchasable","21":"product-type-simple"},"acf":[],"yoast_head":"<!-- This site is optimized with the Yoast SEO Premium plugin v27.4 (Yoast SEO v27.4) - https:\/\/yoast.com\/product\/yoast-seo-premium-wordpress\/ -->\n<title>Moon Watch - Prismagamers.com<\/title>\n<meta name=\"description\" content=\"A Moon Watch egy dinamikus bullet hell deckbuilder j\u00e1t\u00e9k, ahol te ir\u00e1ny\u00edtod az id\u0151t, paklikat \u00e9p\u00edtesz \u00e9s s\u00f6t\u00e9t ellens\u00e9gekkel harcolsz. V\u00e1lassz h\u00e1rom egyedi karakter k\u00f6z\u00fcl, \u00e9s hozz l\u00e9tre puszt\u00edt\u00f3 kombin\u00e1ci\u00f3kat a k\u00e1rty\u00e1kb\u00f3l \u00e9s erekly\u00e9kb\u0151l. \u00c1ll\u00edtsd meg az id\u0151t, t\u00e9rj ki a l\u00f6ved\u00e9kek el\u0151l \u00e9s gy\u0151zd le az er\u0151s f\u0151n\u00f6k\u00f6ket. Kombin\u00e1ld a strat\u00e9gi\u00e1t \u00e9s az akci\u00f3t egyedi st\u00edlusban!   \ud83c\udf0d Glob\u00e1lis \u2699\ufe0f Steam \ud83d\udddd Digit\u00e1lis kulcs\" \/>\n<meta name=\"robots\" content=\"index, follow, max-snippet:-1, max-image-preview:large, max-video-preview:-1\" \/>\n<link rel=\"canonical\" href=\"https:\/\/prismagamers.com\/hu\/produkt\/moon-watch\/\" \/>\n<meta property=\"og:locale\" content=\"hu_HU\" \/>\n<meta property=\"og:type\" content=\"article\" \/>\n<meta property=\"og:title\" content=\"Moon Watch\" \/>\n<meta property=\"og:description\" content=\"A Moon Watch egy dinamikus bullet hell deckbuilder j\u00e1t\u00e9k, ahol te ir\u00e1ny\u00edtod az id\u0151t, paklikat \u00e9p\u00edtesz \u00e9s s\u00f6t\u00e9t ellens\u00e9gekkel harcolsz. V\u00e1lassz h\u00e1rom egyedi karakter k\u00f6z\u00fcl, \u00e9s hozz l\u00e9tre puszt\u00edt\u00f3 kombin\u00e1ci\u00f3kat a k\u00e1rty\u00e1kb\u00f3l \u00e9s erekly\u00e9kb\u0151l. \u00c1ll\u00edtsd meg az id\u0151t, t\u00e9rj ki a l\u00f6ved\u00e9kek el\u0151l \u00e9s gy\u0151zd le az er\u0151s f\u0151n\u00f6k\u00f6ket. Kombin\u00e1ld a strat\u00e9gi\u00e1t \u00e9s az akci\u00f3t egyedi st\u00edlusban!   \ud83c\udf0d Glob\u00e1lis \u2699\ufe0f Steam \ud83d\udddd Digit\u00e1lis kulcs\" \/>\n<meta property=\"og:url\" content=\"https:\/\/prismagamers.com\/hu\/produkt\/moon-watch\/\" \/>\n<meta property=\"og:site_name\" content=\"Prismagamers.com\" \/>\n<meta property=\"article:publisher\" content=\"https:\/\/www.facebook.com\/prismagamers\" \/>\n<meta property=\"article:modified_time\" content=\"2026-01-01T23:36:12+00:00\" \/>\n<meta property=\"og:image\" content=\"https:\/\/prismagamers.com\/wp-content\/uploads\/2025\/04\/library_600x900_2x-17.jpg\" \/>\n\t<meta property=\"og:image:width\" content=\"600\" \/>\n\t<meta property=\"og:image:height\" content=\"900\" \/>\n\t<meta property=\"og:image:type\" content=\"image\/jpeg\" \/>\n<meta name=\"twitter:card\" content=\"summary_large_image\" \/>\n<meta name=\"twitter:label1\" content=\"Becs\u00fclt olvas\u00e1si id\u0151\" \/>\n\t<meta name=\"twitter:data1\" content=\"2 perc\" \/>\n<script type=\"application\/ld+json\" class=\"yoast-schema-graph\">{\"@context\":\"https:\\\/\\\/schema.org\",\"@graph\":[{\"@type\":\"WebPage\",\"@id\":\"https:\\\/\\\/prismagamers.com\\\/hu\\\/produkt\\\/moon-watch\\\/\",\"url\":\"https:\\\/\\\/prismagamers.com\\\/hu\\\/produkt\\\/moon-watch\\\/\",\"name\":\"Moon Watch - Prismagamers.com\",\"isPartOf\":{\"@id\":\"https:\\\/\\\/prismagamers.com\\\/hu\\\/#website\"},\"primaryImageOfPage\":{\"@id\":\"https:\\\/\\\/prismagamers.com\\\/hu\\\/produkt\\\/moon-watch\\\/#primaryimage\"},\"image\":{\"@id\":\"https:\\\/\\\/prismagamers.com\\\/hu\\\/produkt\\\/moon-watch\\\/#primaryimage\"},\"thumbnailUrl\":\"https:\\\/\\\/prismagamers.com\\\/wp-content\\\/uploads\\\/2025\\\/04\\\/library_600x900_2x-17.jpg\",\"datePublished\":\"2025-04-08T17:16:24+00:00\",\"dateModified\":\"2026-01-01T23:36:12+00:00\",\"description\":\"A Moon Watch egy dinamikus bullet hell deckbuilder j\u00e1t\u00e9k, ahol te ir\u00e1ny\u00edtod az id\u0151t, paklikat \u00e9p\u00edtesz \u00e9s s\u00f6t\u00e9t ellens\u00e9gekkel harcolsz. V\u00e1lassz h\u00e1rom egyedi karakter k\u00f6z\u00fcl, \u00e9s hozz l\u00e9tre puszt\u00edt\u00f3 kombin\u00e1ci\u00f3kat a k\u00e1rty\u00e1kb\u00f3l \u00e9s erekly\u00e9kb\u0151l. \u00c1ll\u00edtsd meg az id\u0151t, t\u00e9rj ki a l\u00f6ved\u00e9kek el\u0151l \u00e9s gy\u0151zd le az er\u0151s f\u0151n\u00f6k\u00f6ket. Kombin\u00e1ld a strat\u00e9gi\u00e1t \u00e9s az akci\u00f3t egyedi st\u00edlusban! \ud83c\udf0d Glob\u00e1lis \u2699\ufe0f Steam \ud83d\udddd Digit\u00e1lis kulcs\",\"breadcrumb\":{\"@id\":\"https:\\\/\\\/prismagamers.com\\\/hu\\\/produkt\\\/moon-watch\\\/#breadcrumb\"},\"inLanguage\":\"hu\",\"potentialAction\":[{\"@type\":\"ReadAction\",\"target\":[\"https:\\\/\\\/prismagamers.com\\\/hu\\\/produkt\\\/moon-watch\\\/\"]}]},{\"@type\":\"ImageObject\",\"inLanguage\":\"hu\",\"@id\":\"https:\\\/\\\/prismagamers.com\\\/hu\\\/produkt\\\/moon-watch\\\/#primaryimage\",\"url\":\"https:\\\/\\\/prismagamers.com\\\/wp-content\\\/uploads\\\/2025\\\/04\\\/library_600x900_2x-17.jpg\",\"contentUrl\":\"https:\\\/\\\/prismagamers.com\\\/wp-content\\\/uploads\\\/2025\\\/04\\\/library_600x900_2x-17.jpg\",\"width\":600,\"height\":900,\"caption\":\"Moon Watch bor\u00edt\u00f3\"},{\"@type\":\"BreadcrumbList\",\"@id\":\"https:\\\/\\\/prismagamers.com\\\/hu\\\/produkt\\\/moon-watch\\\/#breadcrumb\",\"itemListElement\":[{\"@type\":\"ListItem\",\"position\":1,\"name\":\"Strona g\u0142\u00f3wna\",\"item\":\"https:\\\/\\\/prismagamers.com\\\/hu\\\/prismagamers\\\/\"},{\"@type\":\"ListItem\",\"position\":2,\"name\":\"Shop\",\"item\":\"https:\\\/\\\/prismagamers.com\\\/hu\\\/shop\\\/\"},{\"@type\":\"ListItem\",\"position\":3,\"name\":\"Moon Watch\"}]},{\"@type\":\"WebSite\",\"@id\":\"https:\\\/\\\/prismagamers.com\\\/hu\\\/#website\",\"url\":\"https:\\\/\\\/prismagamers.com\\\/hu\\\/\",\"name\":\"Prismagamers\",\"description\":\"Sklep z grami PC I Sklep klucze Steam\",\"publisher\":{\"@id\":\"https:\\\/\\\/prismagamers.com\\\/hu\\\/#organization\"},\"potentialAction\":[{\"@type\":\"SearchAction\",\"target\":{\"@type\":\"EntryPoint\",\"urlTemplate\":\"https:\\\/\\\/prismagamers.com\\\/hu\\\/?s={search_term_string}\"},\"query-input\":{\"@type\":\"PropertyValueSpecification\",\"valueRequired\":true,\"valueName\":\"search_term_string\"}}],\"inLanguage\":\"hu\"},{\"@type\":\"Organization\",\"@id\":\"https:\\\/\\\/prismagamers.com\\\/hu\\\/#organization\",\"name\":\"Prismagamers\",\"url\":\"https:\\\/\\\/prismagamers.com\\\/hu\\\/\",\"logo\":{\"@type\":\"ImageObject\",\"inLanguage\":\"hu\",\"@id\":\"https:\\\/\\\/prismagamers.com\\\/hu\\\/#\\\/schema\\\/logo\\\/image\\\/\",\"url\":\"https:\\\/\\\/prismagamers.com\\\/wp-content\\\/uploads\\\/2022\\\/04\\\/cropped-logo-Prismagamers-01-scaled-1.jpg\",\"contentUrl\":\"https:\\\/\\\/prismagamers.com\\\/wp-content\\\/uploads\\\/2022\\\/04\\\/cropped-logo-Prismagamers-01-scaled-1.jpg\",\"width\":512,\"height\":512,\"caption\":\"Prismagamers\"},\"image\":{\"@id\":\"https:\\\/\\\/prismagamers.com\\\/hu\\\/#\\\/schema\\\/logo\\\/image\\\/\"},\"sameAs\":[\"https:\\\/\\\/www.facebook.com\\\/prismagamers\",\"https:\\\/\\\/www.instagram.com\\\/prismagamers_grycyfrowe\\\/\"],\"description\":\"Prismagamers.com to dynamiczny sklep z grami cyfrowymi, stworzony z my\u015bl\u0105 o entuzjastach gier wideo. Nasza strona oferuje szerok\u0105 gam\u0119 gier komputerowych, w tym najnowsze tytu\u0142y, dobrze znane klasyki oraz gry stworzone przez niezale\u017cne studia Ca\u0142y czas d\u0105\u017cymy do rozszerzenia naszej oferty. Do\u0142\u0105cz do nas i sta\u0144 si\u0119 cz\u0119\u015bci\u0105 naszej rosn\u0105cej spo\u0142eczno\u015bci graczy!\",\"email\":\"shop@prismagamers.com\",\"telephone\":\"48795541705\",\"legalName\":\"East Caravan Maksym \u017bukow\",\"foundingDate\":\"2012-05-10\",\"vatID\":\"PL8943038612\",\"taxID\":\"PL8943038612\",\"numberOfEmployees\":{\"@type\":\"QuantitativeValue\",\"minValue\":\"11\",\"maxValue\":\"50\"}}]}<\/script>\n<!-- \/ Yoast SEO Premium plugin. -->","yoast_head_json":{"title":"Moon Watch - Prismagamers.com","description":"A Moon Watch egy dinamikus bullet hell deckbuilder j\u00e1t\u00e9k, ahol te ir\u00e1ny\u00edtod az id\u0151t, paklikat \u00e9p\u00edtesz \u00e9s s\u00f6t\u00e9t ellens\u00e9gekkel harcolsz. V\u00e1lassz h\u00e1rom egyedi karakter k\u00f6z\u00fcl, \u00e9s hozz l\u00e9tre puszt\u00edt\u00f3 kombin\u00e1ci\u00f3kat a k\u00e1rty\u00e1kb\u00f3l \u00e9s erekly\u00e9kb\u0151l. \u00c1ll\u00edtsd meg az id\u0151t, t\u00e9rj ki a l\u00f6ved\u00e9kek el\u0151l \u00e9s gy\u0151zd le az er\u0151s f\u0151n\u00f6k\u00f6ket. Kombin\u00e1ld a strat\u00e9gi\u00e1t \u00e9s az akci\u00f3t egyedi st\u00edlusban!   \ud83c\udf0d Glob\u00e1lis \u2699\ufe0f Steam \ud83d\udddd Digit\u00e1lis kulcs","robots":{"index":"index","follow":"follow","max-snippet":"max-snippet:-1","max-image-preview":"max-image-preview:large","max-video-preview":"max-video-preview:-1"},"canonical":"https:\/\/prismagamers.com\/hu\/produkt\/moon-watch\/","og_locale":"hu_HU","og_type":"article","og_title":"Moon Watch","og_description":"A Moon Watch egy dinamikus bullet hell deckbuilder j\u00e1t\u00e9k, ahol te ir\u00e1ny\u00edtod az id\u0151t, paklikat \u00e9p\u00edtesz \u00e9s s\u00f6t\u00e9t ellens\u00e9gekkel harcolsz. V\u00e1lassz h\u00e1rom egyedi karakter k\u00f6z\u00fcl, \u00e9s hozz l\u00e9tre puszt\u00edt\u00f3 kombin\u00e1ci\u00f3kat a k\u00e1rty\u00e1kb\u00f3l \u00e9s erekly\u00e9kb\u0151l. \u00c1ll\u00edtsd meg az id\u0151t, t\u00e9rj ki a l\u00f6ved\u00e9kek el\u0151l \u00e9s gy\u0151zd le az er\u0151s f\u0151n\u00f6k\u00f6ket. Kombin\u00e1ld a strat\u00e9gi\u00e1t \u00e9s az akci\u00f3t egyedi st\u00edlusban!   \ud83c\udf0d Glob\u00e1lis \u2699\ufe0f Steam \ud83d\udddd Digit\u00e1lis kulcs","og_url":"https:\/\/prismagamers.com\/hu\/produkt\/moon-watch\/","og_site_name":"Prismagamers.com","article_publisher":"https:\/\/www.facebook.com\/prismagamers","article_modified_time":"2026-01-01T23:36:12+00:00","og_image":[{"width":600,"height":900,"url":"https:\/\/prismagamers.com\/wp-content\/uploads\/2025\/04\/library_600x900_2x-17.jpg","type":"image\/jpeg"}],"twitter_card":"summary_large_image","twitter_misc":{"Becs\u00fclt olvas\u00e1si id\u0151":"2 perc"},"schema":{"@context":"https:\/\/schema.org","@graph":[{"@type":"WebPage","@id":"https:\/\/prismagamers.com\/hu\/produkt\/moon-watch\/","url":"https:\/\/prismagamers.com\/hu\/produkt\/moon-watch\/","name":"Moon Watch - Prismagamers.com","isPartOf":{"@id":"https:\/\/prismagamers.com\/hu\/#website"},"primaryImageOfPage":{"@id":"https:\/\/prismagamers.com\/hu\/produkt\/moon-watch\/#primaryimage"},"image":{"@id":"https:\/\/prismagamers.com\/hu\/produkt\/moon-watch\/#primaryimage"},"thumbnailUrl":"https:\/\/prismagamers.com\/wp-content\/uploads\/2025\/04\/library_600x900_2x-17.jpg","datePublished":"2025-04-08T17:16:24+00:00","dateModified":"2026-01-01T23:36:12+00:00","description":"A Moon Watch egy dinamikus bullet hell deckbuilder j\u00e1t\u00e9k, ahol te ir\u00e1ny\u00edtod az id\u0151t, paklikat \u00e9p\u00edtesz \u00e9s s\u00f6t\u00e9t ellens\u00e9gekkel harcolsz. V\u00e1lassz h\u00e1rom egyedi karakter k\u00f6z\u00fcl, \u00e9s hozz l\u00e9tre puszt\u00edt\u00f3 kombin\u00e1ci\u00f3kat a k\u00e1rty\u00e1kb\u00f3l \u00e9s erekly\u00e9kb\u0151l. \u00c1ll\u00edtsd meg az id\u0151t, t\u00e9rj ki a l\u00f6ved\u00e9kek el\u0151l \u00e9s gy\u0151zd le az er\u0151s f\u0151n\u00f6k\u00f6ket. Kombin\u00e1ld a strat\u00e9gi\u00e1t \u00e9s az akci\u00f3t egyedi st\u00edlusban! \ud83c\udf0d Glob\u00e1lis \u2699\ufe0f Steam \ud83d\udddd Digit\u00e1lis kulcs","breadcrumb":{"@id":"https:\/\/prismagamers.com\/hu\/produkt\/moon-watch\/#breadcrumb"},"inLanguage":"hu","potentialAction":[{"@type":"ReadAction","target":["https:\/\/prismagamers.com\/hu\/produkt\/moon-watch\/"]}]},{"@type":"ImageObject","inLanguage":"hu","@id":"https:\/\/prismagamers.com\/hu\/produkt\/moon-watch\/#primaryimage","url":"https:\/\/prismagamers.com\/wp-content\/uploads\/2025\/04\/library_600x900_2x-17.jpg","contentUrl":"https:\/\/prismagamers.com\/wp-content\/uploads\/2025\/04\/library_600x900_2x-17.jpg","width":600,"height":900,"caption":"Moon Watch bor\u00edt\u00f3"},{"@type":"BreadcrumbList","@id":"https:\/\/prismagamers.com\/hu\/produkt\/moon-watch\/#breadcrumb","itemListElement":[{"@type":"ListItem","position":1,"name":"Strona g\u0142\u00f3wna","item":"https:\/\/prismagamers.com\/hu\/prismagamers\/"},{"@type":"ListItem","position":2,"name":"Shop","item":"https:\/\/prismagamers.com\/hu\/shop\/"},{"@type":"ListItem","position":3,"name":"Moon Watch"}]},{"@type":"WebSite","@id":"https:\/\/prismagamers.com\/hu\/#website","url":"https:\/\/prismagamers.com\/hu\/","name":"Prismagamers","description":"Sklep z grami PC I Sklep klucze Steam","publisher":{"@id":"https:\/\/prismagamers.com\/hu\/#organization"},"potentialAction":[{"@type":"SearchAction","target":{"@type":"EntryPoint","urlTemplate":"https:\/\/prismagamers.com\/hu\/?s={search_term_string}"},"query-input":{"@type":"PropertyValueSpecification","valueRequired":true,"valueName":"search_term_string"}}],"inLanguage":"hu"},{"@type":"Organization","@id":"https:\/\/prismagamers.com\/hu\/#organization","name":"Prismagamers","url":"https:\/\/prismagamers.com\/hu\/","logo":{"@type":"ImageObject","inLanguage":"hu","@id":"https:\/\/prismagamers.com\/hu\/#\/schema\/logo\/image\/","url":"https:\/\/prismagamers.com\/wp-content\/uploads\/2022\/04\/cropped-logo-Prismagamers-01-scaled-1.jpg","contentUrl":"https:\/\/prismagamers.com\/wp-content\/uploads\/2022\/04\/cropped-logo-Prismagamers-01-scaled-1.jpg","width":512,"height":512,"caption":"Prismagamers"},"image":{"@id":"https:\/\/prismagamers.com\/hu\/#\/schema\/logo\/image\/"},"sameAs":["https:\/\/www.facebook.com\/prismagamers","https:\/\/www.instagram.com\/prismagamers_grycyfrowe\/"],"description":"Prismagamers.com to dynamiczny sklep z grami cyfrowymi, stworzony z my\u015bl\u0105 o entuzjastach gier wideo. Nasza strona oferuje szerok\u0105 gam\u0119 gier komputerowych, w tym najnowsze tytu\u0142y, dobrze znane klasyki oraz gry stworzone przez niezale\u017cne studia Ca\u0142y czas d\u0105\u017cymy do rozszerzenia naszej oferty. Do\u0142\u0105cz do nas i sta\u0144 si\u0119 cz\u0119\u015bci\u0105 naszej rosn\u0105cej spo\u0142eczno\u015bci graczy!","email":"shop@prismagamers.com","telephone":"48795541705","legalName":"East Caravan Maksym \u017bukow","foundingDate":"2012-05-10","vatID":"PL8943038612","taxID":"PL8943038612","numberOfEmployees":{"@type":"QuantitativeValue","minValue":"11","maxValue":"50"}}]}},"_links":{"self":[{"href":"https:\/\/prismagamers.com\/hu\/wp-json\/wp\/v2\/product\/35716","targetHints":{"allow":["GET"]}}],"collection":[{"href":"https:\/\/prismagamers.com\/hu\/wp-json\/wp\/v2\/product"}],"about":[{"href":"https:\/\/prismagamers.com\/hu\/wp-json\/wp\/v2\/types\/product"}],"wp:featuredmedia":[{"embeddable":true,"href":"https:\/\/prismagamers.com\/hu\/wp-json\/wp\/v2\/media\/35708"}],"wp:attachment":[{"href":"https:\/\/prismagamers.com\/hu\/wp-json\/wp\/v2\/media?parent=35716"}],"wp:term":[{"taxonomy":"product_brand","embeddable":true,"href":"https:\/\/prismagamers.com\/hu\/wp-json\/wp\/v2\/product_brand?post=35716"},{"taxonomy":"product_cat","embeddable":true,"href":"https:\/\/prismagamers.com\/hu\/wp-json\/wp\/v2\/product_cat?post=35716"},{"taxonomy":"product_tag","embeddable":true,"href":"https:\/\/prismagamers.com\/hu\/wp-json\/wp\/v2\/product_tag?post=35716"}],"curies":[{"name":"wp","href":"https:\/\/api.w.org\/{rel}","templated":true}]}}