{"id":35725,"date":"2025-04-08T19:29:33","date_gmt":"2025-04-08T17:29:33","guid":{"rendered":"https:\/\/prismagamers.com\/produkt\/verfarkas-az-apokalipszis-purgatorium\/"},"modified":"2026-01-02T00:36:12","modified_gmt":"2026-01-01T23:36:12","slug":"verfarkas-az-apokalipszis-purgatorium","status":"publish","type":"product","link":"https:\/\/prismagamers.com\/hu\/produkt\/verfarkas-az-apokalipszis-purgatorium\/","title":{"rendered":"Werewolf: The Apocalypse &#8211; Purgatory"},"content":{"rendered":"<h2 data-start=\"371\" data-end=\"416\"><strong data-start=\"374\" data-end=\"414\">V\u00e9rfarkas: Az apokalipszis &#8211; Purgat\u00f3rium<\/strong><\/h2>\n<h3 data-start=\"417\" data-end=\"470\">Egy s\u00f6t\u00e9t vizu\u00e1lis reg\u00e9ny RPG a s\u00f6t\u00e9ts\u00e9g vil\u00e1g\u00e1ban j\u00e1tsz\u00f3dik<\/h3>\n<p data-start=\"472\" data-end=\"818\"><strong data-start=\"472\" data-end=\"512\">A Werewolf: The Apocalypse &#8211; Purgatory<\/strong> egy hangulatos <strong data-start=\"528\" data-end=\"599\">narrat\u00edv j\u00e1t\u00e9k, amely a vizu\u00e1lis reg\u00e9nyt, a t\u00e1bl\u00e1s RPG-t \u00e9s a fantasy thrillert \u00f6tv\u00f6zi<\/strong>, \u00e9s a <strong data-start=\"631\" data-end=\"647\">World of Darkness<\/strong> ikonikus univerzum\u00e1ban j\u00e1tsz\u00f3dik. Vedd \u00e1t Samira, a v\u00e9rfarkas menek\u00fclt szerep\u00e9t, \u00e9s indulj el egy izgalmas utaz\u00e1sra \u00f6sszeesk\u00fcv\u00e9seken, sz\u00f6rnyeken \u00e9s saj\u00e1t traum\u00e1idon kereszt\u00fcl, mik\u00f6zben felfeded a brut\u00e1lis igazs\u00e1got az (un)emberi term\u00e9szetr\u0151l.<\/p>\n<hr class=\"\" data-start=\"820\" data-end=\"823\" \/>\n<h3 data-start=\"825\" data-end=\"851\">\ud83d\udd25 A j\u00e1t\u00e9k f\u0151bb jellemz\u0151i:<\/h3>\n<ul data-start=\"852\" data-end=\"1672\">\n<li data-start=\"852\" data-end=\"993\">\n<p data-start=\"854\" data-end=\"993\"><strong data-start=\"854\" data-end=\"899\">Nem line\u00e1ris t\u00f6rt\u00e9net t\u00f6bbf\u00e9le v\u00e9gkifejlettel<\/strong> &#8211; hozz olyan d\u00f6nt\u00e9seket, amelyek alak\u00edtj\u00e1k a t\u00f6rt\u00e9net menet\u00e9t, \u00e9s k\u00fcl\u00f6nb\u00f6z\u0151 utakhoz \u00e9s megold\u00e1sokhoz vezetnek.<\/p>\n<\/li>\n<li data-start=\"994\" data-end=\"1129\">\n<p data-start=\"996\" data-end=\"1129\"><strong data-start=\"996\" data-end=\"1026\">A nyomoz\u00e1s k\u00e9t \u00fatja<\/strong> &#8211; fedezz fel egy term\u00e9szetfeletti gyilkoss\u00e1got, vagy mer\u00fclj el m\u00e9lyebben a v\u00e9rfarkas ritu\u00e1l\u00e9k \u00e9s titkos falk\u00e1k vil\u00e1g\u00e1ban.<\/p>\n<\/li>\n<li data-start=\"1130\" data-end=\"1269\">\n<p data-start=\"1132\" data-end=\"1269\"><strong data-start=\"1132\" data-end=\"1163\">\u00d6t\u00f6dik kiad\u00e1s\u00fa RPG-mechanika<\/strong> &#8211; kezeld a d\u00fch\u00f6t, az akarater\u0151t, az eg\u00e9szs\u00e9get \u00e9s az egyedi v\u00e9rfarkas tulajdons\u00e1gokat a pap\u00edr alap\u00fa RPG-rendszerek m\u00f3dj\u00e1ra.<\/p>\n<\/li>\n<li data-start=\"1270\" data-end=\"1388\">\n<p data-start=\"1272\" data-end=\"1388\"><strong data-start=\"1272\" data-end=\"1301\">Er\u0151s narrat\u00edv \u00e9s mag\u00e1val ragad\u00f3<\/strong> &#8211; a lengyel-feh\u00e9rorosz hat\u00e1ron a v\u00e1ls\u00e1g, az identit\u00e1s \u00e9s a t\u00fal\u00e9l\u00e9s t\u00e9m\u00e1it j\u00e1rja k\u00f6r\u00fcl.<\/p>\n<\/li>\n<li data-start=\"1389\" data-end=\"1533\">\n<p data-start=\"1391\" data-end=\"1533\"><strong data-start=\"1391\" data-end=\"1428\">Minden j\u00e1t\u00e9kosra szabottan<\/strong> &#8211; a sz\u00f3szedet-rendszer \u00e9s a hozz\u00e1f\u00e9r\u00e9si lehet\u0151s\u00e9gek a sorozat rajong\u00f3i \u00e9s az \u00faj j\u00e1t\u00e9kosok sz\u00e1m\u00e1ra egyar\u00e1nt ide\u00e1lis j\u00e1t\u00e9kk\u00e1 teszik a j\u00e1t\u00e9kot.<\/p>\n<\/li>\n<li data-start=\"1534\" data-end=\"1672\">\n<p data-start=\"1536\" data-end=\"1672\"><strong data-start=\"1536\" data-end=\"1597\">A Werewolf: The Apocalypse &#8211; Heart of the Forest \u00e1ltal inspir\u00e1lt<\/strong> j\u00e1t\u00e9k az elismert c\u00edm hangulat\u00e1nak \u00e9s st\u00edlus\u00e1nak folytat\u00e1sa, de teljesen \u00f6n\u00e1ll\u00f3.<\/p>\n<\/li>\n<\/ul>\n<hr class=\"\" data-start=\"1674\" data-end=\"1677\" \/>\n<h3 data-start=\"1679\" data-end=\"1715\">K\u00e9szen \u00e1llsz arra, hogy elszabad\u00edtsd a vad\u00e1llatot?<\/h3>\n<p data-start=\"1717\" data-end=\"1916\">Mer\u00fclj el egy v\u00e1laszt\u00e1sokkal teli <strong data-start=\"1745\" data-end=\"1770\">vizu\u00e1lis reg\u00e9nyes RPG-ben<\/strong>, ahol minden d\u00f6nt\u00e9s sz\u00e1m\u00edt. Fedezd fel a <strong data-start=\"1829\" data-end=\"1845\">S\u00f6t\u00e9ts\u00e9g Vil\u00e1g\u00e1nak<\/strong> s\u00f6t\u00e9t titkait, n\u00e9zz szembe a d\u00e9monaiddal \u00e9s sz\u00e1llj szembe az \u00dcress\u00e9g legend\u00e1s uraival.<\/p>\n","protected":false},"excerpt":{"rendered":"<p class=\"\" data-start=\"61\" data-end=\"561\"><strong data-start=\"61\" data-end=\"101\">A Werewolf: The Apocalypse &#8211; Purgatory<\/strong> egy narrat\u00edv RPG, amely <strong data-start=\"154\" data-end=\"170\">a World of Darkness<\/strong> s\u00f6t\u00e9t univerzum\u00e1ban j\u00e1tsz\u00f3dik. Vedd \u00e1t Samira, az emberis\u00e9g hat\u00e1r\u00e1n \u00e1ll\u00f3 v\u00e9rfarkas szerep\u00e9t, \u00e9s hozz olyan d\u00f6nt\u00e9seket, amelyek alak\u00edtj\u00e1k a cselekm\u00e9nyt, a nyomoz\u00e1sokat \u00e9s a v\u00e9gkifejletet. A <strong data-start=\"318\" data-end=\"334\">vizu\u00e1lis reg\u00e9ny<\/strong>, a <strong data-start=\"336\" data-end=\"357\">fantasy thriller<\/strong> \u00e9s az <strong data-start=\"360\" data-end=\"391\">\u00f6t\u00f6dik kiad\u00e1s\u00fa t\u00e1bl\u00e1s RPG<\/strong> elemeit \u00f6tv\u00f6z\u0151 j\u00e1t\u00e9k m\u00e9ly, \u00e9rzelmes t\u00f6rt\u00e9netet k\u00edn\u00e1l a t\u00fal\u00e9l\u00e9sr\u0151l \u00e9s az identit\u00e1sr\u00f3l. Ide\u00e1lis a <strong data-start=\"481\" data-end=\"509\">Werewolf: The Apocalypse<\/strong> rajong\u00f3inak \u00e9s a hangulatos mes\u00e9re v\u00e1gy\u00f3 \u00faj j\u00e1t\u00e9kosoknak.<\/p>\n<p data-start=\"61\" data-end=\"561\">\ud83c\udf0d Glob\u00e1lis<br \/>\n\u2699\ufe0f Steam<br \/>\n\ud83d\udddd Digit\u00e1lis kulcs<\/p>\n","protected":false},"featured_media":35718,"template":"","meta":{"_acf_changed":false,"site-sidebar-layout":"default","site-content-layout":"","ast-site-content-layout":"default","site-content-style":"default","site-sidebar-style":"default","ast-global-header-display":"","ast-banner-title-visibility":"","ast-main-header-display":"","ast-hfb-above-header-display":"","ast-hfb-below-header-display":"","ast-hfb-mobile-header-display":"","site-post-title":"","ast-breadcrumbs-content":"","ast-featured-img":"","footer-sml-layout":"","ast-disable-related-posts":"","theme-transparent-header-meta":"default","adv-header-id-meta":"","stick-header-meta":"","header-above-stick-meta":"","header-main-stick-meta":"","header-below-stick-meta":"","astra-migrate-meta-layouts":"set","ast-page-background-enabled":"default","ast-page-background-meta":{"desktop":{"background-color":"var(--ast-global-color-4)","background-image":"","background-repeat":"repeat","background-position":"center center","background-size":"auto","background-attachment":"scroll","background-type":"","background-media":"","overlay-type":"","overlay-color":"","overlay-opacity":"","overlay-gradient":""},"tablet":{"background-color":"","background-image":"","background-repeat":"repeat","background-position":"center center","background-size":"auto","background-attachment":"scroll","background-type":"","background-media":"","overlay-type":"","overlay-color":"","overlay-opacity":"","overlay-gradient":""},"mobile":{"background-color":"","background-image":"","background-repeat":"repeat","background-position":"center center","background-size":"auto","background-attachment":"scroll","background-type":"","background-media":"","overlay-type":"","overlay-color":"","overlay-opacity":"","overlay-gradient":""}},"ast-content-background-meta":{"desktop":{"background-color":"var(--ast-global-color-5)","background-image":"","background-repeat":"repeat","background-position":"center center","background-size":"auto","background-attachment":"scroll","background-type":"","background-media":"","overlay-type":"","overlay-color":"","overlay-opacity":"","overlay-gradient":""},"tablet":{"background-color":"var(--ast-global-color-5)","background-image":"","background-repeat":"repeat","background-position":"center center","background-size":"auto","background-attachment":"scroll","background-type":"","background-media":"","overlay-type":"","overlay-color":"","overlay-opacity":"","overlay-gradient":""},"mobile":{"background-color":"var(--ast-global-color-5)","background-image":"","background-repeat":"repeat","background-position":"center center","background-size":"auto","background-attachment":"scroll","background-type":"","background-media":"","overlay-type":"","overlay-color":"","overlay-opacity":"","overlay-gradient":""}}},"product_brand":[],"product_cat":[371,369,365,363,378,498,364],"product_tag":[],"class_list":{"0":"post-35725","1":"product","2":"type-product","3":"status-publish","4":"has-post-thumbnail","6":"product_cat-akcio-jatekok","7":"product_cat-csarnokok","8":"product_cat-goz","9":"product_cat-kaland-jatekok","10":"product_cat-minden-digitalis-jatek","11":"product_cat-pretty-soon-hu","12":"product_cat-rpg-k","13":"desktop-align-left","14":"tablet-align-left","15":"mobile-align-left","17":"first","18":"instock","19":"virtual","20":"purchasable","21":"product-type-simple"},"acf":[],"yoast_head":"<!-- This site is optimized with the Yoast SEO Premium plugin v27.4 (Yoast SEO v27.4) - https:\/\/yoast.com\/product\/yoast-seo-premium-wordpress\/ -->\n<title>Werewolf: The Apocalypse - Purgatory - Prismagamers.com<\/title>\n<meta name=\"description\" content=\"A Werewolf: The Apocalypse - Purgatory egy narrat\u00edv RPG, amely a World of Darkness s\u00f6t\u00e9t univerzum\u00e1ban j\u00e1tsz\u00f3dik. Vedd \u00e1t Samira, az emberis\u00e9g hat\u00e1r\u00e1n \u00e1ll\u00f3 v\u00e9rfarkas szerep\u00e9t, \u00e9s hozz olyan d\u00f6nt\u00e9seket, amelyek alak\u00edtj\u00e1k a cselekm\u00e9nyt, a nyomoz\u00e1sokat \u00e9s a v\u00e9gkifejletet. A vizu\u00e1lis reg\u00e9ny, a fantasy thriller \u00e9s az \u00f6t\u00f6dik kiad\u00e1s\u00fa t\u00e1bl\u00e1s RPG elemeit \u00f6tv\u00f6z\u0151 j\u00e1t\u00e9k m\u00e9ly, \u00e9rzelmes t\u00f6rt\u00e9netet k\u00edn\u00e1l a t\u00fal\u00e9l\u00e9sr\u0151l \u00e9s az identit\u00e1sr\u00f3l. Ide\u00e1lis a Werewolf: The Apocalypse rajong\u00f3inak \u00e9s a hangulatos mes\u00e9re v\u00e1gy\u00f3 \u00faj j\u00e1t\u00e9kosoknak. \ud83c\udf0d Glob\u00e1lis \u2699\ufe0f Steam \ud83d\udddd Digit\u00e1lis kulcs\" \/>\n<meta name=\"robots\" content=\"index, follow, max-snippet:-1, max-image-preview:large, max-video-preview:-1\" \/>\n<link rel=\"canonical\" href=\"https:\/\/prismagamers.com\/hu\/produkt\/verfarkas-az-apokalipszis-purgatorium\/\" \/>\n<meta property=\"og:locale\" content=\"hu_HU\" \/>\n<meta property=\"og:type\" content=\"article\" \/>\n<meta property=\"og:title\" content=\"Werewolf: The Apocalypse - Purgatory\" \/>\n<meta property=\"og:description\" content=\"A Werewolf: The Apocalypse - Purgatory egy narrat\u00edv RPG, amely a World of Darkness s\u00f6t\u00e9t univerzum\u00e1ban j\u00e1tsz\u00f3dik. Vedd \u00e1t Samira, az emberis\u00e9g hat\u00e1r\u00e1n \u00e1ll\u00f3 v\u00e9rfarkas szerep\u00e9t, \u00e9s hozz olyan d\u00f6nt\u00e9seket, amelyek alak\u00edtj\u00e1k a cselekm\u00e9nyt, a nyomoz\u00e1sokat \u00e9s a v\u00e9gkifejletet. A vizu\u00e1lis reg\u00e9ny, a fantasy thriller \u00e9s az \u00f6t\u00f6dik kiad\u00e1s\u00fa t\u00e1bl\u00e1s RPG elemeit \u00f6tv\u00f6z\u0151 j\u00e1t\u00e9k m\u00e9ly, \u00e9rzelmes t\u00f6rt\u00e9netet k\u00edn\u00e1l a t\u00fal\u00e9l\u00e9sr\u0151l \u00e9s az identit\u00e1sr\u00f3l. Ide\u00e1lis a Werewolf: The Apocalypse rajong\u00f3inak \u00e9s a hangulatos mes\u00e9re v\u00e1gy\u00f3 \u00faj j\u00e1t\u00e9kosoknak. \ud83c\udf0d Glob\u00e1lis \u2699\ufe0f Steam \ud83d\udddd Digit\u00e1lis kulcs\" \/>\n<meta property=\"og:url\" content=\"https:\/\/prismagamers.com\/hu\/produkt\/verfarkas-az-apokalipszis-purgatorium\/\" \/>\n<meta property=\"og:site_name\" content=\"Prismagamers.com\" \/>\n<meta property=\"article:publisher\" content=\"https:\/\/www.facebook.com\/prismagamers\" \/>\n<meta property=\"article:modified_time\" content=\"2026-01-01T23:36:12+00:00\" \/>\n<meta property=\"og:image\" content=\"https:\/\/prismagamers.com\/wp-content\/uploads\/2025\/04\/library_600x900_2x-18-e1744274358744.jpg\" \/>\n\t<meta property=\"og:image:width\" content=\"600\" \/>\n\t<meta property=\"og:image:height\" content=\"900\" \/>\n\t<meta property=\"og:image:type\" content=\"image\/jpeg\" \/>\n<meta name=\"twitter:card\" content=\"summary_large_image\" \/>\n<meta name=\"twitter:label1\" content=\"Becs\u00fclt olvas\u00e1si id\u0151\" \/>\n\t<meta name=\"twitter:data1\" content=\"2 perc\" \/>\n<script type=\"application\/ld+json\" class=\"yoast-schema-graph\">{\"@context\":\"https:\\\/\\\/schema.org\",\"@graph\":[{\"@type\":\"WebPage\",\"@id\":\"https:\\\/\\\/prismagamers.com\\\/hu\\\/produkt\\\/verfarkas-az-apokalipszis-purgatorium\\\/\",\"url\":\"https:\\\/\\\/prismagamers.com\\\/hu\\\/produkt\\\/verfarkas-az-apokalipszis-purgatorium\\\/\",\"name\":\"Werewolf: The Apocalypse - Purgatory - Prismagamers.com\",\"isPartOf\":{\"@id\":\"https:\\\/\\\/prismagamers.com\\\/hu\\\/#website\"},\"primaryImageOfPage\":{\"@id\":\"https:\\\/\\\/prismagamers.com\\\/hu\\\/produkt\\\/verfarkas-az-apokalipszis-purgatorium\\\/#primaryimage\"},\"image\":{\"@id\":\"https:\\\/\\\/prismagamers.com\\\/hu\\\/produkt\\\/verfarkas-az-apokalipszis-purgatorium\\\/#primaryimage\"},\"thumbnailUrl\":\"https:\\\/\\\/prismagamers.com\\\/wp-content\\\/uploads\\\/2025\\\/04\\\/library_600x900_2x-18-e1744274358744.jpg\",\"datePublished\":\"2025-04-08T17:29:33+00:00\",\"dateModified\":\"2026-01-01T23:36:12+00:00\",\"description\":\"A Werewolf: The Apocalypse - Purgatory egy narrat\u00edv RPG, amely a World of Darkness s\u00f6t\u00e9t univerzum\u00e1ban j\u00e1tsz\u00f3dik. Vedd \u00e1t Samira, az emberis\u00e9g hat\u00e1r\u00e1n \u00e1ll\u00f3 v\u00e9rfarkas szerep\u00e9t, \u00e9s hozz olyan d\u00f6nt\u00e9seket, amelyek alak\u00edtj\u00e1k a cselekm\u00e9nyt, a nyomoz\u00e1sokat \u00e9s a v\u00e9gkifejletet. A vizu\u00e1lis reg\u00e9ny, a fantasy thriller \u00e9s az \u00f6t\u00f6dik kiad\u00e1s\u00fa t\u00e1bl\u00e1s RPG elemeit \u00f6tv\u00f6z\u0151 j\u00e1t\u00e9k m\u00e9ly, \u00e9rzelmes t\u00f6rt\u00e9netet k\u00edn\u00e1l a t\u00fal\u00e9l\u00e9sr\u0151l \u00e9s az identit\u00e1sr\u00f3l. Ide\u00e1lis a Werewolf: The Apocalypse rajong\u00f3inak \u00e9s a hangulatos mes\u00e9re v\u00e1gy\u00f3 \u00faj j\u00e1t\u00e9kosoknak. \ud83c\udf0d Glob\u00e1lis \u2699\ufe0f Steam \ud83d\udddd Digit\u00e1lis kulcs\",\"breadcrumb\":{\"@id\":\"https:\\\/\\\/prismagamers.com\\\/hu\\\/produkt\\\/verfarkas-az-apokalipszis-purgatorium\\\/#breadcrumb\"},\"inLanguage\":\"hu\",\"potentialAction\":[{\"@type\":\"ReadAction\",\"target\":[\"https:\\\/\\\/prismagamers.com\\\/hu\\\/produkt\\\/verfarkas-az-apokalipszis-purgatorium\\\/\"]}]},{\"@type\":\"ImageObject\",\"inLanguage\":\"hu\",\"@id\":\"https:\\\/\\\/prismagamers.com\\\/hu\\\/produkt\\\/verfarkas-az-apokalipszis-purgatorium\\\/#primaryimage\",\"url\":\"https:\\\/\\\/prismagamers.com\\\/wp-content\\\/uploads\\\/2025\\\/04\\\/library_600x900_2x-18-e1744274358744.jpg\",\"contentUrl\":\"https:\\\/\\\/prismagamers.com\\\/wp-content\\\/uploads\\\/2025\\\/04\\\/library_600x900_2x-18-e1744274358744.jpg\",\"width\":600,\"height\":900,\"caption\":\"V\u00e9rfarkas: Az apokalipszis dobozk\u00e9p\"},{\"@type\":\"BreadcrumbList\",\"@id\":\"https:\\\/\\\/prismagamers.com\\\/hu\\\/produkt\\\/verfarkas-az-apokalipszis-purgatorium\\\/#breadcrumb\",\"itemListElement\":[{\"@type\":\"ListItem\",\"position\":1,\"name\":\"Strona g\u0142\u00f3wna\",\"item\":\"https:\\\/\\\/prismagamers.com\\\/hu\\\/prismagamers\\\/\"},{\"@type\":\"ListItem\",\"position\":2,\"name\":\"Shop\",\"item\":\"https:\\\/\\\/prismagamers.com\\\/hu\\\/shop\\\/\"},{\"@type\":\"ListItem\",\"position\":3,\"name\":\"Werewolf: The Apocalypse &#8211; Purgatory\"}]},{\"@type\":\"WebSite\",\"@id\":\"https:\\\/\\\/prismagamers.com\\\/hu\\\/#website\",\"url\":\"https:\\\/\\\/prismagamers.com\\\/hu\\\/\",\"name\":\"Prismagamers\",\"description\":\"Sklep z grami PC I Sklep klucze Steam\",\"publisher\":{\"@id\":\"https:\\\/\\\/prismagamers.com\\\/hu\\\/#organization\"},\"potentialAction\":[{\"@type\":\"SearchAction\",\"target\":{\"@type\":\"EntryPoint\",\"urlTemplate\":\"https:\\\/\\\/prismagamers.com\\\/hu\\\/?s={search_term_string}\"},\"query-input\":{\"@type\":\"PropertyValueSpecification\",\"valueRequired\":true,\"valueName\":\"search_term_string\"}}],\"inLanguage\":\"hu\"},{\"@type\":\"Organization\",\"@id\":\"https:\\\/\\\/prismagamers.com\\\/hu\\\/#organization\",\"name\":\"Prismagamers\",\"url\":\"https:\\\/\\\/prismagamers.com\\\/hu\\\/\",\"logo\":{\"@type\":\"ImageObject\",\"inLanguage\":\"hu\",\"@id\":\"https:\\\/\\\/prismagamers.com\\\/hu\\\/#\\\/schema\\\/logo\\\/image\\\/\",\"url\":\"https:\\\/\\\/prismagamers.com\\\/wp-content\\\/uploads\\\/2022\\\/04\\\/cropped-logo-Prismagamers-01-scaled-1.jpg\",\"contentUrl\":\"https:\\\/\\\/prismagamers.com\\\/wp-content\\\/uploads\\\/2022\\\/04\\\/cropped-logo-Prismagamers-01-scaled-1.jpg\",\"width\":512,\"height\":512,\"caption\":\"Prismagamers\"},\"image\":{\"@id\":\"https:\\\/\\\/prismagamers.com\\\/hu\\\/#\\\/schema\\\/logo\\\/image\\\/\"},\"sameAs\":[\"https:\\\/\\\/www.facebook.com\\\/prismagamers\",\"https:\\\/\\\/www.instagram.com\\\/prismagamers_grycyfrowe\\\/\"],\"description\":\"Prismagamers.com to dynamiczny sklep z grami cyfrowymi, stworzony z my\u015bl\u0105 o entuzjastach gier wideo. Nasza strona oferuje szerok\u0105 gam\u0119 gier komputerowych, w tym najnowsze tytu\u0142y, dobrze znane klasyki oraz gry stworzone przez niezale\u017cne studia Ca\u0142y czas d\u0105\u017cymy do rozszerzenia naszej oferty. Do\u0142\u0105cz do nas i sta\u0144 si\u0119 cz\u0119\u015bci\u0105 naszej rosn\u0105cej spo\u0142eczno\u015bci graczy!\",\"email\":\"shop@prismagamers.com\",\"telephone\":\"48795541705\",\"legalName\":\"East Caravan Maksym \u017bukow\",\"foundingDate\":\"2012-05-10\",\"vatID\":\"PL8943038612\",\"taxID\":\"PL8943038612\",\"numberOfEmployees\":{\"@type\":\"QuantitativeValue\",\"minValue\":\"11\",\"maxValue\":\"50\"}}]}<\/script>\n<!-- \/ Yoast SEO Premium plugin. -->","yoast_head_json":{"title":"Werewolf: The Apocalypse - Purgatory - Prismagamers.com","description":"A Werewolf: The Apocalypse - Purgatory egy narrat\u00edv RPG, amely a World of Darkness s\u00f6t\u00e9t univerzum\u00e1ban j\u00e1tsz\u00f3dik. Vedd \u00e1t Samira, az emberis\u00e9g hat\u00e1r\u00e1n \u00e1ll\u00f3 v\u00e9rfarkas szerep\u00e9t, \u00e9s hozz olyan d\u00f6nt\u00e9seket, amelyek alak\u00edtj\u00e1k a cselekm\u00e9nyt, a nyomoz\u00e1sokat \u00e9s a v\u00e9gkifejletet. A vizu\u00e1lis reg\u00e9ny, a fantasy thriller \u00e9s az \u00f6t\u00f6dik kiad\u00e1s\u00fa t\u00e1bl\u00e1s RPG elemeit \u00f6tv\u00f6z\u0151 j\u00e1t\u00e9k m\u00e9ly, \u00e9rzelmes t\u00f6rt\u00e9netet k\u00edn\u00e1l a t\u00fal\u00e9l\u00e9sr\u0151l \u00e9s az identit\u00e1sr\u00f3l. Ide\u00e1lis a Werewolf: The Apocalypse rajong\u00f3inak \u00e9s a hangulatos mes\u00e9re v\u00e1gy\u00f3 \u00faj j\u00e1t\u00e9kosoknak. \ud83c\udf0d Glob\u00e1lis \u2699\ufe0f Steam \ud83d\udddd Digit\u00e1lis kulcs","robots":{"index":"index","follow":"follow","max-snippet":"max-snippet:-1","max-image-preview":"max-image-preview:large","max-video-preview":"max-video-preview:-1"},"canonical":"https:\/\/prismagamers.com\/hu\/produkt\/verfarkas-az-apokalipszis-purgatorium\/","og_locale":"hu_HU","og_type":"article","og_title":"Werewolf: The Apocalypse - Purgatory","og_description":"A Werewolf: The Apocalypse - Purgatory egy narrat\u00edv RPG, amely a World of Darkness s\u00f6t\u00e9t univerzum\u00e1ban j\u00e1tsz\u00f3dik. Vedd \u00e1t Samira, az emberis\u00e9g hat\u00e1r\u00e1n \u00e1ll\u00f3 v\u00e9rfarkas szerep\u00e9t, \u00e9s hozz olyan d\u00f6nt\u00e9seket, amelyek alak\u00edtj\u00e1k a cselekm\u00e9nyt, a nyomoz\u00e1sokat \u00e9s a v\u00e9gkifejletet. A vizu\u00e1lis reg\u00e9ny, a fantasy thriller \u00e9s az \u00f6t\u00f6dik kiad\u00e1s\u00fa t\u00e1bl\u00e1s RPG elemeit \u00f6tv\u00f6z\u0151 j\u00e1t\u00e9k m\u00e9ly, \u00e9rzelmes t\u00f6rt\u00e9netet k\u00edn\u00e1l a t\u00fal\u00e9l\u00e9sr\u0151l \u00e9s az identit\u00e1sr\u00f3l. Ide\u00e1lis a Werewolf: The Apocalypse rajong\u00f3inak \u00e9s a hangulatos mes\u00e9re v\u00e1gy\u00f3 \u00faj j\u00e1t\u00e9kosoknak. \ud83c\udf0d Glob\u00e1lis \u2699\ufe0f Steam \ud83d\udddd Digit\u00e1lis kulcs","og_url":"https:\/\/prismagamers.com\/hu\/produkt\/verfarkas-az-apokalipszis-purgatorium\/","og_site_name":"Prismagamers.com","article_publisher":"https:\/\/www.facebook.com\/prismagamers","article_modified_time":"2026-01-01T23:36:12+00:00","og_image":[{"width":600,"height":900,"url":"https:\/\/prismagamers.com\/wp-content\/uploads\/2025\/04\/library_600x900_2x-18-e1744274358744.jpg","type":"image\/jpeg"}],"twitter_card":"summary_large_image","twitter_misc":{"Becs\u00fclt olvas\u00e1si id\u0151":"2 perc"},"schema":{"@context":"https:\/\/schema.org","@graph":[{"@type":"WebPage","@id":"https:\/\/prismagamers.com\/hu\/produkt\/verfarkas-az-apokalipszis-purgatorium\/","url":"https:\/\/prismagamers.com\/hu\/produkt\/verfarkas-az-apokalipszis-purgatorium\/","name":"Werewolf: The Apocalypse - Purgatory - Prismagamers.com","isPartOf":{"@id":"https:\/\/prismagamers.com\/hu\/#website"},"primaryImageOfPage":{"@id":"https:\/\/prismagamers.com\/hu\/produkt\/verfarkas-az-apokalipszis-purgatorium\/#primaryimage"},"image":{"@id":"https:\/\/prismagamers.com\/hu\/produkt\/verfarkas-az-apokalipszis-purgatorium\/#primaryimage"},"thumbnailUrl":"https:\/\/prismagamers.com\/wp-content\/uploads\/2025\/04\/library_600x900_2x-18-e1744274358744.jpg","datePublished":"2025-04-08T17:29:33+00:00","dateModified":"2026-01-01T23:36:12+00:00","description":"A Werewolf: The Apocalypse - Purgatory egy narrat\u00edv RPG, amely a World of Darkness s\u00f6t\u00e9t univerzum\u00e1ban j\u00e1tsz\u00f3dik. Vedd \u00e1t Samira, az emberis\u00e9g hat\u00e1r\u00e1n \u00e1ll\u00f3 v\u00e9rfarkas szerep\u00e9t, \u00e9s hozz olyan d\u00f6nt\u00e9seket, amelyek alak\u00edtj\u00e1k a cselekm\u00e9nyt, a nyomoz\u00e1sokat \u00e9s a v\u00e9gkifejletet. A vizu\u00e1lis reg\u00e9ny, a fantasy thriller \u00e9s az \u00f6t\u00f6dik kiad\u00e1s\u00fa t\u00e1bl\u00e1s RPG elemeit \u00f6tv\u00f6z\u0151 j\u00e1t\u00e9k m\u00e9ly, \u00e9rzelmes t\u00f6rt\u00e9netet k\u00edn\u00e1l a t\u00fal\u00e9l\u00e9sr\u0151l \u00e9s az identit\u00e1sr\u00f3l. Ide\u00e1lis a Werewolf: The Apocalypse rajong\u00f3inak \u00e9s a hangulatos mes\u00e9re v\u00e1gy\u00f3 \u00faj j\u00e1t\u00e9kosoknak. \ud83c\udf0d Glob\u00e1lis \u2699\ufe0f Steam \ud83d\udddd Digit\u00e1lis kulcs","breadcrumb":{"@id":"https:\/\/prismagamers.com\/hu\/produkt\/verfarkas-az-apokalipszis-purgatorium\/#breadcrumb"},"inLanguage":"hu","potentialAction":[{"@type":"ReadAction","target":["https:\/\/prismagamers.com\/hu\/produkt\/verfarkas-az-apokalipszis-purgatorium\/"]}]},{"@type":"ImageObject","inLanguage":"hu","@id":"https:\/\/prismagamers.com\/hu\/produkt\/verfarkas-az-apokalipszis-purgatorium\/#primaryimage","url":"https:\/\/prismagamers.com\/wp-content\/uploads\/2025\/04\/library_600x900_2x-18-e1744274358744.jpg","contentUrl":"https:\/\/prismagamers.com\/wp-content\/uploads\/2025\/04\/library_600x900_2x-18-e1744274358744.jpg","width":600,"height":900,"caption":"V\u00e9rfarkas: Az apokalipszis dobozk\u00e9p"},{"@type":"BreadcrumbList","@id":"https:\/\/prismagamers.com\/hu\/produkt\/verfarkas-az-apokalipszis-purgatorium\/#breadcrumb","itemListElement":[{"@type":"ListItem","position":1,"name":"Strona g\u0142\u00f3wna","item":"https:\/\/prismagamers.com\/hu\/prismagamers\/"},{"@type":"ListItem","position":2,"name":"Shop","item":"https:\/\/prismagamers.com\/hu\/shop\/"},{"@type":"ListItem","position":3,"name":"Werewolf: The Apocalypse &#8211; Purgatory"}]},{"@type":"WebSite","@id":"https:\/\/prismagamers.com\/hu\/#website","url":"https:\/\/prismagamers.com\/hu\/","name":"Prismagamers","description":"Sklep z grami PC I Sklep klucze Steam","publisher":{"@id":"https:\/\/prismagamers.com\/hu\/#organization"},"potentialAction":[{"@type":"SearchAction","target":{"@type":"EntryPoint","urlTemplate":"https:\/\/prismagamers.com\/hu\/?s={search_term_string}"},"query-input":{"@type":"PropertyValueSpecification","valueRequired":true,"valueName":"search_term_string"}}],"inLanguage":"hu"},{"@type":"Organization","@id":"https:\/\/prismagamers.com\/hu\/#organization","name":"Prismagamers","url":"https:\/\/prismagamers.com\/hu\/","logo":{"@type":"ImageObject","inLanguage":"hu","@id":"https:\/\/prismagamers.com\/hu\/#\/schema\/logo\/image\/","url":"https:\/\/prismagamers.com\/wp-content\/uploads\/2022\/04\/cropped-logo-Prismagamers-01-scaled-1.jpg","contentUrl":"https:\/\/prismagamers.com\/wp-content\/uploads\/2022\/04\/cropped-logo-Prismagamers-01-scaled-1.jpg","width":512,"height":512,"caption":"Prismagamers"},"image":{"@id":"https:\/\/prismagamers.com\/hu\/#\/schema\/logo\/image\/"},"sameAs":["https:\/\/www.facebook.com\/prismagamers","https:\/\/www.instagram.com\/prismagamers_grycyfrowe\/"],"description":"Prismagamers.com to dynamiczny sklep z grami cyfrowymi, stworzony z my\u015bl\u0105 o entuzjastach gier wideo. Nasza strona oferuje szerok\u0105 gam\u0119 gier komputerowych, w tym najnowsze tytu\u0142y, dobrze znane klasyki oraz gry stworzone przez niezale\u017cne studia Ca\u0142y czas d\u0105\u017cymy do rozszerzenia naszej oferty. Do\u0142\u0105cz do nas i sta\u0144 si\u0119 cz\u0119\u015bci\u0105 naszej rosn\u0105cej spo\u0142eczno\u015bci graczy!","email":"shop@prismagamers.com","telephone":"48795541705","legalName":"East Caravan Maksym \u017bukow","foundingDate":"2012-05-10","vatID":"PL8943038612","taxID":"PL8943038612","numberOfEmployees":{"@type":"QuantitativeValue","minValue":"11","maxValue":"50"}}]}},"_links":{"self":[{"href":"https:\/\/prismagamers.com\/hu\/wp-json\/wp\/v2\/product\/35725","targetHints":{"allow":["GET"]}}],"collection":[{"href":"https:\/\/prismagamers.com\/hu\/wp-json\/wp\/v2\/product"}],"about":[{"href":"https:\/\/prismagamers.com\/hu\/wp-json\/wp\/v2\/types\/product"}],"wp:featuredmedia":[{"embeddable":true,"href":"https:\/\/prismagamers.com\/hu\/wp-json\/wp\/v2\/media\/35718"}],"wp:attachment":[{"href":"https:\/\/prismagamers.com\/hu\/wp-json\/wp\/v2\/media?parent=35725"}],"wp:term":[{"taxonomy":"product_brand","embeddable":true,"href":"https:\/\/prismagamers.com\/hu\/wp-json\/wp\/v2\/product_brand?post=35725"},{"taxonomy":"product_cat","embeddable":true,"href":"https:\/\/prismagamers.com\/hu\/wp-json\/wp\/v2\/product_cat?post=35725"},{"taxonomy":"product_tag","embeddable":true,"href":"https:\/\/prismagamers.com\/hu\/wp-json\/wp\/v2\/product_tag?post=35725"}],"curies":[{"name":"wp","href":"https:\/\/api.w.org\/{rel}","templated":true}]}}