{"id":35750,"date":"2025-04-08T19:43:03","date_gmt":"2025-04-08T17:43:03","guid":{"rendered":"https:\/\/prismagamers.com\/produkt\/havendock\/"},"modified":"2026-01-02T00:36:12","modified_gmt":"2026-01-01T23:36:12","slug":"havendock","status":"publish","type":"product","link":"https:\/\/prismagamers.com\/hu\/produkt\/havendock\/","title":{"rendered":"Havendock"},"content":{"rendered":"<h2 class=\"\" data-start=\"434\" data-end=\"508\"><strong data-start=\"437\" data-end=\"508\">Havendock &#8211; szimul\u00e1ci\u00f3s j\u00e1t\u00e9k a t\u00fal\u00e9l\u00e9sr\u0151l \u00e9s b\u00e1zis\u00e9p\u00edt\u00e9sr\u0151l az \u00f3ce\u00e1non<\/strong><\/h2>\n<p class=\"\" data-start=\"510\" data-end=\"866\">A <strong data-start=\"510\" data-end=\"523\">Havendock<\/strong> egy nyugodt, de addikt\u00edv <strong data-start=\"555\" data-end=\"633\">szimul\u00e1ci\u00f3s j\u00e1t\u00e9k a t\u00fal\u00e9l\u00e9s, az er\u0151forr\u00e1s-gazd\u00e1lkod\u00e1s \u00e9s a b\u00e1zis\u00e9p\u00edt\u00e9s elemeivel<\/strong>, amelyben a c\u00e9lod egy \u00f6nfenntart\u00f3 telep\u00fcl\u00e9s l\u00e9trehoz\u00e1sa a v\u00e9gtelen \u00f3ce\u00e1n k\u00f6zep\u00e9n. <strong data-start=\"725\" data-end=\"744\">Gy\u0171jts nyersanyagokat<\/strong>, <strong data-start=\"746\" data-end=\"755\">\u00e9p\u00edtkezz<\/strong>, <strong data-start=\"757\" data-end=\"766\">gazd\u00e1lkodj<\/strong>, <strong data-start=\"768\" data-end=\"790\">fogadj telepeseket<\/strong>, \u00e9s fejleszd a k\u00f6z\u00f6ss\u00e9gedet, l\u00e9trehozva <strong data-start=\"829\" data-end=\"865\">egy \u00e9lettel teli v\u00e1rost a v\u00edzen<\/strong>.<\/p>\n<p data-start=\"510\" data-end=\"866\"><img decoding=\"async\" class=\"bb_img aligncenter\" src=\"https:\/\/shared.fastly.steamstatic.com\/store_item_assets\/steam\/apps\/2020710\/extras\/01_build.gif?t=1743413663\"><\/p>\n<hr class=\"\" data-start=\"868\" data-end=\"871\">\n<h3 class=\"\" data-start=\"873\" data-end=\"895\">\ud83c\udf0a F\u0151bb jellemz\u0151k:<\/h3>\n<ul data-start=\"896\" data-end=\"1646\">\n<li class=\"\" data-start=\"896\" data-end=\"1010\">\n<p class=\"\" data-start=\"898\" data-end=\"1010\"><strong data-start=\"898\" data-end=\"932\">Ir\u00e1ny\u00edts egy kol\u00f3ni\u00e1t az \u00f3ce\u00e1non<\/strong> &#8211; gy\u0171jtsd \u00f6ssze az elsodr\u00f3d\u00f3 t\u00f6rmel\u00e9ket, gy\u00e1rts t\u00e1rgyakat \u00e9s fejleszd az infrastrukt\u00far\u00e1t.<\/p>\n<\/li>\n<li class=\"\" data-start=\"1011\" data-end=\"1121\">\n<p class=\"\" data-start=\"1013\" data-end=\"1121\"><strong data-start=\"1013\" data-end=\"1042\">Terjeszked\u00e9s \u00e9s automatiz\u00e1l\u00e1s<\/strong> &#8211; farmok, konyh\u00e1k, laborat\u00f3riumok \u00e9s robotok l\u00e9trehoz\u00e1sa, amelyek \u00e1tveszik a monoton feladatokat.<\/p>\n<\/li>\n<li class=\"\" data-start=\"1122\" data-end=\"1216\">\n<p class=\"\" data-start=\"1124\" data-end=\"1216\"><strong data-start=\"1124\" data-end=\"1158\">Telep\u00fcl\u0151k saj\u00e1t ig\u00e9nyeikkel<\/strong> &#8211; kezelj\u00e9k eg\u00e9szs\u00e9g\u00fcket, el\u00e9gedetts\u00e9g\u00fcket \u00e9s termel\u00e9kenys\u00e9g\u00fcket.<\/p>\n<\/li>\n<li class=\"\" data-start=\"1217\" data-end=\"1324\">\n<p class=\"\" data-start=\"1219\" data-end=\"1324\"><strong data-start=\"1219\" data-end=\"1248\">Fedezd fel a szigeteket \u00e9s a m\u00e9lys\u00e9get<\/strong> &#8211; \u00e9p\u00edts haj\u00f3kat, fedezz fel \u00faj ter\u00fcleteket \u00e9s mer\u00fclj er\u0151forr\u00e1sok\u00e9rt egy tengeralattj\u00e1r\u00f3val.<\/p>\n<\/li>\n<li class=\"\" data-start=\"1325\" data-end=\"1428\">\n<p class=\"\" data-start=\"1327\" data-end=\"1428\"><strong data-start=\"1327\" data-end=\"1357\">\u0150r\u00fclt tudom\u00e1ny \u00e9s m\u00e9rn\u00f6ki tudom\u00e1ny<\/strong> &#8211; az egyszer\u0171 g\u00e9pekt\u0151l az \u0171rrak\u00e9t\u00e1kig &#8211; \u00e9p\u00edts, amit csak akarsz.<\/p>\n<\/li>\n<li class=\"\" data-start=\"1429\" data-end=\"1518\">\n<p class=\"\" data-start=\"1431\" data-end=\"1518\"><strong data-start=\"1431\" data-end=\"1476\">Karakteralkot\u00e1s \u00e9s szabad telep\u00fcl\u00e9sfejleszt\u00e9s<\/strong> &#8211; \u00e9p\u00edtsd a saj\u00e1t st\u00edlusodban, a saj\u00e1t temp\u00f3dban.<\/p>\n<\/li>\n<li class=\"\" data-start=\"1519\" data-end=\"1646\">\n<p class=\"\" data-start=\"1521\" data-end=\"1646\"><strong data-start=\"1521\" data-end=\"1563\">K\u00eds\u00e9rleti online kooperat\u00edv m\u00f3d<\/strong> &#8211; b\u00f3nuszk\u00e9nt el\u00e9rhet\u0151, de nem garant\u00e1lt (egyj\u00e1t\u00e9kos j\u00e1t\u00e9k aj\u00e1nlott).<\/p>\n<\/li>\n<\/ul>\n<hr class=\"\" data-start=\"1648\" data-end=\"1651\">\n<h3 class=\"\" data-start=\"1653\" data-end=\"1686\">\ud83d\udde3\ufe0f Helysz\u00ednek \u00e9s k\u00f6z\u00f6ss\u00e9gek<\/h3>\n<p class=\"\" data-start=\"1688\" data-end=\"1861\">A k\u00f6z\u00f6ss\u00e9g r\u00e9szv\u00e9tel\u00e9nek k\u00f6sz\u00f6nhet\u0151en a j\u00e1t\u00e9kot sz\u00e1mos nyelvre leford\u00edtott\u00e1k, t\u00f6bbek k\u00f6z\u00f6tt <strong data-start=\"1774\" data-end=\"1860\">spanyol, thai, ukr\u00e1n, francia, n\u00e9met, jap\u00e1n, koreai \u00e9s k\u00ednai<\/strong> nyelvekre.<\/p>\n<hr class=\"\" data-start=\"1863\" data-end=\"1866\">\n<p class=\"\" data-start=\"1868\" data-end=\"2103\">\u00c9p\u00edtsd fel \u00e9letedet az \u00f3ce\u00e1non, bar\u00e1tkozz az \u00e1llatokkal, folytass tudom\u00e1nyos kutat\u00e1sokat, \u00e9s val\u00f3s\u00edtsd meg \u00e1lmodat egy f\u00fcggetlen, \u00f6nell\u00e1t\u00f3 telep\u00fcl\u00e9sr\u0151l. A <strong data-start=\"2017\" data-end=\"2030\">Havendock<\/strong> egy t\u00fal\u00e9l\u0151 homokoz\u00f3 sz\u00edvvel \u00e9s humorral &#8211; teremtsd meg saj\u00e1t ut\u00f3pi\u00e1dat a v\u00edzen!<\/p>\n<p data-start=\"1868\" data-end=\"2103\"><img decoding=\"async\" class=\"bb_img aligncenter\" src=\"https:\/\/shared.fastly.steamstatic.com\/store_item_assets\/steam\/apps\/2020710\/extras\/02_farm.gif?t=1743413663\"><\/p>\n","protected":false},"excerpt":{"rendered":"<p>A <strong data-start=\"60\" data-end=\"73\">Havendock<\/strong> egy kreat\u00edv szimul\u00e1ci\u00f3s j\u00e1t\u00e9k a <strong data-start=\"116\" data-end=\"165\">t\u00fal\u00e9l\u00e9s, az er\u0151forr\u00e1s-gazd\u00e1lkod\u00e1s \u00e9s az<\/strong> \u00f3ce\u00e1ni <strong data-start=\"116\" data-end=\"165\">b\u00e1zis\u00e9p\u00edt\u00e9s<\/strong> elemeivel. Gy\u0171jts nyersanyagokat, b\u0151v\u00edtsd a telep\u00fcl\u00e9sedet, automatiz\u00e1ld a termel\u00e9st \u00e9s fogadj \u00faj telepeseket. Fedezd fel a szigeteket, v\u00e9gezz tudom\u00e1nyos kutat\u00e1sokat \u00e9s fedezd fel az \u0151r\u00fclt m\u00e9rn\u00f6ki tudom\u00e1nyokat &#8211; a k\u00e1v\u00e9f\u0151z\u0151kt\u0151l a tengeralattj\u00e1r\u00f3kig \u00e9s rak\u00e9t\u00e1kig. Mer\u00fclj el a v\u00edzi \u00e9let nyugodt, de mag\u00e1val ragad\u00f3 vil\u00e1g\u00e1ban.   <\/p>\n<p>\ud83c\udf0d Glob\u00e1lis<br \/>\n\u2699\ufe0f Steam<br \/>\n\ud83d\udddd Digit\u00e1lis kulcs<\/p>\n","protected":false},"featured_media":35729,"template":"","meta":{"_acf_changed":false,"site-sidebar-layout":"default","site-content-layout":"","ast-site-content-layout":"default","site-content-style":"default","site-sidebar-style":"default","ast-global-header-display":"","ast-banner-title-visibility":"","ast-main-header-display":"","ast-hfb-above-header-display":"","ast-hfb-below-header-display":"","ast-hfb-mobile-header-display":"","site-post-title":"","ast-breadcrumbs-content":"","ast-featured-img":"","footer-sml-layout":"","ast-disable-related-posts":"","theme-transparent-header-meta":"default","adv-header-id-meta":"","stick-header-meta":"","header-above-stick-meta":"","header-main-stick-meta":"","header-below-stick-meta":"","astra-migrate-meta-layouts":"default","ast-page-background-enabled":"default","ast-page-background-meta":{"desktop":{"background-color":"var(--ast-global-color-4)","background-image":"","background-repeat":"repeat","background-position":"center center","background-size":"auto","background-attachment":"scroll","background-type":"","background-media":"","overlay-type":"","overlay-color":"","overlay-opacity":"","overlay-gradient":""},"tablet":{"background-color":"","background-image":"","background-repeat":"repeat","background-position":"center center","background-size":"auto","background-attachment":"scroll","background-type":"","background-media":"","overlay-type":"","overlay-color":"","overlay-opacity":"","overlay-gradient":""},"mobile":{"background-color":"","background-image":"","background-repeat":"repeat","background-position":"center center","background-size":"auto","background-attachment":"scroll","background-type":"","background-media":"","overlay-type":"","overlay-color":"","overlay-opacity":"","overlay-gradient":""}},"ast-content-background-meta":{"desktop":{"background-color":"var(--ast-global-color-5)","background-image":"","background-repeat":"repeat","background-position":"center center","background-size":"auto","background-attachment":"scroll","background-type":"","background-media":"","overlay-type":"","overlay-color":"","overlay-opacity":"","overlay-gradient":""},"tablet":{"background-color":"var(--ast-global-color-5)","background-image":"","background-repeat":"repeat","background-position":"center center","background-size":"auto","background-attachment":"scroll","background-type":"","background-media":"","overlay-type":"","overlay-color":"","overlay-opacity":"","overlay-gradient":""},"mobile":{"background-color":"var(--ast-global-color-5)","background-image":"","background-repeat":"repeat","background-position":"center center","background-size":"auto","background-attachment":"scroll","background-type":"","background-media":"","overlay-type":"","overlay-color":"","overlay-opacity":"","overlay-gradient":""}}},"product_brand":[],"product_cat":[369,365,392,372,378,498,386],"product_tag":[],"class_list":{"0":"post-35750","1":"product","2":"type-product","3":"status-publish","4":"has-post-thumbnail","6":"product_cat-csarnokok","7":"product_cat-goz","8":"product_cat-india","9":"product_cat-jatekok-szimulatorok","10":"product_cat-minden-digitalis-jatek","11":"product_cat-pretty-soon-hu","12":"product_cat-strategiai-jatekok","13":"desktop-align-left","14":"tablet-align-left","15":"mobile-align-left","17":"first","18":"instock","19":"virtual","20":"purchasable","21":"product-type-simple"},"acf":[],"yoast_head":"<!-- This site is optimized with the Yoast SEO Premium plugin v27.4 (Yoast SEO v27.4) - https:\/\/yoast.com\/product\/yoast-seo-premium-wordpress\/ -->\n<title>Havendock - Prismagamers.com<\/title>\n<meta name=\"description\" content=\"A Havendock egy kreat\u00edv szimul\u00e1ci\u00f3s j\u00e1t\u00e9k a t\u00fal\u00e9l\u00e9s, az er\u0151forr\u00e1s-gazd\u00e1lkod\u00e1s \u00e9s az \u00f3ce\u00e1ni b\u00e1zis\u00e9p\u00edt\u00e9s elemeivel. Gy\u0171jts nyersanyagokat, b\u0151v\u00edtsd a telep\u00fcl\u00e9sedet, automatiz\u00e1ld a termel\u00e9st \u00e9s fogadj \u00faj telepeseket. Fedezd fel a szigeteket, v\u00e9gezz tudom\u00e1nyos kutat\u00e1sokat \u00e9s fedezd fel az \u0151r\u00fclt m\u00e9rn\u00f6ki tudom\u00e1nyokat - a k\u00e1v\u00e9f\u0151z\u0151kt\u0151l a tengeralattj\u00e1r\u00f3kig \u00e9s rak\u00e9t\u00e1kig. Mer\u00fclj el a v\u00edzi \u00e9let nyugodt, de mag\u00e1val ragad\u00f3 vil\u00e1g\u00e1ban.   \ud83c\udf0d Glob\u00e1lis \u2699\ufe0f Steam \ud83d\udddd Digit\u00e1lis kulcs\" \/>\n<meta name=\"robots\" content=\"index, follow, max-snippet:-1, max-image-preview:large, max-video-preview:-1\" \/>\n<link rel=\"canonical\" href=\"https:\/\/prismagamers.com\/hu\/produkt\/havendock\/\" \/>\n<meta property=\"og:locale\" content=\"hu_HU\" \/>\n<meta property=\"og:type\" content=\"article\" \/>\n<meta property=\"og:title\" content=\"Havendock\" \/>\n<meta property=\"og:description\" content=\"A Havendock egy kreat\u00edv szimul\u00e1ci\u00f3s j\u00e1t\u00e9k a t\u00fal\u00e9l\u00e9s, az er\u0151forr\u00e1s-gazd\u00e1lkod\u00e1s \u00e9s az \u00f3ce\u00e1ni b\u00e1zis\u00e9p\u00edt\u00e9s elemeivel. Gy\u0171jts nyersanyagokat, b\u0151v\u00edtsd a telep\u00fcl\u00e9sedet, automatiz\u00e1ld a termel\u00e9st \u00e9s fogadj \u00faj telepeseket. Fedezd fel a szigeteket, v\u00e9gezz tudom\u00e1nyos kutat\u00e1sokat \u00e9s fedezd fel az \u0151r\u00fclt m\u00e9rn\u00f6ki tudom\u00e1nyokat - a k\u00e1v\u00e9f\u0151z\u0151kt\u0151l a tengeralattj\u00e1r\u00f3kig \u00e9s rak\u00e9t\u00e1kig. Mer\u00fclj el a v\u00edzi \u00e9let nyugodt, de mag\u00e1val ragad\u00f3 vil\u00e1g\u00e1ban.   \ud83c\udf0d Glob\u00e1lis \u2699\ufe0f Steam \ud83d\udddd Digit\u00e1lis kulcs\" \/>\n<meta property=\"og:url\" content=\"https:\/\/prismagamers.com\/hu\/produkt\/havendock\/\" \/>\n<meta property=\"og:site_name\" content=\"Prismagamers.com\" \/>\n<meta property=\"article:publisher\" content=\"https:\/\/www.facebook.com\/prismagamers\" \/>\n<meta property=\"article:modified_time\" content=\"2026-01-01T23:36:12+00:00\" \/>\n<meta property=\"og:image\" content=\"https:\/\/prismagamers.com\/wp-content\/uploads\/2025\/04\/library_600x900_2x-19.jpg\" \/>\n\t<meta property=\"og:image:width\" content=\"600\" \/>\n\t<meta property=\"og:image:height\" content=\"900\" \/>\n\t<meta property=\"og:image:type\" content=\"image\/jpeg\" \/>\n<meta name=\"twitter:card\" content=\"summary_large_image\" \/>\n<meta name=\"twitter:label1\" content=\"Becs\u00fclt olvas\u00e1si id\u0151\" \/>\n\t<meta name=\"twitter:data1\" content=\"2 perc\" \/>\n<script type=\"application\/ld+json\" class=\"yoast-schema-graph\">{\"@context\":\"https:\\\/\\\/schema.org\",\"@graph\":[{\"@type\":\"WebPage\",\"@id\":\"https:\\\/\\\/prismagamers.com\\\/hu\\\/produkt\\\/havendock\\\/\",\"url\":\"https:\\\/\\\/prismagamers.com\\\/hu\\\/produkt\\\/havendock\\\/\",\"name\":\"Havendock - Prismagamers.com\",\"isPartOf\":{\"@id\":\"https:\\\/\\\/prismagamers.com\\\/hu\\\/#website\"},\"primaryImageOfPage\":{\"@id\":\"https:\\\/\\\/prismagamers.com\\\/hu\\\/produkt\\\/havendock\\\/#primaryimage\"},\"image\":{\"@id\":\"https:\\\/\\\/prismagamers.com\\\/hu\\\/produkt\\\/havendock\\\/#primaryimage\"},\"thumbnailUrl\":\"https:\\\/\\\/prismagamers.com\\\/wp-content\\\/uploads\\\/2025\\\/04\\\/library_600x900_2x-19.jpg\",\"datePublished\":\"2025-04-08T17:43:03+00:00\",\"dateModified\":\"2026-01-01T23:36:12+00:00\",\"description\":\"A Havendock egy kreat\u00edv szimul\u00e1ci\u00f3s j\u00e1t\u00e9k a t\u00fal\u00e9l\u00e9s, az er\u0151forr\u00e1s-gazd\u00e1lkod\u00e1s \u00e9s az \u00f3ce\u00e1ni b\u00e1zis\u00e9p\u00edt\u00e9s elemeivel. Gy\u0171jts nyersanyagokat, b\u0151v\u00edtsd a telep\u00fcl\u00e9sedet, automatiz\u00e1ld a termel\u00e9st \u00e9s fogadj \u00faj telepeseket. Fedezd fel a szigeteket, v\u00e9gezz tudom\u00e1nyos kutat\u00e1sokat \u00e9s fedezd fel az \u0151r\u00fclt m\u00e9rn\u00f6ki tudom\u00e1nyokat - a k\u00e1v\u00e9f\u0151z\u0151kt\u0151l a tengeralattj\u00e1r\u00f3kig \u00e9s rak\u00e9t\u00e1kig. Mer\u00fclj el a v\u00edzi \u00e9let nyugodt, de mag\u00e1val ragad\u00f3 vil\u00e1g\u00e1ban. \ud83c\udf0d Glob\u00e1lis \u2699\ufe0f Steam \ud83d\udddd Digit\u00e1lis kulcs\",\"breadcrumb\":{\"@id\":\"https:\\\/\\\/prismagamers.com\\\/hu\\\/produkt\\\/havendock\\\/#breadcrumb\"},\"inLanguage\":\"hu\",\"potentialAction\":[{\"@type\":\"ReadAction\",\"target\":[\"https:\\\/\\\/prismagamers.com\\\/hu\\\/produkt\\\/havendock\\\/\"]}]},{\"@type\":\"ImageObject\",\"inLanguage\":\"hu\",\"@id\":\"https:\\\/\\\/prismagamers.com\\\/hu\\\/produkt\\\/havendock\\\/#primaryimage\",\"url\":\"https:\\\/\\\/prismagamers.com\\\/wp-content\\\/uploads\\\/2025\\\/04\\\/library_600x900_2x-19.jpg\",\"contentUrl\":\"https:\\\/\\\/prismagamers.com\\\/wp-content\\\/uploads\\\/2025\\\/04\\\/library_600x900_2x-19.jpg\",\"width\":600,\"height\":900,\"caption\":\"Havendock boxshot\"},{\"@type\":\"BreadcrumbList\",\"@id\":\"https:\\\/\\\/prismagamers.com\\\/hu\\\/produkt\\\/havendock\\\/#breadcrumb\",\"itemListElement\":[{\"@type\":\"ListItem\",\"position\":1,\"name\":\"Strona g\u0142\u00f3wna\",\"item\":\"https:\\\/\\\/prismagamers.com\\\/hu\\\/prismagamers\\\/\"},{\"@type\":\"ListItem\",\"position\":2,\"name\":\"Shop\",\"item\":\"https:\\\/\\\/prismagamers.com\\\/hu\\\/shop\\\/\"},{\"@type\":\"ListItem\",\"position\":3,\"name\":\"Havendock\"}]},{\"@type\":\"WebSite\",\"@id\":\"https:\\\/\\\/prismagamers.com\\\/hu\\\/#website\",\"url\":\"https:\\\/\\\/prismagamers.com\\\/hu\\\/\",\"name\":\"Prismagamers\",\"description\":\"Sklep z grami PC I Sklep klucze Steam\",\"publisher\":{\"@id\":\"https:\\\/\\\/prismagamers.com\\\/hu\\\/#organization\"},\"potentialAction\":[{\"@type\":\"SearchAction\",\"target\":{\"@type\":\"EntryPoint\",\"urlTemplate\":\"https:\\\/\\\/prismagamers.com\\\/hu\\\/?s={search_term_string}\"},\"query-input\":{\"@type\":\"PropertyValueSpecification\",\"valueRequired\":true,\"valueName\":\"search_term_string\"}}],\"inLanguage\":\"hu\"},{\"@type\":\"Organization\",\"@id\":\"https:\\\/\\\/prismagamers.com\\\/hu\\\/#organization\",\"name\":\"Prismagamers\",\"url\":\"https:\\\/\\\/prismagamers.com\\\/hu\\\/\",\"logo\":{\"@type\":\"ImageObject\",\"inLanguage\":\"hu\",\"@id\":\"https:\\\/\\\/prismagamers.com\\\/hu\\\/#\\\/schema\\\/logo\\\/image\\\/\",\"url\":\"https:\\\/\\\/prismagamers.com\\\/wp-content\\\/uploads\\\/2022\\\/04\\\/cropped-logo-Prismagamers-01-scaled-1.jpg\",\"contentUrl\":\"https:\\\/\\\/prismagamers.com\\\/wp-content\\\/uploads\\\/2022\\\/04\\\/cropped-logo-Prismagamers-01-scaled-1.jpg\",\"width\":512,\"height\":512,\"caption\":\"Prismagamers\"},\"image\":{\"@id\":\"https:\\\/\\\/prismagamers.com\\\/hu\\\/#\\\/schema\\\/logo\\\/image\\\/\"},\"sameAs\":[\"https:\\\/\\\/www.facebook.com\\\/prismagamers\",\"https:\\\/\\\/www.instagram.com\\\/prismagamers_grycyfrowe\\\/\"],\"description\":\"Prismagamers.com to dynamiczny sklep z grami cyfrowymi, stworzony z my\u015bl\u0105 o entuzjastach gier wideo. Nasza strona oferuje szerok\u0105 gam\u0119 gier komputerowych, w tym najnowsze tytu\u0142y, dobrze znane klasyki oraz gry stworzone przez niezale\u017cne studia Ca\u0142y czas d\u0105\u017cymy do rozszerzenia naszej oferty. Do\u0142\u0105cz do nas i sta\u0144 si\u0119 cz\u0119\u015bci\u0105 naszej rosn\u0105cej spo\u0142eczno\u015bci graczy!\",\"email\":\"shop@prismagamers.com\",\"telephone\":\"48795541705\",\"legalName\":\"East Caravan Maksym \u017bukow\",\"foundingDate\":\"2012-05-10\",\"vatID\":\"PL8943038612\",\"taxID\":\"PL8943038612\",\"numberOfEmployees\":{\"@type\":\"QuantitativeValue\",\"minValue\":\"11\",\"maxValue\":\"50\"}}]}<\/script>\n<!-- \/ Yoast SEO Premium plugin. -->","yoast_head_json":{"title":"Havendock - Prismagamers.com","description":"A Havendock egy kreat\u00edv szimul\u00e1ci\u00f3s j\u00e1t\u00e9k a t\u00fal\u00e9l\u00e9s, az er\u0151forr\u00e1s-gazd\u00e1lkod\u00e1s \u00e9s az \u00f3ce\u00e1ni b\u00e1zis\u00e9p\u00edt\u00e9s elemeivel. Gy\u0171jts nyersanyagokat, b\u0151v\u00edtsd a telep\u00fcl\u00e9sedet, automatiz\u00e1ld a termel\u00e9st \u00e9s fogadj \u00faj telepeseket. Fedezd fel a szigeteket, v\u00e9gezz tudom\u00e1nyos kutat\u00e1sokat \u00e9s fedezd fel az \u0151r\u00fclt m\u00e9rn\u00f6ki tudom\u00e1nyokat - a k\u00e1v\u00e9f\u0151z\u0151kt\u0151l a tengeralattj\u00e1r\u00f3kig \u00e9s rak\u00e9t\u00e1kig. Mer\u00fclj el a v\u00edzi \u00e9let nyugodt, de mag\u00e1val ragad\u00f3 vil\u00e1g\u00e1ban.   \ud83c\udf0d Glob\u00e1lis \u2699\ufe0f Steam \ud83d\udddd Digit\u00e1lis kulcs","robots":{"index":"index","follow":"follow","max-snippet":"max-snippet:-1","max-image-preview":"max-image-preview:large","max-video-preview":"max-video-preview:-1"},"canonical":"https:\/\/prismagamers.com\/hu\/produkt\/havendock\/","og_locale":"hu_HU","og_type":"article","og_title":"Havendock","og_description":"A Havendock egy kreat\u00edv szimul\u00e1ci\u00f3s j\u00e1t\u00e9k a t\u00fal\u00e9l\u00e9s, az er\u0151forr\u00e1s-gazd\u00e1lkod\u00e1s \u00e9s az \u00f3ce\u00e1ni b\u00e1zis\u00e9p\u00edt\u00e9s elemeivel. Gy\u0171jts nyersanyagokat, b\u0151v\u00edtsd a telep\u00fcl\u00e9sedet, automatiz\u00e1ld a termel\u00e9st \u00e9s fogadj \u00faj telepeseket. Fedezd fel a szigeteket, v\u00e9gezz tudom\u00e1nyos kutat\u00e1sokat \u00e9s fedezd fel az \u0151r\u00fclt m\u00e9rn\u00f6ki tudom\u00e1nyokat - a k\u00e1v\u00e9f\u0151z\u0151kt\u0151l a tengeralattj\u00e1r\u00f3kig \u00e9s rak\u00e9t\u00e1kig. Mer\u00fclj el a v\u00edzi \u00e9let nyugodt, de mag\u00e1val ragad\u00f3 vil\u00e1g\u00e1ban.   \ud83c\udf0d Glob\u00e1lis \u2699\ufe0f Steam \ud83d\udddd Digit\u00e1lis kulcs","og_url":"https:\/\/prismagamers.com\/hu\/produkt\/havendock\/","og_site_name":"Prismagamers.com","article_publisher":"https:\/\/www.facebook.com\/prismagamers","article_modified_time":"2026-01-01T23:36:12+00:00","og_image":[{"width":600,"height":900,"url":"https:\/\/prismagamers.com\/wp-content\/uploads\/2025\/04\/library_600x900_2x-19.jpg","type":"image\/jpeg"}],"twitter_card":"summary_large_image","twitter_misc":{"Becs\u00fclt olvas\u00e1si id\u0151":"2 perc"},"schema":{"@context":"https:\/\/schema.org","@graph":[{"@type":"WebPage","@id":"https:\/\/prismagamers.com\/hu\/produkt\/havendock\/","url":"https:\/\/prismagamers.com\/hu\/produkt\/havendock\/","name":"Havendock - Prismagamers.com","isPartOf":{"@id":"https:\/\/prismagamers.com\/hu\/#website"},"primaryImageOfPage":{"@id":"https:\/\/prismagamers.com\/hu\/produkt\/havendock\/#primaryimage"},"image":{"@id":"https:\/\/prismagamers.com\/hu\/produkt\/havendock\/#primaryimage"},"thumbnailUrl":"https:\/\/prismagamers.com\/wp-content\/uploads\/2025\/04\/library_600x900_2x-19.jpg","datePublished":"2025-04-08T17:43:03+00:00","dateModified":"2026-01-01T23:36:12+00:00","description":"A Havendock egy kreat\u00edv szimul\u00e1ci\u00f3s j\u00e1t\u00e9k a t\u00fal\u00e9l\u00e9s, az er\u0151forr\u00e1s-gazd\u00e1lkod\u00e1s \u00e9s az \u00f3ce\u00e1ni b\u00e1zis\u00e9p\u00edt\u00e9s elemeivel. Gy\u0171jts nyersanyagokat, b\u0151v\u00edtsd a telep\u00fcl\u00e9sedet, automatiz\u00e1ld a termel\u00e9st \u00e9s fogadj \u00faj telepeseket. Fedezd fel a szigeteket, v\u00e9gezz tudom\u00e1nyos kutat\u00e1sokat \u00e9s fedezd fel az \u0151r\u00fclt m\u00e9rn\u00f6ki tudom\u00e1nyokat - a k\u00e1v\u00e9f\u0151z\u0151kt\u0151l a tengeralattj\u00e1r\u00f3kig \u00e9s rak\u00e9t\u00e1kig. Mer\u00fclj el a v\u00edzi \u00e9let nyugodt, de mag\u00e1val ragad\u00f3 vil\u00e1g\u00e1ban. \ud83c\udf0d Glob\u00e1lis \u2699\ufe0f Steam \ud83d\udddd Digit\u00e1lis kulcs","breadcrumb":{"@id":"https:\/\/prismagamers.com\/hu\/produkt\/havendock\/#breadcrumb"},"inLanguage":"hu","potentialAction":[{"@type":"ReadAction","target":["https:\/\/prismagamers.com\/hu\/produkt\/havendock\/"]}]},{"@type":"ImageObject","inLanguage":"hu","@id":"https:\/\/prismagamers.com\/hu\/produkt\/havendock\/#primaryimage","url":"https:\/\/prismagamers.com\/wp-content\/uploads\/2025\/04\/library_600x900_2x-19.jpg","contentUrl":"https:\/\/prismagamers.com\/wp-content\/uploads\/2025\/04\/library_600x900_2x-19.jpg","width":600,"height":900,"caption":"Havendock boxshot"},{"@type":"BreadcrumbList","@id":"https:\/\/prismagamers.com\/hu\/produkt\/havendock\/#breadcrumb","itemListElement":[{"@type":"ListItem","position":1,"name":"Strona g\u0142\u00f3wna","item":"https:\/\/prismagamers.com\/hu\/prismagamers\/"},{"@type":"ListItem","position":2,"name":"Shop","item":"https:\/\/prismagamers.com\/hu\/shop\/"},{"@type":"ListItem","position":3,"name":"Havendock"}]},{"@type":"WebSite","@id":"https:\/\/prismagamers.com\/hu\/#website","url":"https:\/\/prismagamers.com\/hu\/","name":"Prismagamers","description":"Sklep z grami PC I Sklep klucze Steam","publisher":{"@id":"https:\/\/prismagamers.com\/hu\/#organization"},"potentialAction":[{"@type":"SearchAction","target":{"@type":"EntryPoint","urlTemplate":"https:\/\/prismagamers.com\/hu\/?s={search_term_string}"},"query-input":{"@type":"PropertyValueSpecification","valueRequired":true,"valueName":"search_term_string"}}],"inLanguage":"hu"},{"@type":"Organization","@id":"https:\/\/prismagamers.com\/hu\/#organization","name":"Prismagamers","url":"https:\/\/prismagamers.com\/hu\/","logo":{"@type":"ImageObject","inLanguage":"hu","@id":"https:\/\/prismagamers.com\/hu\/#\/schema\/logo\/image\/","url":"https:\/\/prismagamers.com\/wp-content\/uploads\/2022\/04\/cropped-logo-Prismagamers-01-scaled-1.jpg","contentUrl":"https:\/\/prismagamers.com\/wp-content\/uploads\/2022\/04\/cropped-logo-Prismagamers-01-scaled-1.jpg","width":512,"height":512,"caption":"Prismagamers"},"image":{"@id":"https:\/\/prismagamers.com\/hu\/#\/schema\/logo\/image\/"},"sameAs":["https:\/\/www.facebook.com\/prismagamers","https:\/\/www.instagram.com\/prismagamers_grycyfrowe\/"],"description":"Prismagamers.com to dynamiczny sklep z grami cyfrowymi, stworzony z my\u015bl\u0105 o entuzjastach gier wideo. Nasza strona oferuje szerok\u0105 gam\u0119 gier komputerowych, w tym najnowsze tytu\u0142y, dobrze znane klasyki oraz gry stworzone przez niezale\u017cne studia Ca\u0142y czas d\u0105\u017cymy do rozszerzenia naszej oferty. Do\u0142\u0105cz do nas i sta\u0144 si\u0119 cz\u0119\u015bci\u0105 naszej rosn\u0105cej spo\u0142eczno\u015bci graczy!","email":"shop@prismagamers.com","telephone":"48795541705","legalName":"East Caravan Maksym \u017bukow","foundingDate":"2012-05-10","vatID":"PL8943038612","taxID":"PL8943038612","numberOfEmployees":{"@type":"QuantitativeValue","minValue":"11","maxValue":"50"}}]}},"_links":{"self":[{"href":"https:\/\/prismagamers.com\/hu\/wp-json\/wp\/v2\/product\/35750","targetHints":{"allow":["GET"]}}],"collection":[{"href":"https:\/\/prismagamers.com\/hu\/wp-json\/wp\/v2\/product"}],"about":[{"href":"https:\/\/prismagamers.com\/hu\/wp-json\/wp\/v2\/types\/product"}],"wp:featuredmedia":[{"embeddable":true,"href":"https:\/\/prismagamers.com\/hu\/wp-json\/wp\/v2\/media\/35729"}],"wp:attachment":[{"href":"https:\/\/prismagamers.com\/hu\/wp-json\/wp\/v2\/media?parent=35750"}],"wp:term":[{"taxonomy":"product_brand","embeddable":true,"href":"https:\/\/prismagamers.com\/hu\/wp-json\/wp\/v2\/product_brand?post=35750"},{"taxonomy":"product_cat","embeddable":true,"href":"https:\/\/prismagamers.com\/hu\/wp-json\/wp\/v2\/product_cat?post=35750"},{"taxonomy":"product_tag","embeddable":true,"href":"https:\/\/prismagamers.com\/hu\/wp-json\/wp\/v2\/product_tag?post=35750"}],"curies":[{"name":"wp","href":"https:\/\/api.w.org\/{rel}","templated":true}]}}