{"id":35751,"date":"2025-04-10T16:43:31","date_gmt":"2025-04-10T14:43:31","guid":{"rendered":"https:\/\/prismagamers.com\/?post_type=product&#038;p=35751"},"modified":"2026-03-05T00:00:46","modified_gmt":"2026-03-04T23:00:46","slug":"kaya-profeciaja","status":"publish","type":"product","link":"https:\/\/prismagamers.com\/hu\/produkt\/kaya-profeciaja\/","title":{"rendered":"Kaya&#8217;s Prophecy"},"content":{"rendered":"<h2 data-start=\"428\" data-end=\"508\"><strong data-start=\"431\" data-end=\"508\">Kaya&#8217;s Prophecy &#8211; K\u00e1rty\u00e1s strat\u00e9giai j\u00e1t\u00e9k a t\u00fal\u00e9l\u00e9sr\u0151l \u00e9s az isteni kegyelemr\u0151l<\/strong><\/h2>\n<p data-start=\"510\" data-end=\"912\"><strong data-start=\"510\" data-end=\"529\">A Kaya&#8217;s Prophecy<\/strong> egy <strong data-start=\"533\" data-end=\"586\">strat\u00e9giai k\u00e1rtya\u00e9p\u00edt\u0151 j\u00e1t\u00e9k (deckbuilder<\/strong>), amelyben te leszel a falu vezet\u0151je, aki egyens\u00falyt teremt az er\u0151forr\u00e1sokkal val\u00f3 gazd\u00e1lkod\u00e1s \u00e9s az isteni elv\u00e1r\u00e1sok teljes\u00edt\u00e9se k\u00f6z\u00f6tt. K\u00e9sz\u00edts er\u0151teljes k\u00e1rtyapaklikat, fedezz fel \u00faj technol\u00f3gi\u00e1kat \u00e9s <strong data-start=\"755\" data-end=\"778\">fejleszd telep\u00fcl\u00e9sedet<\/strong>, hogy t\u00fal\u00e9lj egy v\u00e1ltoz\u00e9kony \u00e9s kisz\u00e1m\u00edthatatlan vil\u00e1gban. Vigy\u00e1zz &#8211; <strong data-start=\"842\" data-end=\"864\">istened kegye<\/strong> \u00e1ld\u00e1st vagy katasztr\u00f3f\u00e1t hozhat.<\/p>\n<h2 class=\"bb_tag\"><img decoding=\"async\" class=\"bb_img aligncenter\" src=\"https:\/\/shared.fastly.steamstatic.com\/store_item_assets\/steam\/apps\/3051470\/extras\/Punish_GIF.gif?t=1743611307\" \/><\/h2>\n<hr class=\"\" data-start=\"914\" data-end=\"917\" \/>\n<h3 data-start=\"919\" data-end=\"954\">\ud83c\udccf F\u0151bb j\u00e1t\u00e9kelemek:<\/h3>\n<ul data-start=\"955\" data-end=\"1813\">\n<li data-start=\"955\" data-end=\"1093\">\n<p data-start=\"957\" data-end=\"1093\"><strong data-start=\"957\" data-end=\"999\">Pakli\u00e9p\u00edt\u00e9s \u00e9s nyersanyaggazd\u00e1lkod\u00e1s<\/strong> &#8211; v\u00e1lassz \u00e9s j\u00e1tssz ki k\u00e1rty\u00e1kat, hogy fejleszd a falud infrastrukt\u00far\u00e1j\u00e1t \u00e9s gy\u0171jtsd \u00f6ssze a legfontosabb nyersanyagokat.<\/p>\n<\/li>\n<li data-start=\"1094\" data-end=\"1255\">\n<p data-start=\"1096\" data-end=\"1255\"><strong data-start=\"1096\" data-end=\"1117\">Az isten kegyelmi rendszere<\/strong> &#8211; t\u00e1pl\u00e1ld \u00e9s im\u00e1dd az istenedet, hogy b\u00f3nuszokat kapj vagy&#8230;. elker\u00fcld a haragj\u00e1t. A rossz d\u00f6nt\u00e9sek viharokat, katasztr\u00f3f\u00e1kat \u00e9s hal\u00e1lt okozhatnak a lakosoknak.<\/p>\n<\/li>\n<li data-start=\"1256\" data-end=\"1398\">\n<p data-start=\"1258\" data-end=\"1398\"><strong data-start=\"1258\" data-end=\"1295\">Innov\u00e1ci\u00f3 \u00e9s technol\u00f3giai fejleszt\u00e9s<\/strong> &#8211; haszn\u00e1lja fel az er\u0151forr\u00e1sokat olyan \u00faj eszk\u00f6z\u00f6k, szerkezetek \u00e9s fejleszt\u00e9sek felfedez\u00e9s\u00e9re, amelyek er\u0151s\u00edtik a fed\u00e9lzet\u00e9t.<\/p>\n<\/li>\n<li data-start=\"1399\" data-end=\"1562\">\n<p data-start=\"1401\" data-end=\"1562\"><strong data-start=\"1401\" data-end=\"1426\">Felfedez\u00e9s \u00e9s exped\u00edci\u00f3k<\/strong> &#8211; mer\u00e9szkedj a falu hat\u00e1rain t\u00falra, fedezz fel ritka nyersanyagokat, \u00e9s sz\u00e1llj szembe a vad\u00e1llatokkal a k\u00e1rtyaalap\u00fa strat\u00e9giai \u00f6sszecsap\u00e1sokban.<\/p>\n<\/li>\n<li data-start=\"1563\" data-end=\"1696\">\n<p data-start=\"1565\" data-end=\"1696\"><strong data-start=\"1565\" data-end=\"1587\">Dinamikus d\u00f6nt\u00e9sek<\/strong> &#8211; alkalmazkodjon a v\u00e1ltoz\u00f3 helyzetekhez, hozzon neh\u00e9z d\u00f6nt\u00e9seket \u00e9s n\u00e9zzen szembe v\u00e1ratlan kih\u00edv\u00e1sokkal.<\/p>\n<\/li>\n<li data-start=\"1697\" data-end=\"1813\">\n<p data-start=\"1699\" data-end=\"1813\"><strong data-start=\"1699\" data-end=\"1728\">Egyed\u00fcl\u00e1ll\u00f3 fantasy mese<\/strong> &#8211; teljes\u00edtsd be Kaya pr\u00f3f\u00e9ci\u00e1j\u00e1t, \u00e9s fedezd fel a szesz\u00e9lyes istens\u00e9gek \u00e1ltal uralt vil\u00e1g titkait.<\/p>\n<\/li>\n<\/ul>\n<p><img decoding=\"async\" class=\"bb_img aligncenter\" src=\"https:\/\/shared.fastly.steamstatic.com\/store_item_assets\/steam\/apps\/3051470\/extras\/Discover_GIF2.gif?t=1743611307\" \/><\/p>\n<hr class=\"\" data-start=\"1815\" data-end=\"1818\" \/>\n<p data-start=\"1820\" data-end=\"1992\">\u00c9p\u00edtsd meg a paklidat, haszn\u00e1ld fel a nyersanyagokat, \u00e9s vezesd a faludat a v\u00e9gzete fel\u00e9 &#8211; vagy n\u00e9zd v\u00e9gig, ahogy az \u00e9g haragja elnyeli. <strong data-start=\"1955\" data-end=\"1992\">Beteljes\u00edti Kaya j\u00f3slat\u00e1t?<\/strong><\/p>\n<h2 class=\"bb_tag\"><img decoding=\"async\" class=\"bb_img aligncenter\" src=\"https:\/\/shared.fastly.steamstatic.com\/store_item_assets\/steam\/apps\/3051470\/extras\/Fight_GIF.gif?t=1743611307\" \/><\/h2>\n","protected":false},"excerpt":{"rendered":"<p class=\"ai-optimize-26\"><strong data-start=\"64\" data-end=\"83\">A Kaya&#8217;s Prophecy<\/strong> egy strat\u00e9giai <strong data-start=\"100\" data-end=\"128\">pakli\u00e9p\u00edt\u0151 k\u00e1rtyaj\u00e1t\u00e9k<\/strong> <strong data-start=\"142\" data-end=\"166\">er\u0151forr\u00e1s-menedzsment<\/strong> elemekkel, egy misztikus fant\u00e1ziavil\u00e1gban. A falu vezet\u0151jek\u00e9nt paklikat kell \u00e9p\u00edtened, technol\u00f3gi\u00e1kat kell felfedezned, \u00e9s elnyerned egy szesz\u00e9lyes isten kegy\u00e9t, aki aj\u00e1nd\u00e9kokat adhat vagy katasztr\u00f3f\u00e1t k\u00fcldhet. Indulj exped\u00edci\u00f3kra, fedezd fel a vadont, \u00e9s k\u00fczdj meg a sz\u00f6rnyekkel, hogy biztos\u00edtsd k\u00f6z\u00f6ss\u00e9ged t\u00fal\u00e9l\u00e9s\u00e9t. D\u00f6nt\u00e9seid meghat\u00e1rozz\u00e1k telep\u00fcl\u00e9sed sors\u00e1t \u00e9s Kaya j\u00f3slat\u00e1nak beteljes\u00fcl\u00e9s\u00e9t.<\/p>\n<p class=\"ai-optimize-27\">\ud83c\udf0d Glob\u00e1lis<br \/>\n\u2699\ufe0f Steam<br \/>\n\ud83d\udddd Digit\u00e1lis kulcs<\/p>\n","protected":false},"featured_media":35739,"template":"","meta":{"_acf_changed":false,"site-sidebar-layout":"default","site-content-layout":"","ast-site-content-layout":"default","site-content-style":"default","site-sidebar-style":"default","ast-global-header-display":"","ast-banner-title-visibility":"","ast-main-header-display":"","ast-hfb-above-header-display":"","ast-hfb-below-header-display":"","ast-hfb-mobile-header-display":"","site-post-title":"","ast-breadcrumbs-content":"","ast-featured-img":"","footer-sml-layout":"","ast-disable-related-posts":"","theme-transparent-header-meta":"default","adv-header-id-meta":"","stick-header-meta":"","header-above-stick-meta":"","header-main-stick-meta":"","header-below-stick-meta":"","astra-migrate-meta-layouts":"set","ast-page-background-enabled":"default","ast-page-background-meta":{"desktop":{"background-color":"var(--ast-global-color-4)","background-image":"","background-repeat":"repeat","background-position":"center center","background-size":"auto","background-attachment":"scroll","background-type":"","background-media":"","overlay-type":"","overlay-color":"","overlay-opacity":"","overlay-gradient":""},"tablet":{"background-color":"","background-image":"","background-repeat":"repeat","background-position":"center center","background-size":"auto","background-attachment":"scroll","background-type":"","background-media":"","overlay-type":"","overlay-color":"","overlay-opacity":"","overlay-gradient":""},"mobile":{"background-color":"","background-image":"","background-repeat":"repeat","background-position":"center center","background-size":"auto","background-attachment":"scroll","background-type":"","background-media":"","overlay-type":"","overlay-color":"","overlay-opacity":"","overlay-gradient":""}},"ast-content-background-meta":{"desktop":{"background-color":"var(--ast-global-color-5)","background-image":"","background-repeat":"repeat","background-position":"center center","background-size":"auto","background-attachment":"scroll","background-type":"","background-media":"","overlay-type":"","overlay-color":"","overlay-opacity":"","overlay-gradient":""},"tablet":{"background-color":"var(--ast-global-color-5)","background-image":"","background-repeat":"repeat","background-position":"center center","background-size":"auto","background-attachment":"scroll","background-type":"","background-media":"","overlay-type":"","overlay-color":"","overlay-opacity":"","overlay-gradient":""},"mobile":{"background-color":"var(--ast-global-color-5)","background-image":"","background-repeat":"repeat","background-position":"center center","background-size":"auto","background-attachment":"scroll","background-type":"","background-media":"","overlay-type":"","overlay-color":"","overlay-opacity":"","overlay-gradient":""}}},"product_brand":[],"product_cat":[369,365,363,378,386,391],"product_tag":[],"class_list":{"0":"post-35751","1":"product","2":"type-product","3":"status-publish","4":"has-post-thumbnail","6":"product_cat-csarnokok","7":"product_cat-goz","8":"product_cat-kaland-jatekok","9":"product_cat-minden-digitalis-jatek","10":"product_cat-strategiai-jatekok","11":"product_cat-yogscast-jatekok","12":"desktop-align-left","13":"tablet-align-left","14":"mobile-align-left","16":"first","17":"instock","18":"virtual","19":"purchasable","20":"product-type-simple"},"acf":[],"yoast_head":"<!-- This site is optimized with the Yoast SEO Premium plugin v27.4 (Yoast SEO v27.4) - https:\/\/yoast.com\/product\/yoast-seo-premium-wordpress\/ -->\n<title>Kaya&#039;s Prophecy - Prismagamers.com<\/title>\n<meta name=\"description\" content=\"A Kaya&#039;s Prophecy egy strat\u00e9giai pakli\u00e9p\u00edt\u0151 k\u00e1rtyaj\u00e1t\u00e9k er\u0151forr\u00e1s-menedzsment elemekkel, egy misztikus fant\u00e1ziavil\u00e1gban. A falu vezet\u0151jek\u00e9nt paklikat kell \u00e9p\u00edtened, technol\u00f3gi\u00e1kat kell felfedezned, \u00e9s elnyerned egy szesz\u00e9lyes isten kegy\u00e9t, aki aj\u00e1nd\u00e9kokat adhat vagy katasztr\u00f3f\u00e1t k\u00fcldhet. Indulj exped\u00edci\u00f3kra, fedezd fel a vadont, \u00e9s k\u00fczdj meg a sz\u00f6rnyekkel, hogy biztos\u00edtsd k\u00f6z\u00f6ss\u00e9ged t\u00fal\u00e9l\u00e9s\u00e9t. D\u00f6nt\u00e9seid meghat\u00e1rozz\u00e1k telep\u00fcl\u00e9sed sors\u00e1t \u00e9s Kaya j\u00f3slat\u00e1nak beteljes\u00fcl\u00e9s\u00e9t. \ud83c\udf0d Glob\u00e1lis \u2699\ufe0f Steam \ud83d\udddd Digit\u00e1lis kulcs\" \/>\n<meta name=\"robots\" content=\"index, follow, max-snippet:-1, max-image-preview:large, max-video-preview:-1\" \/>\n<link rel=\"canonical\" href=\"https:\/\/prismagamers.com\/hu\/produkt\/kaya-profeciaja\/\" \/>\n<meta property=\"og:locale\" content=\"hu_HU\" \/>\n<meta property=\"og:type\" content=\"article\" \/>\n<meta property=\"og:title\" content=\"Kaya&#039;s Prophecy\" \/>\n<meta property=\"og:description\" content=\"A Kaya&#039;s Prophecy egy strat\u00e9giai pakli\u00e9p\u00edt\u0151 k\u00e1rtyaj\u00e1t\u00e9k er\u0151forr\u00e1s-menedzsment elemekkel, egy misztikus fant\u00e1ziavil\u00e1gban. A falu vezet\u0151jek\u00e9nt paklikat kell \u00e9p\u00edtened, technol\u00f3gi\u00e1kat kell felfedezned, \u00e9s elnyerned egy szesz\u00e9lyes isten kegy\u00e9t, aki aj\u00e1nd\u00e9kokat adhat vagy katasztr\u00f3f\u00e1t k\u00fcldhet. Indulj exped\u00edci\u00f3kra, fedezd fel a vadont, \u00e9s k\u00fczdj meg a sz\u00f6rnyekkel, hogy biztos\u00edtsd k\u00f6z\u00f6ss\u00e9ged t\u00fal\u00e9l\u00e9s\u00e9t. D\u00f6nt\u00e9seid meghat\u00e1rozz\u00e1k telep\u00fcl\u00e9sed sors\u00e1t \u00e9s Kaya j\u00f3slat\u00e1nak beteljes\u00fcl\u00e9s\u00e9t. \ud83c\udf0d Glob\u00e1lis \u2699\ufe0f Steam \ud83d\udddd Digit\u00e1lis kulcs\" \/>\n<meta property=\"og:url\" content=\"https:\/\/prismagamers.com\/hu\/produkt\/kaya-profeciaja\/\" \/>\n<meta property=\"og:site_name\" content=\"Prismagamers.com\" \/>\n<meta property=\"article:publisher\" content=\"https:\/\/www.facebook.com\/prismagamers\" \/>\n<meta property=\"article:modified_time\" content=\"2026-03-04T23:00:46+00:00\" \/>\n<meta property=\"og:image\" content=\"https:\/\/prismagamers.com\/wp-content\/uploads\/2025\/04\/library_600x900_2x-20.jpg\" \/>\n\t<meta property=\"og:image:width\" content=\"600\" \/>\n\t<meta property=\"og:image:height\" content=\"900\" \/>\n\t<meta property=\"og:image:type\" content=\"image\/jpeg\" \/>\n<meta name=\"twitter:card\" content=\"summary_large_image\" \/>\n<meta name=\"twitter:label1\" content=\"Becs\u00fclt olvas\u00e1si id\u0151\" \/>\n\t<meta name=\"twitter:data1\" content=\"3 perc\" \/>\n<script type=\"application\/ld+json\" class=\"yoast-schema-graph\">{\"@context\":\"https:\\\/\\\/schema.org\",\"@graph\":[{\"@type\":\"WebPage\",\"@id\":\"https:\\\/\\\/prismagamers.com\\\/hu\\\/produkt\\\/kaya-profeciaja\\\/\",\"url\":\"https:\\\/\\\/prismagamers.com\\\/hu\\\/produkt\\\/kaya-profeciaja\\\/\",\"name\":\"Kaya's Prophecy - Prismagamers.com\",\"isPartOf\":{\"@id\":\"https:\\\/\\\/prismagamers.com\\\/hu\\\/#website\"},\"primaryImageOfPage\":{\"@id\":\"https:\\\/\\\/prismagamers.com\\\/hu\\\/produkt\\\/kaya-profeciaja\\\/#primaryimage\"},\"image\":{\"@id\":\"https:\\\/\\\/prismagamers.com\\\/hu\\\/produkt\\\/kaya-profeciaja\\\/#primaryimage\"},\"thumbnailUrl\":\"https:\\\/\\\/prismagamers.com\\\/wp-content\\\/uploads\\\/2025\\\/04\\\/library_600x900_2x-20.jpg\",\"datePublished\":\"2025-04-10T14:43:31+00:00\",\"dateModified\":\"2026-03-04T23:00:46+00:00\",\"description\":\"A Kaya's Prophecy egy strat\u00e9giai pakli\u00e9p\u00edt\u0151 k\u00e1rtyaj\u00e1t\u00e9k er\u0151forr\u00e1s-menedzsment elemekkel, egy misztikus fant\u00e1ziavil\u00e1gban. A falu vezet\u0151jek\u00e9nt paklikat kell \u00e9p\u00edtened, technol\u00f3gi\u00e1kat kell felfedezned, \u00e9s elnyerned egy szesz\u00e9lyes isten kegy\u00e9t, aki aj\u00e1nd\u00e9kokat adhat vagy katasztr\u00f3f\u00e1t k\u00fcldhet. Indulj exped\u00edci\u00f3kra, fedezd fel a vadont, \u00e9s k\u00fczdj meg a sz\u00f6rnyekkel, hogy biztos\u00edtsd k\u00f6z\u00f6ss\u00e9ged t\u00fal\u00e9l\u00e9s\u00e9t. D\u00f6nt\u00e9seid meghat\u00e1rozz\u00e1k telep\u00fcl\u00e9sed sors\u00e1t \u00e9s Kaya j\u00f3slat\u00e1nak beteljes\u00fcl\u00e9s\u00e9t. \ud83c\udf0d Glob\u00e1lis \u2699\ufe0f Steam \ud83d\udddd Digit\u00e1lis kulcs\",\"breadcrumb\":{\"@id\":\"https:\\\/\\\/prismagamers.com\\\/hu\\\/produkt\\\/kaya-profeciaja\\\/#breadcrumb\"},\"inLanguage\":\"hu\",\"potentialAction\":[{\"@type\":\"ReadAction\",\"target\":[\"https:\\\/\\\/prismagamers.com\\\/hu\\\/produkt\\\/kaya-profeciaja\\\/\"]}]},{\"@type\":\"ImageObject\",\"inLanguage\":\"hu\",\"@id\":\"https:\\\/\\\/prismagamers.com\\\/hu\\\/produkt\\\/kaya-profeciaja\\\/#primaryimage\",\"url\":\"https:\\\/\\\/prismagamers.com\\\/wp-content\\\/uploads\\\/2025\\\/04\\\/library_600x900_2x-20.jpg\",\"contentUrl\":\"https:\\\/\\\/prismagamers.com\\\/wp-content\\\/uploads\\\/2025\\\/04\\\/library_600x900_2x-20.jpg\",\"width\":600,\"height\":900,\"caption\":\"Kaya pr\u00f3f\u00e9ci\u00e1j\u00e1nak bor\u00edt\u00f3ja\"},{\"@type\":\"BreadcrumbList\",\"@id\":\"https:\\\/\\\/prismagamers.com\\\/hu\\\/produkt\\\/kaya-profeciaja\\\/#breadcrumb\",\"itemListElement\":[{\"@type\":\"ListItem\",\"position\":1,\"name\":\"Strona g\u0142\u00f3wna\",\"item\":\"https:\\\/\\\/prismagamers.com\\\/hu\\\/prismagamers\\\/\"},{\"@type\":\"ListItem\",\"position\":2,\"name\":\"Shop\",\"item\":\"https:\\\/\\\/prismagamers.com\\\/hu\\\/shop\\\/\"},{\"@type\":\"ListItem\",\"position\":3,\"name\":\"Kaya&#8217;s Prophecy\"}]},{\"@type\":\"WebSite\",\"@id\":\"https:\\\/\\\/prismagamers.com\\\/hu\\\/#website\",\"url\":\"https:\\\/\\\/prismagamers.com\\\/hu\\\/\",\"name\":\"Prismagamers\",\"description\":\"Sklep z grami PC I Sklep klucze Steam\",\"publisher\":{\"@id\":\"https:\\\/\\\/prismagamers.com\\\/hu\\\/#organization\"},\"potentialAction\":[{\"@type\":\"SearchAction\",\"target\":{\"@type\":\"EntryPoint\",\"urlTemplate\":\"https:\\\/\\\/prismagamers.com\\\/hu\\\/?s={search_term_string}\"},\"query-input\":{\"@type\":\"PropertyValueSpecification\",\"valueRequired\":true,\"valueName\":\"search_term_string\"}}],\"inLanguage\":\"hu\"},{\"@type\":\"Organization\",\"@id\":\"https:\\\/\\\/prismagamers.com\\\/hu\\\/#organization\",\"name\":\"Prismagamers\",\"url\":\"https:\\\/\\\/prismagamers.com\\\/hu\\\/\",\"logo\":{\"@type\":\"ImageObject\",\"inLanguage\":\"hu\",\"@id\":\"https:\\\/\\\/prismagamers.com\\\/hu\\\/#\\\/schema\\\/logo\\\/image\\\/\",\"url\":\"https:\\\/\\\/prismagamers.com\\\/wp-content\\\/uploads\\\/2022\\\/04\\\/cropped-logo-Prismagamers-01-scaled-1.jpg\",\"contentUrl\":\"https:\\\/\\\/prismagamers.com\\\/wp-content\\\/uploads\\\/2022\\\/04\\\/cropped-logo-Prismagamers-01-scaled-1.jpg\",\"width\":512,\"height\":512,\"caption\":\"Prismagamers\"},\"image\":{\"@id\":\"https:\\\/\\\/prismagamers.com\\\/hu\\\/#\\\/schema\\\/logo\\\/image\\\/\"},\"sameAs\":[\"https:\\\/\\\/www.facebook.com\\\/prismagamers\",\"https:\\\/\\\/www.instagram.com\\\/prismagamers_grycyfrowe\\\/\"],\"description\":\"Prismagamers.com to dynamiczny sklep z grami cyfrowymi, stworzony z my\u015bl\u0105 o entuzjastach gier wideo. Nasza strona oferuje szerok\u0105 gam\u0119 gier komputerowych, w tym najnowsze tytu\u0142y, dobrze znane klasyki oraz gry stworzone przez niezale\u017cne studia Ca\u0142y czas d\u0105\u017cymy do rozszerzenia naszej oferty. Do\u0142\u0105cz do nas i sta\u0144 si\u0119 cz\u0119\u015bci\u0105 naszej rosn\u0105cej spo\u0142eczno\u015bci graczy!\",\"email\":\"shop@prismagamers.com\",\"telephone\":\"48795541705\",\"legalName\":\"East Caravan Maksym \u017bukow\",\"foundingDate\":\"2012-05-10\",\"vatID\":\"PL8943038612\",\"taxID\":\"PL8943038612\",\"numberOfEmployees\":{\"@type\":\"QuantitativeValue\",\"minValue\":\"11\",\"maxValue\":\"50\"}}]}<\/script>\n<!-- \/ Yoast SEO Premium plugin. -->","yoast_head_json":{"title":"Kaya's Prophecy - Prismagamers.com","description":"A Kaya's Prophecy egy strat\u00e9giai pakli\u00e9p\u00edt\u0151 k\u00e1rtyaj\u00e1t\u00e9k er\u0151forr\u00e1s-menedzsment elemekkel, egy misztikus fant\u00e1ziavil\u00e1gban. A falu vezet\u0151jek\u00e9nt paklikat kell \u00e9p\u00edtened, technol\u00f3gi\u00e1kat kell felfedezned, \u00e9s elnyerned egy szesz\u00e9lyes isten kegy\u00e9t, aki aj\u00e1nd\u00e9kokat adhat vagy katasztr\u00f3f\u00e1t k\u00fcldhet. Indulj exped\u00edci\u00f3kra, fedezd fel a vadont, \u00e9s k\u00fczdj meg a sz\u00f6rnyekkel, hogy biztos\u00edtsd k\u00f6z\u00f6ss\u00e9ged t\u00fal\u00e9l\u00e9s\u00e9t. D\u00f6nt\u00e9seid meghat\u00e1rozz\u00e1k telep\u00fcl\u00e9sed sors\u00e1t \u00e9s Kaya j\u00f3slat\u00e1nak beteljes\u00fcl\u00e9s\u00e9t. \ud83c\udf0d Glob\u00e1lis \u2699\ufe0f Steam \ud83d\udddd Digit\u00e1lis kulcs","robots":{"index":"index","follow":"follow","max-snippet":"max-snippet:-1","max-image-preview":"max-image-preview:large","max-video-preview":"max-video-preview:-1"},"canonical":"https:\/\/prismagamers.com\/hu\/produkt\/kaya-profeciaja\/","og_locale":"hu_HU","og_type":"article","og_title":"Kaya's Prophecy","og_description":"A Kaya's Prophecy egy strat\u00e9giai pakli\u00e9p\u00edt\u0151 k\u00e1rtyaj\u00e1t\u00e9k er\u0151forr\u00e1s-menedzsment elemekkel, egy misztikus fant\u00e1ziavil\u00e1gban. A falu vezet\u0151jek\u00e9nt paklikat kell \u00e9p\u00edtened, technol\u00f3gi\u00e1kat kell felfedezned, \u00e9s elnyerned egy szesz\u00e9lyes isten kegy\u00e9t, aki aj\u00e1nd\u00e9kokat adhat vagy katasztr\u00f3f\u00e1t k\u00fcldhet. Indulj exped\u00edci\u00f3kra, fedezd fel a vadont, \u00e9s k\u00fczdj meg a sz\u00f6rnyekkel, hogy biztos\u00edtsd k\u00f6z\u00f6ss\u00e9ged t\u00fal\u00e9l\u00e9s\u00e9t. D\u00f6nt\u00e9seid meghat\u00e1rozz\u00e1k telep\u00fcl\u00e9sed sors\u00e1t \u00e9s Kaya j\u00f3slat\u00e1nak beteljes\u00fcl\u00e9s\u00e9t. \ud83c\udf0d Glob\u00e1lis \u2699\ufe0f Steam \ud83d\udddd Digit\u00e1lis kulcs","og_url":"https:\/\/prismagamers.com\/hu\/produkt\/kaya-profeciaja\/","og_site_name":"Prismagamers.com","article_publisher":"https:\/\/www.facebook.com\/prismagamers","article_modified_time":"2026-03-04T23:00:46+00:00","og_image":[{"width":600,"height":900,"url":"https:\/\/prismagamers.com\/wp-content\/uploads\/2025\/04\/library_600x900_2x-20.jpg","type":"image\/jpeg"}],"twitter_card":"summary_large_image","twitter_misc":{"Becs\u00fclt olvas\u00e1si id\u0151":"3 perc"},"schema":{"@context":"https:\/\/schema.org","@graph":[{"@type":"WebPage","@id":"https:\/\/prismagamers.com\/hu\/produkt\/kaya-profeciaja\/","url":"https:\/\/prismagamers.com\/hu\/produkt\/kaya-profeciaja\/","name":"Kaya's Prophecy - Prismagamers.com","isPartOf":{"@id":"https:\/\/prismagamers.com\/hu\/#website"},"primaryImageOfPage":{"@id":"https:\/\/prismagamers.com\/hu\/produkt\/kaya-profeciaja\/#primaryimage"},"image":{"@id":"https:\/\/prismagamers.com\/hu\/produkt\/kaya-profeciaja\/#primaryimage"},"thumbnailUrl":"https:\/\/prismagamers.com\/wp-content\/uploads\/2025\/04\/library_600x900_2x-20.jpg","datePublished":"2025-04-10T14:43:31+00:00","dateModified":"2026-03-04T23:00:46+00:00","description":"A Kaya's Prophecy egy strat\u00e9giai pakli\u00e9p\u00edt\u0151 k\u00e1rtyaj\u00e1t\u00e9k er\u0151forr\u00e1s-menedzsment elemekkel, egy misztikus fant\u00e1ziavil\u00e1gban. A falu vezet\u0151jek\u00e9nt paklikat kell \u00e9p\u00edtened, technol\u00f3gi\u00e1kat kell felfedezned, \u00e9s elnyerned egy szesz\u00e9lyes isten kegy\u00e9t, aki aj\u00e1nd\u00e9kokat adhat vagy katasztr\u00f3f\u00e1t k\u00fcldhet. Indulj exped\u00edci\u00f3kra, fedezd fel a vadont, \u00e9s k\u00fczdj meg a sz\u00f6rnyekkel, hogy biztos\u00edtsd k\u00f6z\u00f6ss\u00e9ged t\u00fal\u00e9l\u00e9s\u00e9t. D\u00f6nt\u00e9seid meghat\u00e1rozz\u00e1k telep\u00fcl\u00e9sed sors\u00e1t \u00e9s Kaya j\u00f3slat\u00e1nak beteljes\u00fcl\u00e9s\u00e9t. \ud83c\udf0d Glob\u00e1lis \u2699\ufe0f Steam \ud83d\udddd Digit\u00e1lis kulcs","breadcrumb":{"@id":"https:\/\/prismagamers.com\/hu\/produkt\/kaya-profeciaja\/#breadcrumb"},"inLanguage":"hu","potentialAction":[{"@type":"ReadAction","target":["https:\/\/prismagamers.com\/hu\/produkt\/kaya-profeciaja\/"]}]},{"@type":"ImageObject","inLanguage":"hu","@id":"https:\/\/prismagamers.com\/hu\/produkt\/kaya-profeciaja\/#primaryimage","url":"https:\/\/prismagamers.com\/wp-content\/uploads\/2025\/04\/library_600x900_2x-20.jpg","contentUrl":"https:\/\/prismagamers.com\/wp-content\/uploads\/2025\/04\/library_600x900_2x-20.jpg","width":600,"height":900,"caption":"Kaya pr\u00f3f\u00e9ci\u00e1j\u00e1nak bor\u00edt\u00f3ja"},{"@type":"BreadcrumbList","@id":"https:\/\/prismagamers.com\/hu\/produkt\/kaya-profeciaja\/#breadcrumb","itemListElement":[{"@type":"ListItem","position":1,"name":"Strona g\u0142\u00f3wna","item":"https:\/\/prismagamers.com\/hu\/prismagamers\/"},{"@type":"ListItem","position":2,"name":"Shop","item":"https:\/\/prismagamers.com\/hu\/shop\/"},{"@type":"ListItem","position":3,"name":"Kaya&#8217;s Prophecy"}]},{"@type":"WebSite","@id":"https:\/\/prismagamers.com\/hu\/#website","url":"https:\/\/prismagamers.com\/hu\/","name":"Prismagamers","description":"Sklep z grami PC I Sklep klucze Steam","publisher":{"@id":"https:\/\/prismagamers.com\/hu\/#organization"},"potentialAction":[{"@type":"SearchAction","target":{"@type":"EntryPoint","urlTemplate":"https:\/\/prismagamers.com\/hu\/?s={search_term_string}"},"query-input":{"@type":"PropertyValueSpecification","valueRequired":true,"valueName":"search_term_string"}}],"inLanguage":"hu"},{"@type":"Organization","@id":"https:\/\/prismagamers.com\/hu\/#organization","name":"Prismagamers","url":"https:\/\/prismagamers.com\/hu\/","logo":{"@type":"ImageObject","inLanguage":"hu","@id":"https:\/\/prismagamers.com\/hu\/#\/schema\/logo\/image\/","url":"https:\/\/prismagamers.com\/wp-content\/uploads\/2022\/04\/cropped-logo-Prismagamers-01-scaled-1.jpg","contentUrl":"https:\/\/prismagamers.com\/wp-content\/uploads\/2022\/04\/cropped-logo-Prismagamers-01-scaled-1.jpg","width":512,"height":512,"caption":"Prismagamers"},"image":{"@id":"https:\/\/prismagamers.com\/hu\/#\/schema\/logo\/image\/"},"sameAs":["https:\/\/www.facebook.com\/prismagamers","https:\/\/www.instagram.com\/prismagamers_grycyfrowe\/"],"description":"Prismagamers.com to dynamiczny sklep z grami cyfrowymi, stworzony z my\u015bl\u0105 o entuzjastach gier wideo. Nasza strona oferuje szerok\u0105 gam\u0119 gier komputerowych, w tym najnowsze tytu\u0142y, dobrze znane klasyki oraz gry stworzone przez niezale\u017cne studia Ca\u0142y czas d\u0105\u017cymy do rozszerzenia naszej oferty. Do\u0142\u0105cz do nas i sta\u0144 si\u0119 cz\u0119\u015bci\u0105 naszej rosn\u0105cej spo\u0142eczno\u015bci graczy!","email":"shop@prismagamers.com","telephone":"48795541705","legalName":"East Caravan Maksym \u017bukow","foundingDate":"2012-05-10","vatID":"PL8943038612","taxID":"PL8943038612","numberOfEmployees":{"@type":"QuantitativeValue","minValue":"11","maxValue":"50"}}]}},"_links":{"self":[{"href":"https:\/\/prismagamers.com\/hu\/wp-json\/wp\/v2\/product\/35751","targetHints":{"allow":["GET"]}}],"collection":[{"href":"https:\/\/prismagamers.com\/hu\/wp-json\/wp\/v2\/product"}],"about":[{"href":"https:\/\/prismagamers.com\/hu\/wp-json\/wp\/v2\/types\/product"}],"wp:featuredmedia":[{"embeddable":true,"href":"https:\/\/prismagamers.com\/hu\/wp-json\/wp\/v2\/media\/35739"}],"wp:attachment":[{"href":"https:\/\/prismagamers.com\/hu\/wp-json\/wp\/v2\/media?parent=35751"}],"wp:term":[{"taxonomy":"product_brand","embeddable":true,"href":"https:\/\/prismagamers.com\/hu\/wp-json\/wp\/v2\/product_brand?post=35751"},{"taxonomy":"product_cat","embeddable":true,"href":"https:\/\/prismagamers.com\/hu\/wp-json\/wp\/v2\/product_cat?post=35751"},{"taxonomy":"product_tag","embeddable":true,"href":"https:\/\/prismagamers.com\/hu\/wp-json\/wp\/v2\/product_tag?post=35751"}],"curies":[{"name":"wp","href":"https:\/\/api.w.org\/{rel}","templated":true}]}}