{"id":35761,"date":"2025-04-08T20:59:42","date_gmt":"2025-04-08T18:59:42","guid":{"rendered":"https:\/\/prismagamers.com\/produkt\/stygian-stygian-kulso-istenek\/"},"modified":"2026-03-05T00:00:51","modified_gmt":"2026-03-04T23:00:51","slug":"stygian-stygian-kulso-istenek","status":"publish","type":"product","link":"https:\/\/prismagamers.com\/hu\/produkt\/stygian-stygian-kulso-istenek\/","title":{"rendered":"Stygian: Outer Gods"},"content":{"rendered":"<h2 data-start=\"420\" data-end=\"508\"><strong data-start=\"423\" data-end=\"508\">Stygian: Outer Gods &#8211; egy Lovecrafti horror RPG a Reign of the Old Ones univerzumban.<\/strong><\/h2>\n<p data-start=\"510\" data-end=\"887\"><strong data-start=\"510\" data-end=\"533\">Stygian: Outer Gods<\/strong> <strong data-start=\"537\" data-end=\"593\">egy pszichol\u00f3giai RPG t\u00fal\u00e9l\u0151 horror elemekkel<\/strong>, amely a <strong data-start=\"679\" data-end=\"713\">Stygianb\u00f3l<\/strong> ismert s\u00f6t\u00e9t, <strong data-start=\"642\" data-end=\"661\">H.P. Lovecraft st\u00edlus\u00fa<\/strong> vil\u00e1gban j\u00e1tsz\u00f3dik <strong data-start=\"679\" data-end=\"713\">:<\/strong> <strong data-start=\"679\" data-end=\"713\">Reign of the Old Ones<\/strong> c\u00edm\u0171 reg\u00e9nyb\u0151l. Utazz vissza az id\u0151ben, \u00e9s fedezd fel a <strong data-start=\"762\" data-end=\"779\">Fekete Nap<\/strong> el\u0151tti esem\u00e9nyeket, mik\u00f6zben tiltott titkokat, term\u00e9szetfeletti fenyeget\u00e9seket \u00e9s a val\u00f3s\u00e1g \u00e1rny\u00e9k\u00e1ban megb\u00fav\u00f3 \u0151r\u00fcletet fedezel fel.<\/p>\n<p data-start=\"510\" data-end=\"887\"><img decoding=\"async\" class=\"bb_img aligncenter\" src=\"https:\/\/shared.fastly.steamstatic.com\/store_item_assets\/steam\/apps\/2581410\/extras\/1_-_Forbidden_harbor.gif?t=1744103689\" \/><\/p>\n<hr class=\"\" data-start=\"889\" data-end=\"892\" \/>\n<h3 data-start=\"894\" data-end=\"916\">\ud83d\udd25 F\u0151bb jellemz\u0151k:<\/h3>\n<ul data-start=\"917\" data-end=\"1788\">\n<li data-start=\"917\" data-end=\"1093\">\n<p data-start=\"919\" data-end=\"1093\"><strong data-start=\"919\" data-end=\"955\">Lovecrafti elbesz\u00e9l\u0151 horror<\/strong> &#8211; fedezd fel <strong data-start=\"985\" data-end=\"998\">Kingsport<\/strong> elfeledett telep\u00fcl\u00e9s\u00e9t, amelyet egy \u0151si gonosz k\u00eds\u00e9rt, \u00e9s amely tele van titkokkal, rejtv\u00e9nyekkel \u00e9s nyugtalan\u00edt\u00f3 l\u00e1tom\u00e1sokkal.<\/p>\n<\/li>\n<li data-start=\"1094\" data-end=\"1235\">\n<p data-start=\"1096\" data-end=\"1235\"><strong data-start=\"1096\" data-end=\"1124\">T\u00fal\u00e9l\u00e9s \u00e9s \u0151r\u00fclet<\/strong> &#8211; n\u00e9zz szembe fizikai \u00e9s pszichol\u00f3giai fenyeget\u00e9sekkel, k\u00fczdj sz\u00f6rnyekkel, hozz l\u00e9tre gy\u00f3gym\u00f3dokat \u00e9s v\u00e9dekezz az \u0151r\u00fclet ellen.<\/p>\n<\/li>\n<li data-start=\"1236\" data-end=\"1374\">\n<p data-start=\"1238\" data-end=\"1374\"><strong data-start=\"1238\" data-end=\"1266\">Az erk\u00f6lcsi d\u00f6nt\u00e9sek rendszere<\/strong> &#8211; minden egyes cselekedet befoly\u00e1solja a t\u00f6rt\u00e9net menet\u00e9t, \u00e9s t\u00f6bbf\u00e9le v\u00e9gkifejlethez vezet &#8211; a k\u00f6vetkezm\u00e9nyek elker\u00fclhetetlenek.<\/p>\n<\/li>\n<li data-start=\"1375\" data-end=\"1515\">\n<p data-start=\"1377\" data-end=\"1515\"><strong data-start=\"1377\" data-end=\"1408\">RPG \u00e9s felfedez\u0151 mechanika<\/strong> &#8211; oldj fel k\u00e9pess\u00e9geket, tal\u00e1lj t\u00e1rgyakat, fedezz fel egy dinamikus vil\u00e1got, amely az \u0151r\u00fclts\u00e9gi szintedre reag\u00e1l.<\/p>\n<\/li>\n<li data-start=\"1516\" data-end=\"1665\">\n<p data-start=\"1518\" data-end=\"1665\"><strong data-start=\"1518\" data-end=\"1547\">Legacy of the Stygian sorozat<\/strong> &#8211; fedezz fel \u00faj betekint\u00e9st a <strong data-start=\"1606\" data-end=\"1631\">Reign of the Old Ones<\/strong> sorozatb\u00f3l ismert esem\u00e9nyekbe \u00e9s karakterekbe, b\u0151v\u00edtve az univerzummal kapcsolatos ismereteidet.<\/p>\n<\/li>\n<li data-start=\"1666\" data-end=\"1788\">\n<p data-start=\"1668\" data-end=\"1788\"><strong data-start=\"1668\" data-end=\"1703\">\u00d6sszetett narrat\u00edva \u00e9s horrorisztikus hangulat<\/strong> &#8211; a j\u00e1t\u00e9k vil\u00e1ga k\u00f6lcs\u00f6nhat\u00e1sba l\u00e9p a d\u00f6nt\u00e9seiddel, \u00e9s lak\u00f3i veled egy\u00fctt v\u00e1ltoznak.<\/p>\n<\/li>\n<\/ul>\n<p><img decoding=\"async\" class=\"bb_img aligncenter\" src=\"https:\/\/shared.fastly.steamstatic.com\/store_item_assets\/steam\/apps\/2581410\/extras\/3_-_Roleplaying_mechanics.gif?t=1744103689\" \/><\/p>\n<hr class=\"\" data-start=\"1790\" data-end=\"1793\" \/>\n<p data-start=\"1795\" data-end=\"2077\">Vedd \u00e1t egy zsoldos szerep\u00e9t, aki egy titokzatos l\u00e1nyt v\u00e9d egy Kingsportba vezet\u0151 \u00faton, \u00e9s fedezz fel egy <strong data-start=\"1882\" data-end=\"1905\">s\u00f6t\u00e9t \u00f6r\u00f6ks\u00e9get<\/strong>, amely megv\u00e1ltoztathatja a vil\u00e1g sors\u00e1t &#8211; vagy \u00f6r\u00f6kre v\u00e9get vethet neki. Siker\u00fcl-e meg\u0151rizned az \u00e9rz\u00e9keidet \u00e9s megakad\u00e1lyoznod a <strong data-start=\"2021\" data-end=\"2043\">K\u00fcls\u0151 Istenek<\/strong> \u00e9bred\u00e9s\u00e9t, vagy az \u0151r\u00fcletbe zuhansz?<\/p>\n","protected":false},"excerpt":{"rendered":"<p class=\"ai-optimize-19\"><strong data-start=\"71\" data-end=\"94\">Stygian: Outer Gods<\/strong> egy pszichol\u00f3giai RPG <strong data-start=\"134\" data-end=\"163\">Lovecrafti horror<\/strong> elemekkel, amely a <strong data-start=\"186\" data-end=\"220\">Stygian<\/strong> univerzum\u00e1ban j\u00e1tsz\u00f3dik <strong data-start=\"186\" data-end=\"220\">:<\/strong> <strong data-start=\"186\" data-end=\"220\">Reign of the Old Ones<\/strong> vil\u00e1g\u00e1ban j\u00e1tsz\u00f3dik. Vedd \u00e1t egy zsoldos szerep\u00e9t, aki Kingsport k\u00eds\u00e9rtetj\u00e1rta telep\u00fcl\u00e9sre utazik, \u00e9s fedezd fel a Fekete Nap el\u0151tti esem\u00e9nyeket. Fedezd fel a s\u00f6t\u00e9t helysz\u00edneket, harcolj a kozmikus gonosszal, hozz neh\u00e9z d\u00f6nt\u00e9seket, \u00e9s n\u00e9zz szembe az \u0151r\u00fclet k\u00f6vetkezm\u00e9nyeivel. D\u00f6nt\u00e9seid alak\u00edtj\u00e1k a vil\u00e1g sors\u00e1t &#8211; vagy siettetik a pusztul\u00e1s\u00e1t.<\/p>\n<p class=\"ai-optimize-20\">\ud83c\udf0d Glob\u00e1lis<br \/>\n\u2699\ufe0f Steam<br \/>\n\ud83d\udddd Digit\u00e1lis kulcs<\/p>\n","protected":false},"featured_media":35753,"template":"","meta":{"_acf_changed":false,"site-sidebar-layout":"default","site-content-layout":"","ast-site-content-layout":"default","site-content-style":"default","site-sidebar-style":"default","ast-global-header-display":"","ast-banner-title-visibility":"","ast-main-header-display":"","ast-hfb-above-header-display":"","ast-hfb-below-header-display":"","ast-hfb-mobile-header-display":"","site-post-title":"","ast-breadcrumbs-content":"","ast-featured-img":"","footer-sml-layout":"","ast-disable-related-posts":"","theme-transparent-header-meta":"default","adv-header-id-meta":"","stick-header-meta":"","header-above-stick-meta":"","header-main-stick-meta":"","header-below-stick-meta":"","astra-migrate-meta-layouts":"set","ast-page-background-enabled":"default","ast-page-background-meta":{"desktop":{"background-color":"var(--ast-global-color-4)","background-image":"","background-repeat":"repeat","background-position":"center center","background-size":"auto","background-attachment":"scroll","background-type":"","background-media":"","overlay-type":"","overlay-color":"","overlay-opacity":"","overlay-gradient":""},"tablet":{"background-color":"","background-image":"","background-repeat":"repeat","background-position":"center center","background-size":"auto","background-attachment":"scroll","background-type":"","background-media":"","overlay-type":"","overlay-color":"","overlay-opacity":"","overlay-gradient":""},"mobile":{"background-color":"","background-image":"","background-repeat":"repeat","background-position":"center center","background-size":"auto","background-attachment":"scroll","background-type":"","background-media":"","overlay-type":"","overlay-color":"","overlay-opacity":"","overlay-gradient":""}},"ast-content-background-meta":{"desktop":{"background-color":"var(--ast-global-color-5)","background-image":"","background-repeat":"repeat","background-position":"center center","background-size":"auto","background-attachment":"scroll","background-type":"","background-media":"","overlay-type":"","overlay-color":"","overlay-opacity":"","overlay-gradient":""},"tablet":{"background-color":"var(--ast-global-color-5)","background-image":"","background-repeat":"repeat","background-position":"center center","background-size":"auto","background-attachment":"scroll","background-type":"","background-media":"","overlay-type":"","overlay-color":"","overlay-opacity":"","overlay-gradient":""},"mobile":{"background-color":"var(--ast-global-color-5)","background-image":"","background-repeat":"repeat","background-position":"center center","background-size":"auto","background-attachment":"scroll","background-type":"","background-media":"","overlay-type":"","overlay-color":"","overlay-opacity":"","overlay-gradient":""}}},"product_brand":[],"product_cat":[371,369,387,378,364],"product_tag":[],"class_list":{"0":"post-35761","1":"product","2":"type-product","3":"status-publish","4":"has-post-thumbnail","6":"product_cat-akcio-jatekok","7":"product_cat-csarnokok","8":"product_cat-fulqrum-publishing-hu","9":"product_cat-minden-digitalis-jatek","10":"product_cat-rpg-k","11":"desktop-align-left","12":"tablet-align-left","13":"mobile-align-left","15":"first","16":"instock","17":"virtual","18":"purchasable","19":"product-type-simple"},"acf":[],"yoast_head":"<!-- This site is optimized with the Yoast SEO Premium plugin v27.4 (Yoast SEO v27.4) - https:\/\/yoast.com\/product\/yoast-seo-premium-wordpress\/ -->\n<title>Stygian: Outer Gods - Prismagamers.com<\/title>\n<meta name=\"description\" content=\"Stygian: Outer Gods egy pszichol\u00f3giai RPG Lovecrafti horror elemekkel, amely a Stygian univerzum\u00e1ban j\u00e1tsz\u00f3dik : Reign of the Old Ones vil\u00e1g\u00e1ban j\u00e1tsz\u00f3dik. Vedd \u00e1t egy zsoldos szerep\u00e9t, aki Kingsport k\u00eds\u00e9rtetj\u00e1rta telep\u00fcl\u00e9sre utazik, \u00e9s fedezd fel a Fekete Nap el\u0151tti esem\u00e9nyeket. Fedezd fel a s\u00f6t\u00e9t helysz\u00edneket, harcolj a kozmikus gonosszal, hozz neh\u00e9z d\u00f6nt\u00e9seket, \u00e9s n\u00e9zz szembe az \u0151r\u00fclet k\u00f6vetkezm\u00e9nyeivel. D\u00f6nt\u00e9seid alak\u00edtj\u00e1k a vil\u00e1g sors\u00e1t - vagy siettetik a pusztul\u00e1s\u00e1t. \ud83c\udf0d Glob\u00e1lis \u2699\ufe0f Steam \ud83d\udddd Digit\u00e1lis kulcs\" \/>\n<meta name=\"robots\" content=\"index, follow, max-snippet:-1, max-image-preview:large, max-video-preview:-1\" \/>\n<link rel=\"canonical\" href=\"https:\/\/prismagamers.com\/hu\/produkt\/stygian-stygian-kulso-istenek\/\" \/>\n<meta property=\"og:locale\" content=\"hu_HU\" \/>\n<meta property=\"og:type\" content=\"article\" \/>\n<meta property=\"og:title\" content=\"Stygian: Outer Gods\" \/>\n<meta property=\"og:description\" content=\"Stygian: Outer Gods egy pszichol\u00f3giai RPG Lovecrafti horror elemekkel, amely a Stygian univerzum\u00e1ban j\u00e1tsz\u00f3dik : Reign of the Old Ones vil\u00e1g\u00e1ban j\u00e1tsz\u00f3dik. Vedd \u00e1t egy zsoldos szerep\u00e9t, aki Kingsport k\u00eds\u00e9rtetj\u00e1rta telep\u00fcl\u00e9sre utazik, \u00e9s fedezd fel a Fekete Nap el\u0151tti esem\u00e9nyeket. Fedezd fel a s\u00f6t\u00e9t helysz\u00edneket, harcolj a kozmikus gonosszal, hozz neh\u00e9z d\u00f6nt\u00e9seket, \u00e9s n\u00e9zz szembe az \u0151r\u00fclet k\u00f6vetkezm\u00e9nyeivel. D\u00f6nt\u00e9seid alak\u00edtj\u00e1k a vil\u00e1g sors\u00e1t - vagy siettetik a pusztul\u00e1s\u00e1t. \ud83c\udf0d Glob\u00e1lis \u2699\ufe0f Steam \ud83d\udddd Digit\u00e1lis kulcs\" \/>\n<meta property=\"og:url\" content=\"https:\/\/prismagamers.com\/hu\/produkt\/stygian-stygian-kulso-istenek\/\" \/>\n<meta property=\"og:site_name\" content=\"Prismagamers.com\" \/>\n<meta property=\"article:publisher\" content=\"https:\/\/www.facebook.com\/prismagamers\" \/>\n<meta property=\"article:modified_time\" content=\"2026-03-04T23:00:51+00:00\" \/>\n<meta property=\"og:image\" content=\"https:\/\/prismagamers.com\/wp-content\/uploads\/2025\/04\/library_600x900_2x-21.jpg\" \/>\n\t<meta property=\"og:image:width\" content=\"600\" \/>\n\t<meta property=\"og:image:height\" content=\"900\" \/>\n\t<meta property=\"og:image:type\" content=\"image\/jpeg\" \/>\n<meta name=\"twitter:card\" content=\"summary_large_image\" \/>\n<meta name=\"twitter:label1\" content=\"Becs\u00fclt olvas\u00e1si id\u0151\" \/>\n\t<meta name=\"twitter:data1\" content=\"2 perc\" \/>\n<script type=\"application\/ld+json\" class=\"yoast-schema-graph\">{\"@context\":\"https:\\\/\\\/schema.org\",\"@graph\":[{\"@type\":\"WebPage\",\"@id\":\"https:\\\/\\\/prismagamers.com\\\/hu\\\/produkt\\\/stygian-stygian-kulso-istenek\\\/\",\"url\":\"https:\\\/\\\/prismagamers.com\\\/hu\\\/produkt\\\/stygian-stygian-kulso-istenek\\\/\",\"name\":\"Stygian: Outer Gods - Prismagamers.com\",\"isPartOf\":{\"@id\":\"https:\\\/\\\/prismagamers.com\\\/hu\\\/#website\"},\"primaryImageOfPage\":{\"@id\":\"https:\\\/\\\/prismagamers.com\\\/hu\\\/produkt\\\/stygian-stygian-kulso-istenek\\\/#primaryimage\"},\"image\":{\"@id\":\"https:\\\/\\\/prismagamers.com\\\/hu\\\/produkt\\\/stygian-stygian-kulso-istenek\\\/#primaryimage\"},\"thumbnailUrl\":\"https:\\\/\\\/prismagamers.com\\\/wp-content\\\/uploads\\\/2025\\\/04\\\/library_600x900_2x-21.jpg\",\"datePublished\":\"2025-04-08T18:59:42+00:00\",\"dateModified\":\"2026-03-04T23:00:51+00:00\",\"description\":\"Stygian: Outer Gods egy pszichol\u00f3giai RPG Lovecrafti horror elemekkel, amely a Stygian univerzum\u00e1ban j\u00e1tsz\u00f3dik : Reign of the Old Ones vil\u00e1g\u00e1ban j\u00e1tsz\u00f3dik. Vedd \u00e1t egy zsoldos szerep\u00e9t, aki Kingsport k\u00eds\u00e9rtetj\u00e1rta telep\u00fcl\u00e9sre utazik, \u00e9s fedezd fel a Fekete Nap el\u0151tti esem\u00e9nyeket. Fedezd fel a s\u00f6t\u00e9t helysz\u00edneket, harcolj a kozmikus gonosszal, hozz neh\u00e9z d\u00f6nt\u00e9seket, \u00e9s n\u00e9zz szembe az \u0151r\u00fclet k\u00f6vetkezm\u00e9nyeivel. D\u00f6nt\u00e9seid alak\u00edtj\u00e1k a vil\u00e1g sors\u00e1t - vagy siettetik a pusztul\u00e1s\u00e1t. \ud83c\udf0d Glob\u00e1lis \u2699\ufe0f Steam \ud83d\udddd Digit\u00e1lis kulcs\",\"breadcrumb\":{\"@id\":\"https:\\\/\\\/prismagamers.com\\\/hu\\\/produkt\\\/stygian-stygian-kulso-istenek\\\/#breadcrumb\"},\"inLanguage\":\"hu\",\"potentialAction\":[{\"@type\":\"ReadAction\",\"target\":[\"https:\\\/\\\/prismagamers.com\\\/hu\\\/produkt\\\/stygian-stygian-kulso-istenek\\\/\"]}]},{\"@type\":\"ImageObject\",\"inLanguage\":\"hu\",\"@id\":\"https:\\\/\\\/prismagamers.com\\\/hu\\\/produkt\\\/stygian-stygian-kulso-istenek\\\/#primaryimage\",\"url\":\"https:\\\/\\\/prismagamers.com\\\/wp-content\\\/uploads\\\/2025\\\/04\\\/library_600x900_2x-21.jpg\",\"contentUrl\":\"https:\\\/\\\/prismagamers.com\\\/wp-content\\\/uploads\\\/2025\\\/04\\\/library_600x900_2x-21.jpg\",\"width\":600,\"height\":900,\"caption\":\"Stygian: Outer Gods bor\u00edt\u00f3\"},{\"@type\":\"BreadcrumbList\",\"@id\":\"https:\\\/\\\/prismagamers.com\\\/hu\\\/produkt\\\/stygian-stygian-kulso-istenek\\\/#breadcrumb\",\"itemListElement\":[{\"@type\":\"ListItem\",\"position\":1,\"name\":\"Strona g\u0142\u00f3wna\",\"item\":\"https:\\\/\\\/prismagamers.com\\\/hu\\\/prismagamers\\\/\"},{\"@type\":\"ListItem\",\"position\":2,\"name\":\"Shop\",\"item\":\"https:\\\/\\\/prismagamers.com\\\/hu\\\/shop\\\/\"},{\"@type\":\"ListItem\",\"position\":3,\"name\":\"Stygian: Outer Gods\"}]},{\"@type\":\"WebSite\",\"@id\":\"https:\\\/\\\/prismagamers.com\\\/hu\\\/#website\",\"url\":\"https:\\\/\\\/prismagamers.com\\\/hu\\\/\",\"name\":\"Prismagamers\",\"description\":\"Sklep z grami PC I Sklep klucze Steam\",\"publisher\":{\"@id\":\"https:\\\/\\\/prismagamers.com\\\/hu\\\/#organization\"},\"potentialAction\":[{\"@type\":\"SearchAction\",\"target\":{\"@type\":\"EntryPoint\",\"urlTemplate\":\"https:\\\/\\\/prismagamers.com\\\/hu\\\/?s={search_term_string}\"},\"query-input\":{\"@type\":\"PropertyValueSpecification\",\"valueRequired\":true,\"valueName\":\"search_term_string\"}}],\"inLanguage\":\"hu\"},{\"@type\":\"Organization\",\"@id\":\"https:\\\/\\\/prismagamers.com\\\/hu\\\/#organization\",\"name\":\"Prismagamers\",\"url\":\"https:\\\/\\\/prismagamers.com\\\/hu\\\/\",\"logo\":{\"@type\":\"ImageObject\",\"inLanguage\":\"hu\",\"@id\":\"https:\\\/\\\/prismagamers.com\\\/hu\\\/#\\\/schema\\\/logo\\\/image\\\/\",\"url\":\"https:\\\/\\\/prismagamers.com\\\/wp-content\\\/uploads\\\/2022\\\/04\\\/cropped-logo-Prismagamers-01-scaled-1.jpg\",\"contentUrl\":\"https:\\\/\\\/prismagamers.com\\\/wp-content\\\/uploads\\\/2022\\\/04\\\/cropped-logo-Prismagamers-01-scaled-1.jpg\",\"width\":512,\"height\":512,\"caption\":\"Prismagamers\"},\"image\":{\"@id\":\"https:\\\/\\\/prismagamers.com\\\/hu\\\/#\\\/schema\\\/logo\\\/image\\\/\"},\"sameAs\":[\"https:\\\/\\\/www.facebook.com\\\/prismagamers\",\"https:\\\/\\\/www.instagram.com\\\/prismagamers_grycyfrowe\\\/\"],\"description\":\"Prismagamers.com to dynamiczny sklep z grami cyfrowymi, stworzony z my\u015bl\u0105 o entuzjastach gier wideo. Nasza strona oferuje szerok\u0105 gam\u0119 gier komputerowych, w tym najnowsze tytu\u0142y, dobrze znane klasyki oraz gry stworzone przez niezale\u017cne studia Ca\u0142y czas d\u0105\u017cymy do rozszerzenia naszej oferty. Do\u0142\u0105cz do nas i sta\u0144 si\u0119 cz\u0119\u015bci\u0105 naszej rosn\u0105cej spo\u0142eczno\u015bci graczy!\",\"email\":\"shop@prismagamers.com\",\"telephone\":\"48795541705\",\"legalName\":\"East Caravan Maksym \u017bukow\",\"foundingDate\":\"2012-05-10\",\"vatID\":\"PL8943038612\",\"taxID\":\"PL8943038612\",\"numberOfEmployees\":{\"@type\":\"QuantitativeValue\",\"minValue\":\"11\",\"maxValue\":\"50\"}}]}<\/script>\n<!-- \/ Yoast SEO Premium plugin. -->","yoast_head_json":{"title":"Stygian: Outer Gods - Prismagamers.com","description":"Stygian: Outer Gods egy pszichol\u00f3giai RPG Lovecrafti horror elemekkel, amely a Stygian univerzum\u00e1ban j\u00e1tsz\u00f3dik : Reign of the Old Ones vil\u00e1g\u00e1ban j\u00e1tsz\u00f3dik. Vedd \u00e1t egy zsoldos szerep\u00e9t, aki Kingsport k\u00eds\u00e9rtetj\u00e1rta telep\u00fcl\u00e9sre utazik, \u00e9s fedezd fel a Fekete Nap el\u0151tti esem\u00e9nyeket. Fedezd fel a s\u00f6t\u00e9t helysz\u00edneket, harcolj a kozmikus gonosszal, hozz neh\u00e9z d\u00f6nt\u00e9seket, \u00e9s n\u00e9zz szembe az \u0151r\u00fclet k\u00f6vetkezm\u00e9nyeivel. D\u00f6nt\u00e9seid alak\u00edtj\u00e1k a vil\u00e1g sors\u00e1t - vagy siettetik a pusztul\u00e1s\u00e1t. \ud83c\udf0d Glob\u00e1lis \u2699\ufe0f Steam \ud83d\udddd Digit\u00e1lis kulcs","robots":{"index":"index","follow":"follow","max-snippet":"max-snippet:-1","max-image-preview":"max-image-preview:large","max-video-preview":"max-video-preview:-1"},"canonical":"https:\/\/prismagamers.com\/hu\/produkt\/stygian-stygian-kulso-istenek\/","og_locale":"hu_HU","og_type":"article","og_title":"Stygian: Outer Gods","og_description":"Stygian: Outer Gods egy pszichol\u00f3giai RPG Lovecrafti horror elemekkel, amely a Stygian univerzum\u00e1ban j\u00e1tsz\u00f3dik : Reign of the Old Ones vil\u00e1g\u00e1ban j\u00e1tsz\u00f3dik. Vedd \u00e1t egy zsoldos szerep\u00e9t, aki Kingsport k\u00eds\u00e9rtetj\u00e1rta telep\u00fcl\u00e9sre utazik, \u00e9s fedezd fel a Fekete Nap el\u0151tti esem\u00e9nyeket. Fedezd fel a s\u00f6t\u00e9t helysz\u00edneket, harcolj a kozmikus gonosszal, hozz neh\u00e9z d\u00f6nt\u00e9seket, \u00e9s n\u00e9zz szembe az \u0151r\u00fclet k\u00f6vetkezm\u00e9nyeivel. D\u00f6nt\u00e9seid alak\u00edtj\u00e1k a vil\u00e1g sors\u00e1t - vagy siettetik a pusztul\u00e1s\u00e1t. \ud83c\udf0d Glob\u00e1lis \u2699\ufe0f Steam \ud83d\udddd Digit\u00e1lis kulcs","og_url":"https:\/\/prismagamers.com\/hu\/produkt\/stygian-stygian-kulso-istenek\/","og_site_name":"Prismagamers.com","article_publisher":"https:\/\/www.facebook.com\/prismagamers","article_modified_time":"2026-03-04T23:00:51+00:00","og_image":[{"width":600,"height":900,"url":"https:\/\/prismagamers.com\/wp-content\/uploads\/2025\/04\/library_600x900_2x-21.jpg","type":"image\/jpeg"}],"twitter_card":"summary_large_image","twitter_misc":{"Becs\u00fclt olvas\u00e1si id\u0151":"2 perc"},"schema":{"@context":"https:\/\/schema.org","@graph":[{"@type":"WebPage","@id":"https:\/\/prismagamers.com\/hu\/produkt\/stygian-stygian-kulso-istenek\/","url":"https:\/\/prismagamers.com\/hu\/produkt\/stygian-stygian-kulso-istenek\/","name":"Stygian: Outer Gods - Prismagamers.com","isPartOf":{"@id":"https:\/\/prismagamers.com\/hu\/#website"},"primaryImageOfPage":{"@id":"https:\/\/prismagamers.com\/hu\/produkt\/stygian-stygian-kulso-istenek\/#primaryimage"},"image":{"@id":"https:\/\/prismagamers.com\/hu\/produkt\/stygian-stygian-kulso-istenek\/#primaryimage"},"thumbnailUrl":"https:\/\/prismagamers.com\/wp-content\/uploads\/2025\/04\/library_600x900_2x-21.jpg","datePublished":"2025-04-08T18:59:42+00:00","dateModified":"2026-03-04T23:00:51+00:00","description":"Stygian: Outer Gods egy pszichol\u00f3giai RPG Lovecrafti horror elemekkel, amely a Stygian univerzum\u00e1ban j\u00e1tsz\u00f3dik : Reign of the Old Ones vil\u00e1g\u00e1ban j\u00e1tsz\u00f3dik. Vedd \u00e1t egy zsoldos szerep\u00e9t, aki Kingsport k\u00eds\u00e9rtetj\u00e1rta telep\u00fcl\u00e9sre utazik, \u00e9s fedezd fel a Fekete Nap el\u0151tti esem\u00e9nyeket. Fedezd fel a s\u00f6t\u00e9t helysz\u00edneket, harcolj a kozmikus gonosszal, hozz neh\u00e9z d\u00f6nt\u00e9seket, \u00e9s n\u00e9zz szembe az \u0151r\u00fclet k\u00f6vetkezm\u00e9nyeivel. D\u00f6nt\u00e9seid alak\u00edtj\u00e1k a vil\u00e1g sors\u00e1t - vagy siettetik a pusztul\u00e1s\u00e1t. \ud83c\udf0d Glob\u00e1lis \u2699\ufe0f Steam \ud83d\udddd Digit\u00e1lis kulcs","breadcrumb":{"@id":"https:\/\/prismagamers.com\/hu\/produkt\/stygian-stygian-kulso-istenek\/#breadcrumb"},"inLanguage":"hu","potentialAction":[{"@type":"ReadAction","target":["https:\/\/prismagamers.com\/hu\/produkt\/stygian-stygian-kulso-istenek\/"]}]},{"@type":"ImageObject","inLanguage":"hu","@id":"https:\/\/prismagamers.com\/hu\/produkt\/stygian-stygian-kulso-istenek\/#primaryimage","url":"https:\/\/prismagamers.com\/wp-content\/uploads\/2025\/04\/library_600x900_2x-21.jpg","contentUrl":"https:\/\/prismagamers.com\/wp-content\/uploads\/2025\/04\/library_600x900_2x-21.jpg","width":600,"height":900,"caption":"Stygian: Outer Gods bor\u00edt\u00f3"},{"@type":"BreadcrumbList","@id":"https:\/\/prismagamers.com\/hu\/produkt\/stygian-stygian-kulso-istenek\/#breadcrumb","itemListElement":[{"@type":"ListItem","position":1,"name":"Strona g\u0142\u00f3wna","item":"https:\/\/prismagamers.com\/hu\/prismagamers\/"},{"@type":"ListItem","position":2,"name":"Shop","item":"https:\/\/prismagamers.com\/hu\/shop\/"},{"@type":"ListItem","position":3,"name":"Stygian: Outer Gods"}]},{"@type":"WebSite","@id":"https:\/\/prismagamers.com\/hu\/#website","url":"https:\/\/prismagamers.com\/hu\/","name":"Prismagamers","description":"Sklep z grami PC I Sklep klucze Steam","publisher":{"@id":"https:\/\/prismagamers.com\/hu\/#organization"},"potentialAction":[{"@type":"SearchAction","target":{"@type":"EntryPoint","urlTemplate":"https:\/\/prismagamers.com\/hu\/?s={search_term_string}"},"query-input":{"@type":"PropertyValueSpecification","valueRequired":true,"valueName":"search_term_string"}}],"inLanguage":"hu"},{"@type":"Organization","@id":"https:\/\/prismagamers.com\/hu\/#organization","name":"Prismagamers","url":"https:\/\/prismagamers.com\/hu\/","logo":{"@type":"ImageObject","inLanguage":"hu","@id":"https:\/\/prismagamers.com\/hu\/#\/schema\/logo\/image\/","url":"https:\/\/prismagamers.com\/wp-content\/uploads\/2022\/04\/cropped-logo-Prismagamers-01-scaled-1.jpg","contentUrl":"https:\/\/prismagamers.com\/wp-content\/uploads\/2022\/04\/cropped-logo-Prismagamers-01-scaled-1.jpg","width":512,"height":512,"caption":"Prismagamers"},"image":{"@id":"https:\/\/prismagamers.com\/hu\/#\/schema\/logo\/image\/"},"sameAs":["https:\/\/www.facebook.com\/prismagamers","https:\/\/www.instagram.com\/prismagamers_grycyfrowe\/"],"description":"Prismagamers.com to dynamiczny sklep z grami cyfrowymi, stworzony z my\u015bl\u0105 o entuzjastach gier wideo. Nasza strona oferuje szerok\u0105 gam\u0119 gier komputerowych, w tym najnowsze tytu\u0142y, dobrze znane klasyki oraz gry stworzone przez niezale\u017cne studia Ca\u0142y czas d\u0105\u017cymy do rozszerzenia naszej oferty. Do\u0142\u0105cz do nas i sta\u0144 si\u0119 cz\u0119\u015bci\u0105 naszej rosn\u0105cej spo\u0142eczno\u015bci graczy!","email":"shop@prismagamers.com","telephone":"48795541705","legalName":"East Caravan Maksym \u017bukow","foundingDate":"2012-05-10","vatID":"PL8943038612","taxID":"PL8943038612","numberOfEmployees":{"@type":"QuantitativeValue","minValue":"11","maxValue":"50"}}]}},"_links":{"self":[{"href":"https:\/\/prismagamers.com\/hu\/wp-json\/wp\/v2\/product\/35761","targetHints":{"allow":["GET"]}}],"collection":[{"href":"https:\/\/prismagamers.com\/hu\/wp-json\/wp\/v2\/product"}],"about":[{"href":"https:\/\/prismagamers.com\/hu\/wp-json\/wp\/v2\/types\/product"}],"wp:featuredmedia":[{"embeddable":true,"href":"https:\/\/prismagamers.com\/hu\/wp-json\/wp\/v2\/media\/35753"}],"wp:attachment":[{"href":"https:\/\/prismagamers.com\/hu\/wp-json\/wp\/v2\/media?parent=35761"}],"wp:term":[{"taxonomy":"product_brand","embeddable":true,"href":"https:\/\/prismagamers.com\/hu\/wp-json\/wp\/v2\/product_brand?post=35761"},{"taxonomy":"product_cat","embeddable":true,"href":"https:\/\/prismagamers.com\/hu\/wp-json\/wp\/v2\/product_cat?post=35761"},{"taxonomy":"product_tag","embeddable":true,"href":"https:\/\/prismagamers.com\/hu\/wp-json\/wp\/v2\/product_tag?post=35761"}],"curies":[{"name":"wp","href":"https:\/\/api.w.org\/{rel}","templated":true}]}}