{"id":36017,"date":"2025-04-11T22:31:57","date_gmt":"2025-04-11T20:31:57","guid":{"rendered":"https:\/\/prismagamers.com\/produkt\/beholder\/"},"modified":"2026-03-05T00:00:30","modified_gmt":"2026-03-04T23:00:30","slug":"beholder","status":"publish","type":"product","link":"https:\/\/prismagamers.com\/hu\/produkt\/beholder\/","title":{"rendered":"Beholder"},"content":{"rendered":"<p class=\"\" data-start=\"153\" data-end=\"439\">Vedd \u00e1t egy lak\u00f3h\u00e1z vezet\u0151j\u00e9nek szerep\u00e9t egy brut\u00e1lis diszt\u00f3pi\u00e1ban, ahol a totalit\u00e1rius \u00e1llam az \u00e9let minden ter\u00fclet\u00e9t ellen\u0151rzi. Ebben a siv\u00e1r val\u00f3s\u00e1gban, ahol a mag\u00e1n\u00e9let m\u00e1r nem l\u00e9tezik, a napi feladatod, hogy fenntartsd a h\u00e1z n\u00e9pszer\u0171s\u00e9g\u00e9nek homlokzat\u00e1t a lak\u00f3k k\u00f6r\u00e9ben. Ez azonban csak a l\u00e1tszat.  <\/p>\n<p data-start=\"153\" data-end=\"439\"><img decoding=\"async\" class=\"bb_img aligncenter\" src=\"https:\/\/shared.fastly.steamstatic.com\/store_item_assets\/steam\/apps\/475550\/extras\/1470992423_bomb1_gif.png?t=1741764412\"><\/p>\n<p class=\"\" data-start=\"441\" data-end=\"702\">Az \u00f6n\u00f6k val\u00f3di feladata a lehallgat\u00e1sok, a szob\u00e1k \u00e1tkutat\u00e1sa \u00e9s a lakosok profiloz\u00e1sa, hogy jelentsenek azokr\u00f3l, akik vesz\u00e9lyeztethetik az \u00e1llamhatalmat. De v\u00e1lasztanod kell: meg\u0151rz\u00f6d embers\u00e9gedet, vagy a manipul\u00e1ci\u00f3 \u00e9s a zsarol\u00e1s \u00fatj\u00e1ra l\u00e9psz? <\/p>\n<p data-start=\"441\" data-end=\"702\"><img decoding=\"async\" class=\"bb_img aligncenter\" src=\"https:\/\/shared.fastly.steamstatic.com\/store_item_assets\/steam\/apps\/475550\/extras\/1470992464_spy1_gif.png?t=1741764412\"><\/p>\n<p class=\"\" data-start=\"704\" data-end=\"982\">A Grim Dystopia j\u00e1t\u00e9kban sz\u00e1mos olyan d\u00f6nt\u00e9st hozol, amelyek meghat\u00e1rozz\u00e1k a karakterek \u00e9s a k\u00f6r\u00fcl\u00f6tt\u00fck l\u00e9v\u0151 vil\u00e1g sors\u00e1t. Ismerkedj meg a legk\u00fcl\u00f6nb\u00f6z\u0151bb karakterekkel, teljes\u00edts olyan feladatokat, amelyeknek messzemen\u0151 k\u00f6vetkezm\u00e9nyei lesznek, \u00e9s tapasztald meg a sok lehets\u00e9ges befejez\u00e9s egyik\u00e9t, amely\u00e9rt te leszel a felel\u0151s. <\/p>\n<p data-start=\"704\" data-end=\"982\"><img decoding=\"async\" class=\"bb_img aligncenter\" src=\"https:\/\/shared.fastly.steamstatic.com\/store_item_assets\/steam\/apps\/475550\/extras\/1470992369_arrest1_gif.png?t=1741764412\"><\/p>\n<p class=\"\" data-start=\"984\" data-end=\"1005\"><strong data-start=\"984\" data-end=\"1005\">A j\u00e1t\u00e9k f\u0151bb jellemz\u0151i:<\/strong><\/p>\n<ul data-start=\"1006\" data-end=\"1453\">\n<li class=\"\" data-start=\"1006\" data-end=\"1115\">\n<p class=\"\" data-start=\"1008\" data-end=\"1115\"><strong data-start=\"1008\" data-end=\"1029\">Egy diszt\u00f3pikus vil\u00e1g:<\/strong> Fedezd fel a j\u00f6v\u0151 s\u00f6t\u00e9t v\u00edzi\u00f3j\u00e1t, ahol az \u00e1llam ellen\u0151rz\u00e9se az \u00e9let minden szeglet\u00e9t el\u00e9ri.<\/p>\n<\/li>\n<li class=\"\" data-start=\"1116\" data-end=\"1225\">\n<p class=\"\" data-start=\"1118\" data-end=\"1225\"><strong data-start=\"1118\" data-end=\"1142\">D\u00f6nt\u0151 j\u00e1t\u00e9kmenet:<\/strong> a d\u00f6nt\u00e9seid sz\u00e1m\u00edtanak. Minden d\u00f6nt\u00e9s befoly\u00e1solja a karakterek \u00e9s k\u00f6rnyezet\u00fck sors\u00e1t. <\/p>\n<\/li>\n<li class=\"\" data-start=\"1226\" data-end=\"1346\">\n<p class=\"\" data-start=\"1228\" data-end=\"1346\"><strong data-start=\"1228\" data-end=\"1249\">Erk\u00f6lcsi dilemm\u00e1k:<\/strong> Meg\u0151rz\u00f6d emberi m\u00e9lt\u00f3s\u00e1godat egy elnyom\u00f3 rendszerrel szemben, vagy engedsz a hatalom s\u00f6t\u00e9t oldal\u00e1nak?<\/p>\n<\/li>\n<li class=\"\" data-start=\"1347\" data-end=\"1453\">\n<p class=\"\" data-start=\"1349\" data-end=\"1453\"><strong data-start=\"1349\" data-end=\"1376\">Dinamikus befejez\u00e9sek:<\/strong> Tapasztald meg a d\u00f6nt\u00e9seidb\u0151l \u00e9s tetteidb\u0151l ad\u00f3d\u00f3 k\u00fcl\u00f6nb\u00f6z\u0151 befejez\u00e9seket.<\/p>\n<\/li>\n<\/ul>\n<p class=\"\" data-start=\"1455\" data-end=\"1589\">Mer\u00fclj el egy brut\u00e1lis diszt\u00f3pia vil\u00e1g\u00e1ba, \u00e9s n\u00e9zd meg, meddig tudsz elmenni az emberi m\u00e9lt\u00f3s\u00e1g v\u00e9delm\u00e9ben egy totalit\u00e1rius rendszerrel szemben.<\/p>\n<p data-start=\"1455\" data-end=\"1589\"><img decoding=\"async\" class=\"bb_img aligncenter\" src=\"https:\/\/shared.fastly.steamstatic.com\/store_item_assets\/steam\/apps\/475550\/extras\/1470990996_heroes1_gif.png?t=1741764412\"><\/p>\n","protected":false},"excerpt":{"rendered":"<p>A Beholderben egy h\u00e1zvezet\u0151 szerep\u00e9t t\u00f6lt\u00f6d be egy elnyom\u00f3 diszt\u00f3pi\u00e1ban, ahol a totalit\u00e1rius \u00e1llam az \u00e9let minden ter\u00fclet\u00e9t ellen\u0151rzi. Hallgat\u00f3zz, kutass \u00e1t szob\u00e1kat, \u00e9s hozz erk\u00f6lcsileg kih\u00edv\u00e1st jelent\u0151 d\u00f6nt\u00e9seket, amelyek a lak\u00f3k \u00e9s a k\u00f6r\u00fcl\u00f6tted l\u00e9v\u0151 vil\u00e1g sors\u00e1t alak\u00edtj\u00e1k. Meg\u0151rz\u00f6d-e embers\u00e9gedet az elnyom\u00e1ssal szemben, vagy megadod magad a hatalom s\u00f6t\u00e9t oldal\u00e1nak?  <\/p>\n<p>\ud83c\udf0d Glob\u00e1lis<br \/>\n\u2699\ufe0f Steam<br \/>\n\ud83d\udddd Digit\u00e1lis kulcs<\/p>\n","protected":false},"featured_media":36008,"template":"","meta":{"_acf_changed":false,"site-sidebar-layout":"default","site-content-layout":"","ast-site-content-layout":"default","site-content-style":"default","site-sidebar-style":"default","ast-global-header-display":"","ast-banner-title-visibility":"","ast-main-header-display":"","ast-hfb-above-header-display":"","ast-hfb-below-header-display":"","ast-hfb-mobile-header-display":"","site-post-title":"","ast-breadcrumbs-content":"","ast-featured-img":"","footer-sml-layout":"","ast-disable-related-posts":"","theme-transparent-header-meta":"default","adv-header-id-meta":"","stick-header-meta":"","header-above-stick-meta":"","header-main-stick-meta":"","header-below-stick-meta":"","astra-migrate-meta-layouts":"default","ast-page-background-enabled":"default","ast-page-background-meta":{"desktop":{"background-color":"var(--ast-global-color-4)","background-image":"","background-repeat":"repeat","background-position":"center center","background-size":"auto","background-attachment":"scroll","background-type":"","background-media":"","overlay-type":"","overlay-color":"","overlay-opacity":"","overlay-gradient":""},"tablet":{"background-color":"","background-image":"","background-repeat":"repeat","background-position":"center center","background-size":"auto","background-attachment":"scroll","background-type":"","background-media":"","overlay-type":"","overlay-color":"","overlay-opacity":"","overlay-gradient":""},"mobile":{"background-color":"","background-image":"","background-repeat":"repeat","background-position":"center center","background-size":"auto","background-attachment":"scroll","background-type":"","background-media":"","overlay-type":"","overlay-color":"","overlay-opacity":"","overlay-gradient":""}},"ast-content-background-meta":{"desktop":{"background-color":"var(--ast-global-color-5)","background-image":"","background-repeat":"repeat","background-position":"center center","background-size":"auto","background-attachment":"scroll","background-type":"","background-media":"","overlay-type":"","overlay-color":"","overlay-opacity":"","overlay-gradient":""},"tablet":{"background-color":"var(--ast-global-color-5)","background-image":"","background-repeat":"repeat","background-position":"center center","background-size":"auto","background-attachment":"scroll","background-type":"","background-media":"","overlay-type":"","overlay-color":"","overlay-opacity":"","overlay-gradient":""},"mobile":{"background-color":"var(--ast-global-color-5)","background-image":"","background-repeat":"repeat","background-position":"center center","background-size":"auto","background-attachment":"scroll","background-type":"","background-media":"","overlay-type":"","overlay-color":"","overlay-opacity":"","overlay-gradient":""}}},"product_brand":[],"product_cat":[443,369,372,363,364],"product_tag":[],"class_list":{"0":"post-36017","1":"product","2":"type-product","3":"status-publish","4":"has-post-thumbnail","6":"product_cat-alawar-hu","7":"product_cat-csarnokok","8":"product_cat-jatekok-szimulatorok","9":"product_cat-kaland-jatekok","10":"product_cat-rpg-k","11":"desktop-align-left","12":"tablet-align-left","13":"mobile-align-left","15":"first","16":"instock","17":"virtual","18":"purchasable","19":"product-type-simple"},"acf":[],"yoast_head":"<!-- This site is optimized with the Yoast SEO Premium plugin v27.5 (Yoast SEO v27.5) - https:\/\/yoast.com\/product\/yoast-seo-premium-wordpress\/ -->\n<title>Beholder - Prismagamers.com<\/title>\n<meta name=\"description\" content=\"A Beholderben egy h\u00e1zvezet\u0151 szerep\u00e9t t\u00f6lt\u00f6d be egy elnyom\u00f3 diszt\u00f3pi\u00e1ban, ahol a totalit\u00e1rius \u00e1llam az \u00e9let minden ter\u00fclet\u00e9t ellen\u0151rzi. Hallgat\u00f3zz, kutass \u00e1t szob\u00e1kat, \u00e9s hozz erk\u00f6lcsileg kih\u00edv\u00e1st jelent\u0151 d\u00f6nt\u00e9seket, amelyek a lak\u00f3k \u00e9s a k\u00f6r\u00fcl\u00f6tted l\u00e9v\u0151 vil\u00e1g sors\u00e1t alak\u00edtj\u00e1k. Meg\u0151rz\u00f6d-e embers\u00e9gedet az elnyom\u00e1ssal szemben, vagy megadod magad a hatalom s\u00f6t\u00e9t oldal\u00e1nak?  \ud83c\udf0d Glob\u00e1lis \u2699\ufe0f Steam \ud83d\udddd Digit\u00e1lis kulcs\" \/>\n<meta name=\"robots\" content=\"index, follow, max-snippet:-1, max-image-preview:large, max-video-preview:-1\" \/>\n<link rel=\"canonical\" href=\"https:\/\/prismagamers.com\/hu\/produkt\/beholder\/\" \/>\n<meta property=\"og:locale\" content=\"hu_HU\" \/>\n<meta property=\"og:type\" content=\"article\" \/>\n<meta property=\"og:title\" content=\"Beholder\" \/>\n<meta property=\"og:description\" content=\"A Beholderben egy h\u00e1zvezet\u0151 szerep\u00e9t t\u00f6lt\u00f6d be egy elnyom\u00f3 diszt\u00f3pi\u00e1ban, ahol a totalit\u00e1rius \u00e1llam az \u00e9let minden ter\u00fclet\u00e9t ellen\u0151rzi. Hallgat\u00f3zz, kutass \u00e1t szob\u00e1kat, \u00e9s hozz erk\u00f6lcsileg kih\u00edv\u00e1st jelent\u0151 d\u00f6nt\u00e9seket, amelyek a lak\u00f3k \u00e9s a k\u00f6r\u00fcl\u00f6tted l\u00e9v\u0151 vil\u00e1g sors\u00e1t alak\u00edtj\u00e1k. Meg\u0151rz\u00f6d-e embers\u00e9gedet az elnyom\u00e1ssal szemben, vagy megadod magad a hatalom s\u00f6t\u00e9t oldal\u00e1nak?  \ud83c\udf0d Glob\u00e1lis \u2699\ufe0f Steam \ud83d\udddd Digit\u00e1lis kulcs\" \/>\n<meta property=\"og:url\" content=\"https:\/\/prismagamers.com\/hu\/produkt\/beholder\/\" \/>\n<meta property=\"og:site_name\" content=\"Prismagamers.com\" \/>\n<meta property=\"article:publisher\" content=\"https:\/\/www.facebook.com\/prismagamers\" \/>\n<meta property=\"article:modified_time\" content=\"2026-03-04T23:00:30+00:00\" \/>\n<meta property=\"og:image\" content=\"https:\/\/prismagamers.com\/wp-content\/uploads\/2025\/04\/Beholder-e1744403398331.jpg\" \/>\n\t<meta property=\"og:image:width\" content=\"700\" \/>\n\t<meta property=\"og:image:height\" content=\"933\" \/>\n\t<meta property=\"og:image:type\" content=\"image\/jpeg\" \/>\n<meta name=\"twitter:card\" content=\"summary_large_image\" \/>\n<meta name=\"twitter:label1\" content=\"Becs\u00fclt olvas\u00e1si id\u0151\" \/>\n\t<meta name=\"twitter:data1\" content=\"2 perc\" \/>\n<script type=\"application\/ld+json\" class=\"yoast-schema-graph\">{\"@context\":\"https:\\\/\\\/schema.org\",\"@graph\":[{\"@type\":\"WebPage\",\"@id\":\"https:\\\/\\\/prismagamers.com\\\/hu\\\/produkt\\\/beholder\\\/\",\"url\":\"https:\\\/\\\/prismagamers.com\\\/hu\\\/produkt\\\/beholder\\\/\",\"name\":\"Beholder - Prismagamers.com\",\"isPartOf\":{\"@id\":\"https:\\\/\\\/prismagamers.com\\\/hu\\\/#website\"},\"primaryImageOfPage\":{\"@id\":\"https:\\\/\\\/prismagamers.com\\\/hu\\\/produkt\\\/beholder\\\/#primaryimage\"},\"image\":{\"@id\":\"https:\\\/\\\/prismagamers.com\\\/hu\\\/produkt\\\/beholder\\\/#primaryimage\"},\"thumbnailUrl\":\"https:\\\/\\\/prismagamers.com\\\/wp-content\\\/uploads\\\/2025\\\/04\\\/Beholder-e1744403398331.jpg\",\"datePublished\":\"2025-04-11T20:31:57+00:00\",\"dateModified\":\"2026-03-04T23:00:30+00:00\",\"description\":\"A Beholderben egy h\u00e1zvezet\u0151 szerep\u00e9t t\u00f6lt\u00f6d be egy elnyom\u00f3 diszt\u00f3pi\u00e1ban, ahol a totalit\u00e1rius \u00e1llam az \u00e9let minden ter\u00fclet\u00e9t ellen\u0151rzi. Hallgat\u00f3zz, kutass \u00e1t szob\u00e1kat, \u00e9s hozz erk\u00f6lcsileg kih\u00edv\u00e1st jelent\u0151 d\u00f6nt\u00e9seket, amelyek a lak\u00f3k \u00e9s a k\u00f6r\u00fcl\u00f6tted l\u00e9v\u0151 vil\u00e1g sors\u00e1t alak\u00edtj\u00e1k. Meg\u0151rz\u00f6d-e embers\u00e9gedet az elnyom\u00e1ssal szemben, vagy megadod magad a hatalom s\u00f6t\u00e9t oldal\u00e1nak? \ud83c\udf0d Glob\u00e1lis \u2699\ufe0f Steam \ud83d\udddd Digit\u00e1lis kulcs\",\"breadcrumb\":{\"@id\":\"https:\\\/\\\/prismagamers.com\\\/hu\\\/produkt\\\/beholder\\\/#breadcrumb\"},\"inLanguage\":\"hu\",\"potentialAction\":[{\"@type\":\"ReadAction\",\"target\":[\"https:\\\/\\\/prismagamers.com\\\/hu\\\/produkt\\\/beholder\\\/\"]}]},{\"@type\":\"ImageObject\",\"inLanguage\":\"hu\",\"@id\":\"https:\\\/\\\/prismagamers.com\\\/hu\\\/produkt\\\/beholder\\\/#primaryimage\",\"url\":\"https:\\\/\\\/prismagamers.com\\\/wp-content\\\/uploads\\\/2025\\\/04\\\/Beholder-e1744403398331.jpg\",\"contentUrl\":\"https:\\\/\\\/prismagamers.com\\\/wp-content\\\/uploads\\\/2025\\\/04\\\/Beholder-e1744403398331.jpg\",\"width\":700,\"height\":933,\"caption\":\"beholder boxshot\"},{\"@type\":\"BreadcrumbList\",\"@id\":\"https:\\\/\\\/prismagamers.com\\\/hu\\\/produkt\\\/beholder\\\/#breadcrumb\",\"itemListElement\":[{\"@type\":\"ListItem\",\"position\":1,\"name\":\"Strona g\u0142\u00f3wna\",\"item\":\"https:\\\/\\\/prismagamers.com\\\/hu\\\/prismagamers\\\/\"},{\"@type\":\"ListItem\",\"position\":2,\"name\":\"Shop\",\"item\":\"https:\\\/\\\/prismagamers.com\\\/hu\\\/shop\\\/\"},{\"@type\":\"ListItem\",\"position\":3,\"name\":\"Beholder\"}]},{\"@type\":\"WebSite\",\"@id\":\"https:\\\/\\\/prismagamers.com\\\/hu\\\/#website\",\"url\":\"https:\\\/\\\/prismagamers.com\\\/hu\\\/\",\"name\":\"Prismagamers\",\"description\":\"Sklep z grami PC I Sklep klucze Steam\",\"publisher\":{\"@id\":\"https:\\\/\\\/prismagamers.com\\\/hu\\\/#organization\"},\"potentialAction\":[{\"@type\":\"SearchAction\",\"target\":{\"@type\":\"EntryPoint\",\"urlTemplate\":\"https:\\\/\\\/prismagamers.com\\\/hu\\\/?s={search_term_string}\"},\"query-input\":{\"@type\":\"PropertyValueSpecification\",\"valueRequired\":true,\"valueName\":\"search_term_string\"}}],\"inLanguage\":\"hu\"},{\"@type\":\"Organization\",\"@id\":\"https:\\\/\\\/prismagamers.com\\\/hu\\\/#organization\",\"name\":\"Prismagamers\",\"url\":\"https:\\\/\\\/prismagamers.com\\\/hu\\\/\",\"logo\":{\"@type\":\"ImageObject\",\"inLanguage\":\"hu\",\"@id\":\"https:\\\/\\\/prismagamers.com\\\/hu\\\/#\\\/schema\\\/logo\\\/image\\\/\",\"url\":\"https:\\\/\\\/prismagamers.com\\\/wp-content\\\/uploads\\\/2022\\\/04\\\/cropped-logo-Prismagamers-01-scaled-1.jpg\",\"contentUrl\":\"https:\\\/\\\/prismagamers.com\\\/wp-content\\\/uploads\\\/2022\\\/04\\\/cropped-logo-Prismagamers-01-scaled-1.jpg\",\"width\":512,\"height\":512,\"caption\":\"Prismagamers\"},\"image\":{\"@id\":\"https:\\\/\\\/prismagamers.com\\\/hu\\\/#\\\/schema\\\/logo\\\/image\\\/\"},\"sameAs\":[\"https:\\\/\\\/www.facebook.com\\\/prismagamers\",\"https:\\\/\\\/www.instagram.com\\\/prismagamers_grycyfrowe\\\/\"],\"description\":\"Prismagamers.com to dynamiczny sklep z grami cyfrowymi, stworzony z my\u015bl\u0105 o entuzjastach gier wideo. Nasza strona oferuje szerok\u0105 gam\u0119 gier komputerowych, w tym najnowsze tytu\u0142y, dobrze znane klasyki oraz gry stworzone przez niezale\u017cne studia Ca\u0142y czas d\u0105\u017cymy do rozszerzenia naszej oferty. Do\u0142\u0105cz do nas i sta\u0144 si\u0119 cz\u0119\u015bci\u0105 naszej rosn\u0105cej spo\u0142eczno\u015bci graczy!\",\"email\":\"shop@prismagamers.com\",\"telephone\":\"48795541705\",\"legalName\":\"East Caravan Maksym \u017bukow\",\"foundingDate\":\"2012-05-10\",\"vatID\":\"PL8943038612\",\"taxID\":\"PL8943038612\",\"numberOfEmployees\":{\"@type\":\"QuantitativeValue\",\"minValue\":\"11\",\"maxValue\":\"50\"}}]}<\/script>\n<!-- \/ Yoast SEO Premium plugin. -->","yoast_head_json":{"title":"Beholder - Prismagamers.com","description":"A Beholderben egy h\u00e1zvezet\u0151 szerep\u00e9t t\u00f6lt\u00f6d be egy elnyom\u00f3 diszt\u00f3pi\u00e1ban, ahol a totalit\u00e1rius \u00e1llam az \u00e9let minden ter\u00fclet\u00e9t ellen\u0151rzi. Hallgat\u00f3zz, kutass \u00e1t szob\u00e1kat, \u00e9s hozz erk\u00f6lcsileg kih\u00edv\u00e1st jelent\u0151 d\u00f6nt\u00e9seket, amelyek a lak\u00f3k \u00e9s a k\u00f6r\u00fcl\u00f6tted l\u00e9v\u0151 vil\u00e1g sors\u00e1t alak\u00edtj\u00e1k. Meg\u0151rz\u00f6d-e embers\u00e9gedet az elnyom\u00e1ssal szemben, vagy megadod magad a hatalom s\u00f6t\u00e9t oldal\u00e1nak?  \ud83c\udf0d Glob\u00e1lis \u2699\ufe0f Steam \ud83d\udddd Digit\u00e1lis kulcs","robots":{"index":"index","follow":"follow","max-snippet":"max-snippet:-1","max-image-preview":"max-image-preview:large","max-video-preview":"max-video-preview:-1"},"canonical":"https:\/\/prismagamers.com\/hu\/produkt\/beholder\/","og_locale":"hu_HU","og_type":"article","og_title":"Beholder","og_description":"A Beholderben egy h\u00e1zvezet\u0151 szerep\u00e9t t\u00f6lt\u00f6d be egy elnyom\u00f3 diszt\u00f3pi\u00e1ban, ahol a totalit\u00e1rius \u00e1llam az \u00e9let minden ter\u00fclet\u00e9t ellen\u0151rzi. Hallgat\u00f3zz, kutass \u00e1t szob\u00e1kat, \u00e9s hozz erk\u00f6lcsileg kih\u00edv\u00e1st jelent\u0151 d\u00f6nt\u00e9seket, amelyek a lak\u00f3k \u00e9s a k\u00f6r\u00fcl\u00f6tted l\u00e9v\u0151 vil\u00e1g sors\u00e1t alak\u00edtj\u00e1k. Meg\u0151rz\u00f6d-e embers\u00e9gedet az elnyom\u00e1ssal szemben, vagy megadod magad a hatalom s\u00f6t\u00e9t oldal\u00e1nak?  \ud83c\udf0d Glob\u00e1lis \u2699\ufe0f Steam \ud83d\udddd Digit\u00e1lis kulcs","og_url":"https:\/\/prismagamers.com\/hu\/produkt\/beholder\/","og_site_name":"Prismagamers.com","article_publisher":"https:\/\/www.facebook.com\/prismagamers","article_modified_time":"2026-03-04T23:00:30+00:00","og_image":[{"width":700,"height":933,"url":"https:\/\/prismagamers.com\/wp-content\/uploads\/2025\/04\/Beholder-e1744403398331.jpg","type":"image\/jpeg"}],"twitter_card":"summary_large_image","twitter_misc":{"Becs\u00fclt olvas\u00e1si id\u0151":"2 perc"},"schema":{"@context":"https:\/\/schema.org","@graph":[{"@type":"WebPage","@id":"https:\/\/prismagamers.com\/hu\/produkt\/beholder\/","url":"https:\/\/prismagamers.com\/hu\/produkt\/beholder\/","name":"Beholder - Prismagamers.com","isPartOf":{"@id":"https:\/\/prismagamers.com\/hu\/#website"},"primaryImageOfPage":{"@id":"https:\/\/prismagamers.com\/hu\/produkt\/beholder\/#primaryimage"},"image":{"@id":"https:\/\/prismagamers.com\/hu\/produkt\/beholder\/#primaryimage"},"thumbnailUrl":"https:\/\/prismagamers.com\/wp-content\/uploads\/2025\/04\/Beholder-e1744403398331.jpg","datePublished":"2025-04-11T20:31:57+00:00","dateModified":"2026-03-04T23:00:30+00:00","description":"A Beholderben egy h\u00e1zvezet\u0151 szerep\u00e9t t\u00f6lt\u00f6d be egy elnyom\u00f3 diszt\u00f3pi\u00e1ban, ahol a totalit\u00e1rius \u00e1llam az \u00e9let minden ter\u00fclet\u00e9t ellen\u0151rzi. Hallgat\u00f3zz, kutass \u00e1t szob\u00e1kat, \u00e9s hozz erk\u00f6lcsileg kih\u00edv\u00e1st jelent\u0151 d\u00f6nt\u00e9seket, amelyek a lak\u00f3k \u00e9s a k\u00f6r\u00fcl\u00f6tted l\u00e9v\u0151 vil\u00e1g sors\u00e1t alak\u00edtj\u00e1k. Meg\u0151rz\u00f6d-e embers\u00e9gedet az elnyom\u00e1ssal szemben, vagy megadod magad a hatalom s\u00f6t\u00e9t oldal\u00e1nak? \ud83c\udf0d Glob\u00e1lis \u2699\ufe0f Steam \ud83d\udddd Digit\u00e1lis kulcs","breadcrumb":{"@id":"https:\/\/prismagamers.com\/hu\/produkt\/beholder\/#breadcrumb"},"inLanguage":"hu","potentialAction":[{"@type":"ReadAction","target":["https:\/\/prismagamers.com\/hu\/produkt\/beholder\/"]}]},{"@type":"ImageObject","inLanguage":"hu","@id":"https:\/\/prismagamers.com\/hu\/produkt\/beholder\/#primaryimage","url":"https:\/\/prismagamers.com\/wp-content\/uploads\/2025\/04\/Beholder-e1744403398331.jpg","contentUrl":"https:\/\/prismagamers.com\/wp-content\/uploads\/2025\/04\/Beholder-e1744403398331.jpg","width":700,"height":933,"caption":"beholder boxshot"},{"@type":"BreadcrumbList","@id":"https:\/\/prismagamers.com\/hu\/produkt\/beholder\/#breadcrumb","itemListElement":[{"@type":"ListItem","position":1,"name":"Strona g\u0142\u00f3wna","item":"https:\/\/prismagamers.com\/hu\/prismagamers\/"},{"@type":"ListItem","position":2,"name":"Shop","item":"https:\/\/prismagamers.com\/hu\/shop\/"},{"@type":"ListItem","position":3,"name":"Beholder"}]},{"@type":"WebSite","@id":"https:\/\/prismagamers.com\/hu\/#website","url":"https:\/\/prismagamers.com\/hu\/","name":"Prismagamers","description":"Sklep z grami PC I Sklep klucze Steam","publisher":{"@id":"https:\/\/prismagamers.com\/hu\/#organization"},"potentialAction":[{"@type":"SearchAction","target":{"@type":"EntryPoint","urlTemplate":"https:\/\/prismagamers.com\/hu\/?s={search_term_string}"},"query-input":{"@type":"PropertyValueSpecification","valueRequired":true,"valueName":"search_term_string"}}],"inLanguage":"hu"},{"@type":"Organization","@id":"https:\/\/prismagamers.com\/hu\/#organization","name":"Prismagamers","url":"https:\/\/prismagamers.com\/hu\/","logo":{"@type":"ImageObject","inLanguage":"hu","@id":"https:\/\/prismagamers.com\/hu\/#\/schema\/logo\/image\/","url":"https:\/\/prismagamers.com\/wp-content\/uploads\/2022\/04\/cropped-logo-Prismagamers-01-scaled-1.jpg","contentUrl":"https:\/\/prismagamers.com\/wp-content\/uploads\/2022\/04\/cropped-logo-Prismagamers-01-scaled-1.jpg","width":512,"height":512,"caption":"Prismagamers"},"image":{"@id":"https:\/\/prismagamers.com\/hu\/#\/schema\/logo\/image\/"},"sameAs":["https:\/\/www.facebook.com\/prismagamers","https:\/\/www.instagram.com\/prismagamers_grycyfrowe\/"],"description":"Prismagamers.com to dynamiczny sklep z grami cyfrowymi, stworzony z my\u015bl\u0105 o entuzjastach gier wideo. Nasza strona oferuje szerok\u0105 gam\u0119 gier komputerowych, w tym najnowsze tytu\u0142y, dobrze znane klasyki oraz gry stworzone przez niezale\u017cne studia Ca\u0142y czas d\u0105\u017cymy do rozszerzenia naszej oferty. Do\u0142\u0105cz do nas i sta\u0144 si\u0119 cz\u0119\u015bci\u0105 naszej rosn\u0105cej spo\u0142eczno\u015bci graczy!","email":"shop@prismagamers.com","telephone":"48795541705","legalName":"East Caravan Maksym \u017bukow","foundingDate":"2012-05-10","vatID":"PL8943038612","taxID":"PL8943038612","numberOfEmployees":{"@type":"QuantitativeValue","minValue":"11","maxValue":"50"}}]}},"_links":{"self":[{"href":"https:\/\/prismagamers.com\/hu\/wp-json\/wp\/v2\/product\/36017","targetHints":{"allow":["GET"]}}],"collection":[{"href":"https:\/\/prismagamers.com\/hu\/wp-json\/wp\/v2\/product"}],"about":[{"href":"https:\/\/prismagamers.com\/hu\/wp-json\/wp\/v2\/types\/product"}],"wp:featuredmedia":[{"embeddable":true,"href":"https:\/\/prismagamers.com\/hu\/wp-json\/wp\/v2\/media\/36008"}],"wp:attachment":[{"href":"https:\/\/prismagamers.com\/hu\/wp-json\/wp\/v2\/media?parent=36017"}],"wp:term":[{"taxonomy":"product_brand","embeddable":true,"href":"https:\/\/prismagamers.com\/hu\/wp-json\/wp\/v2\/product_brand?post=36017"},{"taxonomy":"product_cat","embeddable":true,"href":"https:\/\/prismagamers.com\/hu\/wp-json\/wp\/v2\/product_cat?post=36017"},{"taxonomy":"product_tag","embeddable":true,"href":"https:\/\/prismagamers.com\/hu\/wp-json\/wp\/v2\/product_tag?post=36017"}],"curies":[{"name":"wp","href":"https:\/\/api.w.org\/{rel}","templated":true}]}}